{"id":4,"date":"2025-09-09T14:27:50","date_gmt":"2025-09-09T12:27:50","guid":{"rendered":"https:\/\/medicina.udd.cl\/bachillerato-enfermeria-santiago\/?page_id=4"},"modified":"2026-04-22T16:37:48","modified_gmt":"2026-04-22T14:37:48","slug":"inicio","status":"publish","type":"page","link":"https:\/\/medicina.udd.cl\/bachillerato-enfermeria-santiago\/","title":{"rendered":"Bachillerato en Enfermer\u00eda UDD"},"content":{"rendered":"\n<h2 class=\"wp-block-heading has-x-large-font-size\">Admisi\u00f3n Bachillerato en Enfermer\u00eda UDD<\/h2>\n\n\n<div id=\"udd-horizonte\"><\/div>\n<script>\nvar UDD_Horizonte     = UDD_Horizonte || {};\nUDD_Horizonte.id      = 236102;\nUDD_Horizonte.api_url = \"https:\/\/www.udd.cl\/wp-json\/udd-horizontes\/v2\/horizonte\/\";\nUDD_Horizonte.udd_api_base_url = \"https:\/\/www.udd.cl\/wp-json\/\";\n<\/script>\n<script type=\"module\" async src=\"https:\/\/www.udd.cl\/wp-content\/plugins\/udd-horizonte-admision\/dist\/assets\/client.eeb2e5fd.js\"><\/script>\n<link rel=\"stylesheet\" href=\"https:\/\/www.udd.cl\/wp-content\/plugins\/udd-horizonte-admision\/dist\/assets\/client.94e48f72.css\">\n<link rel=\"modulepreload\" href=\"https:\/\/www.udd.cl\/wp-content\/plugins\/udd-horizonte-admision\/dist\/assets\/ContentWeightScores.937624ca.js\">\n<link rel=\"stylesheet\" href=\"https:\/\/www.udd.cl\/wp-content\/plugins\/udd-horizonte-admision\/dist\/assets\/ContentWeightScores.0dc4bc64.css\">\n<link rel=\"modulepreload\" href=\"https:\/\/www.udd.cl\/wp-content\/plugins\/udd-horizonte-admision\/dist\/assets\/ContentMarkdown.46679820.js\">\n<link rel=\"stylesheet\" href=\"https:\/\/www.udd.cl\/wp-content\/plugins\/udd-horizonte-admision\/dist\/assets\/ContentMarkdown.a3aa578d.css\">\n\n\n\n<section class=\"udd-syndicated-events\">\n\t<header class=\"udd-syndicated-events__header\">\n\t\t<h2 class=\"udd-syndicated-events__header-title\">\n\t\t\tEventos de Admisi\u00f3n\t\t<\/h2>\n\t\t\t<\/header>\n\t<div class=\"udd-syndicated-events__events udd-syndicated-events__events--has-1\">\n\t\t\t\t<article class=\"udd-syndicated-event udd-syndicated-event--0 udd-syndicated-event--has-image \">\n\t\t\t\t\t\t\t<a class=\"udd-syndicated-event__image-container\" href=\"https:\/\/www.udd.cl\/eventos\/vive-clinica-alemana-vitacura\/\" rel=\"bookmark noreferer noopener\"  target=&quot;_blank&quot;>\n\t\t\t\t\t<img loading=\"lazy\" decoding=\"async\"  src=\"https:\/\/www.udd.cl\/wp-content\/uploads\/2026\/04\/vive-clinica-alemana-udd-680x382.jpg\" width=\"680\" height=\"320\"  srcset=\"https:\/\/www.udd.cl\/wp-content\/uploads\/2026\/04\/vive-clinica-alemana-udd-680x382.jpg 680w, https:\/\/www.udd.cl\/wp-content\/uploads\/2026\/04\/vive-clinica-alemana-udd-720x461.jpg 720w, https:\/\/www.udd.cl\/wp-content\/uploads\/2026\/04\/vive-clinica-alemana-udd-288x150.jpg 288w\"  sizes=\"auto, (max-width: 680px) 100vw, 680px\"  class=\"udd-syndicated-event__image\" >\t\t\t\t<\/a>\n\t\t\t\t\t\t\t<div class=\"udd-syndicated-event__dates\">\n\t\t\t\t\t\t\t\t<div class=\"udd-syndicated-event__date\">\n\t\t\t\t\t<span class=\"udd-syndicated-event__date-day\">\n\t\t\t\t\t\t16\t\t\t\t\t<\/span>\n\t\t\t\t\t<span class=\"udd-syndicated-event__date-month-year\">\n\t\t\t\t\t\tMay 2026\t\t\t\t\t<\/span>\n\t\t\t\t<\/div>\n\t\t\t\t\t\t\t\t\t\t\t<\/div>\n\t\t\t<div class=\"udd-syndicated-event__content\">\n\t\t\t\t<h3 class=\"udd-syndicated-event__title\">\n\t\t\t\t\t<a href=\"https:\/\/www.udd.cl\/eventos\/vive-clinica-alemana-vitacura\/\" class=\"udd-syndicated-event__title-link\" rel=\"bookmark noreferer noopener\"  target=&quot;_blank&quot;>\n\t\t\t\t\t\tVive Cl\u00ednica Alemana Vitacura\t\t\t\t\t<\/a>\n\t\t\t\t<\/h3>\n\t\t\t\t<div class=\"udd-syndicated-event__data\">\n\t\t\t\t\t\t\t\t\t\t\t\t\t\t\t<!-- Sede(s) -->\n\t\t\t\t\t<div class=\"udd-syndicated-event__locations\">\n\t\t\t\t\t\tSede:\t\t\t\t\t\tSantiago\t\t\t\t\t<\/div>\n\t\t\t\t\t\t\t\t\t<\/div>\n\t\t\t<\/div>\n\t\t<\/article>\n\t\t\t<\/div>\n<\/section>\n","protected":false},"excerpt":{"rendered":"<p>Admisi\u00f3n Bachillerato en Enfermer\u00eda UDD<\/p>\n","protected":false},"author":9192217,"featured_media":0,"parent":0,"menu_order":0,"comment_status":"closed","ping_status":"closed","template":"","meta":{"footnotes":""},"class_list":["post-4","page","type-page","status-publish","hentry"],"yoast_head":"<!-- This site is optimized with the Yoast SEO plugin v26.9 - https:\/\/yoast.com\/product\/yoast-seo-wordpress\/ -->\n<title>Bachillerato en Enfermer\u00eda - Facultad de Medicina Cl\u00ednica Alemana Universidad del Desarrollo<\/title>\n<meta name=\"robots\" content=\"index, follow, max-snippet:-1, max-image-preview:large, max-video-preview:-1\" \/>\n<link rel=\"canonical\" href=\"https:\/\/medicina.udd.cl\/bachillerato-enfermeria-santiago\/\" \/>\n<meta property=\"og:locale\" content=\"es_ES\" \/>\n<meta property=\"og:type\" content=\"article\" \/>\n<meta property=\"og:title\" content=\"Bachillerato en Enfermer\u00eda - Facultad de Medicina Cl\u00ednica Alemana Universidad del Desarrollo\" \/>\n<meta property=\"og:description\" content=\"Admisi\u00f3n Bachillerato en Enfermer\u00eda UDD\" \/>\n<meta property=\"og:url\" content=\"https:\/\/medicina.udd.cl\/bachillerato-enfermeria-santiago\/\" \/>\n<meta property=\"og:site_name\" content=\"Bachillerato en Enfermer\u00eda\" \/>\n<meta property=\"article:modified_time\" content=\"2026-04-22T14:37:48+00:00\" \/>\n<meta name=\"twitter:card\" content=\"summary_large_image\" \/>\n<meta name=\"twitter:label1\" content=\"Tiempo de lectura\" \/>\n\t<meta name=\"twitter:data1\" content=\"1 minuto\" \/>\n<script type=\"application\/ld+json\" class=\"yoast-schema-graph\">{\"@context\":\"https:\/\/schema.org\",\"@graph\":[{\"@type\":\"WebPage\",\"@id\":\"https:\/\/medicina.udd.cl\/bachillerato-enfermeria-santiago\/\",\"url\":\"https:\/\/medicina.udd.cl\/bachillerato-enfermeria-santiago\/\",\"name\":\"Bachillerato en Enfermer\u00eda - Facultad de Medicina Cl\u00ednica Alemana Universidad del Desarrollo\",\"isPartOf\":{\"@id\":\"https:\/\/medicina.udd.cl\/bachillerato-enfermeria-santiago\/#website\"},\"datePublished\":\"2025-09-09T12:27:50+00:00\",\"dateModified\":\"2026-04-22T14:37:48+00:00\",\"breadcrumb\":{\"@id\":\"https:\/\/medicina.udd.cl\/bachillerato-enfermeria-santiago\/#breadcrumb\"},\"inLanguage\":\"es\",\"potentialAction\":[{\"@type\":\"ReadAction\",\"target\":[\"https:\/\/medicina.udd.cl\/bachillerato-enfermeria-santiago\/\"]}]},{\"@type\":\"BreadcrumbList\",\"@id\":\"https:\/\/medicina.udd.cl\/bachillerato-enfermeria-santiago\/#breadcrumb\",\"itemListElement\":[{\"@type\":\"ListItem\",\"position\":1,\"name\":\"Portada\",\"item\":\"https:\/\/medicina.udd.cl\/bachillerato-enfermeria-santiago\/\"},{\"@type\":\"ListItem\",\"position\":2,\"name\":\"Bachillerato en Enfermer\u00eda UDD\"}]},{\"@type\":\"WebSite\",\"@id\":\"https:\/\/medicina.udd.cl\/bachillerato-enfermeria-santiago\/#website\",\"url\":\"https:\/\/medicina.udd.cl\/bachillerato-enfermeria-santiago\/\",\"name\":\"Bachillerato en Enfermer\u00eda\",\"description\":\"Facultad de Medicina Cl\u00ednica Alemana Universidad del Desarrollo\",\"inLanguage\":\"es\"}]}<\/script>\n<!-- \/ Yoast SEO plugin. -->","yoast_head_json":{"title":"Bachillerato en Enfermer\u00eda - Facultad de Medicina Cl\u00ednica Alemana Universidad del Desarrollo","robots":{"index":"index","follow":"follow","max-snippet":"max-snippet:-1","max-image-preview":"max-image-preview:large","max-video-preview":"max-video-preview:-1"},"canonical":"https:\/\/medicina.udd.cl\/bachillerato-enfermeria-santiago\/","og_locale":"es_ES","og_type":"article","og_title":"Bachillerato en Enfermer\u00eda - Facultad de Medicina Cl\u00ednica Alemana Universidad del Desarrollo","og_description":"Admisi\u00f3n Bachillerato en Enfermer\u00eda UDD","og_url":"https:\/\/medicina.udd.cl\/bachillerato-enfermeria-santiago\/","og_site_name":"Bachillerato en Enfermer\u00eda","article_modified_time":"2026-04-22T14:37:48+00:00","twitter_card":"summary_large_image","twitter_misc":{"Tiempo de lectura":"1 minuto"},"schema":{"@context":"https:\/\/schema.org","@graph":[{"@type":"WebPage","@id":"https:\/\/medicina.udd.cl\/bachillerato-enfermeria-santiago\/","url":"https:\/\/medicina.udd.cl\/bachillerato-enfermeria-santiago\/","name":"Bachillerato en Enfermer\u00eda - Facultad de Medicina Cl\u00ednica Alemana Universidad del Desarrollo","isPartOf":{"@id":"https:\/\/medicina.udd.cl\/bachillerato-enfermeria-santiago\/#website"},"datePublished":"2025-09-09T12:27:50+00:00","dateModified":"2026-04-22T14:37:48+00:00","breadcrumb":{"@id":"https:\/\/medicina.udd.cl\/bachillerato-enfermeria-santiago\/#breadcrumb"},"inLanguage":"es","potentialAction":[{"@type":"ReadAction","target":["https:\/\/medicina.udd.cl\/bachillerato-enfermeria-santiago\/"]}]},{"@type":"BreadcrumbList","@id":"https:\/\/medicina.udd.cl\/bachillerato-enfermeria-santiago\/#breadcrumb","itemListElement":[{"@type":"ListItem","position":1,"name":"Portada","item":"https:\/\/medicina.udd.cl\/bachillerato-enfermeria-santiago\/"},{"@type":"ListItem","position":2,"name":"Bachillerato en Enfermer\u00eda UDD"}]},{"@type":"WebSite","@id":"https:\/\/medicina.udd.cl\/bachillerato-enfermeria-santiago\/#website","url":"https:\/\/medicina.udd.cl\/bachillerato-enfermeria-santiago\/","name":"Bachillerato en Enfermer\u00eda","description":"Facultad de Medicina Cl\u00ednica Alemana Universidad del Desarrollo","inLanguage":"es"}]}},"_links":{"self":[{"href":"https:\/\/medicina.udd.cl\/bachillerato-enfermeria-santiago\/wp-json\/wp\/v2\/pages\/4","targetHints":{"allow":["GET"]}}],"collection":[{"href":"https:\/\/medicina.udd.cl\/bachillerato-enfermeria-santiago\/wp-json\/wp\/v2\/pages"}],"about":[{"href":"https:\/\/medicina.udd.cl\/bachillerato-enfermeria-santiago\/wp-json\/wp\/v2\/types\/page"}],"author":[{"embeddable":true,"href":"https:\/\/medicina.udd.cl\/bachillerato-enfermeria-santiago\/wp-json\/wp\/v2\/users\/9192217"}],"replies":[{"embeddable":true,"href":"https:\/\/medicina.udd.cl\/bachillerato-enfermeria-santiago\/wp-json\/wp\/v2\/comments?post=4"}],"version-history":[{"count":14,"href":"https:\/\/medicina.udd.cl\/bachillerato-enfermeria-santiago\/wp-json\/wp\/v2\/pages\/4\/revisions"}],"predecessor-version":[{"id":74,"href":"https:\/\/medicina.udd.cl\/bachillerato-enfermeria-santiago\/wp-json\/wp\/v2\/pages\/4\/revisions\/74"}],"wp:attachment":[{"href":"https:\/\/medicina.udd.cl\/bachillerato-enfermeria-santiago\/wp-json\/wp\/v2\/media?parent=4"}],"curies":[{"name":"wp","href":"https:\/\/api.w.org\/{rel}","templated":true}]}}