{"id":39,"date":"2025-06-17T16:03:41","date_gmt":"2025-06-17T20:03:41","guid":{"rendered":"https:\/\/medicina.udd.cl\/casev\/?page_id=39"},"modified":"2025-06-17T16:03:42","modified_gmt":"2025-06-17T20:03:42","slug":"que-hacemos","status":"publish","type":"page","link":"https:\/\/medicina.udd.cl\/casev\/que-hacemos\/","title":{"rendered":"Qu\u00e9 hacemos"},"content":{"rendered":"\n<p>Docencia, Investigaci\u00f3n, Extensi\u00f3n, Intervenciones.<\/p>\n","protected":false},"excerpt":{"rendered":"<p>Docencia, Investigaci\u00f3n, Extensi\u00f3n, Intervenciones.<\/p>\n","protected":false},"author":9192254,"featured_media":0,"parent":0,"menu_order":0,"comment_status":"closed","ping_status":"closed","template":"","meta":{"footnotes":""},"class_list":["post-39","page","type-page","status-publish","hentry"],"yoast_head":"<!-- This site is optimized with the Yoast SEO plugin v26.9 - https:\/\/yoast.com\/product\/yoast-seo-wordpress\/ -->\n<title>Qu\u00e9 hacemos - Centro Acad\u00e9mico de Salud y Estilos de Vida<\/title>\n<meta name=\"robots\" content=\"index, follow, max-snippet:-1, max-image-preview:large, max-video-preview:-1\" \/>\n<link rel=\"canonical\" href=\"https:\/\/medicina.udd.cl\/casev\/que-hacemos\/\" \/>\n<meta property=\"og:locale\" content=\"es_ES\" \/>\n<meta property=\"og:type\" content=\"article\" \/>\n<meta property=\"og:title\" content=\"Qu\u00e9 hacemos - Centro Acad\u00e9mico de Salud y Estilos de Vida\" \/>\n<meta property=\"og:description\" content=\"Docencia, Investigaci\u00f3n, Extensi\u00f3n, Intervenciones.\" \/>\n<meta property=\"og:url\" content=\"https:\/\/medicina.udd.cl\/casev\/que-hacemos\/\" \/>\n<meta property=\"og:site_name\" content=\"Centro Acad\u00e9mico de Salud y Estilos de Vida\" \/>\n<meta property=\"article:modified_time\" content=\"2025-06-17T20:03:42+00:00\" \/>\n<meta name=\"twitter:card\" content=\"summary_large_image\" \/>\n<meta name=\"twitter:label1\" content=\"Tiempo de lectura\" \/>\n\t<meta name=\"twitter:data1\" content=\"1 minuto\" \/>\n<script type=\"application\/ld+json\" class=\"yoast-schema-graph\">{\"@context\":\"https:\/\/schema.org\",\"@graph\":[{\"@type\":\"WebPage\",\"@id\":\"https:\/\/medicina.udd.cl\/casev\/que-hacemos\/\",\"url\":\"https:\/\/medicina.udd.cl\/casev\/que-hacemos\/\",\"name\":\"Qu\u00e9 hacemos - Centro Acad\u00e9mico de Salud y Estilos de Vida\",\"isPartOf\":{\"@id\":\"https:\/\/medicina.udd.cl\/casev\/#website\"},\"datePublished\":\"2025-06-17T20:03:41+00:00\",\"dateModified\":\"2025-06-17T20:03:42+00:00\",\"breadcrumb\":{\"@id\":\"https:\/\/medicina.udd.cl\/casev\/que-hacemos\/#breadcrumb\"},\"inLanguage\":\"es\",\"potentialAction\":[{\"@type\":\"ReadAction\",\"target\":[\"https:\/\/medicina.udd.cl\/casev\/que-hacemos\/\"]}]},{\"@type\":\"BreadcrumbList\",\"@id\":\"https:\/\/medicina.udd.cl\/casev\/que-hacemos\/#breadcrumb\",\"itemListElement\":[{\"@type\":\"ListItem\",\"position\":1,\"name\":\"Portada\",\"item\":\"https:\/\/medicina.udd.cl\/casev\/\"},{\"@type\":\"ListItem\",\"position\":2,\"name\":\"Qu\u00e9 hacemos\"}]},{\"@type\":\"WebSite\",\"@id\":\"https:\/\/medicina.udd.cl\/casev\/#website\",\"url\":\"https:\/\/medicina.udd.cl\/casev\/\",\"name\":\"Centro Acad\u00e9mico de Salud y Estilos de Vida\",\"description\":\"\",\"inLanguage\":\"es\"}]}<\/script>\n<!-- \/ Yoast SEO plugin. -->","yoast_head_json":{"title":"Qu\u00e9 hacemos - Centro Acad\u00e9mico de Salud y Estilos de Vida","robots":{"index":"index","follow":"follow","max-snippet":"max-snippet:-1","max-image-preview":"max-image-preview:large","max-video-preview":"max-video-preview:-1"},"canonical":"https:\/\/medicina.udd.cl\/casev\/que-hacemos\/","og_locale":"es_ES","og_type":"article","og_title":"Qu\u00e9 hacemos - Centro Acad\u00e9mico de Salud y Estilos de Vida","og_description":"Docencia, Investigaci\u00f3n, Extensi\u00f3n, Intervenciones.","og_url":"https:\/\/medicina.udd.cl\/casev\/que-hacemos\/","og_site_name":"Centro Acad\u00e9mico de Salud y Estilos de Vida","article_modified_time":"2025-06-17T20:03:42+00:00","twitter_card":"summary_large_image","twitter_misc":{"Tiempo de lectura":"1 minuto"},"schema":{"@context":"https:\/\/schema.org","@graph":[{"@type":"WebPage","@id":"https:\/\/medicina.udd.cl\/casev\/que-hacemos\/","url":"https:\/\/medicina.udd.cl\/casev\/que-hacemos\/","name":"Qu\u00e9 hacemos - Centro Acad\u00e9mico de Salud y Estilos de Vida","isPartOf":{"@id":"https:\/\/medicina.udd.cl\/casev\/#website"},"datePublished":"2025-06-17T20:03:41+00:00","dateModified":"2025-06-17T20:03:42+00:00","breadcrumb":{"@id":"https:\/\/medicina.udd.cl\/casev\/que-hacemos\/#breadcrumb"},"inLanguage":"es","potentialAction":[{"@type":"ReadAction","target":["https:\/\/medicina.udd.cl\/casev\/que-hacemos\/"]}]},{"@type":"BreadcrumbList","@id":"https:\/\/medicina.udd.cl\/casev\/que-hacemos\/#breadcrumb","itemListElement":[{"@type":"ListItem","position":1,"name":"Portada","item":"https:\/\/medicina.udd.cl\/casev\/"},{"@type":"ListItem","position":2,"name":"Qu\u00e9 hacemos"}]},{"@type":"WebSite","@id":"https:\/\/medicina.udd.cl\/casev\/#website","url":"https:\/\/medicina.udd.cl\/casev\/","name":"Centro Acad\u00e9mico de Salud y Estilos de Vida","description":"","inLanguage":"es"}]}},"_links":{"self":[{"href":"https:\/\/medicina.udd.cl\/casev\/wp-json\/wp\/v2\/pages\/39","targetHints":{"allow":["GET"]}}],"collection":[{"href":"https:\/\/medicina.udd.cl\/casev\/wp-json\/wp\/v2\/pages"}],"about":[{"href":"https:\/\/medicina.udd.cl\/casev\/wp-json\/wp\/v2\/types\/page"}],"author":[{"embeddable":true,"href":"https:\/\/medicina.udd.cl\/casev\/wp-json\/wp\/v2\/users\/9192254"}],"replies":[{"embeddable":true,"href":"https:\/\/medicina.udd.cl\/casev\/wp-json\/wp\/v2\/comments?post=39"}],"version-history":[{"count":1,"href":"https:\/\/medicina.udd.cl\/casev\/wp-json\/wp\/v2\/pages\/39\/revisions"}],"predecessor-version":[{"id":40,"href":"https:\/\/medicina.udd.cl\/casev\/wp-json\/wp\/v2\/pages\/39\/revisions\/40"}],"wp:attachment":[{"href":"https:\/\/medicina.udd.cl\/casev\/wp-json\/wp\/v2\/media?parent=39"}],"curies":[{"name":"wp","href":"https:\/\/api.w.org\/{rel}","templated":true}]}}