{"id":12,"date":"2010-08-18T12:50:00","date_gmt":"2010-08-18T16:50:00","guid":{"rendered":"http:\/\/medicina.udd.cl\/centro-alumnos-medicina\/sobre-la-carrera\/perfil-del-alumno\/"},"modified":"2011-02-28T22:23:40","modified_gmt":"2011-03-01T01:23:40","slug":"perfil-del-alumno","status":"publish","type":"page","link":"https:\/\/medicina.udd.cl\/centro-alumnos-medicina\/sobre-la-carrera\/perfil-del-alumno\/","title":{"rendered":"Proyectos realizados 2010"},"content":{"rendered":"<p>Los siguientes son proyectos y actividades realizadas durante el a\u00f1o 2010. A medida que se vayan realizando los proyectos de este a\u00f1o, se ir\u00e1n agregando<\/p>\n<p><strong>&#8211; Plan de ayuda a Iloca<\/strong>: el centro de alumnos, motivado por ayudar a los que lo necesitaban, coordin\u00f3 a la universidad con la Cl\u00ednica Alemana para ir en ayuda de esta comunidad devastada por el terremoto del 27 de febrero. Los d\u00edas 3 y 4 de marzo se trasladaron dos grupos, a cargo del Dr. Schiller, los cuales llevaron atenci\u00f3n m\u00e9dica, insumos y ayuda humanitaria.<\/p>\n<p><strong>&#8211; Tocata Facultad de Medicina: <\/strong>encargada de reunir diversos talentos en los alumnos de nuestra facultad. Agrup\u00f3 a gran parte del alumnado, para presenciar un espect\u00e1culo entretenido y de alto valor cultural.<\/p>\n<p><strong>&#8211; Seminario ACP Chile: <\/strong>el centro de alumnos de medicina organiz\u00f3, junto a ACP Chile, el seminario \u00abcoloquio con el profesor\u00bb, donde participaron destacados expositores de \u00e1reas de b\u00fasqueda de informaci\u00f3n en medicina e integraci\u00f3n con las tecnolog\u00edas de hoy.<\/p>\n<p><strong>&#8211; Ayuda a trabajos de invierno: <\/strong>el centro de alumnos particip\u00f3 activamente en los trabajos sociales de inviernos organizados por la UDD en localidades del sur, durante las vacaciones de invierno.<\/p>\n<p><strong>&#8211; Carpa mundialera UDD: <\/strong>el centro de alumnos, junto a otros participantes, ayud\u00f3 a organizar y mantener durante los d\u00edas del mundial de Sud\u00e1frica 2010, la carpa mundialera del Campus Fray Le\u00f3n. Se logr\u00f3 una gran participaci\u00f3n por parte de alumnos de todas las carreras.<\/p>\n<p><strong>&#8211; Intervenci\u00f3n comunidad de inmigrantes CAM-INCAMI: <\/strong>el centro de alumnos organiz\u00f3 un operativo de salud en ayuda de inmigrantes en Santiago, junto al Instituto Cat\u00f3lico Chileno de Migraci\u00f3n. El operativo fue un \u00e9xito, al atender a muchas personas sin cobertura de salud, detectando patolog\u00edas existentes y vinculando a alumnos de diversos cursos y carreras de la Facultad de Medicina.<\/p>\n<p><strong>&#8211; Segunda tocata: <\/strong>se llev\u00f3 a cabo la segunda tocata, esta vez con grupos de Medicina, Odontolog\u00eda y otras carreras de la Facultad. Hubo gran convocatoria, en donde se pas\u00f3 un grato momento, escuchando buena m\u00fasica y compartiendo con estudiantes, profesores, etc.<\/p>\n<p><strong>&#8211; Paseo Facultad de Medicina: <\/strong>el centro de alumnos, junto a otras carreras, organiz\u00f3 el paseo de toda la Facultad de Medicina a Isla de Maipo. Como ya es tradici\u00f3n, muchos fueron al paseo. Se pas\u00f3 un gran momento, con asados, m\u00fasica y la gente que se ve d\u00eda a d\u00eda, pero en un contexto relajado y de compa\u00f1erismo.<\/p>\n<p><strong>&#8211; Gala de Medicina<\/strong>: se organiz\u00f3 la primera gala de la carrera, la cual tuvo alta concurrencia, de alumnos y profesores. Se realiz\u00f3 en el Club M\u00e9dico, en donde todos disfrutaron de una velada incre\u00edble, buena m\u00fasica y compa\u00f1\u00eda.<\/p>\n<p><strong>&#8211; Seminario vinculaci\u00f3n con el medio<\/strong>: para egresados de medicina y alumnos de \u00faltimos a\u00f1os. Asisti\u00f3 gran n\u00famero de personas de diversas universidades, en donde se les explic\u00f3 las posibilidades de especializaci\u00f3n y trabajo a nivel nacional e internacional. Participaron grandes autoridades de diversas casas de estudio, el colegio m\u00e9dico y el MINSAL.<\/p>\n","protected":false},"excerpt":{"rendered":"<p>Los siguientes son proyectos y actividades realizadas durante el a\u00f1o 2010. A medida que se vayan realizando los proyectos de este a\u00f1o, se ir\u00e1n agregando &#8211; Plan de ayuda a Iloca: el centro de alumnos, motivado por ayudar a los que lo necesitaban, coordin\u00f3 a la universidad con la Cl\u00ednica Alemana para ir en ayuda [&hellip;]<\/p>\n","protected":false},"author":47,"featured_media":0,"parent":3,"menu_order":3,"comment_status":"open","ping_status":"open","template":"","meta":{"footnotes":""},"class_list":["post-12","page","type-page","status-publish","hentry"],"yoast_head":"<!-- This site is optimized with the Yoast SEO plugin v26.9 - https:\/\/yoast.com\/product\/yoast-seo-wordpress\/ -->\n<title>Proyectos realizados 2010 - Centro de Alumnos de Medicina<\/title>\n<meta name=\"robots\" content=\"index, follow, max-snippet:-1, max-image-preview:large, max-video-preview:-1\" \/>\n<link rel=\"canonical\" href=\"https:\/\/medicina.udd.cl\/centro-alumnos-medicina\/sobre-la-carrera\/perfil-del-alumno\/\" \/>\n<meta property=\"og:locale\" content=\"es_ES\" \/>\n<meta property=\"og:type\" content=\"article\" \/>\n<meta property=\"og:title\" content=\"Proyectos realizados 2010 - Centro de Alumnos de Medicina\" \/>\n<meta property=\"og:description\" content=\"Los siguientes son proyectos y actividades realizadas durante el a\u00f1o 2010. A medida que se vayan realizando los proyectos de este a\u00f1o, se ir\u00e1n agregando &#8211; Plan de ayuda a Iloca: el centro de alumnos, motivado por ayudar a los que lo necesitaban, coordin\u00f3 a la universidad con la Cl\u00ednica Alemana para ir en ayuda [&hellip;]\" \/>\n<meta property=\"og:url\" content=\"https:\/\/medicina.udd.cl\/centro-alumnos-medicina\/sobre-la-carrera\/perfil-del-alumno\/\" \/>\n<meta property=\"og:site_name\" content=\"Centro de Alumnos de Medicina\" \/>\n<meta property=\"article:modified_time\" content=\"2011-03-01T01:23:40+00:00\" \/>\n<meta name=\"twitter:label1\" content=\"Tiempo de lectura\" \/>\n\t<meta name=\"twitter:data1\" content=\"3 minutos\" \/>\n<script type=\"application\/ld+json\" class=\"yoast-schema-graph\">{\"@context\":\"https:\/\/schema.org\",\"@graph\":[{\"@type\":\"WebPage\",\"@id\":\"https:\/\/medicina.udd.cl\/centro-alumnos-medicina\/sobre-la-carrera\/perfil-del-alumno\/\",\"url\":\"https:\/\/medicina.udd.cl\/centro-alumnos-medicina\/sobre-la-carrera\/perfil-del-alumno\/\",\"name\":\"Proyectos realizados 2010 - Centro de Alumnos de Medicina\",\"isPartOf\":{\"@id\":\"https:\/\/medicina.udd.cl\/centro-alumnos-medicina\/#website\"},\"datePublished\":\"2010-08-18T16:50:00+00:00\",\"dateModified\":\"2011-03-01T01:23:40+00:00\",\"breadcrumb\":{\"@id\":\"https:\/\/medicina.udd.cl\/centro-alumnos-medicina\/sobre-la-carrera\/perfil-del-alumno\/#breadcrumb\"},\"inLanguage\":\"es\",\"potentialAction\":[{\"@type\":\"ReadAction\",\"target\":[\"https:\/\/medicina.udd.cl\/centro-alumnos-medicina\/sobre-la-carrera\/perfil-del-alumno\/\"]}]},{\"@type\":\"BreadcrumbList\",\"@id\":\"https:\/\/medicina.udd.cl\/centro-alumnos-medicina\/sobre-la-carrera\/perfil-del-alumno\/#breadcrumb\",\"itemListElement\":[{\"@type\":\"ListItem\",\"position\":1,\"name\":\"Home\",\"item\":\"https:\/\/medicina.udd.cl\/centro-alumnos-medicina\/\"},{\"@type\":\"ListItem\",\"position\":2,\"name\":\"Sobre el Centro de Estudiantes\",\"item\":\"https:\/\/medicina.udd.cl\/centro-alumnos-medicina\/sobre-la-carrera\/\"},{\"@type\":\"ListItem\",\"position\":3,\"name\":\"Proyectos realizados 2010\"}]},{\"@type\":\"WebSite\",\"@id\":\"https:\/\/medicina.udd.cl\/centro-alumnos-medicina\/#website\",\"url\":\"https:\/\/medicina.udd.cl\/centro-alumnos-medicina\/\",\"name\":\"Centro de Alumnos de Medicina\",\"description\":\"Otro sitio m\u00e1s de Medicina\",\"potentialAction\":[{\"@type\":\"SearchAction\",\"target\":{\"@type\":\"EntryPoint\",\"urlTemplate\":\"https:\/\/medicina.udd.cl\/centro-alumnos-medicina\/?s={search_term_string}\"},\"query-input\":{\"@type\":\"PropertyValueSpecification\",\"valueRequired\":true,\"valueName\":\"search_term_string\"}}],\"inLanguage\":\"es\"}]}<\/script>\n<!-- \/ Yoast SEO plugin. -->","yoast_head_json":{"title":"Proyectos realizados 2010 - Centro de Alumnos de Medicina","robots":{"index":"index","follow":"follow","max-snippet":"max-snippet:-1","max-image-preview":"max-image-preview:large","max-video-preview":"max-video-preview:-1"},"canonical":"https:\/\/medicina.udd.cl\/centro-alumnos-medicina\/sobre-la-carrera\/perfil-del-alumno\/","og_locale":"es_ES","og_type":"article","og_title":"Proyectos realizados 2010 - Centro de Alumnos de Medicina","og_description":"Los siguientes son proyectos y actividades realizadas durante el a\u00f1o 2010. A medida que se vayan realizando los proyectos de este a\u00f1o, se ir\u00e1n agregando &#8211; Plan de ayuda a Iloca: el centro de alumnos, motivado por ayudar a los que lo necesitaban, coordin\u00f3 a la universidad con la Cl\u00ednica Alemana para ir en ayuda [&hellip;]","og_url":"https:\/\/medicina.udd.cl\/centro-alumnos-medicina\/sobre-la-carrera\/perfil-del-alumno\/","og_site_name":"Centro de Alumnos de Medicina","article_modified_time":"2011-03-01T01:23:40+00:00","twitter_misc":{"Tiempo de lectura":"3 minutos"},"schema":{"@context":"https:\/\/schema.org","@graph":[{"@type":"WebPage","@id":"https:\/\/medicina.udd.cl\/centro-alumnos-medicina\/sobre-la-carrera\/perfil-del-alumno\/","url":"https:\/\/medicina.udd.cl\/centro-alumnos-medicina\/sobre-la-carrera\/perfil-del-alumno\/","name":"Proyectos realizados 2010 - Centro de Alumnos de Medicina","isPartOf":{"@id":"https:\/\/medicina.udd.cl\/centro-alumnos-medicina\/#website"},"datePublished":"2010-08-18T16:50:00+00:00","dateModified":"2011-03-01T01:23:40+00:00","breadcrumb":{"@id":"https:\/\/medicina.udd.cl\/centro-alumnos-medicina\/sobre-la-carrera\/perfil-del-alumno\/#breadcrumb"},"inLanguage":"es","potentialAction":[{"@type":"ReadAction","target":["https:\/\/medicina.udd.cl\/centro-alumnos-medicina\/sobre-la-carrera\/perfil-del-alumno\/"]}]},{"@type":"BreadcrumbList","@id":"https:\/\/medicina.udd.cl\/centro-alumnos-medicina\/sobre-la-carrera\/perfil-del-alumno\/#breadcrumb","itemListElement":[{"@type":"ListItem","position":1,"name":"Home","item":"https:\/\/medicina.udd.cl\/centro-alumnos-medicina\/"},{"@type":"ListItem","position":2,"name":"Sobre el Centro de Estudiantes","item":"https:\/\/medicina.udd.cl\/centro-alumnos-medicina\/sobre-la-carrera\/"},{"@type":"ListItem","position":3,"name":"Proyectos realizados 2010"}]},{"@type":"WebSite","@id":"https:\/\/medicina.udd.cl\/centro-alumnos-medicina\/#website","url":"https:\/\/medicina.udd.cl\/centro-alumnos-medicina\/","name":"Centro de Alumnos de Medicina","description":"Otro sitio m\u00e1s de Medicina","potentialAction":[{"@type":"SearchAction","target":{"@type":"EntryPoint","urlTemplate":"https:\/\/medicina.udd.cl\/centro-alumnos-medicina\/?s={search_term_string}"},"query-input":{"@type":"PropertyValueSpecification","valueRequired":true,"valueName":"search_term_string"}}],"inLanguage":"es"}]}},"_links":{"self":[{"href":"https:\/\/medicina.udd.cl\/centro-alumnos-medicina\/wp-json\/wp\/v2\/pages\/12","targetHints":{"allow":["GET"]}}],"collection":[{"href":"https:\/\/medicina.udd.cl\/centro-alumnos-medicina\/wp-json\/wp\/v2\/pages"}],"about":[{"href":"https:\/\/medicina.udd.cl\/centro-alumnos-medicina\/wp-json\/wp\/v2\/types\/page"}],"author":[{"embeddable":true,"href":"https:\/\/medicina.udd.cl\/centro-alumnos-medicina\/wp-json\/wp\/v2\/users\/47"}],"replies":[{"embeddable":true,"href":"https:\/\/medicina.udd.cl\/centro-alumnos-medicina\/wp-json\/wp\/v2\/comments?post=12"}],"version-history":[{"count":7,"href":"https:\/\/medicina.udd.cl\/centro-alumnos-medicina\/wp-json\/wp\/v2\/pages\/12\/revisions"}],"predecessor-version":[{"id":388,"href":"https:\/\/medicina.udd.cl\/centro-alumnos-medicina\/wp-json\/wp\/v2\/pages\/12\/revisions\/388"}],"up":[{"embeddable":true,"href":"https:\/\/medicina.udd.cl\/centro-alumnos-medicina\/wp-json\/wp\/v2\/pages\/3"}],"wp:attachment":[{"href":"https:\/\/medicina.udd.cl\/centro-alumnos-medicina\/wp-json\/wp\/v2\/media?parent=12"}],"curies":[{"name":"wp","href":"https:\/\/api.w.org\/{rel}","templated":true}]}}