{"id":1146,"date":"2011-09-15T10:23:52","date_gmt":"2011-09-15T13:23:52","guid":{"rendered":"http:\/\/medicina.udd.cl\/centro-bioetica\/"},"modified":"2021-08-11T11:02:15","modified_gmt":"2021-08-11T15:02:15","slug":"libros-y-capitulos-de-libros-2","status":"publish","type":"page","link":"https:\/\/medicina.udd.cl\/centro-bioetica\/nuestras-publicaciones\/libros-y-capitulos-de-libros-2\/","title":{"rendered":"Libros y cap\u00edtulos de libros"},"content":{"rendered":"\n<ul class=\"wp-block-list\"><li><strong>Adecuaci\u00f3n del esfuerzo terap\u00e9utico.\u00a0<\/strong>Autor: Sergio Carvajal C. En: El Final de la Vida. Juan Pablo Beca y Rodolfo Armas (eds). Editorial Mediterr\u00e1neo, Santiago, Chile; 2021. p 171-184. <\/li><li> <a href=\"https:\/\/dialnet.unirioja.es\/servlet\/articulo?codigo=6966577\"><strong>El uso de animales en experimentaci\u00f3n biom\u00e9dica<\/strong><\/a> Autores: Bernardo Aguilera Dreyse, Alberto Lecaros Urz\u00faa. Localizaci\u00f3n: \u00c9tica animal, fundamentos emp\u00edricos, te\u00f3ricos y dimensi\u00f3n pr\u00e1ctica \/ Bernardo Aguilera Dreyse (ed. lit.), Juan Alberto Lecaros (ed. lit.), Erick Vald\u00e9s Meza (ed. lit.), 2019, ISBN 978-84-8468-772-6, p\u00e1gs. 285-306. Idioma: espa\u00f1ol <\/li><li><a href=\"https:\/\/dialnet.unirioja.es\/servlet\/articulo?codigo=6966568\"><strong>La \u00e9tica de la responsabilidad de Hans Jonas<\/strong><\/a> Autores: Alberto Lecaros Urz\u00faa, Daniel Toscano L\u00f3pez. Localizaci\u00f3n: \u00c9tica animal, fundamentos emp\u00edricos, te\u00f3ricos y dimensi\u00f3n pr\u00e1ctica \/ Bernardo Aguilera Dreyse (ed. lit.), Juan Alberto Lecaros (ed. lit.), Erick Vald\u00e9s Meza (ed. lit.), 2019, ISBN 978-84-8468-772-6, p\u00e1gs. 207-228. Idioma: espa\u00f1ol<\/li><li><a href=\"https:\/\/www.springer.com\/gp\/book\/9783030059026\"><strong>Biolaw and Policy in the Twenty-First Century<\/strong><\/a>  Lecaros JA. Biolaw and Bioethics: Convergences and Divergences. En: Vald\u00e9s E &amp; Lecaros JA (eds.)\u00a0(2019). Biolaw and Policy in the 21st Century, Berlin, Springer. ISSN: 1567-8008. <\/li><\/ul>\n\n\n\n<ul class=\"wp-block-list\"><li>Beca JP Experiencia en Consultor\u00eda etico-Cl\u00ednica en Chile. En: <strong>Comit\u00e9s de \u00c9tica y consultores cl\u00ednicos: \u00bfcomplemento o alternativa en la \u00e9tica asistencial?<\/strong>&nbsp;Cuaderno Fundaci\u00f3n Victor Grifols i Luca&nbsp;2018, N\u00ba&nbsp;46: 38-52<\/li><\/ul>\n\n\n\n<p><a href=\"https:\/\/medicina.udd.cl\/centro-bioetica\/files\/2019\/04\/JP-BECA-Consultoria-Etico-clinica-F-Grifols-2017.pdf\">Descargar texto<\/a><\/p>\n\n\n\n<ul class=\"wp-block-list\"><li>Giordano Alvaro, Frez Gonzalo, Rojas Daniela (2018). <strong><a href=\"https:\/\/medicina.udd.cl\/centro-bioetica\/files\/2019\/01\/Libro-Portafolio-de-Bio\u00e9tica.pdf\">Portafolio de Bio\u00e9tica: Una Experiencia Acad\u00e9mica<\/a>.&nbsp;<\/strong>&nbsp;Editorial Humanos Insatisfechos.<\/li><li>Lecaros, A. &amp; Salas, S. (2018).&nbsp;<strong>Desaf\u00edos \u00e9ticos y legales en el uso de los embriones en las t\u00e9cnicas de reproducci\u00f3n asistida: una mirada desde Chile<\/strong>. En G. Mart\u00ednez y N. Salom\u00e9 (eds.) 2018. <a href=\"http:\/\/www.editorialascune.com\/libro-detalle\/74-dilemas-eticos-y-morales-en-embriones-humanos-abordaje-interdisciplinario-en-salud-reproductiva\">Dilemas \u00e9ticos y morales en embriones humanos: abordaje interdisciplinario en salud reproductiva<\/a>. Buenos Aires: Editorial Ascune.<\/li><li>Lecaros, JA, Vald\u00e9s, E. <strong>Origen y evoluci\u00f3n de la bio\u00e9tica<\/strong>. En: Ferrer, JJ, Lecaros, JA, Molins, R. Bio\u00e9tica: pluralismos de la fundamentaci\u00f3n, Editorial Universidad Pontificia Comillas, 2016: 53-89. ISBN: 978-84-8468531<\/li><li>Lecaros, JA. <strong>Las \u00e9ticas de la responsabilidad en la bio\u00e9tica global.<\/strong> En: Ferrer, JJ, Lecaros, JA, Molins, R. Bio\u00e9tica: pluralismos de la fundamentaci\u00f3n\u201d, Editorial Universidad Pontificia Comillas, 2016: 323-357. ISBN: 978-84-8468531<\/li><li>E<strong>nfoque Bio\u00e9tico del diagn\u00f3stico prenatal.<\/strong> Carmen Astete.&nbsp;En: Bio\u00e9tica en Salud sexual y Reproductiva. Adela Montero y Rosa Mi\u00f1o Editores. Editorial Mediterr\u00e1neo Ltda. Santiago 2016<\/li><li><strong>Vulnerabilidades sociales y su efecto en sujetos de investigaci\u00f3n en Chile.<\/strong> Carmen Astete.&nbsp;En: Vulnerabilidad Social y su efecto en Salud en Chile. Desde la comprensi\u00f3n del fen\u00f3meno hacia la implementaci\u00f3n de soluciones. B\u00e1ltica Cabieses, Margarita Bernales, Alexandra Obach y V\u00edctor Pedrero editores. Universidad del Desarrollo, Proyecto PMI UDD-1204. Santiago 2016<\/li><li><strong>Aspectos \u00e9ticos del aborto por malformaciones incompatibles con la vida extrauterina.<\/strong>&nbsp;Astete C, Rom\u00e1n B.&nbsp;En: Aborto y Derechos Reproductivos. Implicancias desde la \u00e9tica, el Derecho y la Medicina. Sof\u00eda Salas, Fernando Zegers, Rodolfo Figueroa editores. Ediciones Universidad Diego Portales. Santiago 2016<\/li><li><strong>Diagn\u00f3stico prenatal por ecograf\u00eda: consentimiento informado y no maleficencia.<\/strong> Carmen Astete.&nbsp;En Bio\u00e9tica para la toma de decisiones. Ed. FELAIBE 2014; parte 2 pp 13-27<\/li><\/ul>\n\n\n\n<p><a href=\"http:\/\/medicina.udd.cl\/centro-bioetica\/files\/2016\/12\/Astete-C-Diag-prenatal-en-TOMA_DE_DECISIONES_parte_2.pdf\">Descargar texto<\/a><\/p>\n\n\n\n<ul class=\"wp-block-list\"><li><strong>Los consultores \u00e9tico Cl\u00ednicos.<\/strong> Juan Pablo Beca.&nbsp;En Bio\u00e9tica para la toma de decisiones. Ed. FELAIBE 2014; parte 1 pp 222 &#8211; 234<\/li><\/ul>\n\n\n\n<p><a href=\"http:\/\/medicina.udd.cl\/centro-bioetica\/files\/2016\/12\/Beca-JP-Consultores-etico-clinicos-En-TOMA_DE_DECISIONES_parte_1.pdf\">Descargar texto<\/a><\/p>\n\n\n\n<ul class=\"wp-block-list\"><li><strong>\u00c9tica aplicada a la gesti\u00f3n sanitaria.<\/strong> Lorna Luco.&nbsp;En Reflexiones sobre Bio\u00e9tica: Seminarios de la Academia Chilena de Medicina (2011.2013), pp 153-159<\/li><\/ul>\n\n\n\n<p><a href=\"http:\/\/medicina.udd.cl\/centro-bioetica\/files\/2015\/09\/Etica-Aplicada-a-la-gestion-sanitaria-Dra.-Lorna-Luco1.pdf\">Descargar texto<\/a><\/p>\n\n\n\n<ul class=\"wp-block-list\"><li><strong>Los Comit\u00e9s de \u00c9tica Asistencial.<\/strong> Mar\u00eda In\u00e9s G\u00f3mez.&nbsp;En Reflexiones sobre Bio\u00e9tica: Seminarios de la Academia Chilena de Medicina (2011.2013), pp 170-179<\/li><\/ul>\n\n\n\n<p><a href=\"http:\/\/medicina.udd.cl\/centro-bioetica\/files\/2015\/09\/Los-Comites-de-Etica-Asistencial-Dra.-Maria-Ines-Gomez.pdf\">Descargar Texto<\/a><\/p>\n\n\n\n<ul class=\"wp-block-list\"><li><strong>La toma de decisiones en \u00e9tica cl\u00ednica.<\/strong> Juan PAblo Beca.&nbsp;En Reflexiones sobre Bio\u00e9tica: Seminarios de la Academia Chilena de Medicina (2011.2013),&nbsp;pp 180-196<\/li><\/ul>\n\n\n\n<p><a href=\"http:\/\/medicina.udd.cl\/centro-bioetica\/files\/2015\/09\/La-toma-de-decisiones-en-etica-clinica-Dr.-Juan-Pablo-Beca-2.pdf\">Descargar texto<\/a><\/p>\n\n\n\n<ul class=\"wp-block-list\"><li><strong>Consultor\u00eda \u00c9tico Cl\u00ednica Individual.<\/strong> Juan Pablo Beca. En Reflexiones sobre Bio\u00e9tica: Seminarios de la Academia Chilena de Medicina (2011.2013), &nbsp;pp 210-225.<\/li><\/ul>\n\n\n\n<p><a href=\"http:\/\/medicina.udd.cl\/centro-bioetica\/files\/2015\/09\/Consultoria-etico-clinica-individual-Dr.-Juan-PAblo-Beca-2.pdf\">Descargar texto<\/a><\/p>\n\n\n\n<ul class=\"wp-block-list\"><li><strong>Bio\u00e9tica Cl\u00ednica.<\/strong> Juan Pablo Beca y Carmen Astete. Editorial Mediterr\u00e1neo, 2012.<\/li><li><strong>Bio\u00e9tica Cl\u00ednica Narrativa.<\/strong> Juan Pablo Beca y Mila Razmilic. Editorial mediterr\u00e1neo, 2014.<\/li><li><strong>Ense\u00f1anza de la Bio\u00e9tica en Pediatr\u00eda.<\/strong> Juan Pablo Beca y Carmen Astete. En Bio\u00e9tica y Pediatr\u00eda. Proyectos de vida plena. Sociedad de Pediatr\u00eda de Madrid y Castilla La Mancha, Editorial Ergon, 2010, pp 107-114.<\/li><\/ul>\n\n\n\n<p><a href=\"http:\/\/medicina.udd.cl\/centro-bioetica\/files\/2011\/09\/Ense\u00f1anza-de-la-Bioetica-en-Pediatria-Capitulo-en-Bioetica-y-Pediatria-Sociedad-de-Pediatria-de-madrid-y-Castilla-La-Mancha.pdf\">Descargar texto<\/a><\/p>\n\n\n\n<ul class=\"wp-block-list\"><li><strong>Inequidades en Salud en Chile: Los l\u00edmites de la Reforma de Salud Chilena desde una Perspectiva \u00c9tica.<\/strong> Dr. Jaime Burrows. Pontificia Universidad Cat\u00f3lica de Chile. 2009.<\/li><li><strong>\u00abEnd of Life Decision Making\u201d,<\/strong> Juan Pablo Beca y Carmen Astete, en \u00abBioethics in the 21 st Century\u00bb. InTech Open Acces. 2011.<\/li><\/ul>\n\n\n\n<p><a href=\"http:\/\/medicina.udd.cl\/centro-bioetica\/files\/2011\/09\/InTech-End_of_life_treatment_decision_making.pdf\">Descargar texto<\/a><\/p>\n\n\n\n<ul class=\"wp-block-list\"><li>FELAIBE: <strong>\u00abDocencia de la Bio\u00e9tica en Latinoam\u00e9rica: experiencia y valores compartidos\u00bb.<\/strong> <strong>Cap\u00edtulo: El cine-forum como herramienta pedag\u00f3gica en la ense\u00f1anza de la Bio\u00e9tica.<\/strong> Lorna Luco, Mat\u00edas Quer y Juan Pablo Beca, 2011.<\/li><\/ul>\n\n\n\n<p><a href=\"http:\/\/medicina.udd.cl\/centro-bioetica\/files\/2011\/09\/FELAIBE-Docencia-cine.pdf\">Descargar texto<\/a><\/p>\n\n\n\n<ul class=\"wp-block-list\"><li>FELAIBE: <strong>\u00abDocencia de la Bio\u00e9tica en Latinoam\u00e9rica: experiencia y valores compartidos\u00bb.<\/strong> <strong>Cap\u00edtulo: Los estudiantes de Medicina como parte del equipo de salud.<\/strong> Juan Pablo Beca, Mar\u00eda In\u00e9s G\u00f3mez, Francisca Browne y Jorge Browne, 2011.<\/li><\/ul>\n\n\n\n<p><a href=\"http:\/\/medicina.udd.cl\/centro-bioetica\/files\/2011\/09\/FELAIBE-Docencia-medicina.pdf\">Descargar texto<\/a><\/p>\n\n\n\n<ul class=\"wp-block-list\"><li>FELAIBE: <strong>\u00ab\u00c9tica cl\u00ednica y comit\u00e9s de \u00e9tica en Latinoam\u00e9rica\u00bb. Cap\u00edtulo: Trasplante de \u00f3rganos, una mirada del judaismo en el siglo XXI.<\/strong> Nicole Grossman, Javiera Herrera y Dra. Lorna Luco, 2011.<\/li><\/ul>\n\n\n\n<p><a href=\"http:\/\/medicina.udd.cl\/centro-bioetica\/files\/2011\/09\/FELAIBE-Comites-Trasplante.pdf\">Descargar texto<\/a><\/p>\n\n\n\n<ul class=\"wp-block-list\"><li>FELAIBE: <strong>\u00ab\u00c9tica cl\u00ednica y comit\u00e9s de \u00e9tica en Latinoam\u00e9rica\u00bb. Cap\u00edtulo: La deliberaci\u00f3n ante un problema \u00e9tico-cl\u00ednico.<\/strong> Dr. Juan Pablo Beca, 2011.<\/li><\/ul>\n\n\n\n<p><a href=\"http:\/\/medicina.udd.cl\/centro-bioetica\/files\/2011\/09\/FELAIBE-Comites-deliberacion.pdf\">Descargar texto<\/a><\/p>\n\n\n\n<ul class=\"wp-block-list\"><li><strong>\u00abOrden de no reanimar en recien nacidos: Experiencia en Chile\u00bb<\/strong>, Marcial Osorio.&nbsp;Instituto Borja de Bio\u00e9tica, Editores,&nbsp;Bio\u00e9tica Aplicada, Barcelona Espa\u00f1a; 2011, pp 299-314.<\/li><li><strong>\u00abGesti\u00f3n Hospitalaria: Aspectos \u00e9ticos de la atenci\u00f3n en hospitales p\u00fablicos\u00bb,<\/strong> Mar\u00eda In\u00e9s G\u00f3mez. Instituo Borja de Bio\u00e9tica, Editores, Barcelona, Espa\u00f1a; 2011, pp 379-402.<\/li><li><strong>\u00abLos consultores en \u00e9tica cl\u00ednica y sus funciones\u00bb,<\/strong> Juan Pablo Beca. En Feito L, Gracia D, S\u00e1nchez M. Editores, Madrid, Espa\u00f1a, Ed. Triacastela, 2011, pp 31-40.<\/li><\/ul>\n\n\n\n<p><a href=\"http:\/\/medicina.udd.cl\/centro-bioetica\/files\/2011\/09\/consultores-en-etica-clinica-y-sus-funciones-JP-Beca.pdf\">Descargar texto<\/a><\/p>\n\n\n\n<p><strong>El Embri\u00f3n Humano.<\/strong> Juan Pablo Beca. Editorial Mediterr\u00e1neo, 2002.<\/p>\n","protected":false},"excerpt":{"rendered":"<p>Se encuentran disponibles en la Biblioteca del Centro de Bio\u00e9tica de la Facultad de Medicina CAS-UDD.<\/p>\n","protected":false},"author":1,"featured_media":0,"parent":2302,"menu_order":4,"comment_status":"open","ping_status":"open","template":"","meta":{"footnotes":""},"class_list":["post-1146","page","type-page","status-publish","hentry"],"yoast_head":"<!-- This site is optimized with the Yoast SEO plugin v26.9 - https:\/\/yoast.com\/product\/yoast-seo-wordpress\/ -->\n<title>Libros y cap\u00edtulos de libros - Centro de Bio\u00e9tica<\/title>\n<meta name=\"robots\" content=\"index, follow, max-snippet:-1, max-image-preview:large, max-video-preview:-1\" \/>\n<link rel=\"canonical\" href=\"https:\/\/medicina.udd.cl\/centro-bioetica\/nuestras-publicaciones\/libros-y-capitulos-de-libros-2\/\" \/>\n<meta property=\"og:locale\" content=\"es_ES\" \/>\n<meta property=\"og:type\" content=\"article\" \/>\n<meta property=\"og:title\" content=\"Libros y cap\u00edtulos de libros - Centro de Bio\u00e9tica\" \/>\n<meta property=\"og:description\" content=\"Se encuentran disponibles en la Biblioteca del Centro de Bio\u00e9tica de la Facultad de Medicina CAS-UDD.\" \/>\n<meta property=\"og:url\" content=\"https:\/\/medicina.udd.cl\/centro-bioetica\/nuestras-publicaciones\/libros-y-capitulos-de-libros-2\/\" \/>\n<meta property=\"og:site_name\" content=\"Centro de Bio\u00e9tica\" \/>\n<meta property=\"article:modified_time\" content=\"2021-08-11T15:02:15+00:00\" \/>\n<meta name=\"twitter:label1\" content=\"Tiempo de lectura\" \/>\n\t<meta name=\"twitter:data1\" content=\"5 minutos\" \/>\n<script type=\"application\/ld+json\" class=\"yoast-schema-graph\">{\"@context\":\"https:\/\/schema.org\",\"@graph\":[{\"@type\":\"WebPage\",\"@id\":\"https:\/\/medicina.udd.cl\/centro-bioetica\/nuestras-publicaciones\/libros-y-capitulos-de-libros-2\/\",\"url\":\"https:\/\/medicina.udd.cl\/centro-bioetica\/nuestras-publicaciones\/libros-y-capitulos-de-libros-2\/\",\"name\":\"Libros y cap\u00edtulos de libros - Centro de Bio\u00e9tica\",\"isPartOf\":{\"@id\":\"https:\/\/medicina.udd.cl\/centro-bioetica\/#website\"},\"datePublished\":\"2011-09-15T13:23:52+00:00\",\"dateModified\":\"2021-08-11T15:02:15+00:00\",\"breadcrumb\":{\"@id\":\"https:\/\/medicina.udd.cl\/centro-bioetica\/nuestras-publicaciones\/libros-y-capitulos-de-libros-2\/#breadcrumb\"},\"inLanguage\":\"es\",\"potentialAction\":[{\"@type\":\"ReadAction\",\"target\":[\"https:\/\/medicina.udd.cl\/centro-bioetica\/nuestras-publicaciones\/libros-y-capitulos-de-libros-2\/\"]}]},{\"@type\":\"BreadcrumbList\",\"@id\":\"https:\/\/medicina.udd.cl\/centro-bioetica\/nuestras-publicaciones\/libros-y-capitulos-de-libros-2\/#breadcrumb\",\"itemListElement\":[{\"@type\":\"ListItem\",\"position\":1,\"name\":\"Inicio\",\"item\":\"https:\/\/medicina.udd.cl\/centro-bioetica\/\"},{\"@type\":\"ListItem\",\"position\":2,\"name\":\"Publicaciones\",\"item\":\"https:\/\/medicina.udd.cl\/centro-bioetica\/nuestras-publicaciones\/\"},{\"@type\":\"ListItem\",\"position\":3,\"name\":\"Libros y cap\u00edtulos de libros\"}]},{\"@type\":\"WebSite\",\"@id\":\"https:\/\/medicina.udd.cl\/centro-bioetica\/#website\",\"url\":\"https:\/\/medicina.udd.cl\/centro-bioetica\/\",\"name\":\"Centro de Bio\u00e9tica\",\"description\":\"Universidad del Desarrollo\",\"inLanguage\":\"es\"}]}<\/script>\n<!-- \/ Yoast SEO plugin. -->","yoast_head_json":{"title":"Libros y cap\u00edtulos de libros - Centro de Bio\u00e9tica","robots":{"index":"index","follow":"follow","max-snippet":"max-snippet:-1","max-image-preview":"max-image-preview:large","max-video-preview":"max-video-preview:-1"},"canonical":"https:\/\/medicina.udd.cl\/centro-bioetica\/nuestras-publicaciones\/libros-y-capitulos-de-libros-2\/","og_locale":"es_ES","og_type":"article","og_title":"Libros y cap\u00edtulos de libros - Centro de Bio\u00e9tica","og_description":"Se encuentran disponibles en la Biblioteca del Centro de Bio\u00e9tica de la Facultad de Medicina CAS-UDD.","og_url":"https:\/\/medicina.udd.cl\/centro-bioetica\/nuestras-publicaciones\/libros-y-capitulos-de-libros-2\/","og_site_name":"Centro de Bio\u00e9tica","article_modified_time":"2021-08-11T15:02:15+00:00","twitter_misc":{"Tiempo de lectura":"5 minutos"},"schema":{"@context":"https:\/\/schema.org","@graph":[{"@type":"WebPage","@id":"https:\/\/medicina.udd.cl\/centro-bioetica\/nuestras-publicaciones\/libros-y-capitulos-de-libros-2\/","url":"https:\/\/medicina.udd.cl\/centro-bioetica\/nuestras-publicaciones\/libros-y-capitulos-de-libros-2\/","name":"Libros y cap\u00edtulos de libros - Centro de Bio\u00e9tica","isPartOf":{"@id":"https:\/\/medicina.udd.cl\/centro-bioetica\/#website"},"datePublished":"2011-09-15T13:23:52+00:00","dateModified":"2021-08-11T15:02:15+00:00","breadcrumb":{"@id":"https:\/\/medicina.udd.cl\/centro-bioetica\/nuestras-publicaciones\/libros-y-capitulos-de-libros-2\/#breadcrumb"},"inLanguage":"es","potentialAction":[{"@type":"ReadAction","target":["https:\/\/medicina.udd.cl\/centro-bioetica\/nuestras-publicaciones\/libros-y-capitulos-de-libros-2\/"]}]},{"@type":"BreadcrumbList","@id":"https:\/\/medicina.udd.cl\/centro-bioetica\/nuestras-publicaciones\/libros-y-capitulos-de-libros-2\/#breadcrumb","itemListElement":[{"@type":"ListItem","position":1,"name":"Inicio","item":"https:\/\/medicina.udd.cl\/centro-bioetica\/"},{"@type":"ListItem","position":2,"name":"Publicaciones","item":"https:\/\/medicina.udd.cl\/centro-bioetica\/nuestras-publicaciones\/"},{"@type":"ListItem","position":3,"name":"Libros y cap\u00edtulos de libros"}]},{"@type":"WebSite","@id":"https:\/\/medicina.udd.cl\/centro-bioetica\/#website","url":"https:\/\/medicina.udd.cl\/centro-bioetica\/","name":"Centro de Bio\u00e9tica","description":"Universidad del Desarrollo","inLanguage":"es"}]}},"_links":{"self":[{"href":"https:\/\/medicina.udd.cl\/centro-bioetica\/wp-json\/wp\/v2\/pages\/1146","targetHints":{"allow":["GET"]}}],"collection":[{"href":"https:\/\/medicina.udd.cl\/centro-bioetica\/wp-json\/wp\/v2\/pages"}],"about":[{"href":"https:\/\/medicina.udd.cl\/centro-bioetica\/wp-json\/wp\/v2\/types\/page"}],"author":[{"embeddable":true,"href":"https:\/\/medicina.udd.cl\/centro-bioetica\/wp-json\/wp\/v2\/users\/1"}],"replies":[{"embeddable":true,"href":"https:\/\/medicina.udd.cl\/centro-bioetica\/wp-json\/wp\/v2\/comments?post=1146"}],"version-history":[{"count":42,"href":"https:\/\/medicina.udd.cl\/centro-bioetica\/wp-json\/wp\/v2\/pages\/1146\/revisions"}],"predecessor-version":[{"id":5458,"href":"https:\/\/medicina.udd.cl\/centro-bioetica\/wp-json\/wp\/v2\/pages\/1146\/revisions\/5458"}],"up":[{"embeddable":true,"href":"https:\/\/medicina.udd.cl\/centro-bioetica\/wp-json\/wp\/v2\/pages\/2302"}],"wp:attachment":[{"href":"https:\/\/medicina.udd.cl\/centro-bioetica\/wp-json\/wp\/v2\/media?parent=1146"}],"curies":[{"name":"wp","href":"https:\/\/api.w.org\/{rel}","templated":true}]}}