{"id":1460,"date":"2012-06-28T08:27:13","date_gmt":"2012-06-28T12:27:13","guid":{"rendered":"http:\/\/medicina.udd.cl\/centro-bioetica\/"},"modified":"2012-06-28T08:27:54","modified_gmt":"2012-06-28T12:27:54","slug":"significado-de-la-vida-de-un-nino-con-retardo-mental","status":"publish","type":"page","link":"https:\/\/medicina.udd.cl\/centro-bioetica\/significado-de-la-vida-de-un-nino-con-retardo-mental\/","title":{"rendered":"Significado de la vida de un ni\u00f1o con retardo mental"},"content":{"rendered":"<p style=\"text-align: justify;\">Por Mila Razmilic, estudiante de Medicina de la Facultad de Medicina Cl\u00ednica Alemana Universidad del Desarrollo y Juan Pablo Beca, director del Centro de Bio\u00e9tica .<\/p>\n<p style=\"text-align: justify;\"><a href=\"http:\/\/medicina.udd.cl\/centro-bioetica\/files\/2012\/06\/significado-vida-ni\u00f1o-con-RM-Razmilic-y-Beca.pdf\">Descargar texto completo<\/a><\/p>\n","protected":false},"excerpt":{"rendered":"<p>Por Mila Razmilic, estudiante de Medicina de la Facultad de Medicina Cl\u00ednica Alemana Universidad del Desarrollo y Juan Pablo Beca, director del Centro de Bio\u00e9tica . Descargar texto completo<\/p>\n","protected":false},"author":1,"featured_media":0,"parent":0,"menu_order":0,"comment_status":"open","ping_status":"open","template":"","meta":{"footnotes":""},"class_list":["post-1460","page","type-page","status-publish","hentry"],"yoast_head":"<!-- This site is optimized with the Yoast SEO plugin v26.9 - https:\/\/yoast.com\/product\/yoast-seo-wordpress\/ -->\n<title>Significado de la vida de un ni\u00f1o con retardo mental - Centro de Bio\u00e9tica<\/title>\n<meta name=\"robots\" content=\"index, follow, max-snippet:-1, max-image-preview:large, max-video-preview:-1\" \/>\n<link rel=\"canonical\" href=\"https:\/\/medicina.udd.cl\/centro-bioetica\/significado-de-la-vida-de-un-nino-con-retardo-mental\/\" \/>\n<meta property=\"og:locale\" content=\"es_ES\" \/>\n<meta property=\"og:type\" content=\"article\" \/>\n<meta property=\"og:title\" content=\"Significado de la vida de un ni\u00f1o con retardo mental - Centro de Bio\u00e9tica\" \/>\n<meta property=\"og:description\" content=\"Por Mila Razmilic, estudiante de Medicina de la Facultad de Medicina Cl\u00ednica Alemana Universidad del Desarrollo y Juan Pablo Beca, director del Centro de Bio\u00e9tica . Descargar texto completo\" \/>\n<meta property=\"og:url\" content=\"https:\/\/medicina.udd.cl\/centro-bioetica\/significado-de-la-vida-de-un-nino-con-retardo-mental\/\" \/>\n<meta property=\"og:site_name\" content=\"Centro de Bio\u00e9tica\" \/>\n<meta property=\"article:modified_time\" content=\"2012-06-28T12:27:54+00:00\" \/>\n<script type=\"application\/ld+json\" class=\"yoast-schema-graph\">{\"@context\":\"https:\/\/schema.org\",\"@graph\":[{\"@type\":\"WebPage\",\"@id\":\"https:\/\/medicina.udd.cl\/centro-bioetica\/significado-de-la-vida-de-un-nino-con-retardo-mental\/\",\"url\":\"https:\/\/medicina.udd.cl\/centro-bioetica\/significado-de-la-vida-de-un-nino-con-retardo-mental\/\",\"name\":\"Significado de la vida de un ni\u00f1o con retardo mental - Centro de Bio\u00e9tica\",\"isPartOf\":{\"@id\":\"https:\/\/medicina.udd.cl\/centro-bioetica\/#website\"},\"datePublished\":\"2012-06-28T12:27:13+00:00\",\"dateModified\":\"2012-06-28T12:27:54+00:00\",\"breadcrumb\":{\"@id\":\"https:\/\/medicina.udd.cl\/centro-bioetica\/significado-de-la-vida-de-un-nino-con-retardo-mental\/#breadcrumb\"},\"inLanguage\":\"es\",\"potentialAction\":[{\"@type\":\"ReadAction\",\"target\":[\"https:\/\/medicina.udd.cl\/centro-bioetica\/significado-de-la-vida-de-un-nino-con-retardo-mental\/\"]}]},{\"@type\":\"BreadcrumbList\",\"@id\":\"https:\/\/medicina.udd.cl\/centro-bioetica\/significado-de-la-vida-de-un-nino-con-retardo-mental\/#breadcrumb\",\"itemListElement\":[{\"@type\":\"ListItem\",\"position\":1,\"name\":\"Inicio\",\"item\":\"https:\/\/medicina.udd.cl\/centro-bioetica\/\"},{\"@type\":\"ListItem\",\"position\":2,\"name\":\"Significado de la vida de un ni\u00f1o con retardo mental\"}]},{\"@type\":\"WebSite\",\"@id\":\"https:\/\/medicina.udd.cl\/centro-bioetica\/#website\",\"url\":\"https:\/\/medicina.udd.cl\/centro-bioetica\/\",\"name\":\"Centro de Bio\u00e9tica\",\"description\":\"Universidad del Desarrollo\",\"inLanguage\":\"es\"}]}<\/script>\n<!-- \/ Yoast SEO plugin. -->","yoast_head_json":{"title":"Significado de la vida de un ni\u00f1o con retardo mental - Centro de Bio\u00e9tica","robots":{"index":"index","follow":"follow","max-snippet":"max-snippet:-1","max-image-preview":"max-image-preview:large","max-video-preview":"max-video-preview:-1"},"canonical":"https:\/\/medicina.udd.cl\/centro-bioetica\/significado-de-la-vida-de-un-nino-con-retardo-mental\/","og_locale":"es_ES","og_type":"article","og_title":"Significado de la vida de un ni\u00f1o con retardo mental - Centro de Bio\u00e9tica","og_description":"Por Mila Razmilic, estudiante de Medicina de la Facultad de Medicina Cl\u00ednica Alemana Universidad del Desarrollo y Juan Pablo Beca, director del Centro de Bio\u00e9tica . Descargar texto completo","og_url":"https:\/\/medicina.udd.cl\/centro-bioetica\/significado-de-la-vida-de-un-nino-con-retardo-mental\/","og_site_name":"Centro de Bio\u00e9tica","article_modified_time":"2012-06-28T12:27:54+00:00","schema":{"@context":"https:\/\/schema.org","@graph":[{"@type":"WebPage","@id":"https:\/\/medicina.udd.cl\/centro-bioetica\/significado-de-la-vida-de-un-nino-con-retardo-mental\/","url":"https:\/\/medicina.udd.cl\/centro-bioetica\/significado-de-la-vida-de-un-nino-con-retardo-mental\/","name":"Significado de la vida de un ni\u00f1o con retardo mental - Centro de Bio\u00e9tica","isPartOf":{"@id":"https:\/\/medicina.udd.cl\/centro-bioetica\/#website"},"datePublished":"2012-06-28T12:27:13+00:00","dateModified":"2012-06-28T12:27:54+00:00","breadcrumb":{"@id":"https:\/\/medicina.udd.cl\/centro-bioetica\/significado-de-la-vida-de-un-nino-con-retardo-mental\/#breadcrumb"},"inLanguage":"es","potentialAction":[{"@type":"ReadAction","target":["https:\/\/medicina.udd.cl\/centro-bioetica\/significado-de-la-vida-de-un-nino-con-retardo-mental\/"]}]},{"@type":"BreadcrumbList","@id":"https:\/\/medicina.udd.cl\/centro-bioetica\/significado-de-la-vida-de-un-nino-con-retardo-mental\/#breadcrumb","itemListElement":[{"@type":"ListItem","position":1,"name":"Inicio","item":"https:\/\/medicina.udd.cl\/centro-bioetica\/"},{"@type":"ListItem","position":2,"name":"Significado de la vida de un ni\u00f1o con retardo mental"}]},{"@type":"WebSite","@id":"https:\/\/medicina.udd.cl\/centro-bioetica\/#website","url":"https:\/\/medicina.udd.cl\/centro-bioetica\/","name":"Centro de Bio\u00e9tica","description":"Universidad del Desarrollo","inLanguage":"es"}]}},"_links":{"self":[{"href":"https:\/\/medicina.udd.cl\/centro-bioetica\/wp-json\/wp\/v2\/pages\/1460","targetHints":{"allow":["GET"]}}],"collection":[{"href":"https:\/\/medicina.udd.cl\/centro-bioetica\/wp-json\/wp\/v2\/pages"}],"about":[{"href":"https:\/\/medicina.udd.cl\/centro-bioetica\/wp-json\/wp\/v2\/types\/page"}],"author":[{"embeddable":true,"href":"https:\/\/medicina.udd.cl\/centro-bioetica\/wp-json\/wp\/v2\/users\/1"}],"replies":[{"embeddable":true,"href":"https:\/\/medicina.udd.cl\/centro-bioetica\/wp-json\/wp\/v2\/comments?post=1460"}],"version-history":[{"count":2,"href":"https:\/\/medicina.udd.cl\/centro-bioetica\/wp-json\/wp\/v2\/pages\/1460\/revisions"}],"predecessor-version":[{"id":1463,"href":"https:\/\/medicina.udd.cl\/centro-bioetica\/wp-json\/wp\/v2\/pages\/1460\/revisions\/1463"}],"wp:attachment":[{"href":"https:\/\/medicina.udd.cl\/centro-bioetica\/wp-json\/wp\/v2\/media?parent=1460"}],"curies":[{"name":"wp","href":"https:\/\/api.w.org\/{rel}","templated":true}]}}