{"id":210,"date":"2010-06-30T09:10:04","date_gmt":"2010-06-30T13:10:04","guid":{"rendered":"http:\/\/medicina.udd.cl\/centro-bioetica\/cursos\/cursos-de-pregrado\/"},"modified":"2021-04-21T18:51:38","modified_gmt":"2021-04-21T22:51:38","slug":"cursos-de-pregrado","status":"publish","type":"page","link":"https:\/\/medicina.udd.cl\/centro-bioetica\/docencia\/cursos-de-pregrado\/","title":{"rendered":"Pregrado"},"content":{"rendered":"\n<p>El Centro imparte los cursos de bio\u00e9tica para alumnos de las carreras de Medicina y Odontolog\u00eda. Del mismo modo, ofrece los cursos de bio\u00e9tica para las Carreras de la Salud.<br><br>Los cursos de pregrado impartidos por el Centro de Bio\u00e9tica son:<\/p>\n\n\n\n<ul class=\"wp-block-list\"><li>Medicina: 1\u00ba, 4\u00b0, 6\u00b0 y 7\u00b0 a\u00f1os.<\/li><li>Odontolog\u00eda<\/li><li>Carreras de la Salud: Enfermer\u00eda, Kinesiolog\u00eda, Nutrici\u00f3n, Fonoaudiolog\u00eda y Tecnolog\u00eda M\u00e9dica<\/li><\/ul>\n","protected":false},"excerpt":{"rendered":"<p>El Centro de Bio\u00e9tica imparte docencia de pregrado. Ac\u00e1 puedes revisar los cursos que realizamos a nuestros alumnos.<\/p>\n","protected":false},"author":1,"featured_media":0,"parent":207,"menu_order":0,"comment_status":"open","ping_status":"open","template":"","meta":{"footnotes":""},"class_list":["post-210","page","type-page","status-publish","hentry"],"yoast_head":"<!-- This site is optimized with the Yoast SEO plugin v26.9 - https:\/\/yoast.com\/product\/yoast-seo-wordpress\/ -->\n<title>Pregrado - Centro de Bio\u00e9tica<\/title>\n<meta name=\"robots\" content=\"index, follow, max-snippet:-1, max-image-preview:large, max-video-preview:-1\" \/>\n<link rel=\"canonical\" href=\"https:\/\/medicina.udd.cl\/centro-bioetica\/docencia\/cursos-de-pregrado\/\" \/>\n<meta property=\"og:locale\" content=\"es_ES\" \/>\n<meta property=\"og:type\" content=\"article\" \/>\n<meta property=\"og:title\" content=\"Pregrado - Centro de Bio\u00e9tica\" \/>\n<meta property=\"og:description\" content=\"El Centro de Bio\u00e9tica imparte docencia de pregrado. Ac\u00e1 puedes revisar los cursos que realizamos a nuestros alumnos.\" \/>\n<meta property=\"og:url\" content=\"https:\/\/medicina.udd.cl\/centro-bioetica\/docencia\/cursos-de-pregrado\/\" \/>\n<meta property=\"og:site_name\" content=\"Centro de Bio\u00e9tica\" \/>\n<meta property=\"article:modified_time\" content=\"2021-04-21T22:51:38+00:00\" \/>\n<script type=\"application\/ld+json\" class=\"yoast-schema-graph\">{\"@context\":\"https:\/\/schema.org\",\"@graph\":[{\"@type\":\"WebPage\",\"@id\":\"https:\/\/medicina.udd.cl\/centro-bioetica\/docencia\/cursos-de-pregrado\/\",\"url\":\"https:\/\/medicina.udd.cl\/centro-bioetica\/docencia\/cursos-de-pregrado\/\",\"name\":\"Pregrado - Centro de Bio\u00e9tica\",\"isPartOf\":{\"@id\":\"https:\/\/medicina.udd.cl\/centro-bioetica\/#website\"},\"datePublished\":\"2010-06-30T13:10:04+00:00\",\"dateModified\":\"2021-04-21T22:51:38+00:00\",\"breadcrumb\":{\"@id\":\"https:\/\/medicina.udd.cl\/centro-bioetica\/docencia\/cursos-de-pregrado\/#breadcrumb\"},\"inLanguage\":\"es\",\"potentialAction\":[{\"@type\":\"ReadAction\",\"target\":[\"https:\/\/medicina.udd.cl\/centro-bioetica\/docencia\/cursos-de-pregrado\/\"]}]},{\"@type\":\"BreadcrumbList\",\"@id\":\"https:\/\/medicina.udd.cl\/centro-bioetica\/docencia\/cursos-de-pregrado\/#breadcrumb\",\"itemListElement\":[{\"@type\":\"ListItem\",\"position\":1,\"name\":\"Inicio\",\"item\":\"https:\/\/medicina.udd.cl\/centro-bioetica\/\"},{\"@type\":\"ListItem\",\"position\":2,\"name\":\"Docencia\",\"item\":\"https:\/\/medicina.udd.cl\/centro-bioetica\/docencia\/\"},{\"@type\":\"ListItem\",\"position\":3,\"name\":\"Pregrado\"}]},{\"@type\":\"WebSite\",\"@id\":\"https:\/\/medicina.udd.cl\/centro-bioetica\/#website\",\"url\":\"https:\/\/medicina.udd.cl\/centro-bioetica\/\",\"name\":\"Centro de Bio\u00e9tica\",\"description\":\"Universidad del Desarrollo\",\"inLanguage\":\"es\"}]}<\/script>\n<!-- \/ Yoast SEO plugin. -->","yoast_head_json":{"title":"Pregrado - Centro de Bio\u00e9tica","robots":{"index":"index","follow":"follow","max-snippet":"max-snippet:-1","max-image-preview":"max-image-preview:large","max-video-preview":"max-video-preview:-1"},"canonical":"https:\/\/medicina.udd.cl\/centro-bioetica\/docencia\/cursos-de-pregrado\/","og_locale":"es_ES","og_type":"article","og_title":"Pregrado - Centro de Bio\u00e9tica","og_description":"El Centro de Bio\u00e9tica imparte docencia de pregrado. Ac\u00e1 puedes revisar los cursos que realizamos a nuestros alumnos.","og_url":"https:\/\/medicina.udd.cl\/centro-bioetica\/docencia\/cursos-de-pregrado\/","og_site_name":"Centro de Bio\u00e9tica","article_modified_time":"2021-04-21T22:51:38+00:00","schema":{"@context":"https:\/\/schema.org","@graph":[{"@type":"WebPage","@id":"https:\/\/medicina.udd.cl\/centro-bioetica\/docencia\/cursos-de-pregrado\/","url":"https:\/\/medicina.udd.cl\/centro-bioetica\/docencia\/cursos-de-pregrado\/","name":"Pregrado - Centro de Bio\u00e9tica","isPartOf":{"@id":"https:\/\/medicina.udd.cl\/centro-bioetica\/#website"},"datePublished":"2010-06-30T13:10:04+00:00","dateModified":"2021-04-21T22:51:38+00:00","breadcrumb":{"@id":"https:\/\/medicina.udd.cl\/centro-bioetica\/docencia\/cursos-de-pregrado\/#breadcrumb"},"inLanguage":"es","potentialAction":[{"@type":"ReadAction","target":["https:\/\/medicina.udd.cl\/centro-bioetica\/docencia\/cursos-de-pregrado\/"]}]},{"@type":"BreadcrumbList","@id":"https:\/\/medicina.udd.cl\/centro-bioetica\/docencia\/cursos-de-pregrado\/#breadcrumb","itemListElement":[{"@type":"ListItem","position":1,"name":"Inicio","item":"https:\/\/medicina.udd.cl\/centro-bioetica\/"},{"@type":"ListItem","position":2,"name":"Docencia","item":"https:\/\/medicina.udd.cl\/centro-bioetica\/docencia\/"},{"@type":"ListItem","position":3,"name":"Pregrado"}]},{"@type":"WebSite","@id":"https:\/\/medicina.udd.cl\/centro-bioetica\/#website","url":"https:\/\/medicina.udd.cl\/centro-bioetica\/","name":"Centro de Bio\u00e9tica","description":"Universidad del Desarrollo","inLanguage":"es"}]}},"_links":{"self":[{"href":"https:\/\/medicina.udd.cl\/centro-bioetica\/wp-json\/wp\/v2\/pages\/210","targetHints":{"allow":["GET"]}}],"collection":[{"href":"https:\/\/medicina.udd.cl\/centro-bioetica\/wp-json\/wp\/v2\/pages"}],"about":[{"href":"https:\/\/medicina.udd.cl\/centro-bioetica\/wp-json\/wp\/v2\/types\/page"}],"author":[{"embeddable":true,"href":"https:\/\/medicina.udd.cl\/centro-bioetica\/wp-json\/wp\/v2\/users\/1"}],"replies":[{"embeddable":true,"href":"https:\/\/medicina.udd.cl\/centro-bioetica\/wp-json\/wp\/v2\/comments?post=210"}],"version-history":[{"count":10,"href":"https:\/\/medicina.udd.cl\/centro-bioetica\/wp-json\/wp\/v2\/pages\/210\/revisions"}],"predecessor-version":[{"id":5347,"href":"https:\/\/medicina.udd.cl\/centro-bioetica\/wp-json\/wp\/v2\/pages\/210\/revisions\/5347"}],"up":[{"embeddable":true,"href":"https:\/\/medicina.udd.cl\/centro-bioetica\/wp-json\/wp\/v2\/pages\/207"}],"wp:attachment":[{"href":"https:\/\/medicina.udd.cl\/centro-bioetica\/wp-json\/wp\/v2\/media?parent=210"}],"curies":[{"name":"wp","href":"https:\/\/api.w.org\/{rel}","templated":true}]}}