{"id":212,"date":"2010-06-30T09:17:32","date_gmt":"2010-06-30T13:17:32","guid":{"rendered":"http:\/\/medicina.udd.cl\/centro-bioetica\/cursos\/cursos-de-postgrado\/"},"modified":"2022-08-02T16:31:56","modified_gmt":"2022-08-02T20:31:56","slug":"cursos-de-postgrado","status":"publish","type":"page","link":"https:\/\/medicina.udd.cl\/centro-bioetica\/docencia\/cursos-de-postgrado\/","title":{"rendered":"Postgrado"},"content":{"rendered":"\n<h2 class=\"wp-block-heading\">Mag\u00edster Interuniversitario de Bio\u00e9tica (*)<\/h2>\n\n\n\n<p>El Mag\u00edster Interuniversitario de Bio\u00e9tica se desarrolla mediante un programa del Centro de Bio\u00e9tica de la Facultad de Medicina CAS-UDD con un convenio acad\u00e9mico con el Institut Borja de Bio\u00e9tica \u2013 Universidad Ram\u00f3n Llull de Barcelona. Tiene una duraci\u00f3n de 20 meses y se imparte bianualmente. El grado acad\u00e9mico es otorgado por la Universidad del Desarrollo.\u00a0Est\u00e1 organizado en base a asignaturas de diferentes extensiones que se imparten los d\u00edas jueves, viernes y mediod\u00eda del s\u00e1bado una vez al mes. En el mes de julio se realiza una semana completa presencial con los profesores extranjeros.\u00a0Est\u00e1 organizado en base a asignaturas de diferentes extensiones que se imparten los d\u00edas jueves, viernes y mediod\u00eda del s\u00e1bado una vez al mes \u00a0<a href=\"https:\/\/medicina.udd.cl\/postgrado\/magister-interuniversitario-en-bioetica\/\" target=\"_blank\" rel=\"noreferrer noopener\" aria-label=\" (se abre en una nueva pesta\u00f1a)\"><strong>(M\u00e1s informaci\u00f3n).<\/strong><\/a><\/p>\n\n\n\n<p><strong>*<\/strong> Mag\u00edster acreditado por la CNA<\/p>\n\n\n\n<h2 class=\"wp-block-heading\">Curso Intensivo Internacional de Bio\u00e9tica<\/h2>\n\n\n\n<p>Se realiza anualmente desde el a\u00f1o 2005. Tiene una duraci\u00f3n de una semana con 45 horas cronol\u00f3gicas. El objetivo del Curso es ofrecer conocimientos sobre fundamentos de la bio\u00e9tica y una puesta al d\u00eda de temas de bio\u00e9tica. La modalidad es de clases expositivas seguidas de trabajo en grupo con un tutor, seminarios, sesiones grupales de an\u00e1lisis de casos bio\u00e9ticos y debates. Es un curso restringido a 60 alumnos con 5 docentes-tutores tres de los cuales pertenecen al staff del Centro de Bio\u00e9tica y dos son profesores extranjeros. Est\u00e1 dirigido a bioeticistas, profesionales de la salud, miembros de comit\u00e9s de \u00e9tica asistencial y cient\u00edfico y docentes de Bio\u00e9tica. En las evaluaciones realizadas por los alumnos destaca la experiencia vivencial con una gran profundizaci\u00f3n de los tema <strong>(<a href=\"https:\/\/medicina.udd.cl\/ver-curso\/curso-intensivo-internacional-de-bioetica-3\/\">M\u00e1s informaci\u00f3n<\/a>)<\/strong><\/p>\n\n\n\n<p>Desde el a\u00f1o 2017, el CIIB constituye el 1\u00b0 m\u00f3dulo del <strong>Diplomado en Bio\u00e9tica: Fundamentos y Actualizaci\u00f3n<\/strong>, <strong>(<a href=\"https:\/\/medicina.udd.cl\/ver-diplomado\/diplomado-en-bioetica-fundamentos-y-actualizacion-3\/\">ver m\u00e1s<\/a>).<\/strong><\/p>\n\n\n\n<h2 class=\"wp-block-heading\">Diplomado Internacional: Regulaci\u00f3n para la Innovaci\u00f3n Tecnol\u00f3gica<\/h2>\n\n\n\n<p>El Diplomado Internacional Bioderecho e Innovaci\u00f3n biotecnol\u00f3gica tiene por objetivo examinar los problemas actuales que enfrenta la regulaci\u00f3n de la innovaci\u00f3n biotecnol\u00f3gica a nivel nacional e internacional con el fin de brindar herramientas te\u00f3ricas, pr\u00e1cticas y metodol\u00f3gicas a los profesionales que se desempe\u00f1an en este campo.&nbsp;Al mismo tiempo, contribuir con capacitaci\u00f3n especializada que promueva la creaci\u00f3n de condiciones regulatorias habilitantes para el desarrollo y adopci\u00f3n de biotecnolog\u00edas en el pa\u00eds. <strong><a href=\"https:\/\/medicina.udd.cl\/ver-diplomado\/diplomado-internacional-regulacion-para-la-innovacion-biotecnologica\/\">(M\u00e1s informaci\u00f3n)<\/a><\/strong><\/p>\n\n\n\n<h2 class=\"wp-block-heading\">Diplomado en Bio\u00e9tica para Cl\u00ednicos<\/h2>\n\n\n\n<p>La bio\u00e9tica es una disciplina de reciente desarrollo que pretende ser un puente entre las ciencias de la vida y la reflexi\u00f3n moral, en el contexto de los crecientes desaf\u00edos asociados al exponencial aumento en el conocimiento cient\u00edfico y al acelerado avance tecnol\u00f3gico. La bio\u00e9tica cl\u00ednica es el \u00e1rea dedicada a la reflexi\u00f3n y an\u00e1lisis de los valores y principios morales en el campo de las ciencias de la salud y de las atenciones de salud de las personas, con el objetivo de guiar las conductas de manera tal que se consideren adecuadamente los aspectos cient\u00edfico-t\u00e9cnicos y los \u00e9ticos.<\/p>\n\n\n\n<p>En la actualidad es imprescindible la formaci\u00f3n de los profesionales en este campo, por lo que se hace necesaria la implementaci\u00f3n de programas educativos en bio\u00e9tica cl\u00ednica, que permitan adquirir conocimientos y desarrollar habilidades para la toma de decisiones \u00e9tico-cl\u00ednicas y la asesor\u00eda a distintos niveles en estas problem\u00e1ticas en salud. <strong><a href=\"https:\/\/medicina.udd.cl\/ver-diplomado\/diplomado-en-bioetica-para-clinicos\/\">(Ver m\u00e1s)<\/a><\/strong><\/p>\n\n\n\n<h2 class=\"wp-block-heading\">Seminario Internacional de Bio\u00e9tica.<\/h2>\n\n\n\n<p>Se realiza anualmente un seminario internacional, organizado por el Instituto Borja de Bio\u00e9tica de la Universidad Ram\u00f3n Llull y el Departamento Cient\u00edfico Docente&nbsp;de Cl\u00ednica Alemana.&nbsp;Aqu\u00ed se tratan temas espec\u00edficos como derechos del paciente, conocimiento informado y comit\u00e9s de \u00e9tica.&nbsp;El \u00faltimo Seminario se realiz\u00f3 los d\u00edas 8 y 9 de julio de 2016 y tuvo como tema central&nbsp;\u201cEnvejecer con dignidad: un compromiso de todos\u201d.<\/p>\n\n\n\n<p>Adem\u00e1s, el Centro de Bio\u00e9tica&nbsp;imparte la asignatura de Bio\u00e9tica en los siguientes programas UDD:<\/p>\n\n\n\n<ul class=\"wp-block-list\"><li><strong>Doctorado en Ciencias e Innovaci\u00f3n en Medicina<\/strong><\/li><li><strong>Mag\u00edster de Gesti\u00f3n en Salud&nbsp;<\/strong><\/li><li><strong>Diplomado en Educaci\u00f3n en Docencia Cl\u00ednica&nbsp;<\/strong><\/li><li><strong>Programa de formaci\u00f3n de especialistas<\/strong><\/li><\/ul>\n\n\n\n<p>A su vez, ofrece la posibilidad de pasant\u00edas de estudio y profundizaci\u00f3n de temas de su \u00e1rea por per\u00edodos de 2 a 6 meses, a profesionales que lo soliciten.<\/p>\n","protected":false},"excerpt":{"rendered":"<p>El Centro de Bio\u00e9tica realiza docencia de postgrado. Ac\u00e1 puedes revisar la informaci\u00f3n sobre los programas que ofrecemos.<\/p>\n","protected":false},"author":1,"featured_media":0,"parent":207,"menu_order":0,"comment_status":"open","ping_status":"open","template":"","meta":{"footnotes":""},"class_list":["post-212","page","type-page","status-publish","hentry"],"yoast_head":"<!-- This site is optimized with the Yoast SEO plugin v26.9 - https:\/\/yoast.com\/product\/yoast-seo-wordpress\/ -->\n<title>Postgrado - Centro de Bio\u00e9tica<\/title>\n<meta name=\"robots\" content=\"index, follow, max-snippet:-1, max-image-preview:large, max-video-preview:-1\" \/>\n<link rel=\"canonical\" href=\"https:\/\/medicina.udd.cl\/centro-bioetica\/docencia\/cursos-de-postgrado\/\" \/>\n<meta property=\"og:locale\" content=\"es_ES\" \/>\n<meta property=\"og:type\" content=\"article\" \/>\n<meta property=\"og:title\" content=\"Postgrado - Centro de Bio\u00e9tica\" \/>\n<meta property=\"og:description\" content=\"El Centro de Bio\u00e9tica realiza docencia de postgrado. Ac\u00e1 puedes revisar la informaci\u00f3n sobre los programas que ofrecemos.\" \/>\n<meta property=\"og:url\" content=\"https:\/\/medicina.udd.cl\/centro-bioetica\/docencia\/cursos-de-postgrado\/\" \/>\n<meta property=\"og:site_name\" content=\"Centro de Bio\u00e9tica\" \/>\n<meta property=\"article:modified_time\" content=\"2022-08-02T20:31:56+00:00\" \/>\n<meta name=\"twitter:label1\" content=\"Tiempo de lectura\" \/>\n\t<meta name=\"twitter:data1\" content=\"4 minutos\" \/>\n<script type=\"application\/ld+json\" class=\"yoast-schema-graph\">{\"@context\":\"https:\/\/schema.org\",\"@graph\":[{\"@type\":\"WebPage\",\"@id\":\"https:\/\/medicina.udd.cl\/centro-bioetica\/docencia\/cursos-de-postgrado\/\",\"url\":\"https:\/\/medicina.udd.cl\/centro-bioetica\/docencia\/cursos-de-postgrado\/\",\"name\":\"Postgrado - Centro de Bio\u00e9tica\",\"isPartOf\":{\"@id\":\"https:\/\/medicina.udd.cl\/centro-bioetica\/#website\"},\"datePublished\":\"2010-06-30T13:17:32+00:00\",\"dateModified\":\"2022-08-02T20:31:56+00:00\",\"breadcrumb\":{\"@id\":\"https:\/\/medicina.udd.cl\/centro-bioetica\/docencia\/cursos-de-postgrado\/#breadcrumb\"},\"inLanguage\":\"es\",\"potentialAction\":[{\"@type\":\"ReadAction\",\"target\":[\"https:\/\/medicina.udd.cl\/centro-bioetica\/docencia\/cursos-de-postgrado\/\"]}]},{\"@type\":\"BreadcrumbList\",\"@id\":\"https:\/\/medicina.udd.cl\/centro-bioetica\/docencia\/cursos-de-postgrado\/#breadcrumb\",\"itemListElement\":[{\"@type\":\"ListItem\",\"position\":1,\"name\":\"Inicio\",\"item\":\"https:\/\/medicina.udd.cl\/centro-bioetica\/\"},{\"@type\":\"ListItem\",\"position\":2,\"name\":\"Docencia\",\"item\":\"https:\/\/medicina.udd.cl\/centro-bioetica\/docencia\/\"},{\"@type\":\"ListItem\",\"position\":3,\"name\":\"Postgrado\"}]},{\"@type\":\"WebSite\",\"@id\":\"https:\/\/medicina.udd.cl\/centro-bioetica\/#website\",\"url\":\"https:\/\/medicina.udd.cl\/centro-bioetica\/\",\"name\":\"Centro de Bio\u00e9tica\",\"description\":\"Universidad del Desarrollo\",\"inLanguage\":\"es\"}]}<\/script>\n<!-- \/ Yoast SEO plugin. -->","yoast_head_json":{"title":"Postgrado - Centro de Bio\u00e9tica","robots":{"index":"index","follow":"follow","max-snippet":"max-snippet:-1","max-image-preview":"max-image-preview:large","max-video-preview":"max-video-preview:-1"},"canonical":"https:\/\/medicina.udd.cl\/centro-bioetica\/docencia\/cursos-de-postgrado\/","og_locale":"es_ES","og_type":"article","og_title":"Postgrado - Centro de Bio\u00e9tica","og_description":"El Centro de Bio\u00e9tica realiza docencia de postgrado. Ac\u00e1 puedes revisar la informaci\u00f3n sobre los programas que ofrecemos.","og_url":"https:\/\/medicina.udd.cl\/centro-bioetica\/docencia\/cursos-de-postgrado\/","og_site_name":"Centro de Bio\u00e9tica","article_modified_time":"2022-08-02T20:31:56+00:00","twitter_misc":{"Tiempo de lectura":"4 minutos"},"schema":{"@context":"https:\/\/schema.org","@graph":[{"@type":"WebPage","@id":"https:\/\/medicina.udd.cl\/centro-bioetica\/docencia\/cursos-de-postgrado\/","url":"https:\/\/medicina.udd.cl\/centro-bioetica\/docencia\/cursos-de-postgrado\/","name":"Postgrado - Centro de Bio\u00e9tica","isPartOf":{"@id":"https:\/\/medicina.udd.cl\/centro-bioetica\/#website"},"datePublished":"2010-06-30T13:17:32+00:00","dateModified":"2022-08-02T20:31:56+00:00","breadcrumb":{"@id":"https:\/\/medicina.udd.cl\/centro-bioetica\/docencia\/cursos-de-postgrado\/#breadcrumb"},"inLanguage":"es","potentialAction":[{"@type":"ReadAction","target":["https:\/\/medicina.udd.cl\/centro-bioetica\/docencia\/cursos-de-postgrado\/"]}]},{"@type":"BreadcrumbList","@id":"https:\/\/medicina.udd.cl\/centro-bioetica\/docencia\/cursos-de-postgrado\/#breadcrumb","itemListElement":[{"@type":"ListItem","position":1,"name":"Inicio","item":"https:\/\/medicina.udd.cl\/centro-bioetica\/"},{"@type":"ListItem","position":2,"name":"Docencia","item":"https:\/\/medicina.udd.cl\/centro-bioetica\/docencia\/"},{"@type":"ListItem","position":3,"name":"Postgrado"}]},{"@type":"WebSite","@id":"https:\/\/medicina.udd.cl\/centro-bioetica\/#website","url":"https:\/\/medicina.udd.cl\/centro-bioetica\/","name":"Centro de Bio\u00e9tica","description":"Universidad del Desarrollo","inLanguage":"es"}]}},"_links":{"self":[{"href":"https:\/\/medicina.udd.cl\/centro-bioetica\/wp-json\/wp\/v2\/pages\/212","targetHints":{"allow":["GET"]}}],"collection":[{"href":"https:\/\/medicina.udd.cl\/centro-bioetica\/wp-json\/wp\/v2\/pages"}],"about":[{"href":"https:\/\/medicina.udd.cl\/centro-bioetica\/wp-json\/wp\/v2\/types\/page"}],"author":[{"embeddable":true,"href":"https:\/\/medicina.udd.cl\/centro-bioetica\/wp-json\/wp\/v2\/users\/1"}],"replies":[{"embeddable":true,"href":"https:\/\/medicina.udd.cl\/centro-bioetica\/wp-json\/wp\/v2\/comments?post=212"}],"version-history":[{"count":50,"href":"https:\/\/medicina.udd.cl\/centro-bioetica\/wp-json\/wp\/v2\/pages\/212\/revisions"}],"predecessor-version":[{"id":5773,"href":"https:\/\/medicina.udd.cl\/centro-bioetica\/wp-json\/wp\/v2\/pages\/212\/revisions\/5773"}],"up":[{"embeddable":true,"href":"https:\/\/medicina.udd.cl\/centro-bioetica\/wp-json\/wp\/v2\/pages\/207"}],"wp:attachment":[{"href":"https:\/\/medicina.udd.cl\/centro-bioetica\/wp-json\/wp\/v2\/media?parent=212"}],"curies":[{"name":"wp","href":"https:\/\/api.w.org\/{rel}","templated":true}]}}