{"id":226,"date":"2010-06-30T11:16:24","date_gmt":"2010-06-30T15:16:24","guid":{"rendered":"http:\/\/medicina.udd.cl\/centro-bioetica\/dialogos-bioeticos\/"},"modified":"2026-04-08T11:19:33","modified_gmt":"2026-04-08T15:19:33","slug":"dialogos-bioeticos","status":"publish","type":"page","link":"https:\/\/medicina.udd.cl\/centro-bioetica\/dialogos-bioeticos\/","title":{"rendered":"Di\u00e1logos Bio\u00e9ticos"},"content":{"rendered":"\n<p><br><\/p>\n\n\n<section class=\"wp-block-udd-text-row block--bg-gray\">\n\t<div class=\"text-row\">\n\t\t<div class=\"text-row__content\">\n\t\t\t<div class=\"text-row__content-inner text\">\n\t\t\t\t\t\t\t\t\n<p>Los Di\u00e1logos Bio\u00e9ticos son instancias de reflexi\u00f3n y conversaci\u00f3n en torno a temas contingentes de la Bio\u00e9tica. Se realizan cada primer o segundo mi\u00e9rcoles del mes de marzo a diciembre. Un docente del staff de Bio\u00e9tica o invitado expone en 30 o 40 minutos el tema y luego se realiza un intercambio de opiniones entre los asistentes. Son abiertos a todos los acad\u00e9micos, alumnos y p\u00fablico en general.<\/p>\n\t\t\t<\/div>\n\t\t<\/div>\n\t\t<div class=\"text-row__media\">\n\t\t\t<img loading=\"lazy\" decoding=\"async\" width=\"180\" height=\"213\" src=\"https:\/\/medicina.udd.cl\/centro-bioetica\/files\/2010\/06\/Di\u00e1logos-Bio\u00e9ticos-Centro-de-Bio\u00e9tica.jpg\" class=\"text-row__media-image lazyload\" alt=\"\" data-src=\"https:\/\/medicina.udd.cl\/centro-bioetica\/files\/2010\/06\/Di\u00e1logos-Bio\u00e9ticos-Centro-de-Bio\u00e9tica.jpg\" \/>\t\t<\/div>\n\t<\/div>\n<\/section>\n\n\n<!-- WP Block: UDD - Access Cards -->\n<section\n\tid=\"udd-access-cards--1\"\n\tclass=\"wp-block-udd-access-cards\n\t\t\"\n\t\tstyle=\"\n\t\t--udd-blocks-has-columns-number: 1\t\t\"\n\t>\n\t<div class=\"container\">\n\t\t\t\t<div class=\"block__content\">\n\t\t\t<div\n\t\t\t\tclass=\"udd-access-cards\"\n\t\t\t\t\t\t\t>\n\t\t\t<div\n\tdata-index=\"1\"\n\tclass=\"udd-access-card-wrapper\"\n\t>\n\t<a href=\"https:\/\/medicina.udd.cl\/centro-bioetica\/dialogos-bioeticos-2026\/\" class=\"access-card access-card--profile\" data-url=\"https:\/\/medicina.udd.cl\/centro-bioetica\/dialogos-bioeticos-2026\/\">\n\t\t\t\t\t\t<h3\n\t\t\tdata-index=\"1\"\n\t\t\tclass=\"access-card__title\"\n\t\t>\n\t\t\tDi\u00e1logos Bio\u00e9ticos 2026\t\t<\/h3>\n\t\t\t\t<div class=\"access-card__link\">\n\t\t\t<span class=\"access-card__link-text\">Conocer m\u00e1s<\/span>\n\t\t<\/div>\n\t<\/a>\n<\/div>\n\t\t\t<\/div>\n\t\t<\/div>\n\t<\/div>\n<\/section>\n\n\n<!-- WP Block: UDD - Access Cards -->\n<section\n\tid=\"udd-access-cards--2\"\n\tclass=\"wp-block-udd-access-cards\n\t\tjs-show-in-modal\"\n\t\tstyle=\"\n\t\t--udd-blocks-has-columns-number: 4\t\t\"\n\t>\n\t<div class=\"container\">\n\t\t\t\t\t<header class=\"header__innerblock block__header\">\n\t\t\t<h2 class=\"block__title\">A\u00f1os anteriores<\/h2>\n\t\n\t\n\t<\/header>\n\t\t\t\t<div class=\"block__content\">\n\t\t\t<div\n\t\t\t\tclass=\"udd-access-cards\"\n\t\t\t\t\t\t\t>\n\t\t\t<div\n\tdata-index=\"1\"\n\tclass=\"udd-access-card-wrapper\"\n\t>\n\t<a href=\"https:\/\/medicina.udd.cl\/centro-bioetica\/dialogos-bioeticos-2025\/\" class=\"access-card access-card--profile\" data-url=\"https:\/\/medicina.udd.cl\/centro-bioetica\/dialogos-bioeticos-2025\/\">\n\t\t\t\t\t\t<h3\n\t\t\tdata-index=\"1\"\n\t\t\tclass=\"access-card__title\"\n\t\t>\n\t\t\tDi\u00e1logos Bio\u00e9ticos 2025\t\t<\/h3>\n\t\t\t\t<div class=\"access-card__link\">\n\t\t\t<span class=\"access-card__link-text\">Conocer m\u00e1s<\/span>\n\t\t<\/div>\n\t<\/a>\n<\/div>\n<div\n\tdata-index=\"2\"\n\tclass=\"udd-access-card-wrapper\"\n\t>\n\t<a href=\"https:\/\/medicina.udd.cl\/centro-bioetica\/dialogos-bioeticos-2024\/\" class=\"access-card access-card--profile\" data-url=\"https:\/\/medicina.udd.cl\/centro-bioetica\/dialogos-bioeticos-2024\/\">\n\t\t\t\t\t\t<h3\n\t\t\tdata-index=\"2\"\n\t\t\tclass=\"access-card__title\"\n\t\t>\n\t\t\tDi\u00e1logos Bio\u00e9ticos 2024\t\t<\/h3>\n\t\t\t\t<div class=\"access-card__link\">\n\t\t\t<span class=\"access-card__link-text\">Conocer m\u00e1s<\/span>\n\t\t<\/div>\n\t<\/a>\n<\/div>\n<div\n\tdata-index=\"3\"\n\tclass=\"udd-access-card-wrapper\"\n\t>\n\t<a href=\"https:\/\/medicina.udd.cl\/centro-bioetica\/dialogos-bioeticos-2023\/\" class=\"access-card access-card--profile\" data-url=\"https:\/\/medicina.udd.cl\/centro-bioetica\/dialogos-bioeticos-2023\/\">\n\t\t\t\t\t\t<h3\n\t\t\tdata-index=\"3\"\n\t\t\tclass=\"access-card__title\"\n\t\t>\n\t\t\tDi\u00e1logos Bio\u00e9ticos 2023\t\t<\/h3>\n\t\t\t\t<div class=\"access-card__link\">\n\t\t\t<span class=\"access-card__link-text\">Conocer m\u00e1s<\/span>\n\t\t<\/div>\n\t<\/a>\n<\/div>\n<div\n\tdata-index=\"4\"\n\tclass=\"udd-access-card-wrapper\"\n\t>\n\t<a href=\"https:\/\/medicina.udd.cl\/centro-bioetica\/dialogos-bioeticos-2022\/\" class=\"access-card access-card--profile\" data-url=\"https:\/\/medicina.udd.cl\/centro-bioetica\/dialogos-bioeticos-2022\/\">\n\t\t\t\t\t\t<h3\n\t\t\tdata-index=\"4\"\n\t\t\tclass=\"access-card__title\"\n\t\t>\n\t\t\tDi\u00e1logos Bio\u00e9ticos 2022\t\t<\/h3>\n\t\t\t\t<div class=\"access-card__link\">\n\t\t\t<span class=\"access-card__link-text\">Conocer m\u00e1s<\/span>\n\t\t<\/div>\n\t<\/a>\n<\/div>\n<div\n\tdata-index=\"5\"\n\tclass=\"udd-access-card-wrapper\"\n\t>\n\t<a href=\"https:\/\/medicina.udd.cl\/centro-bioetica\/dialogos-bioeticos-2021\/\" class=\"access-card access-card--profile\" data-url=\"https:\/\/medicina.udd.cl\/centro-bioetica\/dialogos-bioeticos-2021\/\">\n\t\t\t\t\t\t<h3\n\t\t\tdata-index=\"5\"\n\t\t\tclass=\"access-card__title\"\n\t\t>\n\t\t\tDi\u00e1logos Bio\u00e9ticos 2021\t\t<\/h3>\n\t\t\t\t<div class=\"access-card__link\">\n\t\t\t<span class=\"access-card__link-text\">Conocer m\u00e1s<\/span>\n\t\t<\/div>\n\t<\/a>\n<\/div>\n<div\n\tdata-index=\"6\"\n\tclass=\"udd-access-card-wrapper\"\n\t>\n\t<a href=\"https:\/\/medicina.udd.cl\/centro-bioetica\/dialogos-bioeticos-2020\/\" class=\"access-card access-card--profile\" data-url=\"https:\/\/medicina.udd.cl\/centro-bioetica\/dialogos-bioeticos-2020\/\">\n\t\t\t\t\t\t<h3\n\t\t\tdata-index=\"6\"\n\t\t\tclass=\"access-card__title\"\n\t\t>\n\t\t\tDi\u00e1logos Bio\u00e9ticos 2020\t\t<\/h3>\n\t\t\t\t<div class=\"access-card__link\">\n\t\t\t<span class=\"access-card__link-text\">Conocer m\u00e1s<\/span>\n\t\t<\/div>\n\t<\/a>\n<\/div>\n<div\n\tdata-index=\"7\"\n\tclass=\"udd-access-card-wrapper\"\n\t>\n\t<a href=\"https:\/\/medicina.udd.cl\/centro-bioetica\/dialogos-bioeticos\/dialogos-bioeticos-2019\/\" class=\"access-card access-card--profile\" data-url=\"https:\/\/medicina.udd.cl\/centro-bioetica\/dialogos-bioeticos\/dialogos-bioeticos-2019\/\">\n\t\t\t\t\t\t<h3\n\t\t\tdata-index=\"7\"\n\t\t\tclass=\"access-card__title\"\n\t\t>\n\t\t\tDi\u00e1logos Bio\u00e9ticos 2019\t\t<\/h3>\n\t\t\t\t<div class=\"access-card__link\">\n\t\t\t<span class=\"access-card__link-text\">Conocer m\u00e1s<\/span>\n\t\t<\/div>\n\t<\/a>\n<\/div>\n<div\n\tdata-index=\"8\"\n\tclass=\"udd-access-card-wrapper\"\n\t>\n\t<a href=\"https:\/\/medicina.udd.cl\/centro-bioetica\/dialogos-bioeticos\/dialogos-bioeticos-2018\/\" class=\"access-card access-card--profile\" data-url=\"https:\/\/medicina.udd.cl\/centro-bioetica\/dialogos-bioeticos\/dialogos-bioeticos-2018\/\">\n\t\t\t\t\t\t<h3\n\t\t\tdata-index=\"8\"\n\t\t\tclass=\"access-card__title\"\n\t\t>\n\t\t\tDi\u00e1logos Bio\u00e9ticos 2018\t\t<\/h3>\n\t\t\t\t<div class=\"access-card__link\">\n\t\t\t<span class=\"access-card__link-text\">Conocer m\u00e1s<\/span>\n\t\t<\/div>\n\t<\/a>\n<\/div>\n<div\n\tdata-index=\"9\"\n\tclass=\"udd-access-card-wrapper\"\n\t>\n\t<a href=\"https:\/\/medicina.udd.cl\/centro-bioetica\/dialogos-bioeticos\/dialogos-bioeticos-2017\/\" class=\"access-card access-card--profile\" data-url=\"https:\/\/medicina.udd.cl\/centro-bioetica\/dialogos-bioeticos\/dialogos-bioeticos-2017\/\">\n\t\t\t\t\t\t<h3\n\t\t\tdata-index=\"9\"\n\t\t\tclass=\"access-card__title\"\n\t\t>\n\t\t\tDi\u00e1logos Bio\u00e9ticos 2017\t\t<\/h3>\n\t\t\t\t<div class=\"access-card__link\">\n\t\t\t<span class=\"access-card__link-text\">Conocer m\u00e1s<\/span>\n\t\t<\/div>\n\t<\/a>\n<\/div>\n<div\n\tdata-index=\"10\"\n\tclass=\"udd-access-card-wrapper\"\n\t>\n\t<a href=\"https:\/\/medicina.udd.cl\/centro-bioetica\/dialogos-bioeticos\/dialogos-bioeticos-2016\/\" class=\"access-card access-card--profile\" data-url=\"https:\/\/medicina.udd.cl\/centro-bioetica\/dialogos-bioeticos\/dialogos-bioeticos-2016\/\">\n\t\t\t\t\t\t<h3\n\t\t\tdata-index=\"10\"\n\t\t\tclass=\"access-card__title\"\n\t\t>\n\t\t\tDi\u00e1logos Bio\u00e9ticos 2016\t\t<\/h3>\n\t\t\t\t<div class=\"access-card__link\">\n\t\t\t<span class=\"access-card__link-text\">Conocer m\u00e1s<\/span>\n\t\t<\/div>\n\t<\/a>\n<\/div>\n<div\n\tdata-index=\"11\"\n\tclass=\"udd-access-card-wrapper\"\n\t>\n\t<a href=\"https:\/\/medicina.udd.cl\/centro-bioetica\/dialogos-bioeticos\/dialogos-bioeticos-2015\/\" class=\"access-card access-card--profile\" data-url=\"https:\/\/medicina.udd.cl\/centro-bioetica\/dialogos-bioeticos\/dialogos-bioeticos-2015\/\">\n\t\t\t\t\t\t<h3\n\t\t\tdata-index=\"11\"\n\t\t\tclass=\"access-card__title\"\n\t\t>\n\t\t\tDi\u00e1logos Bio\u00e9ticos 2015\t\t<\/h3>\n\t\t\t\t<div class=\"access-card__link\">\n\t\t\t<span class=\"access-card__link-text\">Conocer m\u00e1s<\/span>\n\t\t<\/div>\n\t<\/a>\n<\/div>\n<div\n\tdata-index=\"12\"\n\tclass=\"udd-access-card-wrapper\"\n\t>\n\t<a href=\"https:\/\/medicina.udd.cl\/centro-bioetica\/dialogos-bioeticos\/dialogos-bioeticos-2014\/\" class=\"access-card access-card--profile\" data-url=\"https:\/\/medicina.udd.cl\/centro-bioetica\/dialogos-bioeticos\/dialogos-bioeticos-2014\/\">\n\t\t\t\t\t\t<h3\n\t\t\tdata-index=\"12\"\n\t\t\tclass=\"access-card__title\"\n\t\t>\n\t\t\tDi\u00e1logos Bio\u00e9ticos 2014\t\t<\/h3>\n\t\t\t\t<div class=\"access-card__link\">\n\t\t\t<span class=\"access-card__link-text\">Conocer m\u00e1s<\/span>\n\t\t<\/div>\n\t<\/a>\n<\/div>\n<div\n\tdata-index=\"13\"\n\tclass=\"udd-access-card-wrapper\"\n\t>\n\t<a href=\"https:\/\/medicina.udd.cl\/centro-bioetica\/dialogos-bioeticos\/dialogos-bioeticos-2013\/\" class=\"access-card access-card--profile\" data-url=\"https:\/\/medicina.udd.cl\/centro-bioetica\/dialogos-bioeticos\/dialogos-bioeticos-2013\/\">\n\t\t\t\t\t\t<h3\n\t\t\tdata-index=\"13\"\n\t\t\tclass=\"access-card__title\"\n\t\t>\n\t\t\tDi\u00e1logos Bio\u00e9ticos 2013\t\t<\/h3>\n\t\t\t\t<div class=\"access-card__link\">\n\t\t\t<span class=\"access-card__link-text\">Conocer m\u00e1s<\/span>\n\t\t<\/div>\n\t<\/a>\n<\/div>\n<div\n\tdata-index=\"14\"\n\tclass=\"udd-access-card-wrapper\"\n\t>\n\t<a href=\"https:\/\/medicina.udd.cl\/centro-bioetica\/dialogos-bioeticos\/dialogos-bioeticos-2012\/\" class=\"access-card access-card--profile\" data-url=\"https:\/\/medicina.udd.cl\/centro-bioetica\/dialogos-bioeticos\/dialogos-bioeticos-2012\/\">\n\t\t\t\t\t\t<h3\n\t\t\tdata-index=\"14\"\n\t\t\tclass=\"access-card__title\"\n\t\t>\n\t\t\tDi\u00e1logos Bio\u00e9ticos 2012\t\t<\/h3>\n\t\t\t\t<div class=\"access-card__link\">\n\t\t\t<span class=\"access-card__link-text\">Conocer m\u00e1s<\/span>\n\t\t<\/div>\n\t<\/a>\n<\/div>\n<div\n\tdata-index=\"15\"\n\tclass=\"udd-access-card-wrapper\"\n\t>\n\t<a href=\"https:\/\/medicina.udd.cl\/centro-bioetica\/dialogos-bioeticos\/dialogos-bioeticos-2011\/\" class=\"access-card access-card--profile\" data-url=\"https:\/\/medicina.udd.cl\/centro-bioetica\/dialogos-bioeticos\/dialogos-bioeticos-2011\/\">\n\t\t\t\t\t\t<h3\n\t\t\tdata-index=\"15\"\n\t\t\tclass=\"access-card__title\"\n\t\t>\n\t\t\tDi\u00e1logos Bio\u00e9ticos 2011\t\t<\/h3>\n\t\t\t\t<div class=\"access-card__link\">\n\t\t\t<span class=\"access-card__link-text\">Conocer m\u00e1s<\/span>\n\t\t<\/div>\n\t<\/a>\n<\/div>\n<div\n\tdata-index=\"16\"\n\tclass=\"udd-access-card-wrapper\"\n\t>\n\t<a href=\"https:\/\/medicina.udd.cl\/centro-bioetica\/dialogos-bioeticos\/dialogos-bioeticos-2010\/\" class=\"access-card access-card--profile\" data-url=\"https:\/\/medicina.udd.cl\/centro-bioetica\/dialogos-bioeticos\/dialogos-bioeticos-2010\/\">\n\t\t\t\t\t\t<h3\n\t\t\tdata-index=\"16\"\n\t\t\tclass=\"access-card__title\"\n\t\t>\n\t\t\tDi\u00e1logos Bio\u00e9ticos 2010\t\t<\/h3>\n\t\t\t\t<div class=\"access-card__link\">\n\t\t\t<span class=\"access-card__link-text\">Conocer m\u00e1s<\/span>\n\t\t<\/div>\n\t<\/a>\n<\/div>\n<div\n\tdata-index=\"17\"\n\tclass=\"udd-access-card-wrapper\"\n\t>\n\t<a href=\"https:\/\/medicina.udd.cl\/centro-bioetica\/dialogos-bioeticos\/dialogos-bioeticos-2009\/\" class=\"access-card access-card--profile\" data-url=\"https:\/\/medicina.udd.cl\/centro-bioetica\/dialogos-bioeticos\/dialogos-bioeticos-2009\/\">\n\t\t\t\t\t\t<h3\n\t\t\tdata-index=\"17\"\n\t\t\tclass=\"access-card__title\"\n\t\t>\n\t\t\tDi\u00e1logos Bio\u00e9ticos 2009\t\t<\/h3>\n\t\t\t\t<div class=\"access-card__link\">\n\t\t\t<span class=\"access-card__link-text\">Conocer m\u00e1s<\/span>\n\t\t<\/div>\n\t<\/a>\n<\/div>\n<div\n\tdata-index=\"18\"\n\tclass=\"udd-access-card-wrapper\"\n\t>\n\t<a href=\"https:\/\/medicina.udd.cl\/centro-bioetica\/dialogos-bioeticos\/dialogos-bioeticos-2008\/\" class=\"access-card access-card--profile\" data-url=\"https:\/\/medicina.udd.cl\/centro-bioetica\/dialogos-bioeticos\/dialogos-bioeticos-2008\/\">\n\t\t\t\t\t\t<h3\n\t\t\tdata-index=\"18\"\n\t\t\tclass=\"access-card__title\"\n\t\t>\n\t\t\tDi\u00e1logos Bio\u00e9ticos 2008\t\t<\/h3>\n\t\t\t\t<div class=\"access-card__link\">\n\t\t\t<span class=\"access-card__link-text\">Conocer m\u00e1s<\/span>\n\t\t<\/div>\n\t<\/a>\n<\/div>\n<div\n\tdata-index=\"19\"\n\tclass=\"udd-access-card-wrapper\"\n\t>\n\t<a href=\"https:\/\/medicina.udd.cl\/centro-bioetica\/dialogos-bioeticos\/dialogos-bioeticos-2007\/\" class=\"access-card access-card--profile\" data-url=\"https:\/\/medicina.udd.cl\/centro-bioetica\/dialogos-bioeticos\/dialogos-bioeticos-2007\/\">\n\t\t\t\t\t\t<h3\n\t\t\tdata-index=\"19\"\n\t\t\tclass=\"access-card__title\"\n\t\t>\n\t\t\tDi\u00e1logos Bio\u00e9ticos 2007\t\t<\/h3>\n\t\t\t\t<div class=\"access-card__link\">\n\t\t\t<span class=\"access-card__link-text\">Conocer m\u00e1s<\/span>\n\t\t<\/div>\n\t<\/a>\n<\/div>\n\t\t\t<\/div>\n\t\t<\/div>\n\t<\/div>\n<\/section>\n","protected":false},"excerpt":{"rendered":"<p>Encuentre los res\u00famenes y descargue los videos de los di\u00e1logos bio\u00e9ticos. <\/p>\n","protected":false},"author":1,"featured_media":0,"parent":0,"menu_order":0,"comment_status":"open","ping_status":"open","template":"","meta":{"footnotes":""},"class_list":["post-226","page","type-page","status-publish","hentry"],"yoast_head":"<!-- This site is optimized with the Yoast SEO plugin v26.9 - https:\/\/yoast.com\/product\/yoast-seo-wordpress\/ -->\n<title>Di\u00e1logos Bio\u00e9ticos - Centro de Bio\u00e9tica<\/title>\n<meta name=\"robots\" content=\"index, follow, max-snippet:-1, max-image-preview:large, max-video-preview:-1\" \/>\n<link rel=\"canonical\" href=\"https:\/\/medicina.udd.cl\/centro-bioetica\/dialogos-bioeticos\/\" \/>\n<meta property=\"og:locale\" content=\"es_ES\" \/>\n<meta property=\"og:type\" content=\"article\" \/>\n<meta property=\"og:title\" content=\"Di\u00e1logos Bio\u00e9ticos - Centro de Bio\u00e9tica\" \/>\n<meta property=\"og:description\" content=\"Encuentre los res\u00famenes y descargue los videos de los di\u00e1logos bio\u00e9ticos.\" \/>\n<meta property=\"og:url\" content=\"https:\/\/medicina.udd.cl\/centro-bioetica\/dialogos-bioeticos\/\" \/>\n<meta property=\"og:site_name\" content=\"Centro de Bio\u00e9tica\" \/>\n<meta property=\"article:modified_time\" content=\"2026-04-08T15:19:33+00:00\" \/>\n<meta name=\"twitter:label1\" content=\"Tiempo de lectura\" \/>\n\t<meta name=\"twitter:data1\" content=\"1 minuto\" \/>\n<script type=\"application\/ld+json\" class=\"yoast-schema-graph\">{\"@context\":\"https:\/\/schema.org\",\"@graph\":[{\"@type\":\"WebPage\",\"@id\":\"https:\/\/medicina.udd.cl\/centro-bioetica\/dialogos-bioeticos\/\",\"url\":\"https:\/\/medicina.udd.cl\/centro-bioetica\/dialogos-bioeticos\/\",\"name\":\"Di\u00e1logos Bio\u00e9ticos - Centro de Bio\u00e9tica\",\"isPartOf\":{\"@id\":\"https:\/\/medicina.udd.cl\/centro-bioetica\/#website\"},\"datePublished\":\"2010-06-30T15:16:24+00:00\",\"dateModified\":\"2026-04-08T15:19:33+00:00\",\"breadcrumb\":{\"@id\":\"https:\/\/medicina.udd.cl\/centro-bioetica\/dialogos-bioeticos\/#breadcrumb\"},\"inLanguage\":\"es\",\"potentialAction\":[{\"@type\":\"ReadAction\",\"target\":[\"https:\/\/medicina.udd.cl\/centro-bioetica\/dialogos-bioeticos\/\"]}]},{\"@type\":\"BreadcrumbList\",\"@id\":\"https:\/\/medicina.udd.cl\/centro-bioetica\/dialogos-bioeticos\/#breadcrumb\",\"itemListElement\":[{\"@type\":\"ListItem\",\"position\":1,\"name\":\"Inicio\",\"item\":\"https:\/\/medicina.udd.cl\/centro-bioetica\/\"},{\"@type\":\"ListItem\",\"position\":2,\"name\":\"Di\u00e1logos Bio\u00e9ticos\"}]},{\"@type\":\"WebSite\",\"@id\":\"https:\/\/medicina.udd.cl\/centro-bioetica\/#website\",\"url\":\"https:\/\/medicina.udd.cl\/centro-bioetica\/\",\"name\":\"Centro de Bio\u00e9tica\",\"description\":\"Universidad del Desarrollo\",\"inLanguage\":\"es\"}]}<\/script>\n<!-- \/ Yoast SEO plugin. -->","yoast_head_json":{"title":"Di\u00e1logos Bio\u00e9ticos - Centro de Bio\u00e9tica","robots":{"index":"index","follow":"follow","max-snippet":"max-snippet:-1","max-image-preview":"max-image-preview:large","max-video-preview":"max-video-preview:-1"},"canonical":"https:\/\/medicina.udd.cl\/centro-bioetica\/dialogos-bioeticos\/","og_locale":"es_ES","og_type":"article","og_title":"Di\u00e1logos Bio\u00e9ticos - Centro de Bio\u00e9tica","og_description":"Encuentre los res\u00famenes y descargue los videos de los di\u00e1logos bio\u00e9ticos.","og_url":"https:\/\/medicina.udd.cl\/centro-bioetica\/dialogos-bioeticos\/","og_site_name":"Centro de Bio\u00e9tica","article_modified_time":"2026-04-08T15:19:33+00:00","twitter_misc":{"Tiempo de lectura":"1 minuto"},"schema":{"@context":"https:\/\/schema.org","@graph":[{"@type":"WebPage","@id":"https:\/\/medicina.udd.cl\/centro-bioetica\/dialogos-bioeticos\/","url":"https:\/\/medicina.udd.cl\/centro-bioetica\/dialogos-bioeticos\/","name":"Di\u00e1logos Bio\u00e9ticos - Centro de Bio\u00e9tica","isPartOf":{"@id":"https:\/\/medicina.udd.cl\/centro-bioetica\/#website"},"datePublished":"2010-06-30T15:16:24+00:00","dateModified":"2026-04-08T15:19:33+00:00","breadcrumb":{"@id":"https:\/\/medicina.udd.cl\/centro-bioetica\/dialogos-bioeticos\/#breadcrumb"},"inLanguage":"es","potentialAction":[{"@type":"ReadAction","target":["https:\/\/medicina.udd.cl\/centro-bioetica\/dialogos-bioeticos\/"]}]},{"@type":"BreadcrumbList","@id":"https:\/\/medicina.udd.cl\/centro-bioetica\/dialogos-bioeticos\/#breadcrumb","itemListElement":[{"@type":"ListItem","position":1,"name":"Inicio","item":"https:\/\/medicina.udd.cl\/centro-bioetica\/"},{"@type":"ListItem","position":2,"name":"Di\u00e1logos Bio\u00e9ticos"}]},{"@type":"WebSite","@id":"https:\/\/medicina.udd.cl\/centro-bioetica\/#website","url":"https:\/\/medicina.udd.cl\/centro-bioetica\/","name":"Centro de Bio\u00e9tica","description":"Universidad del Desarrollo","inLanguage":"es"}]}},"_links":{"self":[{"href":"https:\/\/medicina.udd.cl\/centro-bioetica\/wp-json\/wp\/v2\/pages\/226","targetHints":{"allow":["GET"]}}],"collection":[{"href":"https:\/\/medicina.udd.cl\/centro-bioetica\/wp-json\/wp\/v2\/pages"}],"about":[{"href":"https:\/\/medicina.udd.cl\/centro-bioetica\/wp-json\/wp\/v2\/types\/page"}],"author":[{"embeddable":true,"href":"https:\/\/medicina.udd.cl\/centro-bioetica\/wp-json\/wp\/v2\/users\/1"}],"replies":[{"embeddable":true,"href":"https:\/\/medicina.udd.cl\/centro-bioetica\/wp-json\/wp\/v2\/comments?post=226"}],"version-history":[{"count":23,"href":"https:\/\/medicina.udd.cl\/centro-bioetica\/wp-json\/wp\/v2\/pages\/226\/revisions"}],"predecessor-version":[{"id":6553,"href":"https:\/\/medicina.udd.cl\/centro-bioetica\/wp-json\/wp\/v2\/pages\/226\/revisions\/6553"}],"wp:attachment":[{"href":"https:\/\/medicina.udd.cl\/centro-bioetica\/wp-json\/wp\/v2\/media?parent=226"}],"curies":[{"name":"wp","href":"https:\/\/api.w.org\/{rel}","templated":true}]}}