{"id":232,"date":"2010-06-30T11:33:22","date_gmt":"2010-06-30T15:33:22","guid":{"rendered":"http:\/\/medicina.udd.cl\/centro-bioetica\/dialogos-bioeticos-2009\/"},"modified":"2014-08-26T12:44:42","modified_gmt":"2014-08-26T16:44:42","slug":"dialogos-bioeticos-2009","status":"publish","type":"page","link":"https:\/\/medicina.udd.cl\/centro-bioetica\/dialogos-bioeticos\/dialogos-bioeticos-2009\/","title":{"rendered":"Di\u00e1logos Bio\u00e9ticos 2009"},"content":{"rendered":"<p>Marzo 18<br \/>\n<strong>Conflictos \u00e9ticos de la medicina predictiva<\/strong><br \/>\nPresentado por: Dra. Carmen Astete<\/p>\n<p>Abril 15<br \/>\n<strong>Derechos humanos y salud<\/strong><br \/>\nPresentado por: Dr. Fernando Novoa<\/p>\n<p>Mayo 20<br \/>\n<strong>Anticoncepci\u00f3n en adolescencia<\/strong><br \/>\nPresentado por: Dr. Juan Pablo Beca y Dra. Andrea Schilling<\/p>\n<p>Junio 17<br \/>\n<strong>Cuidado y sedaci\u00f3n en pacientes terminales<\/strong><br \/>\nPresentado por: Dr. Armando Ortiz<\/p>\n<p>Agosto 12<br \/>\n<strong>Limitaci\u00f3n de tratamientos en reci\u00e9n nacidos<\/strong><br \/>\nPresentado por: Dr. Ricardo Gonz\u00e1lez<\/p>\n<p>Septiembre 9<br \/>\n<strong>Transfusi\u00f3n en testigos de jehov\u00e1, elaboraci\u00f3n de gu\u00edas cl\u00ednicas<\/strong><br \/>\nPresentado por: Dr. Armando Ortiz y Sra. Alejandra Vald\u00e9s<\/p>\n<p>Octubre 14<br \/>\n<strong>Cuidados paliativos: frontera entre curar y cuidar<\/strong><br \/>\nPresentado por: Dra. Lorna Luco Canales<\/p>\n<p>Noviembre 11<br \/>\n<strong>Consultor\u00eda \u00e9tica cl\u00ednica\u00a0 en cuidados intensivos<\/strong><br \/>\nPresentado por: Dr. Juan Pablo Beca Infante<\/p>\n<p>Diciembre 9<br \/>\n<strong>Revisi\u00f3n \u00e9tica de proyectos de investigaci\u00f3n: razones y dificultades<\/strong><br \/>\nPresentado por: Dra. Sofia Salas<\/p>\n","protected":false},"excerpt":{"rendered":"<p>Conoce los temas tratados durante el 2009.<\/p>\n","protected":false},"author":1,"featured_media":0,"parent":226,"menu_order":4,"comment_status":"open","ping_status":"closed","template":"","meta":{"footnotes":""},"class_list":["post-232","page","type-page","status-publish","hentry"],"yoast_head":"<!-- This site is optimized with the Yoast SEO plugin v26.9 - https:\/\/yoast.com\/product\/yoast-seo-wordpress\/ -->\n<title>Di\u00e1logos Bio\u00e9ticos 2009 - Centro de Bio\u00e9tica<\/title>\n<meta name=\"robots\" content=\"index, follow, max-snippet:-1, max-image-preview:large, max-video-preview:-1\" \/>\n<link rel=\"canonical\" href=\"https:\/\/medicina.udd.cl\/centro-bioetica\/dialogos-bioeticos\/dialogos-bioeticos-2009\/\" \/>\n<meta property=\"og:locale\" content=\"es_ES\" \/>\n<meta property=\"og:type\" content=\"article\" \/>\n<meta property=\"og:title\" content=\"Di\u00e1logos Bio\u00e9ticos 2009 - Centro de Bio\u00e9tica\" \/>\n<meta property=\"og:description\" content=\"Conoce los temas tratados durante el 2009.\" \/>\n<meta property=\"og:url\" content=\"https:\/\/medicina.udd.cl\/centro-bioetica\/dialogos-bioeticos\/dialogos-bioeticos-2009\/\" \/>\n<meta property=\"og:site_name\" content=\"Centro de Bio\u00e9tica\" \/>\n<meta property=\"article:modified_time\" content=\"2014-08-26T16:44:42+00:00\" \/>\n<meta name=\"twitter:label1\" content=\"Tiempo de lectura\" \/>\n\t<meta name=\"twitter:data1\" content=\"1 minuto\" \/>\n<script type=\"application\/ld+json\" class=\"yoast-schema-graph\">{\"@context\":\"https:\/\/schema.org\",\"@graph\":[{\"@type\":\"WebPage\",\"@id\":\"https:\/\/medicina.udd.cl\/centro-bioetica\/dialogos-bioeticos\/dialogos-bioeticos-2009\/\",\"url\":\"https:\/\/medicina.udd.cl\/centro-bioetica\/dialogos-bioeticos\/dialogos-bioeticos-2009\/\",\"name\":\"Di\u00e1logos Bio\u00e9ticos 2009 - Centro de Bio\u00e9tica\",\"isPartOf\":{\"@id\":\"https:\/\/medicina.udd.cl\/centro-bioetica\/#website\"},\"datePublished\":\"2010-06-30T15:33:22+00:00\",\"dateModified\":\"2014-08-26T16:44:42+00:00\",\"breadcrumb\":{\"@id\":\"https:\/\/medicina.udd.cl\/centro-bioetica\/dialogos-bioeticos\/dialogos-bioeticos-2009\/#breadcrumb\"},\"inLanguage\":\"es\",\"potentialAction\":[{\"@type\":\"ReadAction\",\"target\":[\"https:\/\/medicina.udd.cl\/centro-bioetica\/dialogos-bioeticos\/dialogos-bioeticos-2009\/\"]}]},{\"@type\":\"BreadcrumbList\",\"@id\":\"https:\/\/medicina.udd.cl\/centro-bioetica\/dialogos-bioeticos\/dialogos-bioeticos-2009\/#breadcrumb\",\"itemListElement\":[{\"@type\":\"ListItem\",\"position\":1,\"name\":\"Inicio\",\"item\":\"https:\/\/medicina.udd.cl\/centro-bioetica\/\"},{\"@type\":\"ListItem\",\"position\":2,\"name\":\"Di\u00e1logos Bio\u00e9ticos\",\"item\":\"https:\/\/medicina.udd.cl\/centro-bioetica\/dialogos-bioeticos\/\"},{\"@type\":\"ListItem\",\"position\":3,\"name\":\"Di\u00e1logos Bio\u00e9ticos 2009\"}]},{\"@type\":\"WebSite\",\"@id\":\"https:\/\/medicina.udd.cl\/centro-bioetica\/#website\",\"url\":\"https:\/\/medicina.udd.cl\/centro-bioetica\/\",\"name\":\"Centro de Bio\u00e9tica\",\"description\":\"Universidad del Desarrollo\",\"inLanguage\":\"es\"}]}<\/script>\n<!-- \/ Yoast SEO plugin. -->","yoast_head_json":{"title":"Di\u00e1logos Bio\u00e9ticos 2009 - Centro de Bio\u00e9tica","robots":{"index":"index","follow":"follow","max-snippet":"max-snippet:-1","max-image-preview":"max-image-preview:large","max-video-preview":"max-video-preview:-1"},"canonical":"https:\/\/medicina.udd.cl\/centro-bioetica\/dialogos-bioeticos\/dialogos-bioeticos-2009\/","og_locale":"es_ES","og_type":"article","og_title":"Di\u00e1logos Bio\u00e9ticos 2009 - Centro de Bio\u00e9tica","og_description":"Conoce los temas tratados durante el 2009.","og_url":"https:\/\/medicina.udd.cl\/centro-bioetica\/dialogos-bioeticos\/dialogos-bioeticos-2009\/","og_site_name":"Centro de Bio\u00e9tica","article_modified_time":"2014-08-26T16:44:42+00:00","twitter_misc":{"Tiempo de lectura":"1 minuto"},"schema":{"@context":"https:\/\/schema.org","@graph":[{"@type":"WebPage","@id":"https:\/\/medicina.udd.cl\/centro-bioetica\/dialogos-bioeticos\/dialogos-bioeticos-2009\/","url":"https:\/\/medicina.udd.cl\/centro-bioetica\/dialogos-bioeticos\/dialogos-bioeticos-2009\/","name":"Di\u00e1logos Bio\u00e9ticos 2009 - Centro de Bio\u00e9tica","isPartOf":{"@id":"https:\/\/medicina.udd.cl\/centro-bioetica\/#website"},"datePublished":"2010-06-30T15:33:22+00:00","dateModified":"2014-08-26T16:44:42+00:00","breadcrumb":{"@id":"https:\/\/medicina.udd.cl\/centro-bioetica\/dialogos-bioeticos\/dialogos-bioeticos-2009\/#breadcrumb"},"inLanguage":"es","potentialAction":[{"@type":"ReadAction","target":["https:\/\/medicina.udd.cl\/centro-bioetica\/dialogos-bioeticos\/dialogos-bioeticos-2009\/"]}]},{"@type":"BreadcrumbList","@id":"https:\/\/medicina.udd.cl\/centro-bioetica\/dialogos-bioeticos\/dialogos-bioeticos-2009\/#breadcrumb","itemListElement":[{"@type":"ListItem","position":1,"name":"Inicio","item":"https:\/\/medicina.udd.cl\/centro-bioetica\/"},{"@type":"ListItem","position":2,"name":"Di\u00e1logos Bio\u00e9ticos","item":"https:\/\/medicina.udd.cl\/centro-bioetica\/dialogos-bioeticos\/"},{"@type":"ListItem","position":3,"name":"Di\u00e1logos Bio\u00e9ticos 2009"}]},{"@type":"WebSite","@id":"https:\/\/medicina.udd.cl\/centro-bioetica\/#website","url":"https:\/\/medicina.udd.cl\/centro-bioetica\/","name":"Centro de Bio\u00e9tica","description":"Universidad del Desarrollo","inLanguage":"es"}]}},"_links":{"self":[{"href":"https:\/\/medicina.udd.cl\/centro-bioetica\/wp-json\/wp\/v2\/pages\/232","targetHints":{"allow":["GET"]}}],"collection":[{"href":"https:\/\/medicina.udd.cl\/centro-bioetica\/wp-json\/wp\/v2\/pages"}],"about":[{"href":"https:\/\/medicina.udd.cl\/centro-bioetica\/wp-json\/wp\/v2\/types\/page"}],"author":[{"embeddable":true,"href":"https:\/\/medicina.udd.cl\/centro-bioetica\/wp-json\/wp\/v2\/users\/1"}],"replies":[{"embeddable":true,"href":"https:\/\/medicina.udd.cl\/centro-bioetica\/wp-json\/wp\/v2\/comments?post=232"}],"version-history":[{"count":6,"href":"https:\/\/medicina.udd.cl\/centro-bioetica\/wp-json\/wp\/v2\/pages\/232\/revisions"}],"predecessor-version":[{"id":3011,"href":"https:\/\/medicina.udd.cl\/centro-bioetica\/wp-json\/wp\/v2\/pages\/232\/revisions\/3011"}],"up":[{"embeddable":true,"href":"https:\/\/medicina.udd.cl\/centro-bioetica\/wp-json\/wp\/v2\/pages\/226"}],"wp:attachment":[{"href":"https:\/\/medicina.udd.cl\/centro-bioetica\/wp-json\/wp\/v2\/media?parent=232"}],"curies":[{"name":"wp","href":"https:\/\/api.w.org\/{rel}","templated":true}]}}