{"id":236,"date":"2010-06-30T11:38:44","date_gmt":"2010-06-30T15:38:44","guid":{"rendered":"http:\/\/medicina.udd.cl\/centro-bioetica\/dialogos-bioeticos\/dialogos-bioeticos-2007\/"},"modified":"2014-08-26T12:46:32","modified_gmt":"2014-08-26T16:46:32","slug":"dialogos-bioeticos-2007","status":"publish","type":"page","link":"https:\/\/medicina.udd.cl\/centro-bioetica\/dialogos-bioeticos\/dialogos-bioeticos-2007\/","title":{"rendered":"Di\u00e1logos Bio\u00e9ticos 2007"},"content":{"rendered":"<p>Marzo 14:<br \/>\n<strong>Transfusiones en pacientes Testigos de Jehov\u00e1.\u00a0<\/strong><br \/>\nPresentan: Dr. J.P. Beca y Jorge Browne (estudiante)<\/p>\n<p>Abril 11:<br \/>\n<strong>El hospital actual ante el envejecimiento de la poblaci\u00f3n<\/strong><br \/>\nPresentan: Dra. Mar\u00eda In\u00e9s G\u00f3mez<\/p>\n<p>Mayo 16:<br \/>\n<strong>Desactivaci\u00f3n de marcapaso card\u00edaco en enfermos terminales<\/strong><br \/>\nPresentan: Dr. Juan Pablo Beca y Dr. Ren\u00e9 Asenjo<\/p>\n<p>Junio 13:<br \/>\n<strong>Significado de la enfermedad: una forma de aprendizaje<\/strong><br \/>\nPresenta: Dr. Armando Ortiz<\/p>\n<p>Julio 11:<br \/>\n<strong>An\u00e1lisis cr\u00edtico de la reforma de salud en Chile<\/strong><br \/>\nPresenta: Dr. Marcial Osorio<\/p>\n<p>Agosto 8:<br \/>\n<strong>La capacidad de la persona en el \u00e1mbito m\u00e9dico y legal<\/strong><br \/>\nPresenta: Dra. Gladys Borquez<\/p>\n<p>Septiembre 12:<br \/>\n<strong>Bio\u00e9tica y Religi\u00f3n: Complemento y Conflicto<\/strong><br \/>\nPresenta: Sra. Vern\u00f3nica Anguita<\/p>\n<p>Octubre 17:<br \/>\n<strong>\u00bfExiste el libre albedr\u00edo? Visi\u00f3n de la Neurociencia<\/strong><br \/>\nPresenta: Dr. Fernando Novoa<\/p>\n<p>Noviembre 14:<br \/>\n<strong>La Bio\u00e9tica en la Educaci\u00f3n M\u00e9dica<\/strong><br \/>\nPresenta: Dra. Mireya Bravo<\/p>\n<p>Diciembre 12:<br \/>\n<strong>Las emociones en las discusiones \u00e9tico-cl\u00ednicas<\/strong><br \/>\nPresenta: Dra. Paula Bedregal<\/p>\n","protected":false},"excerpt":{"rendered":"<p>Inicio del ciclo \u00abDi\u00e1logos Bio\u00e9ticos\u00bb. Conoce los temas que se discutieron el primer a\u00f1o. <\/p>\n","protected":false},"author":1,"featured_media":0,"parent":226,"menu_order":6,"comment_status":"open","ping_status":"closed","template":"","meta":{"footnotes":""},"class_list":["post-236","page","type-page","status-publish","hentry"],"yoast_head":"<!-- This site is optimized with the Yoast SEO plugin v26.9 - https:\/\/yoast.com\/product\/yoast-seo-wordpress\/ -->\n<title>Di\u00e1logos Bio\u00e9ticos 2007 - Centro de Bio\u00e9tica<\/title>\n<meta name=\"robots\" content=\"index, follow, max-snippet:-1, max-image-preview:large, max-video-preview:-1\" \/>\n<link rel=\"canonical\" href=\"https:\/\/medicina.udd.cl\/centro-bioetica\/dialogos-bioeticos\/dialogos-bioeticos-2007\/\" \/>\n<meta property=\"og:locale\" content=\"es_ES\" \/>\n<meta property=\"og:type\" content=\"article\" \/>\n<meta property=\"og:title\" content=\"Di\u00e1logos Bio\u00e9ticos 2007 - Centro de Bio\u00e9tica\" \/>\n<meta property=\"og:description\" content=\"Inicio del ciclo &quot;Di\u00e1logos Bio\u00e9ticos&quot;. Conoce los temas que se discutieron el primer a\u00f1o.\" \/>\n<meta property=\"og:url\" content=\"https:\/\/medicina.udd.cl\/centro-bioetica\/dialogos-bioeticos\/dialogos-bioeticos-2007\/\" \/>\n<meta property=\"og:site_name\" content=\"Centro de Bio\u00e9tica\" \/>\n<meta property=\"article:modified_time\" content=\"2014-08-26T16:46:32+00:00\" \/>\n<meta name=\"twitter:label1\" content=\"Tiempo de lectura\" \/>\n\t<meta name=\"twitter:data1\" content=\"1 minuto\" \/>\n<script type=\"application\/ld+json\" class=\"yoast-schema-graph\">{\"@context\":\"https:\/\/schema.org\",\"@graph\":[{\"@type\":\"WebPage\",\"@id\":\"https:\/\/medicina.udd.cl\/centro-bioetica\/dialogos-bioeticos\/dialogos-bioeticos-2007\/\",\"url\":\"https:\/\/medicina.udd.cl\/centro-bioetica\/dialogos-bioeticos\/dialogos-bioeticos-2007\/\",\"name\":\"Di\u00e1logos Bio\u00e9ticos 2007 - Centro de Bio\u00e9tica\",\"isPartOf\":{\"@id\":\"https:\/\/medicina.udd.cl\/centro-bioetica\/#website\"},\"datePublished\":\"2010-06-30T15:38:44+00:00\",\"dateModified\":\"2014-08-26T16:46:32+00:00\",\"breadcrumb\":{\"@id\":\"https:\/\/medicina.udd.cl\/centro-bioetica\/dialogos-bioeticos\/dialogos-bioeticos-2007\/#breadcrumb\"},\"inLanguage\":\"es\",\"potentialAction\":[{\"@type\":\"ReadAction\",\"target\":[\"https:\/\/medicina.udd.cl\/centro-bioetica\/dialogos-bioeticos\/dialogos-bioeticos-2007\/\"]}]},{\"@type\":\"BreadcrumbList\",\"@id\":\"https:\/\/medicina.udd.cl\/centro-bioetica\/dialogos-bioeticos\/dialogos-bioeticos-2007\/#breadcrumb\",\"itemListElement\":[{\"@type\":\"ListItem\",\"position\":1,\"name\":\"Inicio\",\"item\":\"https:\/\/medicina.udd.cl\/centro-bioetica\/\"},{\"@type\":\"ListItem\",\"position\":2,\"name\":\"Di\u00e1logos Bio\u00e9ticos\",\"item\":\"https:\/\/medicina.udd.cl\/centro-bioetica\/dialogos-bioeticos\/\"},{\"@type\":\"ListItem\",\"position\":3,\"name\":\"Di\u00e1logos Bio\u00e9ticos 2007\"}]},{\"@type\":\"WebSite\",\"@id\":\"https:\/\/medicina.udd.cl\/centro-bioetica\/#website\",\"url\":\"https:\/\/medicina.udd.cl\/centro-bioetica\/\",\"name\":\"Centro de Bio\u00e9tica\",\"description\":\"Universidad del Desarrollo\",\"inLanguage\":\"es\"}]}<\/script>\n<!-- \/ Yoast SEO plugin. -->","yoast_head_json":{"title":"Di\u00e1logos Bio\u00e9ticos 2007 - Centro de Bio\u00e9tica","robots":{"index":"index","follow":"follow","max-snippet":"max-snippet:-1","max-image-preview":"max-image-preview:large","max-video-preview":"max-video-preview:-1"},"canonical":"https:\/\/medicina.udd.cl\/centro-bioetica\/dialogos-bioeticos\/dialogos-bioeticos-2007\/","og_locale":"es_ES","og_type":"article","og_title":"Di\u00e1logos Bio\u00e9ticos 2007 - Centro de Bio\u00e9tica","og_description":"Inicio del ciclo \"Di\u00e1logos Bio\u00e9ticos\". Conoce los temas que se discutieron el primer a\u00f1o.","og_url":"https:\/\/medicina.udd.cl\/centro-bioetica\/dialogos-bioeticos\/dialogos-bioeticos-2007\/","og_site_name":"Centro de Bio\u00e9tica","article_modified_time":"2014-08-26T16:46:32+00:00","twitter_misc":{"Tiempo de lectura":"1 minuto"},"schema":{"@context":"https:\/\/schema.org","@graph":[{"@type":"WebPage","@id":"https:\/\/medicina.udd.cl\/centro-bioetica\/dialogos-bioeticos\/dialogos-bioeticos-2007\/","url":"https:\/\/medicina.udd.cl\/centro-bioetica\/dialogos-bioeticos\/dialogos-bioeticos-2007\/","name":"Di\u00e1logos Bio\u00e9ticos 2007 - Centro de Bio\u00e9tica","isPartOf":{"@id":"https:\/\/medicina.udd.cl\/centro-bioetica\/#website"},"datePublished":"2010-06-30T15:38:44+00:00","dateModified":"2014-08-26T16:46:32+00:00","breadcrumb":{"@id":"https:\/\/medicina.udd.cl\/centro-bioetica\/dialogos-bioeticos\/dialogos-bioeticos-2007\/#breadcrumb"},"inLanguage":"es","potentialAction":[{"@type":"ReadAction","target":["https:\/\/medicina.udd.cl\/centro-bioetica\/dialogos-bioeticos\/dialogos-bioeticos-2007\/"]}]},{"@type":"BreadcrumbList","@id":"https:\/\/medicina.udd.cl\/centro-bioetica\/dialogos-bioeticos\/dialogos-bioeticos-2007\/#breadcrumb","itemListElement":[{"@type":"ListItem","position":1,"name":"Inicio","item":"https:\/\/medicina.udd.cl\/centro-bioetica\/"},{"@type":"ListItem","position":2,"name":"Di\u00e1logos Bio\u00e9ticos","item":"https:\/\/medicina.udd.cl\/centro-bioetica\/dialogos-bioeticos\/"},{"@type":"ListItem","position":3,"name":"Di\u00e1logos Bio\u00e9ticos 2007"}]},{"@type":"WebSite","@id":"https:\/\/medicina.udd.cl\/centro-bioetica\/#website","url":"https:\/\/medicina.udd.cl\/centro-bioetica\/","name":"Centro de Bio\u00e9tica","description":"Universidad del Desarrollo","inLanguage":"es"}]}},"_links":{"self":[{"href":"https:\/\/medicina.udd.cl\/centro-bioetica\/wp-json\/wp\/v2\/pages\/236","targetHints":{"allow":["GET"]}}],"collection":[{"href":"https:\/\/medicina.udd.cl\/centro-bioetica\/wp-json\/wp\/v2\/pages"}],"about":[{"href":"https:\/\/medicina.udd.cl\/centro-bioetica\/wp-json\/wp\/v2\/types\/page"}],"author":[{"embeddable":true,"href":"https:\/\/medicina.udd.cl\/centro-bioetica\/wp-json\/wp\/v2\/users\/1"}],"replies":[{"embeddable":true,"href":"https:\/\/medicina.udd.cl\/centro-bioetica\/wp-json\/wp\/v2\/comments?post=236"}],"version-history":[{"count":6,"href":"https:\/\/medicina.udd.cl\/centro-bioetica\/wp-json\/wp\/v2\/pages\/236\/revisions"}],"predecessor-version":[{"id":3014,"href":"https:\/\/medicina.udd.cl\/centro-bioetica\/wp-json\/wp\/v2\/pages\/236\/revisions\/3014"}],"up":[{"embeddable":true,"href":"https:\/\/medicina.udd.cl\/centro-bioetica\/wp-json\/wp\/v2\/pages\/226"}],"wp:attachment":[{"href":"https:\/\/medicina.udd.cl\/centro-bioetica\/wp-json\/wp\/v2\/media?parent=236"}],"curies":[{"name":"wp","href":"https:\/\/api.w.org\/{rel}","templated":true}]}}