{"id":26,"date":"2010-05-17T16:38:23","date_gmt":"2010-05-17T20:38:23","guid":{"rendered":"http:\/\/medicina.udd.cl\/centro-bioetica\/objetivos\/"},"modified":"2016-07-19T15:12:37","modified_gmt":"2016-07-19T19:12:37","slug":"objetivos","status":"publish","type":"page","link":"https:\/\/medicina.udd.cl\/centro-bioetica\/sobre-el-centro\/objetivos\/","title":{"rendered":"Misi\u00f3n"},"content":{"rendered":"<p style=\"text-align: center;\"><a href=\"http:\/\/medicina.udd.cl\/centro-bioetica\/files\/2010\/05\/Centro-de-Bioetica.jpg\"><img loading=\"lazy\" decoding=\"async\" class=\"size-medium wp-image-3534 aligncenter\" src=\"http:\/\/medicina.udd.cl\/centro-bioetica\/files\/2010\/05\/Centro-de-Bioetica-300x200.jpg\" alt=\"Centro de Bioetica\" width=\"300\" height=\"200\" srcset=\"https:\/\/medicina.udd.cl\/centro-bioetica\/files\/2010\/05\/Centro-de-Bioetica-300x200.jpg 300w, https:\/\/medicina.udd.cl\/centro-bioetica\/files\/2010\/05\/Centro-de-Bioetica.jpg 675w\" sizes=\"auto, (max-width: 300px) 100vw, 300px\" \/><\/a><\/p>\n<p style=\"text-align: justify;\"><span style=\"text-align: justify;\">El <\/span><strong style=\"text-align: justify;\">Centro de Bio\u00e9tica<\/strong><span style=\"text-align: justify;\"> de la <\/span><strong style=\"text-align: justify;\">Facultad de Medicina CAS-UDD<\/strong><span style=\"text-align: justify;\"> tiene la misi\u00f3n de contribuir al desarrollo de la bio\u00e9tica mediante la docencia de pre y postgrado, la \u00a0investigaci\u00f3n te\u00f3rica y emp\u00edrica \u00a0y la difusi\u00f3n y reflexi\u00f3n de esta disciplina.<\/span><\/p>\n<p style=\"text-align: justify;\">De acuerdo con esta misi\u00f3n, el Centro asume como su tarea los siguientes <strong>objetivos<\/strong>:<\/p>\n<ul>\n<li>Desarrollar programas docentes de pregrado en las carreras que imparte la Facultad de Medicina.<\/li>\n<li>Crear programas docentes de post\u00edtulo para profesionales de la salud y otras profesiones.<\/li>\n<li>Elaborar y desarrollar proyectos de investigaci\u00f3n en temas m\u00e9dicos y sociales de Bio\u00e9tica.<\/li>\n<li>Realizar\u00a0actividades de extensi\u00f3n que incorporen a miembros de centros y comit\u00e9s de Bio\u00e9tica nacionales, as\u00ed como a miembros de la comunidad.<\/li>\n<li>Establecer el Comit\u00e9 Etica de la Investigaci\u00f3n Cient\u00edfica que asume la responsabilidad de la revisi\u00f3n y seguimiento de los proyectos de investigaci\u00f3n de la Facultad de Medicina, Cl\u00ednica Alemana de Santiago y Hospital Padre Hurtado.<\/li>\n<li>Asesorar a las autoridades universitarias en temas relacionados con la Bio\u00e9tica<\/li>\n<li>Participar en el desarrollo de la Bio\u00e9tica en Cl\u00ednica Alemana y en el Hospital Padre Hurtado.<\/li>\n<\/ul>\n","protected":false},"excerpt":{"rendered":"<p>Conoce la misi\u00f3n y objetivos de nuestro Centro de Bio\u00e9tica.<\/p>\n","protected":false},"author":1,"featured_media":0,"parent":7,"menu_order":0,"comment_status":"open","ping_status":"open","template":"","meta":{"footnotes":""},"class_list":["post-26","page","type-page","status-publish","hentry"],"yoast_head":"<!-- This site is optimized with the Yoast SEO plugin v26.9 - https:\/\/yoast.com\/product\/yoast-seo-wordpress\/ -->\n<title>Misi\u00f3n - Centro de Bio\u00e9tica<\/title>\n<meta name=\"robots\" content=\"index, follow, max-snippet:-1, max-image-preview:large, max-video-preview:-1\" \/>\n<link rel=\"canonical\" href=\"https:\/\/medicina.udd.cl\/centro-bioetica\/sobre-el-centro\/objetivos\/\" \/>\n<meta property=\"og:locale\" content=\"es_ES\" \/>\n<meta property=\"og:type\" content=\"article\" \/>\n<meta property=\"og:title\" content=\"Misi\u00f3n - Centro de Bio\u00e9tica\" \/>\n<meta property=\"og:description\" content=\"Conoce la misi\u00f3n y objetivos de nuestro Centro de Bio\u00e9tica.\" \/>\n<meta property=\"og:url\" content=\"https:\/\/medicina.udd.cl\/centro-bioetica\/sobre-el-centro\/objetivos\/\" \/>\n<meta property=\"og:site_name\" content=\"Centro de Bio\u00e9tica\" \/>\n<meta property=\"article:modified_time\" content=\"2016-07-19T19:12:37+00:00\" \/>\n<meta property=\"og:image\" content=\"http:\/\/medicina.udd.cl\/centro-bioetica\/files\/2010\/05\/Centro-de-Bioetica-300x200.jpg\" \/>\n<meta name=\"twitter:label1\" content=\"Tiempo de lectura\" \/>\n\t<meta name=\"twitter:data1\" content=\"1 minuto\" \/>\n<script type=\"application\/ld+json\" class=\"yoast-schema-graph\">{\"@context\":\"https:\/\/schema.org\",\"@graph\":[{\"@type\":\"WebPage\",\"@id\":\"https:\/\/medicina.udd.cl\/centro-bioetica\/sobre-el-centro\/objetivos\/\",\"url\":\"https:\/\/medicina.udd.cl\/centro-bioetica\/sobre-el-centro\/objetivos\/\",\"name\":\"Misi\u00f3n - Centro de Bio\u00e9tica\",\"isPartOf\":{\"@id\":\"https:\/\/medicina.udd.cl\/centro-bioetica\/#website\"},\"primaryImageOfPage\":{\"@id\":\"https:\/\/medicina.udd.cl\/centro-bioetica\/sobre-el-centro\/objetivos\/#primaryimage\"},\"image\":{\"@id\":\"https:\/\/medicina.udd.cl\/centro-bioetica\/sobre-el-centro\/objetivos\/#primaryimage\"},\"thumbnailUrl\":\"http:\/\/medicina.udd.cl\/centro-bioetica\/files\/2010\/05\/Centro-de-Bioetica-300x200.jpg\",\"datePublished\":\"2010-05-17T20:38:23+00:00\",\"dateModified\":\"2016-07-19T19:12:37+00:00\",\"breadcrumb\":{\"@id\":\"https:\/\/medicina.udd.cl\/centro-bioetica\/sobre-el-centro\/objetivos\/#breadcrumb\"},\"inLanguage\":\"es\",\"potentialAction\":[{\"@type\":\"ReadAction\",\"target\":[\"https:\/\/medicina.udd.cl\/centro-bioetica\/sobre-el-centro\/objetivos\/\"]}]},{\"@type\":\"ImageObject\",\"inLanguage\":\"es\",\"@id\":\"https:\/\/medicina.udd.cl\/centro-bioetica\/sobre-el-centro\/objetivos\/#primaryimage\",\"url\":\"https:\/\/medicina.udd.cl\/centro-bioetica\/files\/2010\/05\/Centro-de-Bioetica.jpg\",\"contentUrl\":\"https:\/\/medicina.udd.cl\/centro-bioetica\/files\/2010\/05\/Centro-de-Bioetica.jpg\",\"width\":675,\"height\":450},{\"@type\":\"BreadcrumbList\",\"@id\":\"https:\/\/medicina.udd.cl\/centro-bioetica\/sobre-el-centro\/objetivos\/#breadcrumb\",\"itemListElement\":[{\"@type\":\"ListItem\",\"position\":1,\"name\":\"Inicio\",\"item\":\"https:\/\/medicina.udd.cl\/centro-bioetica\/\"},{\"@type\":\"ListItem\",\"position\":2,\"name\":\"El Centro\",\"item\":\"https:\/\/medicina.udd.cl\/centro-bioetica\/sobre-el-centro\/\"},{\"@type\":\"ListItem\",\"position\":3,\"name\":\"Misi\u00f3n\"}]},{\"@type\":\"WebSite\",\"@id\":\"https:\/\/medicina.udd.cl\/centro-bioetica\/#website\",\"url\":\"https:\/\/medicina.udd.cl\/centro-bioetica\/\",\"name\":\"Centro de Bio\u00e9tica\",\"description\":\"Universidad del Desarrollo\",\"inLanguage\":\"es\"}]}<\/script>\n<!-- \/ Yoast SEO plugin. -->","yoast_head_json":{"title":"Misi\u00f3n - Centro de Bio\u00e9tica","robots":{"index":"index","follow":"follow","max-snippet":"max-snippet:-1","max-image-preview":"max-image-preview:large","max-video-preview":"max-video-preview:-1"},"canonical":"https:\/\/medicina.udd.cl\/centro-bioetica\/sobre-el-centro\/objetivos\/","og_locale":"es_ES","og_type":"article","og_title":"Misi\u00f3n - Centro de Bio\u00e9tica","og_description":"Conoce la misi\u00f3n y objetivos de nuestro Centro de Bio\u00e9tica.","og_url":"https:\/\/medicina.udd.cl\/centro-bioetica\/sobre-el-centro\/objetivos\/","og_site_name":"Centro de Bio\u00e9tica","article_modified_time":"2016-07-19T19:12:37+00:00","og_image":[{"url":"http:\/\/medicina.udd.cl\/centro-bioetica\/files\/2010\/05\/Centro-de-Bioetica-300x200.jpg","type":"","width":"","height":""}],"twitter_misc":{"Tiempo de lectura":"1 minuto"},"schema":{"@context":"https:\/\/schema.org","@graph":[{"@type":"WebPage","@id":"https:\/\/medicina.udd.cl\/centro-bioetica\/sobre-el-centro\/objetivos\/","url":"https:\/\/medicina.udd.cl\/centro-bioetica\/sobre-el-centro\/objetivos\/","name":"Misi\u00f3n - Centro de Bio\u00e9tica","isPartOf":{"@id":"https:\/\/medicina.udd.cl\/centro-bioetica\/#website"},"primaryImageOfPage":{"@id":"https:\/\/medicina.udd.cl\/centro-bioetica\/sobre-el-centro\/objetivos\/#primaryimage"},"image":{"@id":"https:\/\/medicina.udd.cl\/centro-bioetica\/sobre-el-centro\/objetivos\/#primaryimage"},"thumbnailUrl":"http:\/\/medicina.udd.cl\/centro-bioetica\/files\/2010\/05\/Centro-de-Bioetica-300x200.jpg","datePublished":"2010-05-17T20:38:23+00:00","dateModified":"2016-07-19T19:12:37+00:00","breadcrumb":{"@id":"https:\/\/medicina.udd.cl\/centro-bioetica\/sobre-el-centro\/objetivos\/#breadcrumb"},"inLanguage":"es","potentialAction":[{"@type":"ReadAction","target":["https:\/\/medicina.udd.cl\/centro-bioetica\/sobre-el-centro\/objetivos\/"]}]},{"@type":"ImageObject","inLanguage":"es","@id":"https:\/\/medicina.udd.cl\/centro-bioetica\/sobre-el-centro\/objetivos\/#primaryimage","url":"https:\/\/medicina.udd.cl\/centro-bioetica\/files\/2010\/05\/Centro-de-Bioetica.jpg","contentUrl":"https:\/\/medicina.udd.cl\/centro-bioetica\/files\/2010\/05\/Centro-de-Bioetica.jpg","width":675,"height":450},{"@type":"BreadcrumbList","@id":"https:\/\/medicina.udd.cl\/centro-bioetica\/sobre-el-centro\/objetivos\/#breadcrumb","itemListElement":[{"@type":"ListItem","position":1,"name":"Inicio","item":"https:\/\/medicina.udd.cl\/centro-bioetica\/"},{"@type":"ListItem","position":2,"name":"El Centro","item":"https:\/\/medicina.udd.cl\/centro-bioetica\/sobre-el-centro\/"},{"@type":"ListItem","position":3,"name":"Misi\u00f3n"}]},{"@type":"WebSite","@id":"https:\/\/medicina.udd.cl\/centro-bioetica\/#website","url":"https:\/\/medicina.udd.cl\/centro-bioetica\/","name":"Centro de Bio\u00e9tica","description":"Universidad del Desarrollo","inLanguage":"es"}]}},"_links":{"self":[{"href":"https:\/\/medicina.udd.cl\/centro-bioetica\/wp-json\/wp\/v2\/pages\/26","targetHints":{"allow":["GET"]}}],"collection":[{"href":"https:\/\/medicina.udd.cl\/centro-bioetica\/wp-json\/wp\/v2\/pages"}],"about":[{"href":"https:\/\/medicina.udd.cl\/centro-bioetica\/wp-json\/wp\/v2\/types\/page"}],"author":[{"embeddable":true,"href":"https:\/\/medicina.udd.cl\/centro-bioetica\/wp-json\/wp\/v2\/users\/1"}],"replies":[{"embeddable":true,"href":"https:\/\/medicina.udd.cl\/centro-bioetica\/wp-json\/wp\/v2\/comments?post=26"}],"version-history":[{"count":23,"href":"https:\/\/medicina.udd.cl\/centro-bioetica\/wp-json\/wp\/v2\/pages\/26\/revisions"}],"predecessor-version":[{"id":3698,"href":"https:\/\/medicina.udd.cl\/centro-bioetica\/wp-json\/wp\/v2\/pages\/26\/revisions\/3698"}],"up":[{"embeddable":true,"href":"https:\/\/medicina.udd.cl\/centro-bioetica\/wp-json\/wp\/v2\/pages\/7"}],"wp:attachment":[{"href":"https:\/\/medicina.udd.cl\/centro-bioetica\/wp-json\/wp\/v2\/media?parent=26"}],"curies":[{"name":"wp","href":"https:\/\/api.w.org\/{rel}","templated":true}]}}