{"id":2722,"date":"2014-03-20T09:13:16","date_gmt":"2014-03-20T13:13:16","guid":{"rendered":"http:\/\/medicina.udd.cl\/centro-bioetica\/?page_id=2722"},"modified":"2015-08-31T15:28:20","modified_gmt":"2015-08-31T18:28:20","slug":"dialogos-bioeticos-2014","status":"publish","type":"page","link":"https:\/\/medicina.udd.cl\/centro-bioetica\/dialogos-bioeticos\/dialogos-bioeticos-2014\/","title":{"rendered":"Di\u00e1logos Bio\u00e9ticos 2014"},"content":{"rendered":"<p>Marzo 12:<\/p>\n<p><strong>\u00bfPodr\u00eda ser aceptada la eutanasia infantil?<\/strong><\/p>\n<p>Presentan:\u00a0Prof. Alejandro Leiva L\u00f3pez, Dr. Juan Pablo Beca<\/p>\n<p><a href=\"http:\/\/www.savalnet.cl\/educacionmedica\/cursosycongresos\/20140312_21340\/\">Ver video<\/a><\/p>\n<p>Abril 11:<\/p>\n<p><strong>Los adolescentes frente a sus decisiones de salud<\/strong><\/p>\n<p>Presenta:\u00a0Dr. Alejandro Koppmann Attoni<\/p>\n<p><a href=\"http:\/\/www.savalnet.cl\/educacionmedica\/cursosycongresos\/20140312_21340\/\">Ver video<\/a><\/p>\n<p>Mayo 7:<\/p>\n<p><strong>Tra. Psicolog\u00eda. Bio\u00e9tica<\/strong><\/p>\n<p>Presenta: Dra. Irene Furman<\/p>\n<p><a href=\"http:\/\/www.savalnet.cl\/educacionmedica\/cursosycongresos\/20140312_21340\/\">Ver video<\/a><\/p>\n<p><strong>Nuevas indicaciones de los tratamientos de medicina reproductiva<\/strong><\/p>\n<p>Presenta: Dr. Pablo Sanhueza<\/p>\n<p><a href=\"http:\/\/www.savalnet.cl\/educacionmedica\/cursosycongresos\/20140312_21340\/\">Ver video<\/a><\/p>\n<p>Junio 4:<\/p>\n<p><strong>Nuevos desaf\u00edos en la relaci\u00f3n cl\u00ednica<\/strong><\/p>\n<p>Presenta: Dra. Carmen Astete<\/p>\n<p><a href=\"http:\/\/www.savalnet.cl\/educacionmedica\/cursosycongresos\/20140312_21340\/\">Ver video<\/a><\/p>\n<p>Agosto 6:<\/p>\n<p><strong>Terminolog\u00eda para la discusi\u00f3n social sobre aborto<\/strong><\/p>\n<p>Presenta: Dr. Juan Pablo Beca<\/p>\n<p><a href=\"http:\/\/www.savalnet.cl\/educacionmedica\/cursosycongresos\/20140312_21340\/\">Ver video<\/a><\/p>\n<p>Septiembre 3:<\/p>\n<p><strong>Biobancos: nuestras biol\u00f3gicas y \u00e9tica de su uso<\/strong><\/p>\n<p><a href=\"http:\/\/www.savalnet.cl\/educacionmedica\/cursosycongresos\/20140312_21340\/\">Ver video<\/a><\/p>\n<p>Octubre 8:<\/p>\n<p><strong>Del paternalismo a la autonom\u00eda y sus l\u00edmites<\/strong><\/p>\n<p><a href=\"http:\/\/www.savalnet.cl\/educacionmedica\/cursosycongresos\/20140312_21340\/\">Ver video<\/a><\/p>\n<p>Noviembre 12:<\/p>\n<p><strong>Bio\u00e9tica compleja<\/strong><\/p>\n<p>Presenta: Dr. Jos\u00e9 Roberto Goldim<\/p>\n<p><a href=\"http:\/\/www.savalnet.cl\/educacionmedica\/cursosycongresos\/20140312_21340\/\">Ver video<\/a><\/p>\n<p>&nbsp;<\/p>\n","protected":false},"excerpt":{"rendered":"<p>Conoce los temas del 2014.<\/p>\n","protected":false},"author":42,"featured_media":0,"parent":226,"menu_order":0,"comment_status":"open","ping_status":"open","template":"","meta":{"footnotes":""},"class_list":["post-2722","page","type-page","status-publish","hentry"],"yoast_head":"<!-- This site is optimized with the Yoast SEO plugin v26.9 - https:\/\/yoast.com\/product\/yoast-seo-wordpress\/ -->\n<title>Di\u00e1logos Bio\u00e9ticos - Centro de Bio\u00e9tica | UDD<\/title>\n<meta name=\"description\" content=\"El Centro de Bio\u00e9tica de la Facultad de Medicina Cl\u00ednica Alemana Universidad del Desarrollo organiza los Di\u00e1logos Bio\u00e9ticos. Se realizan en el Centro Saval.\" \/>\n<meta name=\"robots\" content=\"index, follow, max-snippet:-1, max-image-preview:large, max-video-preview:-1\" \/>\n<link rel=\"canonical\" href=\"https:\/\/medicina.udd.cl\/centro-bioetica\/dialogos-bioeticos\/dialogos-bioeticos-2014\/\" \/>\n<meta property=\"og:locale\" content=\"es_ES\" \/>\n<meta property=\"og:type\" content=\"article\" \/>\n<meta property=\"og:title\" content=\"Di\u00e1logos Bio\u00e9ticos - Centro de Bio\u00e9tica | UDD\" \/>\n<meta property=\"og:description\" content=\"El Centro de Bio\u00e9tica de la Facultad de Medicina Cl\u00ednica Alemana Universidad del Desarrollo organiza los Di\u00e1logos Bio\u00e9ticos. Se realizan en el Centro Saval.\" \/>\n<meta property=\"og:url\" content=\"https:\/\/medicina.udd.cl\/centro-bioetica\/dialogos-bioeticos\/dialogos-bioeticos-2014\/\" \/>\n<meta property=\"og:site_name\" content=\"Centro de Bio\u00e9tica\" \/>\n<meta property=\"article:modified_time\" content=\"2015-08-31T18:28:20+00:00\" \/>\n<meta name=\"twitter:label1\" content=\"Tiempo de lectura\" \/>\n\t<meta name=\"twitter:data1\" content=\"1 minuto\" \/>\n<script type=\"application\/ld+json\" class=\"yoast-schema-graph\">{\"@context\":\"https:\/\/schema.org\",\"@graph\":[{\"@type\":\"WebPage\",\"@id\":\"https:\/\/medicina.udd.cl\/centro-bioetica\/dialogos-bioeticos\/dialogos-bioeticos-2014\/\",\"url\":\"https:\/\/medicina.udd.cl\/centro-bioetica\/dialogos-bioeticos\/dialogos-bioeticos-2014\/\",\"name\":\"Di\u00e1logos Bio\u00e9ticos - Centro de Bio\u00e9tica | UDD\",\"isPartOf\":{\"@id\":\"https:\/\/medicina.udd.cl\/centro-bioetica\/#website\"},\"datePublished\":\"2014-03-20T13:13:16+00:00\",\"dateModified\":\"2015-08-31T18:28:20+00:00\",\"description\":\"El Centro de Bio\u00e9tica de la Facultad de Medicina Cl\u00ednica Alemana Universidad del Desarrollo organiza los Di\u00e1logos Bio\u00e9ticos. Se realizan en el Centro Saval.\",\"breadcrumb\":{\"@id\":\"https:\/\/medicina.udd.cl\/centro-bioetica\/dialogos-bioeticos\/dialogos-bioeticos-2014\/#breadcrumb\"},\"inLanguage\":\"es\",\"potentialAction\":[{\"@type\":\"ReadAction\",\"target\":[\"https:\/\/medicina.udd.cl\/centro-bioetica\/dialogos-bioeticos\/dialogos-bioeticos-2014\/\"]}]},{\"@type\":\"BreadcrumbList\",\"@id\":\"https:\/\/medicina.udd.cl\/centro-bioetica\/dialogos-bioeticos\/dialogos-bioeticos-2014\/#breadcrumb\",\"itemListElement\":[{\"@type\":\"ListItem\",\"position\":1,\"name\":\"Inicio\",\"item\":\"https:\/\/medicina.udd.cl\/centro-bioetica\/\"},{\"@type\":\"ListItem\",\"position\":2,\"name\":\"Di\u00e1logos Bio\u00e9ticos\",\"item\":\"https:\/\/medicina.udd.cl\/centro-bioetica\/dialogos-bioeticos\/\"},{\"@type\":\"ListItem\",\"position\":3,\"name\":\"Di\u00e1logos Bio\u00e9ticos 2014\"}]},{\"@type\":\"WebSite\",\"@id\":\"https:\/\/medicina.udd.cl\/centro-bioetica\/#website\",\"url\":\"https:\/\/medicina.udd.cl\/centro-bioetica\/\",\"name\":\"Centro de Bio\u00e9tica\",\"description\":\"Universidad del Desarrollo\",\"inLanguage\":\"es\"}]}<\/script>\n<!-- \/ Yoast SEO plugin. -->","yoast_head_json":{"title":"Di\u00e1logos Bio\u00e9ticos - Centro de Bio\u00e9tica | UDD","description":"El Centro de Bio\u00e9tica de la Facultad de Medicina Cl\u00ednica Alemana Universidad del Desarrollo organiza los Di\u00e1logos Bio\u00e9ticos. Se realizan en el Centro Saval.","robots":{"index":"index","follow":"follow","max-snippet":"max-snippet:-1","max-image-preview":"max-image-preview:large","max-video-preview":"max-video-preview:-1"},"canonical":"https:\/\/medicina.udd.cl\/centro-bioetica\/dialogos-bioeticos\/dialogos-bioeticos-2014\/","og_locale":"es_ES","og_type":"article","og_title":"Di\u00e1logos Bio\u00e9ticos - Centro de Bio\u00e9tica | UDD","og_description":"El Centro de Bio\u00e9tica de la Facultad de Medicina Cl\u00ednica Alemana Universidad del Desarrollo organiza los Di\u00e1logos Bio\u00e9ticos. Se realizan en el Centro Saval.","og_url":"https:\/\/medicina.udd.cl\/centro-bioetica\/dialogos-bioeticos\/dialogos-bioeticos-2014\/","og_site_name":"Centro de Bio\u00e9tica","article_modified_time":"2015-08-31T18:28:20+00:00","twitter_misc":{"Tiempo de lectura":"1 minuto"},"schema":{"@context":"https:\/\/schema.org","@graph":[{"@type":"WebPage","@id":"https:\/\/medicina.udd.cl\/centro-bioetica\/dialogos-bioeticos\/dialogos-bioeticos-2014\/","url":"https:\/\/medicina.udd.cl\/centro-bioetica\/dialogos-bioeticos\/dialogos-bioeticos-2014\/","name":"Di\u00e1logos Bio\u00e9ticos - Centro de Bio\u00e9tica | UDD","isPartOf":{"@id":"https:\/\/medicina.udd.cl\/centro-bioetica\/#website"},"datePublished":"2014-03-20T13:13:16+00:00","dateModified":"2015-08-31T18:28:20+00:00","description":"El Centro de Bio\u00e9tica de la Facultad de Medicina Cl\u00ednica Alemana Universidad del Desarrollo organiza los Di\u00e1logos Bio\u00e9ticos. Se realizan en el Centro Saval.","breadcrumb":{"@id":"https:\/\/medicina.udd.cl\/centro-bioetica\/dialogos-bioeticos\/dialogos-bioeticos-2014\/#breadcrumb"},"inLanguage":"es","potentialAction":[{"@type":"ReadAction","target":["https:\/\/medicina.udd.cl\/centro-bioetica\/dialogos-bioeticos\/dialogos-bioeticos-2014\/"]}]},{"@type":"BreadcrumbList","@id":"https:\/\/medicina.udd.cl\/centro-bioetica\/dialogos-bioeticos\/dialogos-bioeticos-2014\/#breadcrumb","itemListElement":[{"@type":"ListItem","position":1,"name":"Inicio","item":"https:\/\/medicina.udd.cl\/centro-bioetica\/"},{"@type":"ListItem","position":2,"name":"Di\u00e1logos Bio\u00e9ticos","item":"https:\/\/medicina.udd.cl\/centro-bioetica\/dialogos-bioeticos\/"},{"@type":"ListItem","position":3,"name":"Di\u00e1logos Bio\u00e9ticos 2014"}]},{"@type":"WebSite","@id":"https:\/\/medicina.udd.cl\/centro-bioetica\/#website","url":"https:\/\/medicina.udd.cl\/centro-bioetica\/","name":"Centro de Bio\u00e9tica","description":"Universidad del Desarrollo","inLanguage":"es"}]}},"_links":{"self":[{"href":"https:\/\/medicina.udd.cl\/centro-bioetica\/wp-json\/wp\/v2\/pages\/2722","targetHints":{"allow":["GET"]}}],"collection":[{"href":"https:\/\/medicina.udd.cl\/centro-bioetica\/wp-json\/wp\/v2\/pages"}],"about":[{"href":"https:\/\/medicina.udd.cl\/centro-bioetica\/wp-json\/wp\/v2\/types\/page"}],"author":[{"embeddable":true,"href":"https:\/\/medicina.udd.cl\/centro-bioetica\/wp-json\/wp\/v2\/users\/42"}],"replies":[{"embeddable":true,"href":"https:\/\/medicina.udd.cl\/centro-bioetica\/wp-json\/wp\/v2\/comments?post=2722"}],"version-history":[{"count":21,"href":"https:\/\/medicina.udd.cl\/centro-bioetica\/wp-json\/wp\/v2\/pages\/2722\/revisions"}],"predecessor-version":[{"id":3405,"href":"https:\/\/medicina.udd.cl\/centro-bioetica\/wp-json\/wp\/v2\/pages\/2722\/revisions\/3405"}],"up":[{"embeddable":true,"href":"https:\/\/medicina.udd.cl\/centro-bioetica\/wp-json\/wp\/v2\/pages\/226"}],"wp:attachment":[{"href":"https:\/\/medicina.udd.cl\/centro-bioetica\/wp-json\/wp\/v2\/media?parent=2722"}],"curies":[{"name":"wp","href":"https:\/\/api.w.org\/{rel}","templated":true}]}}