{"id":3,"date":"2010-04-06T12:01:59","date_gmt":"2010-04-06T16:01:59","guid":{"rendered":"http:\/\/medicina.udd.cl\/centro-bioetica\/proyectos\/"},"modified":"2010-06-23T14:06:17","modified_gmt":"2010-06-23T18:06:17","slug":"proyectos","status":"publish","type":"page","link":"https:\/\/medicina.udd.cl\/centro-bioetica\/proyectos\/","title":{"rendered":"Proyectos"},"content":{"rendered":"<p style=\"text-align: justify\">Esta l\u00ednea de trabajo est\u00e1 abierta a las ideas o sugerencias de quienes tengan el inter\u00e9s de estudiar e investigar sus temas. El Centro ofrece tutor\u00eda, constituci\u00f3n de grupos de discusi\u00f3n, facilidades de biblioteca, b\u00fasqueda bibliogr\u00e1fica, y la organizaci\u00f3n posterior de comunicaci\u00f3n y difusi\u00f3n de los resultados.<\/p>\n<p style=\"text-align: justify\"><strong>Donaci\u00f3n de \u00f3rganos para trasplantes.<\/strong><br \/>\nSebasti\u00e1n Solar, Alejandra Ovalle, Mar\u00eda Elvira Simian, Jorge Escobar y Juan Pablo Beca.<br \/>\nAceptado para su publicaci\u00f3n en Revista Chilena de Cirug\u00eda.<\/p>\n<p style=\"text-align: justify\"><strong>La Orden de No Reanimar: Actitud de los m\u00e9dicos frente a pacientes adultos.<br \/>\n<\/strong>Ver\u00f3nica Anguita, Juan Pablo Beca, Francisca Browne, Pamela Ch\u00e1vez<br \/>\nObjetivo General: Contribuir, con informaci\u00f3n emp\u00edrica proveniente de los m\u00e9dicos enfrentados a la Orden de No Reanimar, al debate \u00e9tico val\u00f3rico nacional sobre el final de la vida.<\/p>\n<p style=\"text-align: justify\"><strong>Valores de los estudiantes de medicina.<br \/>\n<\/strong>Juan Pablo Beca, Crist\u00f3bal S\u00e1nchez, Isidora S\u00e1nchez, Ver\u00f3nica Anguita<br \/>\nObjetivo General: Conocer que visi\u00f3n tienen los estudiantes de medicina acerca de los valores que deben tener y desarrollar en su actual etapa de estudiantes y c\u00f3mo ella puede evolucionar durante la carrera.<\/p>\n","protected":false},"excerpt":{"rendered":"<p>Proyectos de Investigaci\u00f3n en curso.<\/p>\n","protected":false},"author":1,"featured_media":0,"parent":0,"menu_order":0,"comment_status":"open","ping_status":"open","template":"","meta":{"footnotes":""},"class_list":["post-3","page","type-page","status-publish","hentry"],"yoast_head":"<!-- This site is optimized with the Yoast SEO plugin v26.9 - https:\/\/yoast.com\/product\/yoast-seo-wordpress\/ -->\n<title>Proyectos - Centro de Bio\u00e9tica<\/title>\n<meta name=\"robots\" content=\"index, follow, max-snippet:-1, max-image-preview:large, max-video-preview:-1\" \/>\n<link rel=\"canonical\" href=\"https:\/\/medicina.udd.cl\/centro-bioetica\/proyectos\/\" \/>\n<meta property=\"og:locale\" content=\"es_ES\" \/>\n<meta property=\"og:type\" content=\"article\" \/>\n<meta property=\"og:title\" content=\"Proyectos - Centro de Bio\u00e9tica\" \/>\n<meta property=\"og:description\" content=\"Proyectos de Investigaci\u00f3n en curso.\" \/>\n<meta property=\"og:url\" content=\"https:\/\/medicina.udd.cl\/centro-bioetica\/proyectos\/\" \/>\n<meta property=\"og:site_name\" content=\"Centro de Bio\u00e9tica\" \/>\n<meta property=\"article:modified_time\" content=\"2010-06-23T18:06:17+00:00\" \/>\n<meta name=\"twitter:label1\" content=\"Tiempo de lectura\" \/>\n\t<meta name=\"twitter:data1\" content=\"1 minuto\" \/>\n<script type=\"application\/ld+json\" class=\"yoast-schema-graph\">{\"@context\":\"https:\/\/schema.org\",\"@graph\":[{\"@type\":\"WebPage\",\"@id\":\"https:\/\/medicina.udd.cl\/centro-bioetica\/proyectos\/\",\"url\":\"https:\/\/medicina.udd.cl\/centro-bioetica\/proyectos\/\",\"name\":\"Proyectos - Centro de Bio\u00e9tica\",\"isPartOf\":{\"@id\":\"https:\/\/medicina.udd.cl\/centro-bioetica\/#website\"},\"datePublished\":\"2010-04-06T16:01:59+00:00\",\"dateModified\":\"2010-06-23T18:06:17+00:00\",\"breadcrumb\":{\"@id\":\"https:\/\/medicina.udd.cl\/centro-bioetica\/proyectos\/#breadcrumb\"},\"inLanguage\":\"es\",\"potentialAction\":[{\"@type\":\"ReadAction\",\"target\":[\"https:\/\/medicina.udd.cl\/centro-bioetica\/proyectos\/\"]}]},{\"@type\":\"BreadcrumbList\",\"@id\":\"https:\/\/medicina.udd.cl\/centro-bioetica\/proyectos\/#breadcrumb\",\"itemListElement\":[{\"@type\":\"ListItem\",\"position\":1,\"name\":\"Inicio\",\"item\":\"https:\/\/medicina.udd.cl\/centro-bioetica\/\"},{\"@type\":\"ListItem\",\"position\":2,\"name\":\"Proyectos\"}]},{\"@type\":\"WebSite\",\"@id\":\"https:\/\/medicina.udd.cl\/centro-bioetica\/#website\",\"url\":\"https:\/\/medicina.udd.cl\/centro-bioetica\/\",\"name\":\"Centro de Bio\u00e9tica\",\"description\":\"Universidad del Desarrollo\",\"inLanguage\":\"es\"}]}<\/script>\n<!-- \/ Yoast SEO plugin. -->","yoast_head_json":{"title":"Proyectos - Centro de Bio\u00e9tica","robots":{"index":"index","follow":"follow","max-snippet":"max-snippet:-1","max-image-preview":"max-image-preview:large","max-video-preview":"max-video-preview:-1"},"canonical":"https:\/\/medicina.udd.cl\/centro-bioetica\/proyectos\/","og_locale":"es_ES","og_type":"article","og_title":"Proyectos - Centro de Bio\u00e9tica","og_description":"Proyectos de Investigaci\u00f3n en curso.","og_url":"https:\/\/medicina.udd.cl\/centro-bioetica\/proyectos\/","og_site_name":"Centro de Bio\u00e9tica","article_modified_time":"2010-06-23T18:06:17+00:00","twitter_misc":{"Tiempo de lectura":"1 minuto"},"schema":{"@context":"https:\/\/schema.org","@graph":[{"@type":"WebPage","@id":"https:\/\/medicina.udd.cl\/centro-bioetica\/proyectos\/","url":"https:\/\/medicina.udd.cl\/centro-bioetica\/proyectos\/","name":"Proyectos - Centro de Bio\u00e9tica","isPartOf":{"@id":"https:\/\/medicina.udd.cl\/centro-bioetica\/#website"},"datePublished":"2010-04-06T16:01:59+00:00","dateModified":"2010-06-23T18:06:17+00:00","breadcrumb":{"@id":"https:\/\/medicina.udd.cl\/centro-bioetica\/proyectos\/#breadcrumb"},"inLanguage":"es","potentialAction":[{"@type":"ReadAction","target":["https:\/\/medicina.udd.cl\/centro-bioetica\/proyectos\/"]}]},{"@type":"BreadcrumbList","@id":"https:\/\/medicina.udd.cl\/centro-bioetica\/proyectos\/#breadcrumb","itemListElement":[{"@type":"ListItem","position":1,"name":"Inicio","item":"https:\/\/medicina.udd.cl\/centro-bioetica\/"},{"@type":"ListItem","position":2,"name":"Proyectos"}]},{"@type":"WebSite","@id":"https:\/\/medicina.udd.cl\/centro-bioetica\/#website","url":"https:\/\/medicina.udd.cl\/centro-bioetica\/","name":"Centro de Bio\u00e9tica","description":"Universidad del Desarrollo","inLanguage":"es"}]}},"_links":{"self":[{"href":"https:\/\/medicina.udd.cl\/centro-bioetica\/wp-json\/wp\/v2\/pages\/3","targetHints":{"allow":["GET"]}}],"collection":[{"href":"https:\/\/medicina.udd.cl\/centro-bioetica\/wp-json\/wp\/v2\/pages"}],"about":[{"href":"https:\/\/medicina.udd.cl\/centro-bioetica\/wp-json\/wp\/v2\/types\/page"}],"author":[{"embeddable":true,"href":"https:\/\/medicina.udd.cl\/centro-bioetica\/wp-json\/wp\/v2\/users\/1"}],"replies":[{"embeddable":true,"href":"https:\/\/medicina.udd.cl\/centro-bioetica\/wp-json\/wp\/v2\/comments?post=3"}],"version-history":[{"count":5,"href":"https:\/\/medicina.udd.cl\/centro-bioetica\/wp-json\/wp\/v2\/pages\/3\/revisions"}],"predecessor-version":[{"id":116,"href":"https:\/\/medicina.udd.cl\/centro-bioetica\/wp-json\/wp\/v2\/pages\/3\/revisions\/116"}],"wp:attachment":[{"href":"https:\/\/medicina.udd.cl\/centro-bioetica\/wp-json\/wp\/v2\/media?parent=3"}],"curies":[{"name":"wp","href":"https:\/\/api.w.org\/{rel}","templated":true}]}}