{"id":3279,"date":"2015-03-31T10:24:36","date_gmt":"2015-03-31T13:24:36","guid":{"rendered":"http:\/\/medicina.udd.cl\/centro-bioetica\/?page_id=3279"},"modified":"2015-12-28T11:46:03","modified_gmt":"2015-12-28T14:46:03","slug":"dialogos-bioeticos-2015","status":"publish","type":"page","link":"https:\/\/medicina.udd.cl\/centro-bioetica\/dialogos-bioeticos\/dialogos-bioeticos-2015\/","title":{"rendered":"Di\u00e1logos Bio\u00e9ticos 2015"},"content":{"rendered":"<p>Marzo 18:<\/p>\n<p><strong>Proyecto despenalizaci\u00f3n del aborto<\/strong><\/p>\n<p>Presenta: Dra. Gladys B\u00f3rquez<\/p>\n<p><a href=\"http:\/\/www.savalnet.cl\/educacionmedica\/cursosycongresos\/20150318_24378\/\">Ver video<\/a><\/p>\n<p>Abril 15:<\/p>\n<p><strong>Reflexiones morales acerca del dolor<\/strong><\/p>\n<p>Presenta: Dr. Jorge Olvia<\/p>\n<p><a href=\"http:\/\/www.savalnet.cl\/educacionmedica\/cursosycongresos\/20150318_24378\/\">Ver video<\/a><\/p>\n<p><strong>Bio\u00e9tica y dolor cr\u00f3nico<\/strong><\/p>\n<p>Presenta: Dra. Sof\u00eda Ortiz<\/p>\n<p><a href=\"http:\/\/www.savalnet.cl\/educacionmedica\/cursosycongresos\/20150318_24378\/\">Ver video<\/a><\/p>\n<p>Mayo 6:<\/p>\n<p><strong>Deber del cuidado en medicina. Aspectos \u00e9ticos y legales<\/strong><\/p>\n<p>Presenta:\u00a0Dr. Alejandro Koppmann y Abogada Teresa Navarro.<\/p>\n<p><a href=\"http:\/\/www.savalnet.cl\/educacionmedica\/cursosycongresos\/20150318_24378\/\">Ver video<\/a><\/p>\n<p>Junio 10:<\/p>\n<p><strong>Objeci\u00f3n de conciencia\u00a0<\/strong><\/p>\n<p>Presenta: Dr. Juan Pablo Beca<\/p>\n<p><a href=\"http:\/\/www.savalnet.cl\/educacionmedica\/cursosycongresos\/20150318_24378\/\">Ver video<\/a><\/p>\n<p>Agosto 5:<\/p>\n<p><strong>Organismos gen\u00e9ticamente modificados\u00a0<\/strong><\/p>\n<p>Presenta: Dra. Carmen Astete y Prof. Erick Vald\u00e9s<\/p>\n<p><a href=\"http:\/\/www.savalnet.cl\/educacionmedica\/cursosycongresos\/20150318_24378\/\">Ver video\u00a0<\/a><\/p>\n<p>Septiembre 2:<\/p>\n<p><strong>Problemas \u00e9ticos en oncolog\u00eda<\/strong><\/p>\n<p>Presenta: Karen Goset<\/p>\n<p><a href=\"http:\/\/www.savalnet.cl\/educacionmedica\/cursosycongresos\/20150318_24378\/\">Ver video<\/a><\/p>\n<p>Septiembre 30:<\/p>\n<p><strong>Nuevos desaf\u00edos en \u00e9tica de la investigaci\u00f3n<\/strong><\/p>\n<p>Dra. Sof\u00eda Salas<\/p>\n<p><a href=\"http:\/\/www.savalnet.cl\/educacionmedica\/cursosycongresos\/20150318_24378\/\">Ver video<\/a><\/p>\n<p>Noviembre 4:<\/p>\n<p><strong>Bio\u00e9tica, responsabilidad y medio ambiente<\/strong><\/p>\n<p>Prof. Alberto Lecaros<\/p>\n<p><a href=\"http:\/\/www.savalnet.cl\/educacionmedica\/cursosycongresos\/20150318_24378\/\">Ver video<\/a><\/p>\n<p>Diciembre 2:<\/p>\n<p><strong>Consentimiento informado y limitaci\u00f3n del esfuerzo terap\u00e9utico, qui\u00e9n y c\u00f3mo decide<\/strong><\/p>\n<p>Dr. Juan Pablo Beca<\/p>\n<p><a href=\"http:\/\/www.savalnet.cl\/educacionmedica\/cursosycongresos\/20150318_24378\/\">Ver video\u00a0<\/a><\/p>\n","protected":false},"excerpt":{"rendered":"<p>Revisa los encuentros realizados en 2015<\/p>\n","protected":false},"author":42,"featured_media":0,"parent":226,"menu_order":0,"comment_status":"open","ping_status":"open","template":"","meta":{"footnotes":""},"class_list":["post-3279","page","type-page","status-publish","hentry"],"yoast_head":"<!-- This site is optimized with the Yoast SEO plugin v26.9 - https:\/\/yoast.com\/product\/yoast-seo-wordpress\/ -->\n<title>Di\u00e1logos Bio\u00e9ticos 2015 - Centro de Bio\u00e9tica<\/title>\n<meta name=\"robots\" content=\"index, follow, max-snippet:-1, max-image-preview:large, max-video-preview:-1\" \/>\n<link rel=\"canonical\" href=\"https:\/\/medicina.udd.cl\/centro-bioetica\/dialogos-bioeticos\/dialogos-bioeticos-2015\/\" \/>\n<meta property=\"og:locale\" content=\"es_ES\" \/>\n<meta property=\"og:type\" content=\"article\" \/>\n<meta property=\"og:title\" content=\"Di\u00e1logos Bio\u00e9ticos 2015 - Centro de Bio\u00e9tica\" \/>\n<meta property=\"og:description\" content=\"Revisa los encuentros realizados en 2015\" \/>\n<meta property=\"og:url\" content=\"https:\/\/medicina.udd.cl\/centro-bioetica\/dialogos-bioeticos\/dialogos-bioeticos-2015\/\" \/>\n<meta property=\"og:site_name\" content=\"Centro de Bio\u00e9tica\" \/>\n<meta property=\"article:modified_time\" content=\"2015-12-28T14:46:03+00:00\" \/>\n<meta name=\"twitter:label1\" content=\"Tiempo de lectura\" \/>\n\t<meta name=\"twitter:data1\" content=\"1 minuto\" \/>\n<script type=\"application\/ld+json\" class=\"yoast-schema-graph\">{\"@context\":\"https:\/\/schema.org\",\"@graph\":[{\"@type\":\"WebPage\",\"@id\":\"https:\/\/medicina.udd.cl\/centro-bioetica\/dialogos-bioeticos\/dialogos-bioeticos-2015\/\",\"url\":\"https:\/\/medicina.udd.cl\/centro-bioetica\/dialogos-bioeticos\/dialogos-bioeticos-2015\/\",\"name\":\"Di\u00e1logos Bio\u00e9ticos 2015 - Centro de Bio\u00e9tica\",\"isPartOf\":{\"@id\":\"https:\/\/medicina.udd.cl\/centro-bioetica\/#website\"},\"datePublished\":\"2015-03-31T13:24:36+00:00\",\"dateModified\":\"2015-12-28T14:46:03+00:00\",\"breadcrumb\":{\"@id\":\"https:\/\/medicina.udd.cl\/centro-bioetica\/dialogos-bioeticos\/dialogos-bioeticos-2015\/#breadcrumb\"},\"inLanguage\":\"es\",\"potentialAction\":[{\"@type\":\"ReadAction\",\"target\":[\"https:\/\/medicina.udd.cl\/centro-bioetica\/dialogos-bioeticos\/dialogos-bioeticos-2015\/\"]}]},{\"@type\":\"BreadcrumbList\",\"@id\":\"https:\/\/medicina.udd.cl\/centro-bioetica\/dialogos-bioeticos\/dialogos-bioeticos-2015\/#breadcrumb\",\"itemListElement\":[{\"@type\":\"ListItem\",\"position\":1,\"name\":\"Inicio\",\"item\":\"https:\/\/medicina.udd.cl\/centro-bioetica\/\"},{\"@type\":\"ListItem\",\"position\":2,\"name\":\"Di\u00e1logos Bio\u00e9ticos\",\"item\":\"https:\/\/medicina.udd.cl\/centro-bioetica\/dialogos-bioeticos\/\"},{\"@type\":\"ListItem\",\"position\":3,\"name\":\"Di\u00e1logos Bio\u00e9ticos 2015\"}]},{\"@type\":\"WebSite\",\"@id\":\"https:\/\/medicina.udd.cl\/centro-bioetica\/#website\",\"url\":\"https:\/\/medicina.udd.cl\/centro-bioetica\/\",\"name\":\"Centro de Bio\u00e9tica\",\"description\":\"Universidad del Desarrollo\",\"inLanguage\":\"es\"}]}<\/script>\n<!-- \/ Yoast SEO plugin. -->","yoast_head_json":{"title":"Di\u00e1logos Bio\u00e9ticos 2015 - Centro de Bio\u00e9tica","robots":{"index":"index","follow":"follow","max-snippet":"max-snippet:-1","max-image-preview":"max-image-preview:large","max-video-preview":"max-video-preview:-1"},"canonical":"https:\/\/medicina.udd.cl\/centro-bioetica\/dialogos-bioeticos\/dialogos-bioeticos-2015\/","og_locale":"es_ES","og_type":"article","og_title":"Di\u00e1logos Bio\u00e9ticos 2015 - Centro de Bio\u00e9tica","og_description":"Revisa los encuentros realizados en 2015","og_url":"https:\/\/medicina.udd.cl\/centro-bioetica\/dialogos-bioeticos\/dialogos-bioeticos-2015\/","og_site_name":"Centro de Bio\u00e9tica","article_modified_time":"2015-12-28T14:46:03+00:00","twitter_misc":{"Tiempo de lectura":"1 minuto"},"schema":{"@context":"https:\/\/schema.org","@graph":[{"@type":"WebPage","@id":"https:\/\/medicina.udd.cl\/centro-bioetica\/dialogos-bioeticos\/dialogos-bioeticos-2015\/","url":"https:\/\/medicina.udd.cl\/centro-bioetica\/dialogos-bioeticos\/dialogos-bioeticos-2015\/","name":"Di\u00e1logos Bio\u00e9ticos 2015 - Centro de Bio\u00e9tica","isPartOf":{"@id":"https:\/\/medicina.udd.cl\/centro-bioetica\/#website"},"datePublished":"2015-03-31T13:24:36+00:00","dateModified":"2015-12-28T14:46:03+00:00","breadcrumb":{"@id":"https:\/\/medicina.udd.cl\/centro-bioetica\/dialogos-bioeticos\/dialogos-bioeticos-2015\/#breadcrumb"},"inLanguage":"es","potentialAction":[{"@type":"ReadAction","target":["https:\/\/medicina.udd.cl\/centro-bioetica\/dialogos-bioeticos\/dialogos-bioeticos-2015\/"]}]},{"@type":"BreadcrumbList","@id":"https:\/\/medicina.udd.cl\/centro-bioetica\/dialogos-bioeticos\/dialogos-bioeticos-2015\/#breadcrumb","itemListElement":[{"@type":"ListItem","position":1,"name":"Inicio","item":"https:\/\/medicina.udd.cl\/centro-bioetica\/"},{"@type":"ListItem","position":2,"name":"Di\u00e1logos Bio\u00e9ticos","item":"https:\/\/medicina.udd.cl\/centro-bioetica\/dialogos-bioeticos\/"},{"@type":"ListItem","position":3,"name":"Di\u00e1logos Bio\u00e9ticos 2015"}]},{"@type":"WebSite","@id":"https:\/\/medicina.udd.cl\/centro-bioetica\/#website","url":"https:\/\/medicina.udd.cl\/centro-bioetica\/","name":"Centro de Bio\u00e9tica","description":"Universidad del Desarrollo","inLanguage":"es"}]}},"_links":{"self":[{"href":"https:\/\/medicina.udd.cl\/centro-bioetica\/wp-json\/wp\/v2\/pages\/3279","targetHints":{"allow":["GET"]}}],"collection":[{"href":"https:\/\/medicina.udd.cl\/centro-bioetica\/wp-json\/wp\/v2\/pages"}],"about":[{"href":"https:\/\/medicina.udd.cl\/centro-bioetica\/wp-json\/wp\/v2\/types\/page"}],"author":[{"embeddable":true,"href":"https:\/\/medicina.udd.cl\/centro-bioetica\/wp-json\/wp\/v2\/users\/42"}],"replies":[{"embeddable":true,"href":"https:\/\/medicina.udd.cl\/centro-bioetica\/wp-json\/wp\/v2\/comments?post=3279"}],"version-history":[{"count":13,"href":"https:\/\/medicina.udd.cl\/centro-bioetica\/wp-json\/wp\/v2\/pages\/3279\/revisions"}],"predecessor-version":[{"id":3284,"href":"https:\/\/medicina.udd.cl\/centro-bioetica\/wp-json\/wp\/v2\/pages\/3279\/revisions\/3284"}],"up":[{"embeddable":true,"href":"https:\/\/medicina.udd.cl\/centro-bioetica\/wp-json\/wp\/v2\/pages\/226"}],"wp:attachment":[{"href":"https:\/\/medicina.udd.cl\/centro-bioetica\/wp-json\/wp\/v2\/media?parent=3279"}],"curies":[{"name":"wp","href":"https:\/\/api.w.org\/{rel}","templated":true}]}}