{"id":3886,"date":"2017-04-24T16:41:26","date_gmt":"2017-04-24T19:41:26","guid":{"rendered":"http:\/\/medicina.udd.cl\/centro-bioetica\/?page_id=3886"},"modified":"2017-12-29T10:20:39","modified_gmt":"2017-12-29T13:20:39","slug":"dialogos-bioeticos-2017","status":"publish","type":"page","link":"https:\/\/medicina.udd.cl\/centro-bioetica\/dialogos-bioeticos\/dialogos-bioeticos-2017\/","title":{"rendered":"Di\u00e1logos Bio\u00e9ticos 2017"},"content":{"rendered":"<p>Marzo 15<\/p>\n<p><strong>La salud de migrantes internacionales en Chile<\/strong><\/p>\n<p>Presenta: B\u00e1ltica Cabieses<\/p>\n<p><a href=\"http:\/\/www.savalnet.cl\/educacionmedica\/cursosycongresos\/20170315_33967\/\" target=\"_blank\">Ver video<\/a><\/p>\n<p>Abril 12<\/p>\n<p><strong>Modelos regulatorios para la medicina regenerativa en Chile: brechas, barreras y desaf\u00edos<\/strong><\/p>\n<p>Presenta: Prof. Juan Alberto Lecaros<\/p>\n<p><a href=\"http:\/\/www.savalnet.cl\/educacionmedica\/cursosycongresos\/20170315_33967\/\" target=\"_blank\">Ver video<\/a><\/p>\n<p>Mayo 3<\/p>\n<p><strong>Bio\u00e9tica: respuesta a las interrogantes planteadas a la \u00e9tica por la cultura planetaria<\/strong><\/p>\n<p>Presenta: Ana Escribar<\/p>\n<p><a href=\"http:\/\/www.savalnet.cl\/educacionmedica\/cursosycongresos\/20170315_33967\/\" target=\"_blank\">Ver video<\/a><\/p>\n<p>Junio 14<\/p>\n<p><strong>Muerte digna<\/strong><\/p>\n<p>Presenta: Dr. Juan PAblo Beca<\/p>\n<p><a href=\"http:\/\/www.savalnet.cl\/educacionmedica\/cursosycongresos\/20170315_33967\/\">Ver video<\/a><\/p>\n<p>Agosto 30<\/p>\n<p><strong>Bio\u00e9tica y biopol\u00edtica<\/strong><\/p>\n<p>Presenta: Sr. Daniel Toscano<\/p>\n<p><a href=\"http:\/\/www.savalnet.cl\/educacionmedica\/cursosycongresos\/20170315_33967\/\">Ver video<\/a><\/p>\n<p>Octubre 8<\/p>\n<p><strong>Desaf\u00edos que tiene la inform\u00e1tica biom\u00e9dica en el uso de datos cl\u00ednicos<\/strong><\/p>\n<p>Presenta Dr. Alejandro Mauro<\/p>\n<p><a href=\"http:\/\/www.savalnet.cl\/educacionmedica\/cursosycongresos\/20170315_33967\/\">Ver video<\/a><\/p>\n<p><strong>C\u00f3mo mejorar el uso de la informaci\u00f3n cl\u00ednica en investigaci\u00f3n biom\u00e9dica<\/strong><\/p>\n<p>Presenta:\u00a0Prof. J.A. Lecaros<\/p>\n<p><a href=\"http:\/\/www.savalnet.cl\/educacionmedica\/cursosycongresos\/20170315_33967\/\">Ver video<\/a><\/p>\n<p>Noviembre 15<\/p>\n<p><strong>Placebo y nocebo en perspectiva bio\u00e9tica<\/strong><\/p>\n<p>Presenta: Dr. Bernardo Aguilera<\/p>\n<p><a href=\"http:\/\/www.savalnet.cl\/educacionmedica\/cursosycongresos\/20170315_33967\/\">Ver video<\/a><\/p>\n<p>Diciembre 13<\/p>\n<p><strong>Lo pendiente en cuidados paliativos<\/strong><\/p>\n<p>Presenta: Dra. Lorna Luco<\/p>\n<p><a href=\"http:\/\/www.savalnet.cl\/educacionmedica\/cursosycongresos\/20170315_33967\/\">Ver video<\/a><\/p>\n","protected":false},"excerpt":{"rendered":"<p>Marzo 15 La salud de migrantes internacionales en Chile Presenta: B\u00e1ltica Cabieses Ver video Abril 12 Modelos regulatorios para la medicina regenerativa en Chile: brechas, barreras y desaf\u00edos Presenta: Prof. Juan Alberto Lecaros Ver video Mayo 3 Bio\u00e9tica: respuesta a las interrogantes planteadas a la \u00e9tica por la cultura planetaria Presenta: Ana Escribar Ver video [&hellip;]<\/p>\n","protected":false},"author":42,"featured_media":0,"parent":226,"menu_order":0,"comment_status":"closed","ping_status":"closed","template":"","meta":{"footnotes":""},"class_list":["post-3886","page","type-page","status-publish","hentry"],"yoast_head":"<!-- This site is optimized with the Yoast SEO plugin v26.9 - https:\/\/yoast.com\/product\/yoast-seo-wordpress\/ -->\n<title>Di\u00e1logos Bio\u00e9ticos 2017 - Centro de Bio\u00e9tica<\/title>\n<meta name=\"robots\" content=\"index, follow, max-snippet:-1, max-image-preview:large, max-video-preview:-1\" \/>\n<link rel=\"canonical\" href=\"https:\/\/medicina.udd.cl\/centro-bioetica\/dialogos-bioeticos\/dialogos-bioeticos-2017\/\" \/>\n<meta property=\"og:locale\" content=\"es_ES\" \/>\n<meta property=\"og:type\" content=\"article\" \/>\n<meta property=\"og:title\" content=\"Di\u00e1logos Bio\u00e9ticos 2017 - Centro de Bio\u00e9tica\" \/>\n<meta property=\"og:description\" content=\"Marzo 15 La salud de migrantes internacionales en Chile Presenta: B\u00e1ltica Cabieses Ver video Abril 12 Modelos regulatorios para la medicina regenerativa en Chile: brechas, barreras y desaf\u00edos Presenta: Prof. Juan Alberto Lecaros Ver video Mayo 3 Bio\u00e9tica: respuesta a las interrogantes planteadas a la \u00e9tica por la cultura planetaria Presenta: Ana Escribar Ver video [&hellip;]\" \/>\n<meta property=\"og:url\" content=\"https:\/\/medicina.udd.cl\/centro-bioetica\/dialogos-bioeticos\/dialogos-bioeticos-2017\/\" \/>\n<meta property=\"og:site_name\" content=\"Centro de Bio\u00e9tica\" \/>\n<meta property=\"article:modified_time\" content=\"2017-12-29T13:20:39+00:00\" \/>\n<meta name=\"twitter:label1\" content=\"Tiempo de lectura\" \/>\n\t<meta name=\"twitter:data1\" content=\"1 minuto\" \/>\n<script type=\"application\/ld+json\" class=\"yoast-schema-graph\">{\"@context\":\"https:\/\/schema.org\",\"@graph\":[{\"@type\":\"WebPage\",\"@id\":\"https:\/\/medicina.udd.cl\/centro-bioetica\/dialogos-bioeticos\/dialogos-bioeticos-2017\/\",\"url\":\"https:\/\/medicina.udd.cl\/centro-bioetica\/dialogos-bioeticos\/dialogos-bioeticos-2017\/\",\"name\":\"Di\u00e1logos Bio\u00e9ticos 2017 - Centro de Bio\u00e9tica\",\"isPartOf\":{\"@id\":\"https:\/\/medicina.udd.cl\/centro-bioetica\/#website\"},\"datePublished\":\"2017-04-24T19:41:26+00:00\",\"dateModified\":\"2017-12-29T13:20:39+00:00\",\"breadcrumb\":{\"@id\":\"https:\/\/medicina.udd.cl\/centro-bioetica\/dialogos-bioeticos\/dialogos-bioeticos-2017\/#breadcrumb\"},\"inLanguage\":\"es\",\"potentialAction\":[{\"@type\":\"ReadAction\",\"target\":[\"https:\/\/medicina.udd.cl\/centro-bioetica\/dialogos-bioeticos\/dialogos-bioeticos-2017\/\"]}]},{\"@type\":\"BreadcrumbList\",\"@id\":\"https:\/\/medicina.udd.cl\/centro-bioetica\/dialogos-bioeticos\/dialogos-bioeticos-2017\/#breadcrumb\",\"itemListElement\":[{\"@type\":\"ListItem\",\"position\":1,\"name\":\"Inicio\",\"item\":\"https:\/\/medicina.udd.cl\/centro-bioetica\/\"},{\"@type\":\"ListItem\",\"position\":2,\"name\":\"Di\u00e1logos Bio\u00e9ticos\",\"item\":\"https:\/\/medicina.udd.cl\/centro-bioetica\/dialogos-bioeticos\/\"},{\"@type\":\"ListItem\",\"position\":3,\"name\":\"Di\u00e1logos Bio\u00e9ticos 2017\"}]},{\"@type\":\"WebSite\",\"@id\":\"https:\/\/medicina.udd.cl\/centro-bioetica\/#website\",\"url\":\"https:\/\/medicina.udd.cl\/centro-bioetica\/\",\"name\":\"Centro de Bio\u00e9tica\",\"description\":\"Universidad del Desarrollo\",\"inLanguage\":\"es\"}]}<\/script>\n<!-- \/ Yoast SEO plugin. -->","yoast_head_json":{"title":"Di\u00e1logos Bio\u00e9ticos 2017 - Centro de Bio\u00e9tica","robots":{"index":"index","follow":"follow","max-snippet":"max-snippet:-1","max-image-preview":"max-image-preview:large","max-video-preview":"max-video-preview:-1"},"canonical":"https:\/\/medicina.udd.cl\/centro-bioetica\/dialogos-bioeticos\/dialogos-bioeticos-2017\/","og_locale":"es_ES","og_type":"article","og_title":"Di\u00e1logos Bio\u00e9ticos 2017 - Centro de Bio\u00e9tica","og_description":"Marzo 15 La salud de migrantes internacionales en Chile Presenta: B\u00e1ltica Cabieses Ver video Abril 12 Modelos regulatorios para la medicina regenerativa en Chile: brechas, barreras y desaf\u00edos Presenta: Prof. Juan Alberto Lecaros Ver video Mayo 3 Bio\u00e9tica: respuesta a las interrogantes planteadas a la \u00e9tica por la cultura planetaria Presenta: Ana Escribar Ver video [&hellip;]","og_url":"https:\/\/medicina.udd.cl\/centro-bioetica\/dialogos-bioeticos\/dialogos-bioeticos-2017\/","og_site_name":"Centro de Bio\u00e9tica","article_modified_time":"2017-12-29T13:20:39+00:00","twitter_misc":{"Tiempo de lectura":"1 minuto"},"schema":{"@context":"https:\/\/schema.org","@graph":[{"@type":"WebPage","@id":"https:\/\/medicina.udd.cl\/centro-bioetica\/dialogos-bioeticos\/dialogos-bioeticos-2017\/","url":"https:\/\/medicina.udd.cl\/centro-bioetica\/dialogos-bioeticos\/dialogos-bioeticos-2017\/","name":"Di\u00e1logos Bio\u00e9ticos 2017 - Centro de Bio\u00e9tica","isPartOf":{"@id":"https:\/\/medicina.udd.cl\/centro-bioetica\/#website"},"datePublished":"2017-04-24T19:41:26+00:00","dateModified":"2017-12-29T13:20:39+00:00","breadcrumb":{"@id":"https:\/\/medicina.udd.cl\/centro-bioetica\/dialogos-bioeticos\/dialogos-bioeticos-2017\/#breadcrumb"},"inLanguage":"es","potentialAction":[{"@type":"ReadAction","target":["https:\/\/medicina.udd.cl\/centro-bioetica\/dialogos-bioeticos\/dialogos-bioeticos-2017\/"]}]},{"@type":"BreadcrumbList","@id":"https:\/\/medicina.udd.cl\/centro-bioetica\/dialogos-bioeticos\/dialogos-bioeticos-2017\/#breadcrumb","itemListElement":[{"@type":"ListItem","position":1,"name":"Inicio","item":"https:\/\/medicina.udd.cl\/centro-bioetica\/"},{"@type":"ListItem","position":2,"name":"Di\u00e1logos Bio\u00e9ticos","item":"https:\/\/medicina.udd.cl\/centro-bioetica\/dialogos-bioeticos\/"},{"@type":"ListItem","position":3,"name":"Di\u00e1logos Bio\u00e9ticos 2017"}]},{"@type":"WebSite","@id":"https:\/\/medicina.udd.cl\/centro-bioetica\/#website","url":"https:\/\/medicina.udd.cl\/centro-bioetica\/","name":"Centro de Bio\u00e9tica","description":"Universidad del Desarrollo","inLanguage":"es"}]}},"_links":{"self":[{"href":"https:\/\/medicina.udd.cl\/centro-bioetica\/wp-json\/wp\/v2\/pages\/3886","targetHints":{"allow":["GET"]}}],"collection":[{"href":"https:\/\/medicina.udd.cl\/centro-bioetica\/wp-json\/wp\/v2\/pages"}],"about":[{"href":"https:\/\/medicina.udd.cl\/centro-bioetica\/wp-json\/wp\/v2\/types\/page"}],"author":[{"embeddable":true,"href":"https:\/\/medicina.udd.cl\/centro-bioetica\/wp-json\/wp\/v2\/users\/42"}],"replies":[{"embeddable":true,"href":"https:\/\/medicina.udd.cl\/centro-bioetica\/wp-json\/wp\/v2\/comments?post=3886"}],"version-history":[{"count":5,"href":"https:\/\/medicina.udd.cl\/centro-bioetica\/wp-json\/wp\/v2\/pages\/3886\/revisions"}],"predecessor-version":[{"id":4134,"href":"https:\/\/medicina.udd.cl\/centro-bioetica\/wp-json\/wp\/v2\/pages\/3886\/revisions\/4134"}],"up":[{"embeddable":true,"href":"https:\/\/medicina.udd.cl\/centro-bioetica\/wp-json\/wp\/v2\/pages\/226"}],"wp:attachment":[{"href":"https:\/\/medicina.udd.cl\/centro-bioetica\/wp-json\/wp\/v2\/media?parent=3886"}],"curies":[{"name":"wp","href":"https:\/\/api.w.org\/{rel}","templated":true}]}}