{"id":4042,"date":"2017-11-21T11:10:26","date_gmt":"2017-11-21T14:10:26","guid":{"rendered":"http:\/\/medicina.udd.cl\/centro-bioetica\/?page_id=4042"},"modified":"2022-02-22T10:10:49","modified_gmt":"2022-02-22T13:10:49","slug":"centro-colaborador-opsoms","status":"publish","type":"page","link":"https:\/\/medicina.udd.cl\/centro-bioetica\/centro-colaborador-opsoms\/","title":{"rendered":"Centro Colaborador OPS\/OMS"},"content":{"rendered":"<section class=\"wp-block-udd-text-row block--content-align-right block--bg-gray\">\n\t<div class=\"text-row\">\n\t\t<div class=\"text-row__content\">\n\t\t\t<div class=\"text-row__content-inner text\">\n\t\t\t\t\t\t\t\t<h2>Pasant\u00edas<\/h2>\n\t\t\t\t\t\t\t\t\n<p>Ofrecemos la oportunidad de que profesionales con capacitaci\u00f3n y  responsabilidades en bio\u00e9tica en sus pa\u00edses, hagan una pasant\u00eda breve, de 2 a 4  semanas en el Centro. <\/p>\n\n<p><a href=\"https:\/\/medicina.udd.cl\/centro-bioetica\/files\/2019\/03\/Programa-Pasant%C3%ADas-en-centro-de-Bio%C3%A9tica-1.pdf\">Ver m\u00e1s <span class=\"featured-downloads__data\">PDF<\/span><\/a><\/p>\n\t\t\t<\/div>\n\t\t<\/div>\n\t\t<div class=\"text-row__media\">\n\t\t\t<img loading=\"lazy\" decoding=\"async\" width=\"801\" height=\"534\" src=\"https:\/\/medicina.udd.cl\/centro-bioetica\/files\/2018\/12\/Cierre-diplomado-bio\u00e9tica-1-800x450.jpg\" class=\"text-row__media-image lazyload\" alt=\"\" sizes=\"auto, (max-width: 801px) 100vw, 801px\" data-src=\"https:\/\/medicina.udd.cl\/centro-bioetica\/files\/2018\/12\/Cierre-diplomado-bio\u00e9tica-1.jpg\" data-srcset=\"https:\/\/medicina.udd.cl\/centro-bioetica\/files\/2018\/12\/Cierre-diplomado-bio\u00e9tica-1.jpg 5184w, https:\/\/medicina.udd.cl\/centro-bioetica\/files\/2018\/12\/Cierre-diplomado-bio\u00e9tica-1-300x200.jpg 300w, https:\/\/medicina.udd.cl\/centro-bioetica\/files\/2018\/12\/Cierre-diplomado-bio\u00e9tica-1-768x512.jpg 768w, https:\/\/medicina.udd.cl\/centro-bioetica\/files\/2018\/12\/Cierre-diplomado-bio\u00e9tica-1-1024x683.jpg 1024w, https:\/\/medicina.udd.cl\/centro-bioetica\/files\/2018\/12\/Cierre-diplomado-bio\u00e9tica-1-960x640.jpg 960w\" \/>\t\t<\/div>\n\t<\/div>\n<\/section>\n\n\n<section class=\"wp-block-udd-text-row block--bg-gray\">\n\t<div class=\"text-row\">\n\t\t<div class=\"text-row__content\">\n\t\t\t<div class=\"text-row__content-inner text\">\n\t\t\t\t\t\t\t\t\n<p>El&nbsp;<strong>Centro de Bio\u00e9tica<\/strong>&nbsp;de la&nbsp;<strong><a href=\"http:\/\/medicina.udd.cl\/\">Facultad de Medicina Cl\u00ednica Alemana Universidad del Desarrollo<\/a><\/strong>, fue designado&nbsp;<strong>Centro Colaborador&nbsp;<\/strong>de la<strong>&nbsp;<a href=\"http:\/\/www.who.int\/es\/\">Organizaci\u00f3n Mundial de la Salud (OMS)<\/a><\/strong>, sum\u00e1ndose a los 10 ya existentes en todo el mundo.<br><br>Los Centros Colaboradores son instituciones de alto nivel cient\u00edfico y t\u00e9cnico a nivel nacional e internacional, destacados en su campo y en educaci\u00f3n, con un equipo de trabajo altamente calificado, con capacidad para trabajar en redes y apoyar programas de cooperaci\u00f3n.<br><br>El nombramiento del Centro de Bio\u00e9tica de la UDD se enmarca en la solicitud de autoridades de la OMS luego de un largo tiempo de colaboraci\u00f3n en proyectos o actividades conjuntas. Ser\u00e1 presidido por el Dr. Juan Pablo Beca y la Dra. Carmen Astete, fundador y directora, respectivamente, y tendr\u00e1 como misi\u00f3n cumplir con los t\u00e9rminos de referencia establecidos en la designaci\u00f3n.<\/p>\n\t\t\t<\/div>\n\t\t<\/div>\n\t\t<div class=\"text-row__media\">\n\t\t\t<img loading=\"lazy\" decoding=\"async\" width=\"398\" height=\"534\" src=\"https:\/\/medicina.udd.cl\/centro-bioetica\/files\/2017\/10\/JPB-con-Directora-de-Programa-Regional-de-Bioetica-de-PAHO-junto-a-la-bandera-de-WHO-800x450.jpg\" class=\"text-row__media-image lazyload\" alt=\"\" sizes=\"auto, (max-width: 398px) 100vw, 398px\" data-src=\"https:\/\/medicina.udd.cl\/centro-bioetica\/files\/2017\/10\/JPB-con-Directora-de-Programa-Regional-de-Bioetica-de-PAHO-junto-a-la-bandera-de-WHO.jpg\" data-srcset=\"https:\/\/medicina.udd.cl\/centro-bioetica\/files\/2017\/10\/JPB-con-Directora-de-Programa-Regional-de-Bioetica-de-PAHO-junto-a-la-bandera-de-WHO.jpg 954w, https:\/\/medicina.udd.cl\/centro-bioetica\/files\/2017\/10\/JPB-con-Directora-de-Programa-Regional-de-Bioetica-de-PAHO-junto-a-la-bandera-de-WHO-224x300.jpg 224w, https:\/\/medicina.udd.cl\/centro-bioetica\/files\/2017\/10\/JPB-con-Directora-de-Programa-Regional-de-Bioetica-de-PAHO-junto-a-la-bandera-de-WHO-768x1030.jpg 768w, https:\/\/medicina.udd.cl\/centro-bioetica\/files\/2017\/10\/JPB-con-Directora-de-Programa-Regional-de-Bioetica-de-PAHO-junto-a-la-bandera-de-WHO-763x1024.jpg 763w, https:\/\/medicina.udd.cl\/centro-bioetica\/files\/2017\/10\/JPB-con-Directora-de-Programa-Regional-de-Bioetica-de-PAHO-junto-a-la-bandera-de-WHO-716x960.jpg 716w\" \/>\t\t<\/div>\n\t<\/div>\n<\/section>\n\n\n<section class=\"wp-block-udd-text-row block--content-align-right block--bg-gray\">\n\t<div class=\"text-row\">\n\t\t<div class=\"text-row__content\">\n\t\t\t<div class=\"text-row__content-inner text\">\n\t\t\t\t\t\t\t\t\n<p>Estos t\u00e9rminos son asistir a la OPS\/OMS en la diseminaci\u00f3n de informaci\u00f3n en el campo de la Bio\u00e9tica y el Bioderecho; colaborar con estas organizaciones en proyectos relacionados con la bio\u00e9tica cl\u00ednica y de ense\u00f1anza de la Bio\u00e9tica; y, bajo la gu\u00eda de la OPS\/OMS, desarrollar capacidades en red con otros Centros Colaboradores, expertos y asociados en \u00e9tica de la investigaci\u00f3n, Bioderecho y ense\u00f1anza de la Bio\u00e9tica.<\/p>\n\n<p>En este contexto, el Dr. Juan Pablo Beca particip\u00f3 en la 9\u00aa Reuni\u00f3n de la Red de Centros Colaboradores de OMS en Bio\u00e9tica, realizada en Miami, Estados Unidos, el 11 de octubre, encuentro que cont\u00f3 con la participaci\u00f3n de autoridades de la Organizaci\u00f3n y de los directores de los 11 centros colaboradores y donde present\u00f3 a la Facultad de Medicina y su Centro de Bio\u00e9tica, que en abril de 2018 cumple 15 a\u00f1os.<\/p>\n\n<p>Para los miembros del Centro de Bio\u00e9tica de la UDD, este nombramiento constituye un reconocimiento, un honor y una proyecci\u00f3n internacional de nuestra Universidad, de la Facultad de Medicina y del Centro de Bio\u00e9tica, junto a un desaf\u00edo y responsabilidad a los que debemos responder con la debida planificaci\u00f3n.<\/p>\n\t\t\t<\/div>\n\t\t<\/div>\n\t\t<div class=\"text-row__media\">\n\t\t\t<img loading=\"lazy\" decoding=\"async\" width=\"717\" height=\"534\" src=\"https:\/\/medicina.udd.cl\/centro-bioetica\/files\/2019\/03\/RECORTE-CENTRO-BIO\u00c9TICA-800x450.jpg\" class=\"text-row__media-image lazyload\" alt=\"\" sizes=\"auto, (max-width: 717px) 100vw, 717px\" data-src=\"https:\/\/medicina.udd.cl\/centro-bioetica\/files\/2019\/03\/RECORTE-CENTRO-BIO\u00c9TICA.jpg\" data-srcset=\"https:\/\/medicina.udd.cl\/centro-bioetica\/files\/2019\/03\/RECORTE-CENTRO-BIO\u00c9TICA.jpg 965w, https:\/\/medicina.udd.cl\/centro-bioetica\/files\/2019\/03\/RECORTE-CENTRO-BIO\u00c9TICA-300x224.jpg 300w, https:\/\/medicina.udd.cl\/centro-bioetica\/files\/2019\/03\/RECORTE-CENTRO-BIO\u00c9TICA-768x572.jpg 768w, https:\/\/medicina.udd.cl\/centro-bioetica\/files\/2019\/03\/RECORTE-CENTRO-BIO\u00c9TICA-960x715.jpg 960w\" \/>\t\t<\/div>\n\t<\/div>\n<\/section>\n","protected":false},"excerpt":{"rendered":"","protected":false},"author":42,"featured_media":0,"parent":0,"menu_order":0,"comment_status":"closed","ping_status":"closed","template":"","meta":{"footnotes":""},"class_list":["post-4042","page","type-page","status-publish","hentry"],"yoast_head":"<!-- This site is optimized with the Yoast SEO plugin v26.9 - https:\/\/yoast.com\/product\/yoast-seo-wordpress\/ -->\n<title>Centro Colaborador OPS\/OMS - Centro de Bio\u00e9tica<\/title>\n<meta name=\"robots\" content=\"index, follow, max-snippet:-1, max-image-preview:large, max-video-preview:-1\" \/>\n<link rel=\"canonical\" href=\"https:\/\/medicina.udd.cl\/centro-bioetica\/centro-colaborador-opsoms\/\" \/>\n<meta property=\"og:locale\" content=\"es_ES\" \/>\n<meta property=\"og:type\" content=\"article\" \/>\n<meta property=\"og:title\" content=\"Centro Colaborador OPS\/OMS - Centro de Bio\u00e9tica\" \/>\n<meta property=\"og:url\" content=\"https:\/\/medicina.udd.cl\/centro-bioetica\/centro-colaborador-opsoms\/\" \/>\n<meta property=\"og:site_name\" content=\"Centro de Bio\u00e9tica\" \/>\n<meta property=\"article:modified_time\" content=\"2022-02-22T13:10:49+00:00\" \/>\n<meta property=\"og:image\" content=\"https:\/\/medicina.udd.cl\/centro-bioetica\/files\/2017\/10\/JPB-con-Directora-de-Programa-Regional-de-Bioetica-de-PAHO-junto-a-la-bandera-de-WHO.jpg\" \/>\n<meta name=\"twitter:label1\" content=\"Tiempo de lectura\" \/>\n\t<meta name=\"twitter:data1\" content=\"2 minutos\" \/>\n<script type=\"application\/ld+json\" class=\"yoast-schema-graph\">{\"@context\":\"https:\/\/schema.org\",\"@graph\":[{\"@type\":\"WebPage\",\"@id\":\"https:\/\/medicina.udd.cl\/centro-bioetica\/centro-colaborador-opsoms\/\",\"url\":\"https:\/\/medicina.udd.cl\/centro-bioetica\/centro-colaborador-opsoms\/\",\"name\":\"Centro Colaborador OPS\/OMS - Centro de Bio\u00e9tica\",\"isPartOf\":{\"@id\":\"https:\/\/medicina.udd.cl\/centro-bioetica\/#website\"},\"primaryImageOfPage\":{\"@id\":\"https:\/\/medicina.udd.cl\/centro-bioetica\/centro-colaborador-opsoms\/#primaryimage\"},\"image\":{\"@id\":\"https:\/\/medicina.udd.cl\/centro-bioetica\/centro-colaborador-opsoms\/#primaryimage\"},\"thumbnailUrl\":\"https:\/\/medicina.udd.cl\/centro-bioetica\/files\/2017\/10\/JPB-con-Directora-de-Programa-Regional-de-Bioetica-de-PAHO-junto-a-la-bandera-de-WHO.jpg\",\"datePublished\":\"2017-11-21T14:10:26+00:00\",\"dateModified\":\"2022-02-22T13:10:49+00:00\",\"breadcrumb\":{\"@id\":\"https:\/\/medicina.udd.cl\/centro-bioetica\/centro-colaborador-opsoms\/#breadcrumb\"},\"inLanguage\":\"es\",\"potentialAction\":[{\"@type\":\"ReadAction\",\"target\":[\"https:\/\/medicina.udd.cl\/centro-bioetica\/centro-colaborador-opsoms\/\"]}]},{\"@type\":\"ImageObject\",\"inLanguage\":\"es\",\"@id\":\"https:\/\/medicina.udd.cl\/centro-bioetica\/centro-colaborador-opsoms\/#primaryimage\",\"url\":\"https:\/\/medicina.udd.cl\/centro-bioetica\/files\/2017\/10\/JPB-con-Directora-de-Programa-Regional-de-Bioetica-de-PAHO-junto-a-la-bandera-de-WHO.jpg\",\"contentUrl\":\"https:\/\/medicina.udd.cl\/centro-bioetica\/files\/2017\/10\/JPB-con-Directora-de-Programa-Regional-de-Bioetica-de-PAHO-junto-a-la-bandera-de-WHO.jpg\",\"width\":954,\"height\":1280},{\"@type\":\"BreadcrumbList\",\"@id\":\"https:\/\/medicina.udd.cl\/centro-bioetica\/centro-colaborador-opsoms\/#breadcrumb\",\"itemListElement\":[{\"@type\":\"ListItem\",\"position\":1,\"name\":\"Inicio\",\"item\":\"https:\/\/medicina.udd.cl\/centro-bioetica\/\"},{\"@type\":\"ListItem\",\"position\":2,\"name\":\"Centro Colaborador OPS\/OMS\"}]},{\"@type\":\"WebSite\",\"@id\":\"https:\/\/medicina.udd.cl\/centro-bioetica\/#website\",\"url\":\"https:\/\/medicina.udd.cl\/centro-bioetica\/\",\"name\":\"Centro de Bio\u00e9tica\",\"description\":\"Universidad del Desarrollo\",\"inLanguage\":\"es\"}]}<\/script>\n<!-- \/ Yoast SEO plugin. -->","yoast_head_json":{"title":"Centro Colaborador OPS\/OMS - Centro de Bio\u00e9tica","robots":{"index":"index","follow":"follow","max-snippet":"max-snippet:-1","max-image-preview":"max-image-preview:large","max-video-preview":"max-video-preview:-1"},"canonical":"https:\/\/medicina.udd.cl\/centro-bioetica\/centro-colaborador-opsoms\/","og_locale":"es_ES","og_type":"article","og_title":"Centro Colaborador OPS\/OMS - Centro de Bio\u00e9tica","og_url":"https:\/\/medicina.udd.cl\/centro-bioetica\/centro-colaborador-opsoms\/","og_site_name":"Centro de Bio\u00e9tica","article_modified_time":"2022-02-22T13:10:49+00:00","og_image":[{"url":"https:\/\/medicina.udd.cl\/centro-bioetica\/files\/2017\/10\/JPB-con-Directora-de-Programa-Regional-de-Bioetica-de-PAHO-junto-a-la-bandera-de-WHO.jpg","type":"","width":"","height":""}],"twitter_misc":{"Tiempo de lectura":"2 minutos"},"schema":{"@context":"https:\/\/schema.org","@graph":[{"@type":"WebPage","@id":"https:\/\/medicina.udd.cl\/centro-bioetica\/centro-colaborador-opsoms\/","url":"https:\/\/medicina.udd.cl\/centro-bioetica\/centro-colaborador-opsoms\/","name":"Centro Colaborador OPS\/OMS - Centro de Bio\u00e9tica","isPartOf":{"@id":"https:\/\/medicina.udd.cl\/centro-bioetica\/#website"},"primaryImageOfPage":{"@id":"https:\/\/medicina.udd.cl\/centro-bioetica\/centro-colaborador-opsoms\/#primaryimage"},"image":{"@id":"https:\/\/medicina.udd.cl\/centro-bioetica\/centro-colaborador-opsoms\/#primaryimage"},"thumbnailUrl":"https:\/\/medicina.udd.cl\/centro-bioetica\/files\/2017\/10\/JPB-con-Directora-de-Programa-Regional-de-Bioetica-de-PAHO-junto-a-la-bandera-de-WHO.jpg","datePublished":"2017-11-21T14:10:26+00:00","dateModified":"2022-02-22T13:10:49+00:00","breadcrumb":{"@id":"https:\/\/medicina.udd.cl\/centro-bioetica\/centro-colaborador-opsoms\/#breadcrumb"},"inLanguage":"es","potentialAction":[{"@type":"ReadAction","target":["https:\/\/medicina.udd.cl\/centro-bioetica\/centro-colaborador-opsoms\/"]}]},{"@type":"ImageObject","inLanguage":"es","@id":"https:\/\/medicina.udd.cl\/centro-bioetica\/centro-colaborador-opsoms\/#primaryimage","url":"https:\/\/medicina.udd.cl\/centro-bioetica\/files\/2017\/10\/JPB-con-Directora-de-Programa-Regional-de-Bioetica-de-PAHO-junto-a-la-bandera-de-WHO.jpg","contentUrl":"https:\/\/medicina.udd.cl\/centro-bioetica\/files\/2017\/10\/JPB-con-Directora-de-Programa-Regional-de-Bioetica-de-PAHO-junto-a-la-bandera-de-WHO.jpg","width":954,"height":1280},{"@type":"BreadcrumbList","@id":"https:\/\/medicina.udd.cl\/centro-bioetica\/centro-colaborador-opsoms\/#breadcrumb","itemListElement":[{"@type":"ListItem","position":1,"name":"Inicio","item":"https:\/\/medicina.udd.cl\/centro-bioetica\/"},{"@type":"ListItem","position":2,"name":"Centro Colaborador OPS\/OMS"}]},{"@type":"WebSite","@id":"https:\/\/medicina.udd.cl\/centro-bioetica\/#website","url":"https:\/\/medicina.udd.cl\/centro-bioetica\/","name":"Centro de Bio\u00e9tica","description":"Universidad del Desarrollo","inLanguage":"es"}]}},"_links":{"self":[{"href":"https:\/\/medicina.udd.cl\/centro-bioetica\/wp-json\/wp\/v2\/pages\/4042","targetHints":{"allow":["GET"]}}],"collection":[{"href":"https:\/\/medicina.udd.cl\/centro-bioetica\/wp-json\/wp\/v2\/pages"}],"about":[{"href":"https:\/\/medicina.udd.cl\/centro-bioetica\/wp-json\/wp\/v2\/types\/page"}],"author":[{"embeddable":true,"href":"https:\/\/medicina.udd.cl\/centro-bioetica\/wp-json\/wp\/v2\/users\/42"}],"replies":[{"embeddable":true,"href":"https:\/\/medicina.udd.cl\/centro-bioetica\/wp-json\/wp\/v2\/comments?post=4042"}],"version-history":[{"count":24,"href":"https:\/\/medicina.udd.cl\/centro-bioetica\/wp-json\/wp\/v2\/pages\/4042\/revisions"}],"predecessor-version":[{"id":5585,"href":"https:\/\/medicina.udd.cl\/centro-bioetica\/wp-json\/wp\/v2\/pages\/4042\/revisions\/5585"}],"wp:attachment":[{"href":"https:\/\/medicina.udd.cl\/centro-bioetica\/wp-json\/wp\/v2\/media?parent=4042"}],"curies":[{"name":"wp","href":"https:\/\/api.w.org\/{rel}","templated":true}]}}