{"id":4181,"date":"2018-03-20T15:01:44","date_gmt":"2018-03-20T18:01:44","guid":{"rendered":"http:\/\/medicina.udd.cl\/centro-bioetica\/?page_id=4181"},"modified":"2018-11-27T12:40:47","modified_gmt":"2018-11-27T15:40:47","slug":"dialogos-bioeticos-2018","status":"publish","type":"page","link":"https:\/\/medicina.udd.cl\/centro-bioetica\/dialogos-bioeticos\/dialogos-bioeticos-2018\/","title":{"rendered":"Di\u00e1logos Bio\u00e9ticos 2018"},"content":{"rendered":"<p>Marzo 14<\/p>\n<p><strong>\u201cConsentimiento informado en la pr\u00e1ctica cl\u00ednica\u201d<\/strong><\/p>\n<p>Presenta: Dr. Juan Pablo Beca<\/p>\n<p><a href=\"https:\/\/www.savalnet.cl\/educacionmedica\/cursosycongresos\/20180314_38174\/\">Ver video<\/a><\/p>\n<p>Abril 4<\/p>\n<p><strong>\u00ab\u00bfDemasiada medicina? Sobrediagn\u00f3stico y sobretratamiento\u00bb<\/strong><\/p>\n<p><a href=\"http:\/\/prezi.com\/qcgodnveoqtr\/?utm_campaign=share&amp;utm_medium=copy\">Ver presentaci\u00f3n<\/a><\/p>\n<p>Mayo 2<\/p>\n<p><strong>\u00abInvestigaci\u00f3n en poblaciones vulnerables\u00bb<\/strong><\/p>\n<p>Presenta: Dra. Sof\u00eda Salas<\/p>\n<p><a href=\"https:\/\/www.savalnet.cl\/educacionmedica\/cursosycongresos\/20180314_38174\/\">Ver video<\/a><\/p>\n<p>Junio 13<\/p>\n<p><strong>\u00abDerechos a la salud ante los desaf\u00edos de las nuevas tecnolog\u00edas m\u00e9dicas\u00bb<\/strong><\/p>\n<p>Presenta: Prof. Juan Alberto Lecaros<\/p>\n<p><a href=\"https:\/\/www.savalnet.cl\/educacionmedica\/cursosycongresos\/20180314_38174\/\">Ver video<\/a><\/p>\n<p>Septiembre 5<\/p>\n<p><strong>Agenda bio\u00e9tica del siglo XXI<\/strong><\/p>\n<p><a href=\"https:\/\/www.savalnet.cl\/educacionmedica\/cursosycongresos\/20180314_38174\/\">Ver video<\/a><\/p>\n<p>Octubre 28<\/p>\n<p><strong>Formas de revisi\u00f3n \u00e9tica de proyectos de investigaci\u00f3n biom\u00e9dica<\/strong><\/p>\n<p>Presenta: Bernardita Portales<\/p>\n<p><a href=\"https:\/\/www.savalnet.cl\/educacionmedica\/cursosycongresos\/20180314_38174\/\">Ver video<\/a><\/p>\n<p>Noviembre 7<\/p>\n<p><strong>Eutanasia. De la ley a la cama del paciente<\/strong><\/p>\n<p>Presenta: Ps. Clara Cossio<\/p>\n<p><a href=\"https:\/\/www.savalnet.cl\/educacionmedica\/cursosycongresos\/20180314_38174\/\">Ver video<\/a><\/p>\n","protected":false},"excerpt":{"rendered":"<p>Marzo 14 \u201cConsentimiento informado en la pr\u00e1ctica cl\u00ednica\u201d Presenta: Dr. Juan Pablo Beca Ver video Abril 4 \u00ab\u00bfDemasiada medicina? Sobrediagn\u00f3stico y sobretratamiento\u00bb Ver presentaci\u00f3n Mayo 2 \u00abInvestigaci\u00f3n en poblaciones vulnerables\u00bb Presenta: Dra. Sof\u00eda Salas Ver video Junio 13 \u00abDerechos a la salud ante los desaf\u00edos de las nuevas tecnolog\u00edas m\u00e9dicas\u00bb Presenta: Prof. Juan Alberto Lecaros [&hellip;]<\/p>\n","protected":false},"author":42,"featured_media":0,"parent":226,"menu_order":0,"comment_status":"closed","ping_status":"closed","template":"","meta":{"footnotes":""},"class_list":["post-4181","page","type-page","status-publish","hentry"],"yoast_head":"<!-- This site is optimized with the Yoast SEO plugin v26.9 - https:\/\/yoast.com\/product\/yoast-seo-wordpress\/ -->\n<title>Di\u00e1logos Bio\u00e9ticos 2018 - Centro de Bio\u00e9tica<\/title>\n<meta name=\"robots\" content=\"index, follow, max-snippet:-1, max-image-preview:large, max-video-preview:-1\" \/>\n<link rel=\"canonical\" href=\"https:\/\/medicina.udd.cl\/centro-bioetica\/dialogos-bioeticos\/dialogos-bioeticos-2018\/\" \/>\n<meta property=\"og:locale\" content=\"es_ES\" \/>\n<meta property=\"og:type\" content=\"article\" \/>\n<meta property=\"og:title\" content=\"Di\u00e1logos Bio\u00e9ticos 2018 - Centro de Bio\u00e9tica\" \/>\n<meta property=\"og:description\" content=\"Marzo 14 \u201cConsentimiento informado en la pr\u00e1ctica cl\u00ednica\u201d Presenta: Dr. Juan Pablo Beca Ver video Abril 4 \u00ab\u00bfDemasiada medicina? Sobrediagn\u00f3stico y sobretratamiento\u00bb Ver presentaci\u00f3n Mayo 2 \u00abInvestigaci\u00f3n en poblaciones vulnerables\u00bb Presenta: Dra. Sof\u00eda Salas Ver video Junio 13 \u00abDerechos a la salud ante los desaf\u00edos de las nuevas tecnolog\u00edas m\u00e9dicas\u00bb Presenta: Prof. Juan Alberto Lecaros [&hellip;]\" \/>\n<meta property=\"og:url\" content=\"https:\/\/medicina.udd.cl\/centro-bioetica\/dialogos-bioeticos\/dialogos-bioeticos-2018\/\" \/>\n<meta property=\"og:site_name\" content=\"Centro de Bio\u00e9tica\" \/>\n<meta property=\"article:modified_time\" content=\"2018-11-27T15:40:47+00:00\" \/>\n<meta name=\"twitter:label1\" content=\"Tiempo de lectura\" \/>\n\t<meta name=\"twitter:data1\" content=\"1 minuto\" \/>\n<script type=\"application\/ld+json\" class=\"yoast-schema-graph\">{\"@context\":\"https:\/\/schema.org\",\"@graph\":[{\"@type\":\"WebPage\",\"@id\":\"https:\/\/medicina.udd.cl\/centro-bioetica\/dialogos-bioeticos\/dialogos-bioeticos-2018\/\",\"url\":\"https:\/\/medicina.udd.cl\/centro-bioetica\/dialogos-bioeticos\/dialogos-bioeticos-2018\/\",\"name\":\"Di\u00e1logos Bio\u00e9ticos 2018 - Centro de Bio\u00e9tica\",\"isPartOf\":{\"@id\":\"https:\/\/medicina.udd.cl\/centro-bioetica\/#website\"},\"datePublished\":\"2018-03-20T18:01:44+00:00\",\"dateModified\":\"2018-11-27T15:40:47+00:00\",\"breadcrumb\":{\"@id\":\"https:\/\/medicina.udd.cl\/centro-bioetica\/dialogos-bioeticos\/dialogos-bioeticos-2018\/#breadcrumb\"},\"inLanguage\":\"es\",\"potentialAction\":[{\"@type\":\"ReadAction\",\"target\":[\"https:\/\/medicina.udd.cl\/centro-bioetica\/dialogos-bioeticos\/dialogos-bioeticos-2018\/\"]}]},{\"@type\":\"BreadcrumbList\",\"@id\":\"https:\/\/medicina.udd.cl\/centro-bioetica\/dialogos-bioeticos\/dialogos-bioeticos-2018\/#breadcrumb\",\"itemListElement\":[{\"@type\":\"ListItem\",\"position\":1,\"name\":\"Inicio\",\"item\":\"https:\/\/medicina.udd.cl\/centro-bioetica\/\"},{\"@type\":\"ListItem\",\"position\":2,\"name\":\"Di\u00e1logos Bio\u00e9ticos\",\"item\":\"https:\/\/medicina.udd.cl\/centro-bioetica\/dialogos-bioeticos\/\"},{\"@type\":\"ListItem\",\"position\":3,\"name\":\"Di\u00e1logos Bio\u00e9ticos 2018\"}]},{\"@type\":\"WebSite\",\"@id\":\"https:\/\/medicina.udd.cl\/centro-bioetica\/#website\",\"url\":\"https:\/\/medicina.udd.cl\/centro-bioetica\/\",\"name\":\"Centro de Bio\u00e9tica\",\"description\":\"Universidad del Desarrollo\",\"inLanguage\":\"es\"}]}<\/script>\n<!-- \/ Yoast SEO plugin. -->","yoast_head_json":{"title":"Di\u00e1logos Bio\u00e9ticos 2018 - Centro de Bio\u00e9tica","robots":{"index":"index","follow":"follow","max-snippet":"max-snippet:-1","max-image-preview":"max-image-preview:large","max-video-preview":"max-video-preview:-1"},"canonical":"https:\/\/medicina.udd.cl\/centro-bioetica\/dialogos-bioeticos\/dialogos-bioeticos-2018\/","og_locale":"es_ES","og_type":"article","og_title":"Di\u00e1logos Bio\u00e9ticos 2018 - Centro de Bio\u00e9tica","og_description":"Marzo 14 \u201cConsentimiento informado en la pr\u00e1ctica cl\u00ednica\u201d Presenta: Dr. Juan Pablo Beca Ver video Abril 4 \u00ab\u00bfDemasiada medicina? Sobrediagn\u00f3stico y sobretratamiento\u00bb Ver presentaci\u00f3n Mayo 2 \u00abInvestigaci\u00f3n en poblaciones vulnerables\u00bb Presenta: Dra. Sof\u00eda Salas Ver video Junio 13 \u00abDerechos a la salud ante los desaf\u00edos de las nuevas tecnolog\u00edas m\u00e9dicas\u00bb Presenta: Prof. Juan Alberto Lecaros [&hellip;]","og_url":"https:\/\/medicina.udd.cl\/centro-bioetica\/dialogos-bioeticos\/dialogos-bioeticos-2018\/","og_site_name":"Centro de Bio\u00e9tica","article_modified_time":"2018-11-27T15:40:47+00:00","twitter_misc":{"Tiempo de lectura":"1 minuto"},"schema":{"@context":"https:\/\/schema.org","@graph":[{"@type":"WebPage","@id":"https:\/\/medicina.udd.cl\/centro-bioetica\/dialogos-bioeticos\/dialogos-bioeticos-2018\/","url":"https:\/\/medicina.udd.cl\/centro-bioetica\/dialogos-bioeticos\/dialogos-bioeticos-2018\/","name":"Di\u00e1logos Bio\u00e9ticos 2018 - Centro de Bio\u00e9tica","isPartOf":{"@id":"https:\/\/medicina.udd.cl\/centro-bioetica\/#website"},"datePublished":"2018-03-20T18:01:44+00:00","dateModified":"2018-11-27T15:40:47+00:00","breadcrumb":{"@id":"https:\/\/medicina.udd.cl\/centro-bioetica\/dialogos-bioeticos\/dialogos-bioeticos-2018\/#breadcrumb"},"inLanguage":"es","potentialAction":[{"@type":"ReadAction","target":["https:\/\/medicina.udd.cl\/centro-bioetica\/dialogos-bioeticos\/dialogos-bioeticos-2018\/"]}]},{"@type":"BreadcrumbList","@id":"https:\/\/medicina.udd.cl\/centro-bioetica\/dialogos-bioeticos\/dialogos-bioeticos-2018\/#breadcrumb","itemListElement":[{"@type":"ListItem","position":1,"name":"Inicio","item":"https:\/\/medicina.udd.cl\/centro-bioetica\/"},{"@type":"ListItem","position":2,"name":"Di\u00e1logos Bio\u00e9ticos","item":"https:\/\/medicina.udd.cl\/centro-bioetica\/dialogos-bioeticos\/"},{"@type":"ListItem","position":3,"name":"Di\u00e1logos Bio\u00e9ticos 2018"}]},{"@type":"WebSite","@id":"https:\/\/medicina.udd.cl\/centro-bioetica\/#website","url":"https:\/\/medicina.udd.cl\/centro-bioetica\/","name":"Centro de Bio\u00e9tica","description":"Universidad del Desarrollo","inLanguage":"es"}]}},"_links":{"self":[{"href":"https:\/\/medicina.udd.cl\/centro-bioetica\/wp-json\/wp\/v2\/pages\/4181","targetHints":{"allow":["GET"]}}],"collection":[{"href":"https:\/\/medicina.udd.cl\/centro-bioetica\/wp-json\/wp\/v2\/pages"}],"about":[{"href":"https:\/\/medicina.udd.cl\/centro-bioetica\/wp-json\/wp\/v2\/types\/page"}],"author":[{"embeddable":true,"href":"https:\/\/medicina.udd.cl\/centro-bioetica\/wp-json\/wp\/v2\/users\/42"}],"replies":[{"embeddable":true,"href":"https:\/\/medicina.udd.cl\/centro-bioetica\/wp-json\/wp\/v2\/comments?post=4181"}],"version-history":[{"count":10,"href":"https:\/\/medicina.udd.cl\/centro-bioetica\/wp-json\/wp\/v2\/pages\/4181\/revisions"}],"predecessor-version":[{"id":4461,"href":"https:\/\/medicina.udd.cl\/centro-bioetica\/wp-json\/wp\/v2\/pages\/4181\/revisions\/4461"}],"up":[{"embeddable":true,"href":"https:\/\/medicina.udd.cl\/centro-bioetica\/wp-json\/wp\/v2\/pages\/226"}],"wp:attachment":[{"href":"https:\/\/medicina.udd.cl\/centro-bioetica\/wp-json\/wp\/v2\/media?parent=4181"}],"curies":[{"name":"wp","href":"https:\/\/api.w.org\/{rel}","templated":true}]}}