{"id":4459,"date":"2019-02-27T10:26:22","date_gmt":"2019-02-27T13:26:22","guid":{"rendered":"http:\/\/medicina.udd.cl\/centro-bioetica\/?page_id=4459"},"modified":"2020-02-27T15:57:48","modified_gmt":"2020-02-27T18:57:48","slug":"dialogos-bioeticos-2019","status":"publish","type":"page","link":"https:\/\/medicina.udd.cl\/centro-bioetica\/dialogos-bioeticos\/dialogos-bioeticos-2019\/","title":{"rendered":"Di\u00e1logos Bio\u00e9ticos 2019"},"content":{"rendered":"<p>Abril 10<\/p>\n<p><strong>\u201cCuidados Paliativos y Bio\u00e9tica\u201d \u00a0\u00a0\u00a0\u00a0\u00a0\u00a0\u00a0\u00a0\u00a0\u00a0\u00a0\u00a0\u00a0\u00a0\u00a0<\/strong><\/p>\n<p>Presenta : Dra. Mariana Dittborn<\/p>\n<p><a href=\"https:\/\/www.savalnet.cl\/educacionmedica\/cursosycongresos\/20190410_42557\/42558.html\">VIDEO<\/a><\/p>\n<p>Mayo 8<\/p>\n<p><strong>\u201cValores y virtudes en la relaci\u00f3n cl\u00ednica\u201d<\/strong><\/p>\n<p>Presenta: Dr Sergio Carvajal<\/p>\n<p><a href=\"https:\/\/www.savalnet.cl\/educacionmedica\/cursosycongresos\/20190410_42557\/43135.html\">VIDEO<\/a><\/p>\n<p>Junio 19<\/p>\n<p><strong>\u201cDificultades pr\u00e1cticas del consentimiento informado en investigaci\u00f3n\u201d<\/strong><\/p>\n<p>Presenta: Dra. Sof\u00eda Salas<\/p>\n<p><a href=\"https:\/\/www.savalnet.cl\/educacionmedica\/cursosycongresos\/20190410_42557\/43313.html\">VIDEO<\/a><\/p>\n<p>Agosto 7<\/p>\n<p><strong>\u201cRechazo de tratamientos\u201d<\/strong><\/p>\n<p>Presenta: Dr. Juan Pablo Beca<\/p>\n<p><a href=\"https:\/\/www.savalnet.cl\/educacionmedica\/cursosycongresos\/20190410_42557\/44168.html\">VIDEO<\/a><\/p>\n<p>Octubre 16<\/p>\n<p><strong>\u201cInmunizaciones. Aspectos \u00e9ticos\u201d<\/strong><\/p>\n<p>Presenta: Dra. Mar\u00eda In\u00e9s G\u00f3mez<\/p>\n<p><a href=\"https:\/\/www.savalnet.cl\/educacionmedica\/cursosycongresos\/20190410_42557\/44171.html\">VIDEO<\/a><\/p>\n","protected":false},"excerpt":{"rendered":"<p>Abril 10 \u201cCuidados Paliativos y Bio\u00e9tica\u201d \u00a0\u00a0\u00a0\u00a0\u00a0\u00a0\u00a0\u00a0\u00a0\u00a0\u00a0\u00a0\u00a0\u00a0\u00a0 Presenta : Dra. Mariana Dittborn VIDEO Mayo 8 \u201cValores y virtudes en la relaci\u00f3n cl\u00ednica\u201d Presenta: Dr Sergio Carvajal VIDEO Junio 19 \u201cDificultades pr\u00e1cticas del consentimiento informado en investigaci\u00f3n\u201d Presenta: Dra. Sof\u00eda Salas VIDEO Agosto 7 \u201cRechazo de tratamientos\u201d Presenta: Dr. Juan Pablo Beca VIDEO Octubre 16 \u201cInmunizaciones. [&hellip;]<\/p>\n","protected":false},"author":9192218,"featured_media":0,"parent":226,"menu_order":0,"comment_status":"closed","ping_status":"closed","template":"","meta":{"footnotes":""},"class_list":["post-4459","page","type-page","status-publish","hentry"],"yoast_head":"<!-- This site is optimized with the Yoast SEO plugin v26.9 - https:\/\/yoast.com\/product\/yoast-seo-wordpress\/ -->\n<title>Di\u00e1logos Bio\u00e9ticos 2019 - Centro de Bio\u00e9tica<\/title>\n<meta name=\"robots\" content=\"index, follow, max-snippet:-1, max-image-preview:large, max-video-preview:-1\" \/>\n<link rel=\"canonical\" href=\"https:\/\/medicina.udd.cl\/centro-bioetica\/dialogos-bioeticos\/dialogos-bioeticos-2019\/\" \/>\n<meta property=\"og:locale\" content=\"es_ES\" \/>\n<meta property=\"og:type\" content=\"article\" \/>\n<meta property=\"og:title\" content=\"Di\u00e1logos Bio\u00e9ticos 2019 - Centro de Bio\u00e9tica\" \/>\n<meta property=\"og:description\" content=\"Abril 10 \u201cCuidados Paliativos y Bio\u00e9tica\u201d \u00a0\u00a0\u00a0\u00a0\u00a0\u00a0\u00a0\u00a0\u00a0\u00a0\u00a0\u00a0\u00a0\u00a0\u00a0 Presenta : Dra. Mariana Dittborn VIDEO Mayo 8 \u201cValores y virtudes en la relaci\u00f3n cl\u00ednica\u201d Presenta: Dr Sergio Carvajal VIDEO Junio 19 \u201cDificultades pr\u00e1cticas del consentimiento informado en investigaci\u00f3n\u201d Presenta: Dra. Sof\u00eda Salas VIDEO Agosto 7 \u201cRechazo de tratamientos\u201d Presenta: Dr. Juan Pablo Beca VIDEO Octubre 16 \u201cInmunizaciones. [&hellip;]\" \/>\n<meta property=\"og:url\" content=\"https:\/\/medicina.udd.cl\/centro-bioetica\/dialogos-bioeticos\/dialogos-bioeticos-2019\/\" \/>\n<meta property=\"og:site_name\" content=\"Centro de Bio\u00e9tica\" \/>\n<meta property=\"article:modified_time\" content=\"2020-02-27T18:57:48+00:00\" \/>\n<script type=\"application\/ld+json\" class=\"yoast-schema-graph\">{\"@context\":\"https:\/\/schema.org\",\"@graph\":[{\"@type\":\"WebPage\",\"@id\":\"https:\/\/medicina.udd.cl\/centro-bioetica\/dialogos-bioeticos\/dialogos-bioeticos-2019\/\",\"url\":\"https:\/\/medicina.udd.cl\/centro-bioetica\/dialogos-bioeticos\/dialogos-bioeticos-2019\/\",\"name\":\"Di\u00e1logos Bio\u00e9ticos 2019 - Centro de Bio\u00e9tica\",\"isPartOf\":{\"@id\":\"https:\/\/medicina.udd.cl\/centro-bioetica\/#website\"},\"datePublished\":\"2019-02-27T13:26:22+00:00\",\"dateModified\":\"2020-02-27T18:57:48+00:00\",\"breadcrumb\":{\"@id\":\"https:\/\/medicina.udd.cl\/centro-bioetica\/dialogos-bioeticos\/dialogos-bioeticos-2019\/#breadcrumb\"},\"inLanguage\":\"es\",\"potentialAction\":[{\"@type\":\"ReadAction\",\"target\":[\"https:\/\/medicina.udd.cl\/centro-bioetica\/dialogos-bioeticos\/dialogos-bioeticos-2019\/\"]}]},{\"@type\":\"BreadcrumbList\",\"@id\":\"https:\/\/medicina.udd.cl\/centro-bioetica\/dialogos-bioeticos\/dialogos-bioeticos-2019\/#breadcrumb\",\"itemListElement\":[{\"@type\":\"ListItem\",\"position\":1,\"name\":\"Inicio\",\"item\":\"https:\/\/medicina.udd.cl\/centro-bioetica\/\"},{\"@type\":\"ListItem\",\"position\":2,\"name\":\"Di\u00e1logos Bio\u00e9ticos\",\"item\":\"https:\/\/medicina.udd.cl\/centro-bioetica\/dialogos-bioeticos\/\"},{\"@type\":\"ListItem\",\"position\":3,\"name\":\"Di\u00e1logos Bio\u00e9ticos 2019\"}]},{\"@type\":\"WebSite\",\"@id\":\"https:\/\/medicina.udd.cl\/centro-bioetica\/#website\",\"url\":\"https:\/\/medicina.udd.cl\/centro-bioetica\/\",\"name\":\"Centro de Bio\u00e9tica\",\"description\":\"Universidad del Desarrollo\",\"inLanguage\":\"es\"}]}<\/script>\n<!-- \/ Yoast SEO plugin. -->","yoast_head_json":{"title":"Di\u00e1logos Bio\u00e9ticos 2019 - Centro de Bio\u00e9tica","robots":{"index":"index","follow":"follow","max-snippet":"max-snippet:-1","max-image-preview":"max-image-preview:large","max-video-preview":"max-video-preview:-1"},"canonical":"https:\/\/medicina.udd.cl\/centro-bioetica\/dialogos-bioeticos\/dialogos-bioeticos-2019\/","og_locale":"es_ES","og_type":"article","og_title":"Di\u00e1logos Bio\u00e9ticos 2019 - Centro de Bio\u00e9tica","og_description":"Abril 10 \u201cCuidados Paliativos y Bio\u00e9tica\u201d \u00a0\u00a0\u00a0\u00a0\u00a0\u00a0\u00a0\u00a0\u00a0\u00a0\u00a0\u00a0\u00a0\u00a0\u00a0 Presenta : Dra. Mariana Dittborn VIDEO Mayo 8 \u201cValores y virtudes en la relaci\u00f3n cl\u00ednica\u201d Presenta: Dr Sergio Carvajal VIDEO Junio 19 \u201cDificultades pr\u00e1cticas del consentimiento informado en investigaci\u00f3n\u201d Presenta: Dra. Sof\u00eda Salas VIDEO Agosto 7 \u201cRechazo de tratamientos\u201d Presenta: Dr. Juan Pablo Beca VIDEO Octubre 16 \u201cInmunizaciones. [&hellip;]","og_url":"https:\/\/medicina.udd.cl\/centro-bioetica\/dialogos-bioeticos\/dialogos-bioeticos-2019\/","og_site_name":"Centro de Bio\u00e9tica","article_modified_time":"2020-02-27T18:57:48+00:00","schema":{"@context":"https:\/\/schema.org","@graph":[{"@type":"WebPage","@id":"https:\/\/medicina.udd.cl\/centro-bioetica\/dialogos-bioeticos\/dialogos-bioeticos-2019\/","url":"https:\/\/medicina.udd.cl\/centro-bioetica\/dialogos-bioeticos\/dialogos-bioeticos-2019\/","name":"Di\u00e1logos Bio\u00e9ticos 2019 - Centro de Bio\u00e9tica","isPartOf":{"@id":"https:\/\/medicina.udd.cl\/centro-bioetica\/#website"},"datePublished":"2019-02-27T13:26:22+00:00","dateModified":"2020-02-27T18:57:48+00:00","breadcrumb":{"@id":"https:\/\/medicina.udd.cl\/centro-bioetica\/dialogos-bioeticos\/dialogos-bioeticos-2019\/#breadcrumb"},"inLanguage":"es","potentialAction":[{"@type":"ReadAction","target":["https:\/\/medicina.udd.cl\/centro-bioetica\/dialogos-bioeticos\/dialogos-bioeticos-2019\/"]}]},{"@type":"BreadcrumbList","@id":"https:\/\/medicina.udd.cl\/centro-bioetica\/dialogos-bioeticos\/dialogos-bioeticos-2019\/#breadcrumb","itemListElement":[{"@type":"ListItem","position":1,"name":"Inicio","item":"https:\/\/medicina.udd.cl\/centro-bioetica\/"},{"@type":"ListItem","position":2,"name":"Di\u00e1logos Bio\u00e9ticos","item":"https:\/\/medicina.udd.cl\/centro-bioetica\/dialogos-bioeticos\/"},{"@type":"ListItem","position":3,"name":"Di\u00e1logos Bio\u00e9ticos 2019"}]},{"@type":"WebSite","@id":"https:\/\/medicina.udd.cl\/centro-bioetica\/#website","url":"https:\/\/medicina.udd.cl\/centro-bioetica\/","name":"Centro de Bio\u00e9tica","description":"Universidad del Desarrollo","inLanguage":"es"}]}},"_links":{"self":[{"href":"https:\/\/medicina.udd.cl\/centro-bioetica\/wp-json\/wp\/v2\/pages\/4459","targetHints":{"allow":["GET"]}}],"collection":[{"href":"https:\/\/medicina.udd.cl\/centro-bioetica\/wp-json\/wp\/v2\/pages"}],"about":[{"href":"https:\/\/medicina.udd.cl\/centro-bioetica\/wp-json\/wp\/v2\/types\/page"}],"author":[{"embeddable":true,"href":"https:\/\/medicina.udd.cl\/centro-bioetica\/wp-json\/wp\/v2\/users\/9192218"}],"replies":[{"embeddable":true,"href":"https:\/\/medicina.udd.cl\/centro-bioetica\/wp-json\/wp\/v2\/comments?post=4459"}],"version-history":[{"count":5,"href":"https:\/\/medicina.udd.cl\/centro-bioetica\/wp-json\/wp\/v2\/pages\/4459\/revisions"}],"predecessor-version":[{"id":4855,"href":"https:\/\/medicina.udd.cl\/centro-bioetica\/wp-json\/wp\/v2\/pages\/4459\/revisions\/4855"}],"up":[{"embeddable":true,"href":"https:\/\/medicina.udd.cl\/centro-bioetica\/wp-json\/wp\/v2\/pages\/226"}],"wp:attachment":[{"href":"https:\/\/medicina.udd.cl\/centro-bioetica\/wp-json\/wp\/v2\/media?parent=4459"}],"curies":[{"name":"wp","href":"https:\/\/api.w.org\/{rel}","templated":true}]}}