{"id":48,"date":"2010-05-27T11:40:22","date_gmt":"2010-05-27T15:40:22","guid":{"rendered":"http:\/\/medicina.udd.cl\/centro-bioetica\/clasicos\/"},"modified":"2021-04-21T18:56:48","modified_gmt":"2021-04-21T22:56:48","slug":"clasicos","status":"publish","type":"page","link":"https:\/\/medicina.udd.cl\/centro-bioetica\/documentos\/clasicos\/","title":{"rendered":"Cl\u00e1sicos"},"content":{"rendered":"\n<ul class=\"wp-block-list\"><li><a href=\"http:\/\/medicina.udd.cl\/centro-bioetica\/files\/2017\/12\/Pautas-eticas-para-la-investigacion-relacionada-con-la-salud-con-seres-humanos.pdf\">Pautas \u00e9ticas&nbsp;internacionales para la&nbsp;investigaci\u00f3n relacionada&nbsp;con la salud con seres&nbsp;humanos<\/a><\/li><li><a href=\"http:\/\/medicina.udd.cl\/centro-bioetica\/files\/2010\/10\/pautas.pdf\">Pautas \u00e9ticas internacionales para la investigaci\u00f3n biom\u00e9dica en seres humanos<\/a><\/li><li><a href=\"http:\/\/medicina.udd.cl\/centro-bioetica\/files\/2010\/10\/codigo_de_montpellier.pdf\">C\u00f3digo de Montpellier<\/a><\/li><li><a href=\"\/\/medicina.udd.cl\/centro-bioetica\/files\/2010\/10\/codigo_de_montpellier.pdf\">El \u00abc\u00f3digo\u00bb de N\u00fcremberg<\/a><\/li><li><a href=\"http:\/\/medicina.udd.cl\/centro-bioetica\/files\/2010\/10\/consejos_de_esculapio.pdf\">Consejos de Esculapio<\/a><\/li><li><a href=\"http:\/\/medicina.udd.cl\/centro-bioetica\/files\/2015\/10\/Declaracion-Helsinski-2013.pdf\">Declaraci\u00f3n de Helsinki de la Asociaci\u00f3n M\u00e9dica Mundial<\/a><\/li><li><a href=\"http:\/\/medicina.udd.cl\/centro-bioetica\/files\/2010\/10\/declaracion_de_bio.pdf\">Declaraci\u00f3n de Bio\u00e9tica de Gij\u00f3n 2000<\/a><\/li><li><a href=\"http:\/\/medicina.udd.cl\/centro-bioetica\/files\/2010\/10\/declaracio_n_de_ginebra.pdf\">Declaraci\u00f3n de Ginebra<\/a><\/li><li><a href=\"http:\/\/medicina.udd.cl\/centro-bioetica\/files\/2010\/10\/declaracio_n_universal_de_.pdf\">Declaraci\u00f3n universal de Derechos Humanos<\/a><\/li><li><a href=\"http:\/\/medicina.udd.cl\/centro-bioetica\/files\/2010\/10\/declaracio_n_universal_sobre_bioe_tica_y_derechos_humanos.pdf\">Declaraci\u00f3n universal sobre Bio\u00e9tica y Derechos Humanos<\/a><\/li><li><a href=\"http:\/\/medicina.udd.cl\/centro-bioetica\/files\/2010\/10\/informe_belmont.pdf\">The Belmont Report<\/a><\/li><li><a href=\"http:\/\/medicina.udd.cl\/centro-bioetica\/files\/2010\/10\/juramento_hipocratico.pdf\">Juramento Hipocr\u00e1tico<\/a><\/li><li><a href=\"http:\/\/medicina.udd.cl\/centro-bioetica\/files\/2010\/10\/la_oracio_n_de_maimo_nides.pdf\">La oraci\u00f3n de Maim\u00f3nides<\/a><\/li><li><a href=\"http:\/\/medicina.udd.cl\/centro-bioetica\/files\/2010\/10\/pacto_de_san_jose__de_costa_rica.pdf\">Pacto de San Jos\u00e9 de Costa Rica<\/a><\/li><li><a href=\"http:\/\/medicina.udd.cl\/centro-bioetica\/files\/2010\/10\/plegaria-del-m\u00e9dico.pdf\">Plegaria del M\u00e9dico<\/a><\/li><\/ul>\n","protected":false},"excerpt":{"rendered":"<p>En esta secci\u00f3n podr\u00e1s conocer y revisar los textos cl\u00e1sicos, relacionados con la Bio\u00e9tica.<\/p>\n","protected":false},"author":1,"featured_media":0,"parent":47,"menu_order":3,"comment_status":"open","ping_status":"open","template":"","meta":{"footnotes":""},"class_list":["post-48","page","type-page","status-publish","hentry"],"yoast_head":"<!-- This site is optimized with the Yoast SEO plugin v26.9 - https:\/\/yoast.com\/product\/yoast-seo-wordpress\/ -->\n<title>Cl\u00e1sicos - Centro de Bio\u00e9tica<\/title>\n<meta name=\"robots\" content=\"index, follow, max-snippet:-1, max-image-preview:large, max-video-preview:-1\" \/>\n<link rel=\"canonical\" href=\"https:\/\/medicina.udd.cl\/centro-bioetica\/documentos\/clasicos\/\" \/>\n<meta property=\"og:locale\" content=\"es_ES\" \/>\n<meta property=\"og:type\" content=\"article\" \/>\n<meta property=\"og:title\" content=\"Cl\u00e1sicos - Centro de Bio\u00e9tica\" \/>\n<meta property=\"og:description\" content=\"En esta secci\u00f3n podr\u00e1s conocer y revisar los textos cl\u00e1sicos, relacionados con la Bio\u00e9tica.\" \/>\n<meta property=\"og:url\" content=\"https:\/\/medicina.udd.cl\/centro-bioetica\/documentos\/clasicos\/\" \/>\n<meta property=\"og:site_name\" content=\"Centro de Bio\u00e9tica\" \/>\n<meta property=\"article:modified_time\" content=\"2021-04-21T22:56:48+00:00\" \/>\n<script type=\"application\/ld+json\" class=\"yoast-schema-graph\">{\"@context\":\"https:\/\/schema.org\",\"@graph\":[{\"@type\":\"WebPage\",\"@id\":\"https:\/\/medicina.udd.cl\/centro-bioetica\/documentos\/clasicos\/\",\"url\":\"https:\/\/medicina.udd.cl\/centro-bioetica\/documentos\/clasicos\/\",\"name\":\"Cl\u00e1sicos - Centro de Bio\u00e9tica\",\"isPartOf\":{\"@id\":\"https:\/\/medicina.udd.cl\/centro-bioetica\/#website\"},\"datePublished\":\"2010-05-27T15:40:22+00:00\",\"dateModified\":\"2021-04-21T22:56:48+00:00\",\"breadcrumb\":{\"@id\":\"https:\/\/medicina.udd.cl\/centro-bioetica\/documentos\/clasicos\/#breadcrumb\"},\"inLanguage\":\"es\",\"potentialAction\":[{\"@type\":\"ReadAction\",\"target\":[\"https:\/\/medicina.udd.cl\/centro-bioetica\/documentos\/clasicos\/\"]}]},{\"@type\":\"BreadcrumbList\",\"@id\":\"https:\/\/medicina.udd.cl\/centro-bioetica\/documentos\/clasicos\/#breadcrumb\",\"itemListElement\":[{\"@type\":\"ListItem\",\"position\":1,\"name\":\"Inicio\",\"item\":\"https:\/\/medicina.udd.cl\/centro-bioetica\/\"},{\"@type\":\"ListItem\",\"position\":2,\"name\":\"Documentos\",\"item\":\"https:\/\/medicina.udd.cl\/centro-bioetica\/documentos\/\"},{\"@type\":\"ListItem\",\"position\":3,\"name\":\"Cl\u00e1sicos\"}]},{\"@type\":\"WebSite\",\"@id\":\"https:\/\/medicina.udd.cl\/centro-bioetica\/#website\",\"url\":\"https:\/\/medicina.udd.cl\/centro-bioetica\/\",\"name\":\"Centro de Bio\u00e9tica\",\"description\":\"Universidad del Desarrollo\",\"inLanguage\":\"es\"}]}<\/script>\n<!-- \/ Yoast SEO plugin. -->","yoast_head_json":{"title":"Cl\u00e1sicos - Centro de Bio\u00e9tica","robots":{"index":"index","follow":"follow","max-snippet":"max-snippet:-1","max-image-preview":"max-image-preview:large","max-video-preview":"max-video-preview:-1"},"canonical":"https:\/\/medicina.udd.cl\/centro-bioetica\/documentos\/clasicos\/","og_locale":"es_ES","og_type":"article","og_title":"Cl\u00e1sicos - Centro de Bio\u00e9tica","og_description":"En esta secci\u00f3n podr\u00e1s conocer y revisar los textos cl\u00e1sicos, relacionados con la Bio\u00e9tica.","og_url":"https:\/\/medicina.udd.cl\/centro-bioetica\/documentos\/clasicos\/","og_site_name":"Centro de Bio\u00e9tica","article_modified_time":"2021-04-21T22:56:48+00:00","schema":{"@context":"https:\/\/schema.org","@graph":[{"@type":"WebPage","@id":"https:\/\/medicina.udd.cl\/centro-bioetica\/documentos\/clasicos\/","url":"https:\/\/medicina.udd.cl\/centro-bioetica\/documentos\/clasicos\/","name":"Cl\u00e1sicos - Centro de Bio\u00e9tica","isPartOf":{"@id":"https:\/\/medicina.udd.cl\/centro-bioetica\/#website"},"datePublished":"2010-05-27T15:40:22+00:00","dateModified":"2021-04-21T22:56:48+00:00","breadcrumb":{"@id":"https:\/\/medicina.udd.cl\/centro-bioetica\/documentos\/clasicos\/#breadcrumb"},"inLanguage":"es","potentialAction":[{"@type":"ReadAction","target":["https:\/\/medicina.udd.cl\/centro-bioetica\/documentos\/clasicos\/"]}]},{"@type":"BreadcrumbList","@id":"https:\/\/medicina.udd.cl\/centro-bioetica\/documentos\/clasicos\/#breadcrumb","itemListElement":[{"@type":"ListItem","position":1,"name":"Inicio","item":"https:\/\/medicina.udd.cl\/centro-bioetica\/"},{"@type":"ListItem","position":2,"name":"Documentos","item":"https:\/\/medicina.udd.cl\/centro-bioetica\/documentos\/"},{"@type":"ListItem","position":3,"name":"Cl\u00e1sicos"}]},{"@type":"WebSite","@id":"https:\/\/medicina.udd.cl\/centro-bioetica\/#website","url":"https:\/\/medicina.udd.cl\/centro-bioetica\/","name":"Centro de Bio\u00e9tica","description":"Universidad del Desarrollo","inLanguage":"es"}]}},"_links":{"self":[{"href":"https:\/\/medicina.udd.cl\/centro-bioetica\/wp-json\/wp\/v2\/pages\/48","targetHints":{"allow":["GET"]}}],"collection":[{"href":"https:\/\/medicina.udd.cl\/centro-bioetica\/wp-json\/wp\/v2\/pages"}],"about":[{"href":"https:\/\/medicina.udd.cl\/centro-bioetica\/wp-json\/wp\/v2\/types\/page"}],"author":[{"embeddable":true,"href":"https:\/\/medicina.udd.cl\/centro-bioetica\/wp-json\/wp\/v2\/users\/1"}],"replies":[{"embeddable":true,"href":"https:\/\/medicina.udd.cl\/centro-bioetica\/wp-json\/wp\/v2\/comments?post=48"}],"version-history":[{"count":43,"href":"https:\/\/medicina.udd.cl\/centro-bioetica\/wp-json\/wp\/v2\/pages\/48\/revisions"}],"predecessor-version":[{"id":5351,"href":"https:\/\/medicina.udd.cl\/centro-bioetica\/wp-json\/wp\/v2\/pages\/48\/revisions\/5351"}],"up":[{"embeddable":true,"href":"https:\/\/medicina.udd.cl\/centro-bioetica\/wp-json\/wp\/v2\/pages\/47"}],"wp:attachment":[{"href":"https:\/\/medicina.udd.cl\/centro-bioetica\/wp-json\/wp\/v2\/media?parent=48"}],"curies":[{"name":"wp","href":"https:\/\/api.w.org\/{rel}","templated":true}]}}