{"id":4886,"date":"2020-04-14T13:07:29","date_gmt":"2020-04-14T17:07:29","guid":{"rendered":"http:\/\/medicina.udd.cl\/centro-bioetica\/?page_id=4886"},"modified":"2020-11-30T17:43:45","modified_gmt":"2020-11-30T20:43:45","slug":"dialogos-bioeticos-2020","status":"publish","type":"page","link":"https:\/\/medicina.udd.cl\/centro-bioetica\/dialogos-bioeticos-2020\/","title":{"rendered":"Di\u00e1logos Bio\u00e9ticos 2020"},"content":{"rendered":"\n<p>Noviembre 19<\/p>\n\n\n\n<p>\u00ab<strong>Relaci\u00f3n Cl\u00ednica en la Telemedicina\u00bb<\/strong><\/p>\n\n\n\n<p>Expositores: Dra. Constanza Cort\u00e9s, Dr. Arnold Hoppe y Dr. Juan Pablo Beca.<\/p>\n\n\n\n<figure class=\"wp-block-embed-youtube wp-block-embed is-type-video is-provider-youtube wp-embed-aspect-16-9 wp-has-aspect-ratio\"><div class=\"wp-block-embed__wrapper\">\n<iframe loading=\"lazy\" title=\"Relaci\u00f3n Cl\u00ednica en Telemedicina\" width=\"500\" height=\"281\" src=\"https:\/\/www.youtube.com\/embed\/QgZLSHTLDKk?feature=oembed\" frameborder=\"0\" allow=\"accelerometer; autoplay; clipboard-write; encrypted-media; gyroscope; picture-in-picture; web-share\" referrerpolicy=\"strict-origin-when-cross-origin\" allowfullscreen><\/iframe>\n<\/div><\/figure>\n\n\n\n<p>Octubre 26<\/p>\n\n\n\n<p><strong>\u00abHablemos de la vacuna para COVID-19\u00bb<\/strong><\/p>\n\n\n\n<p>Expositores: Dra. Mar\u00eda Teresa Valenzuela, Dra. Sof\u00eda Salas y Dr. Juan Pablo Torres.<\/p>\n\n\n\n<figure class=\"wp-block-embed-youtube wp-block-embed is-type-video is-provider-youtube wp-embed-aspect-16-9 wp-has-aspect-ratio\"><div class=\"wp-block-embed__wrapper\">\n<iframe loading=\"lazy\" title=\"Di\u00e1logo Bio\u00e9tico. Hablemos de la vacuna para COVID-19\" width=\"500\" height=\"281\" src=\"https:\/\/www.youtube.com\/embed\/X5Prxxlp_rI?feature=oembed\" frameborder=\"0\" allow=\"accelerometer; autoplay; clipboard-write; encrypted-media; gyroscope; picture-in-picture; web-share\" referrerpolicy=\"strict-origin-when-cross-origin\" allowfullscreen><\/iframe>\n<\/div><\/figure>\n\n\n\n<p><\/p>\n\n\n\n<p>Septiembre 24<\/p>\n\n\n\n<p><strong>\u00abSalud mental en pandemia\u00bb<\/strong><\/p>\n\n\n\n<p>Expositores: Ps. Jaime Silva, Dr. Juan Pablo Undurraga y Dra. Lorna Luco.<\/p>\n\n\n\n<figure class=\"wp-block-embed-youtube wp-block-embed is-type-video is-provider-youtube wp-embed-aspect-16-9 wp-has-aspect-ratio\"><div class=\"wp-block-embed__wrapper\">\n<iframe loading=\"lazy\" title=\"Di\u00e1logo Bio\u00e9tico: Salud Mental en Pandemia\" width=\"500\" height=\"281\" src=\"https:\/\/www.youtube.com\/embed\/Qiiec8_Bxzs?start=2&#038;feature=oembed\" frameborder=\"0\" allow=\"accelerometer; autoplay; clipboard-write; encrypted-media; gyroscope; picture-in-picture; web-share\" referrerpolicy=\"strict-origin-when-cross-origin\" allowfullscreen><\/iframe>\n<\/div><\/figure>\n\n\n\n<p>Agosto 19<\/p>\n\n\n\n<p><strong>\u00abPreguntas que nos plantea la pandemia\u00bb<\/strong><\/p>\n\n\n\n<p>Expositores: Dr. Luis Fidel Avenda\u00f1o, Prof. Eduardo Valenzuela C. y Dr. Alejandro Koppmann<\/p>\n\n\n\n<figure class=\"wp-block-embed-youtube wp-block-embed is-type-video is-provider-youtube wp-embed-aspect-16-9 wp-has-aspect-ratio\"><div class=\"wp-block-embed__wrapper\">\n<iframe loading=\"lazy\" title=\"Di\u00e1logo Bio\u00e9tico: Preguntas que nos plantea la pandemia\" width=\"500\" height=\"281\" src=\"https:\/\/www.youtube.com\/embed\/Ua39OK1X6wA?feature=oembed\" frameborder=\"0\" allow=\"accelerometer; autoplay; clipboard-write; encrypted-media; gyroscope; picture-in-picture; web-share\" referrerpolicy=\"strict-origin-when-cross-origin\" allowfullscreen><\/iframe>\n<\/div><\/figure>\n\n\n\n<p>Julio 22<\/p>\n\n\n\n<p><strong>\u00abEfectos no covid en la pandemia\u00bb<\/strong><\/p>\n\n\n\n<p>Expositores: Dra. Carmen Nadal, Dra. Ana Mar\u00eda Arriagada  y Dr. Sergio Carvajal.<\/p>\n\n\n\n<figure class=\"wp-block-embed-youtube wp-block-embed is-type-video is-provider-youtube wp-embed-aspect-16-9 wp-has-aspect-ratio\"><div class=\"wp-block-embed__wrapper\">\n<iframe loading=\"lazy\" title=\"Di\u00e1logo Bio\u00e9tico: Efectos No Covid de la Pandemia\" width=\"500\" height=\"281\" src=\"https:\/\/www.youtube.com\/embed\/mzQQWiRrkK4?feature=oembed\" frameborder=\"0\" allow=\"accelerometer; autoplay; clipboard-write; encrypted-media; gyroscope; picture-in-picture; web-share\" referrerpolicy=\"strict-origin-when-cross-origin\" allowfullscreen><\/iframe>\n<\/div><\/figure>\n\n\n\n<p>Julio 8<\/p>\n\n\n\n<p><strong>\u00abLos equipos de Salud en tiempos de pandemia\u00bb<\/strong><\/p>\n\n\n\n<p>Expositores: Dr. Daniel Ramos,  EU. Ver\u00f3nica Rojas  y Dra. Mar\u00eda In\u00e9s G\u00f3mez.<\/p>\n\n\n\n<figure class=\"wp-block-embed-youtube wp-block-embed is-type-video is-provider-youtube wp-embed-aspect-16-9 wp-has-aspect-ratio\"><div class=\"wp-block-embed__wrapper\">\n<iframe loading=\"lazy\" title=\"Di\u00e1logo Bio\u00e9tico: Los equipos de salud en tiempos de pandemia\" width=\"500\" height=\"281\" src=\"https:\/\/www.youtube.com\/embed\/5WeS3tfPnTw?feature=oembed\" frameborder=\"0\" allow=\"accelerometer; autoplay; clipboard-write; encrypted-media; gyroscope; picture-in-picture; web-share\" referrerpolicy=\"strict-origin-when-cross-origin\" allowfullscreen><\/iframe>\n<\/div><\/figure>\n\n\n\n<p>Junio 24<\/p>\n\n\n\n<p><strong>\u00abMorir en tiempos de pandemia\u00bb<\/strong><\/p>\n\n\n\n<p>Expositores: Dra. Montserrat Esquerda,  Flga. Bernardita Portales  y Dr. Sebasti\u00e1n Saavedra.<\/p>\n\n\n\n<figure class=\"wp-block-embed-youtube aligncenter wp-block-embed is-type-video is-provider-youtube wp-embed-aspect-16-9 wp-has-aspect-ratio\"><div class=\"wp-block-embed__wrapper\">\n<iframe loading=\"lazy\" title=\"Di\u00e1logo Bio\u00e9tico: Morir en Tiempos de Pandemia\" width=\"500\" height=\"281\" src=\"https:\/\/www.youtube.com\/embed\/bkSjkczCmVc?feature=oembed\" frameborder=\"0\" allow=\"accelerometer; autoplay; clipboard-write; encrypted-media; gyroscope; picture-in-picture; web-share\" referrerpolicy=\"strict-origin-when-cross-origin\" allowfullscreen><\/iframe>\n<\/div><\/figure>\n\n\n\n<p>Junio 10<\/p>\n\n\n\n<p><strong>\u00abProporcionalidad de tratamientos en situaci\u00f3n de pandemia\u00bb<\/strong><\/p>\n\n\n\n<p>Expositores: Dr. Juan Pablo Beca,  Dr. Sergio Carvajal  y Dr. Claudio Canals.<\/p>\n\n\n\n<figure class=\"wp-block-embed-youtube wp-block-embed is-type-video is-provider-youtube wp-embed-aspect-16-9 wp-has-aspect-ratio\"><div class=\"wp-block-embed__wrapper\">\n<iframe loading=\"lazy\" title=\"Di\u00e1logo Bio\u00e9tico: &quot;Proporcionalidad de Tratamientos en Situaci\u00f3n de Pandemia&quot;\" width=\"500\" height=\"281\" src=\"https:\/\/www.youtube.com\/embed\/N41ao_8jxIc?feature=oembed\" frameborder=\"0\" allow=\"accelerometer; autoplay; clipboard-write; encrypted-media; gyroscope; picture-in-picture; web-share\" referrerpolicy=\"strict-origin-when-cross-origin\" allowfullscreen><\/iframe>\n<\/div><\/figure>\n\n\n\n<p>Mayo 27<\/p>\n\n\n\n<p><strong>\u00abRelaci\u00f3n cl\u00ednica en pacientes covid hospitalizados\u00bb<\/strong><\/p>\n\n\n\n<p>Expositores: Dr. Juan Pablo Beca, Dr. Edgardo Mart\u00ednez y Matr. Alejandra Vald\u00e9s.<\/p>\n\n\n\n<figure class=\"wp-block-embed-youtube wp-block-embed is-type-video is-provider-youtube wp-embed-aspect-16-9 wp-has-aspect-ratio\"><div class=\"wp-block-embed__wrapper\">\n<iframe loading=\"lazy\" title=\"Di\u00e1logo Bio\u00e9tico: Relaci\u00f3n cl\u00ednica en pacientes covid hospitalizados\" width=\"500\" height=\"281\" src=\"https:\/\/www.youtube.com\/embed\/bN5mRO3bvEw?feature=oembed\" frameborder=\"0\" allow=\"accelerometer; autoplay; clipboard-write; encrypted-media; gyroscope; picture-in-picture; web-share\" referrerpolicy=\"strict-origin-when-cross-origin\" allowfullscreen><\/iframe>\n<\/div><\/figure>\n\n\n\n<p>Mayo 13<\/p>\n\n\n\n<p><strong>\u00abProblemas \u00e9tico-sociales en la pandemia Covid-19\u00bb<\/strong><\/p>\n\n\n\n<p>Expositores: Dr. Sergio Carvajal, PhD. B\u00e1ltica Cabieses y el Ing. MpA Sergio Bitar.<\/p>\n\n\n\n<figure class=\"wp-block-embed-youtube wp-block-embed is-type-video is-provider-youtube wp-embed-aspect-16-9 wp-has-aspect-ratio\"><div class=\"wp-block-embed__wrapper\">\n<iframe loading=\"lazy\" title=\"Di\u00e1logo Bio\u00e9tico: &quot;Problemas \u00e9tico-sociales en la pandemia covid\u201d\" width=\"500\" height=\"281\" src=\"https:\/\/www.youtube.com\/embed\/chy7fKGteC0?feature=oembed\" frameborder=\"0\" allow=\"accelerometer; autoplay; clipboard-write; encrypted-media; gyroscope; picture-in-picture; web-share\" referrerpolicy=\"strict-origin-when-cross-origin\" allowfullscreen><\/iframe>\n<\/div><\/figure>\n\n\n\n<p>Abril 22<\/p>\n\n\n\n<p><strong>\u00ab\u00c9tica de la investigaci\u00f3n en epidemias\u00bb<\/strong><\/p>\n\n\n\n<p>Expositores: Dra. Sof\u00eda Salas, Dra. Carla Saenz y Abg. Ana Palmero.<\/p>\n\n\n\n<figure class=\"wp-block-embed-youtube wp-block-embed is-type-video is-provider-youtube wp-embed-aspect-16-9 wp-has-aspect-ratio\"><div class=\"wp-block-embed__wrapper\">\n<iframe loading=\"lazy\" title=\"Di\u00e1logo Bio\u00e9tico: \u00e9tica de la investigaci\u00f3n en epidemias\" width=\"500\" height=\"281\" src=\"https:\/\/www.youtube.com\/embed\/ey4NySJqaPc?start=4&#038;feature=oembed\" frameborder=\"0\" allow=\"accelerometer; autoplay; clipboard-write; encrypted-media; gyroscope; picture-in-picture; web-share\" referrerpolicy=\"strict-origin-when-cross-origin\" allowfullscreen><\/iframe>\n<\/div><\/figure>\n\n\n\n<p>Abril 13<\/p>\n\n\n\n<p><strong>\u00abDesaf\u00edos ante una posible cat\u00e1strofe epidemiol\u00f3gica\u00bb<\/strong><\/p>\n\n\n\n<p>Expositores: Dr. Juan Pablo Beca, Dra. Ver\u00f3nica Rojas y profesora Bernardita Portales<\/p>\n\n\n\n<figure class=\"wp-block-embed-youtube wp-block-embed is-type-video is-provider-youtube wp-embed-aspect-16-9 wp-has-aspect-ratio\"><div class=\"wp-block-embed__wrapper\">\n<iframe loading=\"lazy\" title=\"Di\u00e1logo Bio\u00e9tico: Desaf\u00edos ante una posible cat\u00e1strofe epidemiol\u00f3gica\" width=\"500\" height=\"281\" src=\"https:\/\/www.youtube.com\/embed\/tu0oHhJSIV8?start=28&#038;feature=oembed\" frameborder=\"0\" allow=\"accelerometer; autoplay; clipboard-write; encrypted-media; gyroscope; picture-in-picture; web-share\" referrerpolicy=\"strict-origin-when-cross-origin\" allowfullscreen><\/iframe>\n<\/div><\/figure>\n\n\n\n<p>Abril 02<\/p>\n\n\n\n<p><strong>\u201cAspectos \u00e9ticos en la pandemia covid-19\u201d &nbsp;&nbsp;&nbsp;&nbsp;&nbsp;&nbsp;&nbsp;&nbsp;&nbsp;&nbsp;&nbsp;&nbsp;&nbsp;&nbsp;&nbsp;<\/strong><\/p>\n\n\n\n<p>Expositores : Dr. Juan Pablo Beca, Dra. Mar\u00eda In\u00e9s G\u00f3mez y Dr. Javier Torres<\/p>\n\n\n\n<div class=\"wp-block-image\"><figure class=\"aligncenter is-resized\"><img loading=\"lazy\" decoding=\"async\" src=\"https:\/\/medicina.udd.cl\/centro-bioetica\/files\/2020\/04\/image-11-724x1024.png\" alt=\"\" class=\"wp-image-4890\" width=\"362\" height=\"512\" srcset=\"https:\/\/medicina.udd.cl\/centro-bioetica\/files\/2020\/04\/image-11-724x1024.png 724w, https:\/\/medicina.udd.cl\/centro-bioetica\/files\/2020\/04\/image-11-212x300.png 212w, https:\/\/medicina.udd.cl\/centro-bioetica\/files\/2020\/04\/image-11-768x1086.png 768w, https:\/\/medicina.udd.cl\/centro-bioetica\/files\/2020\/04\/image-11-679x960.png 679w\" sizes=\"auto, (max-width: 362px) 100vw, 362px\" \/><\/figure><\/div>\n","protected":false},"excerpt":{"rendered":"<p>Noviembre 19 \u00abRelaci\u00f3n Cl\u00ednica en la Telemedicina\u00bb Expositores: Dra. Constanza Cort\u00e9s, Dr. Arnold Hoppe y Dr. Juan Pablo Beca. Octubre 26 \u00abHablemos de la vacuna para COVID-19\u00bb Expositores: Dra. Mar\u00eda Teresa Valenzuela, Dra. Sof\u00eda Salas y Dr. Juan Pablo Torres. Septiembre 24 \u00abSalud mental en pandemia\u00bb Expositores: Ps. Jaime Silva, Dr. Juan Pablo Undurraga y [&hellip;]<\/p>\n","protected":false},"author":9192219,"featured_media":0,"parent":0,"menu_order":0,"comment_status":"closed","ping_status":"closed","template":"","meta":{"footnotes":""},"class_list":["post-4886","page","type-page","status-publish","hentry"],"yoast_head":"<!-- This site is optimized with the Yoast SEO plugin v26.9 - https:\/\/yoast.com\/product\/yoast-seo-wordpress\/ -->\n<title>Di\u00e1logos Bio\u00e9ticos 2020 - Centro de Bio\u00e9tica<\/title>\n<meta name=\"robots\" content=\"index, follow, max-snippet:-1, max-image-preview:large, max-video-preview:-1\" \/>\n<link rel=\"canonical\" href=\"https:\/\/medicina.udd.cl\/centro-bioetica\/dialogos-bioeticos-2020\/\" \/>\n<meta property=\"og:locale\" content=\"es_ES\" \/>\n<meta property=\"og:type\" content=\"article\" \/>\n<meta property=\"og:title\" content=\"Di\u00e1logos Bio\u00e9ticos 2020 - Centro de Bio\u00e9tica\" \/>\n<meta property=\"og:description\" content=\"Noviembre 19 \u00abRelaci\u00f3n Cl\u00ednica en la Telemedicina\u00bb Expositores: Dra. Constanza Cort\u00e9s, Dr. Arnold Hoppe y Dr. Juan Pablo Beca. Octubre 26 \u00abHablemos de la vacuna para COVID-19\u00bb Expositores: Dra. Mar\u00eda Teresa Valenzuela, Dra. Sof\u00eda Salas y Dr. Juan Pablo Torres. Septiembre 24 \u00abSalud mental en pandemia\u00bb Expositores: Ps. Jaime Silva, Dr. Juan Pablo Undurraga y [&hellip;]\" \/>\n<meta property=\"og:url\" content=\"https:\/\/medicina.udd.cl\/centro-bioetica\/dialogos-bioeticos-2020\/\" \/>\n<meta property=\"og:site_name\" content=\"Centro de Bio\u00e9tica\" \/>\n<meta property=\"article:modified_time\" content=\"2020-11-30T20:43:45+00:00\" \/>\n<meta property=\"og:image\" content=\"https:\/\/medicina.udd.cl\/centro-bioetica\/files\/2020\/04\/image-11-724x1024.png\" \/>\n<meta name=\"twitter:label1\" content=\"Tiempo de lectura\" \/>\n\t<meta name=\"twitter:data1\" content=\"2 minutos\" \/>\n<script type=\"application\/ld+json\" class=\"yoast-schema-graph\">{\"@context\":\"https:\/\/schema.org\",\"@graph\":[{\"@type\":\"WebPage\",\"@id\":\"https:\/\/medicina.udd.cl\/centro-bioetica\/dialogos-bioeticos-2020\/\",\"url\":\"https:\/\/medicina.udd.cl\/centro-bioetica\/dialogos-bioeticos-2020\/\",\"name\":\"Di\u00e1logos Bio\u00e9ticos 2020 - Centro de Bio\u00e9tica\",\"isPartOf\":{\"@id\":\"https:\/\/medicina.udd.cl\/centro-bioetica\/#website\"},\"primaryImageOfPage\":{\"@id\":\"https:\/\/medicina.udd.cl\/centro-bioetica\/dialogos-bioeticos-2020\/#primaryimage\"},\"image\":{\"@id\":\"https:\/\/medicina.udd.cl\/centro-bioetica\/dialogos-bioeticos-2020\/#primaryimage\"},\"thumbnailUrl\":\"https:\/\/medicina.udd.cl\/centro-bioetica\/files\/2020\/04\/image-11-724x1024.png\",\"datePublished\":\"2020-04-14T17:07:29+00:00\",\"dateModified\":\"2020-11-30T20:43:45+00:00\",\"breadcrumb\":{\"@id\":\"https:\/\/medicina.udd.cl\/centro-bioetica\/dialogos-bioeticos-2020\/#breadcrumb\"},\"inLanguage\":\"es\",\"potentialAction\":[{\"@type\":\"ReadAction\",\"target\":[\"https:\/\/medicina.udd.cl\/centro-bioetica\/dialogos-bioeticos-2020\/\"]}]},{\"@type\":\"ImageObject\",\"inLanguage\":\"es\",\"@id\":\"https:\/\/medicina.udd.cl\/centro-bioetica\/dialogos-bioeticos-2020\/#primaryimage\",\"url\":\"https:\/\/medicina.udd.cl\/centro-bioetica\/files\/2020\/04\/image-11.png\",\"contentUrl\":\"https:\/\/medicina.udd.cl\/centro-bioetica\/files\/2020\/04\/image-11.png\",\"width\":2121,\"height\":3000},{\"@type\":\"BreadcrumbList\",\"@id\":\"https:\/\/medicina.udd.cl\/centro-bioetica\/dialogos-bioeticos-2020\/#breadcrumb\",\"itemListElement\":[{\"@type\":\"ListItem\",\"position\":1,\"name\":\"Inicio\",\"item\":\"https:\/\/medicina.udd.cl\/centro-bioetica\/\"},{\"@type\":\"ListItem\",\"position\":2,\"name\":\"Di\u00e1logos Bio\u00e9ticos 2020\"}]},{\"@type\":\"WebSite\",\"@id\":\"https:\/\/medicina.udd.cl\/centro-bioetica\/#website\",\"url\":\"https:\/\/medicina.udd.cl\/centro-bioetica\/\",\"name\":\"Centro de Bio\u00e9tica\",\"description\":\"Universidad del Desarrollo\",\"inLanguage\":\"es\"}]}<\/script>\n<!-- \/ Yoast SEO plugin. -->","yoast_head_json":{"title":"Di\u00e1logos Bio\u00e9ticos 2020 - Centro de Bio\u00e9tica","robots":{"index":"index","follow":"follow","max-snippet":"max-snippet:-1","max-image-preview":"max-image-preview:large","max-video-preview":"max-video-preview:-1"},"canonical":"https:\/\/medicina.udd.cl\/centro-bioetica\/dialogos-bioeticos-2020\/","og_locale":"es_ES","og_type":"article","og_title":"Di\u00e1logos Bio\u00e9ticos 2020 - Centro de Bio\u00e9tica","og_description":"Noviembre 19 \u00abRelaci\u00f3n Cl\u00ednica en la Telemedicina\u00bb Expositores: Dra. Constanza Cort\u00e9s, Dr. Arnold Hoppe y Dr. Juan Pablo Beca. Octubre 26 \u00abHablemos de la vacuna para COVID-19\u00bb Expositores: Dra. Mar\u00eda Teresa Valenzuela, Dra. Sof\u00eda Salas y Dr. Juan Pablo Torres. Septiembre 24 \u00abSalud mental en pandemia\u00bb Expositores: Ps. Jaime Silva, Dr. Juan Pablo Undurraga y [&hellip;]","og_url":"https:\/\/medicina.udd.cl\/centro-bioetica\/dialogos-bioeticos-2020\/","og_site_name":"Centro de Bio\u00e9tica","article_modified_time":"2020-11-30T20:43:45+00:00","og_image":[{"url":"https:\/\/medicina.udd.cl\/centro-bioetica\/files\/2020\/04\/image-11-724x1024.png","type":"","width":"","height":""}],"twitter_misc":{"Tiempo de lectura":"2 minutos"},"schema":{"@context":"https:\/\/schema.org","@graph":[{"@type":"WebPage","@id":"https:\/\/medicina.udd.cl\/centro-bioetica\/dialogos-bioeticos-2020\/","url":"https:\/\/medicina.udd.cl\/centro-bioetica\/dialogos-bioeticos-2020\/","name":"Di\u00e1logos Bio\u00e9ticos 2020 - Centro de Bio\u00e9tica","isPartOf":{"@id":"https:\/\/medicina.udd.cl\/centro-bioetica\/#website"},"primaryImageOfPage":{"@id":"https:\/\/medicina.udd.cl\/centro-bioetica\/dialogos-bioeticos-2020\/#primaryimage"},"image":{"@id":"https:\/\/medicina.udd.cl\/centro-bioetica\/dialogos-bioeticos-2020\/#primaryimage"},"thumbnailUrl":"https:\/\/medicina.udd.cl\/centro-bioetica\/files\/2020\/04\/image-11-724x1024.png","datePublished":"2020-04-14T17:07:29+00:00","dateModified":"2020-11-30T20:43:45+00:00","breadcrumb":{"@id":"https:\/\/medicina.udd.cl\/centro-bioetica\/dialogos-bioeticos-2020\/#breadcrumb"},"inLanguage":"es","potentialAction":[{"@type":"ReadAction","target":["https:\/\/medicina.udd.cl\/centro-bioetica\/dialogos-bioeticos-2020\/"]}]},{"@type":"ImageObject","inLanguage":"es","@id":"https:\/\/medicina.udd.cl\/centro-bioetica\/dialogos-bioeticos-2020\/#primaryimage","url":"https:\/\/medicina.udd.cl\/centro-bioetica\/files\/2020\/04\/image-11.png","contentUrl":"https:\/\/medicina.udd.cl\/centro-bioetica\/files\/2020\/04\/image-11.png","width":2121,"height":3000},{"@type":"BreadcrumbList","@id":"https:\/\/medicina.udd.cl\/centro-bioetica\/dialogos-bioeticos-2020\/#breadcrumb","itemListElement":[{"@type":"ListItem","position":1,"name":"Inicio","item":"https:\/\/medicina.udd.cl\/centro-bioetica\/"},{"@type":"ListItem","position":2,"name":"Di\u00e1logos Bio\u00e9ticos 2020"}]},{"@type":"WebSite","@id":"https:\/\/medicina.udd.cl\/centro-bioetica\/#website","url":"https:\/\/medicina.udd.cl\/centro-bioetica\/","name":"Centro de Bio\u00e9tica","description":"Universidad del Desarrollo","inLanguage":"es"}]}},"_links":{"self":[{"href":"https:\/\/medicina.udd.cl\/centro-bioetica\/wp-json\/wp\/v2\/pages\/4886","targetHints":{"allow":["GET"]}}],"collection":[{"href":"https:\/\/medicina.udd.cl\/centro-bioetica\/wp-json\/wp\/v2\/pages"}],"about":[{"href":"https:\/\/medicina.udd.cl\/centro-bioetica\/wp-json\/wp\/v2\/types\/page"}],"author":[{"embeddable":true,"href":"https:\/\/medicina.udd.cl\/centro-bioetica\/wp-json\/wp\/v2\/users\/9192219"}],"replies":[{"embeddable":true,"href":"https:\/\/medicina.udd.cl\/centro-bioetica\/wp-json\/wp\/v2\/comments?post=4886"}],"version-history":[{"count":36,"href":"https:\/\/medicina.udd.cl\/centro-bioetica\/wp-json\/wp\/v2\/pages\/4886\/revisions"}],"predecessor-version":[{"id":5171,"href":"https:\/\/medicina.udd.cl\/centro-bioetica\/wp-json\/wp\/v2\/pages\/4886\/revisions\/5171"}],"wp:attachment":[{"href":"https:\/\/medicina.udd.cl\/centro-bioetica\/wp-json\/wp\/v2\/media?parent=4886"}],"curies":[{"name":"wp","href":"https:\/\/api.w.org\/{rel}","templated":true}]}}