{"id":4923,"date":"2020-04-24T11:27:34","date_gmt":"2020-04-24T15:27:34","guid":{"rendered":"http:\/\/medicina.udd.cl\/centro-bioetica\/?page_id=4923"},"modified":"2020-04-24T11:27:35","modified_gmt":"2020-04-24T15:27:35","slug":"ops-revision-y-supervision-eticas-de-las-investigaciones-relacionadas-con-covid-19","status":"publish","type":"page","link":"https:\/\/medicina.udd.cl\/centro-bioetica\/ops-revision-y-supervision-eticas-de-las-investigaciones-relacionadas-con-covid-19\/","title":{"rendered":"OPS &#8211; revisi\u00f3n y supervisi\u00f3n \u00e9ticas de las investigaciones relacionadas con COVID-19"},"content":{"rendered":"\n<figure class=\"wp-block-image\"><img loading=\"lazy\" decoding=\"async\" width=\"832\" height=\"172\" src=\"https:\/\/medicina.udd.cl\/centro-bioetica\/files\/2020\/04\/logo-OPS.png\" alt=\"\" class=\"wp-image-4924\" srcset=\"https:\/\/medicina.udd.cl\/centro-bioetica\/files\/2020\/04\/logo-OPS.png 832w, https:\/\/medicina.udd.cl\/centro-bioetica\/files\/2020\/04\/logo-OPS-300x62.png 300w, https:\/\/medicina.udd.cl\/centro-bioetica\/files\/2020\/04\/logo-OPS-768x159.png 768w\" sizes=\"auto, (max-width: 832px) 100vw, 832px\" \/><\/figure>\n\n\n\n<p><strong><a href=\"https:\/\/www.paho.org\/es\/documentos\/modelo-pautas-operativas-para-revision-supervision-eticas-investigaciones-relacionadas\">Modelo y pautas operativas para la revisi\u00f3n y supervisi\u00f3n \u00e9ticas de las investigaciones relacionadas con COVID-19<\/a><\/strong><\/p>\n\n\n\n<p><a href=\"https:\/\/www.paho.org\/es\/documentos\/orientacion-estrategias-para-agilizar-revision-supervision-eticas-investigaciones\"><strong>Orientaci\u00f3n y estrategias para agilizar la revisi\u00f3n y supervisi\u00f3n \u00e9ticas de investigaciones relacionadas con COVID-19<\/strong><\/a><\/p>\n","protected":false},"excerpt":{"rendered":"<p>Modelo y pautas operativas para la revisi\u00f3n y supervisi\u00f3n \u00e9ticas de las investigaciones relacionadas con COVID-19 Orientaci\u00f3n y estrategias para agilizar la revisi\u00f3n y supervisi\u00f3n \u00e9ticas de investigaciones relacionadas con COVID-19<\/p>\n","protected":false},"author":9192219,"featured_media":4924,"parent":0,"menu_order":0,"comment_status":"closed","ping_status":"closed","template":"","meta":{"footnotes":""},"class_list":["post-4923","page","type-page","status-publish","has-post-thumbnail","hentry"],"yoast_head":"<!-- This site is optimized with the Yoast SEO plugin v26.9 - https:\/\/yoast.com\/product\/yoast-seo-wordpress\/ -->\n<title>OPS - revisi\u00f3n y supervisi\u00f3n \u00e9ticas de las investigaciones relacionadas con COVID-19 - Centro de Bio\u00e9tica<\/title>\n<meta name=\"robots\" content=\"index, follow, max-snippet:-1, max-image-preview:large, max-video-preview:-1\" \/>\n<link rel=\"canonical\" href=\"https:\/\/medicina.udd.cl\/centro-bioetica\/ops-revision-y-supervision-eticas-de-las-investigaciones-relacionadas-con-covid-19\/\" \/>\n<meta property=\"og:locale\" content=\"es_ES\" \/>\n<meta property=\"og:type\" content=\"article\" \/>\n<meta property=\"og:title\" content=\"OPS - revisi\u00f3n y supervisi\u00f3n \u00e9ticas de las investigaciones relacionadas con COVID-19 - Centro de Bio\u00e9tica\" \/>\n<meta property=\"og:description\" content=\"Modelo y pautas operativas para la revisi\u00f3n y supervisi\u00f3n \u00e9ticas de las investigaciones relacionadas con COVID-19 Orientaci\u00f3n y estrategias para agilizar la revisi\u00f3n y supervisi\u00f3n \u00e9ticas de investigaciones relacionadas con COVID-19\" \/>\n<meta property=\"og:url\" content=\"https:\/\/medicina.udd.cl\/centro-bioetica\/ops-revision-y-supervision-eticas-de-las-investigaciones-relacionadas-con-covid-19\/\" \/>\n<meta property=\"og:site_name\" content=\"Centro de Bio\u00e9tica\" \/>\n<meta property=\"article:modified_time\" content=\"2020-04-24T15:27:35+00:00\" \/>\n<meta property=\"og:image\" content=\"https:\/\/medicina.udd.cl\/centro-bioetica\/files\/2020\/04\/logo-OPS.png\" \/>\n\t<meta property=\"og:image:width\" content=\"832\" \/>\n\t<meta property=\"og:image:height\" content=\"172\" \/>\n\t<meta property=\"og:image:type\" content=\"image\/png\" \/>\n<script type=\"application\/ld+json\" class=\"yoast-schema-graph\">{\"@context\":\"https:\/\/schema.org\",\"@graph\":[{\"@type\":\"WebPage\",\"@id\":\"https:\/\/medicina.udd.cl\/centro-bioetica\/ops-revision-y-supervision-eticas-de-las-investigaciones-relacionadas-con-covid-19\/\",\"url\":\"https:\/\/medicina.udd.cl\/centro-bioetica\/ops-revision-y-supervision-eticas-de-las-investigaciones-relacionadas-con-covid-19\/\",\"name\":\"OPS - revisi\u00f3n y supervisi\u00f3n \u00e9ticas de las investigaciones relacionadas con COVID-19 - Centro de Bio\u00e9tica\",\"isPartOf\":{\"@id\":\"https:\/\/medicina.udd.cl\/centro-bioetica\/#website\"},\"primaryImageOfPage\":{\"@id\":\"https:\/\/medicina.udd.cl\/centro-bioetica\/ops-revision-y-supervision-eticas-de-las-investigaciones-relacionadas-con-covid-19\/#primaryimage\"},\"image\":{\"@id\":\"https:\/\/medicina.udd.cl\/centro-bioetica\/ops-revision-y-supervision-eticas-de-las-investigaciones-relacionadas-con-covid-19\/#primaryimage\"},\"thumbnailUrl\":\"https:\/\/medicina.udd.cl\/centro-bioetica\/files\/2020\/04\/logo-OPS.png\",\"datePublished\":\"2020-04-24T15:27:34+00:00\",\"dateModified\":\"2020-04-24T15:27:35+00:00\",\"breadcrumb\":{\"@id\":\"https:\/\/medicina.udd.cl\/centro-bioetica\/ops-revision-y-supervision-eticas-de-las-investigaciones-relacionadas-con-covid-19\/#breadcrumb\"},\"inLanguage\":\"es\",\"potentialAction\":[{\"@type\":\"ReadAction\",\"target\":[\"https:\/\/medicina.udd.cl\/centro-bioetica\/ops-revision-y-supervision-eticas-de-las-investigaciones-relacionadas-con-covid-19\/\"]}]},{\"@type\":\"ImageObject\",\"inLanguage\":\"es\",\"@id\":\"https:\/\/medicina.udd.cl\/centro-bioetica\/ops-revision-y-supervision-eticas-de-las-investigaciones-relacionadas-con-covid-19\/#primaryimage\",\"url\":\"https:\/\/medicina.udd.cl\/centro-bioetica\/files\/2020\/04\/logo-OPS.png\",\"contentUrl\":\"https:\/\/medicina.udd.cl\/centro-bioetica\/files\/2020\/04\/logo-OPS.png\",\"width\":832,\"height\":172},{\"@type\":\"BreadcrumbList\",\"@id\":\"https:\/\/medicina.udd.cl\/centro-bioetica\/ops-revision-y-supervision-eticas-de-las-investigaciones-relacionadas-con-covid-19\/#breadcrumb\",\"itemListElement\":[{\"@type\":\"ListItem\",\"position\":1,\"name\":\"Inicio\",\"item\":\"https:\/\/medicina.udd.cl\/centro-bioetica\/\"},{\"@type\":\"ListItem\",\"position\":2,\"name\":\"OPS &#8211; revisi\u00f3n y supervisi\u00f3n \u00e9ticas de las investigaciones relacionadas con COVID-19\"}]},{\"@type\":\"WebSite\",\"@id\":\"https:\/\/medicina.udd.cl\/centro-bioetica\/#website\",\"url\":\"https:\/\/medicina.udd.cl\/centro-bioetica\/\",\"name\":\"Centro de Bio\u00e9tica\",\"description\":\"Universidad del Desarrollo\",\"inLanguage\":\"es\"}]}<\/script>\n<!-- \/ Yoast SEO plugin. -->","yoast_head_json":{"title":"OPS - revisi\u00f3n y supervisi\u00f3n \u00e9ticas de las investigaciones relacionadas con COVID-19 - Centro de Bio\u00e9tica","robots":{"index":"index","follow":"follow","max-snippet":"max-snippet:-1","max-image-preview":"max-image-preview:large","max-video-preview":"max-video-preview:-1"},"canonical":"https:\/\/medicina.udd.cl\/centro-bioetica\/ops-revision-y-supervision-eticas-de-las-investigaciones-relacionadas-con-covid-19\/","og_locale":"es_ES","og_type":"article","og_title":"OPS - revisi\u00f3n y supervisi\u00f3n \u00e9ticas de las investigaciones relacionadas con COVID-19 - Centro de Bio\u00e9tica","og_description":"Modelo y pautas operativas para la revisi\u00f3n y supervisi\u00f3n \u00e9ticas de las investigaciones relacionadas con COVID-19 Orientaci\u00f3n y estrategias para agilizar la revisi\u00f3n y supervisi\u00f3n \u00e9ticas de investigaciones relacionadas con COVID-19","og_url":"https:\/\/medicina.udd.cl\/centro-bioetica\/ops-revision-y-supervision-eticas-de-las-investigaciones-relacionadas-con-covid-19\/","og_site_name":"Centro de Bio\u00e9tica","article_modified_time":"2020-04-24T15:27:35+00:00","og_image":[{"width":832,"height":172,"url":"https:\/\/medicina.udd.cl\/centro-bioetica\/files\/2020\/04\/logo-OPS.png","type":"image\/png"}],"schema":{"@context":"https:\/\/schema.org","@graph":[{"@type":"WebPage","@id":"https:\/\/medicina.udd.cl\/centro-bioetica\/ops-revision-y-supervision-eticas-de-las-investigaciones-relacionadas-con-covid-19\/","url":"https:\/\/medicina.udd.cl\/centro-bioetica\/ops-revision-y-supervision-eticas-de-las-investigaciones-relacionadas-con-covid-19\/","name":"OPS - revisi\u00f3n y supervisi\u00f3n \u00e9ticas de las investigaciones relacionadas con COVID-19 - Centro de Bio\u00e9tica","isPartOf":{"@id":"https:\/\/medicina.udd.cl\/centro-bioetica\/#website"},"primaryImageOfPage":{"@id":"https:\/\/medicina.udd.cl\/centro-bioetica\/ops-revision-y-supervision-eticas-de-las-investigaciones-relacionadas-con-covid-19\/#primaryimage"},"image":{"@id":"https:\/\/medicina.udd.cl\/centro-bioetica\/ops-revision-y-supervision-eticas-de-las-investigaciones-relacionadas-con-covid-19\/#primaryimage"},"thumbnailUrl":"https:\/\/medicina.udd.cl\/centro-bioetica\/files\/2020\/04\/logo-OPS.png","datePublished":"2020-04-24T15:27:34+00:00","dateModified":"2020-04-24T15:27:35+00:00","breadcrumb":{"@id":"https:\/\/medicina.udd.cl\/centro-bioetica\/ops-revision-y-supervision-eticas-de-las-investigaciones-relacionadas-con-covid-19\/#breadcrumb"},"inLanguage":"es","potentialAction":[{"@type":"ReadAction","target":["https:\/\/medicina.udd.cl\/centro-bioetica\/ops-revision-y-supervision-eticas-de-las-investigaciones-relacionadas-con-covid-19\/"]}]},{"@type":"ImageObject","inLanguage":"es","@id":"https:\/\/medicina.udd.cl\/centro-bioetica\/ops-revision-y-supervision-eticas-de-las-investigaciones-relacionadas-con-covid-19\/#primaryimage","url":"https:\/\/medicina.udd.cl\/centro-bioetica\/files\/2020\/04\/logo-OPS.png","contentUrl":"https:\/\/medicina.udd.cl\/centro-bioetica\/files\/2020\/04\/logo-OPS.png","width":832,"height":172},{"@type":"BreadcrumbList","@id":"https:\/\/medicina.udd.cl\/centro-bioetica\/ops-revision-y-supervision-eticas-de-las-investigaciones-relacionadas-con-covid-19\/#breadcrumb","itemListElement":[{"@type":"ListItem","position":1,"name":"Inicio","item":"https:\/\/medicina.udd.cl\/centro-bioetica\/"},{"@type":"ListItem","position":2,"name":"OPS &#8211; revisi\u00f3n y supervisi\u00f3n \u00e9ticas de las investigaciones relacionadas con COVID-19"}]},{"@type":"WebSite","@id":"https:\/\/medicina.udd.cl\/centro-bioetica\/#website","url":"https:\/\/medicina.udd.cl\/centro-bioetica\/","name":"Centro de Bio\u00e9tica","description":"Universidad del Desarrollo","inLanguage":"es"}]}},"_links":{"self":[{"href":"https:\/\/medicina.udd.cl\/centro-bioetica\/wp-json\/wp\/v2\/pages\/4923","targetHints":{"allow":["GET"]}}],"collection":[{"href":"https:\/\/medicina.udd.cl\/centro-bioetica\/wp-json\/wp\/v2\/pages"}],"about":[{"href":"https:\/\/medicina.udd.cl\/centro-bioetica\/wp-json\/wp\/v2\/types\/page"}],"author":[{"embeddable":true,"href":"https:\/\/medicina.udd.cl\/centro-bioetica\/wp-json\/wp\/v2\/users\/9192219"}],"replies":[{"embeddable":true,"href":"https:\/\/medicina.udd.cl\/centro-bioetica\/wp-json\/wp\/v2\/comments?post=4923"}],"version-history":[{"count":1,"href":"https:\/\/medicina.udd.cl\/centro-bioetica\/wp-json\/wp\/v2\/pages\/4923\/revisions"}],"predecessor-version":[{"id":4925,"href":"https:\/\/medicina.udd.cl\/centro-bioetica\/wp-json\/wp\/v2\/pages\/4923\/revisions\/4925"}],"wp:featuredmedia":[{"embeddable":true,"href":"https:\/\/medicina.udd.cl\/centro-bioetica\/wp-json\/wp\/v2\/media\/4924"}],"wp:attachment":[{"href":"https:\/\/medicina.udd.cl\/centro-bioetica\/wp-json\/wp\/v2\/media?parent=4923"}],"curies":[{"name":"wp","href":"https:\/\/api.w.org\/{rel}","templated":true}]}}