{"id":508,"date":"2010-08-30T12:11:54","date_gmt":"2010-08-30T16:11:54","guid":{"rendered":"http:\/\/medicina.udd.cl\/centro-bioetica\/documentos\/casos-para-reflexionar\/"},"modified":"2021-04-21T18:58:54","modified_gmt":"2021-04-21T22:58:54","slug":"casos-para-reflexionar","status":"publish","type":"page","link":"https:\/\/medicina.udd.cl\/centro-bioetica\/documentos\/casos-para-reflexionar\/","title":{"rendered":"Casos para Reflexionar"},"content":{"rendered":"\n<p><a href=\"http:\/\/medicina.udd.cl\/centro-bioetica\/files\/2010\/08\/Necesidad-de-voluntades-anticipadas-txto-bioetica.pdf\">Necesidad de voluntades anticipadas<\/a><\/p>\n\n\n\n<ul class=\"wp-block-list\"><li>Por Mila Razmilic, Juan Pablo Beca, Pamela Ch\u00e1vez<\/li><li><strong>Temas que plantea el caso: <\/strong>Voluntad anticipada, calidad de vida, hogar de ancianos, decisiones y cuidado familiar.<\/li><\/ul>\n\n\n\n<p>Los autores sugieren leer la narraci\u00f3n de caso, hacer una reflexi\u00f3n personal o grupal y despu\u00e9s consultar el an\u00e1lisis bio\u00e9tico presentado.<\/p>\n\n\n\n<p><a href=\"http:\/\/medicina.udd.cl\/centro-bioetica\/files\/2012\/05\/derecho-a-morir-reflexi\u00f3n-2012.pdf\">Derecho&nbsp; a morir<\/a><\/p>\n\n\n\n<ul class=\"wp-block-list\"><li>Por Juan Pablo Beca, Mila Razmilic<\/li><li><strong>Temas que planea el caso:<\/strong> Derecho a rechazar tratamientos, retiro de ventilaci\u00f3n mec\u00e1nica, muerte digna, autonom\u00eda, decisiones compartidas.<\/li><\/ul>\n\n\n\n<p>Los autores sugieren leer la narraci\u00f3n de caso, hacer una reflexi\u00f3n personal o grupal y despu\u00e9s consultar el an\u00e1lisis bio\u00e9tico presentado.<\/p>\n\n\n\n<p><a href=\"http:\/\/medicina.udd.cl\/centro-bioetica\/files\/2010\/08\/Fernanda-y-Rodrigo-el-retrato-de-una-realidad.pdf\">Fernanda y Rodrigo, el retrato de una realidad<\/a><\/p>\n\n\n\n<ul class=\"wp-block-list\"><li>Por Juan Pablo Beca, Mila Razmilic<\/li><li><strong>Temas que plantea el caso:<\/strong> aborto por malformaci\u00f3n fetal, aborto terap\u00e9utico, vida antenatal, duelo perinatal, autonom\u00eda, conflicto de valores.<\/li><\/ul>\n\n\n\n<p>Los autores sugieren leer la narraci\u00f3n de caso, hacer una reflexi\u00f3n personal o grupal y despu\u00e9s consultar el an\u00e1lisis bio\u00e9tico presentado.<\/p>\n\n\n\n<p><a href=\"http:\/\/medicina.udd.cl\/centro-bioetica\/files\/2010\/08\/Historia-de-Daniela.pdf\">Historia de Daniela<\/a><\/p>\n\n\n\n<ul class=\"wp-block-list\"><li>Por Mila Razmilic y Juan Pablo Beca<\/li><li><strong>Temas que plantea el caso:<\/strong> Significado de la vida, calidad de vida, significado de la muerte, desconexi\u00f3n de ventilaci\u00f3n mec\u00e1nica, relaci\u00f3n cl\u00ednica.<\/li><\/ul>\n\n\n\n<p>Los autores sugieres leer la narraci\u00f3n, hacer una reflexi\u00f3n personal o una deliberaci\u00f3n grupal y despu\u00e9s leer el an\u00e1lisis bio\u00e9tico.<\/p>\n\n\n\n<p><a href=\"http:\/\/medicina.udd.cl\/centro-bioetica\/files\/2010\/08\/Barbara-una-posible-donante-de-organos-Rev-Chil-Cirugia.pdf\">B\u00e1rbara, una posible donante de \u00f3rganos<\/a><\/p>\n\n\n\n<ul class=\"wp-block-list\"><li>Por Juan Pablo Beca, Mila Razmilic y Montserrat Ruis<\/li><li><strong>Temas que plantea el caso: <\/strong>Este caso plantea problemas \u00e9ticos relacionados con donaci\u00f3n y asignaci\u00f3n de \u00f3rganos, anonimato de la donaci\u00f3n, muerte encef\u00e1lica y\u00a0sentido del final de la vida.<\/li><\/ul>\n\n\n\n<p>Los autores sugieren leer la narraci\u00f3n de caso, hacer una reflexi\u00f3n personal o grupal y despu\u00e9s consultar el an\u00e1lisis bio\u00e9tico presentado.<\/p>\n\n\n\n<p><a href=\"http:\/\/medicina.udd.cl\/centro-bioetica\/files\/2010\/08\/las-opciones-de-Felipe.pdf\">Las opciones de Felipe<\/a><\/p>\n\n\n\n<ul class=\"wp-block-list\"><li>Por Lorna Luco, Mila Razmilic y Juan Pablo Beca.<\/li><li><strong>Temas que plantea el caso:<\/strong> limitaci\u00f3n del esfuerzo terap\u00e9utico en Pediatr\u00eda, futilidad, uso adecuado de recursos, justicia distributiva, beneficencia, relaci\u00f3n cl\u00ednica y calidad de vida.<\/li><li>Los autores sugieren leer la narraci\u00f3n del caso, hacer una reflexi\u00f3n personal o una deliberaci\u00f3n grupal, y despu\u00e9s leer el an\u00e1lisis bio\u00e9tico.<\/li><\/ul>\n\n\n\n<p><a href=\"http:\/\/medicina.udd.cl\/centro-bioetica\/files\/2010\/08\/JANO-La-decision-de-mi-madre-dic-2010.pdf\">La decisi\u00f3n de mi madre<\/a><\/p>\n\n\n\n<ul class=\"wp-block-list\"><li>Por Juan Pablo Beca, Mila Razmilic y Lorna Luco.<\/li><li><strong>Temas que plantea el caso:<\/strong> Decisiones subrogadas, rechazo de tratamiento, limitaci\u00f3n de tratamientos, muerte digna.<\/li><\/ul>\n\n\n\n<p>Los autores sugieren leer la narraci\u00f3n del caso, hacer una reflexi\u00f3n personal o grupal y despu\u00e9s leer el an\u00e1lisis bio\u00e9tico.<\/p>\n","protected":false},"excerpt":{"rendered":"<p>Revisa casos cl\u00ednicos reales que han presentado complejos problemas \u00e9ticos. <\/p>\n","protected":false},"author":1,"featured_media":0,"parent":47,"menu_order":1,"comment_status":"open","ping_status":"open","template":"","meta":{"footnotes":""},"class_list":["post-508","page","type-page","status-publish","hentry"],"yoast_head":"<!-- This site is optimized with the Yoast SEO plugin v26.9 - https:\/\/yoast.com\/product\/yoast-seo-wordpress\/ -->\n<title>Casos para Reflexionar - Centro de Bio\u00e9tica<\/title>\n<meta name=\"robots\" content=\"index, follow, max-snippet:-1, max-image-preview:large, max-video-preview:-1\" \/>\n<link rel=\"canonical\" href=\"https:\/\/medicina.udd.cl\/centro-bioetica\/documentos\/casos-para-reflexionar\/\" \/>\n<meta property=\"og:locale\" content=\"es_ES\" \/>\n<meta property=\"og:type\" content=\"article\" \/>\n<meta property=\"og:title\" content=\"Casos para Reflexionar - Centro de Bio\u00e9tica\" \/>\n<meta property=\"og:description\" content=\"Revisa casos cl\u00ednicos reales que han presentado complejos problemas \u00e9ticos.\" \/>\n<meta property=\"og:url\" content=\"https:\/\/medicina.udd.cl\/centro-bioetica\/documentos\/casos-para-reflexionar\/\" \/>\n<meta property=\"og:site_name\" content=\"Centro de Bio\u00e9tica\" \/>\n<meta property=\"article:modified_time\" content=\"2021-04-21T22:58:54+00:00\" \/>\n<meta name=\"twitter:label1\" content=\"Tiempo de lectura\" \/>\n\t<meta name=\"twitter:data1\" content=\"2 minutos\" \/>\n<script type=\"application\/ld+json\" class=\"yoast-schema-graph\">{\"@context\":\"https:\/\/schema.org\",\"@graph\":[{\"@type\":\"WebPage\",\"@id\":\"https:\/\/medicina.udd.cl\/centro-bioetica\/documentos\/casos-para-reflexionar\/\",\"url\":\"https:\/\/medicina.udd.cl\/centro-bioetica\/documentos\/casos-para-reflexionar\/\",\"name\":\"Casos para Reflexionar - Centro de Bio\u00e9tica\",\"isPartOf\":{\"@id\":\"https:\/\/medicina.udd.cl\/centro-bioetica\/#website\"},\"datePublished\":\"2010-08-30T16:11:54+00:00\",\"dateModified\":\"2021-04-21T22:58:54+00:00\",\"breadcrumb\":{\"@id\":\"https:\/\/medicina.udd.cl\/centro-bioetica\/documentos\/casos-para-reflexionar\/#breadcrumb\"},\"inLanguage\":\"es\",\"potentialAction\":[{\"@type\":\"ReadAction\",\"target\":[\"https:\/\/medicina.udd.cl\/centro-bioetica\/documentos\/casos-para-reflexionar\/\"]}]},{\"@type\":\"BreadcrumbList\",\"@id\":\"https:\/\/medicina.udd.cl\/centro-bioetica\/documentos\/casos-para-reflexionar\/#breadcrumb\",\"itemListElement\":[{\"@type\":\"ListItem\",\"position\":1,\"name\":\"Inicio\",\"item\":\"https:\/\/medicina.udd.cl\/centro-bioetica\/\"},{\"@type\":\"ListItem\",\"position\":2,\"name\":\"Documentos\",\"item\":\"https:\/\/medicina.udd.cl\/centro-bioetica\/documentos\/\"},{\"@type\":\"ListItem\",\"position\":3,\"name\":\"Casos para Reflexionar\"}]},{\"@type\":\"WebSite\",\"@id\":\"https:\/\/medicina.udd.cl\/centro-bioetica\/#website\",\"url\":\"https:\/\/medicina.udd.cl\/centro-bioetica\/\",\"name\":\"Centro de Bio\u00e9tica\",\"description\":\"Universidad del Desarrollo\",\"inLanguage\":\"es\"}]}<\/script>\n<!-- \/ Yoast SEO plugin. -->","yoast_head_json":{"title":"Casos para Reflexionar - Centro de Bio\u00e9tica","robots":{"index":"index","follow":"follow","max-snippet":"max-snippet:-1","max-image-preview":"max-image-preview:large","max-video-preview":"max-video-preview:-1"},"canonical":"https:\/\/medicina.udd.cl\/centro-bioetica\/documentos\/casos-para-reflexionar\/","og_locale":"es_ES","og_type":"article","og_title":"Casos para Reflexionar - Centro de Bio\u00e9tica","og_description":"Revisa casos cl\u00ednicos reales que han presentado complejos problemas \u00e9ticos.","og_url":"https:\/\/medicina.udd.cl\/centro-bioetica\/documentos\/casos-para-reflexionar\/","og_site_name":"Centro de Bio\u00e9tica","article_modified_time":"2021-04-21T22:58:54+00:00","twitter_misc":{"Tiempo de lectura":"2 minutos"},"schema":{"@context":"https:\/\/schema.org","@graph":[{"@type":"WebPage","@id":"https:\/\/medicina.udd.cl\/centro-bioetica\/documentos\/casos-para-reflexionar\/","url":"https:\/\/medicina.udd.cl\/centro-bioetica\/documentos\/casos-para-reflexionar\/","name":"Casos para Reflexionar - Centro de Bio\u00e9tica","isPartOf":{"@id":"https:\/\/medicina.udd.cl\/centro-bioetica\/#website"},"datePublished":"2010-08-30T16:11:54+00:00","dateModified":"2021-04-21T22:58:54+00:00","breadcrumb":{"@id":"https:\/\/medicina.udd.cl\/centro-bioetica\/documentos\/casos-para-reflexionar\/#breadcrumb"},"inLanguage":"es","potentialAction":[{"@type":"ReadAction","target":["https:\/\/medicina.udd.cl\/centro-bioetica\/documentos\/casos-para-reflexionar\/"]}]},{"@type":"BreadcrumbList","@id":"https:\/\/medicina.udd.cl\/centro-bioetica\/documentos\/casos-para-reflexionar\/#breadcrumb","itemListElement":[{"@type":"ListItem","position":1,"name":"Inicio","item":"https:\/\/medicina.udd.cl\/centro-bioetica\/"},{"@type":"ListItem","position":2,"name":"Documentos","item":"https:\/\/medicina.udd.cl\/centro-bioetica\/documentos\/"},{"@type":"ListItem","position":3,"name":"Casos para Reflexionar"}]},{"@type":"WebSite","@id":"https:\/\/medicina.udd.cl\/centro-bioetica\/#website","url":"https:\/\/medicina.udd.cl\/centro-bioetica\/","name":"Centro de Bio\u00e9tica","description":"Universidad del Desarrollo","inLanguage":"es"}]}},"_links":{"self":[{"href":"https:\/\/medicina.udd.cl\/centro-bioetica\/wp-json\/wp\/v2\/pages\/508","targetHints":{"allow":["GET"]}}],"collection":[{"href":"https:\/\/medicina.udd.cl\/centro-bioetica\/wp-json\/wp\/v2\/pages"}],"about":[{"href":"https:\/\/medicina.udd.cl\/centro-bioetica\/wp-json\/wp\/v2\/types\/page"}],"author":[{"embeddable":true,"href":"https:\/\/medicina.udd.cl\/centro-bioetica\/wp-json\/wp\/v2\/users\/1"}],"replies":[{"embeddable":true,"href":"https:\/\/medicina.udd.cl\/centro-bioetica\/wp-json\/wp\/v2\/comments?post=508"}],"version-history":[{"count":25,"href":"https:\/\/medicina.udd.cl\/centro-bioetica\/wp-json\/wp\/v2\/pages\/508\/revisions"}],"predecessor-version":[{"id":5353,"href":"https:\/\/medicina.udd.cl\/centro-bioetica\/wp-json\/wp\/v2\/pages\/508\/revisions\/5353"}],"up":[{"embeddable":true,"href":"https:\/\/medicina.udd.cl\/centro-bioetica\/wp-json\/wp\/v2\/pages\/47"}],"wp:attachment":[{"href":"https:\/\/medicina.udd.cl\/centro-bioetica\/wp-json\/wp\/v2\/media?parent=508"}],"curies":[{"name":"wp","href":"https:\/\/api.w.org\/{rel}","templated":true}]}}