{"id":5222,"date":"2021-03-15T18:11:51","date_gmt":"2021-03-15T21:11:51","guid":{"rendered":"http:\/\/medicina.udd.cl\/centro-bioetica\/?page_id=5222"},"modified":"2021-03-16T10:13:43","modified_gmt":"2021-03-16T13:13:43","slug":"memoria-anual-2020-comite-etico-cientifico","status":"publish","type":"page","link":"https:\/\/medicina.udd.cl\/centro-bioetica\/memoria-anual-2020-comite-etico-cientifico\/","title":{"rendered":"Memoria anual 2020 Comit\u00e9 \u00c9tico Cient\u00edfico"},"content":{"rendered":"\n<ul class=\"wp-block-list\"><li><strong><a href=\"https:\/\/medicina.udd.cl\/centro-bioetica\/files\/2021\/03\/Memoria-Anual-2020.pdf\">Memoria Anual 2020 <\/a><\/strong><\/li><li><strong><a href=\"https:\/\/medicina.udd.cl\/centro-bioetica\/files\/2021\/03\/Proyectos-2020_CAS.pdf\">Proyectos 2020 &#8211; Cl\u00ednica Alemana Universidad del Desarrollo<\/a><\/strong><\/li><li><strong><a href=\"https:\/\/medicina.udd.cl\/centro-bioetica\/files\/2021\/03\/Resumen_2020_PG.pdf\">Proyectos 2020 &#8211; Pregrado<\/a><\/strong><\/li><\/ul>\n","protected":false},"excerpt":{"rendered":"<p>Memoria Anual 2020 Proyectos 2020 &#8211; Cl\u00ednica Alemana Universidad del Desarrollo Proyectos 2020 &#8211; Pregrado<\/p>\n","protected":false},"author":9192219,"featured_media":0,"parent":0,"menu_order":0,"comment_status":"closed","ping_status":"closed","template":"","meta":{"footnotes":""},"class_list":["post-5222","page","type-page","status-publish","hentry"],"yoast_head":"<!-- This site is optimized with the Yoast SEO plugin v26.9 - https:\/\/yoast.com\/product\/yoast-seo-wordpress\/ -->\n<title>Memoria anual 2020 Comit\u00e9 \u00c9tico Cient\u00edfico - Centro de Bio\u00e9tica<\/title>\n<meta name=\"robots\" content=\"index, follow, max-snippet:-1, max-image-preview:large, max-video-preview:-1\" \/>\n<link rel=\"canonical\" href=\"https:\/\/medicina.udd.cl\/centro-bioetica\/memoria-anual-2020-comite-etico-cientifico\/\" \/>\n<meta property=\"og:locale\" content=\"es_ES\" \/>\n<meta property=\"og:type\" content=\"article\" \/>\n<meta property=\"og:title\" content=\"Memoria anual 2020 Comit\u00e9 \u00c9tico Cient\u00edfico - Centro de Bio\u00e9tica\" \/>\n<meta property=\"og:description\" content=\"Memoria Anual 2020 Proyectos 2020 &#8211; Cl\u00ednica Alemana Universidad del Desarrollo Proyectos 2020 &#8211; Pregrado\" \/>\n<meta property=\"og:url\" content=\"https:\/\/medicina.udd.cl\/centro-bioetica\/memoria-anual-2020-comite-etico-cientifico\/\" \/>\n<meta property=\"og:site_name\" content=\"Centro de Bio\u00e9tica\" \/>\n<meta property=\"article:modified_time\" content=\"2021-03-16T13:13:43+00:00\" \/>\n<script type=\"application\/ld+json\" class=\"yoast-schema-graph\">{\"@context\":\"https:\/\/schema.org\",\"@graph\":[{\"@type\":\"WebPage\",\"@id\":\"https:\/\/medicina.udd.cl\/centro-bioetica\/memoria-anual-2020-comite-etico-cientifico\/\",\"url\":\"https:\/\/medicina.udd.cl\/centro-bioetica\/memoria-anual-2020-comite-etico-cientifico\/\",\"name\":\"Memoria anual 2020 Comit\u00e9 \u00c9tico Cient\u00edfico - Centro de Bio\u00e9tica\",\"isPartOf\":{\"@id\":\"https:\/\/medicina.udd.cl\/centro-bioetica\/#website\"},\"datePublished\":\"2021-03-15T21:11:51+00:00\",\"dateModified\":\"2021-03-16T13:13:43+00:00\",\"breadcrumb\":{\"@id\":\"https:\/\/medicina.udd.cl\/centro-bioetica\/memoria-anual-2020-comite-etico-cientifico\/#breadcrumb\"},\"inLanguage\":\"es\",\"potentialAction\":[{\"@type\":\"ReadAction\",\"target\":[\"https:\/\/medicina.udd.cl\/centro-bioetica\/memoria-anual-2020-comite-etico-cientifico\/\"]}]},{\"@type\":\"BreadcrumbList\",\"@id\":\"https:\/\/medicina.udd.cl\/centro-bioetica\/memoria-anual-2020-comite-etico-cientifico\/#breadcrumb\",\"itemListElement\":[{\"@type\":\"ListItem\",\"position\":1,\"name\":\"Inicio\",\"item\":\"https:\/\/medicina.udd.cl\/centro-bioetica\/\"},{\"@type\":\"ListItem\",\"position\":2,\"name\":\"Memoria anual 2020 Comit\u00e9 \u00c9tico Cient\u00edfico\"}]},{\"@type\":\"WebSite\",\"@id\":\"https:\/\/medicina.udd.cl\/centro-bioetica\/#website\",\"url\":\"https:\/\/medicina.udd.cl\/centro-bioetica\/\",\"name\":\"Centro de Bio\u00e9tica\",\"description\":\"Universidad del Desarrollo\",\"inLanguage\":\"es\"}]}<\/script>\n<!-- \/ Yoast SEO plugin. -->","yoast_head_json":{"title":"Memoria anual 2020 Comit\u00e9 \u00c9tico Cient\u00edfico - Centro de Bio\u00e9tica","robots":{"index":"index","follow":"follow","max-snippet":"max-snippet:-1","max-image-preview":"max-image-preview:large","max-video-preview":"max-video-preview:-1"},"canonical":"https:\/\/medicina.udd.cl\/centro-bioetica\/memoria-anual-2020-comite-etico-cientifico\/","og_locale":"es_ES","og_type":"article","og_title":"Memoria anual 2020 Comit\u00e9 \u00c9tico Cient\u00edfico - Centro de Bio\u00e9tica","og_description":"Memoria Anual 2020 Proyectos 2020 &#8211; Cl\u00ednica Alemana Universidad del Desarrollo Proyectos 2020 &#8211; Pregrado","og_url":"https:\/\/medicina.udd.cl\/centro-bioetica\/memoria-anual-2020-comite-etico-cientifico\/","og_site_name":"Centro de Bio\u00e9tica","article_modified_time":"2021-03-16T13:13:43+00:00","schema":{"@context":"https:\/\/schema.org","@graph":[{"@type":"WebPage","@id":"https:\/\/medicina.udd.cl\/centro-bioetica\/memoria-anual-2020-comite-etico-cientifico\/","url":"https:\/\/medicina.udd.cl\/centro-bioetica\/memoria-anual-2020-comite-etico-cientifico\/","name":"Memoria anual 2020 Comit\u00e9 \u00c9tico Cient\u00edfico - Centro de Bio\u00e9tica","isPartOf":{"@id":"https:\/\/medicina.udd.cl\/centro-bioetica\/#website"},"datePublished":"2021-03-15T21:11:51+00:00","dateModified":"2021-03-16T13:13:43+00:00","breadcrumb":{"@id":"https:\/\/medicina.udd.cl\/centro-bioetica\/memoria-anual-2020-comite-etico-cientifico\/#breadcrumb"},"inLanguage":"es","potentialAction":[{"@type":"ReadAction","target":["https:\/\/medicina.udd.cl\/centro-bioetica\/memoria-anual-2020-comite-etico-cientifico\/"]}]},{"@type":"BreadcrumbList","@id":"https:\/\/medicina.udd.cl\/centro-bioetica\/memoria-anual-2020-comite-etico-cientifico\/#breadcrumb","itemListElement":[{"@type":"ListItem","position":1,"name":"Inicio","item":"https:\/\/medicina.udd.cl\/centro-bioetica\/"},{"@type":"ListItem","position":2,"name":"Memoria anual 2020 Comit\u00e9 \u00c9tico Cient\u00edfico"}]},{"@type":"WebSite","@id":"https:\/\/medicina.udd.cl\/centro-bioetica\/#website","url":"https:\/\/medicina.udd.cl\/centro-bioetica\/","name":"Centro de Bio\u00e9tica","description":"Universidad del Desarrollo","inLanguage":"es"}]}},"_links":{"self":[{"href":"https:\/\/medicina.udd.cl\/centro-bioetica\/wp-json\/wp\/v2\/pages\/5222","targetHints":{"allow":["GET"]}}],"collection":[{"href":"https:\/\/medicina.udd.cl\/centro-bioetica\/wp-json\/wp\/v2\/pages"}],"about":[{"href":"https:\/\/medicina.udd.cl\/centro-bioetica\/wp-json\/wp\/v2\/types\/page"}],"author":[{"embeddable":true,"href":"https:\/\/medicina.udd.cl\/centro-bioetica\/wp-json\/wp\/v2\/users\/9192219"}],"replies":[{"embeddable":true,"href":"https:\/\/medicina.udd.cl\/centro-bioetica\/wp-json\/wp\/v2\/comments?post=5222"}],"version-history":[{"count":2,"href":"https:\/\/medicina.udd.cl\/centro-bioetica\/wp-json\/wp\/v2\/pages\/5222\/revisions"}],"predecessor-version":[{"id":5230,"href":"https:\/\/medicina.udd.cl\/centro-bioetica\/wp-json\/wp\/v2\/pages\/5222\/revisions\/5230"}],"wp:attachment":[{"href":"https:\/\/medicina.udd.cl\/centro-bioetica\/wp-json\/wp\/v2\/media?parent=5222"}],"curies":[{"name":"wp","href":"https:\/\/api.w.org\/{rel}","templated":true}]}}