{"id":5256,"date":"2021-04-21T11:05:34","date_gmt":"2021-04-21T15:05:34","guid":{"rendered":"http:\/\/medicina.udd.cl\/centro-bioetica\/?page_id=5256"},"modified":"2023-06-07T10:32:58","modified_gmt":"2023-06-07T14:32:58","slug":"inicio","status":"publish","type":"page","link":"https:\/\/medicina.udd.cl\/centro-bioetica\/","title":{"rendered":"Inicio"},"content":{"rendered":"<!-- WP Block: UDD - Access Cards -->\n<section\n\tid=\"udd-access-cards--1\"\n\tclass=\"wp-block-udd-access-cards\n\t\tis-style-default\"\n\t\tstyle=\"\n\t\t--udd-blocks-has-columns-number: 2\t\t\"\n\t>\n\t<div class=\"container\">\n\t\t\t\t<div class=\"block__content\">\n\t\t\t<div\n\t\t\t\tclass=\"udd-access-cards\"\n\t\t\t\t\t\t\t>\n\t\t\t<div\n\tdata-index=\"1\"\n\tclass=\"udd-access-card-wrapper udd-access-card-wrapper--has-description\"\n\t>\n\t<a href=\"https:\/\/medicina.udd.cl\/postgrado\/magister-interuniversitario-en-bioetica\/\" class=\"access-card access-card--profile\" data-url=\"https:\/\/medicina.udd.cl\/postgrado\/magister-interuniversitario-en-bioetica\/\">\n\t\t\t\t\t\t<h3\n\t\t\tdata-index=\"1\"\n\t\t\tclass=\"access-card__title\"\n\t\t>\n\t\t\tMag\u00edster Interuniversitario de Bio\u00e9tica\t\t<\/h3>\n\t\t\t\t<p class=\"access-card__description\">\n\t\t\tPrograma de postgrado dirigido a m\u00e9dicos, profesionales de la salud, abogados, fil\u00f3sofos, profesores, investigadores y otros profesionales interesados en bio\u00e9tica.\t\t<\/p>\n\t\t\t\t<div class=\"access-card__link\">\n\t\t\t<span class=\"access-card__link-text\">Conocer m\u00e1s<\/span>\n\t\t<\/div>\n\t<\/a>\n<\/div>\n<div\n\tdata-index=\"2\"\n\tclass=\"udd-access-card-wrapper udd-access-card-wrapper--has-description\"\n\t>\n\t<a href=\"https:\/\/medicina.udd.cl\/centro-bioetica\/dialogos-bioeticos\/\" class=\"access-card access-card--profile\" data-url=\"https:\/\/medicina.udd.cl\/centro-bioetica\/dialogos-bioeticos\/\">\n\t\t\t\t\t\t<h3\n\t\t\tdata-index=\"2\"\n\t\t\tclass=\"access-card__title\"\n\t\t>\n\t\t\tDi\u00e1logos Bio\u00e9ticos\t\t<\/h3>\n\t\t\t\t<p class=\"access-card__description\">\n\t\t\tRevisa las presentaciones realizadas durante los \u00faltimos a\u00f1os\t\t<\/p>\n\t\t\t\t<div class=\"access-card__link\">\n\t\t\t<span class=\"access-card__link-text\">Ver m\u00e1s<\/span>\n\t\t<\/div>\n\t<\/a>\n<\/div>\n\t\t\t<\/div>\n\t\t<\/div>\n\t<\/div>\n<\/section>\n\n\n<!-- WP Block: UDD - Fullwidth Cards -->\n<section class=\"wp-block-udd-fullwidth-cards is-style-default\">\n\t<div class=\"container\">\n\t\t<header class=\"block__header\">\n\t\t\t<h2 class=\"block__title\">Noticias<\/h2>\n\t\t\t\t\t\t<a href=\"https:\/\/medicina.udd.cl\/centro-bioetica\/noticias\/category\/noticias\/\" class=\"block__view-more\">\n\t\t\t\tVer m\u00e1s noticias\t\t\t<\/a>\n\t\t\t\t\t<\/header>\n\t\t<div class=\"block__content\">\n\t\t\t<div class=\"fullwidth-cards\">\n\t\t\t<div class=\"fullwidth-card-wrapper is-style-default\">\n\t<a href=\"https:\/\/medicina.udd.cl\/centro-bioetica\/noticias\/2025\/11\/03\/dra-sofia-salas-representa-al-centro-de-bioetica-udd-en-simposio-sobre-ia-y-practica-clinica\/\" class=\"fullwidth-card fullwidth-card--linkable\">\n\t\t\t\t<img loading=\"lazy\" decoding=\"async\" width=\"500\" height=\"500\" src=\"https:\/\/medicina.udd.cl\/centro-bioetica\/files\/2025\/11\/ceps_bioetica_congreso-62x62.jpg\" class=\"fullwidth-card__image wp-post-image lazyload\" alt=\"\" sizes=\"auto, (max-width: 500px) 100vw, 500px\" data-src=\"https:\/\/medicina.udd.cl\/centro-bioetica\/files\/2025\/11\/ceps_bioetica_congreso-500x500.jpg\" data-srcset=\"https:\/\/medicina.udd.cl\/centro-bioetica\/files\/2025\/11\/ceps_bioetica_congreso-500x500.jpg 500w, https:\/\/medicina.udd.cl\/centro-bioetica\/files\/2025\/11\/ceps_bioetica_congreso-150x150.jpg 150w, https:\/\/medicina.udd.cl\/centro-bioetica\/files\/2025\/11\/ceps_bioetica_congreso-62x62.jpg 62w, https:\/\/medicina.udd.cl\/centro-bioetica\/files\/2025\/11\/ceps_bioetica_congreso-750x750.jpg 750w, https:\/\/medicina.udd.cl\/centro-bioetica\/files\/2025\/11\/ceps_bioetica_congreso-250x250.jpg 250w, https:\/\/medicina.udd.cl\/centro-bioetica\/files\/2025\/11\/ceps_bioetica_congreso-126x126.jpg 126w\" \/>\t\t\t\t<div class=\"fullwidth-card__content\">\n\t\t\t<span class=\"fullwidth-card__date\">\n\t\t\t\t3 de noviembre 2025\t\t\t<\/span>\n\t\t\t<h3 class=\"fullwidth-card__title\">Dra. Sof\u00eda Salas representa al Centro de Bio\u00e9tica UDD en simposio sobre IA y pr\u00e1ctica cl\u00ednica<\/h3>\n\t\t\t<span class=\"fullwidth-card__link\">\n\t\t\t\tConocer m\u00e1s\t\t\t<\/span>\n\t\t<\/div>\n\t<\/a>\n<\/div>\n<div class=\"fullwidth-card-wrapper is-style-default\">\n\t<a href=\"https:\/\/medicina.udd.cl\/centro-bioetica\/noticias\/2025\/08\/05\/el-libero-columna-de-sofia-salas-la-etica-de-mantener-en-la-carcel-a-enfermos-terminales-o-con-demencia\/\" class=\"fullwidth-card fullwidth-card--linkable\">\n\t\t\t\t<img loading=\"lazy\" decoding=\"async\" width=\"350\" height=\"350\" src=\"https:\/\/medicina.udd.cl\/centro-bioetica\/files\/2025\/08\/sofia-salas-centro-de-bioetica-byn_-62x62.jpg\" class=\"fullwidth-card__image wp-post-image lazyload\" alt=\"\" sizes=\"auto, (max-width: 350px) 100vw, 350px\" data-src=\"https:\/\/medicina.udd.cl\/centro-bioetica\/files\/2025\/08\/sofia-salas-centro-de-bioetica-byn_.jpg\" data-srcset=\"https:\/\/medicina.udd.cl\/centro-bioetica\/files\/2025\/08\/sofia-salas-centro-de-bioetica-byn_.jpg 350w, https:\/\/medicina.udd.cl\/centro-bioetica\/files\/2025\/08\/sofia-salas-centro-de-bioetica-byn_-300x300.jpg 300w, https:\/\/medicina.udd.cl\/centro-bioetica\/files\/2025\/08\/sofia-salas-centro-de-bioetica-byn_-150x150.jpg 150w, https:\/\/medicina.udd.cl\/centro-bioetica\/files\/2025\/08\/sofia-salas-centro-de-bioetica-byn_-62x62.jpg 62w, https:\/\/medicina.udd.cl\/centro-bioetica\/files\/2025\/08\/sofia-salas-centro-de-bioetica-byn_-250x250.jpg 250w, https:\/\/medicina.udd.cl\/centro-bioetica\/files\/2025\/08\/sofia-salas-centro-de-bioetica-byn_-126x126.jpg 126w\" \/>\t\t\t\t<div class=\"fullwidth-card__content\">\n\t\t\t<span class=\"fullwidth-card__date\">\n\t\t\t\t5 de agosto 2025\t\t\t<\/span>\n\t\t\t<h3 class=\"fullwidth-card__title\">El Libero | Columna de Sof\u00eda Salas: La \u00e9tica de mantener en la c\u00e1rcel a enfermos terminales o con demencia<\/h3>\n\t\t\t<span class=\"fullwidth-card__link\">\n\t\t\t\tConocer m\u00e1s\t\t\t<\/span>\n\t\t<\/div>\n\t<\/a>\n<\/div>\n<div class=\"fullwidth-card-wrapper is-style-default\">\n\t<a href=\"https:\/\/medicina.udd.cl\/centro-bioetica\/noticias\/2025\/07\/29\/dra-sofia-salas-expuso-sobre-maternidad-subrogada-en-la-comision-de-familia-de-la-camara-de-diputados\/\" class=\"fullwidth-card fullwidth-card--linkable\">\n\t\t\t\t<img loading=\"lazy\" decoding=\"async\" width=\"500\" height=\"500\" src=\"https:\/\/medicina.udd.cl\/centro-bioetica\/files\/2025\/07\/sofia-salas-2-62x62.jpg\" class=\"fullwidth-card__image wp-post-image lazyload\" alt=\"\" sizes=\"auto, (max-width: 500px) 100vw, 500px\" data-src=\"https:\/\/medicina.udd.cl\/centro-bioetica\/files\/2025\/07\/sofia-salas-2-500x500.jpg\" data-srcset=\"https:\/\/medicina.udd.cl\/centro-bioetica\/files\/2025\/07\/sofia-salas-2-500x500.jpg 500w, https:\/\/medicina.udd.cl\/centro-bioetica\/files\/2025\/07\/sofia-salas-2-150x150.jpg 150w, https:\/\/medicina.udd.cl\/centro-bioetica\/files\/2025\/07\/sofia-salas-2-62x62.jpg 62w, https:\/\/medicina.udd.cl\/centro-bioetica\/files\/2025\/07\/sofia-salas-2-750x750.jpg 750w, https:\/\/medicina.udd.cl\/centro-bioetica\/files\/2025\/07\/sofia-salas-2-250x250.jpg 250w, https:\/\/medicina.udd.cl\/centro-bioetica\/files\/2025\/07\/sofia-salas-2-126x126.jpg 126w\" \/>\t\t\t\t<div class=\"fullwidth-card__content\">\n\t\t\t<span class=\"fullwidth-card__date\">\n\t\t\t\t29 de julio 2025\t\t\t<\/span>\n\t\t\t<h3 class=\"fullwidth-card__title\">Dra. Sof\u00eda Salas expuso sobre maternidad subrogada en la Comisi\u00f3n de Familia de la C\u00e1mara de Diputados\u00a0<\/h3>\n\t\t\t<span class=\"fullwidth-card__link\">\n\t\t\t\tConocer m\u00e1s\t\t\t<\/span>\n\t\t<\/div>\n\t<\/a>\n<\/div>\n<div class=\"fullwidth-card-wrapper is-style-default\">\n\t<a href=\"https:\/\/medicina.udd.cl\/centro-bioetica\/noticias\/2025\/03\/17\/docentes-y-alumna-udd-participan-en-el-iii-congreso-internacional-de-bioetica-en-barcelona\/\" class=\"fullwidth-card fullwidth-card--linkable\">\n\t\t\t\t<img loading=\"lazy\" decoding=\"async\" width=\"500\" height=\"500\" src=\"https:\/\/medicina.udd.cl\/centro-bioetica\/files\/2025\/03\/bioetica-congreso-internacional-en-barcelona-3-62x62.jpg\" class=\"fullwidth-card__image wp-post-image lazyload\" alt=\"\" sizes=\"auto, (max-width: 500px) 100vw, 500px\" data-src=\"https:\/\/medicina.udd.cl\/centro-bioetica\/files\/2025\/03\/bioetica-congreso-internacional-en-barcelona-3-500x500.jpg\" data-srcset=\"https:\/\/medicina.udd.cl\/centro-bioetica\/files\/2025\/03\/bioetica-congreso-internacional-en-barcelona-3-500x500.jpg 500w, https:\/\/medicina.udd.cl\/centro-bioetica\/files\/2025\/03\/bioetica-congreso-internacional-en-barcelona-3-150x150.jpg 150w, https:\/\/medicina.udd.cl\/centro-bioetica\/files\/2025\/03\/bioetica-congreso-internacional-en-barcelona-3-62x62.jpg 62w, https:\/\/medicina.udd.cl\/centro-bioetica\/files\/2025\/03\/bioetica-congreso-internacional-en-barcelona-3-750x750.jpg 750w, https:\/\/medicina.udd.cl\/centro-bioetica\/files\/2025\/03\/bioetica-congreso-internacional-en-barcelona-3-250x250.jpg 250w, https:\/\/medicina.udd.cl\/centro-bioetica\/files\/2025\/03\/bioetica-congreso-internacional-en-barcelona-3-126x126.jpg 126w\" \/>\t\t\t\t<div class=\"fullwidth-card__content\">\n\t\t\t<span class=\"fullwidth-card__date\">\n\t\t\t\t17 de marzo 2025\t\t\t<\/span>\n\t\t\t<h3 class=\"fullwidth-card__title\">Docentes y alumna UDD participan en el III Congreso Internacional de Bio\u00e9tica en Barcelona<\/h3>\n\t\t\t<span class=\"fullwidth-card__link\">\n\t\t\t\tConocer m\u00e1s\t\t\t<\/span>\n\t\t<\/div>\n\t<\/a>\n<\/div>\n<div class=\"fullwidth-card-wrapper is-style-default\">\n\t<a href=\"https:\/\/medicina.udd.cl\/centro-bioetica\/noticias\/2025\/01\/13\/tercer-encuentro-de-egresados-del-magister-en-bioetica-un-espacio-de-reflexion-y-conexion\/\" class=\"fullwidth-card fullwidth-card--linkable\">\n\t\t\t\t<img loading=\"lazy\" decoding=\"async\" width=\"500\" height=\"500\" src=\"https:\/\/medicina.udd.cl\/centro-bioetica\/files\/2025\/01\/bioetica-iii-encuentro-egresados-magister-bioetica-1-62x62.jpg\" class=\"fullwidth-card__image wp-post-image lazyload\" alt=\"\" sizes=\"auto, (max-width: 500px) 100vw, 500px\" data-src=\"https:\/\/medicina.udd.cl\/centro-bioetica\/files\/2025\/01\/bioetica-iii-encuentro-egresados-magister-bioetica-1-500x500.jpg\" data-srcset=\"https:\/\/medicina.udd.cl\/centro-bioetica\/files\/2025\/01\/bioetica-iii-encuentro-egresados-magister-bioetica-1-500x500.jpg 500w, https:\/\/medicina.udd.cl\/centro-bioetica\/files\/2025\/01\/bioetica-iii-encuentro-egresados-magister-bioetica-1-150x150.jpg 150w, https:\/\/medicina.udd.cl\/centro-bioetica\/files\/2025\/01\/bioetica-iii-encuentro-egresados-magister-bioetica-1-62x62.jpg 62w, https:\/\/medicina.udd.cl\/centro-bioetica\/files\/2025\/01\/bioetica-iii-encuentro-egresados-magister-bioetica-1-750x750.jpg 750w, https:\/\/medicina.udd.cl\/centro-bioetica\/files\/2025\/01\/bioetica-iii-encuentro-egresados-magister-bioetica-1-250x250.jpg 250w, https:\/\/medicina.udd.cl\/centro-bioetica\/files\/2025\/01\/bioetica-iii-encuentro-egresados-magister-bioetica-1-126x126.jpg 126w\" \/>\t\t\t\t<div class=\"fullwidth-card__content\">\n\t\t\t<span class=\"fullwidth-card__date\">\n\t\t\t\t13 de enero 2025\t\t\t<\/span>\n\t\t\t<h3 class=\"fullwidth-card__title\">Tercer Encuentro de Egresados del Mag\u00edster en Bio\u00e9tica: Un Espacio de Reflexi\u00f3n y Conexi\u00f3n<\/h3>\n\t\t\t<span class=\"fullwidth-card__link\">\n\t\t\t\tConocer m\u00e1s\t\t\t<\/span>\n\t\t<\/div>\n\t<\/a>\n<\/div>\n\t\t\t<\/div>\n\t\t<\/div>\n\t<\/div>\n<\/section>\n\n\n<section class=\"wp-block-udd-text-row block--bg-gray\">\n\t<div class=\"text-row\">\n\t\t<div class=\"text-row__content\">\n\t\t\t<div class=\"text-row__content-inner text\">\n\t\t\t\t\t\t\t\t<h2>OPS &#8211; \u00e9ticas de investigaciones relacionadas con COVID-19<\/h2>\n\t\t\t\t\t\t\t\t\n<ul class=\"wp-block-list\"><li><strong><a href=\"https:\/\/www.paho.org\/es\/documentos\/modelo-pautas-operativas-para-revision-supervision-eticas-investigaciones-relacionadas\">Modelo y pautas operativas para la revisi\u00f3n y supervisi\u00f3n \u00e9ticas de las investigaciones relacionadas con COVID-19<\/a><\/strong><\/li><li><strong><a href=\"https:\/\/www.paho.org\/es\/documentos\/orientacion-estrategias-para-agilizar-revision-supervision-eticas-investigaciones\">Orientaci\u00f3n y estrategias para agilizar la revisi\u00f3n y supervisi\u00f3n \u00e9ticas de investigaciones relacionadas con COVID-19<\/a><\/strong><\/li><\/ul>\n\t\t\t<\/div>\n\t\t<\/div>\n\t\t<div class=\"text-row__media\">\n\t\t\t<img loading=\"lazy\" decoding=\"async\" width=\"801\" height=\"534\" src=\"https:\/\/medicina.udd.cl\/centro-bioetica\/files\/2014\/04\/IMG_4357-800x450.jpg\" class=\"text-row__media-image lazyload\" alt=\"\" sizes=\"auto, (max-width: 801px) 100vw, 801px\" data-src=\"https:\/\/medicina.udd.cl\/centro-bioetica\/files\/2014\/04\/IMG_4357.jpg\" data-srcset=\"https:\/\/medicina.udd.cl\/centro-bioetica\/files\/2014\/04\/IMG_4357.jpg 3456w, https:\/\/medicina.udd.cl\/centro-bioetica\/files\/2014\/04\/IMG_4357-300x200.jpg 300w, https:\/\/medicina.udd.cl\/centro-bioetica\/files\/2014\/04\/IMG_4357-768x512.jpg 768w, https:\/\/medicina.udd.cl\/centro-bioetica\/files\/2014\/04\/IMG_4357-1024x683.jpg 1024w, https:\/\/medicina.udd.cl\/centro-bioetica\/files\/2014\/04\/IMG_4357-960x640.jpg 960w\" \/>\t\t<\/div>\n\t<\/div>\n<\/section>\n\n\n<!-- WP Block: UDD - People -->\n<section class=\"wp-block-udd-contacts\">\n\t\t<div class=\"block__bg\">\n\t\t\t<\/div>\n\t\t<div class=\"container\">\n\t\t<header class=\"block__header\">\n\t\t\t<h2 class=\"block__title\">Contacto<\/h2>\n\t\t<\/header>\n\t\t<div class=\"block__content\">\n\t\t\t<ul class=\"contacts\">\n\t\t\t\t\t\t\t<li class=\"contact\">\n\t\t\t\t\t<div class=\"person-contact\">\n\t\t\t\t\t\t\t\t\t\t\t\t<h3 class=\"person-contact__name\">Centro de Bio\u00e9tica<\/h3>\n\t\t\t\t\t\t\t\t\t\t\t\t\t\t\t\t\t\t<span class=\"person-contact__job-title\">Av. Plaza 680, San Carlos de Apoquindo, Las Condes.<\/span>\n\t\t\t\t\t\t\t\t\t\t\t\t\t\t\t\t\t\t\t\t\t\t\t\t\t\t\t\t\t\t\t<span class=\"person-contact__email\">Email: <a href=\"mailto:&#98;&#105;o&#101;&#116;ica&#64;ud&#100;.&#99;l\">b&#105;&#111;etica&#64;&#117;dd&#46;&#99;&#108;<\/a><\/span>\n\t\t\t\t\t\t\t\t\t\t\t<\/div>\n\t\t\t\t<\/li>\n\t\t\t\t\t\t<\/ul>\n\t\t<\/div>\n\t<\/div>\n<\/section>\n","protected":false},"excerpt":{"rendered":"","protected":false},"author":9192223,"featured_media":0,"parent":0,"menu_order":0,"comment_status":"closed","ping_status":"closed","template":"","meta":{"footnotes":""},"class_list":["post-5256","page","type-page","status-publish","hentry"],"yoast_head":"<!-- This site is optimized with the Yoast SEO plugin v26.9 - https:\/\/yoast.com\/product\/yoast-seo-wordpress\/ -->\n<title>Inicio - Centro de Bio\u00e9tica<\/title>\n<meta name=\"robots\" content=\"index, follow, max-snippet:-1, max-image-preview:large, max-video-preview:-1\" \/>\n<link rel=\"canonical\" href=\"https:\/\/medicina.udd.cl\/centro-bioetica\/\" \/>\n<meta property=\"og:locale\" content=\"es_ES\" \/>\n<meta property=\"og:type\" content=\"article\" \/>\n<meta property=\"og:title\" content=\"Inicio - Centro de Bio\u00e9tica\" \/>\n<meta property=\"og:url\" content=\"https:\/\/medicina.udd.cl\/centro-bioetica\/\" \/>\n<meta property=\"og:site_name\" content=\"Centro de Bio\u00e9tica\" \/>\n<meta property=\"article:modified_time\" content=\"2023-06-07T14:32:58+00:00\" \/>\n<meta property=\"og:image\" content=\"https:\/\/medicina.udd.cl\/centro-bioetica\/files\/2014\/04\/IMG_4357.jpg\" \/>\n<meta name=\"twitter:label1\" content=\"Tiempo de lectura\" \/>\n\t<meta name=\"twitter:data1\" content=\"1 minuto\" \/>\n<script type=\"application\/ld+json\" class=\"yoast-schema-graph\">{\"@context\":\"https:\/\/schema.org\",\"@graph\":[{\"@type\":\"WebPage\",\"@id\":\"https:\/\/medicina.udd.cl\/centro-bioetica\/\",\"url\":\"https:\/\/medicina.udd.cl\/centro-bioetica\/\",\"name\":\"Inicio - Centro de Bio\u00e9tica\",\"isPartOf\":{\"@id\":\"https:\/\/medicina.udd.cl\/centro-bioetica\/#website\"},\"primaryImageOfPage\":{\"@id\":\"https:\/\/medicina.udd.cl\/centro-bioetica\/#primaryimage\"},\"image\":{\"@id\":\"https:\/\/medicina.udd.cl\/centro-bioetica\/#primaryimage\"},\"thumbnailUrl\":\"https:\/\/medicina.udd.cl\/centro-bioetica\/files\/2014\/04\/IMG_4357.jpg\",\"datePublished\":\"2021-04-21T15:05:34+00:00\",\"dateModified\":\"2023-06-07T14:32:58+00:00\",\"breadcrumb\":{\"@id\":\"https:\/\/medicina.udd.cl\/centro-bioetica\/#breadcrumb\"},\"inLanguage\":\"es\",\"potentialAction\":[{\"@type\":\"ReadAction\",\"target\":[\"https:\/\/medicina.udd.cl\/centro-bioetica\/\"]}]},{\"@type\":\"ImageObject\",\"inLanguage\":\"es\",\"@id\":\"https:\/\/medicina.udd.cl\/centro-bioetica\/#primaryimage\",\"url\":\"https:\/\/medicina.udd.cl\/centro-bioetica\/files\/2014\/04\/IMG_4357.jpg\",\"contentUrl\":\"https:\/\/medicina.udd.cl\/centro-bioetica\/files\/2014\/04\/IMG_4357.jpg\",\"width\":3456,\"height\":2304},{\"@type\":\"BreadcrumbList\",\"@id\":\"https:\/\/medicina.udd.cl\/centro-bioetica\/#breadcrumb\",\"itemListElement\":[{\"@type\":\"ListItem\",\"position\":1,\"name\":\"Inicio\",\"item\":\"https:\/\/medicina.udd.cl\/centro-bioetica\/\"},{\"@type\":\"ListItem\",\"position\":2,\"name\":\"Inicio\"}]},{\"@type\":\"WebSite\",\"@id\":\"https:\/\/medicina.udd.cl\/centro-bioetica\/#website\",\"url\":\"https:\/\/medicina.udd.cl\/centro-bioetica\/\",\"name\":\"Centro de Bio\u00e9tica\",\"description\":\"Universidad del Desarrollo\",\"inLanguage\":\"es\"}]}<\/script>\n<!-- \/ Yoast SEO plugin. -->","yoast_head_json":{"title":"Inicio - Centro de Bio\u00e9tica","robots":{"index":"index","follow":"follow","max-snippet":"max-snippet:-1","max-image-preview":"max-image-preview:large","max-video-preview":"max-video-preview:-1"},"canonical":"https:\/\/medicina.udd.cl\/centro-bioetica\/","og_locale":"es_ES","og_type":"article","og_title":"Inicio - Centro de Bio\u00e9tica","og_url":"https:\/\/medicina.udd.cl\/centro-bioetica\/","og_site_name":"Centro de Bio\u00e9tica","article_modified_time":"2023-06-07T14:32:58+00:00","og_image":[{"url":"https:\/\/medicina.udd.cl\/centro-bioetica\/files\/2014\/04\/IMG_4357.jpg","type":"","width":"","height":""}],"twitter_misc":{"Tiempo de lectura":"1 minuto"},"schema":{"@context":"https:\/\/schema.org","@graph":[{"@type":"WebPage","@id":"https:\/\/medicina.udd.cl\/centro-bioetica\/","url":"https:\/\/medicina.udd.cl\/centro-bioetica\/","name":"Inicio - Centro de Bio\u00e9tica","isPartOf":{"@id":"https:\/\/medicina.udd.cl\/centro-bioetica\/#website"},"primaryImageOfPage":{"@id":"https:\/\/medicina.udd.cl\/centro-bioetica\/#primaryimage"},"image":{"@id":"https:\/\/medicina.udd.cl\/centro-bioetica\/#primaryimage"},"thumbnailUrl":"https:\/\/medicina.udd.cl\/centro-bioetica\/files\/2014\/04\/IMG_4357.jpg","datePublished":"2021-04-21T15:05:34+00:00","dateModified":"2023-06-07T14:32:58+00:00","breadcrumb":{"@id":"https:\/\/medicina.udd.cl\/centro-bioetica\/#breadcrumb"},"inLanguage":"es","potentialAction":[{"@type":"ReadAction","target":["https:\/\/medicina.udd.cl\/centro-bioetica\/"]}]},{"@type":"ImageObject","inLanguage":"es","@id":"https:\/\/medicina.udd.cl\/centro-bioetica\/#primaryimage","url":"https:\/\/medicina.udd.cl\/centro-bioetica\/files\/2014\/04\/IMG_4357.jpg","contentUrl":"https:\/\/medicina.udd.cl\/centro-bioetica\/files\/2014\/04\/IMG_4357.jpg","width":3456,"height":2304},{"@type":"BreadcrumbList","@id":"https:\/\/medicina.udd.cl\/centro-bioetica\/#breadcrumb","itemListElement":[{"@type":"ListItem","position":1,"name":"Inicio","item":"https:\/\/medicina.udd.cl\/centro-bioetica\/"},{"@type":"ListItem","position":2,"name":"Inicio"}]},{"@type":"WebSite","@id":"https:\/\/medicina.udd.cl\/centro-bioetica\/#website","url":"https:\/\/medicina.udd.cl\/centro-bioetica\/","name":"Centro de Bio\u00e9tica","description":"Universidad del Desarrollo","inLanguage":"es"}]}},"_links":{"self":[{"href":"https:\/\/medicina.udd.cl\/centro-bioetica\/wp-json\/wp\/v2\/pages\/5256","targetHints":{"allow":["GET"]}}],"collection":[{"href":"https:\/\/medicina.udd.cl\/centro-bioetica\/wp-json\/wp\/v2\/pages"}],"about":[{"href":"https:\/\/medicina.udd.cl\/centro-bioetica\/wp-json\/wp\/v2\/types\/page"}],"author":[{"embeddable":true,"href":"https:\/\/medicina.udd.cl\/centro-bioetica\/wp-json\/wp\/v2\/users\/9192223"}],"replies":[{"embeddable":true,"href":"https:\/\/medicina.udd.cl\/centro-bioetica\/wp-json\/wp\/v2\/comments?post=5256"}],"version-history":[{"count":36,"href":"https:\/\/medicina.udd.cl\/centro-bioetica\/wp-json\/wp\/v2\/pages\/5256\/revisions"}],"predecessor-version":[{"id":5961,"href":"https:\/\/medicina.udd.cl\/centro-bioetica\/wp-json\/wp\/v2\/pages\/5256\/revisions\/5961"}],"wp:attachment":[{"href":"https:\/\/medicina.udd.cl\/centro-bioetica\/wp-json\/wp\/v2\/media?parent=5256"}],"curies":[{"name":"wp","href":"https:\/\/api.w.org\/{rel}","templated":true}]}}