{"id":5911,"date":"2023-03-20T11:10:34","date_gmt":"2023-03-20T14:10:34","guid":{"rendered":"https:\/\/medicina.udd.cl\/centro-bioetica\/?page_id=5911"},"modified":"2023-12-01T15:35:10","modified_gmt":"2023-12-01T18:35:10","slug":"dialogos-bioeticos-2023","status":"publish","type":"page","link":"https:\/\/medicina.udd.cl\/centro-bioetica\/dialogos-bioeticos-2023\/","title":{"rendered":"Di\u00e1logos Bio\u00e9ticos 2023"},"content":{"rendered":"\n<p><\/p>\n\n\n<section class=\"wp-block-udd-videos-row is-style-clear\">\n\t<div class=\"videos-row container\">\n\t\t\t\t\t\t<div class=\"row videos-row__videos\">\n\t\t\t<article class=\"udd-video\">\n\t<a href=\"https:\/\/www.youtube.com\/watch?v=p3Elbaskt9I\" class=\"js-udd-video-modal udd-video__link\" data-video-id=\"p3Elbaskt9I\">\n\t\t<span class=\"udd-video__label\"><svg class=\"svg-video-dims\"><use xlink:href='https:\/\/medicina.udd.cl\/centro-bioetica\/wp-content\/themes\/facultades-2018\/assets\/img\/svg\/dist\/main.svg?version=1695853099#video'><\/use><\/svg> Ver video<\/span>\n\t\t<h3 class=\"udd-video__title\">\n\t\t\tDi\u00e1logo Bio\u00e9tico | Aspectos \u00e9ticos del aborto\t\t<\/h3>\n\t\t<span class=\"udd-video__image-container\"><img decoding=\"async\" src=\"https:\/\/i.ytimg.com\/vi\/p3Elbaskt9I\/hqdefault.jpg\" loading=\"lazy\" alt=\"Di\u00e1logo Bio\u00e9tico | Aspectos \u00e9ticos del aborto\" class=\"udd-video__image\" alt=\"Previsualizaci\u00f3n de &#039;Di\u00e1logo Bio\u00e9tico | Aspectos \u00e9ticos del aborto&#039;\"><\/span>\t<\/a>\n<\/article>\n<article class=\"udd-video\">\n\t<a href=\"https:\/\/www.youtube.com\/watch?v=TNcEznHFOvA\" class=\"js-udd-video-modal udd-video__link\" data-video-id=\"TNcEznHFOvA\">\n\t\t<span class=\"udd-video__label\"><svg class=\"svg-video-dims\"><use xlink:href='https:\/\/medicina.udd.cl\/centro-bioetica\/wp-content\/themes\/facultades-2018\/assets\/img\/svg\/dist\/main.svg?version=1695853099#video'><\/use><\/svg> Ver video<\/span>\n\t\t<h3 class=\"udd-video__title\">\n\t\t\tDi\u00e1logo Bio\u00e9tico | Abordaje de situaciones l\u00edmites en salud\t\t<\/h3>\n\t\t<span class=\"udd-video__image-container\"><img decoding=\"async\" src=\"https:\/\/i.ytimg.com\/vi\/TNcEznHFOvA\/hqdefault.jpg\" loading=\"lazy\" alt=\"Di\u00e1logo Bio\u00e9tico | Abordaje de situaciones l\u00edmites en salud\" class=\"udd-video__image\" alt=\"Previsualizaci\u00f3n de &#039;Di\u00e1logo Bio\u00e9tico | Abordaje de situaciones l\u00edmites en salud&#039;\"><\/span>\t<\/a>\n<\/article>\n<article class=\"udd-video\">\n\t<a href=\"https:\/\/www.youtube.com\/watch?v=5HlZyB8d7H0&#038;t=1s\" class=\"js-udd-video-modal udd-video__link\" data-video-id=\"5HlZyB8d7H0\">\n\t\t<span class=\"udd-video__label\"><svg class=\"svg-video-dims\"><use xlink:href='https:\/\/medicina.udd.cl\/centro-bioetica\/wp-content\/themes\/facultades-2018\/assets\/img\/svg\/dist\/main.svg?version=1695853099#video'><\/use><\/svg> Ver video<\/span>\n\t\t<h3 class=\"udd-video__title\">\n\t\t\tDi\u00e1logo Bio\u00e9tico | Palabras que cuidan: comunicaci\u00f3n emp\u00e1tica\t\t<\/h3>\n\t\t<span class=\"udd-video__image-container\"><img decoding=\"async\" src=\"https:\/\/i.ytimg.com\/vi\/5HlZyB8d7H0\/hqdefault.jpg\" loading=\"lazy\" alt=\"Di\u00e1logo Bio\u00e9tico | Palabras que cuidan: comunicaci\u00f3n emp\u00e1tica\" class=\"udd-video__image\" alt=\"Previsualizaci\u00f3n de &#039;Di\u00e1logo Bio\u00e9tico | Palabras que cuidan: comunicaci\u00f3n emp\u00e1tica&#039;\"><\/span>\t<\/a>\n<\/article>\n<article class=\"udd-video\">\n\t<a href=\"https:\/\/www.youtube.com\/watch?v=5bQxPemgE7A\" class=\"js-udd-video-modal udd-video__link\" data-video-id=\"5bQxPemgE7A\">\n\t\t<span class=\"udd-video__label\"><svg class=\"svg-video-dims\"><use xlink:href='https:\/\/medicina.udd.cl\/centro-bioetica\/wp-content\/themes\/facultades-2018\/assets\/img\/svg\/dist\/main.svg?version=1695853099#video'><\/use><\/svg> Ver video<\/span>\n\t\t<h3 class=\"udd-video__title\">\n\t\t\tDi\u00e1logo Bio\u00e9tico | Conflictos \u00e9ticos en la gestaci\u00f3n subrogada\t\t<\/h3>\n\t\t<span class=\"udd-video__image-container\"><img decoding=\"async\" src=\"https:\/\/i.ytimg.com\/vi\/5bQxPemgE7A\/hqdefault.jpg\" loading=\"lazy\" alt=\"Di\u00e1logo Bio\u00e9tico | Conflictos \u00e9ticos en la gestaci\u00f3n subrogada\" class=\"udd-video__image\" alt=\"Previsualizaci\u00f3n de &#039;Di\u00e1logo Bio\u00e9tico | Conflictos \u00e9ticos en la gestaci\u00f3n subrogada&#039;\"><\/span>\t<\/a>\n<\/article>\n<article class=\"udd-video\">\n\t<a href=\"https:\/\/www.youtube.com\/watch?v=WMBQ6wtHp_s&#038;t=1s\" class=\"js-udd-video-modal udd-video__link\" data-video-id=\"WMBQ6wtHp_s\">\n\t\t<span class=\"udd-video__label\"><svg class=\"svg-video-dims\"><use xlink:href='https:\/\/medicina.udd.cl\/centro-bioetica\/wp-content\/themes\/facultades-2018\/assets\/img\/svg\/dist\/main.svg?version=1695853099#video'><\/use><\/svg> Ver video<\/span>\n\t\t<h3 class=\"udd-video__title\">\n\t\t\tEutanasia | Experiencia en Espa\u00f1a\t\t<\/h3>\n\t\t<span class=\"udd-video__image-container\"><img decoding=\"async\" src=\"https:\/\/i.ytimg.com\/vi\/WMBQ6wtHp_s\/hqdefault.jpg\" loading=\"lazy\" alt=\"Eutanasia | Experiencia en Espa\u00f1a\" class=\"udd-video__image\" alt=\"Previsualizaci\u00f3n de &#039;Eutanasia | Experiencia en Espa\u00f1a&#039;\"><\/span>\t<\/a>\n<\/article>\n<article class=\"udd-video\">\n\t<a href=\"https:\/\/www.youtube.com\/watch?v=MKrQvzbwOCo&#038;t=1s\" class=\"js-udd-video-modal udd-video__link\" data-video-id=\"MKrQvzbwOCo\">\n\t\t<span class=\"udd-video__label\"><svg class=\"svg-video-dims\"><use xlink:href='https:\/\/medicina.udd.cl\/centro-bioetica\/wp-content\/themes\/facultades-2018\/assets\/img\/svg\/dist\/main.svg?version=1695853099#video'><\/use><\/svg> Ver video<\/span>\n\t\t<h3 class=\"udd-video__title\">\n\t\t\tDi\u00e1logo Bio\u00e9tico | Investigaci\u00f3n en Salud Mental\t\t<\/h3>\n\t\t<span class=\"udd-video__image-container\"><img decoding=\"async\" src=\"https:\/\/i.ytimg.com\/vi\/MKrQvzbwOCo\/hqdefault.jpg\" loading=\"lazy\" alt=\"Di\u00e1logo Bio\u00e9tico | Investigaci\u00f3n en Salud Mental\" class=\"udd-video__image\" alt=\"Previsualizaci\u00f3n de &#039;Di\u00e1logo Bio\u00e9tico | Investigaci\u00f3n en Salud Mental&#039;\"><\/span>\t<\/a>\n<\/article>\n\t\t<\/div>\n\t\t\t<\/div>\n<\/section>\n","protected":false},"excerpt":{"rendered":"","protected":false},"author":9192219,"featured_media":0,"parent":0,"menu_order":0,"comment_status":"closed","ping_status":"closed","template":"","meta":{"footnotes":""},"class_list":["post-5911","page","type-page","status-publish","hentry"],"yoast_head":"<!-- This site is optimized with the Yoast SEO plugin v26.9 - https:\/\/yoast.com\/product\/yoast-seo-wordpress\/ -->\n<title>Di\u00e1logos Bio\u00e9ticos 2023 - Centro de Bio\u00e9tica<\/title>\n<meta name=\"robots\" content=\"index, follow, max-snippet:-1, max-image-preview:large, max-video-preview:-1\" \/>\n<link rel=\"canonical\" href=\"https:\/\/medicina.udd.cl\/centro-bioetica\/dialogos-bioeticos-2023\/\" \/>\n<meta property=\"og:locale\" content=\"es_ES\" \/>\n<meta property=\"og:type\" content=\"article\" \/>\n<meta property=\"og:title\" content=\"Di\u00e1logos Bio\u00e9ticos 2023 - Centro de Bio\u00e9tica\" \/>\n<meta property=\"og:url\" content=\"https:\/\/medicina.udd.cl\/centro-bioetica\/dialogos-bioeticos-2023\/\" \/>\n<meta property=\"og:site_name\" content=\"Centro de Bio\u00e9tica\" \/>\n<meta property=\"article:modified_time\" content=\"2023-12-01T18:35:10+00:00\" \/>\n<script type=\"application\/ld+json\" class=\"yoast-schema-graph\">{\"@context\":\"https:\/\/schema.org\",\"@graph\":[{\"@type\":\"WebPage\",\"@id\":\"https:\/\/medicina.udd.cl\/centro-bioetica\/dialogos-bioeticos-2023\/\",\"url\":\"https:\/\/medicina.udd.cl\/centro-bioetica\/dialogos-bioeticos-2023\/\",\"name\":\"Di\u00e1logos Bio\u00e9ticos 2023 - Centro de Bio\u00e9tica\",\"isPartOf\":{\"@id\":\"https:\/\/medicina.udd.cl\/centro-bioetica\/#website\"},\"datePublished\":\"2023-03-20T14:10:34+00:00\",\"dateModified\":\"2023-12-01T18:35:10+00:00\",\"breadcrumb\":{\"@id\":\"https:\/\/medicina.udd.cl\/centro-bioetica\/dialogos-bioeticos-2023\/#breadcrumb\"},\"inLanguage\":\"es\",\"potentialAction\":[{\"@type\":\"ReadAction\",\"target\":[\"https:\/\/medicina.udd.cl\/centro-bioetica\/dialogos-bioeticos-2023\/\"]}]},{\"@type\":\"BreadcrumbList\",\"@id\":\"https:\/\/medicina.udd.cl\/centro-bioetica\/dialogos-bioeticos-2023\/#breadcrumb\",\"itemListElement\":[{\"@type\":\"ListItem\",\"position\":1,\"name\":\"Inicio\",\"item\":\"https:\/\/medicina.udd.cl\/centro-bioetica\/\"},{\"@type\":\"ListItem\",\"position\":2,\"name\":\"Di\u00e1logos Bio\u00e9ticos 2023\"}]},{\"@type\":\"WebSite\",\"@id\":\"https:\/\/medicina.udd.cl\/centro-bioetica\/#website\",\"url\":\"https:\/\/medicina.udd.cl\/centro-bioetica\/\",\"name\":\"Centro de Bio\u00e9tica\",\"description\":\"Universidad del Desarrollo\",\"inLanguage\":\"es\"}]}<\/script>\n<!-- \/ Yoast SEO plugin. -->","yoast_head_json":{"title":"Di\u00e1logos Bio\u00e9ticos 2023 - Centro de Bio\u00e9tica","robots":{"index":"index","follow":"follow","max-snippet":"max-snippet:-1","max-image-preview":"max-image-preview:large","max-video-preview":"max-video-preview:-1"},"canonical":"https:\/\/medicina.udd.cl\/centro-bioetica\/dialogos-bioeticos-2023\/","og_locale":"es_ES","og_type":"article","og_title":"Di\u00e1logos Bio\u00e9ticos 2023 - Centro de Bio\u00e9tica","og_url":"https:\/\/medicina.udd.cl\/centro-bioetica\/dialogos-bioeticos-2023\/","og_site_name":"Centro de Bio\u00e9tica","article_modified_time":"2023-12-01T18:35:10+00:00","schema":{"@context":"https:\/\/schema.org","@graph":[{"@type":"WebPage","@id":"https:\/\/medicina.udd.cl\/centro-bioetica\/dialogos-bioeticos-2023\/","url":"https:\/\/medicina.udd.cl\/centro-bioetica\/dialogos-bioeticos-2023\/","name":"Di\u00e1logos Bio\u00e9ticos 2023 - Centro de Bio\u00e9tica","isPartOf":{"@id":"https:\/\/medicina.udd.cl\/centro-bioetica\/#website"},"datePublished":"2023-03-20T14:10:34+00:00","dateModified":"2023-12-01T18:35:10+00:00","breadcrumb":{"@id":"https:\/\/medicina.udd.cl\/centro-bioetica\/dialogos-bioeticos-2023\/#breadcrumb"},"inLanguage":"es","potentialAction":[{"@type":"ReadAction","target":["https:\/\/medicina.udd.cl\/centro-bioetica\/dialogos-bioeticos-2023\/"]}]},{"@type":"BreadcrumbList","@id":"https:\/\/medicina.udd.cl\/centro-bioetica\/dialogos-bioeticos-2023\/#breadcrumb","itemListElement":[{"@type":"ListItem","position":1,"name":"Inicio","item":"https:\/\/medicina.udd.cl\/centro-bioetica\/"},{"@type":"ListItem","position":2,"name":"Di\u00e1logos Bio\u00e9ticos 2023"}]},{"@type":"WebSite","@id":"https:\/\/medicina.udd.cl\/centro-bioetica\/#website","url":"https:\/\/medicina.udd.cl\/centro-bioetica\/","name":"Centro de Bio\u00e9tica","description":"Universidad del Desarrollo","inLanguage":"es"}]}},"_links":{"self":[{"href":"https:\/\/medicina.udd.cl\/centro-bioetica\/wp-json\/wp\/v2\/pages\/5911","targetHints":{"allow":["GET"]}}],"collection":[{"href":"https:\/\/medicina.udd.cl\/centro-bioetica\/wp-json\/wp\/v2\/pages"}],"about":[{"href":"https:\/\/medicina.udd.cl\/centro-bioetica\/wp-json\/wp\/v2\/types\/page"}],"author":[{"embeddable":true,"href":"https:\/\/medicina.udd.cl\/centro-bioetica\/wp-json\/wp\/v2\/users\/9192219"}],"replies":[{"embeddable":true,"href":"https:\/\/medicina.udd.cl\/centro-bioetica\/wp-json\/wp\/v2\/comments?post=5911"}],"version-history":[{"count":17,"href":"https:\/\/medicina.udd.cl\/centro-bioetica\/wp-json\/wp\/v2\/pages\/5911\/revisions"}],"predecessor-version":[{"id":6056,"href":"https:\/\/medicina.udd.cl\/centro-bioetica\/wp-json\/wp\/v2\/pages\/5911\/revisions\/6056"}],"wp:attachment":[{"href":"https:\/\/medicina.udd.cl\/centro-bioetica\/wp-json\/wp\/v2\/media?parent=5911"}],"curies":[{"name":"wp","href":"https:\/\/api.w.org\/{rel}","templated":true}]}}