{"id":8,"date":"2010-04-06T12:01:59","date_gmt":"2010-04-06T16:01:59","guid":{"rendered":"http:\/\/medicina.udd.cl\/centro-bioetica\/sobre-el-centro\/mision\/"},"modified":"2015-03-09T10:35:43","modified_gmt":"2015-03-09T13:35:43","slug":"mision","status":"publish","type":"page","link":"https:\/\/medicina.udd.cl\/centro-bioetica\/sobre-el-centro\/mision\/","title":{"rendered":"Historia"},"content":{"rendered":"<p style=\"text-align: justify;\">La Bio\u00e9tica, como una de las \u00e9ticas aplicadas, es una disciplina desarrollada en las \u00faltimas d\u00e9cadas que se dedica a la b\u00fasqueda de respuestas fundamentadas a las diversas interrogantes morales que presentan la medicina y las ciencias biom\u00e9dicas en la sociedad moderna, caracterizada por su pluralidad y diversidad.<\/p>\n<p style=\"text-align: justify;\">La Facultad de Medicina Cl\u00ednica Alemana Universidad del Desarrollo considera que la Bio\u00e9tica es parte fundamental de las profesiones de la salud y, como tal, ha definido esta disciplina como uno de sus ejes curriculares en la ense\u00f1anza de pregrado y un camino en su labor de investigaci\u00f3n y extensi\u00f3n.<\/p>\n<p style=\"text-align: justify;\">En marzo del a\u00f1o 2003 nace as\u00ed el Centro de Bio\u00e9tica, hoy ubicado en la Facultad de Medicina CAS-UDD, en Avda. Las Condes 12.438, Lo Barnechea.<\/p>\n<div id=\"gallery-1\" class=\"carousel slide carousel-gallery\" data-ride=\"false\" data-interval=\"false\"><div class=\"carousel-inner\" role=\"listbox\"><figure class=\"carousel-item active\"><img loading=\"lazy\" decoding=\"async\" width=\"430\" height=\"270\" src=\"https:\/\/medicina.udd.cl\/centro-bioetica\/files\/2010\/04\/diego-gracia.jpg\" class=\"attachment-landscape_952 size-landscape_952 lazyload\" alt=\"\" sizes=\"auto, (max-width: 430px) 100vw, 430px\" data-src=\"https:\/\/medicina.udd.cl\/centro-bioetica\/files\/2010\/04\/diego-gracia.jpg\" data-srcset=\"https:\/\/medicina.udd.cl\/centro-bioetica\/files\/2010\/04\/diego-gracia.jpg 430w, https:\/\/medicina.udd.cl\/centro-bioetica\/files\/2010\/04\/diego-gracia-300x188.jpg 300w\" \/><\/figure><figure class=\"carousel-item\"><img loading=\"lazy\" decoding=\"async\" width=\"642\" height=\"480\" src=\"https:\/\/medicina.udd.cl\/centro-bioetica\/files\/2010\/04\/2-Udine.jpg\" class=\"attachment-landscape_952 size-landscape_952 lazyload\" alt=\"\" sizes=\"auto, (max-width: 642px) 100vw, 642px\" data-src=\"https:\/\/medicina.udd.cl\/centro-bioetica\/files\/2010\/04\/2-Udine.jpg\" data-srcset=\"https:\/\/medicina.udd.cl\/centro-bioetica\/files\/2010\/04\/2-Udine.jpg 642w, https:\/\/medicina.udd.cl\/centro-bioetica\/files\/2010\/04\/2-Udine-300x224.jpg 300w\" \/><\/figure><figure class=\"carousel-item\"><img loading=\"lazy\" decoding=\"async\" width=\"500\" height=\"344\" src=\"https:\/\/medicina.udd.cl\/centro-bioetica\/files\/2010\/04\/IMGNEWS80165.jpg\" class=\"attachment-landscape_952 size-landscape_952 lazyload\" alt=\"\" sizes=\"auto, (max-width: 500px) 100vw, 500px\" data-src=\"https:\/\/medicina.udd.cl\/centro-bioetica\/files\/2010\/04\/IMGNEWS80165.jpg\" data-srcset=\"https:\/\/medicina.udd.cl\/centro-bioetica\/files\/2010\/04\/IMGNEWS80165.jpg 500w, https:\/\/medicina.udd.cl\/centro-bioetica\/files\/2010\/04\/IMGNEWS80165-300x206.jpg 300w\" \/><\/figure><figure class=\"carousel-item\"><img loading=\"lazy\" decoding=\"async\" width=\"712\" height=\"534\" src=\"https:\/\/medicina.udd.cl\/centro-bioetica\/files\/2010\/04\/grupo-actual-800x450.jpg\" class=\"attachment-landscape_952 size-landscape_952 lazyload\" alt=\"\" sizes=\"auto, (max-width: 712px) 100vw, 712px\" data-src=\"https:\/\/medicina.udd.cl\/centro-bioetica\/files\/2010\/04\/grupo-actual.jpg\" data-srcset=\"https:\/\/medicina.udd.cl\/centro-bioetica\/files\/2010\/04\/grupo-actual.jpg 1000w, https:\/\/medicina.udd.cl\/centro-bioetica\/files\/2010\/04\/grupo-actual-300x225.jpg 300w, https:\/\/medicina.udd.cl\/centro-bioetica\/files\/2010\/04\/grupo-actual-768x576.jpg 768w, https:\/\/medicina.udd.cl\/centro-bioetica\/files\/2010\/04\/grupo-actual-960x720.jpg 960w\" \/><\/figure><figure class=\"carousel-item\"><img loading=\"lazy\" decoding=\"async\" width=\"712\" height=\"534\" src=\"https:\/\/medicina.udd.cl\/centro-bioetica\/files\/2010\/04\/puerta-800x450.jpg\" class=\"attachment-landscape_952 size-landscape_952 lazyload\" alt=\"\" sizes=\"auto, (max-width: 712px) 100vw, 712px\" data-src=\"https:\/\/medicina.udd.cl\/centro-bioetica\/files\/2010\/04\/puerta.jpg\" data-srcset=\"https:\/\/medicina.udd.cl\/centro-bioetica\/files\/2010\/04\/puerta.jpg 960w, https:\/\/medicina.udd.cl\/centro-bioetica\/files\/2010\/04\/puerta-300x225.jpg 300w, https:\/\/medicina.udd.cl\/centro-bioetica\/files\/2010\/04\/puerta-768x576.jpg 768w\" \/><\/figure><\/div><footer class=\"carousel-footer\"><div class=\"carousel-counter\"><span class=\"carousel-counter-current\"><\/span> \/ <span class=\"carousel-counter-total\"><\/span><\/div><a class=\"carousel-control-prev\" href=\"#gallery-1\" role=\"button\" data-slide=\"prev\"><svg aria-hidden=\"true\" class=\"svg-chevron-left-dims\"><use xlink:href='https:\/\/medicina.udd.cl\/centro-bioetica\/wp-content\/themes\/facultades-2018\/assets\/img\/svg\/dist\/main.svg?version=1695853099#chevron-left'><\/use><\/svg><span class=\"sr-only\">Anterior<\/span><\/a><a class=\"carousel-control-next\" href=\"#gallery-1\" role=\"button\" data-slide=\"next\"><svg aria-hidden=\"true\" class=\"svg-chevron-right-dims\"><use xlink:href='https:\/\/medicina.udd.cl\/centro-bioetica\/wp-content\/themes\/facultades-2018\/assets\/img\/svg\/dist\/main.svg?version=1695853099#chevron-right'><\/use><\/svg><span class=\"sr-only\">Siguiente<\/span><\/a><\/footer><\/div>\n","protected":false},"excerpt":{"rendered":"<p>La Bio\u00e9tica: una disciplina desarrollada en las \u00faltimas d\u00e9cadas.<\/p>\n","protected":false},"author":1,"featured_media":0,"parent":7,"menu_order":0,"comment_status":"open","ping_status":"open","template":"","meta":{"footnotes":""},"class_list":["post-8","page","type-page","status-publish","hentry"],"yoast_head":"<!-- This site is optimized with the Yoast SEO plugin v26.9 - https:\/\/yoast.com\/product\/yoast-seo-wordpress\/ -->\n<title>Historia - Centro de Bio\u00e9tica<\/title>\n<meta name=\"robots\" content=\"index, follow, max-snippet:-1, max-image-preview:large, max-video-preview:-1\" \/>\n<link rel=\"canonical\" href=\"https:\/\/medicina.udd.cl\/centro-bioetica\/sobre-el-centro\/mision\/\" \/>\n<meta property=\"og:locale\" content=\"es_ES\" \/>\n<meta property=\"og:type\" content=\"article\" \/>\n<meta property=\"og:title\" content=\"Historia - Centro de Bio\u00e9tica\" \/>\n<meta property=\"og:description\" content=\"La Bio\u00e9tica: una disciplina desarrollada en las \u00faltimas d\u00e9cadas.\" \/>\n<meta property=\"og:url\" content=\"https:\/\/medicina.udd.cl\/centro-bioetica\/sobre-el-centro\/mision\/\" \/>\n<meta property=\"og:site_name\" content=\"Centro de Bio\u00e9tica\" \/>\n<meta property=\"article:modified_time\" content=\"2015-03-09T13:35:43+00:00\" \/>\n<meta property=\"og:image\" content=\"https:\/\/medicina.udd.cl\/centro-bioetica\/files\/2010\/04\/diego-gracia.jpg\" \/>\n<meta name=\"twitter:label1\" content=\"Tiempo de lectura\" \/>\n\t<meta name=\"twitter:data1\" content=\"1 minuto\" \/>\n<script type=\"application\/ld+json\" class=\"yoast-schema-graph\">{\"@context\":\"https:\/\/schema.org\",\"@graph\":[{\"@type\":\"WebPage\",\"@id\":\"https:\/\/medicina.udd.cl\/centro-bioetica\/sobre-el-centro\/mision\/\",\"url\":\"https:\/\/medicina.udd.cl\/centro-bioetica\/sobre-el-centro\/mision\/\",\"name\":\"Historia - Centro de Bio\u00e9tica\",\"isPartOf\":{\"@id\":\"https:\/\/medicina.udd.cl\/centro-bioetica\/#website\"},\"datePublished\":\"2010-04-06T16:01:59+00:00\",\"dateModified\":\"2015-03-09T13:35:43+00:00\",\"breadcrumb\":{\"@id\":\"https:\/\/medicina.udd.cl\/centro-bioetica\/sobre-el-centro\/mision\/#breadcrumb\"},\"inLanguage\":\"es\",\"potentialAction\":[{\"@type\":\"ReadAction\",\"target\":[\"https:\/\/medicina.udd.cl\/centro-bioetica\/sobre-el-centro\/mision\/\"]}]},{\"@type\":\"BreadcrumbList\",\"@id\":\"https:\/\/medicina.udd.cl\/centro-bioetica\/sobre-el-centro\/mision\/#breadcrumb\",\"itemListElement\":[{\"@type\":\"ListItem\",\"position\":1,\"name\":\"Inicio\",\"item\":\"https:\/\/medicina.udd.cl\/centro-bioetica\/\"},{\"@type\":\"ListItem\",\"position\":2,\"name\":\"El Centro\",\"item\":\"https:\/\/medicina.udd.cl\/centro-bioetica\/sobre-el-centro\/\"},{\"@type\":\"ListItem\",\"position\":3,\"name\":\"Historia\"}]},{\"@type\":\"WebSite\",\"@id\":\"https:\/\/medicina.udd.cl\/centro-bioetica\/#website\",\"url\":\"https:\/\/medicina.udd.cl\/centro-bioetica\/\",\"name\":\"Centro de Bio\u00e9tica\",\"description\":\"Universidad del Desarrollo\",\"inLanguage\":\"es\"}]}<\/script>\n<!-- \/ Yoast SEO plugin. -->","yoast_head_json":{"title":"Historia - Centro de Bio\u00e9tica","robots":{"index":"index","follow":"follow","max-snippet":"max-snippet:-1","max-image-preview":"max-image-preview:large","max-video-preview":"max-video-preview:-1"},"canonical":"https:\/\/medicina.udd.cl\/centro-bioetica\/sobre-el-centro\/mision\/","og_locale":"es_ES","og_type":"article","og_title":"Historia - Centro de Bio\u00e9tica","og_description":"La Bio\u00e9tica: una disciplina desarrollada en las \u00faltimas d\u00e9cadas.","og_url":"https:\/\/medicina.udd.cl\/centro-bioetica\/sobre-el-centro\/mision\/","og_site_name":"Centro de Bio\u00e9tica","article_modified_time":"2015-03-09T13:35:43+00:00","og_image":[{"url":"https:\/\/medicina.udd.cl\/centro-bioetica\/files\/2010\/04\/diego-gracia.jpg","type":"","width":"","height":""}],"twitter_misc":{"Tiempo de lectura":"1 minuto"},"schema":{"@context":"https:\/\/schema.org","@graph":[{"@type":"WebPage","@id":"https:\/\/medicina.udd.cl\/centro-bioetica\/sobre-el-centro\/mision\/","url":"https:\/\/medicina.udd.cl\/centro-bioetica\/sobre-el-centro\/mision\/","name":"Historia - Centro de Bio\u00e9tica","isPartOf":{"@id":"https:\/\/medicina.udd.cl\/centro-bioetica\/#website"},"datePublished":"2010-04-06T16:01:59+00:00","dateModified":"2015-03-09T13:35:43+00:00","breadcrumb":{"@id":"https:\/\/medicina.udd.cl\/centro-bioetica\/sobre-el-centro\/mision\/#breadcrumb"},"inLanguage":"es","potentialAction":[{"@type":"ReadAction","target":["https:\/\/medicina.udd.cl\/centro-bioetica\/sobre-el-centro\/mision\/"]}]},{"@type":"BreadcrumbList","@id":"https:\/\/medicina.udd.cl\/centro-bioetica\/sobre-el-centro\/mision\/#breadcrumb","itemListElement":[{"@type":"ListItem","position":1,"name":"Inicio","item":"https:\/\/medicina.udd.cl\/centro-bioetica\/"},{"@type":"ListItem","position":2,"name":"El Centro","item":"https:\/\/medicina.udd.cl\/centro-bioetica\/sobre-el-centro\/"},{"@type":"ListItem","position":3,"name":"Historia"}]},{"@type":"WebSite","@id":"https:\/\/medicina.udd.cl\/centro-bioetica\/#website","url":"https:\/\/medicina.udd.cl\/centro-bioetica\/","name":"Centro de Bio\u00e9tica","description":"Universidad del Desarrollo","inLanguage":"es"}]}},"_links":{"self":[{"href":"https:\/\/medicina.udd.cl\/centro-bioetica\/wp-json\/wp\/v2\/pages\/8","targetHints":{"allow":["GET"]}}],"collection":[{"href":"https:\/\/medicina.udd.cl\/centro-bioetica\/wp-json\/wp\/v2\/pages"}],"about":[{"href":"https:\/\/medicina.udd.cl\/centro-bioetica\/wp-json\/wp\/v2\/types\/page"}],"author":[{"embeddable":true,"href":"https:\/\/medicina.udd.cl\/centro-bioetica\/wp-json\/wp\/v2\/users\/1"}],"replies":[{"embeddable":true,"href":"https:\/\/medicina.udd.cl\/centro-bioetica\/wp-json\/wp\/v2\/comments?post=8"}],"version-history":[{"count":10,"href":"https:\/\/medicina.udd.cl\/centro-bioetica\/wp-json\/wp\/v2\/pages\/8\/revisions"}],"predecessor-version":[{"id":2625,"href":"https:\/\/medicina.udd.cl\/centro-bioetica\/wp-json\/wp\/v2\/pages\/8\/revisions\/2625"}],"up":[{"embeddable":true,"href":"https:\/\/medicina.udd.cl\/centro-bioetica\/wp-json\/wp\/v2\/pages\/7"}],"wp:attachment":[{"href":"https:\/\/medicina.udd.cl\/centro-bioetica\/wp-json\/wp\/v2\/media?parent=8"}],"curies":[{"name":"wp","href":"https:\/\/api.w.org\/{rel}","templated":true}]}}