{"id":84,"date":"2010-05-27T12:29:20","date_gmt":"2010-05-27T16:29:20","guid":{"rendered":"http:\/\/medicina.udd.cl\/centro-bioetica\/enlaces-de-interes\/"},"modified":"2010-08-05T10:55:00","modified_gmt":"2010-08-05T14:55:00","slug":"enlaces-de-interes","status":"publish","type":"page","link":"https:\/\/medicina.udd.cl\/centro-bioetica\/enlaces-de-interes\/","title":{"rendered":"Enlaces"},"content":{"rendered":"<ul>\n<li><a href=\"http:\/\/highschoolbioethics.georgetown.edu\/\">Biblioteca del Instituto Kennedy de \u00c9tica <\/a><\/li>\n<li><a href=\"http:\/\/www.fcs.es\/\">Instituto de Bio\u00e9tica, Fundaci\u00f3n Ciencias de la Salud<\/a><\/li>\n<li><a href=\"http:\/\/www.bioethics.ca\/index-ang.html\">Canadian Bioethics Society<\/a><\/li>\n<li><a href=\"http:\/\/www.thehastingscenter.org\/\">The Hastings Center<\/a><\/li>\n<li><a href=\"http:\/\/www.bioethics.upenn.edu\/\">Center for Bioethics. University of Pennsylvania<\/a><\/li>\n<li><a href=\"http:\/\/www.ahc.umn.edu\/bioethics\/\">Center for Bioethics<\/a><\/li>\n<li><a href=\"http:\/\/bioethics.gov\/\">National Bioethics Advisory Comission<\/a><\/li>\n<li><a href=\"http:\/\/www.unesco.org\/new\/en\/unesco\/\">Comit\u00e9 Internacional de Bio\u00e9tica de la UNESCO<\/a><\/li>\n<li><a href=\"http:\/\/www.ibbioetica.org\/\">Instituto Borja de Bio\u00e9tica<\/a><\/li>\n<li><a href=\"http:\/\/www.bioetica.uchile.cl\/\">Centro Interdisciplinario de Estudios en Bio\u00e9tica, Universidad de Chile<\/a><\/li>\n<li><a href=\"http:\/\/www.paho.org\/\">Organizaci\u00f3n Panamericana de la Salud, Programa Regional de Bio\u00e9tica<\/a><\/li>\n<li><a href=\"http:\/\/www.who.int\/ethics\/en\/\">Biblioteca Virtual de Bio\u00e9tica &#8211; BIREME<\/a><\/li>\n<li><a href=\"http:\/\/www.bioethics.gov\/\">The President\u2019s Council on Bioethics<\/a><\/li>\n<li><a href=\"http:\/\/escuela.med.puc.cl\/deptos\/bioetica\/\">Centro de Bio\u00e9tica, Pontificia Universidad Cat\u00f3lica de Chile<\/a><\/li>\n<li><a href=\"http:\/\/www.upcomillas.es\/centros\/cent_cat_bio_gafo_lib.aspx\">Universidad Pontificia Comillas, C\u00e1tedra de Bio\u00e9tica<\/a><\/li>\n<li><a href=\"http:\/\/www.jointcentreforbioethics.ca\/\">Universidad de Toronto, Joint Centre for Bioethics<\/a><\/li>\n<li><a href=\"http:\/\/www.eacmeweb.com\/\">Asociaci\u00f3n Europea de Centros de \u00c9tica M\u00e9dica<\/a><\/li>\n<li><a href=\"http:\/\/etica.uahurtado.cl\/html\/index.html\">Centro de \u00c9tica, Universidad Alberto Hurtado<\/a><\/li>\n<\/ul>\n","protected":false},"excerpt":{"rendered":"<p>Encuentre los enlaces que le pueden interesar. <\/p>\n","protected":false},"author":1,"featured_media":0,"parent":0,"menu_order":4,"comment_status":"open","ping_status":"open","template":"","meta":{"footnotes":""},"class_list":["post-84","page","type-page","status-publish","hentry"],"yoast_head":"<!-- This site is optimized with the Yoast SEO plugin v26.9 - https:\/\/yoast.com\/product\/yoast-seo-wordpress\/ -->\n<title>Enlaces - Centro de Bio\u00e9tica<\/title>\n<meta name=\"robots\" content=\"index, follow, max-snippet:-1, max-image-preview:large, max-video-preview:-1\" \/>\n<link rel=\"canonical\" href=\"https:\/\/medicina.udd.cl\/centro-bioetica\/enlaces-de-interes\/\" \/>\n<meta property=\"og:locale\" content=\"es_ES\" \/>\n<meta property=\"og:type\" content=\"article\" \/>\n<meta property=\"og:title\" content=\"Enlaces - Centro de Bio\u00e9tica\" \/>\n<meta property=\"og:description\" content=\"Encuentre los enlaces que le pueden interesar.\" \/>\n<meta property=\"og:url\" content=\"https:\/\/medicina.udd.cl\/centro-bioetica\/enlaces-de-interes\/\" \/>\n<meta property=\"og:site_name\" content=\"Centro de Bio\u00e9tica\" \/>\n<meta property=\"article:modified_time\" content=\"2010-08-05T14:55:00+00:00\" \/>\n<meta name=\"twitter:label1\" content=\"Tiempo de lectura\" \/>\n\t<meta name=\"twitter:data1\" content=\"1 minuto\" \/>\n<script type=\"application\/ld+json\" class=\"yoast-schema-graph\">{\"@context\":\"https:\/\/schema.org\",\"@graph\":[{\"@type\":\"WebPage\",\"@id\":\"https:\/\/medicina.udd.cl\/centro-bioetica\/enlaces-de-interes\/\",\"url\":\"https:\/\/medicina.udd.cl\/centro-bioetica\/enlaces-de-interes\/\",\"name\":\"Enlaces - Centro de Bio\u00e9tica\",\"isPartOf\":{\"@id\":\"https:\/\/medicina.udd.cl\/centro-bioetica\/#website\"},\"datePublished\":\"2010-05-27T16:29:20+00:00\",\"dateModified\":\"2010-08-05T14:55:00+00:00\",\"breadcrumb\":{\"@id\":\"https:\/\/medicina.udd.cl\/centro-bioetica\/enlaces-de-interes\/#breadcrumb\"},\"inLanguage\":\"es\",\"potentialAction\":[{\"@type\":\"ReadAction\",\"target\":[\"https:\/\/medicina.udd.cl\/centro-bioetica\/enlaces-de-interes\/\"]}]},{\"@type\":\"BreadcrumbList\",\"@id\":\"https:\/\/medicina.udd.cl\/centro-bioetica\/enlaces-de-interes\/#breadcrumb\",\"itemListElement\":[{\"@type\":\"ListItem\",\"position\":1,\"name\":\"Inicio\",\"item\":\"https:\/\/medicina.udd.cl\/centro-bioetica\/\"},{\"@type\":\"ListItem\",\"position\":2,\"name\":\"Enlaces\"}]},{\"@type\":\"WebSite\",\"@id\":\"https:\/\/medicina.udd.cl\/centro-bioetica\/#website\",\"url\":\"https:\/\/medicina.udd.cl\/centro-bioetica\/\",\"name\":\"Centro de Bio\u00e9tica\",\"description\":\"Universidad del Desarrollo\",\"inLanguage\":\"es\"}]}<\/script>\n<!-- \/ Yoast SEO plugin. -->","yoast_head_json":{"title":"Enlaces - Centro de Bio\u00e9tica","robots":{"index":"index","follow":"follow","max-snippet":"max-snippet:-1","max-image-preview":"max-image-preview:large","max-video-preview":"max-video-preview:-1"},"canonical":"https:\/\/medicina.udd.cl\/centro-bioetica\/enlaces-de-interes\/","og_locale":"es_ES","og_type":"article","og_title":"Enlaces - Centro de Bio\u00e9tica","og_description":"Encuentre los enlaces que le pueden interesar.","og_url":"https:\/\/medicina.udd.cl\/centro-bioetica\/enlaces-de-interes\/","og_site_name":"Centro de Bio\u00e9tica","article_modified_time":"2010-08-05T14:55:00+00:00","twitter_misc":{"Tiempo de lectura":"1 minuto"},"schema":{"@context":"https:\/\/schema.org","@graph":[{"@type":"WebPage","@id":"https:\/\/medicina.udd.cl\/centro-bioetica\/enlaces-de-interes\/","url":"https:\/\/medicina.udd.cl\/centro-bioetica\/enlaces-de-interes\/","name":"Enlaces - Centro de Bio\u00e9tica","isPartOf":{"@id":"https:\/\/medicina.udd.cl\/centro-bioetica\/#website"},"datePublished":"2010-05-27T16:29:20+00:00","dateModified":"2010-08-05T14:55:00+00:00","breadcrumb":{"@id":"https:\/\/medicina.udd.cl\/centro-bioetica\/enlaces-de-interes\/#breadcrumb"},"inLanguage":"es","potentialAction":[{"@type":"ReadAction","target":["https:\/\/medicina.udd.cl\/centro-bioetica\/enlaces-de-interes\/"]}]},{"@type":"BreadcrumbList","@id":"https:\/\/medicina.udd.cl\/centro-bioetica\/enlaces-de-interes\/#breadcrumb","itemListElement":[{"@type":"ListItem","position":1,"name":"Inicio","item":"https:\/\/medicina.udd.cl\/centro-bioetica\/"},{"@type":"ListItem","position":2,"name":"Enlaces"}]},{"@type":"WebSite","@id":"https:\/\/medicina.udd.cl\/centro-bioetica\/#website","url":"https:\/\/medicina.udd.cl\/centro-bioetica\/","name":"Centro de Bio\u00e9tica","description":"Universidad del Desarrollo","inLanguage":"es"}]}},"_links":{"self":[{"href":"https:\/\/medicina.udd.cl\/centro-bioetica\/wp-json\/wp\/v2\/pages\/84","targetHints":{"allow":["GET"]}}],"collection":[{"href":"https:\/\/medicina.udd.cl\/centro-bioetica\/wp-json\/wp\/v2\/pages"}],"about":[{"href":"https:\/\/medicina.udd.cl\/centro-bioetica\/wp-json\/wp\/v2\/types\/page"}],"author":[{"embeddable":true,"href":"https:\/\/medicina.udd.cl\/centro-bioetica\/wp-json\/wp\/v2\/users\/1"}],"replies":[{"embeddable":true,"href":"https:\/\/medicina.udd.cl\/centro-bioetica\/wp-json\/wp\/v2\/comments?post=84"}],"version-history":[{"count":23,"href":"https:\/\/medicina.udd.cl\/centro-bioetica\/wp-json\/wp\/v2\/pages\/84\/revisions"}],"predecessor-version":[{"id":405,"href":"https:\/\/medicina.udd.cl\/centro-bioetica\/wp-json\/wp\/v2\/pages\/84\/revisions\/405"}],"wp:attachment":[{"href":"https:\/\/medicina.udd.cl\/centro-bioetica\/wp-json\/wp\/v2\/media?parent=84"}],"curies":[{"name":"wp","href":"https:\/\/api.w.org\/{rel}","templated":true}]}}