{"id":50293,"date":"2023-07-13T03:58:06","date_gmt":"2023-07-13T01:58:06","guid":{"rendered":"https:\/\/medicina.udd.cl\/centro-de-desarrollo-educacional\/?page_id=50293"},"modified":"2026-02-25T20:55:58","modified_gmt":"2026-02-25T19:55:58","slug":"inicio-cde","status":"publish","type":"page","link":"https:\/\/medicina.udd.cl\/centro-de-desarrollo-educacional\/","title":{"rendered":"Inicio"},"content":{"rendered":"<!-- WP Block: UDD - Banners Multiple -->\n<section class=\"wp-block-udd-banners-multiple  is-style-default\">\n\t<div class=\"container\">\n\t\t\t\t<div class=\"block__content\">\n\t\t\t<div id=\"udd-banners-multiple--1\"\n\t\t\t\t\t\t\t\t>\n\t\t\t\t\t\t\t\t<div class=\"banners\">\n\t\t\t\t\t\t\t\t\t<div class=\"banner-col\n\t\t\t\t\t active\t\t\t\t\t\">\n\t\t\t\t\t\t<a href=\"https:\/\/medicina.udd.cl\/centro-de-desarrollo-educacional\/objetivos\" class=\"banner banner--multiple\" data-url=\"https:\/\/medicina.udd.cl\/centro-de-desarrollo-educacional\/objetivos\">\n\t\t\t\t\t\t\t\t\t\t\t\t\t<img loading=\"lazy\" decoding=\"async\" width=\"952\" height=\"534\" src=\"https:\/\/medicina.udd.cl\/centro-de-desarrollo-educacional\/files\/2023\/07\/paul-skorupskas-7kla-xlbsxa-unsplash-1920-680x382.jpg\" class=\"banner__image lazyload\" alt=\"\" sizes=\"auto, (max-width: 952px) 100vw, 952px\" data-src=\"https:\/\/medicina.udd.cl\/centro-de-desarrollo-educacional\/files\/2023\/07\/paul-skorupskas-7kla-xlbsxa-unsplash-1920-952x534.jpg\" data-srcset=\"https:\/\/medicina.udd.cl\/centro-de-desarrollo-educacional\/files\/2023\/07\/paul-skorupskas-7kla-xlbsxa-unsplash-1920-952x534.jpg 952w, https:\/\/medicina.udd.cl\/centro-de-desarrollo-educacional\/files\/2023\/07\/paul-skorupskas-7kla-xlbsxa-unsplash-1920-1366x768.jpg 1366w, https:\/\/medicina.udd.cl\/centro-de-desarrollo-educacional\/files\/2023\/07\/paul-skorupskas-7kla-xlbsxa-unsplash-1920-680x382.jpg 680w\" \/>\t\t\t\t\t\t\t\t\t\t\t\t\t<div class=\"banner__content\">\n\t\t\t\t\t\t\t\t<span class=\"banner__title\">OBJETIVOS<\/span>\n\t\t\t\t\t\t\t\t\t\t\t\t\t\t\t\t\t<span class=\"banner__description\">Profesionalizar la docencia, velando por su excelencia y coherencia con la misi\u00f3n y visi\u00f3n de esta Facultad y con el perfil del alumno que se quiere formar.<\/span>\n\t\t\t\t\t\t\t\t\t\t\t\t\t\t\t\t\t\t\t\t\t\t\t\t\t<span class=\"banner__action\">Conocer m\u00e1s<\/span>\n\t\t\t\t\t\t\t\t\t\t\t\t\t\t\t<\/div>\n\t\t\t\t\t\t<\/a>\n\t\t\t\t\t<\/div>\n\t\t\t\t\t\t\t\t\t<div class=\"banner-col\n\t\t\t\t\t\t\t\t\t\t\">\n\t\t\t\t\t\t<a href=\"https:\/\/medicina.udd.cl\/centro-de-desarrollo-educacional\/que-hacemos\/\" class=\"banner banner--multiple\" data-url=\"https:\/\/medicina.udd.cl\/centro-de-desarrollo-educacional\/que-hacemos\/\">\n\t\t\t\t\t\t\t\t\t\t\t\t\t<img loading=\"lazy\" decoding=\"async\" width=\"434\" height=\"506\" src=\"https:\/\/medicina.udd.cl\/centro-de-desarrollo-educacional\/files\/2024\/12\/que-hacemos.jpg\" class=\"banner__image lazyload\" alt=\"\" sizes=\"auto, (max-width: 434px) 100vw, 434px\" data-src=\"https:\/\/medicina.udd.cl\/centro-de-desarrollo-educacional\/files\/2024\/12\/que-hacemos.jpg\" data-srcset=\"https:\/\/medicina.udd.cl\/centro-de-desarrollo-educacional\/files\/2024\/12\/que-hacemos.jpg 434w, https:\/\/medicina.udd.cl\/centro-de-desarrollo-educacional\/files\/2024\/12\/que-hacemos-257x300.jpg 257w\" \/>\t\t\t\t\t\t\t\t\t\t\t\t\t<div class=\"banner__content\">\n\t\t\t\t\t\t\t\t<span class=\"banner__title\">QU\u00c9 HACEMOS<\/span>\n\t\t\t\t\t\t\t\t\t\t\t\t\t\t\t\t\t<span class=\"banner__description\">Desarrollar cursos, talleres, material educativo, Diplomado en Educaci\u00f3n en Docencia Cl\u00ednica, asesor\u00edas docentes y proyectos de investigaci\u00f3n en docencia universitaria.<\/span>\n\t\t\t\t\t\t\t\t\t\t\t\t\t\t\t\t\t\t\t\t\t\t\t\t\t<span class=\"banner__action\">Conocer m\u00e1s<\/span>\n\t\t\t\t\t\t\t\t\t\t\t\t\t\t\t<\/div>\n\t\t\t\t\t\t<\/a>\n\t\t\t\t\t<\/div>\n\t\t\t\t\t\t\t\t\t<div class=\"banner-col\n\t\t\t\t\t\t\t\t\t\t\">\n\t\t\t\t\t\t<a href=\"https:\/\/medicina.udd.cl\/centro-de-desarrollo-educacional\/nuestro-equipo\/\" class=\"banner banner--multiple\" data-url=\"https:\/\/medicina.udd.cl\/centro-de-desarrollo-educacional\/nuestro-equipo\/\">\n\t\t\t\t\t\t\t\t\t\t\t\t\t<img loading=\"lazy\" decoding=\"async\" width=\"434\" height=\"506\" src=\"https:\/\/medicina.udd.cl\/centro-de-desarrollo-educacional\/files\/2025\/10\/home-equipo-motaje-mix-v2.jpg\" class=\"banner__image lazyload\" alt=\"\" sizes=\"auto, (max-width: 434px) 100vw, 434px\" data-src=\"https:\/\/medicina.udd.cl\/centro-de-desarrollo-educacional\/files\/2025\/10\/home-equipo-motaje-mix-v2.jpg\" data-srcset=\"https:\/\/medicina.udd.cl\/centro-de-desarrollo-educacional\/files\/2025\/10\/home-equipo-motaje-mix-v2.jpg 434w, https:\/\/medicina.udd.cl\/centro-de-desarrollo-educacional\/files\/2025\/10\/home-equipo-motaje-mix-v2-257x300.jpg 257w\" \/>\t\t\t\t\t\t\t\t\t\t\t\t\t<div class=\"banner__content\">\n\t\t\t\t\t\t\t\t<span class=\"banner__title\">NUESTRO EQUIPO<\/span>\n\t\t\t\t\t\t\t\t\t\t\t\t\t\t\t\t\t<span class=\"banner__description\">Somos profesionales de primer nivel que impulsan iniciativas de apoyo al desempe\u00f1o de los docentes de la Facultad de Medicina.<\/span>\n\t\t\t\t\t\t\t\t\t\t\t\t\t\t\t\t\t\t\t\t\t\t\t\t\t<span class=\"banner__action\">Conocer m\u00e1s<\/span>\n\t\t\t\t\t\t\t\t\t\t\t\t\t\t\t<\/div>\n\t\t\t\t\t\t<\/a>\n\t\t\t\t\t<\/div>\n\t\t\t\t\t\t\t\t\t<div class=\"banner-col\n\t\t\t\t\t\t\t\t\t\t\">\n\t\t\t\t\t\t<a href=\"https:\/\/medicina.udd.cl\/centro-de-desarrollo-educacional\/sitios-de-interes\/\" class=\"banner banner--multiple\" data-url=\"https:\/\/medicina.udd.cl\/centro-de-desarrollo-educacional\/sitios-de-interes\/\">\n\t\t\t\t\t\t\t\t\t\t\t\t\t<img loading=\"lazy\" decoding=\"async\" width=\"952\" height=\"534\" src=\"https:\/\/medicina.udd.cl\/centro-de-desarrollo-educacional\/files\/2025\/10\/crop-hands-browsing-laptop-table-680x382.jpg\" class=\"banner__image lazyload\" alt=\"\" sizes=\"auto, (max-width: 952px) 100vw, 952px\" data-src=\"https:\/\/medicina.udd.cl\/centro-de-desarrollo-educacional\/files\/2025\/10\/crop-hands-browsing-laptop-table-952x534.jpg\" data-srcset=\"https:\/\/medicina.udd.cl\/centro-de-desarrollo-educacional\/files\/2025\/10\/crop-hands-browsing-laptop-table-952x534.jpg 952w, https:\/\/medicina.udd.cl\/centro-de-desarrollo-educacional\/files\/2025\/10\/crop-hands-browsing-laptop-table-1366x768.jpg 1366w, https:\/\/medicina.udd.cl\/centro-de-desarrollo-educacional\/files\/2025\/10\/crop-hands-browsing-laptop-table-680x382.jpg 680w\" \/>\t\t\t\t\t\t\t\t\t\t\t\t\t<div class=\"banner__content\">\n\t\t\t\t\t\t\t\t<span class=\"banner__title\">SITIOS DE INTER\u00c9S<\/span>\n\t\t\t\t\t\t\t\t\t\t\t\t\t\t\t\t\t<span class=\"banner__description\">Aqu\u00ed encontrar\u00e1s enlaces a centros vinculados con el CDE y su labor.<\/span>\n\t\t\t\t\t\t\t\t\t\t\t\t\t\t\t\t\t\t\t\t\t\t\t\t\t<span class=\"banner__action\">Conocer m\u00e1s<\/span>\n\t\t\t\t\t\t\t\t\t\t\t\t\t\t\t<\/div>\n\t\t\t\t\t\t<\/a>\n\t\t\t\t\t<\/div>\n\t\t\t\t\t\t\t\t<\/div>\n\t\t\t<\/div>\n\t\t<\/div>\n\t<\/div>\n<\/section>\n\n\n<section class=\"wp-block-udd-fullwidth-cards\">\n\t<div class=\"container\">\n\t\t<header class=\"block__header\">\n\t\t\t<h2 class=\"block__title\">Noticias<\/h2>\n\t\t\t\t\t\t<a target=\"_blank\" rel=\"noreferer noopener\" href=\"https:\/\/medicina.udd.cl\/categoria\/cde\/\" class=\"block__view-more\">Ver m\u00e1s<\/a>\n\t\t\t\t\t<\/header>\n\t\t<div class=\"block__content\">\n\t\t\t<div class=\"fullwidth-cards\">\n\t\t\t\t\t\t\t<div class=\"fullwidth-card-wrapper\">\n\t\t\t\t\t<a href=\"https:\/\/medicina.udd.cl\/noticias\/2026\/03\/diplomado-en-educacion-en-docencia-clinica-udd-inicia-su-xix-version-con-amplia-participacion-de-profesionales-de-la-salud\/\" class=\"fullwidth-card fullwidth-card--linkable\">\n\t\t\t\t\t\t<img class=\"fullwidth-card__image wp-post-image\" decoding=\"async\" loading=\"lazy\" width=\"500\" height=\"500\" src=\"https:\/\/medicina.udd.cl\/files\/2026\/03\/cde-inicio-diplomado-edc-2026-48-500x500.jpg\" alt=\"\" srcset=\"https:\/\/medicina.udd.cl\/files\/2026\/03\/cde-inicio-diplomado-edc-2026-48-150x150.jpg 150w, https:\/\/medicina.udd.cl\/files\/2026\/03\/cde-inicio-diplomado-edc-2026-48-62x62.jpg 62w, https:\/\/medicina.udd.cl\/files\/2026\/03\/cde-inicio-diplomado-edc-2026-48-750x750.jpg 750w, https:\/\/medicina.udd.cl\/files\/2026\/03\/cde-inicio-diplomado-edc-2026-48-500x500.jpg 500w, https:\/\/medicina.udd.cl\/files\/2026\/03\/cde-inicio-diplomado-edc-2026-48-250x250.jpg 250w, https:\/\/medicina.udd.cl\/files\/2026\/03\/cde-inicio-diplomado-edc-2026-48-126x126.jpg 126w\" sizes=\"auto, (max-width: 500px) 100vw, 500px\" >\t\t\t\t\t\t<div class=\"fullwidth-card__content\">\n\t\t\t\t\t\t\t<span class=\"fullwidth-card__date\">23 de marzo 2026<\/span>\n\t\t\t\t\t\t\t<h3 class=\"fullwidth-card__title\">Diplomado en Educaci\u00f3n en Docencia Cl\u00ednica UDD inicia su XIX versi\u00f3n con amplia participaci\u00f3n de profesionales de la salud<\/h3>\n\t\t\t\t\t\t\t<span class=\"fullwidth-card__link\">Conocer m\u00e1s<\/span>\n\t\t\t\t\t\t<\/div>\n\t\t\t\t\t<\/a>\n\t\t\t\t<\/div>\n\t\t\t\t\t\t\t<div class=\"fullwidth-card-wrapper\">\n\t\t\t\t\t<a href=\"https:\/\/medicina.udd.cl\/noticias\/2025\/11\/casev-udd-obtiene-reconocimiento-en-el-congreso-chileno-de-medicina-del-estilo-de-vida\/\" class=\"fullwidth-card fullwidth-card--linkable\">\n\t\t\t\t\t\t<img class=\"fullwidth-card__image wp-post-image\" decoding=\"async\" loading=\"lazy\" width=\"150\" height=\"150\" src=\"https:\/\/medicina.udd.cl\/files\/2025\/11\/casev-en-congreso-medicina-estilo-de-vida_web-150x150.png\" alt=\"\" srcset=\"https:\/\/medicina.udd.cl\/files\/2025\/11\/casev-en-congreso-medicina-estilo-de-vida_web-150x150.png 150w, https:\/\/medicina.udd.cl\/files\/2025\/11\/casev-en-congreso-medicina-estilo-de-vida_web-62x62.png 62w, https:\/\/medicina.udd.cl\/files\/2025\/11\/casev-en-congreso-medicina-estilo-de-vida_web-250x250.png 250w, https:\/\/medicina.udd.cl\/files\/2025\/11\/casev-en-congreso-medicina-estilo-de-vida_web-126x126.png 126w\" sizes=\"auto, (max-width: 500px) 100vw, 500px\" >\t\t\t\t\t\t<div class=\"fullwidth-card__content\">\n\t\t\t\t\t\t\t<span class=\"fullwidth-card__date\">11 de noviembre 2025<\/span>\n\t\t\t\t\t\t\t<h3 class=\"fullwidth-card__title\">CASEV UDD obtiene reconocimiento en el Congreso Chileno de Medicina del Estilo de Vida<\/h3>\n\t\t\t\t\t\t\t<span class=\"fullwidth-card__link\">Conocer m\u00e1s<\/span>\n\t\t\t\t\t\t<\/div>\n\t\t\t\t\t<\/a>\n\t\t\t\t<\/div>\n\t\t\t\t\t\t\t<div class=\"fullwidth-card-wrapper\">\n\t\t\t\t\t<a href=\"https:\/\/medicina.udd.cl\/noticias\/2025\/10\/diplomado-en-docencia-clinica-culmina-su-xviii-version-con-presentacion-de-investigaciones\/\" class=\"fullwidth-card fullwidth-card--linkable\">\n\t\t\t\t\t\t<img class=\"fullwidth-card__image wp-post-image\" decoding=\"async\" loading=\"lazy\" width=\"500\" height=\"500\" src=\"https:\/\/medicina.udd.cl\/files\/2025\/10\/cierre-diplomado-docencia-medica-2025-3-500x500.jpg\" alt=\"\" srcset=\"https:\/\/medicina.udd.cl\/files\/2025\/10\/cierre-diplomado-docencia-medica-2025-3-150x150.jpg 150w, https:\/\/medicina.udd.cl\/files\/2025\/10\/cierre-diplomado-docencia-medica-2025-3-62x62.jpg 62w, https:\/\/medicina.udd.cl\/files\/2025\/10\/cierre-diplomado-docencia-medica-2025-3-750x750.jpg 750w, https:\/\/medicina.udd.cl\/files\/2025\/10\/cierre-diplomado-docencia-medica-2025-3-500x500.jpg 500w, https:\/\/medicina.udd.cl\/files\/2025\/10\/cierre-diplomado-docencia-medica-2025-3-250x250.jpg 250w, https:\/\/medicina.udd.cl\/files\/2025\/10\/cierre-diplomado-docencia-medica-2025-3-126x126.jpg 126w\" sizes=\"auto, (max-width: 500px) 100vw, 500px\" >\t\t\t\t\t\t<div class=\"fullwidth-card__content\">\n\t\t\t\t\t\t\t<span class=\"fullwidth-card__date\">29 de octubre 2025<\/span>\n\t\t\t\t\t\t\t<h3 class=\"fullwidth-card__title\">Diplomado en Docencia Cl\u00ednica culmina su XVIII versi\u00f3n con presentaci\u00f3n de investigaciones\u00a0<\/h3>\n\t\t\t\t\t\t\t<span class=\"fullwidth-card__link\">Conocer m\u00e1s<\/span>\n\t\t\t\t\t\t<\/div>\n\t\t\t\t\t<\/a>\n\t\t\t\t<\/div>\n\t\t\t\t\t\t\t<div class=\"fullwidth-card-wrapper\">\n\t\t\t\t\t<a href=\"https:\/\/medicina.udd.cl\/noticias\/2025\/08\/paisajes-del-interior-unio-arte-arquitectura-y-medicina-en-la-semana-cultural-udd\/\" class=\"fullwidth-card fullwidth-card--linkable\">\n\t\t\t\t\t\t<img class=\"fullwidth-card__image wp-post-image\" decoding=\"async\" loading=\"lazy\" width=\"500\" height=\"500\" src=\"https:\/\/medicina.udd.cl\/files\/2025\/09\/chm-dia-arquitectura-2025-49-500x500.jpg\" alt=\"\" srcset=\"https:\/\/medicina.udd.cl\/files\/2025\/09\/chm-dia-arquitectura-2025-49-150x150.jpg 150w, https:\/\/medicina.udd.cl\/files\/2025\/09\/chm-dia-arquitectura-2025-49-62x62.jpg 62w, https:\/\/medicina.udd.cl\/files\/2025\/09\/chm-dia-arquitectura-2025-49-750x750.jpg 750w, https:\/\/medicina.udd.cl\/files\/2025\/09\/chm-dia-arquitectura-2025-49-500x500.jpg 500w, https:\/\/medicina.udd.cl\/files\/2025\/09\/chm-dia-arquitectura-2025-49-250x250.jpg 250w, https:\/\/medicina.udd.cl\/files\/2025\/09\/chm-dia-arquitectura-2025-49-126x126.jpg 126w\" sizes=\"auto, (max-width: 500px) 100vw, 500px\" >\t\t\t\t\t\t<div class=\"fullwidth-card__content\">\n\t\t\t\t\t\t\t<span class=\"fullwidth-card__date\">29 de agosto 2025<\/span>\n\t\t\t\t\t\t\t<h3 class=\"fullwidth-card__title\">\u201cPaisajes del interior\u201d uni\u00f3 arte, arquitectura y medicina en la Semana Cultural UDD<\/h3>\n\t\t\t\t\t\t\t<span class=\"fullwidth-card__link\">Conocer m\u00e1s<\/span>\n\t\t\t\t\t\t<\/div>\n\t\t\t\t\t<\/a>\n\t\t\t\t<\/div>\n\t\t\t\t\t\t\t<div class=\"fullwidth-card-wrapper\">\n\t\t\t\t\t<a href=\"https:\/\/medicina.udd.cl\/noticias\/2025\/08\/ii-jornada-en-docencia-clinica-en-neurociencias-y-encuentro-clinico-mindfulness-y-compasion-para-cultivar-el-bienestar\/\" class=\"fullwidth-card fullwidth-card--linkable\">\n\t\t\t\t\t\t<img class=\"fullwidth-card__image wp-post-image\" decoding=\"async\" loading=\"lazy\" width=\"500\" height=\"500\" src=\"https:\/\/medicina.udd.cl\/files\/2025\/08\/imagen-de-whatsapp-2025-08-01-a-las-16-03-03_d9eeb9cc-1-500x500.jpg\" alt=\"\" srcset=\"https:\/\/medicina.udd.cl\/files\/2025\/08\/imagen-de-whatsapp-2025-08-01-a-las-16-03-03_d9eeb9cc-1-150x150.jpg 150w, https:\/\/medicina.udd.cl\/files\/2025\/08\/imagen-de-whatsapp-2025-08-01-a-las-16-03-03_d9eeb9cc-1-62x62.jpg 62w, https:\/\/medicina.udd.cl\/files\/2025\/08\/imagen-de-whatsapp-2025-08-01-a-las-16-03-03_d9eeb9cc-1-750x750.jpg 750w, https:\/\/medicina.udd.cl\/files\/2025\/08\/imagen-de-whatsapp-2025-08-01-a-las-16-03-03_d9eeb9cc-1-500x500.jpg 500w, https:\/\/medicina.udd.cl\/files\/2025\/08\/imagen-de-whatsapp-2025-08-01-a-las-16-03-03_d9eeb9cc-1-250x250.jpg 250w, https:\/\/medicina.udd.cl\/files\/2025\/08\/imagen-de-whatsapp-2025-08-01-a-las-16-03-03_d9eeb9cc-1-126x126.jpg 126w\" sizes=\"auto, (max-width: 500px) 100vw, 500px\" >\t\t\t\t\t\t<div class=\"fullwidth-card__content\">\n\t\t\t\t\t\t\t<span class=\"fullwidth-card__date\">1 de agosto 2025<\/span>\n\t\t\t\t\t\t\t<h3 class=\"fullwidth-card__title\">II Jornada en Docencia Cl\u00ednica en Neurociencias y Encuentro Cl\u00ednico: Mindfulness y compasi\u00f3n para cultivar el bienestar<\/h3>\n\t\t\t\t\t\t\t<span class=\"fullwidth-card__link\">Conocer m\u00e1s<\/span>\n\t\t\t\t\t\t<\/div>\n\t\t\t\t\t<\/a>\n\t\t\t\t<\/div>\n\t\t\t\t\t\t<\/div>\n\t\t<\/div>\n\t<\/div>\n<\/section>\n\n\n\n<!-- WP Block: UDD - People -->\n<section class=\"wp-block-udd-contacts is-style-default\">\n\t\t<div class=\"block__bg\">\n\t\t\t\t\t<img loading=\"lazy\" decoding=\"async\" width=\"680\" height=\"382\" src=\"https:\/\/medicina.udd.cl\/centro-de-desarrollo-educacional\/files\/2024\/01\/mac-fotografia-1-e1704434142688-680x382.jpg\" class=\"block__bg-image object-cover lazyload\" alt=\"\" sizes=\"auto, (max-width: 680px) 100vw, 680px\" data-src=\"https:\/\/medicina.udd.cl\/centro-de-desarrollo-educacional\/files\/2024\/01\/mac-fotografia-1-e1704434142688-680x382.jpg\" data-srcset=\"https:\/\/medicina.udd.cl\/centro-de-desarrollo-educacional\/files\/2024\/01\/mac-fotografia-1-e1704434142688-680x382.jpg 680w, https:\/\/medicina.udd.cl\/centro-de-desarrollo-educacional\/files\/2024\/01\/mac-fotografia-1-e1704434142688-1920x1080.jpg 1920w, https:\/\/medicina.udd.cl\/centro-de-desarrollo-educacional\/files\/2024\/01\/mac-fotografia-1-e1704434142688-1366x768.jpg 1366w, https:\/\/medicina.udd.cl\/centro-de-desarrollo-educacional\/files\/2024\/01\/mac-fotografia-1-e1704434142688-952x534.jpg 952w\" \/>\t\t\t<\/div>\n\t\t<div class=\"container\">\n\t\t<header class=\"block__header\">\n\t\t\t<h2 class=\"block__title\">CONT\u00c1CTANOS<\/h2>\n\t\t<\/header>\n\t\t<div class=\"block__content\">\n\t\t\t<ul class=\"contacts\">\n\t\t\t\t\t\t\t<li class=\"contact\">\n\t\t\t\t\t<div class=\"person-contact\">\n\t\t\t\t\t\t\t\t\t\t\t\t<h3 class=\"person-contact__name\">Centro de Desarrollo Educacional<\/h3>\n\t\t\t\t\t\t\t\t\t\t\t\t\t\t\t\t\t\t<span class=\"person-contact__job-title\">Facultad de Medicina Cl\u00ednica Alemana Universidad del Desarrollo<\/span>\n\t\t\t\t\t\t\t\t\t\t\t\t\t\t\t\t\t\t\t\t\t\t\t\t\t\t\t\t\t\t\t<span class=\"person-contact__email\">Email: <a href=\"mailto:&#99;o&#110;&#116;&#97;cto&#99;&#100;&#101;&#64;&#117;dd&#46;&#99;l\">&#99;ont&#97;ct&#111;cd&#101;&#64;&#117;&#100;d.cl<\/a><\/span>\n\t\t\t\t\t\t\t\t\t\t\t<\/div>\n\t\t\t\t<\/li>\n\t\t\t\t\t\t<\/ul>\n\t\t<\/div>\n\t<\/div>\n<\/section>\n","protected":false},"excerpt":{"rendered":"","protected":false},"author":9192239,"featured_media":0,"parent":0,"menu_order":0,"comment_status":"closed","ping_status":"closed","template":"","meta":{"footnotes":""},"class_list":["post-50293","page","type-page","status-publish","hentry"],"yoast_head":"<!-- This site is optimized with the Yoast SEO plugin v26.9 - https:\/\/yoast.com\/product\/yoast-seo-wordpress\/ -->\n<title>Inicio - Centro de Desarrollo Educacional<\/title>\n<meta name=\"description\" content=\"Conociendo CDE\" \/>\n<meta name=\"robots\" content=\"index, follow, max-snippet:-1, max-image-preview:large, max-video-preview:-1\" \/>\n<link rel=\"canonical\" href=\"https:\/\/medicina.udd.cl\/centro-de-desarrollo-educacional\/\" \/>\n<meta property=\"og:locale\" content=\"es_ES\" \/>\n<meta property=\"og:type\" content=\"article\" \/>\n<meta property=\"og:title\" content=\"Inicio - Centro de Desarrollo Educacional\" \/>\n<meta property=\"og:description\" content=\"Conociendo CDE\" \/>\n<meta property=\"og:url\" content=\"https:\/\/medicina.udd.cl\/centro-de-desarrollo-educacional\/\" \/>\n<meta property=\"og:site_name\" content=\"Centro de Desarrollo Educacional\" \/>\n<meta property=\"article:modified_time\" content=\"2026-02-25T19:55:58+00:00\" \/>\n<meta name=\"twitter:card\" content=\"summary_large_image\" \/>\n<meta name=\"twitter:label1\" content=\"Tiempo de lectura\" \/>\n\t<meta name=\"twitter:data1\" content=\"1 minuto\" \/>\n<script type=\"application\/ld+json\" class=\"yoast-schema-graph\">{\"@context\":\"https:\/\/schema.org\",\"@graph\":[{\"@type\":\"WebPage\",\"@id\":\"https:\/\/medicina.udd.cl\/centro-de-desarrollo-educacional\/\",\"url\":\"https:\/\/medicina.udd.cl\/centro-de-desarrollo-educacional\/\",\"name\":\"Inicio - Centro de Desarrollo Educacional\",\"isPartOf\":{\"@id\":\"https:\/\/medicina.udd.cl\/centro-de-desarrollo-educacional\/#website\"},\"datePublished\":\"2023-07-13T01:58:06+00:00\",\"dateModified\":\"2026-02-25T19:55:58+00:00\",\"description\":\"Conociendo CDE\",\"breadcrumb\":{\"@id\":\"https:\/\/medicina.udd.cl\/centro-de-desarrollo-educacional\/#breadcrumb\"},\"inLanguage\":\"es\",\"potentialAction\":[{\"@type\":\"ReadAction\",\"target\":[\"https:\/\/medicina.udd.cl\/centro-de-desarrollo-educacional\/\"]}]},{\"@type\":\"BreadcrumbList\",\"@id\":\"https:\/\/medicina.udd.cl\/centro-de-desarrollo-educacional\/#breadcrumb\",\"itemListElement\":[{\"@type\":\"ListItem\",\"position\":1,\"name\":\"Portada\",\"item\":\"https:\/\/medicina.udd.cl\/centro-de-desarrollo-educacional\/\"},{\"@type\":\"ListItem\",\"position\":2,\"name\":\"Inicio\"}]},{\"@type\":\"WebSite\",\"@id\":\"https:\/\/medicina.udd.cl\/centro-de-desarrollo-educacional\/#website\",\"url\":\"https:\/\/medicina.udd.cl\/centro-de-desarrollo-educacional\/\",\"name\":\"Centro de Desarrollo Educacional\",\"description\":\"Docencia, apoyo y capacitaci\u00f3n en Medicina\",\"inLanguage\":\"es\"}]}<\/script>\n<!-- \/ Yoast SEO plugin. -->","yoast_head_json":{"title":"Inicio - Centro de Desarrollo Educacional","description":"Conociendo CDE","robots":{"index":"index","follow":"follow","max-snippet":"max-snippet:-1","max-image-preview":"max-image-preview:large","max-video-preview":"max-video-preview:-1"},"canonical":"https:\/\/medicina.udd.cl\/centro-de-desarrollo-educacional\/","og_locale":"es_ES","og_type":"article","og_title":"Inicio - Centro de Desarrollo Educacional","og_description":"Conociendo CDE","og_url":"https:\/\/medicina.udd.cl\/centro-de-desarrollo-educacional\/","og_site_name":"Centro de Desarrollo Educacional","article_modified_time":"2026-02-25T19:55:58+00:00","twitter_card":"summary_large_image","twitter_misc":{"Tiempo de lectura":"1 minuto"},"schema":{"@context":"https:\/\/schema.org","@graph":[{"@type":"WebPage","@id":"https:\/\/medicina.udd.cl\/centro-de-desarrollo-educacional\/","url":"https:\/\/medicina.udd.cl\/centro-de-desarrollo-educacional\/","name":"Inicio - Centro de Desarrollo Educacional","isPartOf":{"@id":"https:\/\/medicina.udd.cl\/centro-de-desarrollo-educacional\/#website"},"datePublished":"2023-07-13T01:58:06+00:00","dateModified":"2026-02-25T19:55:58+00:00","description":"Conociendo CDE","breadcrumb":{"@id":"https:\/\/medicina.udd.cl\/centro-de-desarrollo-educacional\/#breadcrumb"},"inLanguage":"es","potentialAction":[{"@type":"ReadAction","target":["https:\/\/medicina.udd.cl\/centro-de-desarrollo-educacional\/"]}]},{"@type":"BreadcrumbList","@id":"https:\/\/medicina.udd.cl\/centro-de-desarrollo-educacional\/#breadcrumb","itemListElement":[{"@type":"ListItem","position":1,"name":"Portada","item":"https:\/\/medicina.udd.cl\/centro-de-desarrollo-educacional\/"},{"@type":"ListItem","position":2,"name":"Inicio"}]},{"@type":"WebSite","@id":"https:\/\/medicina.udd.cl\/centro-de-desarrollo-educacional\/#website","url":"https:\/\/medicina.udd.cl\/centro-de-desarrollo-educacional\/","name":"Centro de Desarrollo Educacional","description":"Docencia, apoyo y capacitaci\u00f3n en Medicina","inLanguage":"es"}]}},"_links":{"self":[{"href":"https:\/\/medicina.udd.cl\/centro-de-desarrollo-educacional\/wp-json\/wp\/v2\/pages\/50293","targetHints":{"allow":["GET"]}}],"collection":[{"href":"https:\/\/medicina.udd.cl\/centro-de-desarrollo-educacional\/wp-json\/wp\/v2\/pages"}],"about":[{"href":"https:\/\/medicina.udd.cl\/centro-de-desarrollo-educacional\/wp-json\/wp\/v2\/types\/page"}],"author":[{"embeddable":true,"href":"https:\/\/medicina.udd.cl\/centro-de-desarrollo-educacional\/wp-json\/wp\/v2\/users\/9192239"}],"replies":[{"embeddable":true,"href":"https:\/\/medicina.udd.cl\/centro-de-desarrollo-educacional\/wp-json\/wp\/v2\/comments?post=50293"}],"version-history":[{"count":50,"href":"https:\/\/medicina.udd.cl\/centro-de-desarrollo-educacional\/wp-json\/wp\/v2\/pages\/50293\/revisions"}],"predecessor-version":[{"id":51869,"href":"https:\/\/medicina.udd.cl\/centro-de-desarrollo-educacional\/wp-json\/wp\/v2\/pages\/50293\/revisions\/51869"}],"wp:attachment":[{"href":"https:\/\/medicina.udd.cl\/centro-de-desarrollo-educacional\/wp-json\/wp\/v2\/media?parent=50293"}],"curies":[{"name":"wp","href":"https:\/\/api.w.org\/{rel}","templated":true}]}}