{"id":50358,"date":"2024-01-05T07:07:29","date_gmt":"2024-01-05T06:07:29","guid":{"rendered":"https:\/\/medicina.udd.cl\/centro-de-desarrollo-educacional\/?page_id=50358"},"modified":"2025-05-13T09:12:36","modified_gmt":"2025-05-13T07:12:36","slug":"objetivos","status":"publish","type":"page","link":"https:\/\/medicina.udd.cl\/centro-de-desarrollo-educacional\/objetivos\/","title":{"rendered":"Objetivos"},"content":{"rendered":"<!-- WP Block: UDD - Cards Alternate -->\n<section class=\"wp-block-udd-cards\" style=\"--udd-blocks-has-columns-number: 7\">\n\t<div class=\"container\">\n\t\t\t\t\t<header class=\"header__innerblock block__header\">\n\t\t\t\n<h2 class=\"wp-block-heading\">OBJETIVOS DEL CENTRO DE DESARROLLO EDUCACIONAL<\/h2>\n\t\n\t\n\t<\/header>\n\t\t\t\t<div class=\"block__content\">\n\t\t\t<div class=\"cards\">\n\t\t\t\t\t\t\t\t\t\t\t\t\t\t\t\t\t<div class=\"card-wrapper\">\n\t\t\t\t\t\t<div class=\"card\">\n\t\t\t\t\t\t\t<h3 class=\"card__title\">Estandarizar<\/h3>\n\t\t\t\t\t\t\t\t\t\t\t\t\t\t<div class=\"card__description\">\n\t\t\t\t\t\t\t\t<p><img loading=\"lazy\" decoding=\"async\" width=\"355\" height=\"341\" class=\"wp-image-50368\" style=\"width: 60px\" src=\"https:\/\/medicina.udd.cl\/centro-de-desarrollo-educacional\/files\/2023\/09\/estandarizar.png\" alt=\"\" srcset=\"https:\/\/medicina.udd.cl\/centro-de-desarrollo-educacional\/files\/2023\/09\/estandarizar.png 355w, https:\/\/medicina.udd.cl\/centro-de-desarrollo-educacional\/files\/2023\/09\/estandarizar-300x288.png 300w\" sizes=\"auto, (max-width: 355px) 100vw, 355px\" \/><\/p>\n<p>Generar y comunicar orientaciones y est\u00e1ndares en relaci\u00f3n a los procesos de ense\u00f1anza \u2013 aprendizaje y evaluaci\u00f3n que ocurren en la Facultad de Medicina Cl\u00ednica Alemana Universidad del Desarrollo.<\/p>\n\t\t\t\t\t\t\t<\/div>\n\t\t\t\t\t\t\t\t\t\t\t\t\t<\/div>\n\t\t\t\t\t<\/div>\n\t\t\t\t\t\t\t\t\t\t\t\t\t\t\t\t\t\t\t\t\t<div class=\"card-wrapper\">\n\t\t\t\t\t\t<div class=\"card\">\n\t\t\t\t\t\t\t<h3 class=\"card__title\">Formar<\/h3>\n\t\t\t\t\t\t\t\t\t\t\t\t\t\t<div class=\"card__description\">\n\t\t\t\t\t\t\t\t<p><img loading=\"lazy\" decoding=\"async\" width=\"355\" height=\"356\" class=\"wp-image-50367\" style=\"width: 60px\" src=\"https:\/\/medicina.udd.cl\/centro-de-desarrollo-educacional\/files\/2023\/09\/formar.png\" alt=\"\" srcset=\"https:\/\/medicina.udd.cl\/centro-de-desarrollo-educacional\/files\/2023\/09\/formar.png 355w, https:\/\/medicina.udd.cl\/centro-de-desarrollo-educacional\/files\/2023\/09\/formar-300x300.png 300w, https:\/\/medicina.udd.cl\/centro-de-desarrollo-educacional\/files\/2023\/09\/formar-150x150.png 150w, https:\/\/medicina.udd.cl\/centro-de-desarrollo-educacional\/files\/2023\/09\/formar-62x62.png 62w, https:\/\/medicina.udd.cl\/centro-de-desarrollo-educacional\/files\/2023\/09\/formar-250x250.png 250w, https:\/\/medicina.udd.cl\/centro-de-desarrollo-educacional\/files\/2023\/09\/formar-126x126.png 126w, https:\/\/medicina.udd.cl\/centro-de-desarrollo-educacional\/files\/2023\/09\/formar-120x120.png 120w\" sizes=\"auto, (max-width: 355px) 100vw, 355px\" \/><\/p>\n<p>Generar espacios organizados de formaci\u00f3n docente para los profesores de la Facultad de Medicina Cl\u00ednica Alemana Universidad del Desarrollo, cuidando que \u00e9stos sean de la m\u00e1s alta calidad.<\/p>\n\t\t\t\t\t\t\t<\/div>\n\t\t\t\t\t\t\t\t\t\t\t\t\t<\/div>\n\t\t\t\t\t<\/div>\n\t\t\t\t\t\t\t\t\t\t\t\t\t\t\t\t\t\t\t\t\t<div class=\"card-wrapper\">\n\t\t\t\t\t\t<div class=\"card\">\n\t\t\t\t\t\t\t<h3 class=\"card__title\">Reconocer<\/h3>\n\t\t\t\t\t\t\t\t\t\t\t\t\t\t<div class=\"card__description\">\n\t\t\t\t\t\t\t\t<p><img loading=\"lazy\" decoding=\"async\" width=\"512\" height=\"512\" class=\"wp-image-50437\" style=\"width: 60px\" src=\"https:\/\/medicina.udd.cl\/centro-de-desarrollo-educacional\/files\/2023\/11\/educacioncontinua-iconblue.png\" alt=\"\" srcset=\"https:\/\/medicina.udd.cl\/centro-de-desarrollo-educacional\/files\/2023\/11\/educacioncontinua-iconblue.png 512w, https:\/\/medicina.udd.cl\/centro-de-desarrollo-educacional\/files\/2023\/11\/educacioncontinua-iconblue-300x300.png 300w, https:\/\/medicina.udd.cl\/centro-de-desarrollo-educacional\/files\/2023\/11\/educacioncontinua-iconblue-150x150.png 150w, https:\/\/medicina.udd.cl\/centro-de-desarrollo-educacional\/files\/2023\/11\/educacioncontinua-iconblue-62x62.png 62w, https:\/\/medicina.udd.cl\/centro-de-desarrollo-educacional\/files\/2023\/11\/educacioncontinua-iconblue-500x500.png 500w, https:\/\/medicina.udd.cl\/centro-de-desarrollo-educacional\/files\/2023\/11\/educacioncontinua-iconblue-250x250.png 250w, https:\/\/medicina.udd.cl\/centro-de-desarrollo-educacional\/files\/2023\/11\/educacioncontinua-iconblue-126x126.png 126w, https:\/\/medicina.udd.cl\/centro-de-desarrollo-educacional\/files\/2023\/11\/educacioncontinua-iconblue-120x120.png 120w\" sizes=\"auto, (max-width: 512px) 100vw, 512px\" \/><\/p>\n<p>Generar y promover mecanismos de incentivo y reconocimiento a la docencia de excelencia en la Facultad de Medicina Cl\u00ednica Alemana Universidad del Desarrollo.<\/p>\n\t\t\t\t\t\t\t<\/div>\n\t\t\t\t\t\t\t\t\t\t\t\t\t<\/div>\n\t\t\t\t\t<\/div>\n\t\t\t\t\t\t\t\t\t\t\t\t\t\t\t\t\t\t\t\t\t<div class=\"card-wrapper\">\n\t\t\t\t\t\t<div class=\"card\">\n\t\t\t\t\t\t\t<h3 class=\"card__title\">Monitorear<\/h3>\n\t\t\t\t\t\t\t\t\t\t\t\t\t\t<div class=\"card__description\">\n\t\t\t\t\t\t\t\t<p><img loading=\"lazy\" decoding=\"async\" width=\"355\" height=\"356\" class=\"wp-image-50365\" style=\"width: 60px\" src=\"https:\/\/medicina.udd.cl\/centro-de-desarrollo-educacional\/files\/2023\/09\/monitorear-2.png\" alt=\"\" srcset=\"https:\/\/medicina.udd.cl\/centro-de-desarrollo-educacional\/files\/2023\/09\/monitorear-2.png 355w, https:\/\/medicina.udd.cl\/centro-de-desarrollo-educacional\/files\/2023\/09\/monitorear-2-300x300.png 300w, https:\/\/medicina.udd.cl\/centro-de-desarrollo-educacional\/files\/2023\/09\/monitorear-2-150x150.png 150w, https:\/\/medicina.udd.cl\/centro-de-desarrollo-educacional\/files\/2023\/09\/monitorear-2-62x62.png 62w, https:\/\/medicina.udd.cl\/centro-de-desarrollo-educacional\/files\/2023\/09\/monitorear-2-250x250.png 250w, https:\/\/medicina.udd.cl\/centro-de-desarrollo-educacional\/files\/2023\/09\/monitorear-2-126x126.png 126w, https:\/\/medicina.udd.cl\/centro-de-desarrollo-educacional\/files\/2023\/09\/monitorear-2-120x120.png 120w\" sizes=\"auto, (max-width: 355px) 100vw, 355px\" \/><br \/>Velar porque en cada carrera de la Facultad de Medicina Cl\u00ednica Alemana Universidad del Desarrollo se generen mecanismos de seguimiento, que aseguren el cumplimiento de los est\u00e1ndares y orientaciones de los procesos de ense\u00f1anza \u2013 aprendizaje declarados por la Facultad a trav\u00e9s del CDE.<\/p>\n\t\t\t\t\t\t\t<\/div>\n\t\t\t\t\t\t\t\t\t\t\t\t\t<\/div>\n\t\t\t\t\t<\/div>\n\t\t\t\t\t\t\t\t\t\t\t\t\t\t\t\t\t\t\t\t\t<div class=\"card-wrapper\">\n\t\t\t\t\t\t<div class=\"card\">\n\t\t\t\t\t\t\t<h3 class=\"card__title\">Sistematizar<\/h3>\n\t\t\t\t\t\t\t\t\t\t\t\t\t\t<div class=\"card__description\">\n\t\t\t\t\t\t\t\t<p><img loading=\"lazy\" decoding=\"async\" width=\"355\" height=\"356\" class=\"wp-image-50362\" style=\"width: 60px\" src=\"https:\/\/medicina.udd.cl\/centro-de-desarrollo-educacional\/files\/2023\/09\/sistematizar.png\" alt=\"\" srcset=\"https:\/\/medicina.udd.cl\/centro-de-desarrollo-educacional\/files\/2023\/09\/sistematizar.png 355w, https:\/\/medicina.udd.cl\/centro-de-desarrollo-educacional\/files\/2023\/09\/sistematizar-300x300.png 300w, https:\/\/medicina.udd.cl\/centro-de-desarrollo-educacional\/files\/2023\/09\/sistematizar-150x150.png 150w, https:\/\/medicina.udd.cl\/centro-de-desarrollo-educacional\/files\/2023\/09\/sistematizar-62x62.png 62w, https:\/\/medicina.udd.cl\/centro-de-desarrollo-educacional\/files\/2023\/09\/sistematizar-250x250.png 250w, https:\/\/medicina.udd.cl\/centro-de-desarrollo-educacional\/files\/2023\/09\/sistematizar-126x126.png 126w, https:\/\/medicina.udd.cl\/centro-de-desarrollo-educacional\/files\/2023\/09\/sistematizar-120x120.png 120w\" sizes=\"auto, (max-width: 355px) 100vw, 355px\" \/><br \/>Levantar datos relacionados con docencia, sistematiz\u00e1ndolos y comunic\u00e1ndolos de manera que sea informaci\u00f3n de utilidad para la toma de decisiones institucional.<\/p>\n\t\t\t\t\t\t\t<\/div>\n\t\t\t\t\t\t\t\t\t\t\t\t\t<\/div>\n\t\t\t\t\t<\/div>\n\t\t\t\t\t\t\t\t\t\t\t\t\t\t\t\t\t\t\t\t\t<div class=\"card-wrapper\">\n\t\t\t\t\t\t<div class=\"card\">\n\t\t\t\t\t\t\t<h3 class=\"card__title\">Incentivar<\/h3>\n\t\t\t\t\t\t\t\t\t\t\t\t\t\t<div class=\"card__description\">\n\t\t\t\t\t\t\t\t<p><img loading=\"lazy\" decoding=\"async\" width=\"359\" height=\"360\" class=\"wp-image-50361\" style=\"width: 60px\" src=\"https:\/\/medicina.udd.cl\/centro-de-desarrollo-educacional\/files\/2023\/09\/incentivar.png\" alt=\"\" srcset=\"https:\/\/medicina.udd.cl\/centro-de-desarrollo-educacional\/files\/2023\/09\/incentivar.png 359w, https:\/\/medicina.udd.cl\/centro-de-desarrollo-educacional\/files\/2023\/09\/incentivar-300x300.png 300w, https:\/\/medicina.udd.cl\/centro-de-desarrollo-educacional\/files\/2023\/09\/incentivar-150x150.png 150w, https:\/\/medicina.udd.cl\/centro-de-desarrollo-educacional\/files\/2023\/09\/incentivar-62x62.png 62w, https:\/\/medicina.udd.cl\/centro-de-desarrollo-educacional\/files\/2023\/09\/incentivar-250x250.png 250w, https:\/\/medicina.udd.cl\/centro-de-desarrollo-educacional\/files\/2023\/09\/incentivar-126x126.png 126w, https:\/\/medicina.udd.cl\/centro-de-desarrollo-educacional\/files\/2023\/09\/incentivar-120x120.png 120w\" sizes=\"auto, (max-width: 359px) 100vw, 359px\" \/><br \/>Apoyar la participaci\u00f3n de la comunidad educativa en instancias relacionadas con la ense\u00f1anza de las ciencias de la salud (congresos, seminarios, entre otros).<\/p>\n\t\t\t\t\t\t\t<\/div>\n\t\t\t\t\t\t\t\t\t\t\t\t\t<\/div>\n\t\t\t\t\t<\/div>\n\t\t\t\t\t\t\t\t\t\t\t\t\t\t\t\t\t\t\t\t\t<div class=\"card-wrapper\">\n\t\t\t\t\t\t<div class=\"card\">\n\t\t\t\t\t\t\t<h3 class=\"card__title\">Investigar<\/h3>\n\t\t\t\t\t\t\t\t\t\t\t\t\t\t<div class=\"card__description\">\n\t\t\t\t\t\t\t\t<p><img loading=\"lazy\" decoding=\"async\" width=\"356\" height=\"355\" class=\"wp-image-50887\" style=\"width: 70px\" src=\"https:\/\/medicina.udd.cl\/centro-de-desarrollo-educacional\/files\/2024\/05\/investigar-v2.png\" alt=\"\" srcset=\"https:\/\/medicina.udd.cl\/centro-de-desarrollo-educacional\/files\/2024\/05\/investigar-v2.png 356w, https:\/\/medicina.udd.cl\/centro-de-desarrollo-educacional\/files\/2024\/05\/investigar-v2-300x300.png 300w, https:\/\/medicina.udd.cl\/centro-de-desarrollo-educacional\/files\/2024\/05\/investigar-v2-150x150.png 150w, https:\/\/medicina.udd.cl\/centro-de-desarrollo-educacional\/files\/2024\/05\/investigar-v2-62x62.png 62w, https:\/\/medicina.udd.cl\/centro-de-desarrollo-educacional\/files\/2024\/05\/investigar-v2-250x250.png 250w, https:\/\/medicina.udd.cl\/centro-de-desarrollo-educacional\/files\/2024\/05\/investigar-v2-126x126.png 126w, https:\/\/medicina.udd.cl\/centro-de-desarrollo-educacional\/files\/2024\/05\/investigar-v2-120x120.png 120w\" sizes=\"auto, (max-width: 356px) 100vw, 356px\" \/><\/p>\n<p>Desarrollar investigaci\u00f3n en educaci\u00f3n en ciencias de la salud, y la publicaci\u00f3n en revistas cient\u00edficas.<\/p>\n\t\t\t\t\t\t\t<\/div>\n\t\t\t\t\t\t\t\t\t\t\t\t\t<\/div>\n\t\t\t\t\t<\/div>\n\t\t\t\t\t\t\t\t\t\t<\/div>\n\t\t<\/div>\n\t<\/div>\n<\/section>\n","protected":false},"excerpt":{"rendered":"","protected":false},"author":9192239,"featured_media":0,"parent":0,"menu_order":0,"comment_status":"closed","ping_status":"closed","template":"","meta":{"footnotes":""},"class_list":["post-50358","page","type-page","status-publish","hentry"],"yoast_head":"<!-- This site is optimized with the Yoast SEO plugin v26.9 - https:\/\/yoast.com\/product\/yoast-seo-wordpress\/ -->\n<title>Objetivos - Centro de Desarrollo Educacional<\/title>\n<meta name=\"robots\" content=\"index, follow, max-snippet:-1, max-image-preview:large, max-video-preview:-1\" \/>\n<link rel=\"canonical\" href=\"https:\/\/medicina.udd.cl\/centro-de-desarrollo-educacional\/objetivos\/\" \/>\n<meta property=\"og:locale\" content=\"es_ES\" \/>\n<meta property=\"og:type\" content=\"article\" \/>\n<meta property=\"og:title\" content=\"Objetivos - Centro de Desarrollo Educacional\" \/>\n<meta property=\"og:url\" content=\"https:\/\/medicina.udd.cl\/centro-de-desarrollo-educacional\/objetivos\/\" \/>\n<meta property=\"og:site_name\" content=\"Centro de Desarrollo Educacional\" \/>\n<meta property=\"article:modified_time\" content=\"2025-05-13T07:12:36+00:00\" \/>\n<meta name=\"twitter:card\" content=\"summary_large_image\" \/>\n<meta name=\"twitter:label1\" content=\"Tiempo de lectura\" \/>\n\t<meta name=\"twitter:data1\" content=\"1 minuto\" \/>\n<script type=\"application\/ld+json\" class=\"yoast-schema-graph\">{\"@context\":\"https:\/\/schema.org\",\"@graph\":[{\"@type\":\"WebPage\",\"@id\":\"https:\/\/medicina.udd.cl\/centro-de-desarrollo-educacional\/objetivos\/\",\"url\":\"https:\/\/medicina.udd.cl\/centro-de-desarrollo-educacional\/objetivos\/\",\"name\":\"Objetivos - Centro de Desarrollo Educacional\",\"isPartOf\":{\"@id\":\"https:\/\/medicina.udd.cl\/centro-de-desarrollo-educacional\/#website\"},\"datePublished\":\"2024-01-05T06:07:29+00:00\",\"dateModified\":\"2025-05-13T07:12:36+00:00\",\"breadcrumb\":{\"@id\":\"https:\/\/medicina.udd.cl\/centro-de-desarrollo-educacional\/objetivos\/#breadcrumb\"},\"inLanguage\":\"es\",\"potentialAction\":[{\"@type\":\"ReadAction\",\"target\":[\"https:\/\/medicina.udd.cl\/centro-de-desarrollo-educacional\/objetivos\/\"]}]},{\"@type\":\"BreadcrumbList\",\"@id\":\"https:\/\/medicina.udd.cl\/centro-de-desarrollo-educacional\/objetivos\/#breadcrumb\",\"itemListElement\":[{\"@type\":\"ListItem\",\"position\":1,\"name\":\"Portada\",\"item\":\"https:\/\/medicina.udd.cl\/centro-de-desarrollo-educacional\/\"},{\"@type\":\"ListItem\",\"position\":2,\"name\":\"Objetivos\"}]},{\"@type\":\"WebSite\",\"@id\":\"https:\/\/medicina.udd.cl\/centro-de-desarrollo-educacional\/#website\",\"url\":\"https:\/\/medicina.udd.cl\/centro-de-desarrollo-educacional\/\",\"name\":\"Centro de Desarrollo Educacional\",\"description\":\"Docencia, apoyo y capacitaci\u00f3n en Medicina\",\"inLanguage\":\"es\"}]}<\/script>\n<!-- \/ Yoast SEO plugin. -->","yoast_head_json":{"title":"Objetivos - Centro de Desarrollo Educacional","robots":{"index":"index","follow":"follow","max-snippet":"max-snippet:-1","max-image-preview":"max-image-preview:large","max-video-preview":"max-video-preview:-1"},"canonical":"https:\/\/medicina.udd.cl\/centro-de-desarrollo-educacional\/objetivos\/","og_locale":"es_ES","og_type":"article","og_title":"Objetivos - Centro de Desarrollo Educacional","og_url":"https:\/\/medicina.udd.cl\/centro-de-desarrollo-educacional\/objetivos\/","og_site_name":"Centro de Desarrollo Educacional","article_modified_time":"2025-05-13T07:12:36+00:00","twitter_card":"summary_large_image","twitter_misc":{"Tiempo de lectura":"1 minuto"},"schema":{"@context":"https:\/\/schema.org","@graph":[{"@type":"WebPage","@id":"https:\/\/medicina.udd.cl\/centro-de-desarrollo-educacional\/objetivos\/","url":"https:\/\/medicina.udd.cl\/centro-de-desarrollo-educacional\/objetivos\/","name":"Objetivos - Centro de Desarrollo Educacional","isPartOf":{"@id":"https:\/\/medicina.udd.cl\/centro-de-desarrollo-educacional\/#website"},"datePublished":"2024-01-05T06:07:29+00:00","dateModified":"2025-05-13T07:12:36+00:00","breadcrumb":{"@id":"https:\/\/medicina.udd.cl\/centro-de-desarrollo-educacional\/objetivos\/#breadcrumb"},"inLanguage":"es","potentialAction":[{"@type":"ReadAction","target":["https:\/\/medicina.udd.cl\/centro-de-desarrollo-educacional\/objetivos\/"]}]},{"@type":"BreadcrumbList","@id":"https:\/\/medicina.udd.cl\/centro-de-desarrollo-educacional\/objetivos\/#breadcrumb","itemListElement":[{"@type":"ListItem","position":1,"name":"Portada","item":"https:\/\/medicina.udd.cl\/centro-de-desarrollo-educacional\/"},{"@type":"ListItem","position":2,"name":"Objetivos"}]},{"@type":"WebSite","@id":"https:\/\/medicina.udd.cl\/centro-de-desarrollo-educacional\/#website","url":"https:\/\/medicina.udd.cl\/centro-de-desarrollo-educacional\/","name":"Centro de Desarrollo Educacional","description":"Docencia, apoyo y capacitaci\u00f3n en Medicina","inLanguage":"es"}]}},"_links":{"self":[{"href":"https:\/\/medicina.udd.cl\/centro-de-desarrollo-educacional\/wp-json\/wp\/v2\/pages\/50358","targetHints":{"allow":["GET"]}}],"collection":[{"href":"https:\/\/medicina.udd.cl\/centro-de-desarrollo-educacional\/wp-json\/wp\/v2\/pages"}],"about":[{"href":"https:\/\/medicina.udd.cl\/centro-de-desarrollo-educacional\/wp-json\/wp\/v2\/types\/page"}],"author":[{"embeddable":true,"href":"https:\/\/medicina.udd.cl\/centro-de-desarrollo-educacional\/wp-json\/wp\/v2\/users\/9192239"}],"replies":[{"embeddable":true,"href":"https:\/\/medicina.udd.cl\/centro-de-desarrollo-educacional\/wp-json\/wp\/v2\/comments?post=50358"}],"version-history":[{"count":7,"href":"https:\/\/medicina.udd.cl\/centro-de-desarrollo-educacional\/wp-json\/wp\/v2\/pages\/50358\/revisions"}],"predecessor-version":[{"id":51374,"href":"https:\/\/medicina.udd.cl\/centro-de-desarrollo-educacional\/wp-json\/wp\/v2\/pages\/50358\/revisions\/51374"}],"wp:attachment":[{"href":"https:\/\/medicina.udd.cl\/centro-de-desarrollo-educacional\/wp-json\/wp\/v2\/media?parent=50358"}],"curies":[{"name":"wp","href":"https:\/\/api.w.org\/{rel}","templated":true}]}}