{"id":50440,"date":"2023-11-25T06:27:02","date_gmt":"2023-11-25T05:27:02","guid":{"rendered":"https:\/\/medicina.udd.cl\/centro-de-desarrollo-educacional\/?page_id=50440"},"modified":"2025-11-24T20:59:55","modified_gmt":"2025-11-24T19:59:55","slug":"material-de-apoyo-a-la-docencia","status":"publish","type":"page","link":"https:\/\/medicina.udd.cl\/centro-de-desarrollo-educacional\/que-hacemos\/material-de-apoyo-a-la-docencia\/","title":{"rendered":"Material de apoyo a la docencia"},"content":{"rendered":"<!-- WP Block: UDD - Cards Alternate -->\n<section class=\"wp-block-udd-access-cards\">\n\t<div class=\"container\">\n\t\t\t\t<div class=\"block__content\">\n\t\t\t<div class=\"access-cards\">\n\t\t\t\t\t\t\t<div class=\"access-card-wrapper\">\n\t\t\t\t\t<img loading=\"lazy\" decoding=\"async\" width=\"680\" height=\"382\" src=\"https:\/\/medicina.udd.cl\/centro-de-desarrollo-educacional\/files\/2023\/09\/folleto-1manual-680x382.jpg\" class=\"access-card__image lazyload\" alt=\"\" data-src=\"https:\/\/medicina.udd.cl\/centro-de-desarrollo-educacional\/files\/2023\/09\/folleto-1manual-680x382.jpg\" \/>\t\t\t\t\t<div class=\"access-card\">\n\t\t\t\t\t\t<h3 class=\"access-card__title\">Manuales<\/h3>\n\t\t\t\t\t\t<p class=\"access-card__description\">\n\t\t\t\t\t\t\tDescarga nuestros manuales para la educaci\u00f3n m\u00e9dica\t\t\t\t\t\t<\/p>\n\t\t\t\t\t\t\t\t\t\t\t<ul class=\"access-card__nav\">\n\t\t\t\t\t\t\t\t\t\t\t\t\t<li class=\"access-card__nav-item\">\n\t\t\t\t\t\t\t\t\t\t\t\t\t\t\t<a href=\"https:\/\/medicina.udd.cl\/cde\/files\/2018\/09\/Manual-tutor-2018.pdf\" class=\"filelink\" data-url=\"https:\/\/medicina.udd.cl\/cde\/files\/2018\/09\/Manual-tutor-2018.pdf\">Manual del tutor cl\u00ednico 2018 <span class=\"filelink__data\"><span class=\"filelink__data__type\">pdf<\/span><\/span><svg class=\"svg-download-dims\"><use xlink:href='https:\/\/medicina.udd.cl\/centro-de-desarrollo-educacional\/wp-content\/themes\/facultades-2018\/assets\/img\/svg\/dist\/main.svg?version=1695853099#download'><\/use><\/svg><\/a>\t\t\t\t\t\t\t\t\t\t\t\t\t\t\t\t\t\t\t\t<li class=\"access-card__nav-item\">\n\t\t\t\t\t\t\t\t\t\t\t\t\t\t\t<a href=\"https:\/\/medicina.udd.cl\/centro-de-desarrollo-educacional\/files\/2022\/06\/Manual-Instrumentos-de-Evaluacion.pdf\" class=\"filelink\" data-url=\"https:\/\/medicina.udd.cl\/centro-de-desarrollo-educacional\/files\/2022\/06\/Manual-Instrumentos-de-Evaluacion.pdf\">Manual de instrumentos de evaluaci\u00f3n <span class=\"filelink__data\"><span class=\"filelink__data__type\">pdf<\/span>, <span class=\"filelink__data__size\">1 MB<\/span><\/span><svg class=\"svg-download-dims\"><use xlink:href='https:\/\/medicina.udd.cl\/centro-de-desarrollo-educacional\/wp-content\/themes\/facultades-2018\/assets\/img\/svg\/dist\/main.svg?version=1695853099#download'><\/use><\/svg><\/a>\t\t\t\t\t\t\t\t\t\t\t\t\t\t\t\t\t\t\t\t<li class=\"access-card__nav-item\">\n\t\t\t\t\t\t\t\t\t\t\t\t\t\t\t<a href=\"https:\/\/medicina.udd.cl\/cde\/files\/2014\/03\/Manual-Metodologias-Docente-Facultad-de-Medicina-CAS-UDD.pdf\" class=\"filelink\" data-url=\"https:\/\/medicina.udd.cl\/cde\/files\/2014\/03\/Manual-Metodologias-Docente-Facultad-de-Medicina-CAS-UDD.pdf\">Manual metodolog\u00edas de la ense\u00f1anza-aprendizaje aplicables a la educaci\u00f3n m\u00e9dica <span class=\"filelink__data\"><span class=\"filelink__data__type\">pdf<\/span><\/span><svg class=\"svg-download-dims\"><use xlink:href='https:\/\/medicina.udd.cl\/centro-de-desarrollo-educacional\/wp-content\/themes\/facultades-2018\/assets\/img\/svg\/dist\/main.svg?version=1695853099#download'><\/use><\/svg><\/a>\t\t\t\t\t\t\t\t\t\t\t\t\t\t\t\t\t\t\t<\/ul>\n\t\t\t\t\t\t\t\t\t\t\t\t\t\t\t\t<\/div>\n\t\t\t\t<\/div>\n\t\t\t\t\t\t\t<div class=\"access-card-wrapper\">\n\t\t\t\t\t<img loading=\"lazy\" decoding=\"async\" width=\"680\" height=\"382\" src=\"https:\/\/medicina.udd.cl\/centro-de-desarrollo-educacional\/files\/2024\/05\/02-3-material-de-apoyo-a-la-docencia-impreso-ima2-680x382.jpg\" class=\"access-card__image lazyload\" alt=\"\" data-src=\"https:\/\/medicina.udd.cl\/centro-de-desarrollo-educacional\/files\/2024\/05\/02-3-material-de-apoyo-a-la-docencia-impreso-ima2-680x382.jpg\" \/>\t\t\t\t\t<div class=\"access-card\">\n\t\t\t\t\t\t<h3 class=\"access-card__title\">Publicaciones y afiches<\/h3>\n\t\t\t\t\t\t<p class=\"access-card__description\">\n\t\t\t\t\t\t\tGu\u00edas pr\u00e1cticas para mejorar la docencia \t\t\t\t\t\t<\/p>\n\t\t\t\t\t\t\t\t\t\t\t<ul class=\"access-card__nav\">\n\t\t\t\t\t\t\t\t\t\t\t\t\t<li class=\"access-card__nav-item\">\n\t\t\t\t\t\t\t\t\t\t\t\t\t\t\t<a href=\"https:\/\/medicina.udd.cl\/centro-de-desarrollo-educacional\/files\/2025\/11\/polidiptico-de-tutoria-clinica.pdf\" class=\"filelink\" data-url=\"https:\/\/medicina.udd.cl\/centro-de-desarrollo-educacional\/files\/2025\/11\/polidiptico-de-tutoria-clinica.pdf\">Polid\u00edptico de tutor\u00eda cl\u00ednica <span class=\"filelink__data\"><span class=\"filelink__data__type\">pdf<\/span>, <span class=\"filelink__data__size\">943 KB<\/span><\/span><svg class=\"svg-download-dims\"><use xlink:href='https:\/\/medicina.udd.cl\/centro-de-desarrollo-educacional\/wp-content\/themes\/facultades-2018\/assets\/img\/svg\/dist\/main.svg?version=1695853099#download'><\/use><\/svg><\/a>\t\t\t\t\t\t\t\t\t\t\t\t\t\t\t\t\t\t\t\t<li class=\"access-card__nav-item\">\n\t\t\t\t\t\t\t\t\t\t\t\t\t\t\t<a href=\"https:\/\/medicina.udd.cl\/centro-de-desarrollo-educacional\/files\/2022\/01\/Polidiptico-PSM.pdf\" class=\"filelink\" data-url=\"https:\/\/medicina.udd.cl\/centro-de-desarrollo-educacional\/files\/2022\/01\/Polidiptico-PSM.pdf\">Polid\u00edptico de \u00bfC\u00f3mo hacer preguntas de selecci\u00f3n m\u00faltiple? <span class=\"filelink__data\"><span class=\"filelink__data__type\">pdf<\/span>, <span class=\"filelink__data__size\">2 MB<\/span><\/span><svg class=\"svg-download-dims\"><use xlink:href='https:\/\/medicina.udd.cl\/centro-de-desarrollo-educacional\/wp-content\/themes\/facultades-2018\/assets\/img\/svg\/dist\/main.svg?version=1695853099#download'><\/use><\/svg><\/a>\t\t\t\t\t\t\t\t\t\t\t\t\t\t\t\t\t\t\t\t<li class=\"access-card__nav-item\">\n\t\t\t\t\t\t\t\t\t\t\t\t\t\t\t<a href=\"https:\/\/medicina.udd.cl\/centro-de-desarrollo-educacional\/files\/2022\/02\/Polid\u00edptico-FB-definitivo-impreso-dic-2021a-corte-1.pdf\" class=\"filelink\" data-url=\"https:\/\/medicina.udd.cl\/centro-de-desarrollo-educacional\/files\/2022\/02\/Polid\u00edptico-FB-definitivo-impreso-dic-2021a-corte-1.pdf\">La mirada de los estudiantes:  \u00bfC\u00f3mo pedir y recibir Feedback? <span class=\"filelink__data\"><span class=\"filelink__data__type\">pdf<\/span>, <span class=\"filelink__data__size\">11 MB<\/span><\/span><svg class=\"svg-download-dims\"><use xlink:href='https:\/\/medicina.udd.cl\/centro-de-desarrollo-educacional\/wp-content\/themes\/facultades-2018\/assets\/img\/svg\/dist\/main.svg?version=1695853099#download'><\/use><\/svg><\/a>\t\t\t\t\t\t\t\t\t\t\t\t\t\t\t\t\t\t\t\t<li class=\"access-card__nav-item\">\n\t\t\t\t\t\t\t\t\t\t\t\t\t\t\t<a href=\"https:\/\/medicina.udd.cl\/files\/2023\/06\/polidiptico2018.pdf\" class=\"filelink\" data-url=\"https:\/\/medicina.udd.cl\/files\/2023\/06\/polidiptico2018.pdf\">Polid\u00edptico de simulaci\u00f3n cl\u00ednica de alta fidelidad <span class=\"filelink__data\"><span class=\"filelink__data__type\">pdf<\/span><\/span><svg class=\"svg-download-dims\"><use xlink:href='https:\/\/medicina.udd.cl\/centro-de-desarrollo-educacional\/wp-content\/themes\/facultades-2018\/assets\/img\/svg\/dist\/main.svg?version=1695853099#download'><\/use><\/svg><\/a>\t\t\t\t\t\t\t\t\t\t\t\t\t\t\t\t\t\t\t\t<li class=\"access-card__nav-item\">\n\t\t\t\t\t\t\t\t\t\t\t\t\t\t\t<a href=\"https:\/\/medicina.udd.cl\/centro-de-desarrollo-educacional\/files\/2023\/11\/infografia-team-based-learning-tbl.pdf\" class=\"filelink\" data-url=\"https:\/\/medicina.udd.cl\/centro-de-desarrollo-educacional\/files\/2023\/11\/infografia-team-based-learning-tbl.pdf\">Infograf\u00eda Team Based Learning (TBL) <span class=\"filelink__data\"><span class=\"filelink__data__type\">pdf<\/span>, <span class=\"filelink__data__size\">206 KB<\/span><\/span><svg class=\"svg-download-dims\"><use xlink:href='https:\/\/medicina.udd.cl\/centro-de-desarrollo-educacional\/wp-content\/themes\/facultades-2018\/assets\/img\/svg\/dist\/main.svg?version=1695853099#download'><\/use><\/svg><\/a>\t\t\t\t\t\t\t\t\t\t\t\t\t\t\t\t\t\t\t\t<li class=\"access-card__nav-item\">\n\t\t\t\t\t\t\t\t\t\t\t\t\t\t\t<a href=\"https:\/\/medicina.udd.cl\/centro-de-desarrollo-educacional\/files\/2023\/11\/infografia-debate.pdf\" class=\"filelink\" data-url=\"https:\/\/medicina.udd.cl\/centro-de-desarrollo-educacional\/files\/2023\/11\/infografia-debate.pdf\">Infograf\u00eda Debate <span class=\"filelink__data\"><span class=\"filelink__data__type\">pdf<\/span>, <span class=\"filelink__data__size\">266 KB<\/span><\/span><svg class=\"svg-download-dims\"><use xlink:href='https:\/\/medicina.udd.cl\/centro-de-desarrollo-educacional\/wp-content\/themes\/facultades-2018\/assets\/img\/svg\/dist\/main.svg?version=1695853099#download'><\/use><\/svg><\/a>\t\t\t\t\t\t\t\t\t\t\t\t\t\t\t\t\t\t\t\t<li class=\"access-card__nav-item\">\n\t\t\t\t\t\t\t\t\t\t\t\t\t\t\t<a href=\"https:\/\/medicina.udd.cl\/centro-de-desarrollo-educacional\/files\/2024\/07\/infografia-clinical-case-based-learning-ccbl.pdf\" class=\"filelink\" data-url=\"https:\/\/medicina.udd.cl\/centro-de-desarrollo-educacional\/files\/2024\/07\/infografia-clinical-case-based-learning-ccbl.pdf\">Infograf\u00eda Clinical Case Based Learning (CCBL) <span class=\"filelink__data\"><span class=\"filelink__data__type\">pdf<\/span>, <span class=\"filelink__data__size\">252 KB<\/span><\/span><svg class=\"svg-download-dims\"><use xlink:href='https:\/\/medicina.udd.cl\/centro-de-desarrollo-educacional\/wp-content\/themes\/facultades-2018\/assets\/img\/svg\/dist\/main.svg?version=1695853099#download'><\/use><\/svg><\/a>\t\t\t\t\t\t\t\t\t\t\t\t\t\t\t\t\t\t\t\t<li class=\"access-card__nav-item\">\n\t\t\t\t\t\t\t\t\t\t\t\t\t\t\t<a href=\"https:\/\/medicina.udd.cl\/centro-de-desarrollo-educacional\/files\/2025\/04\/2025-04-09-abp_pbl-web.pdf\" class=\"filelink\" data-url=\"https:\/\/medicina.udd.cl\/centro-de-desarrollo-educacional\/files\/2025\/04\/2025-04-09-abp_pbl-web.pdf\">Infograf\u00eda Problem Based Learning (PBL) <span class=\"filelink__data\"><span class=\"filelink__data__type\">pdf<\/span>, <span class=\"filelink__data__size\">207 KB<\/span><\/span><svg class=\"svg-download-dims\"><use xlink:href='https:\/\/medicina.udd.cl\/centro-de-desarrollo-educacional\/wp-content\/themes\/facultades-2018\/assets\/img\/svg\/dist\/main.svg?version=1695853099#download'><\/use><\/svg><\/a>\t\t\t\t\t\t\t\t\t\t\t\t\t\t\t\t\t\t\t\t<li class=\"access-card__nav-item\">\n\t\t\t\t\t\t\t\t\t\t\t\t\t\t\t<a href=\"https:\/\/medicina.udd.cl\/centro-de-desarrollo-educacional\/files\/2025\/11\/infografia-evaluacion-para-el-aprendizaje-retroalimentacion.pdf\" class=\"filelink\" data-url=\"https:\/\/medicina.udd.cl\/centro-de-desarrollo-educacional\/files\/2025\/11\/infografia-evaluacion-para-el-aprendizaje-retroalimentacion.pdf\">Infograf\u00eda Evaluaci\u00f3n para el aprendizaje-Retroalimentaci\u00f3n <span class=\"filelink__data\"><span class=\"filelink__data__type\">pdf<\/span>, <span class=\"filelink__data__size\">378 KB<\/span><\/span><svg class=\"svg-download-dims\"><use xlink:href='https:\/\/medicina.udd.cl\/centro-de-desarrollo-educacional\/wp-content\/themes\/facultades-2018\/assets\/img\/svg\/dist\/main.svg?version=1695853099#download'><\/use><\/svg><\/a>\t\t\t\t\t\t\t\t\t\t\t\t\t\t\t\t\t\t\t\t<li class=\"access-card__nav-item\">\n\t\t\t\t\t\t\t\t\t\t\t\t\t\t\t<a href=\"https:\/\/medicina.udd.cl\/centro-de-desarrollo-educacional\/files\/2025\/11\/infografia-evaluacion-para-el-aprendizaje-calificacion.pdf\" class=\"filelink\" data-url=\"https:\/\/medicina.udd.cl\/centro-de-desarrollo-educacional\/files\/2025\/11\/infografia-evaluacion-para-el-aprendizaje-calificacion.pdf\">Infograf\u00eda Evaluaci\u00f3n para el aprendizaje-Calificaci\u00f3n <span class=\"filelink__data\"><span class=\"filelink__data__type\">pdf<\/span>, <span class=\"filelink__data__size\">373 KB<\/span><\/span><svg class=\"svg-download-dims\"><use xlink:href='https:\/\/medicina.udd.cl\/centro-de-desarrollo-educacional\/wp-content\/themes\/facultades-2018\/assets\/img\/svg\/dist\/main.svg?version=1695853099#download'><\/use><\/svg><\/a>\t\t\t\t\t\t\t\t\t\t\t\t\t\t\t\t\t\t\t\t<li class=\"access-card__nav-item\">\n\t\t\t\t\t\t\t\t\t\t\t\t\t\t\t<a href=\"https:\/\/medicina.udd.cl\/files\/2021\/11\/%C2%BFC%C3%B3mo-podemos-mejorar-nuestras-preguntas-de-selecci%C3%B3n-m%C3%BAltiple-2.pdf\" class=\"filelink\" data-url=\"https:\/\/medicina.udd.cl\/files\/2021\/11\/%C2%BFC%C3%B3mo-podemos-mejorar-nuestras-preguntas-de-selecci%C3%B3n-m%C3%BAltiple-2.pdf\">\u00bfC\u00f3mo mejorar nuestras preguntas de selecci\u00f3n m\u00faltiple? <span class=\"filelink__data\"><span class=\"filelink__data__type\">pdf<\/span><\/span><svg class=\"svg-download-dims\"><use xlink:href='https:\/\/medicina.udd.cl\/centro-de-desarrollo-educacional\/wp-content\/themes\/facultades-2018\/assets\/img\/svg\/dist\/main.svg?version=1695853099#download'><\/use><\/svg><\/a>\t\t\t\t\t\t\t\t\t\t\t\t\t\t\t\t\t\t\t\t<li class=\"access-card__nav-item\">\n\t\t\t\t\t\t\t\t\t\t\t\t\t\t\t<a href=\"https:\/\/medicina.udd.cl\/files\/2021\/11\/Afiche_TUTORIA-2014_G-3.pdf\" class=\"filelink\" data-url=\"https:\/\/medicina.udd.cl\/files\/2021\/11\/Afiche_TUTORIA-2014_G-3.pdf\">Afiche tutor\u00eda cl\u00ednica: \u00bfC\u00f3mo ense\u00f1ar razonamiento cl\u00ednico? <span class=\"filelink__data\"><span class=\"filelink__data__type\">pdf<\/span><\/span><svg class=\"svg-download-dims\"><use xlink:href='https:\/\/medicina.udd.cl\/centro-de-desarrollo-educacional\/wp-content\/themes\/facultades-2018\/assets\/img\/svg\/dist\/main.svg?version=1695853099#download'><\/use><\/svg><\/a>\t\t\t\t\t\t\t\t\t\t\t\t\t\t\t\t\t\t\t<\/ul>\n\t\t\t\t\t\t\t\t\t\t\t\t\t\t\t\t<\/div>\n\t\t\t\t<\/div>\n\t\t\t\t\t\t<\/div>\n\t\t<\/div>\n\t<\/div>\n<\/section>\n\n\n\n<h2 class=\"wp-block-heading\">Material impreso <\/h2>\n\n\n\n<div class=\"wp-block-media-text alignfull is-stacked-on-mobile is-vertically-aligned-center is-image-fill\"><figure class=\"wp-block-media-text__media\" style=\"background-image:url(https:\/\/medicina.udd.cl\/centro-de-desarrollo-educacional\/files\/2024\/05\/02-3-material-de-apoyo-a-la-docencia-impreso-ima1.jpg);background-position:50% 50%\"><img loading=\"lazy\" decoding=\"async\" width=\"800\" height=\"416\" src=\"https:\/\/medicina.udd.cl\/centro-de-desarrollo-educacional\/files\/2024\/05\/02-3-material-de-apoyo-a-la-docencia-impreso-ima1.jpg\" alt=\"\" class=\"wp-image-50962 size-large\" srcset=\"https:\/\/medicina.udd.cl\/centro-de-desarrollo-educacional\/files\/2024\/05\/02-3-material-de-apoyo-a-la-docencia-impreso-ima1.jpg 800w, https:\/\/medicina.udd.cl\/centro-de-desarrollo-educacional\/files\/2024\/05\/02-3-material-de-apoyo-a-la-docencia-impreso-ima1-300x156.jpg 300w, https:\/\/medicina.udd.cl\/centro-de-desarrollo-educacional\/files\/2024\/05\/02-3-material-de-apoyo-a-la-docencia-impreso-ima1-768x399.jpg 768w, https:\/\/medicina.udd.cl\/centro-de-desarrollo-educacional\/files\/2024\/05\/02-3-material-de-apoyo-a-la-docencia-impreso-ima1-288x150.jpg 288w\" sizes=\"auto, (max-width: 800px) 100vw, 800px\" \/><\/figure><div class=\"wp-block-media-text__content\">\n\n<h3 class=\"wp-block-heading has-text-align-center has-text-color\" style=\"color:#000000\">Material impreso <\/h3>\n\n\n<p>Si quieres estos materiales en su versi\u00f3n impresa, escr\u00edbenos a <a href=\"mailto:contactocde@udd.cl\" target=\"_blank\" rel=\"noreferrer noopener\">contactocde@udd.cl<\/a><\/p>\n\n<\/div><\/div>\n","protected":false},"excerpt":{"rendered":"<p>Material impreso Material impreso Si quieres estos materiales en su versi\u00f3n impresa, escr\u00edbenos a contactocde@udd.cl<\/p>\n","protected":false},"author":9192239,"featured_media":50408,"parent":50398,"menu_order":0,"comment_status":"closed","ping_status":"closed","template":"","meta":{"footnotes":""},"class_list":["post-50440","page","type-page","status-publish","has-post-thumbnail","hentry"],"yoast_head":"<!-- This site is optimized with the Yoast SEO plugin v26.9 - https:\/\/yoast.com\/product\/yoast-seo-wordpress\/ -->\n<title>Material de apoyo a la docencia - Centro de Desarrollo Educacional<\/title>\n<meta name=\"robots\" content=\"index, follow, max-snippet:-1, max-image-preview:large, max-video-preview:-1\" \/>\n<link rel=\"canonical\" href=\"https:\/\/medicina.udd.cl\/centro-de-desarrollo-educacional\/que-hacemos\/material-de-apoyo-a-la-docencia\/\" \/>\n<meta property=\"og:locale\" content=\"es_ES\" \/>\n<meta property=\"og:type\" content=\"article\" \/>\n<meta property=\"og:title\" content=\"Material de apoyo a la docencia - Centro de Desarrollo Educacional\" \/>\n<meta property=\"og:description\" content=\"Material impreso Material impreso Si quieres estos materiales en su versi\u00f3n impresa, escr\u00edbenos a contactocde@udd.cl\" \/>\n<meta property=\"og:url\" content=\"https:\/\/medicina.udd.cl\/centro-de-desarrollo-educacional\/que-hacemos\/material-de-apoyo-a-la-docencia\/\" \/>\n<meta property=\"og:site_name\" content=\"Centro de Desarrollo Educacional\" \/>\n<meta property=\"article:modified_time\" content=\"2025-11-24T19:59:55+00:00\" \/>\n<meta property=\"og:image\" content=\"https:\/\/medicina.udd.cl\/centro-de-desarrollo-educacional\/files\/2023\/09\/folleto-1manual.jpg\" \/>\n\t<meta property=\"og:image:width\" content=\"800\" \/>\n\t<meta property=\"og:image:height\" content=\"416\" \/>\n\t<meta property=\"og:image:type\" content=\"image\/jpeg\" \/>\n<meta name=\"twitter:card\" content=\"summary_large_image\" \/>\n<meta name=\"twitter:label1\" content=\"Tiempo de lectura\" \/>\n\t<meta name=\"twitter:data1\" content=\"1 minuto\" \/>\n<script type=\"application\/ld+json\" class=\"yoast-schema-graph\">{\"@context\":\"https:\/\/schema.org\",\"@graph\":[{\"@type\":\"WebPage\",\"@id\":\"https:\/\/medicina.udd.cl\/centro-de-desarrollo-educacional\/que-hacemos\/material-de-apoyo-a-la-docencia\/\",\"url\":\"https:\/\/medicina.udd.cl\/centro-de-desarrollo-educacional\/que-hacemos\/material-de-apoyo-a-la-docencia\/\",\"name\":\"Material de apoyo a la docencia - Centro de Desarrollo Educacional\",\"isPartOf\":{\"@id\":\"https:\/\/medicina.udd.cl\/centro-de-desarrollo-educacional\/#website\"},\"primaryImageOfPage\":{\"@id\":\"https:\/\/medicina.udd.cl\/centro-de-desarrollo-educacional\/que-hacemos\/material-de-apoyo-a-la-docencia\/#primaryimage\"},\"image\":{\"@id\":\"https:\/\/medicina.udd.cl\/centro-de-desarrollo-educacional\/que-hacemos\/material-de-apoyo-a-la-docencia\/#primaryimage\"},\"thumbnailUrl\":\"https:\/\/medicina.udd.cl\/centro-de-desarrollo-educacional\/files\/2023\/09\/folleto-1manual.jpg\",\"datePublished\":\"2023-11-25T05:27:02+00:00\",\"dateModified\":\"2025-11-24T19:59:55+00:00\",\"breadcrumb\":{\"@id\":\"https:\/\/medicina.udd.cl\/centro-de-desarrollo-educacional\/que-hacemos\/material-de-apoyo-a-la-docencia\/#breadcrumb\"},\"inLanguage\":\"es\",\"potentialAction\":[{\"@type\":\"ReadAction\",\"target\":[\"https:\/\/medicina.udd.cl\/centro-de-desarrollo-educacional\/que-hacemos\/material-de-apoyo-a-la-docencia\/\"]}]},{\"@type\":\"ImageObject\",\"inLanguage\":\"es\",\"@id\":\"https:\/\/medicina.udd.cl\/centro-de-desarrollo-educacional\/que-hacemos\/material-de-apoyo-a-la-docencia\/#primaryimage\",\"url\":\"https:\/\/medicina.udd.cl\/centro-de-desarrollo-educacional\/files\/2023\/09\/folleto-1manual.jpg\",\"contentUrl\":\"https:\/\/medicina.udd.cl\/centro-de-desarrollo-educacional\/files\/2023\/09\/folleto-1manual.jpg\",\"width\":800,\"height\":416},{\"@type\":\"BreadcrumbList\",\"@id\":\"https:\/\/medicina.udd.cl\/centro-de-desarrollo-educacional\/que-hacemos\/material-de-apoyo-a-la-docencia\/#breadcrumb\",\"itemListElement\":[{\"@type\":\"ListItem\",\"position\":1,\"name\":\"Portada\",\"item\":\"https:\/\/medicina.udd.cl\/centro-de-desarrollo-educacional\/\"},{\"@type\":\"ListItem\",\"position\":2,\"name\":\"Qu\u00e9 hacemos\",\"item\":\"https:\/\/medicina.udd.cl\/centro-de-desarrollo-educacional\/que-hacemos\/\"},{\"@type\":\"ListItem\",\"position\":3,\"name\":\"Material de apoyo a la docencia\"}]},{\"@type\":\"WebSite\",\"@id\":\"https:\/\/medicina.udd.cl\/centro-de-desarrollo-educacional\/#website\",\"url\":\"https:\/\/medicina.udd.cl\/centro-de-desarrollo-educacional\/\",\"name\":\"Centro de Desarrollo Educacional\",\"description\":\"Docencia, apoyo y capacitaci\u00f3n en Medicina\",\"inLanguage\":\"es\"}]}<\/script>\n<!-- \/ Yoast SEO plugin. -->","yoast_head_json":{"title":"Material de apoyo a la docencia - Centro de Desarrollo Educacional","robots":{"index":"index","follow":"follow","max-snippet":"max-snippet:-1","max-image-preview":"max-image-preview:large","max-video-preview":"max-video-preview:-1"},"canonical":"https:\/\/medicina.udd.cl\/centro-de-desarrollo-educacional\/que-hacemos\/material-de-apoyo-a-la-docencia\/","og_locale":"es_ES","og_type":"article","og_title":"Material de apoyo a la docencia - Centro de Desarrollo Educacional","og_description":"Material impreso Material impreso Si quieres estos materiales en su versi\u00f3n impresa, escr\u00edbenos a contactocde@udd.cl","og_url":"https:\/\/medicina.udd.cl\/centro-de-desarrollo-educacional\/que-hacemos\/material-de-apoyo-a-la-docencia\/","og_site_name":"Centro de Desarrollo Educacional","article_modified_time":"2025-11-24T19:59:55+00:00","og_image":[{"width":800,"height":416,"url":"https:\/\/medicina.udd.cl\/centro-de-desarrollo-educacional\/files\/2023\/09\/folleto-1manual.jpg","type":"image\/jpeg"}],"twitter_card":"summary_large_image","twitter_misc":{"Tiempo de lectura":"1 minuto"},"schema":{"@context":"https:\/\/schema.org","@graph":[{"@type":"WebPage","@id":"https:\/\/medicina.udd.cl\/centro-de-desarrollo-educacional\/que-hacemos\/material-de-apoyo-a-la-docencia\/","url":"https:\/\/medicina.udd.cl\/centro-de-desarrollo-educacional\/que-hacemos\/material-de-apoyo-a-la-docencia\/","name":"Material de apoyo a la docencia - Centro de Desarrollo Educacional","isPartOf":{"@id":"https:\/\/medicina.udd.cl\/centro-de-desarrollo-educacional\/#website"},"primaryImageOfPage":{"@id":"https:\/\/medicina.udd.cl\/centro-de-desarrollo-educacional\/que-hacemos\/material-de-apoyo-a-la-docencia\/#primaryimage"},"image":{"@id":"https:\/\/medicina.udd.cl\/centro-de-desarrollo-educacional\/que-hacemos\/material-de-apoyo-a-la-docencia\/#primaryimage"},"thumbnailUrl":"https:\/\/medicina.udd.cl\/centro-de-desarrollo-educacional\/files\/2023\/09\/folleto-1manual.jpg","datePublished":"2023-11-25T05:27:02+00:00","dateModified":"2025-11-24T19:59:55+00:00","breadcrumb":{"@id":"https:\/\/medicina.udd.cl\/centro-de-desarrollo-educacional\/que-hacemos\/material-de-apoyo-a-la-docencia\/#breadcrumb"},"inLanguage":"es","potentialAction":[{"@type":"ReadAction","target":["https:\/\/medicina.udd.cl\/centro-de-desarrollo-educacional\/que-hacemos\/material-de-apoyo-a-la-docencia\/"]}]},{"@type":"ImageObject","inLanguage":"es","@id":"https:\/\/medicina.udd.cl\/centro-de-desarrollo-educacional\/que-hacemos\/material-de-apoyo-a-la-docencia\/#primaryimage","url":"https:\/\/medicina.udd.cl\/centro-de-desarrollo-educacional\/files\/2023\/09\/folleto-1manual.jpg","contentUrl":"https:\/\/medicina.udd.cl\/centro-de-desarrollo-educacional\/files\/2023\/09\/folleto-1manual.jpg","width":800,"height":416},{"@type":"BreadcrumbList","@id":"https:\/\/medicina.udd.cl\/centro-de-desarrollo-educacional\/que-hacemos\/material-de-apoyo-a-la-docencia\/#breadcrumb","itemListElement":[{"@type":"ListItem","position":1,"name":"Portada","item":"https:\/\/medicina.udd.cl\/centro-de-desarrollo-educacional\/"},{"@type":"ListItem","position":2,"name":"Qu\u00e9 hacemos","item":"https:\/\/medicina.udd.cl\/centro-de-desarrollo-educacional\/que-hacemos\/"},{"@type":"ListItem","position":3,"name":"Material de apoyo a la docencia"}]},{"@type":"WebSite","@id":"https:\/\/medicina.udd.cl\/centro-de-desarrollo-educacional\/#website","url":"https:\/\/medicina.udd.cl\/centro-de-desarrollo-educacional\/","name":"Centro de Desarrollo Educacional","description":"Docencia, apoyo y capacitaci\u00f3n en Medicina","inLanguage":"es"}]}},"_links":{"self":[{"href":"https:\/\/medicina.udd.cl\/centro-de-desarrollo-educacional\/wp-json\/wp\/v2\/pages\/50440","targetHints":{"allow":["GET"]}}],"collection":[{"href":"https:\/\/medicina.udd.cl\/centro-de-desarrollo-educacional\/wp-json\/wp\/v2\/pages"}],"about":[{"href":"https:\/\/medicina.udd.cl\/centro-de-desarrollo-educacional\/wp-json\/wp\/v2\/types\/page"}],"author":[{"embeddable":true,"href":"https:\/\/medicina.udd.cl\/centro-de-desarrollo-educacional\/wp-json\/wp\/v2\/users\/9192239"}],"replies":[{"embeddable":true,"href":"https:\/\/medicina.udd.cl\/centro-de-desarrollo-educacional\/wp-json\/wp\/v2\/comments?post=50440"}],"version-history":[{"count":32,"href":"https:\/\/medicina.udd.cl\/centro-de-desarrollo-educacional\/wp-json\/wp\/v2\/pages\/50440\/revisions"}],"predecessor-version":[{"id":51770,"href":"https:\/\/medicina.udd.cl\/centro-de-desarrollo-educacional\/wp-json\/wp\/v2\/pages\/50440\/revisions\/51770"}],"up":[{"embeddable":true,"href":"https:\/\/medicina.udd.cl\/centro-de-desarrollo-educacional\/wp-json\/wp\/v2\/pages\/50398"}],"wp:featuredmedia":[{"embeddable":true,"href":"https:\/\/medicina.udd.cl\/centro-de-desarrollo-educacional\/wp-json\/wp\/v2\/media\/50408"}],"wp:attachment":[{"href":"https:\/\/medicina.udd.cl\/centro-de-desarrollo-educacional\/wp-json\/wp\/v2\/media?parent=50440"}],"curies":[{"name":"wp","href":"https:\/\/api.w.org\/{rel}","templated":true}]}}