{"id":50462,"date":"2024-05-30T11:47:46","date_gmt":"2024-05-30T09:47:46","guid":{"rendered":"https:\/\/medicina.udd.cl\/centro-de-desarrollo-educacional\/?page_id=50462"},"modified":"2025-05-13T10:21:26","modified_gmt":"2025-05-13T08:21:26","slug":"asesoria-en-docencia","status":"publish","type":"page","link":"https:\/\/medicina.udd.cl\/centro-de-desarrollo-educacional\/que-hacemos\/asesoria-en-docencia\/","title":{"rendered":"Asesor\u00eda en Docencia"},"content":{"rendered":"\n<div class=\"wp-block-media-text alignfull is-stacked-on-mobile is-vertically-aligned-center is-image-fill\"><figure class=\"wp-block-media-text__media\" style=\"background-image:url(https:\/\/medicina.udd.cl\/centro-de-desarrollo-educacional\/files\/2024\/12\/qh-asesoria-1024x683.jpg);background-position:79% 60%\"><img loading=\"lazy\" decoding=\"async\" width=\"1024\" height=\"683\" src=\"https:\/\/medicina.udd.cl\/centro-de-desarrollo-educacional\/files\/2024\/12\/qh-asesoria-1024x683.jpg\" alt=\"\" class=\"wp-image-51222 size-large\" srcset=\"https:\/\/medicina.udd.cl\/centro-de-desarrollo-educacional\/files\/2024\/12\/qh-asesoria-1024x683.jpg 1024w, https:\/\/medicina.udd.cl\/centro-de-desarrollo-educacional\/files\/2024\/12\/qh-asesoria-300x200.jpg 300w, https:\/\/medicina.udd.cl\/centro-de-desarrollo-educacional\/files\/2024\/12\/qh-asesoria-768x512.jpg 768w, https:\/\/medicina.udd.cl\/centro-de-desarrollo-educacional\/files\/2024\/12\/qh-asesoria.jpg 1382w\" sizes=\"auto, (max-width: 1024px) 100vw, 1024px\" \/><\/figure><div class=\"wp-block-media-text__content\">\n<p>El Centro de Desarrollo Educacional ofrece asesor\u00eda para apoyar la gesti\u00f3n educativa, tanto de las direcciones de carrera, como de los docentes en forma individual.<\/p>\n\n\n\n<p>Orientaci\u00f3n en las siguientes \u00e1reas:<\/p>\n\n\n\n<ul class=\".widget.custom_content .bullet-list li a li.active has-gray-light-background-color has-background wp-block-list\">\n<li>Asesor\u00eda a docentes o a grupos de docentes<\/li>\n\n\n\n<li>Asesor\u00edas a comit\u00e9s curriculares<\/li>\n\n\n\n<li>Asesor\u00eda en la implementaci\u00f3n de innovaciones docentes<\/li>\n\n\n\n<li>Asesor\u00eda en la producci\u00f3n de instrumentos de evaluaci\u00f3n<\/li>\n\n\n\n<li>Acompa\u00f1amiento docente<\/li>\n\n\n\n<li>Evaluaci\u00f3n a tutores cl\u00ednicos de toda la Facultad<\/li>\n\n\n\n<li>Producci\u00f3n de material educativo<\/li>\n<\/ul>\n<\/div><\/div>\n\n\n<!-- WP Block: UDD - People -->\n<section class=\"wp-block-udd-contacts is-style-default\">\n\t\t<div class=\"block__bg\">\n\t\t\t\t\t<img loading=\"lazy\" decoding=\"async\" width=\"680\" height=\"382\" src=\"https:\/\/medicina.udd.cl\/centro-de-desarrollo-educacional\/files\/2024\/01\/fm-inicio-diplomado-docencia-educacion-clinica-xvi-2023-21-scaled-1-680x382.jpg\" class=\"block__bg-image object-cover lazyload\" alt=\"\" sizes=\"auto, (max-width: 680px) 100vw, 680px\" data-src=\"https:\/\/medicina.udd.cl\/centro-de-desarrollo-educacional\/files\/2024\/01\/fm-inicio-diplomado-docencia-educacion-clinica-xvi-2023-21-scaled-1-680x382.jpg\" data-srcset=\"https:\/\/medicina.udd.cl\/centro-de-desarrollo-educacional\/files\/2024\/01\/fm-inicio-diplomado-docencia-educacion-clinica-xvi-2023-21-scaled-1-680x382.jpg 680w, https:\/\/medicina.udd.cl\/centro-de-desarrollo-educacional\/files\/2024\/01\/fm-inicio-diplomado-docencia-educacion-clinica-xvi-2023-21-scaled-1-1920x1080.jpg 1920w, https:\/\/medicina.udd.cl\/centro-de-desarrollo-educacional\/files\/2024\/01\/fm-inicio-diplomado-docencia-educacion-clinica-xvi-2023-21-scaled-1-1366x768.jpg 1366w, https:\/\/medicina.udd.cl\/centro-de-desarrollo-educacional\/files\/2024\/01\/fm-inicio-diplomado-docencia-educacion-clinica-xvi-2023-21-scaled-1-952x534.jpg 952w\" \/>\t\t\t<\/div>\n\t\t<div class=\"container\">\n\t\t<header class=\"block__header\">\n\t\t\t<h2 class=\"block__title\">PARA M\u00c1S INFORMACI\u00d3N<\/h2>\n\t\t<\/header>\n\t\t<div class=\"block__content\">\n\t\t\t<ul class=\"contacts\">\n\t\t\t\t\t\t\t<li class=\"contact\">\n\t\t\t\t\t<div class=\"person-contact\">\n\t\t\t\t\t\t\t\t\t\t\t\t<h3 class=\"person-contact__name\">Dra. Marcela Assef<\/h3>\n\t\t\t\t\t\t\t\t\t\t\t\t\t\t\t\t\t\t\t\t\t\t\t\t\t\t\t\t\t\t\t\t\t\t\t\t\t<span class=\"person-contact__email\">Email: <a href=\"mailto:&#109;ass&#101;&#102;&#64;u&#100;&#100;&#46;&#99;l\">&#109;&#97;&#115;sef&#64;&#117;&#100;&#100;&#46;cl<\/a><\/span>\n\t\t\t\t\t\t\t\t\t\t\t<\/div>\n\t\t\t\t<\/li>\n\t\t\t\t\t\t\t<li class=\"contact\">\n\t\t\t\t\t<div class=\"person-contact\">\n\t\t\t\t\t\t\t\t\t\t\t\t<h3 class=\"person-contact__name\">Ximena P\u00e9rez<\/h3>\n\t\t\t\t\t\t\t\t\t\t\t\t\t\t\t\t\t\t\t\t\t\t\t\t\t\t\t\t\t\t\t\t\t\t\t\t\t<span class=\"person-contact__email\">Email: <a href=\"mailto:&#120;&#105;&#109;enap&#101;rez&#64;&#117;&#100;&#100;.&#99;&#108;\">xi&#109;ena&#112;ere&#122;&#64;u&#100;&#100;.c&#108;<\/a><\/span>\n\t\t\t\t\t\t\t\t\t\t\t<\/div>\n\t\t\t\t<\/li>\n\t\t\t\t\t\t<\/ul>\n\t\t<\/div>\n\t<\/div>\n<\/section>\n","protected":false},"excerpt":{"rendered":"","protected":false},"author":9192239,"featured_media":51222,"parent":50398,"menu_order":0,"comment_status":"closed","ping_status":"closed","template":"","meta":{"footnotes":""},"class_list":["post-50462","page","type-page","status-publish","has-post-thumbnail","hentry"],"yoast_head":"<!-- This site is optimized with the Yoast SEO plugin v26.9 - https:\/\/yoast.com\/product\/yoast-seo-wordpress\/ -->\n<title>Asesor\u00eda en Docencia - Centro de Desarrollo Educacional<\/title>\n<meta name=\"robots\" content=\"index, follow, max-snippet:-1, max-image-preview:large, max-video-preview:-1\" \/>\n<link rel=\"canonical\" href=\"https:\/\/medicina.udd.cl\/centro-de-desarrollo-educacional\/que-hacemos\/asesoria-en-docencia\/\" \/>\n<meta property=\"og:locale\" content=\"es_ES\" \/>\n<meta property=\"og:type\" content=\"article\" \/>\n<meta property=\"og:title\" content=\"Asesor\u00eda en Docencia - Centro de Desarrollo Educacional\" \/>\n<meta property=\"og:url\" content=\"https:\/\/medicina.udd.cl\/centro-de-desarrollo-educacional\/que-hacemos\/asesoria-en-docencia\/\" \/>\n<meta property=\"og:site_name\" content=\"Centro de Desarrollo Educacional\" \/>\n<meta property=\"article:modified_time\" content=\"2025-05-13T08:21:26+00:00\" \/>\n<meta property=\"og:image\" content=\"https:\/\/medicina.udd.cl\/centro-de-desarrollo-educacional\/files\/2024\/12\/qh-asesoria.jpg\" \/>\n\t<meta property=\"og:image:width\" content=\"1382\" \/>\n\t<meta property=\"og:image:height\" content=\"922\" \/>\n\t<meta property=\"og:image:type\" content=\"image\/jpeg\" \/>\n<meta name=\"twitter:card\" content=\"summary_large_image\" \/>\n<meta name=\"twitter:label1\" content=\"Tiempo de lectura\" \/>\n\t<meta name=\"twitter:data1\" content=\"1 minuto\" \/>\n<script type=\"application\/ld+json\" class=\"yoast-schema-graph\">{\"@context\":\"https:\/\/schema.org\",\"@graph\":[{\"@type\":\"WebPage\",\"@id\":\"https:\/\/medicina.udd.cl\/centro-de-desarrollo-educacional\/que-hacemos\/asesoria-en-docencia\/\",\"url\":\"https:\/\/medicina.udd.cl\/centro-de-desarrollo-educacional\/que-hacemos\/asesoria-en-docencia\/\",\"name\":\"Asesor\u00eda en Docencia - Centro de Desarrollo Educacional\",\"isPartOf\":{\"@id\":\"https:\/\/medicina.udd.cl\/centro-de-desarrollo-educacional\/#website\"},\"primaryImageOfPage\":{\"@id\":\"https:\/\/medicina.udd.cl\/centro-de-desarrollo-educacional\/que-hacemos\/asesoria-en-docencia\/#primaryimage\"},\"image\":{\"@id\":\"https:\/\/medicina.udd.cl\/centro-de-desarrollo-educacional\/que-hacemos\/asesoria-en-docencia\/#primaryimage\"},\"thumbnailUrl\":\"https:\/\/medicina.udd.cl\/centro-de-desarrollo-educacional\/files\/2024\/12\/qh-asesoria.jpg\",\"datePublished\":\"2024-05-30T09:47:46+00:00\",\"dateModified\":\"2025-05-13T08:21:26+00:00\",\"breadcrumb\":{\"@id\":\"https:\/\/medicina.udd.cl\/centro-de-desarrollo-educacional\/que-hacemos\/asesoria-en-docencia\/#breadcrumb\"},\"inLanguage\":\"es\",\"potentialAction\":[{\"@type\":\"ReadAction\",\"target\":[\"https:\/\/medicina.udd.cl\/centro-de-desarrollo-educacional\/que-hacemos\/asesoria-en-docencia\/\"]}]},{\"@type\":\"ImageObject\",\"inLanguage\":\"es\",\"@id\":\"https:\/\/medicina.udd.cl\/centro-de-desarrollo-educacional\/que-hacemos\/asesoria-en-docencia\/#primaryimage\",\"url\":\"https:\/\/medicina.udd.cl\/centro-de-desarrollo-educacional\/files\/2024\/12\/qh-asesoria.jpg\",\"contentUrl\":\"https:\/\/medicina.udd.cl\/centro-de-desarrollo-educacional\/files\/2024\/12\/qh-asesoria.jpg\",\"width\":1382,\"height\":922,\"caption\":\"Unrecognizable Asian business team having meeting in office. Businesswoman holding touchpad, businessman pointing at touchscreen with pen and discussing information\"},{\"@type\":\"BreadcrumbList\",\"@id\":\"https:\/\/medicina.udd.cl\/centro-de-desarrollo-educacional\/que-hacemos\/asesoria-en-docencia\/#breadcrumb\",\"itemListElement\":[{\"@type\":\"ListItem\",\"position\":1,\"name\":\"Portada\",\"item\":\"https:\/\/medicina.udd.cl\/centro-de-desarrollo-educacional\/\"},{\"@type\":\"ListItem\",\"position\":2,\"name\":\"Qu\u00e9 hacemos\",\"item\":\"https:\/\/medicina.udd.cl\/centro-de-desarrollo-educacional\/que-hacemos\/\"},{\"@type\":\"ListItem\",\"position\":3,\"name\":\"Asesor\u00eda en Docencia\"}]},{\"@type\":\"WebSite\",\"@id\":\"https:\/\/medicina.udd.cl\/centro-de-desarrollo-educacional\/#website\",\"url\":\"https:\/\/medicina.udd.cl\/centro-de-desarrollo-educacional\/\",\"name\":\"Centro de Desarrollo Educacional\",\"description\":\"Docencia, apoyo y capacitaci\u00f3n en Medicina\",\"inLanguage\":\"es\"}]}<\/script>\n<!-- \/ Yoast SEO plugin. -->","yoast_head_json":{"title":"Asesor\u00eda en Docencia - Centro de Desarrollo Educacional","robots":{"index":"index","follow":"follow","max-snippet":"max-snippet:-1","max-image-preview":"max-image-preview:large","max-video-preview":"max-video-preview:-1"},"canonical":"https:\/\/medicina.udd.cl\/centro-de-desarrollo-educacional\/que-hacemos\/asesoria-en-docencia\/","og_locale":"es_ES","og_type":"article","og_title":"Asesor\u00eda en Docencia - Centro de Desarrollo Educacional","og_url":"https:\/\/medicina.udd.cl\/centro-de-desarrollo-educacional\/que-hacemos\/asesoria-en-docencia\/","og_site_name":"Centro de Desarrollo Educacional","article_modified_time":"2025-05-13T08:21:26+00:00","og_image":[{"width":1382,"height":922,"url":"https:\/\/medicina.udd.cl\/centro-de-desarrollo-educacional\/files\/2024\/12\/qh-asesoria.jpg","type":"image\/jpeg"}],"twitter_card":"summary_large_image","twitter_misc":{"Tiempo de lectura":"1 minuto"},"schema":{"@context":"https:\/\/schema.org","@graph":[{"@type":"WebPage","@id":"https:\/\/medicina.udd.cl\/centro-de-desarrollo-educacional\/que-hacemos\/asesoria-en-docencia\/","url":"https:\/\/medicina.udd.cl\/centro-de-desarrollo-educacional\/que-hacemos\/asesoria-en-docencia\/","name":"Asesor\u00eda en Docencia - Centro de Desarrollo Educacional","isPartOf":{"@id":"https:\/\/medicina.udd.cl\/centro-de-desarrollo-educacional\/#website"},"primaryImageOfPage":{"@id":"https:\/\/medicina.udd.cl\/centro-de-desarrollo-educacional\/que-hacemos\/asesoria-en-docencia\/#primaryimage"},"image":{"@id":"https:\/\/medicina.udd.cl\/centro-de-desarrollo-educacional\/que-hacemos\/asesoria-en-docencia\/#primaryimage"},"thumbnailUrl":"https:\/\/medicina.udd.cl\/centro-de-desarrollo-educacional\/files\/2024\/12\/qh-asesoria.jpg","datePublished":"2024-05-30T09:47:46+00:00","dateModified":"2025-05-13T08:21:26+00:00","breadcrumb":{"@id":"https:\/\/medicina.udd.cl\/centro-de-desarrollo-educacional\/que-hacemos\/asesoria-en-docencia\/#breadcrumb"},"inLanguage":"es","potentialAction":[{"@type":"ReadAction","target":["https:\/\/medicina.udd.cl\/centro-de-desarrollo-educacional\/que-hacemos\/asesoria-en-docencia\/"]}]},{"@type":"ImageObject","inLanguage":"es","@id":"https:\/\/medicina.udd.cl\/centro-de-desarrollo-educacional\/que-hacemos\/asesoria-en-docencia\/#primaryimage","url":"https:\/\/medicina.udd.cl\/centro-de-desarrollo-educacional\/files\/2024\/12\/qh-asesoria.jpg","contentUrl":"https:\/\/medicina.udd.cl\/centro-de-desarrollo-educacional\/files\/2024\/12\/qh-asesoria.jpg","width":1382,"height":922,"caption":"Unrecognizable Asian business team having meeting in office. Businesswoman holding touchpad, businessman pointing at touchscreen with pen and discussing information"},{"@type":"BreadcrumbList","@id":"https:\/\/medicina.udd.cl\/centro-de-desarrollo-educacional\/que-hacemos\/asesoria-en-docencia\/#breadcrumb","itemListElement":[{"@type":"ListItem","position":1,"name":"Portada","item":"https:\/\/medicina.udd.cl\/centro-de-desarrollo-educacional\/"},{"@type":"ListItem","position":2,"name":"Qu\u00e9 hacemos","item":"https:\/\/medicina.udd.cl\/centro-de-desarrollo-educacional\/que-hacemos\/"},{"@type":"ListItem","position":3,"name":"Asesor\u00eda en Docencia"}]},{"@type":"WebSite","@id":"https:\/\/medicina.udd.cl\/centro-de-desarrollo-educacional\/#website","url":"https:\/\/medicina.udd.cl\/centro-de-desarrollo-educacional\/","name":"Centro de Desarrollo Educacional","description":"Docencia, apoyo y capacitaci\u00f3n en Medicina","inLanguage":"es"}]}},"_links":{"self":[{"href":"https:\/\/medicina.udd.cl\/centro-de-desarrollo-educacional\/wp-json\/wp\/v2\/pages\/50462","targetHints":{"allow":["GET"]}}],"collection":[{"href":"https:\/\/medicina.udd.cl\/centro-de-desarrollo-educacional\/wp-json\/wp\/v2\/pages"}],"about":[{"href":"https:\/\/medicina.udd.cl\/centro-de-desarrollo-educacional\/wp-json\/wp\/v2\/types\/page"}],"author":[{"embeddable":true,"href":"https:\/\/medicina.udd.cl\/centro-de-desarrollo-educacional\/wp-json\/wp\/v2\/users\/9192239"}],"replies":[{"embeddable":true,"href":"https:\/\/medicina.udd.cl\/centro-de-desarrollo-educacional\/wp-json\/wp\/v2\/comments?post=50462"}],"version-history":[{"count":50,"href":"https:\/\/medicina.udd.cl\/centro-de-desarrollo-educacional\/wp-json\/wp\/v2\/pages\/50462\/revisions"}],"predecessor-version":[{"id":51395,"href":"https:\/\/medicina.udd.cl\/centro-de-desarrollo-educacional\/wp-json\/wp\/v2\/pages\/50462\/revisions\/51395"}],"up":[{"embeddable":true,"href":"https:\/\/medicina.udd.cl\/centro-de-desarrollo-educacional\/wp-json\/wp\/v2\/pages\/50398"}],"wp:featuredmedia":[{"embeddable":true,"href":"https:\/\/medicina.udd.cl\/centro-de-desarrollo-educacional\/wp-json\/wp\/v2\/media\/51222"}],"wp:attachment":[{"href":"https:\/\/medicina.udd.cl\/centro-de-desarrollo-educacional\/wp-json\/wp\/v2\/media?parent=50462"}],"curies":[{"name":"wp","href":"https:\/\/api.w.org\/{rel}","templated":true}]}}