{"id":50989,"date":"2024-05-30T12:55:47","date_gmt":"2024-05-30T10:55:47","guid":{"rendered":"https:\/\/medicina.udd.cl\/centro-de-desarrollo-educacional\/?page_id=50989"},"modified":"2025-11-21T04:24:19","modified_gmt":"2025-11-21T03:24:19","slug":"cursos-y-talleres","status":"publish","type":"page","link":"https:\/\/medicina.udd.cl\/centro-de-desarrollo-educacional\/que-hacemos\/cursos-y-talleres\/","title":{"rendered":"Cursos y talleres"},"content":{"rendered":"\n<div class=\"wp-block-media-text alignfull is-stacked-on-mobile is-image-fill-element\"><figure class=\"wp-block-media-text__media\"><img loading=\"lazy\" decoding=\"async\" width=\"960\" height=\"540\" src=\"https:\/\/medicina.udd.cl\/centro-de-desarrollo-educacional\/files\/2024\/12\/qh-cursos-y-tallers.jpg\" alt=\"\" class=\"wp-image-51232 size-large\" style=\"object-position:49% 75%\" srcset=\"https:\/\/medicina.udd.cl\/centro-de-desarrollo-educacional\/files\/2024\/12\/qh-cursos-y-tallers.jpg 960w, https:\/\/medicina.udd.cl\/centro-de-desarrollo-educacional\/files\/2024\/12\/qh-cursos-y-tallers-300x169.jpg 300w, https:\/\/medicina.udd.cl\/centro-de-desarrollo-educacional\/files\/2024\/12\/qh-cursos-y-tallers-768x432.jpg 768w, https:\/\/medicina.udd.cl\/centro-de-desarrollo-educacional\/files\/2024\/12\/qh-cursos-y-tallers-680x382.jpg 680w\" sizes=\"auto, (max-width: 960px) 100vw, 960px\" \/><\/figure><div class=\"wp-block-media-text__content\">\n<p class=\"has-normal-font-size\">El Centro de Desarrollo Educacional (CDE) ofrece distintos talleres presenciales y cursos en l\u00ednea asincr\u00f3nicos sobre aspectos relevantes de la docencia en carreras de la Salud.<\/p>\n\n\n\n<p class=\"has-normal-font-size\">Conoce aqu\u00ed la oferta.<\/p>\n<\/div><\/div>\n\n\n<!-- WP Block: UDD - Access Image -->\n<section class=\"wp-block-udd-access-image\n is-style-compact has-odd-elements has-3x-elements\">\n\t<div class=\"container\">\n\t\t\t\t<div class=\"block__content\">\n\t\t\t<div class=\"access-images\">\n\t\t\t\t\t\t\t<div class=\"access-image-wrapper\">\n\t\t\t\t\t<a href=\"https:\/\/medicina.udd.cl\/centro-de-desarrollo-educacional\/que-hacemos\/cursos-y-talleres\/cursos-e-learning\" data-url=\"https:\/\/medicina.udd.cl\/centro-de-desarrollo-educacional\/que-hacemos\/cursos-y-talleres\/cursos-e-learning\" class=\"access-image\">\n\t\t\t\t\t<img loading=\"lazy\" decoding=\"async\" width=\"680\" height=\"382\" src=\"https:\/\/medicina.udd.cl\/centro-de-desarrollo-educacional\/files\/2024\/05\/shutterstock_304397558-680x382.jpg\" class=\"access-image__image lazyload\" alt=\"\" sizes=\"auto, (max-width: 680px) 100vw, 680px\" data-src=\"https:\/\/medicina.udd.cl\/centro-de-desarrollo-educacional\/files\/2024\/05\/shutterstock_304397558-680x382.jpg\" data-srcset=\"https:\/\/medicina.udd.cl\/centro-de-desarrollo-educacional\/files\/2024\/05\/shutterstock_304397558-680x382.jpg 680w, https:\/\/medicina.udd.cl\/centro-de-desarrollo-educacional\/files\/2024\/05\/shutterstock_304397558-1920x1080.jpg 1920w, https:\/\/medicina.udd.cl\/centro-de-desarrollo-educacional\/files\/2024\/05\/shutterstock_304397558-1366x768.jpg 1366w, https:\/\/medicina.udd.cl\/centro-de-desarrollo-educacional\/files\/2024\/05\/shutterstock_304397558-952x534.jpg 952w\" \/>\t\t\t\t\t\t<div class=\"access-image__content\">\n\t\t\t\t\t\t\t<h3 class=\"access-image__title\">Cursos E Learning<\/h3>\n\t\t\t\t\t\t\t<span class=\"access-image__action\">Conocer m\u00e1s<\/span>\n\t\t\t\t\t\t<\/div>\n\t\t\t\t\t<\/a>\n\t\t\t\t<\/div>\n\t\t\t\t\t\t\t<div class=\"access-image-wrapper\">\n\t\t\t\t\t<a href=\"https:\/\/medicina.udd.cl\/centro-de-desarrollo-educacional\/que-hacemos\/cursos-y-talleres\/curso-estrategias-para-el-aprendizaje-activo-2026\/\" data-url=\"https:\/\/medicina.udd.cl\/centro-de-desarrollo-educacional\/que-hacemos\/cursos-y-talleres\/curso-estrategias-para-el-aprendizaje-activo-2026\/\" class=\"access-image\">\n\t\t\t\t\t<img loading=\"lazy\" decoding=\"async\" width=\"500\" height=\"334\" src=\"https:\/\/medicina.udd.cl\/centro-de-desarrollo-educacional\/files\/2025\/10\/cerrar-gente-aprendiendo-juntos-xs.jpg\" class=\"access-image__image lazyload\" alt=\"\" sizes=\"auto, (max-width: 500px) 100vw, 500px\" data-src=\"https:\/\/medicina.udd.cl\/centro-de-desarrollo-educacional\/files\/2025\/10\/cerrar-gente-aprendiendo-juntos-xs.jpg\" data-srcset=\"https:\/\/medicina.udd.cl\/centro-de-desarrollo-educacional\/files\/2025\/10\/cerrar-gente-aprendiendo-juntos-xs.jpg 500w, https:\/\/medicina.udd.cl\/centro-de-desarrollo-educacional\/files\/2025\/10\/cerrar-gente-aprendiendo-juntos-xs-300x200.jpg 300w\" \/>\t\t\t\t\t\t<div class=\"access-image__content\">\n\t\t\t\t\t\t\t<h3 class=\"access-image__title\">Curso Estrategias para el Aprendizaje Activo 2026<\/h3>\n\t\t\t\t\t\t\t<span class=\"access-image__action\">Conocer m\u00e1s<\/span>\n\t\t\t\t\t\t<\/div>\n\t\t\t\t\t<\/a>\n\t\t\t\t<\/div>\n\t\t\t\t\t\t\t<div class=\"access-image-wrapper\">\n\t\t\t\t\t<a href=\"https:\/\/medicina.udd.cl\/centro-de-desarrollo-educacional\/que-hacemos\/cursos-y-talleres\/curso-instrumentos-de-evaluacion-2026\/\" data-url=\"https:\/\/medicina.udd.cl\/centro-de-desarrollo-educacional\/que-hacemos\/cursos-y-talleres\/curso-instrumentos-de-evaluacion-2026\/\" class=\"access-image\">\n\t\t\t\t\t<img loading=\"lazy\" decoding=\"async\" width=\"680\" height=\"382\" src=\"https:\/\/medicina.udd.cl\/centro-de-desarrollo-educacional\/files\/2025\/10\/vecteezy_close-up-of-pencils-and-eraser-on-test-sheets_1227181-680x382.jpg\" class=\"access-image__image lazyload\" alt=\"\" sizes=\"auto, (max-width: 680px) 100vw, 680px\" data-src=\"https:\/\/medicina.udd.cl\/centro-de-desarrollo-educacional\/files\/2025\/10\/vecteezy_close-up-of-pencils-and-eraser-on-test-sheets_1227181-680x382.jpg\" data-srcset=\"https:\/\/medicina.udd.cl\/centro-de-desarrollo-educacional\/files\/2025\/10\/vecteezy_close-up-of-pencils-and-eraser-on-test-sheets_1227181-680x382.jpg 680w, https:\/\/medicina.udd.cl\/centro-de-desarrollo-educacional\/files\/2025\/10\/vecteezy_close-up-of-pencils-and-eraser-on-test-sheets_1227181-1920x1080.jpg 1920w, https:\/\/medicina.udd.cl\/centro-de-desarrollo-educacional\/files\/2025\/10\/vecteezy_close-up-of-pencils-and-eraser-on-test-sheets_1227181-1366x768.jpg 1366w, https:\/\/medicina.udd.cl\/centro-de-desarrollo-educacional\/files\/2025\/10\/vecteezy_close-up-of-pencils-and-eraser-on-test-sheets_1227181-952x534.jpg 952w\" \/>\t\t\t\t\t\t<div class=\"access-image__content\">\n\t\t\t\t\t\t\t<h3 class=\"access-image__title\">Curso Instrumentos de Evaluaci\u00f3n 2026<\/h3>\n\t\t\t\t\t\t\t<span class=\"access-image__action\">Conocer m\u00e1s<\/span>\n\t\t\t\t\t\t<\/div>\n\t\t\t\t\t<\/a>\n\t\t\t\t<\/div>\n\t\t\t\t\t<\/div>\n\t<\/div>\n<\/section>\n\n\n<!-- WP Block: UDD - People -->\n<section class=\"wp-block-udd-contacts is-style-default\">\n\t\t<div class=\"block__bg\">\n\t\t\t\t\t<img loading=\"lazy\" decoding=\"async\" width=\"680\" height=\"382\" src=\"https:\/\/medicina.udd.cl\/centro-de-desarrollo-educacional\/files\/2024\/05\/pexels-lilartsy-3150549-crop-680x382.jpg\" class=\"block__bg-image object-cover lazyload\" alt=\"\" sizes=\"auto, (max-width: 680px) 100vw, 680px\" data-src=\"https:\/\/medicina.udd.cl\/centro-de-desarrollo-educacional\/files\/2024\/05\/pexels-lilartsy-3150549-crop-680x382.jpg\" data-srcset=\"https:\/\/medicina.udd.cl\/centro-de-desarrollo-educacional\/files\/2024\/05\/pexels-lilartsy-3150549-crop-680x382.jpg 680w, https:\/\/medicina.udd.cl\/centro-de-desarrollo-educacional\/files\/2024\/05\/pexels-lilartsy-3150549-crop-1920x1080.jpg 1920w, https:\/\/medicina.udd.cl\/centro-de-desarrollo-educacional\/files\/2024\/05\/pexels-lilartsy-3150549-crop-1366x768.jpg 1366w, https:\/\/medicina.udd.cl\/centro-de-desarrollo-educacional\/files\/2024\/05\/pexels-lilartsy-3150549-crop-952x534.jpg 952w\" \/>\t\t\t<\/div>\n\t\t<div class=\"container\">\n\t\t<header class=\"block__header\">\n\t\t\t<h2 class=\"block__title\">PARA M\u00c1S INFORMACI\u00d3N<\/h2>\n\t\t<\/header>\n\t\t<div class=\"block__content\">\n\t\t\t<ul class=\"contacts\">\n\t\t\t\t\t\t\t<li class=\"contact\">\n\t\t\t\t\t<div class=\"person-contact\">\n\t\t\t\t\t\t\t\t\t\t\t\t<h3 class=\"person-contact__name\">Ximena P\u00e9rez G.<\/h3>\n\t\t\t\t\t\t\t\t\t\t\t\t\t\t\t\t\t\t<span class=\"person-contact__job-title\">Coordinadora CDE<\/span>\n\t\t\t\t\t\t\t\t\t\t\t\t\t\t\t\t\t\t\t\t\t\t\t\t\t\t\t\t\t\t\t<span class=\"person-contact__email\">Email: <a href=\"mailto:xim&#101;&#110;&#97;pe&#114;e&#122;&#64;udd&#46;&#99;&#108;\">x&#105;me&#110;&#97;&#112;er&#101;z&#64;&#117;&#100;d&#46;cl<\/a><\/span>\n\t\t\t\t\t\t\t\t\t\t\t<\/div>\n\t\t\t\t<\/li>\n\t\t\t\t\t\t<\/ul>\n\t\t<\/div>\n\t<\/div>\n<\/section>\n","protected":false},"excerpt":{"rendered":"<p>El Centro de Desarrollo Educacional (CDE) ofrece distintos talleres presenciales y cursos en l\u00ednea asincr\u00f3nicos sobre aspectos relevantes de la docencia en carreras de la Salud. Conoce aqu\u00ed la oferta.<\/p>\n","protected":false},"author":9192239,"featured_media":0,"parent":50398,"menu_order":0,"comment_status":"closed","ping_status":"closed","template":"","meta":{"footnotes":""},"class_list":["post-50989","page","type-page","status-publish","hentry"],"yoast_head":"<!-- This site is optimized with the Yoast SEO plugin v26.9 - https:\/\/yoast.com\/product\/yoast-seo-wordpress\/ -->\n<title>Cursos y talleres - Centro de Desarrollo Educacional<\/title>\n<meta name=\"robots\" content=\"index, follow, max-snippet:-1, max-image-preview:large, max-video-preview:-1\" \/>\n<link rel=\"canonical\" href=\"https:\/\/medicina.udd.cl\/centro-de-desarrollo-educacional\/que-hacemos\/cursos-y-talleres\/\" \/>\n<meta property=\"og:locale\" content=\"es_ES\" \/>\n<meta property=\"og:type\" content=\"article\" \/>\n<meta property=\"og:title\" content=\"Cursos y talleres - Centro de Desarrollo Educacional\" \/>\n<meta property=\"og:description\" content=\"El Centro de Desarrollo Educacional (CDE) ofrece distintos talleres presenciales y cursos en l\u00ednea asincr\u00f3nicos sobre aspectos relevantes de la docencia en carreras de la Salud. Conoce aqu\u00ed la oferta.\" \/>\n<meta property=\"og:url\" content=\"https:\/\/medicina.udd.cl\/centro-de-desarrollo-educacional\/que-hacemos\/cursos-y-talleres\/\" \/>\n<meta property=\"og:site_name\" content=\"Centro de Desarrollo Educacional\" \/>\n<meta property=\"article:modified_time\" content=\"2025-11-21T03:24:19+00:00\" \/>\n<meta property=\"og:image\" content=\"https:\/\/medicina.udd.cl\/centro-de-desarrollo-educacional\/files\/2024\/12\/qh-cursos-y-tallers.jpg\" \/>\n\t<meta property=\"og:image:width\" content=\"960\" \/>\n\t<meta property=\"og:image:height\" content=\"540\" \/>\n\t<meta property=\"og:image:type\" content=\"image\/jpeg\" \/>\n<meta name=\"twitter:card\" content=\"summary_large_image\" \/>\n<meta name=\"twitter:label1\" content=\"Tiempo de lectura\" \/>\n\t<meta name=\"twitter:data1\" content=\"1 minuto\" \/>\n<script type=\"application\/ld+json\" class=\"yoast-schema-graph\">{\"@context\":\"https:\/\/schema.org\",\"@graph\":[{\"@type\":\"WebPage\",\"@id\":\"https:\/\/medicina.udd.cl\/centro-de-desarrollo-educacional\/que-hacemos\/cursos-y-talleres\/\",\"url\":\"https:\/\/medicina.udd.cl\/centro-de-desarrollo-educacional\/que-hacemos\/cursos-y-talleres\/\",\"name\":\"Cursos y talleres - Centro de Desarrollo Educacional\",\"isPartOf\":{\"@id\":\"https:\/\/medicina.udd.cl\/centro-de-desarrollo-educacional\/#website\"},\"primaryImageOfPage\":{\"@id\":\"https:\/\/medicina.udd.cl\/centro-de-desarrollo-educacional\/que-hacemos\/cursos-y-talleres\/#primaryimage\"},\"image\":{\"@id\":\"https:\/\/medicina.udd.cl\/centro-de-desarrollo-educacional\/que-hacemos\/cursos-y-talleres\/#primaryimage\"},\"thumbnailUrl\":\"https:\/\/medicina.udd.cl\/centro-de-desarrollo-educacional\/files\/2024\/12\/qh-cursos-y-tallers.jpg\",\"datePublished\":\"2024-05-30T10:55:47+00:00\",\"dateModified\":\"2025-11-21T03:24:19+00:00\",\"breadcrumb\":{\"@id\":\"https:\/\/medicina.udd.cl\/centro-de-desarrollo-educacional\/que-hacemos\/cursos-y-talleres\/#breadcrumb\"},\"inLanguage\":\"es\",\"potentialAction\":[{\"@type\":\"ReadAction\",\"target\":[\"https:\/\/medicina.udd.cl\/centro-de-desarrollo-educacional\/que-hacemos\/cursos-y-talleres\/\"]}]},{\"@type\":\"ImageObject\",\"inLanguage\":\"es\",\"@id\":\"https:\/\/medicina.udd.cl\/centro-de-desarrollo-educacional\/que-hacemos\/cursos-y-talleres\/#primaryimage\",\"url\":\"https:\/\/medicina.udd.cl\/centro-de-desarrollo-educacional\/files\/2024\/12\/qh-cursos-y-tallers.jpg\",\"contentUrl\":\"https:\/\/medicina.udd.cl\/centro-de-desarrollo-educacional\/files\/2024\/12\/qh-cursos-y-tallers.jpg\",\"width\":960,\"height\":540,\"caption\":\"Happy young Asian businessmen and businesswomen meeting brainstorming ideas about new paperwork project colleagues working together planning success strategy enjoy teamwork in small modern office.\"},{\"@type\":\"BreadcrumbList\",\"@id\":\"https:\/\/medicina.udd.cl\/centro-de-desarrollo-educacional\/que-hacemos\/cursos-y-talleres\/#breadcrumb\",\"itemListElement\":[{\"@type\":\"ListItem\",\"position\":1,\"name\":\"Portada\",\"item\":\"https:\/\/medicina.udd.cl\/centro-de-desarrollo-educacional\/\"},{\"@type\":\"ListItem\",\"position\":2,\"name\":\"Qu\u00e9 hacemos\",\"item\":\"https:\/\/medicina.udd.cl\/centro-de-desarrollo-educacional\/que-hacemos\/\"},{\"@type\":\"ListItem\",\"position\":3,\"name\":\"Cursos y talleres\"}]},{\"@type\":\"WebSite\",\"@id\":\"https:\/\/medicina.udd.cl\/centro-de-desarrollo-educacional\/#website\",\"url\":\"https:\/\/medicina.udd.cl\/centro-de-desarrollo-educacional\/\",\"name\":\"Centro de Desarrollo Educacional\",\"description\":\"Docencia, apoyo y capacitaci\u00f3n en Medicina\",\"inLanguage\":\"es\"}]}<\/script>\n<!-- \/ Yoast SEO plugin. -->","yoast_head_json":{"title":"Cursos y talleres - Centro de Desarrollo Educacional","robots":{"index":"index","follow":"follow","max-snippet":"max-snippet:-1","max-image-preview":"max-image-preview:large","max-video-preview":"max-video-preview:-1"},"canonical":"https:\/\/medicina.udd.cl\/centro-de-desarrollo-educacional\/que-hacemos\/cursos-y-talleres\/","og_locale":"es_ES","og_type":"article","og_title":"Cursos y talleres - Centro de Desarrollo Educacional","og_description":"El Centro de Desarrollo Educacional (CDE) ofrece distintos talleres presenciales y cursos en l\u00ednea asincr\u00f3nicos sobre aspectos relevantes de la docencia en carreras de la Salud. Conoce aqu\u00ed la oferta.","og_url":"https:\/\/medicina.udd.cl\/centro-de-desarrollo-educacional\/que-hacemos\/cursos-y-talleres\/","og_site_name":"Centro de Desarrollo Educacional","article_modified_time":"2025-11-21T03:24:19+00:00","og_image":[{"width":960,"height":540,"url":"https:\/\/medicina.udd.cl\/centro-de-desarrollo-educacional\/files\/2024\/12\/qh-cursos-y-tallers.jpg","type":"image\/jpeg"}],"twitter_card":"summary_large_image","twitter_misc":{"Tiempo de lectura":"1 minuto"},"schema":{"@context":"https:\/\/schema.org","@graph":[{"@type":"WebPage","@id":"https:\/\/medicina.udd.cl\/centro-de-desarrollo-educacional\/que-hacemos\/cursos-y-talleres\/","url":"https:\/\/medicina.udd.cl\/centro-de-desarrollo-educacional\/que-hacemos\/cursos-y-talleres\/","name":"Cursos y talleres - Centro de Desarrollo Educacional","isPartOf":{"@id":"https:\/\/medicina.udd.cl\/centro-de-desarrollo-educacional\/#website"},"primaryImageOfPage":{"@id":"https:\/\/medicina.udd.cl\/centro-de-desarrollo-educacional\/que-hacemos\/cursos-y-talleres\/#primaryimage"},"image":{"@id":"https:\/\/medicina.udd.cl\/centro-de-desarrollo-educacional\/que-hacemos\/cursos-y-talleres\/#primaryimage"},"thumbnailUrl":"https:\/\/medicina.udd.cl\/centro-de-desarrollo-educacional\/files\/2024\/12\/qh-cursos-y-tallers.jpg","datePublished":"2024-05-30T10:55:47+00:00","dateModified":"2025-11-21T03:24:19+00:00","breadcrumb":{"@id":"https:\/\/medicina.udd.cl\/centro-de-desarrollo-educacional\/que-hacemos\/cursos-y-talleres\/#breadcrumb"},"inLanguage":"es","potentialAction":[{"@type":"ReadAction","target":["https:\/\/medicina.udd.cl\/centro-de-desarrollo-educacional\/que-hacemos\/cursos-y-talleres\/"]}]},{"@type":"ImageObject","inLanguage":"es","@id":"https:\/\/medicina.udd.cl\/centro-de-desarrollo-educacional\/que-hacemos\/cursos-y-talleres\/#primaryimage","url":"https:\/\/medicina.udd.cl\/centro-de-desarrollo-educacional\/files\/2024\/12\/qh-cursos-y-tallers.jpg","contentUrl":"https:\/\/medicina.udd.cl\/centro-de-desarrollo-educacional\/files\/2024\/12\/qh-cursos-y-tallers.jpg","width":960,"height":540,"caption":"Happy young Asian businessmen and businesswomen meeting brainstorming ideas about new paperwork project colleagues working together planning success strategy enjoy teamwork in small modern office."},{"@type":"BreadcrumbList","@id":"https:\/\/medicina.udd.cl\/centro-de-desarrollo-educacional\/que-hacemos\/cursos-y-talleres\/#breadcrumb","itemListElement":[{"@type":"ListItem","position":1,"name":"Portada","item":"https:\/\/medicina.udd.cl\/centro-de-desarrollo-educacional\/"},{"@type":"ListItem","position":2,"name":"Qu\u00e9 hacemos","item":"https:\/\/medicina.udd.cl\/centro-de-desarrollo-educacional\/que-hacemos\/"},{"@type":"ListItem","position":3,"name":"Cursos y talleres"}]},{"@type":"WebSite","@id":"https:\/\/medicina.udd.cl\/centro-de-desarrollo-educacional\/#website","url":"https:\/\/medicina.udd.cl\/centro-de-desarrollo-educacional\/","name":"Centro de Desarrollo Educacional","description":"Docencia, apoyo y capacitaci\u00f3n en Medicina","inLanguage":"es"}]}},"_links":{"self":[{"href":"https:\/\/medicina.udd.cl\/centro-de-desarrollo-educacional\/wp-json\/wp\/v2\/pages\/50989","targetHints":{"allow":["GET"]}}],"collection":[{"href":"https:\/\/medicina.udd.cl\/centro-de-desarrollo-educacional\/wp-json\/wp\/v2\/pages"}],"about":[{"href":"https:\/\/medicina.udd.cl\/centro-de-desarrollo-educacional\/wp-json\/wp\/v2\/types\/page"}],"author":[{"embeddable":true,"href":"https:\/\/medicina.udd.cl\/centro-de-desarrollo-educacional\/wp-json\/wp\/v2\/users\/9192239"}],"replies":[{"embeddable":true,"href":"https:\/\/medicina.udd.cl\/centro-de-desarrollo-educacional\/wp-json\/wp\/v2\/comments?post=50989"}],"version-history":[{"count":35,"href":"https:\/\/medicina.udd.cl\/centro-de-desarrollo-educacional\/wp-json\/wp\/v2\/pages\/50989\/revisions"}],"predecessor-version":[{"id":51841,"href":"https:\/\/medicina.udd.cl\/centro-de-desarrollo-educacional\/wp-json\/wp\/v2\/pages\/50989\/revisions\/51841"}],"up":[{"embeddable":true,"href":"https:\/\/medicina.udd.cl\/centro-de-desarrollo-educacional\/wp-json\/wp\/v2\/pages\/50398"}],"wp:attachment":[{"href":"https:\/\/medicina.udd.cl\/centro-de-desarrollo-educacional\/wp-json\/wp\/v2\/media?parent=50989"}],"curies":[{"name":"wp","href":"https:\/\/api.w.org\/{rel}","templated":true}]}}