{"id":51506,"date":"2025-10-26T06:03:33","date_gmt":"2025-10-26T05:03:33","guid":{"rendered":"https:\/\/medicina.udd.cl\/centro-de-desarrollo-educacional\/?page_id=51506"},"modified":"2025-12-18T19:41:58","modified_gmt":"2025-12-18T18:41:58","slug":"curso-instrumentos-de-evaluacion-2026","status":"publish","type":"page","link":"https:\/\/medicina.udd.cl\/centro-de-desarrollo-educacional\/que-hacemos\/cursos-y-talleres\/curso-instrumentos-de-evaluacion-2026\/","title":{"rendered":"Curso Instrumentos de Evaluaci\u00f3n 2026"},"content":{"rendered":"\n<div class=\"wp-block-media-text alignfull is-stacked-on-mobile is-image-fill-element\"><figure class=\"wp-block-media-text__media\"><img loading=\"lazy\" decoding=\"async\" width=\"1024\" height=\"683\" src=\"https:\/\/medicina.udd.cl\/centro-de-desarrollo-educacional\/files\/2025\/10\/instrumentos-de-evaluacion-1024x683.jpg\" alt=\"\" class=\"wp-image-51507 size-large\" style=\"object-position:48% 83%\" srcset=\"https:\/\/medicina.udd.cl\/centro-de-desarrollo-educacional\/files\/2025\/10\/instrumentos-de-evaluacion-1024x683.jpg 1024w, https:\/\/medicina.udd.cl\/centro-de-desarrollo-educacional\/files\/2025\/10\/instrumentos-de-evaluacion-300x200.jpg 300w, https:\/\/medicina.udd.cl\/centro-de-desarrollo-educacional\/files\/2025\/10\/instrumentos-de-evaluacion-768x512.jpg 768w, https:\/\/medicina.udd.cl\/centro-de-desarrollo-educacional\/files\/2025\/10\/instrumentos-de-evaluacion-1536x1024.jpg 1536w, https:\/\/medicina.udd.cl\/centro-de-desarrollo-educacional\/files\/2025\/10\/instrumentos-de-evaluacion-2048x1365.jpg 2048w\" sizes=\"auto, (max-width: 1024px) 100vw, 1024px\" \/><\/figure><div class=\"wp-block-media-text__content\">\n<p class=\"has-normal-font-size\">Curso presencial en Campus Rector Ernesto Silva Bafalluy.<\/p>\n\n\n\n<ul class=\"wp-block-list\">\n<li class=\"has-normal-font-size\"><strong>Lunes 5 <\/strong>de enero 2026<\/li>\n\n\n\n<li class=\"has-normal-font-size\"><strong>Mi\u00e9rcoles 7<\/strong> de enero 2026<\/li>\n\n\n\n<li class=\"has-normal-font-size\"><strong>Lunes 12<\/strong> de enero 2026<\/li>\n\n\n\n<li class=\"has-normal-font-size\"><strong>Mi\u00e9rcoles 14<\/strong> de enero 2026<\/li>\n<\/ul>\n\n\n\n<p class=\"has-normal-font-size\">Contenidos: Preguntas de selecci\u00f3n m\u00faltiple, Preguntas de respuesta abierta, Indicadores de desempe\u00f1o e Instrumento de evaluaci\u00f3n.<\/p>\n\n\n\n<p class=\"has-normal-font-size\">Horario: <strong>14:00 a 18:00 horas<\/strong>.<\/p>\n\n\n\n<p class=\"has-normal-font-size\">Curso con certificaci\u00f3n de la Direcci\u00f3n de Educaci\u00f3n Continua UDD (DEC).<\/p>\n\n\n\n<p class=\"has-normal-font-size\">\u00a1Inscr\u00edbete!: <a href=\"https:\/\/forms.office.com\/Pages\/ResponsePage.aspx?id=J4nXtdAlqUSDcNhuV8e6lgF8VyoryttHrRwgDpLqbotUQU1ZTVVQT0JPWDQ1Vk5NOEFMVkFGQktLMS4u\" target=\"_blank\" rel=\"noreferrer noopener\">Formulario de inscripci\u00f3n<\/a><\/p>\n<\/div><\/div>\n\n\n<!-- WP Block: UDD - People -->\n<section class=\"wp-block-udd-contacts is-style-default\">\n\t\t<div class=\"block__bg\">\n\t\t\t\t\t<img loading=\"lazy\" decoding=\"async\" width=\"680\" height=\"382\" src=\"https:\/\/medicina.udd.cl\/centro-de-desarrollo-educacional\/files\/2025\/10\/footcontactform-instrumentos-evaluacion2-680x382.jpg\" class=\"block__bg-image object-cover lazyload\" alt=\"\" sizes=\"auto, (max-width: 680px) 100vw, 680px\" data-src=\"https:\/\/medicina.udd.cl\/centro-de-desarrollo-educacional\/files\/2025\/10\/footcontactform-instrumentos-evaluacion2-680x382.jpg\" data-srcset=\"https:\/\/medicina.udd.cl\/centro-de-desarrollo-educacional\/files\/2025\/10\/footcontactform-instrumentos-evaluacion2-680x382.jpg 680w, https:\/\/medicina.udd.cl\/centro-de-desarrollo-educacional\/files\/2025\/10\/footcontactform-instrumentos-evaluacion2-952x534.jpg 952w\" \/>\t\t\t<\/div>\n\t\t<div class=\"container\">\n\t\t<header class=\"block__header\">\n\t\t\t<h2 class=\"block__title\">PARA M\u00c1S INFORMACI\u00d3N<\/h2>\n\t\t<\/header>\n\t\t<div class=\"block__content\">\n\t\t\t<ul class=\"contacts\">\n\t\t\t\t\t\t\t<li class=\"contact\">\n\t\t\t\t\t<div class=\"person-contact\">\n\t\t\t\t\t\t\t\t\t\t\t\t<h3 class=\"person-contact__name\">Ximena P\u00e9rez G.<\/h3>\n\t\t\t\t\t\t\t\t\t\t\t\t\t\t\t\t\t\t<span class=\"person-contact__job-title\">Coordinadora CDE<\/span>\n\t\t\t\t\t\t\t\t\t\t\t\t\t\t\t\t\t\t\t\t\t\t\t\t\t\t\t\t\t\t\t<span class=\"person-contact__email\">Email: <a href=\"mailto:&#120;i&#109;e&#110;ap&#101;&#114;&#101;z&#64;&#117;dd.cl\">ximena&#112;&#101;&#114;&#101;&#122;&#64;&#117;&#100;&#100;&#46;&#99;&#108;<\/a><\/span>\n\t\t\t\t\t\t\t\t\t\t\t<\/div>\n\t\t\t\t<\/li>\n\t\t\t\t\t\t<\/ul>\n\t\t<\/div>\n\t<\/div>\n<\/section>\n\n\n\n<p><\/p>\n","protected":false},"excerpt":{"rendered":"","protected":false},"author":9192239,"featured_media":0,"parent":50989,"menu_order":0,"comment_status":"closed","ping_status":"closed","template":"","meta":{"footnotes":""},"class_list":["post-51506","page","type-page","status-publish","hentry"],"yoast_head":"<!-- This site is optimized with the Yoast SEO plugin v26.9 - https:\/\/yoast.com\/product\/yoast-seo-wordpress\/ -->\n<title>Curso Instrumentos de Evaluaci\u00f3n 2026 - Centro de Desarrollo Educacional<\/title>\n<meta name=\"robots\" content=\"index, follow, max-snippet:-1, max-image-preview:large, max-video-preview:-1\" \/>\n<link rel=\"canonical\" href=\"https:\/\/medicina.udd.cl\/centro-de-desarrollo-educacional\/que-hacemos\/cursos-y-talleres\/curso-instrumentos-de-evaluacion-2026\/\" \/>\n<meta property=\"og:locale\" content=\"es_ES\" \/>\n<meta property=\"og:type\" content=\"article\" \/>\n<meta property=\"og:title\" content=\"Curso Instrumentos de Evaluaci\u00f3n 2026 - Centro de Desarrollo Educacional\" \/>\n<meta property=\"og:url\" content=\"https:\/\/medicina.udd.cl\/centro-de-desarrollo-educacional\/que-hacemos\/cursos-y-talleres\/curso-instrumentos-de-evaluacion-2026\/\" \/>\n<meta property=\"og:site_name\" content=\"Centro de Desarrollo Educacional\" \/>\n<meta property=\"article:modified_time\" content=\"2025-12-18T18:41:58+00:00\" \/>\n<meta property=\"og:image\" content=\"https:\/\/medicina.udd.cl\/centro-de-desarrollo-educacional\/files\/2025\/10\/instrumentos-de-evaluacion-scaled.jpg\" \/>\n\t<meta property=\"og:image:width\" content=\"2560\" \/>\n\t<meta property=\"og:image:height\" content=\"1707\" \/>\n\t<meta property=\"og:image:type\" content=\"image\/jpeg\" \/>\n<meta name=\"twitter:card\" content=\"summary_large_image\" \/>\n<meta name=\"twitter:label1\" content=\"Tiempo de lectura\" \/>\n\t<meta name=\"twitter:data1\" content=\"1 minuto\" \/>\n<script type=\"application\/ld+json\" class=\"yoast-schema-graph\">{\"@context\":\"https:\/\/schema.org\",\"@graph\":[{\"@type\":\"WebPage\",\"@id\":\"https:\/\/medicina.udd.cl\/centro-de-desarrollo-educacional\/que-hacemos\/cursos-y-talleres\/curso-instrumentos-de-evaluacion-2026\/\",\"url\":\"https:\/\/medicina.udd.cl\/centro-de-desarrollo-educacional\/que-hacemos\/cursos-y-talleres\/curso-instrumentos-de-evaluacion-2026\/\",\"name\":\"Curso Instrumentos de Evaluaci\u00f3n 2026 - Centro de Desarrollo Educacional\",\"isPartOf\":{\"@id\":\"https:\/\/medicina.udd.cl\/centro-de-desarrollo-educacional\/#website\"},\"primaryImageOfPage\":{\"@id\":\"https:\/\/medicina.udd.cl\/centro-de-desarrollo-educacional\/que-hacemos\/cursos-y-talleres\/curso-instrumentos-de-evaluacion-2026\/#primaryimage\"},\"image\":{\"@id\":\"https:\/\/medicina.udd.cl\/centro-de-desarrollo-educacional\/que-hacemos\/cursos-y-talleres\/curso-instrumentos-de-evaluacion-2026\/#primaryimage\"},\"thumbnailUrl\":\"https:\/\/medicina.udd.cl\/centro-de-desarrollo-educacional\/files\/2025\/10\/instrumentos-de-evaluacion-1024x683.jpg\",\"datePublished\":\"2025-10-26T05:03:33+00:00\",\"dateModified\":\"2025-12-18T18:41:58+00:00\",\"breadcrumb\":{\"@id\":\"https:\/\/medicina.udd.cl\/centro-de-desarrollo-educacional\/que-hacemos\/cursos-y-talleres\/curso-instrumentos-de-evaluacion-2026\/#breadcrumb\"},\"inLanguage\":\"es\",\"potentialAction\":[{\"@type\":\"ReadAction\",\"target\":[\"https:\/\/medicina.udd.cl\/centro-de-desarrollo-educacional\/que-hacemos\/cursos-y-talleres\/curso-instrumentos-de-evaluacion-2026\/\"]}]},{\"@type\":\"ImageObject\",\"inLanguage\":\"es\",\"@id\":\"https:\/\/medicina.udd.cl\/centro-de-desarrollo-educacional\/que-hacemos\/cursos-y-talleres\/curso-instrumentos-de-evaluacion-2026\/#primaryimage\",\"url\":\"https:\/\/medicina.udd.cl\/centro-de-desarrollo-educacional\/files\/2025\/10\/instrumentos-de-evaluacion-scaled.jpg\",\"contentUrl\":\"https:\/\/medicina.udd.cl\/centro-de-desarrollo-educacional\/files\/2025\/10\/instrumentos-de-evaluacion-scaled.jpg\",\"width\":2560,\"height\":1707,\"caption\":\"Close up of hand completing an employment application form\"},{\"@type\":\"BreadcrumbList\",\"@id\":\"https:\/\/medicina.udd.cl\/centro-de-desarrollo-educacional\/que-hacemos\/cursos-y-talleres\/curso-instrumentos-de-evaluacion-2026\/#breadcrumb\",\"itemListElement\":[{\"@type\":\"ListItem\",\"position\":1,\"name\":\"Portada\",\"item\":\"https:\/\/medicina.udd.cl\/centro-de-desarrollo-educacional\/\"},{\"@type\":\"ListItem\",\"position\":2,\"name\":\"Qu\u00e9 hacemos\",\"item\":\"https:\/\/medicina.udd.cl\/centro-de-desarrollo-educacional\/que-hacemos\/\"},{\"@type\":\"ListItem\",\"position\":3,\"name\":\"Cursos y talleres\",\"item\":\"https:\/\/medicina.udd.cl\/centro-de-desarrollo-educacional\/que-hacemos\/cursos-y-talleres\/\"},{\"@type\":\"ListItem\",\"position\":4,\"name\":\"Curso Instrumentos de Evaluaci\u00f3n 2026\"}]},{\"@type\":\"WebSite\",\"@id\":\"https:\/\/medicina.udd.cl\/centro-de-desarrollo-educacional\/#website\",\"url\":\"https:\/\/medicina.udd.cl\/centro-de-desarrollo-educacional\/\",\"name\":\"Centro de Desarrollo Educacional\",\"description\":\"Docencia, apoyo y capacitaci\u00f3n en Medicina\",\"inLanguage\":\"es\"}]}<\/script>\n<!-- \/ Yoast SEO plugin. -->","yoast_head_json":{"title":"Curso Instrumentos de Evaluaci\u00f3n 2026 - Centro de Desarrollo Educacional","robots":{"index":"index","follow":"follow","max-snippet":"max-snippet:-1","max-image-preview":"max-image-preview:large","max-video-preview":"max-video-preview:-1"},"canonical":"https:\/\/medicina.udd.cl\/centro-de-desarrollo-educacional\/que-hacemos\/cursos-y-talleres\/curso-instrumentos-de-evaluacion-2026\/","og_locale":"es_ES","og_type":"article","og_title":"Curso Instrumentos de Evaluaci\u00f3n 2026 - Centro de Desarrollo Educacional","og_url":"https:\/\/medicina.udd.cl\/centro-de-desarrollo-educacional\/que-hacemos\/cursos-y-talleres\/curso-instrumentos-de-evaluacion-2026\/","og_site_name":"Centro de Desarrollo Educacional","article_modified_time":"2025-12-18T18:41:58+00:00","og_image":[{"width":2560,"height":1707,"url":"https:\/\/medicina.udd.cl\/centro-de-desarrollo-educacional\/files\/2025\/10\/instrumentos-de-evaluacion-scaled.jpg","type":"image\/jpeg"}],"twitter_card":"summary_large_image","twitter_misc":{"Tiempo de lectura":"1 minuto"},"schema":{"@context":"https:\/\/schema.org","@graph":[{"@type":"WebPage","@id":"https:\/\/medicina.udd.cl\/centro-de-desarrollo-educacional\/que-hacemos\/cursos-y-talleres\/curso-instrumentos-de-evaluacion-2026\/","url":"https:\/\/medicina.udd.cl\/centro-de-desarrollo-educacional\/que-hacemos\/cursos-y-talleres\/curso-instrumentos-de-evaluacion-2026\/","name":"Curso Instrumentos de Evaluaci\u00f3n 2026 - Centro de Desarrollo Educacional","isPartOf":{"@id":"https:\/\/medicina.udd.cl\/centro-de-desarrollo-educacional\/#website"},"primaryImageOfPage":{"@id":"https:\/\/medicina.udd.cl\/centro-de-desarrollo-educacional\/que-hacemos\/cursos-y-talleres\/curso-instrumentos-de-evaluacion-2026\/#primaryimage"},"image":{"@id":"https:\/\/medicina.udd.cl\/centro-de-desarrollo-educacional\/que-hacemos\/cursos-y-talleres\/curso-instrumentos-de-evaluacion-2026\/#primaryimage"},"thumbnailUrl":"https:\/\/medicina.udd.cl\/centro-de-desarrollo-educacional\/files\/2025\/10\/instrumentos-de-evaluacion-1024x683.jpg","datePublished":"2025-10-26T05:03:33+00:00","dateModified":"2025-12-18T18:41:58+00:00","breadcrumb":{"@id":"https:\/\/medicina.udd.cl\/centro-de-desarrollo-educacional\/que-hacemos\/cursos-y-talleres\/curso-instrumentos-de-evaluacion-2026\/#breadcrumb"},"inLanguage":"es","potentialAction":[{"@type":"ReadAction","target":["https:\/\/medicina.udd.cl\/centro-de-desarrollo-educacional\/que-hacemos\/cursos-y-talleres\/curso-instrumentos-de-evaluacion-2026\/"]}]},{"@type":"ImageObject","inLanguage":"es","@id":"https:\/\/medicina.udd.cl\/centro-de-desarrollo-educacional\/que-hacemos\/cursos-y-talleres\/curso-instrumentos-de-evaluacion-2026\/#primaryimage","url":"https:\/\/medicina.udd.cl\/centro-de-desarrollo-educacional\/files\/2025\/10\/instrumentos-de-evaluacion-scaled.jpg","contentUrl":"https:\/\/medicina.udd.cl\/centro-de-desarrollo-educacional\/files\/2025\/10\/instrumentos-de-evaluacion-scaled.jpg","width":2560,"height":1707,"caption":"Close up of hand completing an employment application form"},{"@type":"BreadcrumbList","@id":"https:\/\/medicina.udd.cl\/centro-de-desarrollo-educacional\/que-hacemos\/cursos-y-talleres\/curso-instrumentos-de-evaluacion-2026\/#breadcrumb","itemListElement":[{"@type":"ListItem","position":1,"name":"Portada","item":"https:\/\/medicina.udd.cl\/centro-de-desarrollo-educacional\/"},{"@type":"ListItem","position":2,"name":"Qu\u00e9 hacemos","item":"https:\/\/medicina.udd.cl\/centro-de-desarrollo-educacional\/que-hacemos\/"},{"@type":"ListItem","position":3,"name":"Cursos y talleres","item":"https:\/\/medicina.udd.cl\/centro-de-desarrollo-educacional\/que-hacemos\/cursos-y-talleres\/"},{"@type":"ListItem","position":4,"name":"Curso Instrumentos de Evaluaci\u00f3n 2026"}]},{"@type":"WebSite","@id":"https:\/\/medicina.udd.cl\/centro-de-desarrollo-educacional\/#website","url":"https:\/\/medicina.udd.cl\/centro-de-desarrollo-educacional\/","name":"Centro de Desarrollo Educacional","description":"Docencia, apoyo y capacitaci\u00f3n en Medicina","inLanguage":"es"}]}},"_links":{"self":[{"href":"https:\/\/medicina.udd.cl\/centro-de-desarrollo-educacional\/wp-json\/wp\/v2\/pages\/51506","targetHints":{"allow":["GET"]}}],"collection":[{"href":"https:\/\/medicina.udd.cl\/centro-de-desarrollo-educacional\/wp-json\/wp\/v2\/pages"}],"about":[{"href":"https:\/\/medicina.udd.cl\/centro-de-desarrollo-educacional\/wp-json\/wp\/v2\/types\/page"}],"author":[{"embeddable":true,"href":"https:\/\/medicina.udd.cl\/centro-de-desarrollo-educacional\/wp-json\/wp\/v2\/users\/9192239"}],"replies":[{"embeddable":true,"href":"https:\/\/medicina.udd.cl\/centro-de-desarrollo-educacional\/wp-json\/wp\/v2\/comments?post=51506"}],"version-history":[{"count":20,"href":"https:\/\/medicina.udd.cl\/centro-de-desarrollo-educacional\/wp-json\/wp\/v2\/pages\/51506\/revisions"}],"predecessor-version":[{"id":51867,"href":"https:\/\/medicina.udd.cl\/centro-de-desarrollo-educacional\/wp-json\/wp\/v2\/pages\/51506\/revisions\/51867"}],"up":[{"embeddable":true,"href":"https:\/\/medicina.udd.cl\/centro-de-desarrollo-educacional\/wp-json\/wp\/v2\/pages\/50989"}],"wp:attachment":[{"href":"https:\/\/medicina.udd.cl\/centro-de-desarrollo-educacional\/wp-json\/wp\/v2\/media?parent=51506"}],"curies":[{"name":"wp","href":"https:\/\/api.w.org\/{rel}","templated":true}]}}