{"id":101,"date":"2011-03-17T11:07:23","date_gmt":"2011-03-17T14:07:23","guid":{"rendered":"http:\/\/medicina.udd.cl\/centro-epidemiologia-politicas-salud\/"},"modified":"2012-11-14T17:12:42","modified_gmt":"2012-11-14T20:12:42","slug":"claudia-gonzalez-wiedmaier","status":"publish","type":"page","link":"https:\/\/medicina.udd.cl\/centro-epidemiologia-politicas-salud\/claudia-gonzalez-wiedmaier\/","title":{"rendered":"Claudia Gonz\u00e1lez Wiedmaier"},"content":{"rendered":"<p style=\"text-align: justify;\">Psic\u00f3loga por la Universidad Complutense de Madrid y candidata a Mag\u00edster en Salud P\u00fablica por la Universidad de Chile.<\/p>\n<p style=\"text-align: justify;\">Durante 7 a\u00f1os, hasta 1997,\u00a0 se\u00a0 desempe\u00f1\u00f3 en una corporaci\u00f3n de investigaci\u00f3n en epidemiolog\u00eda, realizando entre otros, estudios sobre factores de riesgo para VIH\/SIDA, c\u00e1ncer, prioridades sociales en salud.<\/p>\n<p style=\"text-align: justify;\">En 1997 ingres\u00f3 a trabajar al Departamento de Epidemiolog\u00eda del Ministerio de Salud.<\/p>\n<p style=\"text-align: justify;\">Hasta 2005 se estuvo a cargo de la unidad de estudio del Departamento de Epidemiolog\u00eda,\u00a0 destac\u00e1ndose su participaci\u00f3n en la formulaci\u00f3n del Modelo Nacional de Vigilancia Epidemiol\u00f3gica,\u00a0 los Objetivos Sanitarios para la D\u00e9cada 2000-2010 para Chile, realizaci\u00f3n de encuestas poblacionales para medir calidad de vida, prevalencia de enfermedades y factores riesgo en distintos grupos poblacionales.<\/p>\n<p style=\"text-align: justify;\">Desde 2005 hasta agosto de 2010 \u00a0coordin\u00f3 el \u00e1rea de epidemiolog\u00eda del Ministerio de Salud de Chile,\u00a0 centr\u00e1ndose sus funciones en el \u00e1mbito de la vigilancia epidemiol\u00f3gica \u00a0y en el desarrollo de estudios para la toma de decisiones sobre pol\u00edticas p\u00fablicas.<\/p>\n<p style=\"text-align: justify;\">Desde 2002 particip\u00f3 activamente en la elaboraci\u00f3n del Plan Nacional de Enfrentamiento de una Pandemia y en 2009 estuvo a cargo de la secretar\u00eda ejecutiva del Comit\u00e9 de Enfrentamiento de Brotes y Emergencias Sanitarias, entidad responsable del enfrentamiento de la Pandemia 2009 en Chile.<\/p>\n<p style=\"text-align: justify;\">Asimismo, fue el punto focal de RSI hasta agosto de 2010 para Chile, y condujo la implementaci\u00f3n de dicho Reglamento en el pa\u00eds.<\/p>\n<p style=\"text-align: justify;\">Actualmente es miembro del Comit\u00e9 de expertos de la Organizaci\u00f3n Mundial de\u00a0 la Salud para la <em>revisi\u00f3n del<\/em> <em> funcionamiento del Reglamento Sanitario Internacional (2005) en relaci\u00f3n con la pandemia por A (H1N1) 2009.<\/em><\/p>\n<p style=\"text-align: justify;\">Tambi\u00e9n es consultora de OPS y ha realizado consultor\u00edas en el \u00e1mbito de las enfermedades desatendidas en Am\u00e9rica Latina, TBC y Pandemia de Influenza 2009.<\/p>\n","protected":false},"excerpt":{"rendered":"<p>Psic\u00f3loga por la Universidad Complutense de Madrid y candidata a Mag\u00edster en Salud P\u00fablica por la Universidad de Chile. Durante 7 a\u00f1os, hasta 1997,\u00a0 se\u00a0 desempe\u00f1\u00f3 en una corporaci\u00f3n de investigaci\u00f3n en epidemiolog\u00eda, realizando entre otros, estudios sobre factores de riesgo para VIH\/SIDA, c\u00e1ncer, prioridades sociales en salud. En 1997 ingres\u00f3 a trabajar al Departamento [&hellip;]<\/p>\n","protected":false},"author":1,"featured_media":0,"parent":0,"menu_order":0,"comment_status":"open","ping_status":"open","template":"","meta":{"footnotes":""},"class_list":["post-101","page","type-page","status-publish","hentry"],"yoast_head":"<!-- This site is optimized with the Yoast SEO plugin v26.9 - https:\/\/yoast.com\/product\/yoast-seo-wordpress\/ -->\n<title>Claudia Gonz\u00e1lez Wiedmaier - Centro de Epidemiolog\u00eda y Pol\u00edticas de Salud<\/title>\n<meta name=\"robots\" content=\"index, follow, max-snippet:-1, max-image-preview:large, max-video-preview:-1\" \/>\n<link rel=\"canonical\" href=\"https:\/\/medicina.udd.cl\/centro-epidemiologia-politicas-salud\/claudia-gonzalez-wiedmaier\/\" \/>\n<meta property=\"og:locale\" content=\"es_ES\" \/>\n<meta property=\"og:type\" content=\"article\" \/>\n<meta property=\"og:title\" content=\"Claudia Gonz\u00e1lez Wiedmaier - Centro de Epidemiolog\u00eda y Pol\u00edticas de Salud\" \/>\n<meta property=\"og:description\" content=\"Psic\u00f3loga por la Universidad Complutense de Madrid y candidata a Mag\u00edster en Salud P\u00fablica por la Universidad de Chile. Durante 7 a\u00f1os, hasta 1997,\u00a0 se\u00a0 desempe\u00f1\u00f3 en una corporaci\u00f3n de investigaci\u00f3n en epidemiolog\u00eda, realizando entre otros, estudios sobre factores de riesgo para VIH\/SIDA, c\u00e1ncer, prioridades sociales en salud. En 1997 ingres\u00f3 a trabajar al Departamento [&hellip;]\" \/>\n<meta property=\"og:url\" content=\"https:\/\/medicina.udd.cl\/centro-epidemiologia-politicas-salud\/claudia-gonzalez-wiedmaier\/\" \/>\n<meta property=\"og:site_name\" content=\"Centro de Epidemiolog\u00eda y Pol\u00edticas de Salud\" \/>\n<meta property=\"article:modified_time\" content=\"2012-11-14T20:12:42+00:00\" \/>\n<meta name=\"twitter:label1\" content=\"Tiempo de lectura\" \/>\n\t<meta name=\"twitter:data1\" content=\"2 minutos\" \/>\n<script type=\"application\/ld+json\" class=\"yoast-schema-graph\">{\"@context\":\"https:\/\/schema.org\",\"@graph\":[{\"@type\":\"WebPage\",\"@id\":\"https:\/\/medicina.udd.cl\/centro-epidemiologia-politicas-salud\/claudia-gonzalez-wiedmaier\/\",\"url\":\"https:\/\/medicina.udd.cl\/centro-epidemiologia-politicas-salud\/claudia-gonzalez-wiedmaier\/\",\"name\":\"Claudia Gonz\u00e1lez Wiedmaier - Centro de Epidemiolog\u00eda y Pol\u00edticas de Salud\",\"isPartOf\":{\"@id\":\"https:\/\/medicina.udd.cl\/centro-epidemiologia-politicas-salud\/#website\"},\"datePublished\":\"2011-03-17T14:07:23+00:00\",\"dateModified\":\"2012-11-14T20:12:42+00:00\",\"breadcrumb\":{\"@id\":\"https:\/\/medicina.udd.cl\/centro-epidemiologia-politicas-salud\/claudia-gonzalez-wiedmaier\/#breadcrumb\"},\"inLanguage\":\"es\",\"potentialAction\":[{\"@type\":\"ReadAction\",\"target\":[\"https:\/\/medicina.udd.cl\/centro-epidemiologia-politicas-salud\/claudia-gonzalez-wiedmaier\/\"]}]},{\"@type\":\"BreadcrumbList\",\"@id\":\"https:\/\/medicina.udd.cl\/centro-epidemiologia-politicas-salud\/claudia-gonzalez-wiedmaier\/#breadcrumb\",\"itemListElement\":[{\"@type\":\"ListItem\",\"position\":1,\"name\":\"Inicio\",\"item\":\"https:\/\/medicina.udd.cl\/centro-epidemiologia-politicas-salud\/\"},{\"@type\":\"ListItem\",\"position\":2,\"name\":\"Claudia Gonz\u00e1lez Wiedmaier\"}]},{\"@type\":\"WebSite\",\"@id\":\"https:\/\/medicina.udd.cl\/centro-epidemiologia-politicas-salud\/#website\",\"url\":\"https:\/\/medicina.udd.cl\/centro-epidemiologia-politicas-salud\/\",\"name\":\"Centro de Epidemiolog\u00eda y Pol\u00edticas de Salud\",\"description\":\"Otro blog m\u00e1s de Medicina\",\"inLanguage\":\"es\"}]}<\/script>\n<!-- \/ Yoast SEO plugin. -->","yoast_head_json":{"title":"Claudia Gonz\u00e1lez Wiedmaier - Centro de Epidemiolog\u00eda y Pol\u00edticas de Salud","robots":{"index":"index","follow":"follow","max-snippet":"max-snippet:-1","max-image-preview":"max-image-preview:large","max-video-preview":"max-video-preview:-1"},"canonical":"https:\/\/medicina.udd.cl\/centro-epidemiologia-politicas-salud\/claudia-gonzalez-wiedmaier\/","og_locale":"es_ES","og_type":"article","og_title":"Claudia Gonz\u00e1lez Wiedmaier - Centro de Epidemiolog\u00eda y Pol\u00edticas de Salud","og_description":"Psic\u00f3loga por la Universidad Complutense de Madrid y candidata a Mag\u00edster en Salud P\u00fablica por la Universidad de Chile. Durante 7 a\u00f1os, hasta 1997,\u00a0 se\u00a0 desempe\u00f1\u00f3 en una corporaci\u00f3n de investigaci\u00f3n en epidemiolog\u00eda, realizando entre otros, estudios sobre factores de riesgo para VIH\/SIDA, c\u00e1ncer, prioridades sociales en salud. En 1997 ingres\u00f3 a trabajar al Departamento [&hellip;]","og_url":"https:\/\/medicina.udd.cl\/centro-epidemiologia-politicas-salud\/claudia-gonzalez-wiedmaier\/","og_site_name":"Centro de Epidemiolog\u00eda y Pol\u00edticas de Salud","article_modified_time":"2012-11-14T20:12:42+00:00","twitter_misc":{"Tiempo de lectura":"2 minutos"},"schema":{"@context":"https:\/\/schema.org","@graph":[{"@type":"WebPage","@id":"https:\/\/medicina.udd.cl\/centro-epidemiologia-politicas-salud\/claudia-gonzalez-wiedmaier\/","url":"https:\/\/medicina.udd.cl\/centro-epidemiologia-politicas-salud\/claudia-gonzalez-wiedmaier\/","name":"Claudia Gonz\u00e1lez Wiedmaier - Centro de Epidemiolog\u00eda y Pol\u00edticas de Salud","isPartOf":{"@id":"https:\/\/medicina.udd.cl\/centro-epidemiologia-politicas-salud\/#website"},"datePublished":"2011-03-17T14:07:23+00:00","dateModified":"2012-11-14T20:12:42+00:00","breadcrumb":{"@id":"https:\/\/medicina.udd.cl\/centro-epidemiologia-politicas-salud\/claudia-gonzalez-wiedmaier\/#breadcrumb"},"inLanguage":"es","potentialAction":[{"@type":"ReadAction","target":["https:\/\/medicina.udd.cl\/centro-epidemiologia-politicas-salud\/claudia-gonzalez-wiedmaier\/"]}]},{"@type":"BreadcrumbList","@id":"https:\/\/medicina.udd.cl\/centro-epidemiologia-politicas-salud\/claudia-gonzalez-wiedmaier\/#breadcrumb","itemListElement":[{"@type":"ListItem","position":1,"name":"Inicio","item":"https:\/\/medicina.udd.cl\/centro-epidemiologia-politicas-salud\/"},{"@type":"ListItem","position":2,"name":"Claudia Gonz\u00e1lez Wiedmaier"}]},{"@type":"WebSite","@id":"https:\/\/medicina.udd.cl\/centro-epidemiologia-politicas-salud\/#website","url":"https:\/\/medicina.udd.cl\/centro-epidemiologia-politicas-salud\/","name":"Centro de Epidemiolog\u00eda y Pol\u00edticas de Salud","description":"Otro blog m\u00e1s de Medicina","inLanguage":"es"}]}},"_links":{"self":[{"href":"https:\/\/medicina.udd.cl\/centro-epidemiologia-politicas-salud\/wp-json\/wp\/v2\/pages\/101","targetHints":{"allow":["GET"]}}],"collection":[{"href":"https:\/\/medicina.udd.cl\/centro-epidemiologia-politicas-salud\/wp-json\/wp\/v2\/pages"}],"about":[{"href":"https:\/\/medicina.udd.cl\/centro-epidemiologia-politicas-salud\/wp-json\/wp\/v2\/types\/page"}],"author":[{"embeddable":true,"href":"https:\/\/medicina.udd.cl\/centro-epidemiologia-politicas-salud\/wp-json\/wp\/v2\/users\/1"}],"replies":[{"embeddable":true,"href":"https:\/\/medicina.udd.cl\/centro-epidemiologia-politicas-salud\/wp-json\/wp\/v2\/comments?post=101"}],"version-history":[{"count":3,"href":"https:\/\/medicina.udd.cl\/centro-epidemiologia-politicas-salud\/wp-json\/wp\/v2\/pages\/101\/revisions"}],"predecessor-version":[{"id":438,"href":"https:\/\/medicina.udd.cl\/centro-epidemiologia-politicas-salud\/wp-json\/wp\/v2\/pages\/101\/revisions\/438"}],"wp:attachment":[{"href":"https:\/\/medicina.udd.cl\/centro-epidemiologia-politicas-salud\/wp-json\/wp\/v2\/media?parent=101"}],"curies":[{"name":"wp","href":"https:\/\/api.w.org\/{rel}","templated":true}]}}