{"id":1179,"date":"2014-12-30T15:16:23","date_gmt":"2014-12-30T18:16:23","guid":{"rendered":"http:\/\/medicina.udd.cl\/centro-epidemiologia-politicas-salud\/?page_id=1179"},"modified":"2014-12-30T15:16:57","modified_gmt":"2014-12-30T18:16:57","slug":"participacion-en-comites-de-la-oms","status":"publish","type":"page","link":"https:\/\/medicina.udd.cl\/centro-epidemiologia-politicas-salud\/participacion-en-comites-de-la-oms\/","title":{"rendered":"Participaci\u00f3n en Comit\u00e9s de la OMS"},"content":{"rendered":"<div align=\"center\">\n<table width=\"641\" border=\"1\" cellspacing=\"0\" cellpadding=\"0\">\n<tbody>\n<tr>\n<td valign=\"top\" width=\"253\"><b>Actividad<\/b><\/td>\n<td valign=\"top\" width=\"208\"><b>Lugar (ciudad\u00a0 y pa\u00eds)<\/b><\/td>\n<td valign=\"top\" width=\"180\"><b>Fecha<\/b><\/td>\n<\/tr>\n<tr>\n<td valign=\"top\" width=\"253\"><b>Ximena Aguilera: <\/b>Monitoring Universal Health Coverage. Organizaci\u00f3n Mundial de la Salud\/ Fundaci\u00f3n Rockefeller, 2014<b><\/b><\/td>\n<td valign=\"top\" width=\"208\">Bellagio, Italia<\/td>\n<td valign=\"top\" width=\"180\">10 \u2013 14 marzo 2014<\/td>\n<\/tr>\n<tr>\n<td valign=\"top\" width=\"253\"><b>Ximena Aguilera: <\/b>Reuni\u00f3n regional sobre implementaci\u00f3n del reglamento Sanitario Internacional en las am\u00e9ricas.<b><\/b><\/td>\n<td valign=\"top\" width=\"208\">Buenos Aires, Argentina<\/td>\n<td valign=\"top\" width=\"180\">29-30 abril 2014<\/td>\n<\/tr>\n<tr>\n<td valign=\"top\" width=\"253\"><b>Ximena Aguilera: <\/b>Strategic Meeting\u00a0 of iDSI, Organizaci\u00f3n Mundial de la Salud\/ Fundaci\u00f3n Rockefeller, 2014<b><\/b><\/td>\n<td valign=\"top\" width=\"208\">Bellagio, Italia<\/td>\n<td valign=\"top\" width=\"180\">9-13 de septiembre 2014<\/td>\n<\/tr>\n<tr>\n<td valign=\"top\" width=\"253\"><b>Ximena Aguilera:\u00a0 <\/b>Miembro Del Comit\u00e9 Revisor de Reglamento Sanitario Internacional para segunda extensi\u00f3n de para la implementaci\u00f3n de capacidades b\u00e1sicas<b><\/b><\/td>\n<td valign=\"top\" width=\"208\">Ginebra, Suiza.<\/td>\n<td valign=\"top\" width=\"180\">10 \u2013 13 de Noviembre 2014<\/td>\n<\/tr>\n<tr>\n<td valign=\"top\" width=\"253\"><b>Claudia Gonz\u00e1lez<\/b>: Miembro\u00a0 del Comit\u00e9 de Emergencia del Reglamento Sanitario Internacional en relaci\u00f3n con el S\u00edndrome respiratorio de Oriente Medio por coronavirus (MERS-CoV) de la Organizaci\u00f3n Mundial de la Salud, 2013<\/td>\n<td valign=\"top\" width=\"208\">Reuniones a trav\u00e9s de teleconferencia con todos los miembros del comit\u00e9 ubicados en diferentes pa\u00edses del mundo.<\/td>\n<td valign=\"top\" width=\"180\">Convocado junio 2013 \u2013 sin fecha de t\u00e9rmino.El comit\u00e9 se ha reunido en 6 oportunidades.<\/td>\n<\/tr>\n<tr>\n<td valign=\"top\" width=\"253\"><b>Ximena Aguilera:\u00a0 <\/b>2nd meeting of the advisory group of independent experts to review the smallpox research programme.<b><\/b><\/td>\n<td valign=\"top\" width=\"208\">G\u00e9nova, Suiza.<\/td>\n<td valign=\"top\" width=\"180\">5 al 6 de noviembre 2013<\/td>\n<\/tr>\n<tr>\n<td valign=\"top\" width=\"253\"><b>Claudia Gonz\u00e1lez: <\/b>Miembro\u00a0 del Comit\u00e9 de Emergencia del Reglamento Sanitario Internacional en relaci\u00f3n con el S\u00edndrome respiratorio de Oriente Medio por coronavirus (MERS-CoV) de la Organizaci\u00f3n Mundial de la Salud, 2013<b><\/b><\/td>\n<td valign=\"top\" width=\"208\">Reuniones a trav\u00e9s de teleconferencia con todos los miembros del comit\u00e9 ubicados en diferentes pa\u00edses del mundo.<\/td>\n<td valign=\"top\" width=\"180\">Convocado junio 2013 \u2013 sin fecha de t\u00e9rmino.El comit\u00e9 se ha reunido en 3 oportunidades.<\/td>\n<\/tr>\n<\/tbody>\n<\/table>\n<\/div>\n","protected":false},"excerpt":{"rendered":"<p>Revisa la participaci\u00f3n de nuestros investigadores en Comit\u00e9s de expertos de la Organizaci\u00f3n Mundial de la Salud en el per\u00edodo 2013-2014<\/p>\n","protected":false},"author":42,"featured_media":0,"parent":0,"menu_order":0,"comment_status":"open","ping_status":"open","template":"","meta":{"footnotes":""},"class_list":["post-1179","page","type-page","status-publish","hentry"],"yoast_head":"<!-- This site is optimized with the Yoast SEO plugin v26.9 - https:\/\/yoast.com\/product\/yoast-seo-wordpress\/ -->\n<title>Participaci\u00f3n en Comit\u00e9s de la OMS  - Centro de Epidemiolog\u00eda y Pol\u00edticas de Salud<\/title>\n<meta name=\"robots\" content=\"index, follow, max-snippet:-1, max-image-preview:large, max-video-preview:-1\" \/>\n<link rel=\"canonical\" href=\"https:\/\/medicina.udd.cl\/centro-epidemiologia-politicas-salud\/participacion-en-comites-de-la-oms\/\" \/>\n<meta property=\"og:locale\" content=\"es_ES\" \/>\n<meta property=\"og:type\" content=\"article\" \/>\n<meta property=\"og:title\" content=\"Participaci\u00f3n en Comit\u00e9s de la OMS  - Centro de Epidemiolog\u00eda y Pol\u00edticas de Salud\" \/>\n<meta property=\"og:description\" content=\"Revisa la participaci\u00f3n de nuestros investigadores en Comit\u00e9s de expertos de la Organizaci\u00f3n Mundial de la Salud en el per\u00edodo 2013-2014\" \/>\n<meta property=\"og:url\" content=\"https:\/\/medicina.udd.cl\/centro-epidemiologia-politicas-salud\/participacion-en-comites-de-la-oms\/\" \/>\n<meta property=\"og:site_name\" content=\"Centro de Epidemiolog\u00eda y Pol\u00edticas de Salud\" \/>\n<meta property=\"article:modified_time\" content=\"2014-12-30T18:16:57+00:00\" \/>\n<meta name=\"twitter:label1\" content=\"Tiempo de lectura\" \/>\n\t<meta name=\"twitter:data1\" content=\"1 minuto\" \/>\n<script type=\"application\/ld+json\" class=\"yoast-schema-graph\">{\"@context\":\"https:\/\/schema.org\",\"@graph\":[{\"@type\":\"WebPage\",\"@id\":\"https:\/\/medicina.udd.cl\/centro-epidemiologia-politicas-salud\/participacion-en-comites-de-la-oms\/\",\"url\":\"https:\/\/medicina.udd.cl\/centro-epidemiologia-politicas-salud\/participacion-en-comites-de-la-oms\/\",\"name\":\"Participaci\u00f3n en Comit\u00e9s de la OMS - Centro de Epidemiolog\u00eda y Pol\u00edticas de Salud\",\"isPartOf\":{\"@id\":\"https:\/\/medicina.udd.cl\/centro-epidemiologia-politicas-salud\/#website\"},\"datePublished\":\"2014-12-30T18:16:23+00:00\",\"dateModified\":\"2014-12-30T18:16:57+00:00\",\"breadcrumb\":{\"@id\":\"https:\/\/medicina.udd.cl\/centro-epidemiologia-politicas-salud\/participacion-en-comites-de-la-oms\/#breadcrumb\"},\"inLanguage\":\"es\",\"potentialAction\":[{\"@type\":\"ReadAction\",\"target\":[\"https:\/\/medicina.udd.cl\/centro-epidemiologia-politicas-salud\/participacion-en-comites-de-la-oms\/\"]}]},{\"@type\":\"BreadcrumbList\",\"@id\":\"https:\/\/medicina.udd.cl\/centro-epidemiologia-politicas-salud\/participacion-en-comites-de-la-oms\/#breadcrumb\",\"itemListElement\":[{\"@type\":\"ListItem\",\"position\":1,\"name\":\"Inicio\",\"item\":\"https:\/\/medicina.udd.cl\/centro-epidemiologia-politicas-salud\/\"},{\"@type\":\"ListItem\",\"position\":2,\"name\":\"Participaci\u00f3n en Comit\u00e9s de la OMS\"}]},{\"@type\":\"WebSite\",\"@id\":\"https:\/\/medicina.udd.cl\/centro-epidemiologia-politicas-salud\/#website\",\"url\":\"https:\/\/medicina.udd.cl\/centro-epidemiologia-politicas-salud\/\",\"name\":\"Centro de Epidemiolog\u00eda y Pol\u00edticas de Salud\",\"description\":\"Otro blog m\u00e1s de Medicina\",\"inLanguage\":\"es\"}]}<\/script>\n<!-- \/ Yoast SEO plugin. -->","yoast_head_json":{"title":"Participaci\u00f3n en Comit\u00e9s de la OMS  - Centro de Epidemiolog\u00eda y Pol\u00edticas de Salud","robots":{"index":"index","follow":"follow","max-snippet":"max-snippet:-1","max-image-preview":"max-image-preview:large","max-video-preview":"max-video-preview:-1"},"canonical":"https:\/\/medicina.udd.cl\/centro-epidemiologia-politicas-salud\/participacion-en-comites-de-la-oms\/","og_locale":"es_ES","og_type":"article","og_title":"Participaci\u00f3n en Comit\u00e9s de la OMS  - Centro de Epidemiolog\u00eda y Pol\u00edticas de Salud","og_description":"Revisa la participaci\u00f3n de nuestros investigadores en Comit\u00e9s de expertos de la Organizaci\u00f3n Mundial de la Salud en el per\u00edodo 2013-2014","og_url":"https:\/\/medicina.udd.cl\/centro-epidemiologia-politicas-salud\/participacion-en-comites-de-la-oms\/","og_site_name":"Centro de Epidemiolog\u00eda y Pol\u00edticas de Salud","article_modified_time":"2014-12-30T18:16:57+00:00","twitter_misc":{"Tiempo de lectura":"1 minuto"},"schema":{"@context":"https:\/\/schema.org","@graph":[{"@type":"WebPage","@id":"https:\/\/medicina.udd.cl\/centro-epidemiologia-politicas-salud\/participacion-en-comites-de-la-oms\/","url":"https:\/\/medicina.udd.cl\/centro-epidemiologia-politicas-salud\/participacion-en-comites-de-la-oms\/","name":"Participaci\u00f3n en Comit\u00e9s de la OMS - Centro de Epidemiolog\u00eda y Pol\u00edticas de Salud","isPartOf":{"@id":"https:\/\/medicina.udd.cl\/centro-epidemiologia-politicas-salud\/#website"},"datePublished":"2014-12-30T18:16:23+00:00","dateModified":"2014-12-30T18:16:57+00:00","breadcrumb":{"@id":"https:\/\/medicina.udd.cl\/centro-epidemiologia-politicas-salud\/participacion-en-comites-de-la-oms\/#breadcrumb"},"inLanguage":"es","potentialAction":[{"@type":"ReadAction","target":["https:\/\/medicina.udd.cl\/centro-epidemiologia-politicas-salud\/participacion-en-comites-de-la-oms\/"]}]},{"@type":"BreadcrumbList","@id":"https:\/\/medicina.udd.cl\/centro-epidemiologia-politicas-salud\/participacion-en-comites-de-la-oms\/#breadcrumb","itemListElement":[{"@type":"ListItem","position":1,"name":"Inicio","item":"https:\/\/medicina.udd.cl\/centro-epidemiologia-politicas-salud\/"},{"@type":"ListItem","position":2,"name":"Participaci\u00f3n en Comit\u00e9s de la OMS"}]},{"@type":"WebSite","@id":"https:\/\/medicina.udd.cl\/centro-epidemiologia-politicas-salud\/#website","url":"https:\/\/medicina.udd.cl\/centro-epidemiologia-politicas-salud\/","name":"Centro de Epidemiolog\u00eda y Pol\u00edticas de Salud","description":"Otro blog m\u00e1s de Medicina","inLanguage":"es"}]}},"_links":{"self":[{"href":"https:\/\/medicina.udd.cl\/centro-epidemiologia-politicas-salud\/wp-json\/wp\/v2\/pages\/1179","targetHints":{"allow":["GET"]}}],"collection":[{"href":"https:\/\/medicina.udd.cl\/centro-epidemiologia-politicas-salud\/wp-json\/wp\/v2\/pages"}],"about":[{"href":"https:\/\/medicina.udd.cl\/centro-epidemiologia-politicas-salud\/wp-json\/wp\/v2\/types\/page"}],"author":[{"embeddable":true,"href":"https:\/\/medicina.udd.cl\/centro-epidemiologia-politicas-salud\/wp-json\/wp\/v2\/users\/42"}],"replies":[{"embeddable":true,"href":"https:\/\/medicina.udd.cl\/centro-epidemiologia-politicas-salud\/wp-json\/wp\/v2\/comments?post=1179"}],"version-history":[{"count":2,"href":"https:\/\/medicina.udd.cl\/centro-epidemiologia-politicas-salud\/wp-json\/wp\/v2\/pages\/1179\/revisions"}],"predecessor-version":[{"id":1181,"href":"https:\/\/medicina.udd.cl\/centro-epidemiologia-politicas-salud\/wp-json\/wp\/v2\/pages\/1179\/revisions\/1181"}],"wp:attachment":[{"href":"https:\/\/medicina.udd.cl\/centro-epidemiologia-politicas-salud\/wp-json\/wp\/v2\/media?parent=1179"}],"curies":[{"name":"wp","href":"https:\/\/api.w.org\/{rel}","templated":true}]}}