{"id":1357,"date":"2016-02-25T16:20:35","date_gmt":"2016-02-25T19:20:35","guid":{"rendered":"http:\/\/medicina.udd.cl\/centro-epidemiologia-politicas-salud\/?page_id=1357"},"modified":"2021-04-19T17:35:25","modified_gmt":"2021-04-19T21:35:25","slug":"comites-internacionales","status":"publish","type":"page","link":"https:\/\/medicina.udd.cl\/centro-epidemiologia-politicas-salud\/extension-capacitacion\/comites-internacionales\/","title":{"rendered":"Comit\u00e9s internacionales"},"content":{"rendered":"\n<figure class=\"wp-block-table is-style-regular\"><table class=\"\"><thead><tr><th>   <strong>ORGANIZACI\u00d3N<\/strong>   <\/th><th><strong>Participante y&nbsp; Actividad<\/strong>   <\/th><th>   <strong>Lugar y Fecha<\/strong>   <\/th><\/tr><\/thead><tbody><tr><td>\n  Revista Lancet\n  <\/td><td>\n  <strong>Ximena Aguilera. <\/strong>Lancet Commission on Pandemic Preparedness&nbsp;&nbsp;&nbsp;&nbsp;&nbsp; \n  <\/td><td>\n  2019\n  <\/td><\/tr><tr><td>\n  Organizaci\u00f3n Mundial de la Salud\n  <\/td><td>\n  <strong>Ximena Aguilera. <\/strong>WHO meeting on Better Tools: Product\n  research and innovation for Influenza prevention, control and treatment.\n  <\/td><td>\n  Geneva, 11-13 June\n  2019, \n  <\/td><\/tr><tr><td>\n  Organizaci\u00f3n Mundial de la Salud\n  <\/td><td>\n  <strong>Armando Peruga y Xaviera Molina.&nbsp; <\/strong>Reuni\u00f3n de expertos Cumplimiento de la ley de\n  Tabaco. Bloomberg Philanthropies.\n  <\/td><td>\n  Nueva York, 2019\n  <\/td><\/tr><tr><td>\n  The National Academies of Sciences, Engineering\n  and Medicine. \n  <\/td><td>\n  <strong>Carla Castillo Laborde. <\/strong>Evaluation of Human Resources for Health in\n  the Republic of Rwanda under the President&#8217;s Emergency Plan For AIDS Reflief\n  (PEPFAR).Comisionada, experta en econom\u00eda de la salud<strong>&nbsp;&nbsp;&nbsp;&nbsp;&nbsp;&nbsp;&nbsp;&nbsp; <\/strong>\n  <\/td><td>\n  2018-2019\n  <\/td><\/tr><tr><td>\n  Organizaci\u00f3n Mundial de la Salud\n  <\/td><td>\n  <strong>Dra. Ximena Aguilera. <\/strong>Emergency Committee International Health\n  Regulation Ebola outbreak in Congo<strong>&nbsp;&nbsp;&nbsp; <\/strong>\n  <\/td><td>\n  2018-2019\n  <\/td><\/tr><tr><td>\n  Organizaci\u00f3n Mundial de la Salud\n  <\/td><td>\n  <strong>Dra. Ximena Aguilera. <\/strong>Technical Expert Reference Group of the 13\n  th GPW WHO Impact Framework, asesora al Director General de la OMS&nbsp;&nbsp;&nbsp;&nbsp;&nbsp;&nbsp;&nbsp;&nbsp;&nbsp; \n  <\/td><td>\n  2017-2019\n  <\/td><\/tr><tr><td>\n  Organizaci\u00f3n Mundial de la Salud\n  <\/td><td>\n  <strong>Ximena Aguilera<\/strong>:\n  Technical Expert Reference Group of the 13 th GPW WHO Impact Framework,\n  asesora al DG de la OMS\n  <\/td><td>\n  &nbsp;2017-18\n  <\/td><\/tr><tr><td>\n  Organizaci\u00f3n Mundial de la Salud\n  <\/td><td>\n  <strong>Claudia Gonz\u00e1lez<\/strong>: Comit\u00e9 de Emergencia del Reglamento Sanitario Internacional en\n  asesor\u00eda al DG de la OMS para el MERS-CoV\n  <\/td><td>\n  &nbsp;2014-17\n  <\/td><\/tr><tr><td>\n  FAO-OIE-OMS\n  <\/td><td>\n  &nbsp;<strong>Ximena Aguilera<\/strong>: Technical Workshop:\n  Joint Risk Assessment \u2013 Development of Multi-sectoral Approaches, Processes,\n  and Tools held at FAO headquarters\n  <\/td><td>\n  &nbsp;Roma, Italia, 18-20 de octubre de 2017\n  <\/td><\/tr><tr><td>\n  Organizaci\u00f3n Mundial de la Salud\n  <\/td><td>\n  &nbsp;<strong>Armando Peruga<\/strong>: Comit\u00e9 de Expertos\n  de la OMS sobre regulaci\u00f3n de productos de tabaco\n  <\/td><td>\n  &nbsp;2017\n  <\/td><\/tr><tr><td>\n  Organizaci\u00f3n Panamericana de la Salud\n  <\/td><td>\n  <strong>Ximena Aguilera<\/strong>:\n  Reuni\u00f3n Regional para la Estrategia de Vigilancia y control de las\n  Arbovirosis\u201d.\n  <\/td><td>\n  La Habana, Cuba.&nbsp;20-21 de octubre de 2016\n  <\/td><\/tr><tr><td>\n  Organizaci\u00f3n Panamericana de la Salud\n  <\/td><td>\n  <strong>Claudia Gonz\u00e1lez<\/strong>: Consulta Regional sobre la Implementaci\u00f3n del Reglamento Sanitario\n  Internacional.\n  <\/td><td>\n  Miami, EEUU.&nbsp;1-3 de agosto de 2016\n  <\/td><\/tr><tr><td>\n  Organizaci\u00f3n Panamericana de la Salud\n  <\/td><td>\n  <strong>Ximena Aguilera<\/strong>:\n  Revisi\u00f3n&nbsp;Gu\u00eda Provisional para la vigilancia de la enfermedad por el\n  virus del ZIKA, sus complicaciones y secuelas \u201c\n  <\/td><td>\n  Washington D.C. 28-30 marzo 2016\n  <\/td><\/tr><tr><td>\n  Organizaci\u00f3n Panamericana de la Salud\n  <\/td><td>\n  <strong>Ximena Aguilera<\/strong>:\n  Misi\u00f3n \u201cApoyar caracterizaci\u00f3n y respuesta a la infecci\u00f3n por el virus del\n  Zika\u201d\n  <\/td><td>\n  Panam\u00e1. 31 de mayo a 3 de junio de 2016\n  <\/td><\/tr><tr><td>\n  Academia de Nacional de Medicina de Estados\n  Unidos\n  <\/td><td>\n  <strong>Ximena Aguilera<\/strong>:\n  Nominada como integrante de la Comisi\u00f3n \u201cGlobal Health Risk Framework for the\n  Future\u201d, constituida por 18 expertos de 11 pa\u00edses.\n  <\/td><td>\n  Washington, DC, EEUU, Julio 2015; \n  Londres, Inglaterra octubre 2015; Bellagio,\n  Italia noviembre 2015\n  <\/td><\/tr><tr><td>\n  Organizaci\u00f3n Mundial de la Salud\n  <\/td><td>\n  <strong>Ximena Aguilera<\/strong>:\n  Experta invitada para la Comisi\u00f3n \u201cGlobal Health Estimates for\n  country-decision making\u201d.\n  <\/td><td>\n  Montreaux, Suiza. Junio 2015\n  <\/td><\/tr><tr><td>\n  Organizaci\u00f3n Panamericana de la Salud\n  <\/td><td>\n  <strong>Ximena Aguilera<\/strong>:\n  Experta invitada a la \u201cConsulta regional de expertos sobre monitoreo del\n  Reglamento Sanitario Internacional (RSI) despu\u00e9s del 2016.\n  <\/td><td>\n  Brasilia, Brasil, Mayo 2015\n  <\/td><\/tr><tr><td>\n  Organizaci\u00f3n Panamericana de la Salud\n  <\/td><td>\n  <strong>Ximena Aguilera<\/strong>:&nbsp;\n  Invitada a \u201cReuni\u00f3n de Revisi\u00f3n de los Indicadores de Acceso y Cobertura\n  Universal en Salud del Instrumento Regional\u201d\n  <\/td><td>\n  Washington, DC., Abril 2015\n  <\/td><\/tr><tr><td>\n  Academia de Nacional de Medicina de Estados\n  Unidos\n  <\/td><td>\n  <strong>Ximena Aguilera<\/strong>:\n  Invitada como experta al Workshop \u201cGovernance for Global Health\u201d por el\n  Institute of Medicine\n  <\/td><td>\n  Londres, Inglaterra, Septiembre 2015\n  <\/td><\/tr><tr><td>\n  Academia de Nacional de Medicina de Estados\n  Unidos\n  <\/td><td>\n  <strong>Ximena Aguilera<\/strong>:\n  Integrante de Comission Global Health Risk Framework constituida por 18\n  expertos de 11 pa\u00edses\n  <\/td><td>\n  2015\n  <\/td><\/tr><tr><td>\n  &nbsp;Organizaci\u00f3n Mundial de la Salud\n  <\/td><td>\n  <strong>Claudia Gonz\u00e1lez<\/strong>:&nbsp;Miembro&nbsp; del Comit\u00e9 de Emergencia del Reglamento Sanitario\n  Internacional en relaci\u00f3n con el S\u00edndrome respiratorio de Oriente Medio por\n  coronavirus (MERS-CoV) de la Organizaci\u00f3n Mundial de la Salud, 2015.Reuniones\n  a trav\u00e9s de teleconferencia con todos los miembros del comit\u00e9 ubicados en\n  diferentes pa\u00edses del mundo\n  <\/td><td>\n  2015 a la fecha\n  <\/td><\/tr><tr><td>\n  Organizaci\u00f3n Mundial de la Salud\n  <\/td><td>\n  <strong>Ximena Aguilera<\/strong>:\n  Integrante del Comit\u00e9 de Examen del Reglamento Sanitario Internacional\n  (co-chair)\n  <\/td><td>\n  2104\n  <\/td><\/tr><\/tbody><\/table><\/figure>\n","protected":false},"excerpt":{"rendered":"<p>Revisa nuestra participaci\u00f3n en comit\u00e9s de expertos internacionales<\/p>\n","protected":false},"author":42,"featured_media":0,"parent":290,"menu_order":0,"comment_status":"open","ping_status":"open","template":"","meta":{"footnotes":""},"class_list":["post-1357","page","type-page","status-publish","hentry"],"yoast_head":"<!-- This site is optimized with the Yoast SEO plugin v26.9 - https:\/\/yoast.com\/product\/yoast-seo-wordpress\/ -->\n<title>Comit\u00e9s internacionales - Centro de Epidemiolog\u00eda y Pol\u00edticas de Salud<\/title>\n<meta name=\"robots\" content=\"index, follow, max-snippet:-1, max-image-preview:large, max-video-preview:-1\" \/>\n<link rel=\"canonical\" href=\"https:\/\/medicina.udd.cl\/centro-epidemiologia-politicas-salud\/extension-capacitacion\/comites-internacionales\/\" \/>\n<meta property=\"og:locale\" content=\"es_ES\" \/>\n<meta property=\"og:type\" content=\"article\" \/>\n<meta property=\"og:title\" content=\"Comit\u00e9s internacionales - Centro de Epidemiolog\u00eda y Pol\u00edticas de Salud\" \/>\n<meta property=\"og:description\" content=\"Revisa nuestra participaci\u00f3n en comit\u00e9s de expertos internacionales\" \/>\n<meta property=\"og:url\" content=\"https:\/\/medicina.udd.cl\/centro-epidemiologia-politicas-salud\/extension-capacitacion\/comites-internacionales\/\" \/>\n<meta property=\"og:site_name\" content=\"Centro de Epidemiolog\u00eda y Pol\u00edticas de Salud\" \/>\n<meta property=\"article:modified_time\" content=\"2021-04-19T21:35:25+00:00\" \/>\n<meta name=\"twitter:label1\" content=\"Tiempo de lectura\" \/>\n\t<meta name=\"twitter:data1\" content=\"3 minutos\" \/>\n<script type=\"application\/ld+json\" class=\"yoast-schema-graph\">{\"@context\":\"https:\/\/schema.org\",\"@graph\":[{\"@type\":\"WebPage\",\"@id\":\"https:\/\/medicina.udd.cl\/centro-epidemiologia-politicas-salud\/extension-capacitacion\/comites-internacionales\/\",\"url\":\"https:\/\/medicina.udd.cl\/centro-epidemiologia-politicas-salud\/extension-capacitacion\/comites-internacionales\/\",\"name\":\"Comit\u00e9s internacionales - Centro de Epidemiolog\u00eda y Pol\u00edticas de Salud\",\"isPartOf\":{\"@id\":\"https:\/\/medicina.udd.cl\/centro-epidemiologia-politicas-salud\/#website\"},\"datePublished\":\"2016-02-25T19:20:35+00:00\",\"dateModified\":\"2021-04-19T21:35:25+00:00\",\"breadcrumb\":{\"@id\":\"https:\/\/medicina.udd.cl\/centro-epidemiologia-politicas-salud\/extension-capacitacion\/comites-internacionales\/#breadcrumb\"},\"inLanguage\":\"es\",\"potentialAction\":[{\"@type\":\"ReadAction\",\"target\":[\"https:\/\/medicina.udd.cl\/centro-epidemiologia-politicas-salud\/extension-capacitacion\/comites-internacionales\/\"]}]},{\"@type\":\"BreadcrumbList\",\"@id\":\"https:\/\/medicina.udd.cl\/centro-epidemiologia-politicas-salud\/extension-capacitacion\/comites-internacionales\/#breadcrumb\",\"itemListElement\":[{\"@type\":\"ListItem\",\"position\":1,\"name\":\"Inicio\",\"item\":\"https:\/\/medicina.udd.cl\/centro-epidemiologia-politicas-salud\/\"},{\"@type\":\"ListItem\",\"position\":2,\"name\":\"Extensi\u00f3n y capacitaci\u00f3n\",\"item\":\"https:\/\/medicina.udd.cl\/centro-epidemiologia-politicas-salud\/extension-capacitacion\/\"},{\"@type\":\"ListItem\",\"position\":3,\"name\":\"Comit\u00e9s internacionales\"}]},{\"@type\":\"WebSite\",\"@id\":\"https:\/\/medicina.udd.cl\/centro-epidemiologia-politicas-salud\/#website\",\"url\":\"https:\/\/medicina.udd.cl\/centro-epidemiologia-politicas-salud\/\",\"name\":\"Centro de Epidemiolog\u00eda y Pol\u00edticas de Salud\",\"description\":\"Otro blog m\u00e1s de Medicina\",\"inLanguage\":\"es\"}]}<\/script>\n<!-- \/ Yoast SEO plugin. -->","yoast_head_json":{"title":"Comit\u00e9s internacionales - Centro de Epidemiolog\u00eda y Pol\u00edticas de Salud","robots":{"index":"index","follow":"follow","max-snippet":"max-snippet:-1","max-image-preview":"max-image-preview:large","max-video-preview":"max-video-preview:-1"},"canonical":"https:\/\/medicina.udd.cl\/centro-epidemiologia-politicas-salud\/extension-capacitacion\/comites-internacionales\/","og_locale":"es_ES","og_type":"article","og_title":"Comit\u00e9s internacionales - Centro de Epidemiolog\u00eda y Pol\u00edticas de Salud","og_description":"Revisa nuestra participaci\u00f3n en comit\u00e9s de expertos internacionales","og_url":"https:\/\/medicina.udd.cl\/centro-epidemiologia-politicas-salud\/extension-capacitacion\/comites-internacionales\/","og_site_name":"Centro de Epidemiolog\u00eda y Pol\u00edticas de Salud","article_modified_time":"2021-04-19T21:35:25+00:00","twitter_misc":{"Tiempo de lectura":"3 minutos"},"schema":{"@context":"https:\/\/schema.org","@graph":[{"@type":"WebPage","@id":"https:\/\/medicina.udd.cl\/centro-epidemiologia-politicas-salud\/extension-capacitacion\/comites-internacionales\/","url":"https:\/\/medicina.udd.cl\/centro-epidemiologia-politicas-salud\/extension-capacitacion\/comites-internacionales\/","name":"Comit\u00e9s internacionales - Centro de Epidemiolog\u00eda y Pol\u00edticas de Salud","isPartOf":{"@id":"https:\/\/medicina.udd.cl\/centro-epidemiologia-politicas-salud\/#website"},"datePublished":"2016-02-25T19:20:35+00:00","dateModified":"2021-04-19T21:35:25+00:00","breadcrumb":{"@id":"https:\/\/medicina.udd.cl\/centro-epidemiologia-politicas-salud\/extension-capacitacion\/comites-internacionales\/#breadcrumb"},"inLanguage":"es","potentialAction":[{"@type":"ReadAction","target":["https:\/\/medicina.udd.cl\/centro-epidemiologia-politicas-salud\/extension-capacitacion\/comites-internacionales\/"]}]},{"@type":"BreadcrumbList","@id":"https:\/\/medicina.udd.cl\/centro-epidemiologia-politicas-salud\/extension-capacitacion\/comites-internacionales\/#breadcrumb","itemListElement":[{"@type":"ListItem","position":1,"name":"Inicio","item":"https:\/\/medicina.udd.cl\/centro-epidemiologia-politicas-salud\/"},{"@type":"ListItem","position":2,"name":"Extensi\u00f3n y capacitaci\u00f3n","item":"https:\/\/medicina.udd.cl\/centro-epidemiologia-politicas-salud\/extension-capacitacion\/"},{"@type":"ListItem","position":3,"name":"Comit\u00e9s internacionales"}]},{"@type":"WebSite","@id":"https:\/\/medicina.udd.cl\/centro-epidemiologia-politicas-salud\/#website","url":"https:\/\/medicina.udd.cl\/centro-epidemiologia-politicas-salud\/","name":"Centro de Epidemiolog\u00eda y Pol\u00edticas de Salud","description":"Otro blog m\u00e1s de Medicina","inLanguage":"es"}]}},"_links":{"self":[{"href":"https:\/\/medicina.udd.cl\/centro-epidemiologia-politicas-salud\/wp-json\/wp\/v2\/pages\/1357","targetHints":{"allow":["GET"]}}],"collection":[{"href":"https:\/\/medicina.udd.cl\/centro-epidemiologia-politicas-salud\/wp-json\/wp\/v2\/pages"}],"about":[{"href":"https:\/\/medicina.udd.cl\/centro-epidemiologia-politicas-salud\/wp-json\/wp\/v2\/types\/page"}],"author":[{"embeddable":true,"href":"https:\/\/medicina.udd.cl\/centro-epidemiologia-politicas-salud\/wp-json\/wp\/v2\/users\/42"}],"replies":[{"embeddable":true,"href":"https:\/\/medicina.udd.cl\/centro-epidemiologia-politicas-salud\/wp-json\/wp\/v2\/comments?post=1357"}],"version-history":[{"count":24,"href":"https:\/\/medicina.udd.cl\/centro-epidemiologia-politicas-salud\/wp-json\/wp\/v2\/pages\/1357\/revisions"}],"predecessor-version":[{"id":2191,"href":"https:\/\/medicina.udd.cl\/centro-epidemiologia-politicas-salud\/wp-json\/wp\/v2\/pages\/1357\/revisions\/2191"}],"up":[{"embeddable":true,"href":"https:\/\/medicina.udd.cl\/centro-epidemiologia-politicas-salud\/wp-json\/wp\/v2\/pages\/290"}],"wp:attachment":[{"href":"https:\/\/medicina.udd.cl\/centro-epidemiologia-politicas-salud\/wp-json\/wp\/v2\/media?parent=1357"}],"curies":[{"name":"wp","href":"https:\/\/api.w.org\/{rel}","templated":true}]}}