{"id":1440,"date":"2016-07-14T16:07:32","date_gmt":"2016-07-14T20:07:32","guid":{"rendered":"http:\/\/medicina.udd.cl\/centro-epidemiologia-politicas-salud\/?page_id=1440"},"modified":"2016-12-27T10:27:47","modified_gmt":"2016-12-27T13:27:47","slug":"serie-de-salud-poblacional","status":"publish","type":"page","link":"https:\/\/medicina.udd.cl\/centro-epidemiologia-politicas-salud\/serie-de-salud-poblacional\/","title":{"rendered":"Serie de salud poblacional"},"content":{"rendered":"<p><a href=\"http:\/\/link.udd.cl\/2a2XbLN\" target=\"_blank\" rel=\"attachment wp-att-1439\"><img loading=\"lazy\" decoding=\"async\" class=\"aligncenter wp-image-1439 size-medium\" src=\"http:\/\/medicina.udd.cl\/centro-epidemiologia-politicas-salud\/files\/2016\/07\/Serie-de-salud-poblacional-2-300x293.jpg\" alt=\"Serie de salud poblacional 2\" width=\"300\" height=\"293\" srcset=\"https:\/\/medicina.udd.cl\/centro-epidemiologia-politicas-salud\/files\/2016\/07\/Serie-de-salud-poblacional-2-300x293.jpg 300w, https:\/\/medicina.udd.cl\/centro-epidemiologia-politicas-salud\/files\/2016\/07\/Serie-de-salud-poblacional-2-62x62.jpg 62w, https:\/\/medicina.udd.cl\/centro-epidemiologia-politicas-salud\/files\/2016\/07\/Serie-de-salud-poblacional-2.jpg 414w\" sizes=\"auto, (max-width: 300px) 100vw, 300px\" \/><\/a><\/p>\n<p style=\"text-align: center;\">Descarga la Serie de Salud Poblacional (click en la imagen)<\/p>\n<p>&nbsp;<\/p>\n<p><a href=\"http:\/\/www.udd.cl\/dircom\/web\/medicina\/isp\/index.html\" rel=\"attachment wp-att-1444\"><img loading=\"lazy\" decoding=\"async\" class=\"aligncenter wp-image-1444 size-medium\" src=\"http:\/\/medicina.udd.cl\/centro-epidemiologia-politicas-salud\/files\/2016\/07\/descarga-material-gr\u00e1fico-300x235.jpg\" alt=\"descarga material gr\u00e1fico\" width=\"300\" height=\"235\" srcset=\"https:\/\/medicina.udd.cl\/centro-epidemiologia-politicas-salud\/files\/2016\/07\/descarga-material-gr\u00e1fico-300x235.jpg 300w, https:\/\/medicina.udd.cl\/centro-epidemiologia-politicas-salud\/files\/2016\/07\/descarga-material-gr\u00e1fico-768x602.jpg 768w, https:\/\/medicina.udd.cl\/centro-epidemiologia-politicas-salud\/files\/2016\/07\/descarga-material-gr\u00e1fico.jpg 799w\" sizes=\"auto, (max-width: 300px) 100vw, 300px\" \/><\/a><\/p>\n<p style=\"text-align: center;\">Material gr\u00e1fico de descarga (click en la imagen)<\/p>\n","protected":false},"excerpt":{"rendered":"<p>Descarga la Serie de Salud Poblacional (click en la imagen) &nbsp; Material gr\u00e1fico de descarga (click en la imagen)<\/p>\n","protected":false},"author":42,"featured_media":0,"parent":0,"menu_order":0,"comment_status":"closed","ping_status":"closed","template":"","meta":{"footnotes":""},"class_list":["post-1440","page","type-page","status-publish","hentry"],"yoast_head":"<!-- This site is optimized with the Yoast SEO plugin v26.9 - https:\/\/yoast.com\/product\/yoast-seo-wordpress\/ -->\n<title>Serie de salud poblacional - Centro de Epidemiolog\u00eda y Pol\u00edticas de Salud<\/title>\n<meta name=\"robots\" content=\"index, follow, max-snippet:-1, max-image-preview:large, max-video-preview:-1\" \/>\n<link rel=\"canonical\" href=\"https:\/\/medicina.udd.cl\/centro-epidemiologia-politicas-salud\/serie-de-salud-poblacional\/\" \/>\n<meta property=\"og:locale\" content=\"es_ES\" \/>\n<meta property=\"og:type\" content=\"article\" \/>\n<meta property=\"og:title\" content=\"Serie de salud poblacional - Centro de Epidemiolog\u00eda y Pol\u00edticas de Salud\" \/>\n<meta property=\"og:description\" content=\"Descarga la Serie de Salud Poblacional (click en la imagen) &nbsp; Material gr\u00e1fico de descarga (click en la imagen)\" \/>\n<meta property=\"og:url\" content=\"https:\/\/medicina.udd.cl\/centro-epidemiologia-politicas-salud\/serie-de-salud-poblacional\/\" \/>\n<meta property=\"og:site_name\" content=\"Centro de Epidemiolog\u00eda y Pol\u00edticas de Salud\" \/>\n<meta property=\"article:modified_time\" content=\"2016-12-27T13:27:47+00:00\" \/>\n<meta property=\"og:image\" content=\"http:\/\/medicina.udd.cl\/centro-epidemiologia-politicas-salud\/files\/2016\/07\/Serie-de-salud-poblacional-2-300x293.jpg\" \/>\n<script type=\"application\/ld+json\" class=\"yoast-schema-graph\">{\"@context\":\"https:\/\/schema.org\",\"@graph\":[{\"@type\":\"WebPage\",\"@id\":\"https:\/\/medicina.udd.cl\/centro-epidemiologia-politicas-salud\/serie-de-salud-poblacional\/\",\"url\":\"https:\/\/medicina.udd.cl\/centro-epidemiologia-politicas-salud\/serie-de-salud-poblacional\/\",\"name\":\"Serie de salud poblacional - Centro de Epidemiolog\u00eda y Pol\u00edticas de Salud\",\"isPartOf\":{\"@id\":\"https:\/\/medicina.udd.cl\/centro-epidemiologia-politicas-salud\/#website\"},\"primaryImageOfPage\":{\"@id\":\"https:\/\/medicina.udd.cl\/centro-epidemiologia-politicas-salud\/serie-de-salud-poblacional\/#primaryimage\"},\"image\":{\"@id\":\"https:\/\/medicina.udd.cl\/centro-epidemiologia-politicas-salud\/serie-de-salud-poblacional\/#primaryimage\"},\"thumbnailUrl\":\"http:\/\/medicina.udd.cl\/centro-epidemiologia-politicas-salud\/files\/2016\/07\/Serie-de-salud-poblacional-2-300x293.jpg\",\"datePublished\":\"2016-07-14T20:07:32+00:00\",\"dateModified\":\"2016-12-27T13:27:47+00:00\",\"breadcrumb\":{\"@id\":\"https:\/\/medicina.udd.cl\/centro-epidemiologia-politicas-salud\/serie-de-salud-poblacional\/#breadcrumb\"},\"inLanguage\":\"es\",\"potentialAction\":[{\"@type\":\"ReadAction\",\"target\":[\"https:\/\/medicina.udd.cl\/centro-epidemiologia-politicas-salud\/serie-de-salud-poblacional\/\"]}]},{\"@type\":\"ImageObject\",\"inLanguage\":\"es\",\"@id\":\"https:\/\/medicina.udd.cl\/centro-epidemiologia-politicas-salud\/serie-de-salud-poblacional\/#primaryimage\",\"url\":\"http:\/\/medicina.udd.cl\/centro-epidemiologia-politicas-salud\/files\/2016\/07\/Serie-de-salud-poblacional-2-300x293.jpg\",\"contentUrl\":\"http:\/\/medicina.udd.cl\/centro-epidemiologia-politicas-salud\/files\/2016\/07\/Serie-de-salud-poblacional-2-300x293.jpg\"},{\"@type\":\"BreadcrumbList\",\"@id\":\"https:\/\/medicina.udd.cl\/centro-epidemiologia-politicas-salud\/serie-de-salud-poblacional\/#breadcrumb\",\"itemListElement\":[{\"@type\":\"ListItem\",\"position\":1,\"name\":\"Inicio\",\"item\":\"https:\/\/medicina.udd.cl\/centro-epidemiologia-politicas-salud\/\"},{\"@type\":\"ListItem\",\"position\":2,\"name\":\"Serie de salud poblacional\"}]},{\"@type\":\"WebSite\",\"@id\":\"https:\/\/medicina.udd.cl\/centro-epidemiologia-politicas-salud\/#website\",\"url\":\"https:\/\/medicina.udd.cl\/centro-epidemiologia-politicas-salud\/\",\"name\":\"Centro de Epidemiolog\u00eda y Pol\u00edticas de Salud\",\"description\":\"Otro blog m\u00e1s de Medicina\",\"inLanguage\":\"es\"}]}<\/script>\n<!-- \/ Yoast SEO plugin. -->","yoast_head_json":{"title":"Serie de salud poblacional - Centro de Epidemiolog\u00eda y Pol\u00edticas de Salud","robots":{"index":"index","follow":"follow","max-snippet":"max-snippet:-1","max-image-preview":"max-image-preview:large","max-video-preview":"max-video-preview:-1"},"canonical":"https:\/\/medicina.udd.cl\/centro-epidemiologia-politicas-salud\/serie-de-salud-poblacional\/","og_locale":"es_ES","og_type":"article","og_title":"Serie de salud poblacional - Centro de Epidemiolog\u00eda y Pol\u00edticas de Salud","og_description":"Descarga la Serie de Salud Poblacional (click en la imagen) &nbsp; Material gr\u00e1fico de descarga (click en la imagen)","og_url":"https:\/\/medicina.udd.cl\/centro-epidemiologia-politicas-salud\/serie-de-salud-poblacional\/","og_site_name":"Centro de Epidemiolog\u00eda y Pol\u00edticas de Salud","article_modified_time":"2016-12-27T13:27:47+00:00","og_image":[{"url":"http:\/\/medicina.udd.cl\/centro-epidemiologia-politicas-salud\/files\/2016\/07\/Serie-de-salud-poblacional-2-300x293.jpg","type":"","width":"","height":""}],"schema":{"@context":"https:\/\/schema.org","@graph":[{"@type":"WebPage","@id":"https:\/\/medicina.udd.cl\/centro-epidemiologia-politicas-salud\/serie-de-salud-poblacional\/","url":"https:\/\/medicina.udd.cl\/centro-epidemiologia-politicas-salud\/serie-de-salud-poblacional\/","name":"Serie de salud poblacional - Centro de Epidemiolog\u00eda y Pol\u00edticas de Salud","isPartOf":{"@id":"https:\/\/medicina.udd.cl\/centro-epidemiologia-politicas-salud\/#website"},"primaryImageOfPage":{"@id":"https:\/\/medicina.udd.cl\/centro-epidemiologia-politicas-salud\/serie-de-salud-poblacional\/#primaryimage"},"image":{"@id":"https:\/\/medicina.udd.cl\/centro-epidemiologia-politicas-salud\/serie-de-salud-poblacional\/#primaryimage"},"thumbnailUrl":"http:\/\/medicina.udd.cl\/centro-epidemiologia-politicas-salud\/files\/2016\/07\/Serie-de-salud-poblacional-2-300x293.jpg","datePublished":"2016-07-14T20:07:32+00:00","dateModified":"2016-12-27T13:27:47+00:00","breadcrumb":{"@id":"https:\/\/medicina.udd.cl\/centro-epidemiologia-politicas-salud\/serie-de-salud-poblacional\/#breadcrumb"},"inLanguage":"es","potentialAction":[{"@type":"ReadAction","target":["https:\/\/medicina.udd.cl\/centro-epidemiologia-politicas-salud\/serie-de-salud-poblacional\/"]}]},{"@type":"ImageObject","inLanguage":"es","@id":"https:\/\/medicina.udd.cl\/centro-epidemiologia-politicas-salud\/serie-de-salud-poblacional\/#primaryimage","url":"http:\/\/medicina.udd.cl\/centro-epidemiologia-politicas-salud\/files\/2016\/07\/Serie-de-salud-poblacional-2-300x293.jpg","contentUrl":"http:\/\/medicina.udd.cl\/centro-epidemiologia-politicas-salud\/files\/2016\/07\/Serie-de-salud-poblacional-2-300x293.jpg"},{"@type":"BreadcrumbList","@id":"https:\/\/medicina.udd.cl\/centro-epidemiologia-politicas-salud\/serie-de-salud-poblacional\/#breadcrumb","itemListElement":[{"@type":"ListItem","position":1,"name":"Inicio","item":"https:\/\/medicina.udd.cl\/centro-epidemiologia-politicas-salud\/"},{"@type":"ListItem","position":2,"name":"Serie de salud poblacional"}]},{"@type":"WebSite","@id":"https:\/\/medicina.udd.cl\/centro-epidemiologia-politicas-salud\/#website","url":"https:\/\/medicina.udd.cl\/centro-epidemiologia-politicas-salud\/","name":"Centro de Epidemiolog\u00eda y Pol\u00edticas de Salud","description":"Otro blog m\u00e1s de Medicina","inLanguage":"es"}]}},"_links":{"self":[{"href":"https:\/\/medicina.udd.cl\/centro-epidemiologia-politicas-salud\/wp-json\/wp\/v2\/pages\/1440","targetHints":{"allow":["GET"]}}],"collection":[{"href":"https:\/\/medicina.udd.cl\/centro-epidemiologia-politicas-salud\/wp-json\/wp\/v2\/pages"}],"about":[{"href":"https:\/\/medicina.udd.cl\/centro-epidemiologia-politicas-salud\/wp-json\/wp\/v2\/types\/page"}],"author":[{"embeddable":true,"href":"https:\/\/medicina.udd.cl\/centro-epidemiologia-politicas-salud\/wp-json\/wp\/v2\/users\/42"}],"replies":[{"embeddable":true,"href":"https:\/\/medicina.udd.cl\/centro-epidemiologia-politicas-salud\/wp-json\/wp\/v2\/comments?post=1440"}],"version-history":[{"count":9,"href":"https:\/\/medicina.udd.cl\/centro-epidemiologia-politicas-salud\/wp-json\/wp\/v2\/pages\/1440\/revisions"}],"predecessor-version":[{"id":1500,"href":"https:\/\/medicina.udd.cl\/centro-epidemiologia-politicas-salud\/wp-json\/wp\/v2\/pages\/1440\/revisions\/1500"}],"wp:attachment":[{"href":"https:\/\/medicina.udd.cl\/centro-epidemiologia-politicas-salud\/wp-json\/wp\/v2\/media?parent=1440"}],"curies":[{"name":"wp","href":"https:\/\/api.w.org\/{rel}","templated":true}]}}