{"id":1674,"date":"2018-02-19T12:33:26","date_gmt":"2018-02-19T15:33:26","guid":{"rendered":"http:\/\/medicina.udd.cl\/centro-epidemiologia-politicas-salud\/?page_id=1674"},"modified":"2021-04-14T16:47:32","modified_gmt":"2021-04-14T20:47:32","slug":"redes-de-colaboracion","status":"publish","type":"page","link":"https:\/\/medicina.udd.cl\/centro-epidemiologia-politicas-salud\/sobre-el-centro\/redes-de-colaboracion\/","title":{"rendered":"Redes de colaboraci\u00f3n"},"content":{"rendered":"\n<figure class=\"wp-block-image\"><a href=\"http:\/\/medicina.udd.cl\/centro-epidemiologia-politicas-salud\/files\/2018\/02\/redes-de-colaboracion-CEPS.png\" rel=\"attachment wp-att-1680\"><img loading=\"lazy\" decoding=\"async\" width=\"1273\" height=\"827\" src=\"http:\/\/medicina.udd.cl\/centro-epidemiologia-politicas-salud\/files\/2018\/02\/redes-de-colaboracion-CEPS.png\" alt=\"redes de colaboracion CEPS\" class=\"wp-image-1680\" srcset=\"https:\/\/medicina.udd.cl\/centro-epidemiologia-politicas-salud\/files\/2018\/02\/redes-de-colaboracion-CEPS.png 1273w, https:\/\/medicina.udd.cl\/centro-epidemiologia-politicas-salud\/files\/2018\/02\/redes-de-colaboracion-CEPS-300x195.png 300w, https:\/\/medicina.udd.cl\/centro-epidemiologia-politicas-salud\/files\/2018\/02\/redes-de-colaboracion-CEPS-768x499.png 768w, https:\/\/medicina.udd.cl\/centro-epidemiologia-politicas-salud\/files\/2018\/02\/redes-de-colaboracion-CEPS-1024x665.png 1024w, https:\/\/medicina.udd.cl\/centro-epidemiologia-politicas-salud\/files\/2018\/02\/redes-de-colaboracion-CEPS-660x430.png 660w, https:\/\/medicina.udd.cl\/centro-epidemiologia-politicas-salud\/files\/2018\/02\/redes-de-colaboracion-CEPS-125x80.png 125w, https:\/\/medicina.udd.cl\/centro-epidemiologia-politicas-salud\/files\/2018\/02\/redes-de-colaboracion-CEPS-340x220.png 340w, https:\/\/medicina.udd.cl\/centro-epidemiologia-politicas-salud\/files\/2018\/02\/redes-de-colaboracion-CEPS-960x624.png 960w\" sizes=\"auto, (max-width: 1273px) 100vw, 1273px\" \/><\/a><\/figure>\n","protected":false},"excerpt":{"rendered":"","protected":false},"author":1,"featured_media":0,"parent":7,"menu_order":0,"comment_status":"closed","ping_status":"closed","template":"","meta":{"footnotes":""},"class_list":["post-1674","page","type-page","status-publish","hentry"],"yoast_head":"<!-- This site is optimized with the Yoast SEO plugin v26.9 - https:\/\/yoast.com\/product\/yoast-seo-wordpress\/ -->\n<title>Redes de colaboraci\u00f3n - Centro de Epidemiolog\u00eda y Pol\u00edticas de Salud<\/title>\n<meta name=\"robots\" content=\"index, follow, max-snippet:-1, max-image-preview:large, max-video-preview:-1\" \/>\n<link rel=\"canonical\" href=\"https:\/\/medicina.udd.cl\/centro-epidemiologia-politicas-salud\/sobre-el-centro\/redes-de-colaboracion\/\" \/>\n<meta property=\"og:locale\" content=\"es_ES\" \/>\n<meta property=\"og:type\" content=\"article\" \/>\n<meta property=\"og:title\" content=\"Redes de colaboraci\u00f3n - Centro de Epidemiolog\u00eda y Pol\u00edticas de Salud\" \/>\n<meta property=\"og:url\" content=\"https:\/\/medicina.udd.cl\/centro-epidemiologia-politicas-salud\/sobre-el-centro\/redes-de-colaboracion\/\" \/>\n<meta property=\"og:site_name\" content=\"Centro de Epidemiolog\u00eda y Pol\u00edticas de Salud\" \/>\n<meta property=\"article:modified_time\" content=\"2021-04-14T20:47:32+00:00\" \/>\n<meta property=\"og:image\" content=\"http:\/\/medicina.udd.cl\/centro-epidemiologia-politicas-salud\/files\/2018\/02\/redes-de-colaboracion-CEPS.png\" \/>\n<script type=\"application\/ld+json\" class=\"yoast-schema-graph\">{\"@context\":\"https:\/\/schema.org\",\"@graph\":[{\"@type\":\"WebPage\",\"@id\":\"https:\/\/medicina.udd.cl\/centro-epidemiologia-politicas-salud\/sobre-el-centro\/redes-de-colaboracion\/\",\"url\":\"https:\/\/medicina.udd.cl\/centro-epidemiologia-politicas-salud\/sobre-el-centro\/redes-de-colaboracion\/\",\"name\":\"Redes de colaboraci\u00f3n - Centro de Epidemiolog\u00eda y Pol\u00edticas de Salud\",\"isPartOf\":{\"@id\":\"https:\/\/medicina.udd.cl\/centro-epidemiologia-politicas-salud\/#website\"},\"primaryImageOfPage\":{\"@id\":\"https:\/\/medicina.udd.cl\/centro-epidemiologia-politicas-salud\/sobre-el-centro\/redes-de-colaboracion\/#primaryimage\"},\"image\":{\"@id\":\"https:\/\/medicina.udd.cl\/centro-epidemiologia-politicas-salud\/sobre-el-centro\/redes-de-colaboracion\/#primaryimage\"},\"thumbnailUrl\":\"http:\/\/medicina.udd.cl\/centro-epidemiologia-politicas-salud\/files\/2018\/02\/redes-de-colaboracion-CEPS.png\",\"datePublished\":\"2018-02-19T15:33:26+00:00\",\"dateModified\":\"2021-04-14T20:47:32+00:00\",\"breadcrumb\":{\"@id\":\"https:\/\/medicina.udd.cl\/centro-epidemiologia-politicas-salud\/sobre-el-centro\/redes-de-colaboracion\/#breadcrumb\"},\"inLanguage\":\"es\",\"potentialAction\":[{\"@type\":\"ReadAction\",\"target\":[\"https:\/\/medicina.udd.cl\/centro-epidemiologia-politicas-salud\/sobre-el-centro\/redes-de-colaboracion\/\"]}]},{\"@type\":\"ImageObject\",\"inLanguage\":\"es\",\"@id\":\"https:\/\/medicina.udd.cl\/centro-epidemiologia-politicas-salud\/sobre-el-centro\/redes-de-colaboracion\/#primaryimage\",\"url\":\"http:\/\/medicina.udd.cl\/centro-epidemiologia-politicas-salud\/files\/2018\/02\/redes-de-colaboracion-CEPS.png\",\"contentUrl\":\"http:\/\/medicina.udd.cl\/centro-epidemiologia-politicas-salud\/files\/2018\/02\/redes-de-colaboracion-CEPS.png\"},{\"@type\":\"BreadcrumbList\",\"@id\":\"https:\/\/medicina.udd.cl\/centro-epidemiologia-politicas-salud\/sobre-el-centro\/redes-de-colaboracion\/#breadcrumb\",\"itemListElement\":[{\"@type\":\"ListItem\",\"position\":1,\"name\":\"Inicio\",\"item\":\"https:\/\/medicina.udd.cl\/centro-epidemiologia-politicas-salud\/\"},{\"@type\":\"ListItem\",\"position\":2,\"name\":\"Sobre el Centro\",\"item\":\"https:\/\/medicina.udd.cl\/centro-epidemiologia-politicas-salud\/sobre-el-centro\/\"},{\"@type\":\"ListItem\",\"position\":3,\"name\":\"Redes de colaboraci\u00f3n\"}]},{\"@type\":\"WebSite\",\"@id\":\"https:\/\/medicina.udd.cl\/centro-epidemiologia-politicas-salud\/#website\",\"url\":\"https:\/\/medicina.udd.cl\/centro-epidemiologia-politicas-salud\/\",\"name\":\"Centro de Epidemiolog\u00eda y Pol\u00edticas de Salud\",\"description\":\"Otro blog m\u00e1s de Medicina\",\"inLanguage\":\"es\"}]}<\/script>\n<!-- \/ Yoast SEO plugin. -->","yoast_head_json":{"title":"Redes de colaboraci\u00f3n - Centro de Epidemiolog\u00eda y Pol\u00edticas de Salud","robots":{"index":"index","follow":"follow","max-snippet":"max-snippet:-1","max-image-preview":"max-image-preview:large","max-video-preview":"max-video-preview:-1"},"canonical":"https:\/\/medicina.udd.cl\/centro-epidemiologia-politicas-salud\/sobre-el-centro\/redes-de-colaboracion\/","og_locale":"es_ES","og_type":"article","og_title":"Redes de colaboraci\u00f3n - Centro de Epidemiolog\u00eda y Pol\u00edticas de Salud","og_url":"https:\/\/medicina.udd.cl\/centro-epidemiologia-politicas-salud\/sobre-el-centro\/redes-de-colaboracion\/","og_site_name":"Centro de Epidemiolog\u00eda y Pol\u00edticas de Salud","article_modified_time":"2021-04-14T20:47:32+00:00","og_image":[{"url":"http:\/\/medicina.udd.cl\/centro-epidemiologia-politicas-salud\/files\/2018\/02\/redes-de-colaboracion-CEPS.png","type":"","width":"","height":""}],"schema":{"@context":"https:\/\/schema.org","@graph":[{"@type":"WebPage","@id":"https:\/\/medicina.udd.cl\/centro-epidemiologia-politicas-salud\/sobre-el-centro\/redes-de-colaboracion\/","url":"https:\/\/medicina.udd.cl\/centro-epidemiologia-politicas-salud\/sobre-el-centro\/redes-de-colaboracion\/","name":"Redes de colaboraci\u00f3n - Centro de Epidemiolog\u00eda y Pol\u00edticas de Salud","isPartOf":{"@id":"https:\/\/medicina.udd.cl\/centro-epidemiologia-politicas-salud\/#website"},"primaryImageOfPage":{"@id":"https:\/\/medicina.udd.cl\/centro-epidemiologia-politicas-salud\/sobre-el-centro\/redes-de-colaboracion\/#primaryimage"},"image":{"@id":"https:\/\/medicina.udd.cl\/centro-epidemiologia-politicas-salud\/sobre-el-centro\/redes-de-colaboracion\/#primaryimage"},"thumbnailUrl":"http:\/\/medicina.udd.cl\/centro-epidemiologia-politicas-salud\/files\/2018\/02\/redes-de-colaboracion-CEPS.png","datePublished":"2018-02-19T15:33:26+00:00","dateModified":"2021-04-14T20:47:32+00:00","breadcrumb":{"@id":"https:\/\/medicina.udd.cl\/centro-epidemiologia-politicas-salud\/sobre-el-centro\/redes-de-colaboracion\/#breadcrumb"},"inLanguage":"es","potentialAction":[{"@type":"ReadAction","target":["https:\/\/medicina.udd.cl\/centro-epidemiologia-politicas-salud\/sobre-el-centro\/redes-de-colaboracion\/"]}]},{"@type":"ImageObject","inLanguage":"es","@id":"https:\/\/medicina.udd.cl\/centro-epidemiologia-politicas-salud\/sobre-el-centro\/redes-de-colaboracion\/#primaryimage","url":"http:\/\/medicina.udd.cl\/centro-epidemiologia-politicas-salud\/files\/2018\/02\/redes-de-colaboracion-CEPS.png","contentUrl":"http:\/\/medicina.udd.cl\/centro-epidemiologia-politicas-salud\/files\/2018\/02\/redes-de-colaboracion-CEPS.png"},{"@type":"BreadcrumbList","@id":"https:\/\/medicina.udd.cl\/centro-epidemiologia-politicas-salud\/sobre-el-centro\/redes-de-colaboracion\/#breadcrumb","itemListElement":[{"@type":"ListItem","position":1,"name":"Inicio","item":"https:\/\/medicina.udd.cl\/centro-epidemiologia-politicas-salud\/"},{"@type":"ListItem","position":2,"name":"Sobre el Centro","item":"https:\/\/medicina.udd.cl\/centro-epidemiologia-politicas-salud\/sobre-el-centro\/"},{"@type":"ListItem","position":3,"name":"Redes de colaboraci\u00f3n"}]},{"@type":"WebSite","@id":"https:\/\/medicina.udd.cl\/centro-epidemiologia-politicas-salud\/#website","url":"https:\/\/medicina.udd.cl\/centro-epidemiologia-politicas-salud\/","name":"Centro de Epidemiolog\u00eda y Pol\u00edticas de Salud","description":"Otro blog m\u00e1s de Medicina","inLanguage":"es"}]}},"_links":{"self":[{"href":"https:\/\/medicina.udd.cl\/centro-epidemiologia-politicas-salud\/wp-json\/wp\/v2\/pages\/1674","targetHints":{"allow":["GET"]}}],"collection":[{"href":"https:\/\/medicina.udd.cl\/centro-epidemiologia-politicas-salud\/wp-json\/wp\/v2\/pages"}],"about":[{"href":"https:\/\/medicina.udd.cl\/centro-epidemiologia-politicas-salud\/wp-json\/wp\/v2\/types\/page"}],"author":[{"embeddable":true,"href":"https:\/\/medicina.udd.cl\/centro-epidemiologia-politicas-salud\/wp-json\/wp\/v2\/users\/1"}],"replies":[{"embeddable":true,"href":"https:\/\/medicina.udd.cl\/centro-epidemiologia-politicas-salud\/wp-json\/wp\/v2\/comments?post=1674"}],"version-history":[{"count":4,"href":"https:\/\/medicina.udd.cl\/centro-epidemiologia-politicas-salud\/wp-json\/wp\/v2\/pages\/1674\/revisions"}],"predecessor-version":[{"id":2151,"href":"https:\/\/medicina.udd.cl\/centro-epidemiologia-politicas-salud\/wp-json\/wp\/v2\/pages\/1674\/revisions\/2151"}],"up":[{"embeddable":true,"href":"https:\/\/medicina.udd.cl\/centro-epidemiologia-politicas-salud\/wp-json\/wp\/v2\/pages\/7"}],"wp:attachment":[{"href":"https:\/\/medicina.udd.cl\/centro-epidemiologia-politicas-salud\/wp-json\/wp\/v2\/media?parent=1674"}],"curies":[{"name":"wp","href":"https:\/\/api.w.org\/{rel}","templated":true}]}}