{"id":1894,"date":"2020-03-25T22:33:50","date_gmt":"2020-03-26T01:33:50","guid":{"rendered":"http:\/\/medicina.udd.cl\/centro-epidemiologia-politicas-salud\/?page_id=1894"},"modified":"2024-12-17T16:28:49","modified_gmt":"2024-12-17T19:28:49","slug":"conferencias-y-seminarios","status":"publish","type":"page","link":"https:\/\/medicina.udd.cl\/centro-epidemiologia-politicas-salud\/extension-capacitacion\/conferencias-y-seminarios\/","title":{"rendered":"Conferencias y seminarios"},"content":{"rendered":"\n<h2 class=\"wp-block-heading\">2019<\/h2>\n\n\n\n<ul class=\"wp-block-list\">\n<li>Dra. Ximena Aguilera, moderaci\u00f3n de mesa \u00abSalud m\u00e1s all\u00e1 del Sector Salud\u00bb en Seminario Medidas estructurales para la prevenci\u00f3n de obesidad: \u00bfqu\u00e9 viene tras la implementaci\u00f3n de la ley de etiquetado?\u201d 21 agosto 2019. Uchile, INTA, CIAPEC, Bloomberg Philantropies.<\/li>\n\n\n\n<li>Dra. Ximena Aguilera, presentaci\u00f3n en sesi\u00f3n inaugural del Seminario Internacional: Salud de personas migrantes internacionales. La ciencia al servicio del Chile de hoy, 2 Octubre 2019<\/li>\n\n\n\n<li>Dra. Ximena Aguilera, conferencia \u00abA tale of two systems\u00bb en Applied Clinical Informatics &amp; Data Analytics Workshop. ICIM, Washington University in Saint Luis. Hyatt Centric Las Condes Santiago October 1-3, 2019.<\/li>\n\n\n\n<li>Claudia Gonz\u00e1lez, presentaci\u00f3n \u201cIntegraci\u00f3n de contenidos de Salud P\u00fablica en curr\u00edculum carrera de Medicina:&nbsp; Estructura y Funcionamiento del Sistema de Salud Chileno. Serie de Salud Poblacional N\u00b02\u201d.&nbsp; Seminario IDEA 2019: Un espacio reflexivo de la pr\u00e1ctica docente, Universidad del Desarrollo, 9 y 21 de marzo, Santiago.<\/li>\n<\/ul>\n\n\n\n<h2 class=\"wp-block-heading\">2018<\/h2>\n\n\n\n<ul class=\"wp-block-list\">\n<li>Dra. Ximena Aguilera y Gonzalo Tobar, Presentaci\u00f3n \u201cRacionalidad y dilemas de la priorizaci\u00f3n en salud en Chile, el caso de la Ley Ricarte Soto\u201d en curso \u201cEscuela de l\u00edderes para agrupaciones de pacientes\u201d. 26 de octubre<\/li>\n\n\n\n<li>Dra. Ximena Aguilera, moderadora Conversatorio con Dra. Paula Daza Subsecretaria de Salud, sobre los desaf\u00edos de su gesti\u00f3n, Reuni\u00f3n Cient\u00edfica Sociedad Chilena de Salubridad. &nbsp;Santiago 26 de Junio 2018<\/li>\n\n\n\n<li>Dra. Ximena Aguilera, conferencia \u201cDesaf\u00edos para el Sistema de Salud de Chile\u201d en &nbsp;Reuni\u00f3n Cient\u00edfica Sociedad Chilena de Salud P\u00fablica Oral. 27 de septiembre de 2018<\/li>\n\n\n\n<li>Dra. Ximena Aguilera, moderadora conversatorio con Dr. Emilio Santelices sobre le programa de salud del nuevo gobierno. \u00abUna invitaci\u00f3n a construir juntos un mejor sistema de salud\u00bb. Reuni\u00f3n Cient\u00edfica Sociedad Chilena de Salubridad. Santiago 12 de Enero 2018.<\/li>\n\n\n\n<li>Dra. Ximena Aguilera, moderadora \u201cSimposio de Inequidades en Oncolog\u00eda\u201d. 4a Jornada Sociedad Chilena de Oncolog\u00eda M\u00e9dica. 23 de agosto de 2018 en Puerto Varas, Chile. <\/li>\n\n\n\n<li>Iris Delgado, presentaci\u00f3n \u00abCalidad en la atenci\u00f3n de salud, una evaluaci\u00f3n a 10 a\u00f1os de la acreditaci\u00f3n institucional\u201d Reuni\u00f3n Cl\u00ednica\u201d. Cl\u00ednica Alemana de Santiago, 3 de octubre 2018.<\/li>\n<\/ul>\n\n\n\n<h2 class=\"wp-block-heading\">2017<\/h2>\n\n\n\n<ul class=\"wp-block-list\">\n<li>Iris Delgado, Presentaci\u00f3n \u201cCalidad en la atenci\u00f3n de salud, una evaluaci\u00f3n a 10 a\u00f1os de la acreditaci\u00f3n institucional \u00abSeminario: A 10 a\u00f1os de la acreditaci\u00f3n, Superintendencia de Salud, Santiago, 26 de septiembre de 2017\u00bb&nbsp;&nbsp;&nbsp;&nbsp;&nbsp;&nbsp;&nbsp;&nbsp; <\/li>\n\n\n\n<li>Iris Delgado, Presentaci\u00f3n \u201cEstudio Impacto del sistema de Prestadores de Salud 2016-2017\u201d. Seminario Jornada de calidad, 23 de agosto, Universidad de Chile.&nbsp;&nbsp;&nbsp;&nbsp;&nbsp;&nbsp;&nbsp; <\/li>\n\n\n\n<li>Carla Castillo, Conferencia <em>\u201cQu\u00e9 es la cobertura universal en salud, cu\u00e1les son los avances en Chile y c\u00f3mo se est\u00e1n midiendo<\/em>\u201d en Hacia una Cobertura Universal de Salud, un diagn\u00f3stico desde los pacientes, organizado por Fundaci\u00f3n Me Muevo, Santiago 12 de diciembre 2017.<\/li>\n\n\n\n<li>Carla Castillo, Conferencia \u201dDesempe\u00f1o de los seguros de salud en Chile y su efecto sobre la salud y las desigualdades sanitarias\u201d en Seminario Superintendencia de Salud, Santiago, 26 de septiembre de 2017.<\/li>\n\n\n\n<li>Carla Castillo y Manuel N\u00e1jera, Conferencia de \u201cModelling the effect of syphilis screening at the entry point in Chilean prisons\u201d en ISPOR 6th Latin America Conference, Sao Paulo, Brasil.<\/li>\n\n\n\n<li>Dra. Ximena Aguilera,&nbsp; Ponencia&nbsp; \u201cTransformaciones en Sistemas de Salud hacia la salud universal. La experiencia de la reforma de salud en Chile el 2005\u201d. En&nbsp; Reuni\u00f3n de Alto Nivel \u201cSalud Universal en el siglo XXI: 40 a\u00f1os de Alma-Ata\u201d (11-12 de Diciembre 2017, Quito, Ecuador)<\/li>\n\n\n\n<li>Dra. Ximena Aguilera, Ponencia\u201d Tuberculosis. Panorama actual y grupos de riesgo emergentes\u201d en XXXIV Congreso Sociedad Chilena de Infectolog\u00eda Concepci\u00f3n, 8-11 Noviembre 2017.<\/li>\n\n\n\n<li>Iris Delgado, &nbsp;\u201d Meeting on the exchange of technical information and views on trajectories of intrinsic capacity through the life course \u201c en&nbsp; Organizaci\u00f3n Mundial de la Salud, Ginebra, junio. <\/li>\n<\/ul>\n\n\n\n<h2 class=\"wp-block-heading\">2016<\/h2>\n\n\n\n<ul class=\"wp-block-list\">\n<li>Dra. Ximena Aguilera en charla \u201d Enfermedades emergentes\u201d en Curso enfermedades emergentes Sociedad Chilena de Infectolog\u00eda 2016<\/li>\n\n\n\n<li>Andrea Olea, conferencia \u201cAplicaciones para la toma de decisiones en pol\u00edticas p\u00fablicas de salud\u201d. PPT del paper: G. Chowell, R. Fuentes, A. Olea, X. Aguilera, H. Nesse, J. M. Hyman. \u201cThe basic reproduction number R0 and effectiveness of reactive interventions during dengue epidemics: The 2002 dengue outbreak in Easter Island, Chile\u201d en &nbsp;Jornada de Modelamiento Matem\u00e1tico en Epidemiolog\u00eda<\/li>\n\n\n\n<li>Carla Castillo conferencia \u201dMonitoreo y evaluaci\u00f3n de la cobertura universal en salud: el caso de Chile\u201d en &nbsp;Seminarios Acad\u00e9micos Facultad de Medicina UDD<\/li>\n\n\n\n<li>Dra. Ximena Aguilera, conferencia \u201cReformas al Sistema de Financiamiento de la Salud: Lineamientos propuestos por la Comisi\u00f3n Asesora Presidencial\u201d&nbsp; en Foro Reforma de Salud, organizada por la carrera de Medicina PUC<\/li>\n\n\n\n<li>Dra. Ximena Aguilera, debate \u201c\u00bfContribuyen los sistemas de salud a mejorar los determinantes sociales y asegurar el acceso a la salud en Chile?\u201d en Mesa de Debate \u201cDe los Determinantes Sociales a la Reforma a la Salud. El camino a recorrer\u201d, organizado por el Instituto Igualdad. Auditorium Colegio M\u00e9dico, Santiago, Chile.<\/li>\n<\/ul>\n\n\n\n<h2 class=\"wp-block-heading\">2013<\/h2>\n\n\n\n<ul class=\"wp-block-list\">\n<li>Claudia Gonz\u00e1lez, Conferencia \u201cEstudios poblacionales para la generaci\u00f3n de pol\u00edticas en salud: la experiencia chilena 1990-2010\u201d Sistema nacional de estudios y encuestas poblacionales para salud. \u201cLa Investigaci\u00f3n al servicio de la Salud P\u00fablica en Colombia\u201d. Colombia, 23 de Septiembre de 2013.<\/li>\n\n\n\n<li>Claudia Gonz\u00e1lez, presentaci\u00f3n \u201cEstudio Comprensi\u00f3n y voluntad de participar en un futuro ensayo de vacuna contra el hantavirus en dos comunidades rurales del sur de Chile\u201d. Proyecto Hantavirus, Puc\u00f3n.<\/li>\n<\/ul>\n","protected":false},"excerpt":{"rendered":"<p>2019 2018 2017 2016 2013<\/p>\n","protected":false},"author":42,"featured_media":0,"parent":290,"menu_order":0,"comment_status":"closed","ping_status":"closed","template":"","meta":{"footnotes":""},"class_list":["post-1894","page","type-page","status-publish","hentry"],"yoast_head":"<!-- This site is optimized with the Yoast SEO plugin v26.9 - https:\/\/yoast.com\/product\/yoast-seo-wordpress\/ -->\n<title>Conferencias y seminarios - Centro de Epidemiolog\u00eda y Pol\u00edticas de Salud<\/title>\n<meta name=\"robots\" content=\"index, follow, max-snippet:-1, max-image-preview:large, max-video-preview:-1\" \/>\n<link rel=\"canonical\" href=\"https:\/\/medicina.udd.cl\/centro-epidemiologia-politicas-salud\/extension-capacitacion\/conferencias-y-seminarios\/\" \/>\n<meta property=\"og:locale\" content=\"es_ES\" \/>\n<meta property=\"og:type\" content=\"article\" \/>\n<meta property=\"og:title\" content=\"Conferencias y seminarios - Centro de Epidemiolog\u00eda y Pol\u00edticas de Salud\" \/>\n<meta property=\"og:description\" content=\"2019 2018 2017 2016 2013\" \/>\n<meta property=\"og:url\" content=\"https:\/\/medicina.udd.cl\/centro-epidemiologia-politicas-salud\/extension-capacitacion\/conferencias-y-seminarios\/\" \/>\n<meta property=\"og:site_name\" content=\"Centro de Epidemiolog\u00eda y Pol\u00edticas de Salud\" \/>\n<meta property=\"article:modified_time\" content=\"2024-12-17T19:28:49+00:00\" \/>\n<meta name=\"twitter:label1\" content=\"Tiempo de lectura\" \/>\n\t<meta name=\"twitter:data1\" content=\"4 minutos\" \/>\n<script type=\"application\/ld+json\" class=\"yoast-schema-graph\">{\"@context\":\"https:\/\/schema.org\",\"@graph\":[{\"@type\":\"WebPage\",\"@id\":\"https:\/\/medicina.udd.cl\/centro-epidemiologia-politicas-salud\/extension-capacitacion\/conferencias-y-seminarios\/\",\"url\":\"https:\/\/medicina.udd.cl\/centro-epidemiologia-politicas-salud\/extension-capacitacion\/conferencias-y-seminarios\/\",\"name\":\"Conferencias y seminarios - Centro de Epidemiolog\u00eda y Pol\u00edticas de Salud\",\"isPartOf\":{\"@id\":\"https:\/\/medicina.udd.cl\/centro-epidemiologia-politicas-salud\/#website\"},\"datePublished\":\"2020-03-26T01:33:50+00:00\",\"dateModified\":\"2024-12-17T19:28:49+00:00\",\"breadcrumb\":{\"@id\":\"https:\/\/medicina.udd.cl\/centro-epidemiologia-politicas-salud\/extension-capacitacion\/conferencias-y-seminarios\/#breadcrumb\"},\"inLanguage\":\"es\",\"potentialAction\":[{\"@type\":\"ReadAction\",\"target\":[\"https:\/\/medicina.udd.cl\/centro-epidemiologia-politicas-salud\/extension-capacitacion\/conferencias-y-seminarios\/\"]}]},{\"@type\":\"BreadcrumbList\",\"@id\":\"https:\/\/medicina.udd.cl\/centro-epidemiologia-politicas-salud\/extension-capacitacion\/conferencias-y-seminarios\/#breadcrumb\",\"itemListElement\":[{\"@type\":\"ListItem\",\"position\":1,\"name\":\"Inicio\",\"item\":\"https:\/\/medicina.udd.cl\/centro-epidemiologia-politicas-salud\/\"},{\"@type\":\"ListItem\",\"position\":2,\"name\":\"Extensi\u00f3n y capacitaci\u00f3n\",\"item\":\"https:\/\/medicina.udd.cl\/centro-epidemiologia-politicas-salud\/extension-capacitacion\/\"},{\"@type\":\"ListItem\",\"position\":3,\"name\":\"Conferencias y seminarios\"}]},{\"@type\":\"WebSite\",\"@id\":\"https:\/\/medicina.udd.cl\/centro-epidemiologia-politicas-salud\/#website\",\"url\":\"https:\/\/medicina.udd.cl\/centro-epidemiologia-politicas-salud\/\",\"name\":\"Centro de Epidemiolog\u00eda y Pol\u00edticas de Salud\",\"description\":\"Otro blog m\u00e1s de Medicina\",\"inLanguage\":\"es\"}]}<\/script>\n<!-- \/ Yoast SEO plugin. -->","yoast_head_json":{"title":"Conferencias y seminarios - Centro de Epidemiolog\u00eda y Pol\u00edticas de Salud","robots":{"index":"index","follow":"follow","max-snippet":"max-snippet:-1","max-image-preview":"max-image-preview:large","max-video-preview":"max-video-preview:-1"},"canonical":"https:\/\/medicina.udd.cl\/centro-epidemiologia-politicas-salud\/extension-capacitacion\/conferencias-y-seminarios\/","og_locale":"es_ES","og_type":"article","og_title":"Conferencias y seminarios - Centro de Epidemiolog\u00eda y Pol\u00edticas de Salud","og_description":"2019 2018 2017 2016 2013","og_url":"https:\/\/medicina.udd.cl\/centro-epidemiologia-politicas-salud\/extension-capacitacion\/conferencias-y-seminarios\/","og_site_name":"Centro de Epidemiolog\u00eda y Pol\u00edticas de Salud","article_modified_time":"2024-12-17T19:28:49+00:00","twitter_misc":{"Tiempo de lectura":"4 minutos"},"schema":{"@context":"https:\/\/schema.org","@graph":[{"@type":"WebPage","@id":"https:\/\/medicina.udd.cl\/centro-epidemiologia-politicas-salud\/extension-capacitacion\/conferencias-y-seminarios\/","url":"https:\/\/medicina.udd.cl\/centro-epidemiologia-politicas-salud\/extension-capacitacion\/conferencias-y-seminarios\/","name":"Conferencias y seminarios - Centro de Epidemiolog\u00eda y Pol\u00edticas de Salud","isPartOf":{"@id":"https:\/\/medicina.udd.cl\/centro-epidemiologia-politicas-salud\/#website"},"datePublished":"2020-03-26T01:33:50+00:00","dateModified":"2024-12-17T19:28:49+00:00","breadcrumb":{"@id":"https:\/\/medicina.udd.cl\/centro-epidemiologia-politicas-salud\/extension-capacitacion\/conferencias-y-seminarios\/#breadcrumb"},"inLanguage":"es","potentialAction":[{"@type":"ReadAction","target":["https:\/\/medicina.udd.cl\/centro-epidemiologia-politicas-salud\/extension-capacitacion\/conferencias-y-seminarios\/"]}]},{"@type":"BreadcrumbList","@id":"https:\/\/medicina.udd.cl\/centro-epidemiologia-politicas-salud\/extension-capacitacion\/conferencias-y-seminarios\/#breadcrumb","itemListElement":[{"@type":"ListItem","position":1,"name":"Inicio","item":"https:\/\/medicina.udd.cl\/centro-epidemiologia-politicas-salud\/"},{"@type":"ListItem","position":2,"name":"Extensi\u00f3n y capacitaci\u00f3n","item":"https:\/\/medicina.udd.cl\/centro-epidemiologia-politicas-salud\/extension-capacitacion\/"},{"@type":"ListItem","position":3,"name":"Conferencias y seminarios"}]},{"@type":"WebSite","@id":"https:\/\/medicina.udd.cl\/centro-epidemiologia-politicas-salud\/#website","url":"https:\/\/medicina.udd.cl\/centro-epidemiologia-politicas-salud\/","name":"Centro de Epidemiolog\u00eda y Pol\u00edticas de Salud","description":"Otro blog m\u00e1s de Medicina","inLanguage":"es"}]}},"_links":{"self":[{"href":"https:\/\/medicina.udd.cl\/centro-epidemiologia-politicas-salud\/wp-json\/wp\/v2\/pages\/1894","targetHints":{"allow":["GET"]}}],"collection":[{"href":"https:\/\/medicina.udd.cl\/centro-epidemiologia-politicas-salud\/wp-json\/wp\/v2\/pages"}],"about":[{"href":"https:\/\/medicina.udd.cl\/centro-epidemiologia-politicas-salud\/wp-json\/wp\/v2\/types\/page"}],"author":[{"embeddable":true,"href":"https:\/\/medicina.udd.cl\/centro-epidemiologia-politicas-salud\/wp-json\/wp\/v2\/users\/42"}],"replies":[{"embeddable":true,"href":"https:\/\/medicina.udd.cl\/centro-epidemiologia-politicas-salud\/wp-json\/wp\/v2\/comments?post=1894"}],"version-history":[{"count":5,"href":"https:\/\/medicina.udd.cl\/centro-epidemiologia-politicas-salud\/wp-json\/wp\/v2\/pages\/1894\/revisions"}],"predecessor-version":[{"id":2685,"href":"https:\/\/medicina.udd.cl\/centro-epidemiologia-politicas-salud\/wp-json\/wp\/v2\/pages\/1894\/revisions\/2685"}],"up":[{"embeddable":true,"href":"https:\/\/medicina.udd.cl\/centro-epidemiologia-politicas-salud\/wp-json\/wp\/v2\/pages\/290"}],"wp:attachment":[{"href":"https:\/\/medicina.udd.cl\/centro-epidemiologia-politicas-salud\/wp-json\/wp\/v2\/media?parent=1894"}],"curies":[{"name":"wp","href":"https:\/\/api.w.org\/{rel}","templated":true}]}}