{"id":1948,"date":"2020-06-22T19:47:55","date_gmt":"2020-06-22T23:47:55","guid":{"rendered":"http:\/\/medicina.udd.cl\/centro-epidemiologia-politicas-salud\/?page_id=1948"},"modified":"2020-07-06T12:00:53","modified_gmt":"2020-07-06T16:00:53","slug":"capacitacion-en-seguimiento-de-casos-y-contactos-covid-19","status":"publish","type":"page","link":"https:\/\/medicina.udd.cl\/centro-epidemiologia-politicas-salud\/capacitacion-en-seguimiento-de-casos-y-contactos-covid-19\/","title":{"rendered":"Capacitaci\u00f3n en seguimiento de casos y contactos Covid-19"},"content":{"rendered":"\n<p>El material que se presenta a continuaci\u00f3n entrega lineamientos b\u00e1sicos sobre la investigaci\u00f3n de casos y contactos de COVID 19, y est\u00e1 pensado fundamentalmente para los equipos de atenci\u00f3n primaria de salud.<\/p>\n\n\n\n<p>Fue elaborado por el Centro de Epidemiolog\u00eda y Pol\u00edticas de Salud de la Facultad de Medicina de la Universidad del Desarrollo con el fin de contribuir en el enfrentamiento de la pandemia. Est\u00e1 basado en curso de la Universidad de Johns Hopkins \u201cCOVID-19 contact tracing\u00bb.<\/p>\n\n\n\n<p>El contenido est\u00e1 estructurado en 3 m\u00f3dulos (divididos en 8 videos) que cubren los aspectos generales del virus y la enfermedad, conceptos y definiciones para entender el proceso de estudio de casos y contactos, aborda aspectos \u00e9ticos b\u00e1sicos de la investigaci\u00f3n de casos y contactos, as\u00ed como de comunicaci\u00f3n efectiva, y finalmente, describe los pasos que se deben seguir en la investigaci\u00f3n y seguimiento de casos y contactos.<\/p>\n\n\n\n<p class=\"has-normal-font-size\"><strong>M\u00f3dulo 1: Aspectos\ngenerales del COVID-19 y SARS-CoV2<\/strong><\/p>\n\n\n\n<ul class=\"wp-block-list\"><li><a rel=\"noreferrer noopener\" aria-label=\" (abre en una nueva pesta\u00f1a)\" href=\"https:\/\/www.youtube.com\/watch?v=rKMtK1bu4LU&amp;feature=youtu.be\" target=\"_blank\">Parte 1: Aspectos generales del COVID-19.<\/a><\/li><li><a rel=\"noreferrer noopener\" aria-label=\" (abre en una nueva pesta\u00f1a)\" href=\"https:\/\/www.youtube.com\/watch?v=0a6J4Y1kaFw&amp;feature=youtu.be\" target=\"_blank\">Parte 2: Periodos relevantes y formas de transmisi\u00f3n. <\/a><\/li><li><a href=\"https:\/\/www.youtube.com\/watch?v=ky_LdSaU_H4&amp;feature=youtu.be\" target=\"_blank\" rel=\"noreferrer noopener\" aria-label=\" (abre en una nueva pesta\u00f1a)\">Parte 3: Diagn\u00f3stico y factores de riesgo de COVID-19. <\/a><\/li><\/ul>\n\n\n\n<p class=\"has-normal-font-size\"><strong>M\u00f3dulo 2: Seguimiento\nde casos y contactos<\/strong><\/p>\n\n\n\n<ul class=\"wp-block-list\"><li><a rel=\"noreferrer noopener\" aria-label=\" (abre en una nueva pesta\u00f1a)\" href=\"https:\/\/www.youtube.com\/watch?v=P9-N3utNxzk&amp;feature=youtu.be\" target=\"_blank\">Parte 1: Conceptos y definiciones. <\/a><\/li><li><a href=\"https:\/\/www.youtube.com\/watch?v=duOLvgDQa7Q&amp;feature=youtu.be\" target=\"_blank\" rel=\"noreferrer noopener\" aria-label=\" (abre en una nueva pesta\u00f1a)\">Parte 2: Aspectos \u00e9ticos y comunicaci\u00f3n efectiva. <\/a><\/li><\/ul>\n\n\n\n<p class=\"has-normal-font-size\"><strong>M\u00f3dulo 3: Pasos de\nla investigaci\u00f3n de casos y contactos<\/strong><\/p>\n\n\n\n<ul class=\"wp-block-list\"><li><a rel=\"noreferrer noopener\" aria-label=\" (abre en una nueva pesta\u00f1a)\" href=\"https:\/\/www.youtube.com\/watch?v=GwTzC8XmuZY&amp;feature=youtu.be\" target=\"_blank\">Parte 1-A: Objetivos del seguimiento de casos y contactos. <\/a><\/li><li><a rel=\"noreferrer noopener\" aria-label=\" (abre en una nueva pesta\u00f1a)\" href=\"https:\/\/www.youtube.com\/watch?v=RfWwOWaYAss&amp;feature=youtu.be\" target=\"_blank\">Parte 1-B: Pasos para el seguimiento de casos. <\/a><\/li><li><a rel=\"noreferrer noopener\" aria-label=\" (abre en una nueva pesta\u00f1a)\" href=\"https:\/\/www.youtube.com\/watch?v=y3H5e-S3aRA&amp;feature=youtu.be\" target=\"_blank\">Parte 2: Pasos para el seguimiento de contactos. <\/a><\/li><\/ul>\n\n\n\n<p class=\"has-normal-font-size\"><strong>Informaci\u00f3n adicional<\/strong><\/p>\n\n\n\n<table class=\"wp-block-table alignleft is-style-regular\"><tbody><tr><td><strong>Nombre documento <\/strong><br><strong>o p\u00e1gina web<\/strong>    <\/td><td> <strong>Descripci\u00f3n<\/strong>  <\/td><td> <strong>Link<\/strong>    <\/td><\/tr><tr><td>MINSAL.  Protocolo de Testeo, Trazabilidad y Aislamiento<\/td><td> Protocolo Publicado el 1\u00b0 de jlio sobre la Estrategia nacional de testeo, trazabilidad y aislamiento para todas las instituciones de Salud: SEREMI de Salud, Servicios de Salud y prestadores de salud<br>privados: <\/td><td> <a rel=\"noreferrer noopener\" href=\"https:\/\/www.minsal.cl\/wp-content\/uploads\/2020\/07\/Estrategia-Testeo-Trazabilidad-y-Aislamiento.pdf\" target=\"_blank\">https:\/\/www.minsal.cl\/wp-<br>content\/uploads\/2020\/07\/<br>Estrategia-Testeo-Trazabilidad-y-Aislamiento.pdf<\/a> <\/td><\/tr><tr><td> IAASApp. <\/td><td> Videos para personal de salud sobre control de infecciones para COVID-19 en establecimientos de salud <\/td><td> <a rel=\"noreferrer noopener\" href=\"https:\/\/youtu.be\/MFTk0gd2N9I\" target=\"_blank\">https:\/\/youtu.be\/MFTk0gd2N9I<\/a><br><a rel=\"noreferrer noopener\" href=\"https:\/\/youtu.be\/D-ztocZC1Yk\" target=\"_blank\">https:\/\/youtu.be\/D-ztocZC1Yk<\/a> <\/td><\/tr><tr><td> COVID-19   contact tracing. Johns Hopkins University    <\/td><td>Curso gratuito y de f\u00e1cil acceso. Est\u00e1 en ingl\u00e9s pero tiene subt\u00edtulos en espa\u00f1ol    <\/td><td><a href=\"https:\/\/www.coursera.org\/learn\/covid-19-contact-tracing?edocomorp=covid-19-contact-tracing\">https:\/\/www.coursera.org\/learn\/<\/a><br><a href=\"https:\/\/www.coursera.org\/learn\/covid-19-contact-tracing?edocomorp=covid-19-contact-tracing\">covid-19-<\/a><br><a href=\"https:\/\/www.coursera.org\/learn\/covid-19-contact-tracing?edocomorp=covid-19-contact-tracing\">contact-tracing?<\/a><br><a href=\"https:\/\/www.coursera.org\/learn\/covid-19-contact-tracing?edocomorp=covid-19-contact-tracing\">edocomorp=<\/a><br><a href=\"https:\/\/www.coursera.org\/learn\/covid-19-contact-tracing?edocomorp=covid-19-contact-tracing\">covid-19-contact-tracing<\/a>    <\/td><\/tr><tr><td> WHO. Contact   tracing in the context of COVID-19   <\/td><td> Este documento   proporciona orientaci\u00f3n sobre c\u00f3mo establecer la capacidad de rastreo de   contactos para elcontrol de COVID-19. Organizaci\u00f3n Mundial de la Salud    <\/td><td> <a href=\"https:\/\/www.who.int\/publications\/i\/item\/contact-tracing-in-the-context-of-covid-19\">https:\/\/www.who.int\/publications\/<\/a><br><a href=\"https:\/\/www.who.int\/publications\/i\/item\/contact-tracing-in-the-context-of-covid-19\">i\/item\/contact-<\/a><br><a href=\"https:\/\/www.who.int\/publications\/i\/item\/contact-tracing-in-the-context-of-covid-19\">tracing-in-the-<\/a><br><a href=\"https:\/\/www.who.int\/publications\/i\/item\/contact-tracing-in-the-context-of-covid-19\">context-of-covid-19<\/a>   <\/td><\/tr><tr><td> CDC. Contact Tracing. <\/td><td>  P\u00e1gina web que   contiene material con orientaciones para realizar b\u00fasqueda y seguimiento de   contactos    <\/td><td><a href=\"https:\/\/www.cdc.gov\/coronavirus\/2019-ncov\/php\/open-america\/contact-tracing\/index.html\">https:\/\/www.cdc.gov\/coronavirus\/<\/a><br><a href=\"https:\/\/www.cdc.gov\/coronavirus\/2019-ncov\/php\/open-america\/contact-tracing\/index.html\">2019-ncov\/php\/<\/a><br><a href=\"https:\/\/www.cdc.gov\/coronavirus\/2019-ncov\/php\/open-america\/contact-tracing\/index.html\">open-america\/<\/a><br><a href=\"https:\/\/www.cdc.gov\/coronavirus\/2019-ncov\/php\/open-america\/contact-tracing\/index.html\">contact-tracing\/<\/a><br><a href=\"https:\/\/www.cdc.gov\/coronavirus\/2019-ncov\/php\/open-america\/contact-tracing\/index.html\">index.html<\/a><\/td><\/tr><tr><td>  Minsal Chile: normas t\u00e9cnicas  <\/td><td>    Contiene   normativas emanadas del MINSAL    <\/td><td><a href=\"https:\/\/www.minsal.cl\/nuevo-coronavirus-2019-ncov\/informe-tecnico\/\">https:\/\/www.<\/a><br><a href=\"https:\/\/www.minsal.cl\/nuevo-coronavirus-2019-ncov\/informe-tecnico\/\">minsal.cl\/nuevo<\/a><br><a href=\"https:\/\/www.minsal.cl\/nuevo-coronavirus-2019-ncov\/informe-tecnico\/\">-coronavirus-<\/a><br><a href=\"https:\/\/www.minsal.cl\/nuevo-coronavirus-2019-ncov\/informe-tecnico\/\">2019-ncov\/<\/a><br><a href=\"https:\/\/www.minsal.cl\/nuevo-coronavirus-2019-ncov\/informe-tecnico\/\">informe-tecnico\/<\/a>     <\/td><\/tr><tr><td>  Minsal Chile: reporte   epidemiol\u00f3gico    <\/td><td>  Contiene los   reportes epidemiol\u00f3gicos del Departamento de Epidemiolog\u00eda    <\/td><td><a href=\"https:\/\/www.minsal.cl\/nuevo-coronavirus-2019-ncov\/informe-epidemiologico-covid-19\/\">https:\/\/www.minsal.cl\/nuevo-<\/a><br><a href=\"https:\/\/www.minsal.cl\/nuevo-coronavirus-2019-ncov\/informe-epidemiologico-covid-19\/\">coronavirus-2019-ncov<\/a><br><a href=\"https:\/\/www.minsal.cl\/nuevo-coronavirus-2019-ncov\/informe-epidemiologico-covid-19\/\">\/informe-<\/a><br><a href=\"https:\/\/www.minsal.cl\/nuevo-coronavirus-2019-ncov\/informe-epidemiologico-covid-19\/\">epidemiologico-covid-19\/<\/a>     <\/td><\/tr><tr><td> Minsal Chile: Capacitaci\u00f3n para   el personal de salud    <\/td><td>    Contiene informaci\u00f3n   sobre el manejo cl\u00ednico de casos de COVID 19  <\/td><td> <a href=\"https:\/\/www.minsal.cl\/nuevo-coronavirus-2019-ncov\/capacitacion-personal-de-salud\/\">https:\/\/www.<\/a><br><a href=\"https:\/\/www.minsal.cl\/nuevo-coronavirus-2019-ncov\/capacitacion-personal-de-salud\/\">minsal.cl\/<\/a><br><a href=\"https:\/\/www.minsal.cl\/nuevo-coronavirus-2019-ncov\/capacitacion-personal-de-salud\/\">nuevo-<\/a><br><a href=\"https:\/\/www.minsal.cl\/nuevo-coronavirus-2019-ncov\/capacitacion-personal-de-salud\/\">coronavirus-<\/a><br><a href=\"https:\/\/www.minsal.cl\/nuevo-coronavirus-2019-ncov\/capacitacion-personal-de-salud\/\">2019-ncov\/<\/a><br><a href=\"https:\/\/www.minsal.cl\/nuevo-coronavirus-2019-ncov\/capacitacion-personal-de-salud\/\">capacitacion<\/a><br><a href=\"https:\/\/www.minsal.cl\/nuevo-coronavirus-2019-ncov\/capacitacion-personal-de-salud\/\">personal-de-<\/a><br><a href=\"https:\/\/www.minsal.cl\/nuevo-coronavirus-2019-ncov\/capacitacion-personal-de-salud\/\">salud\/<\/a>  <\/td><\/tr><tr><td> Minsal Chile: residencias   sanitarias    <\/td><td>    Contiene   informaci\u00f3n sobre qu\u00e9 son, los requisitos para ingresar, c\u00f3mo funcionan y   d\u00f3nde est\u00e1n ubicadas (direcciones y tel\u00e9fonos)    <\/td><td><a href=\"https:\/\/www.minsal.cl\/residencias-sanitarias\/\">https:\/\/www.<\/a><br><a href=\"https:\/\/www.minsal.cl\/residencias-sanitarias\/\">minsal.cl\/<\/a><br><a href=\"https:\/\/www.minsal.cl\/residencias-sanitarias\/\">residencias-<\/a><br><a href=\"https:\/\/www.minsal.cl\/residencias-sanitarias\/\">sanitarias\/<\/a>    <\/td><\/tr><tr><td> Consejo Asesor COVID 19   <\/td><td>    Minutas del   Consejo Asesor del Consejo Asesor Covid 19    <\/td><td><a href=\"https:\/\/sites.google.com\/udd.cl\/consejocovid19chile\/p%C3%A1gina-principal\">https:\/\/sites.google.com<\/a><br><a href=\"https:\/\/sites.google.com\/udd.cl\/consejocovid19chile\/p%C3%A1gina-principal\">\/udd.cl\/<\/a><br><a href=\"https:\/\/sites.google.com\/udd.cl\/consejocovid19chile\/p%C3%A1gina-principal\">consejocovid19chile\/p%C3%<\/a><br><a href=\"https:\/\/sites.google.com\/udd.cl\/consejocovid19chile\/p%C3%A1gina-principal\">A1gina-principal<\/a>    <\/td><\/tr><tr><td> Gobierno de Chile. Coronavirus    <\/td><td>  Informaci\u00f3n   sobre cifras oficiales, cuarentenas (definiciones, lugares en cuarentena),   material para autocuidado, y otros documentos de inter\u00e9s.    <\/td><td> <a href=\"https:\/\/www.gob.cl\/coronavirus\/\">https:\/\/www.<\/a><br><a href=\"https:\/\/www.gob.cl\/coronavirus\/\">gob.<\/a><br><a href=\"https:\/\/www.gob.cl\/coronavirus\/\">cl\/coronavirus\/<\/a>    <\/td><\/tr><\/tbody><\/table>\n\n\n\n<p><\/p>\n\n\n\n<p><strong>Palabras Dra. Liliana Jadue, vicedecana carreras de la Salud, Facultad de Medicina Cl\u00ednica Alemana UDD<\/strong><\/p>\n\n\n\n<figure class=\"wp-block-embed-youtube wp-block-embed is-type-video is-provider-youtube wp-embed-aspect-16-9 wp-has-aspect-ratio\"><div class=\"wp-block-embed__wrapper\">\n<iframe loading=\"lazy\" title=\"CEPS UDD realiza curso sobre seguimiento de casos y contactos Covid-19 en Municipio de La Pintana\" width=\"500\" height=\"281\" src=\"https:\/\/www.youtube.com\/embed\/OYMr4c0laYs?feature=oembed\" frameborder=\"0\" allow=\"accelerometer; autoplay; clipboard-write; encrypted-media; gyroscope; picture-in-picture; web-share\" referrerpolicy=\"strict-origin-when-cross-origin\" allowfullscreen><\/iframe>\n<\/div><\/figure>\n\n\n\n<p><strong>Palabras Dra. Ximena Aguilera, directora CEPS UDD<\/strong><\/p>\n\n\n\n<figure class=\"wp-block-embed-youtube wp-block-embed is-type-video is-provider-youtube wp-embed-aspect-16-9 wp-has-aspect-ratio\"><div class=\"wp-block-embed__wrapper\">\n<iframe loading=\"lazy\" title=\"CEPS UDD capacita a equipo de salud de La Pintana\" width=\"500\" height=\"281\" src=\"https:\/\/www.youtube.com\/embed\/gzDVmAmPRlo?feature=oembed\" frameborder=\"0\" allow=\"accelerometer; autoplay; clipboard-write; encrypted-media; gyroscope; picture-in-picture; web-share\" referrerpolicy=\"strict-origin-when-cross-origin\" allowfullscreen><\/iframe>\n<\/div><\/figure>\n\n\n\n<p><strong>Saludo Paulina Reinoso, jefa del Departamento de Salud de la Municipalidad de La Pintana<\/strong><\/p>\n\n\n\n<figure class=\"wp-block-embed-youtube wp-block-embed is-type-video is-provider-youtube wp-embed-aspect-16-9 wp-has-aspect-ratio\"><div class=\"wp-block-embed__wrapper\">\n<iframe loading=\"lazy\" title=\"CEPS UDD capacita en seguimiento de casos y contactos Covid-19\" width=\"500\" height=\"281\" src=\"https:\/\/www.youtube.com\/embed\/eBec2X_qv7g?feature=oembed\" frameborder=\"0\" allow=\"accelerometer; autoplay; clipboard-write; encrypted-media; gyroscope; picture-in-picture; web-share\" referrerpolicy=\"strict-origin-when-cross-origin\" allowfullscreen><\/iframe>\n<\/div><\/figure>\n","protected":false},"excerpt":{"rendered":"<p>El material que se presenta a continuaci\u00f3n entrega lineamientos b\u00e1sicos sobre la investigaci\u00f3n de casos y contactos de COVID 19, y est\u00e1 pensado fundamentalmente para los equipos de atenci\u00f3n primaria de salud. Fue elaborado por el Centro de Epidemiolog\u00eda y Pol\u00edticas de Salud de la Facultad de Medicina de la Universidad del Desarrollo con el [&hellip;]<\/p>\n","protected":false},"author":42,"featured_media":0,"parent":0,"menu_order":0,"comment_status":"closed","ping_status":"closed","template":"template-wide-content.php","meta":{"footnotes":""},"class_list":["post-1948","page","type-page","status-publish","hentry"],"yoast_head":"<!-- This site is optimized with the Yoast SEO plugin v26.9 - https:\/\/yoast.com\/product\/yoast-seo-wordpress\/ -->\n<title>Capacitaci\u00f3n en seguimiento de casos y contactos Covid-19 - Centro de Epidemiolog\u00eda y Pol\u00edticas de Salud<\/title>\n<meta name=\"robots\" content=\"index, follow, max-snippet:-1, max-image-preview:large, max-video-preview:-1\" \/>\n<link rel=\"canonical\" href=\"https:\/\/medicina.udd.cl\/centro-epidemiologia-politicas-salud\/capacitacion-en-seguimiento-de-casos-y-contactos-covid-19\/\" \/>\n<meta property=\"og:locale\" content=\"es_ES\" \/>\n<meta property=\"og:type\" content=\"article\" \/>\n<meta property=\"og:title\" content=\"Capacitaci\u00f3n en seguimiento de casos y contactos Covid-19 - Centro de Epidemiolog\u00eda y Pol\u00edticas de Salud\" \/>\n<meta property=\"og:description\" content=\"El material que se presenta a continuaci\u00f3n entrega lineamientos b\u00e1sicos sobre la investigaci\u00f3n de casos y contactos de COVID 19, y est\u00e1 pensado fundamentalmente para los equipos de atenci\u00f3n primaria de salud. Fue elaborado por el Centro de Epidemiolog\u00eda y Pol\u00edticas de Salud de la Facultad de Medicina de la Universidad del Desarrollo con el [&hellip;]\" \/>\n<meta property=\"og:url\" content=\"https:\/\/medicina.udd.cl\/centro-epidemiologia-politicas-salud\/capacitacion-en-seguimiento-de-casos-y-contactos-covid-19\/\" \/>\n<meta property=\"og:site_name\" content=\"Centro de Epidemiolog\u00eda y Pol\u00edticas de Salud\" \/>\n<meta property=\"article:modified_time\" content=\"2020-07-06T16:00:53+00:00\" \/>\n<meta name=\"twitter:label1\" content=\"Tiempo de lectura\" \/>\n\t<meta name=\"twitter:data1\" content=\"3 minutos\" \/>\n<script type=\"application\/ld+json\" class=\"yoast-schema-graph\">{\"@context\":\"https:\/\/schema.org\",\"@graph\":[{\"@type\":\"WebPage\",\"@id\":\"https:\/\/medicina.udd.cl\/centro-epidemiologia-politicas-salud\/capacitacion-en-seguimiento-de-casos-y-contactos-covid-19\/\",\"url\":\"https:\/\/medicina.udd.cl\/centro-epidemiologia-politicas-salud\/capacitacion-en-seguimiento-de-casos-y-contactos-covid-19\/\",\"name\":\"Capacitaci\u00f3n en seguimiento de casos y contactos Covid-19 - Centro de Epidemiolog\u00eda y Pol\u00edticas de Salud\",\"isPartOf\":{\"@id\":\"https:\/\/medicina.udd.cl\/centro-epidemiologia-politicas-salud\/#website\"},\"datePublished\":\"2020-06-22T23:47:55+00:00\",\"dateModified\":\"2020-07-06T16:00:53+00:00\",\"breadcrumb\":{\"@id\":\"https:\/\/medicina.udd.cl\/centro-epidemiologia-politicas-salud\/capacitacion-en-seguimiento-de-casos-y-contactos-covid-19\/#breadcrumb\"},\"inLanguage\":\"es\",\"potentialAction\":[{\"@type\":\"ReadAction\",\"target\":[\"https:\/\/medicina.udd.cl\/centro-epidemiologia-politicas-salud\/capacitacion-en-seguimiento-de-casos-y-contactos-covid-19\/\"]}]},{\"@type\":\"BreadcrumbList\",\"@id\":\"https:\/\/medicina.udd.cl\/centro-epidemiologia-politicas-salud\/capacitacion-en-seguimiento-de-casos-y-contactos-covid-19\/#breadcrumb\",\"itemListElement\":[{\"@type\":\"ListItem\",\"position\":1,\"name\":\"Inicio\",\"item\":\"https:\/\/medicina.udd.cl\/centro-epidemiologia-politicas-salud\/\"},{\"@type\":\"ListItem\",\"position\":2,\"name\":\"Capacitaci\u00f3n en seguimiento de casos y contactos Covid-19\"}]},{\"@type\":\"WebSite\",\"@id\":\"https:\/\/medicina.udd.cl\/centro-epidemiologia-politicas-salud\/#website\",\"url\":\"https:\/\/medicina.udd.cl\/centro-epidemiologia-politicas-salud\/\",\"name\":\"Centro de Epidemiolog\u00eda y Pol\u00edticas de Salud\",\"description\":\"Otro blog m\u00e1s de Medicina\",\"inLanguage\":\"es\"}]}<\/script>\n<!-- \/ Yoast SEO plugin. -->","yoast_head_json":{"title":"Capacitaci\u00f3n en seguimiento de casos y contactos Covid-19 - Centro de Epidemiolog\u00eda y Pol\u00edticas de Salud","robots":{"index":"index","follow":"follow","max-snippet":"max-snippet:-1","max-image-preview":"max-image-preview:large","max-video-preview":"max-video-preview:-1"},"canonical":"https:\/\/medicina.udd.cl\/centro-epidemiologia-politicas-salud\/capacitacion-en-seguimiento-de-casos-y-contactos-covid-19\/","og_locale":"es_ES","og_type":"article","og_title":"Capacitaci\u00f3n en seguimiento de casos y contactos Covid-19 - Centro de Epidemiolog\u00eda y Pol\u00edticas de Salud","og_description":"El material que se presenta a continuaci\u00f3n entrega lineamientos b\u00e1sicos sobre la investigaci\u00f3n de casos y contactos de COVID 19, y est\u00e1 pensado fundamentalmente para los equipos de atenci\u00f3n primaria de salud. Fue elaborado por el Centro de Epidemiolog\u00eda y Pol\u00edticas de Salud de la Facultad de Medicina de la Universidad del Desarrollo con el [&hellip;]","og_url":"https:\/\/medicina.udd.cl\/centro-epidemiologia-politicas-salud\/capacitacion-en-seguimiento-de-casos-y-contactos-covid-19\/","og_site_name":"Centro de Epidemiolog\u00eda y Pol\u00edticas de Salud","article_modified_time":"2020-07-06T16:00:53+00:00","twitter_misc":{"Tiempo de lectura":"3 minutos"},"schema":{"@context":"https:\/\/schema.org","@graph":[{"@type":"WebPage","@id":"https:\/\/medicina.udd.cl\/centro-epidemiologia-politicas-salud\/capacitacion-en-seguimiento-de-casos-y-contactos-covid-19\/","url":"https:\/\/medicina.udd.cl\/centro-epidemiologia-politicas-salud\/capacitacion-en-seguimiento-de-casos-y-contactos-covid-19\/","name":"Capacitaci\u00f3n en seguimiento de casos y contactos Covid-19 - Centro de Epidemiolog\u00eda y Pol\u00edticas de Salud","isPartOf":{"@id":"https:\/\/medicina.udd.cl\/centro-epidemiologia-politicas-salud\/#website"},"datePublished":"2020-06-22T23:47:55+00:00","dateModified":"2020-07-06T16:00:53+00:00","breadcrumb":{"@id":"https:\/\/medicina.udd.cl\/centro-epidemiologia-politicas-salud\/capacitacion-en-seguimiento-de-casos-y-contactos-covid-19\/#breadcrumb"},"inLanguage":"es","potentialAction":[{"@type":"ReadAction","target":["https:\/\/medicina.udd.cl\/centro-epidemiologia-politicas-salud\/capacitacion-en-seguimiento-de-casos-y-contactos-covid-19\/"]}]},{"@type":"BreadcrumbList","@id":"https:\/\/medicina.udd.cl\/centro-epidemiologia-politicas-salud\/capacitacion-en-seguimiento-de-casos-y-contactos-covid-19\/#breadcrumb","itemListElement":[{"@type":"ListItem","position":1,"name":"Inicio","item":"https:\/\/medicina.udd.cl\/centro-epidemiologia-politicas-salud\/"},{"@type":"ListItem","position":2,"name":"Capacitaci\u00f3n en seguimiento de casos y contactos Covid-19"}]},{"@type":"WebSite","@id":"https:\/\/medicina.udd.cl\/centro-epidemiologia-politicas-salud\/#website","url":"https:\/\/medicina.udd.cl\/centro-epidemiologia-politicas-salud\/","name":"Centro de Epidemiolog\u00eda y Pol\u00edticas de Salud","description":"Otro blog m\u00e1s de Medicina","inLanguage":"es"}]}},"_links":{"self":[{"href":"https:\/\/medicina.udd.cl\/centro-epidemiologia-politicas-salud\/wp-json\/wp\/v2\/pages\/1948","targetHints":{"allow":["GET"]}}],"collection":[{"href":"https:\/\/medicina.udd.cl\/centro-epidemiologia-politicas-salud\/wp-json\/wp\/v2\/pages"}],"about":[{"href":"https:\/\/medicina.udd.cl\/centro-epidemiologia-politicas-salud\/wp-json\/wp\/v2\/types\/page"}],"author":[{"embeddable":true,"href":"https:\/\/medicina.udd.cl\/centro-epidemiologia-politicas-salud\/wp-json\/wp\/v2\/users\/42"}],"replies":[{"embeddable":true,"href":"https:\/\/medicina.udd.cl\/centro-epidemiologia-politicas-salud\/wp-json\/wp\/v2\/comments?post=1948"}],"version-history":[{"count":42,"href":"https:\/\/medicina.udd.cl\/centro-epidemiologia-politicas-salud\/wp-json\/wp\/v2\/pages\/1948\/revisions"}],"predecessor-version":[{"id":2010,"href":"https:\/\/medicina.udd.cl\/centro-epidemiologia-politicas-salud\/wp-json\/wp\/v2\/pages\/1948\/revisions\/2010"}],"wp:attachment":[{"href":"https:\/\/medicina.udd.cl\/centro-epidemiologia-politicas-salud\/wp-json\/wp\/v2\/media?parent=1948"}],"curies":[{"name":"wp","href":"https:\/\/api.w.org\/{rel}","templated":true}]}}