{"id":2372,"date":"2023-01-09T12:14:24","date_gmt":"2023-01-09T15:14:24","guid":{"rendered":"https:\/\/medicina.udd.cl\/centro-epidemiologia-politicas-salud\/?page_id=2372"},"modified":"2023-01-09T12:14:25","modified_gmt":"2023-01-09T15:14:25","slug":"estudio-de-exposicion-a-arsenico-adjudicado-en-concurso-fonis-2022","status":"publish","type":"page","link":"https:\/\/medicina.udd.cl\/centro-epidemiologia-politicas-salud\/estudio-de-exposicion-a-arsenico-adjudicado-en-concurso-fonis-2022\/","title":{"rendered":"Estudio de exposici\u00f3n a ars\u00e9nico adjudicado en Concurso FONIS 2022"},"content":{"rendered":"\n<p>Investigadores del Centro de Epidemiolog\u00eda y Pol\u00edticas de Salud (CEPS) de la Facultad de Medicina Cl\u00ednica Alemana Universidad del Desarrollo en conjunto con La Escuela de Salud P\u00fablica Universidad de Chile, adjudic\u00f3 en XIX Concurso FONIS 2022, el proyecto \u201cExposici\u00f3n a ars\u00e9nico y su asociaci\u00f3n con citoquinas pro-inflamatorias en ni\u00f1os nacidos entre 2013-2016 de la ciudad de Arica\u201d.<\/p>\n\n\n\n<p>El proyecto tiene como objetivo evaluar la asociaci\u00f3n entre la concentraci\u00f3n de ars\u00e9nico inorg\u00e1nico y citoquinas pro-inflamatorias en ni\u00f1os nacidos en Arica entre el 2013-2016. Actualmente, la inflamaci\u00f3n cr\u00f3nica es una de las principales causas de morbilidad y mortalidad que concentra una amplia cantidad de enfermedades de origen inflamatorio. De igual manera el ars\u00e9nico puede inducir una respuesta inflamatoria y en zonas expuestas, estos procesos pueden comenzar desde la etapa prenatal, asoci\u00e1ndose a enfermedades cr\u00f3nicas prematuras en la adultez. El conocer si es posible identificar estos cambios biol\u00f3gicos a medianas o bajas dosis de exposici\u00f3n es un importante aporte a la evidencia.<\/p>\n\n\n\n<p>La investigadora principal Paola Rubilar del Centro de Epidemiolog\u00eda y Pol\u00edticas de Salud, se\u00f1ala que en una primera fase se llamar\u00e1n a las madres que participaron en el estudio \u201cPrevalencia de ars\u00e9nico en gestantes y plomo en reci\u00e9n nacidos del Hospital Dr. Juan No\u00e9, Arica 2013 y 2016\u201d realizado por la Secretar\u00eda Regional Ministerial (SEREMI) de Salud de Arica y Parinacota, con el fin de invitar a su hijo\/a a participar en el estudio.<\/p>\n\n\n\n<p>A partir de este estudio ser\u00e1 posible conocer la trayectoria de la exposici\u00f3n del ni\u00f1o en dos momentos de su vida, la medici\u00f3n tomada a la madre durante el tiempo de gestaci\u00f3n y la tomada actualmente. Por otro lado, se podr\u00e1 identificar la distribuci\u00f3n geogr\u00e1fica de exposici\u00f3n a ars\u00e9nico.<\/p>\n\n\n\n<p>Esperamos que muchas madres est\u00e9n interesadas en participar, la informaci\u00f3n generada ser\u00e1 de utilidad a los tomadores de decisiones para evaluar las medidas que puedan disminuir la exposici\u00f3n en la poblaci\u00f3n.<\/p>\n\n\n\n<p>Para consultas contactar al correo del estudio a Paola Rubilar paolarubilar@udd.cl<\/p>\n","protected":false},"excerpt":{"rendered":"<p>Investigadores del Centro de Epidemiolog\u00eda y Pol\u00edticas de Salud (CEPS) de la Facultad de Medicina Cl\u00ednica Alemana Universidad del Desarrollo en conjunto con La Escuela de Salud P\u00fablica Universidad de Chile, adjudic\u00f3 en XIX Concurso FONIS 2022, el proyecto \u201cExposici\u00f3n a ars\u00e9nico y su asociaci\u00f3n con citoquinas pro-inflamatorias en ni\u00f1os nacidos entre 2013-2016 de la [&hellip;]<\/p>\n","protected":false},"author":9192194,"featured_media":0,"parent":0,"menu_order":0,"comment_status":"closed","ping_status":"closed","template":"","meta":{"footnotes":""},"class_list":["post-2372","page","type-page","status-publish","hentry"],"yoast_head":"<!-- This site is optimized with the Yoast SEO plugin v26.9 - https:\/\/yoast.com\/product\/yoast-seo-wordpress\/ -->\n<title>Estudio de exposici\u00f3n a ars\u00e9nico adjudicado en Concurso FONIS 2022 - Centro de Epidemiolog\u00eda y Pol\u00edticas de Salud<\/title>\n<meta name=\"robots\" content=\"index, follow, max-snippet:-1, max-image-preview:large, max-video-preview:-1\" \/>\n<link rel=\"canonical\" href=\"https:\/\/medicina.udd.cl\/centro-epidemiologia-politicas-salud\/estudio-de-exposicion-a-arsenico-adjudicado-en-concurso-fonis-2022\/\" \/>\n<meta property=\"og:locale\" content=\"es_ES\" \/>\n<meta property=\"og:type\" content=\"article\" \/>\n<meta property=\"og:title\" content=\"Estudio de exposici\u00f3n a ars\u00e9nico adjudicado en Concurso FONIS 2022 - Centro de Epidemiolog\u00eda y Pol\u00edticas de Salud\" \/>\n<meta property=\"og:description\" content=\"Investigadores del Centro de Epidemiolog\u00eda y Pol\u00edticas de Salud (CEPS) de la Facultad de Medicina Cl\u00ednica Alemana Universidad del Desarrollo en conjunto con La Escuela de Salud P\u00fablica Universidad de Chile, adjudic\u00f3 en XIX Concurso FONIS 2022, el proyecto \u201cExposici\u00f3n a ars\u00e9nico y su asociaci\u00f3n con citoquinas pro-inflamatorias en ni\u00f1os nacidos entre 2013-2016 de la [&hellip;]\" \/>\n<meta property=\"og:url\" content=\"https:\/\/medicina.udd.cl\/centro-epidemiologia-politicas-salud\/estudio-de-exposicion-a-arsenico-adjudicado-en-concurso-fonis-2022\/\" \/>\n<meta property=\"og:site_name\" content=\"Centro de Epidemiolog\u00eda y Pol\u00edticas de Salud\" \/>\n<meta property=\"article:modified_time\" content=\"2023-01-09T15:14:25+00:00\" \/>\n<meta name=\"twitter:label1\" content=\"Tiempo de lectura\" \/>\n\t<meta name=\"twitter:data1\" content=\"2 minutos\" \/>\n<script type=\"application\/ld+json\" class=\"yoast-schema-graph\">{\"@context\":\"https:\/\/schema.org\",\"@graph\":[{\"@type\":\"WebPage\",\"@id\":\"https:\/\/medicina.udd.cl\/centro-epidemiologia-politicas-salud\/estudio-de-exposicion-a-arsenico-adjudicado-en-concurso-fonis-2022\/\",\"url\":\"https:\/\/medicina.udd.cl\/centro-epidemiologia-politicas-salud\/estudio-de-exposicion-a-arsenico-adjudicado-en-concurso-fonis-2022\/\",\"name\":\"Estudio de exposici\u00f3n a ars\u00e9nico adjudicado en Concurso FONIS 2022 - Centro de Epidemiolog\u00eda y Pol\u00edticas de Salud\",\"isPartOf\":{\"@id\":\"https:\/\/medicina.udd.cl\/centro-epidemiologia-politicas-salud\/#website\"},\"datePublished\":\"2023-01-09T15:14:24+00:00\",\"dateModified\":\"2023-01-09T15:14:25+00:00\",\"breadcrumb\":{\"@id\":\"https:\/\/medicina.udd.cl\/centro-epidemiologia-politicas-salud\/estudio-de-exposicion-a-arsenico-adjudicado-en-concurso-fonis-2022\/#breadcrumb\"},\"inLanguage\":\"es\",\"potentialAction\":[{\"@type\":\"ReadAction\",\"target\":[\"https:\/\/medicina.udd.cl\/centro-epidemiologia-politicas-salud\/estudio-de-exposicion-a-arsenico-adjudicado-en-concurso-fonis-2022\/\"]}]},{\"@type\":\"BreadcrumbList\",\"@id\":\"https:\/\/medicina.udd.cl\/centro-epidemiologia-politicas-salud\/estudio-de-exposicion-a-arsenico-adjudicado-en-concurso-fonis-2022\/#breadcrumb\",\"itemListElement\":[{\"@type\":\"ListItem\",\"position\":1,\"name\":\"Inicio\",\"item\":\"https:\/\/medicina.udd.cl\/centro-epidemiologia-politicas-salud\/\"},{\"@type\":\"ListItem\",\"position\":2,\"name\":\"Estudio de exposici\u00f3n a ars\u00e9nico adjudicado en Concurso FONIS 2022\"}]},{\"@type\":\"WebSite\",\"@id\":\"https:\/\/medicina.udd.cl\/centro-epidemiologia-politicas-salud\/#website\",\"url\":\"https:\/\/medicina.udd.cl\/centro-epidemiologia-politicas-salud\/\",\"name\":\"Centro de Epidemiolog\u00eda y Pol\u00edticas de Salud\",\"description\":\"Otro blog m\u00e1s de Medicina\",\"inLanguage\":\"es\"}]}<\/script>\n<!-- \/ Yoast SEO plugin. -->","yoast_head_json":{"title":"Estudio de exposici\u00f3n a ars\u00e9nico adjudicado en Concurso FONIS 2022 - Centro de Epidemiolog\u00eda y Pol\u00edticas de Salud","robots":{"index":"index","follow":"follow","max-snippet":"max-snippet:-1","max-image-preview":"max-image-preview:large","max-video-preview":"max-video-preview:-1"},"canonical":"https:\/\/medicina.udd.cl\/centro-epidemiologia-politicas-salud\/estudio-de-exposicion-a-arsenico-adjudicado-en-concurso-fonis-2022\/","og_locale":"es_ES","og_type":"article","og_title":"Estudio de exposici\u00f3n a ars\u00e9nico adjudicado en Concurso FONIS 2022 - Centro de Epidemiolog\u00eda y Pol\u00edticas de Salud","og_description":"Investigadores del Centro de Epidemiolog\u00eda y Pol\u00edticas de Salud (CEPS) de la Facultad de Medicina Cl\u00ednica Alemana Universidad del Desarrollo en conjunto con La Escuela de Salud P\u00fablica Universidad de Chile, adjudic\u00f3 en XIX Concurso FONIS 2022, el proyecto \u201cExposici\u00f3n a ars\u00e9nico y su asociaci\u00f3n con citoquinas pro-inflamatorias en ni\u00f1os nacidos entre 2013-2016 de la [&hellip;]","og_url":"https:\/\/medicina.udd.cl\/centro-epidemiologia-politicas-salud\/estudio-de-exposicion-a-arsenico-adjudicado-en-concurso-fonis-2022\/","og_site_name":"Centro de Epidemiolog\u00eda y Pol\u00edticas de Salud","article_modified_time":"2023-01-09T15:14:25+00:00","twitter_misc":{"Tiempo de lectura":"2 minutos"},"schema":{"@context":"https:\/\/schema.org","@graph":[{"@type":"WebPage","@id":"https:\/\/medicina.udd.cl\/centro-epidemiologia-politicas-salud\/estudio-de-exposicion-a-arsenico-adjudicado-en-concurso-fonis-2022\/","url":"https:\/\/medicina.udd.cl\/centro-epidemiologia-politicas-salud\/estudio-de-exposicion-a-arsenico-adjudicado-en-concurso-fonis-2022\/","name":"Estudio de exposici\u00f3n a ars\u00e9nico adjudicado en Concurso FONIS 2022 - Centro de Epidemiolog\u00eda y Pol\u00edticas de Salud","isPartOf":{"@id":"https:\/\/medicina.udd.cl\/centro-epidemiologia-politicas-salud\/#website"},"datePublished":"2023-01-09T15:14:24+00:00","dateModified":"2023-01-09T15:14:25+00:00","breadcrumb":{"@id":"https:\/\/medicina.udd.cl\/centro-epidemiologia-politicas-salud\/estudio-de-exposicion-a-arsenico-adjudicado-en-concurso-fonis-2022\/#breadcrumb"},"inLanguage":"es","potentialAction":[{"@type":"ReadAction","target":["https:\/\/medicina.udd.cl\/centro-epidemiologia-politicas-salud\/estudio-de-exposicion-a-arsenico-adjudicado-en-concurso-fonis-2022\/"]}]},{"@type":"BreadcrumbList","@id":"https:\/\/medicina.udd.cl\/centro-epidemiologia-politicas-salud\/estudio-de-exposicion-a-arsenico-adjudicado-en-concurso-fonis-2022\/#breadcrumb","itemListElement":[{"@type":"ListItem","position":1,"name":"Inicio","item":"https:\/\/medicina.udd.cl\/centro-epidemiologia-politicas-salud\/"},{"@type":"ListItem","position":2,"name":"Estudio de exposici\u00f3n a ars\u00e9nico adjudicado en Concurso FONIS 2022"}]},{"@type":"WebSite","@id":"https:\/\/medicina.udd.cl\/centro-epidemiologia-politicas-salud\/#website","url":"https:\/\/medicina.udd.cl\/centro-epidemiologia-politicas-salud\/","name":"Centro de Epidemiolog\u00eda y Pol\u00edticas de Salud","description":"Otro blog m\u00e1s de Medicina","inLanguage":"es"}]}},"_links":{"self":[{"href":"https:\/\/medicina.udd.cl\/centro-epidemiologia-politicas-salud\/wp-json\/wp\/v2\/pages\/2372","targetHints":{"allow":["GET"]}}],"collection":[{"href":"https:\/\/medicina.udd.cl\/centro-epidemiologia-politicas-salud\/wp-json\/wp\/v2\/pages"}],"about":[{"href":"https:\/\/medicina.udd.cl\/centro-epidemiologia-politicas-salud\/wp-json\/wp\/v2\/types\/page"}],"author":[{"embeddable":true,"href":"https:\/\/medicina.udd.cl\/centro-epidemiologia-politicas-salud\/wp-json\/wp\/v2\/users\/9192194"}],"replies":[{"embeddable":true,"href":"https:\/\/medicina.udd.cl\/centro-epidemiologia-politicas-salud\/wp-json\/wp\/v2\/comments?post=2372"}],"version-history":[{"count":1,"href":"https:\/\/medicina.udd.cl\/centro-epidemiologia-politicas-salud\/wp-json\/wp\/v2\/pages\/2372\/revisions"}],"predecessor-version":[{"id":2373,"href":"https:\/\/medicina.udd.cl\/centro-epidemiologia-politicas-salud\/wp-json\/wp\/v2\/pages\/2372\/revisions\/2373"}],"wp:attachment":[{"href":"https:\/\/medicina.udd.cl\/centro-epidemiologia-politicas-salud\/wp-json\/wp\/v2\/media?parent=2372"}],"curies":[{"name":"wp","href":"https:\/\/api.w.org\/{rel}","templated":true}]}}