{"id":25,"date":"2010-05-28T14:41:08","date_gmt":"2010-05-28T18:41:08","guid":{"rendered":"http:\/\/medicina.udd.cl\/centro-epidemiologia-politicas-salud\/informacion\/objetivos\/"},"modified":"2013-08-23T10:44:12","modified_gmt":"2013-08-23T14:44:12","slug":"objetivos","status":"publish","type":"page","link":"https:\/\/medicina.udd.cl\/centro-epidemiologia-politicas-salud\/sobre-el-centro\/objetivos\/","title":{"rendered":"Objetivos"},"content":{"rendered":"<ul>\n<li>Estudiar, analizar y elaborar propuestas para enfrentar los desaf\u00edos de mejorar y mantener el estado de salud de la poblaci\u00f3n chilena, identificando las pol\u00edticas e intervenciones que podr\u00edan maximizar los beneficios y en el largo plazo, tener un impacto positivo en la mejora del sistema de salud.<\/li>\n<\/ul>\n<ul>\n<li>Desarrollar l\u00edneas de investigaci\u00f3n de excelencia en el dise\u00f1o, an\u00e1lisis y aplicaci\u00f3n de pol\u00edticas y programas de salud p\u00fablica, y vigilancia epidemiol\u00f3gica.<\/li>\n<\/ul>\n<ul>\n<li>Desarrollar actividades en torno a las \u00e1reas de estudio de servicios de salud, pol\u00edticas y programas de salud, con equipos de trabajo multiprofesionales, incluyendo la salud p\u00fablica y la epidemiolog\u00eda, la bioestad\u00edstica, las ciencias econ\u00f3micas y las ciencias sociales, la bio\u00e9tica, la sociolog\u00eda y la antropolog\u00eda, la psicolog\u00eda, la comunicaci\u00f3n social y el periodismo.<\/li>\n<\/ul>\n<ul>\n<li>Realizar docencia de Pregrado y Postgrado.<\/li>\n<\/ul>\n<ul>\n<li>Dise\u00f1ar planes de estudios para pregrado y postgrado, buscando una mejor comprensi\u00f3n de las contribuciones de los factores no m\u00e9dicos y no biol\u00f3gicos a la salud, a la enfermedad, y a la rehabilitaci\u00f3n.<\/li>\n<\/ul>\n","protected":false},"excerpt":{"rendered":"<p>Conoce nuestros objetivos al interior de la Facultad de Medicina.<\/p>\n","protected":false},"author":1,"featured_media":0,"parent":7,"menu_order":0,"comment_status":"open","ping_status":"open","template":"","meta":{"footnotes":""},"class_list":["post-25","page","type-page","status-publish","hentry"],"yoast_head":"<!-- This site is optimized with the Yoast SEO plugin v26.9 - https:\/\/yoast.com\/product\/yoast-seo-wordpress\/ -->\n<title>Objetivos - Centro de Epidemiolog\u00eda y Pol\u00edticas de Salud<\/title>\n<meta name=\"robots\" content=\"index, follow, max-snippet:-1, max-image-preview:large, max-video-preview:-1\" \/>\n<link rel=\"canonical\" href=\"https:\/\/medicina.udd.cl\/centro-epidemiologia-politicas-salud\/sobre-el-centro\/objetivos\/\" \/>\n<meta property=\"og:locale\" content=\"es_ES\" \/>\n<meta property=\"og:type\" content=\"article\" \/>\n<meta property=\"og:title\" content=\"Objetivos - Centro de Epidemiolog\u00eda y Pol\u00edticas de Salud\" \/>\n<meta property=\"og:description\" content=\"Conoce nuestros objetivos al interior de la Facultad de Medicina.\" \/>\n<meta property=\"og:url\" content=\"https:\/\/medicina.udd.cl\/centro-epidemiologia-politicas-salud\/sobre-el-centro\/objetivos\/\" \/>\n<meta property=\"og:site_name\" content=\"Centro de Epidemiolog\u00eda y Pol\u00edticas de Salud\" \/>\n<meta property=\"article:modified_time\" content=\"2013-08-23T14:44:12+00:00\" \/>\n<meta name=\"twitter:label1\" content=\"Tiempo de lectura\" \/>\n\t<meta name=\"twitter:data1\" content=\"1 minuto\" \/>\n<script type=\"application\/ld+json\" class=\"yoast-schema-graph\">{\"@context\":\"https:\/\/schema.org\",\"@graph\":[{\"@type\":\"WebPage\",\"@id\":\"https:\/\/medicina.udd.cl\/centro-epidemiologia-politicas-salud\/sobre-el-centro\/objetivos\/\",\"url\":\"https:\/\/medicina.udd.cl\/centro-epidemiologia-politicas-salud\/sobre-el-centro\/objetivos\/\",\"name\":\"Objetivos - Centro de Epidemiolog\u00eda y Pol\u00edticas de Salud\",\"isPartOf\":{\"@id\":\"https:\/\/medicina.udd.cl\/centro-epidemiologia-politicas-salud\/#website\"},\"datePublished\":\"2010-05-28T18:41:08+00:00\",\"dateModified\":\"2013-08-23T14:44:12+00:00\",\"breadcrumb\":{\"@id\":\"https:\/\/medicina.udd.cl\/centro-epidemiologia-politicas-salud\/sobre-el-centro\/objetivos\/#breadcrumb\"},\"inLanguage\":\"es\",\"potentialAction\":[{\"@type\":\"ReadAction\",\"target\":[\"https:\/\/medicina.udd.cl\/centro-epidemiologia-politicas-salud\/sobre-el-centro\/objetivos\/\"]}]},{\"@type\":\"BreadcrumbList\",\"@id\":\"https:\/\/medicina.udd.cl\/centro-epidemiologia-politicas-salud\/sobre-el-centro\/objetivos\/#breadcrumb\",\"itemListElement\":[{\"@type\":\"ListItem\",\"position\":1,\"name\":\"Inicio\",\"item\":\"https:\/\/medicina.udd.cl\/centro-epidemiologia-politicas-salud\/\"},{\"@type\":\"ListItem\",\"position\":2,\"name\":\"Sobre el Centro\",\"item\":\"https:\/\/medicina.udd.cl\/centro-epidemiologia-politicas-salud\/sobre-el-centro\/\"},{\"@type\":\"ListItem\",\"position\":3,\"name\":\"Objetivos\"}]},{\"@type\":\"WebSite\",\"@id\":\"https:\/\/medicina.udd.cl\/centro-epidemiologia-politicas-salud\/#website\",\"url\":\"https:\/\/medicina.udd.cl\/centro-epidemiologia-politicas-salud\/\",\"name\":\"Centro de Epidemiolog\u00eda y Pol\u00edticas de Salud\",\"description\":\"Otro blog m\u00e1s de Medicina\",\"inLanguage\":\"es\"}]}<\/script>\n<!-- \/ Yoast SEO plugin. -->","yoast_head_json":{"title":"Objetivos - Centro de Epidemiolog\u00eda y Pol\u00edticas de Salud","robots":{"index":"index","follow":"follow","max-snippet":"max-snippet:-1","max-image-preview":"max-image-preview:large","max-video-preview":"max-video-preview:-1"},"canonical":"https:\/\/medicina.udd.cl\/centro-epidemiologia-politicas-salud\/sobre-el-centro\/objetivos\/","og_locale":"es_ES","og_type":"article","og_title":"Objetivos - Centro de Epidemiolog\u00eda y Pol\u00edticas de Salud","og_description":"Conoce nuestros objetivos al interior de la Facultad de Medicina.","og_url":"https:\/\/medicina.udd.cl\/centro-epidemiologia-politicas-salud\/sobre-el-centro\/objetivos\/","og_site_name":"Centro de Epidemiolog\u00eda y Pol\u00edticas de Salud","article_modified_time":"2013-08-23T14:44:12+00:00","twitter_misc":{"Tiempo de lectura":"1 minuto"},"schema":{"@context":"https:\/\/schema.org","@graph":[{"@type":"WebPage","@id":"https:\/\/medicina.udd.cl\/centro-epidemiologia-politicas-salud\/sobre-el-centro\/objetivos\/","url":"https:\/\/medicina.udd.cl\/centro-epidemiologia-politicas-salud\/sobre-el-centro\/objetivos\/","name":"Objetivos - Centro de Epidemiolog\u00eda y Pol\u00edticas de Salud","isPartOf":{"@id":"https:\/\/medicina.udd.cl\/centro-epidemiologia-politicas-salud\/#website"},"datePublished":"2010-05-28T18:41:08+00:00","dateModified":"2013-08-23T14:44:12+00:00","breadcrumb":{"@id":"https:\/\/medicina.udd.cl\/centro-epidemiologia-politicas-salud\/sobre-el-centro\/objetivos\/#breadcrumb"},"inLanguage":"es","potentialAction":[{"@type":"ReadAction","target":["https:\/\/medicina.udd.cl\/centro-epidemiologia-politicas-salud\/sobre-el-centro\/objetivos\/"]}]},{"@type":"BreadcrumbList","@id":"https:\/\/medicina.udd.cl\/centro-epidemiologia-politicas-salud\/sobre-el-centro\/objetivos\/#breadcrumb","itemListElement":[{"@type":"ListItem","position":1,"name":"Inicio","item":"https:\/\/medicina.udd.cl\/centro-epidemiologia-politicas-salud\/"},{"@type":"ListItem","position":2,"name":"Sobre el Centro","item":"https:\/\/medicina.udd.cl\/centro-epidemiologia-politicas-salud\/sobre-el-centro\/"},{"@type":"ListItem","position":3,"name":"Objetivos"}]},{"@type":"WebSite","@id":"https:\/\/medicina.udd.cl\/centro-epidemiologia-politicas-salud\/#website","url":"https:\/\/medicina.udd.cl\/centro-epidemiologia-politicas-salud\/","name":"Centro de Epidemiolog\u00eda y Pol\u00edticas de Salud","description":"Otro blog m\u00e1s de Medicina","inLanguage":"es"}]}},"_links":{"self":[{"href":"https:\/\/medicina.udd.cl\/centro-epidemiologia-politicas-salud\/wp-json\/wp\/v2\/pages\/25","targetHints":{"allow":["GET"]}}],"collection":[{"href":"https:\/\/medicina.udd.cl\/centro-epidemiologia-politicas-salud\/wp-json\/wp\/v2\/pages"}],"about":[{"href":"https:\/\/medicina.udd.cl\/centro-epidemiologia-politicas-salud\/wp-json\/wp\/v2\/types\/page"}],"author":[{"embeddable":true,"href":"https:\/\/medicina.udd.cl\/centro-epidemiologia-politicas-salud\/wp-json\/wp\/v2\/users\/1"}],"replies":[{"embeddable":true,"href":"https:\/\/medicina.udd.cl\/centro-epidemiologia-politicas-salud\/wp-json\/wp\/v2\/comments?post=25"}],"version-history":[{"count":5,"href":"https:\/\/medicina.udd.cl\/centro-epidemiologia-politicas-salud\/wp-json\/wp\/v2\/pages\/25\/revisions"}],"predecessor-version":[{"id":766,"href":"https:\/\/medicina.udd.cl\/centro-epidemiologia-politicas-salud\/wp-json\/wp\/v2\/pages\/25\/revisions\/766"}],"up":[{"embeddable":true,"href":"https:\/\/medicina.udd.cl\/centro-epidemiologia-politicas-salud\/wp-json\/wp\/v2\/pages\/7"}],"wp:attachment":[{"href":"https:\/\/medicina.udd.cl\/centro-epidemiologia-politicas-salud\/wp-json\/wp\/v2\/media?parent=25"}],"curies":[{"name":"wp","href":"https:\/\/api.w.org\/{rel}","templated":true}]}}