{"id":298,"date":"2012-06-26T16:21:33","date_gmt":"2012-06-26T20:21:33","guid":{"rendered":"http:\/\/medicina.udd.cl\/centro-epidemiologia-politicas-salud\/"},"modified":"2012-06-26T16:31:42","modified_gmt":"2012-06-26T20:31:42","slug":"descripcion","status":"publish","type":"page","link":"https:\/\/medicina.udd.cl\/centro-epidemiologia-politicas-salud\/descripcion\/","title":{"rendered":"Descripci\u00f3n"},"content":{"rendered":"<p style=\"text-align: justify;\"><a href=\"http:\/\/medicina.udd.cl\/centro-epidemiologia-politicas-salud\/files\/2012\/06\/DSC_0063.jpg\"><img loading=\"lazy\" decoding=\"async\" class=\"alignright size-medium wp-image-300\" title=\"Chilo\u00e9\" src=\"http:\/\/medicina.udd.cl\/centro-epidemiologia-politicas-salud\/files\/2012\/06\/DSC_0063-300x200.jpg\" alt=\"\" width=\"300\" height=\"200\" \/><\/a>El Centro de Epidemiolog\u00eda y Pol\u00edticas de Salud (CEPS) de la Facultad de Medicina Cl\u00ednica Alemana Universidad del Desarrollo, implement\u00f3 -en el marco del llamado a licitaci\u00f3n realizado por la Ilustre Municipalidad de Quell\u00f3n- el <strong>Diplomado de Salud Familiar Comunitaria para Profesionales de Atenci\u00f3n Primaria de Salud<\/strong> <strong>Programa de Formaci\u00f3n \u2013 Acci\u00f3n <\/strong>el a\u00f1o 2011.<\/p>\n<p style=\"text-align: justify;\"><strong> <\/strong><\/p>\n<p style=\"text-align: justify;\">Un antecedente relevante para este diplomado fue el trabajo realizado previamente en la regi\u00f3n a trav\u00e9s del <strong>\u201cDiplomado de Gesti\u00f3n de Excelencia al Servicio de Salud de Chilo\u00e9\u201d, <\/strong>realizado el a\u00f1o 2010-2011 en conjunto con la Facultad de Gobierno de la UDD, tambi\u00e9n en el marco de una licitaci\u00f3n p\u00fablica.<strong> <\/strong><\/p>\n<p style=\"text-align: justify;\">En este programa se privilegi\u00f3 el desarrollo de una cultura de gesti\u00f3n interdisciplinaria, en red y basada en la experiencia del trabajo diario de los equipos de salud, reforzando la integraci\u00f3n de todas las instancias de la red asistencial de salud, incluyendo la red comunitaria, la red institucional de salud, especialmente las postas de salud rural.<\/p>\n<p style=\"text-align: justify;\">La finalidad del programa fue otorgar herramientas a los profesionales participantes para que contribuyan a la generaci\u00f3n de redes sociales de apoyo, (comunitarias, familiares e institucionales) que informan, organizan y promueven el acceso a salud oportuna para los habitantes de cada comuna y localidad.<\/p>\n","protected":false},"excerpt":{"rendered":"<p>El Centro de Epidemiolog\u00eda y Pol\u00edticas de Salud (CEPS) de la Facultad de Medicina Cl\u00ednica Alemana Universidad del Desarrollo, implement\u00f3 -en el marco del llamado a licitaci\u00f3n realizado por la Ilustre Municipalidad de Quell\u00f3n- el Diplomado de Salud Familiar Comunitaria para Profesionales de Atenci\u00f3n Primaria de Salud Programa de Formaci\u00f3n \u2013 Acci\u00f3n el a\u00f1o 2011. [&hellip;]<\/p>\n","protected":false},"author":1,"featured_media":0,"parent":0,"menu_order":0,"comment_status":"open","ping_status":"open","template":"wide-default.php","meta":{"footnotes":""},"class_list":["post-298","page","type-page","status-publish","hentry"],"yoast_head":"<!-- This site is optimized with the Yoast SEO plugin v26.9 - https:\/\/yoast.com\/product\/yoast-seo-wordpress\/ -->\n<title>Descripci\u00f3n - Centro de Epidemiolog\u00eda y Pol\u00edticas de Salud<\/title>\n<meta name=\"robots\" content=\"index, follow, max-snippet:-1, max-image-preview:large, max-video-preview:-1\" \/>\n<link rel=\"canonical\" href=\"https:\/\/medicina.udd.cl\/centro-epidemiologia-politicas-salud\/descripcion\/\" \/>\n<meta property=\"og:locale\" content=\"es_ES\" \/>\n<meta property=\"og:type\" content=\"article\" \/>\n<meta property=\"og:title\" content=\"Descripci\u00f3n - Centro de Epidemiolog\u00eda y Pol\u00edticas de Salud\" \/>\n<meta property=\"og:description\" content=\"El Centro de Epidemiolog\u00eda y Pol\u00edticas de Salud (CEPS) de la Facultad de Medicina Cl\u00ednica Alemana Universidad del Desarrollo, implement\u00f3 -en el marco del llamado a licitaci\u00f3n realizado por la Ilustre Municipalidad de Quell\u00f3n- el Diplomado de Salud Familiar Comunitaria para Profesionales de Atenci\u00f3n Primaria de Salud Programa de Formaci\u00f3n \u2013 Acci\u00f3n el a\u00f1o 2011. [&hellip;]\" \/>\n<meta property=\"og:url\" content=\"https:\/\/medicina.udd.cl\/centro-epidemiologia-politicas-salud\/descripcion\/\" \/>\n<meta property=\"og:site_name\" content=\"Centro de Epidemiolog\u00eda y Pol\u00edticas de Salud\" \/>\n<meta property=\"article:modified_time\" content=\"2012-06-26T20:31:42+00:00\" \/>\n<meta property=\"og:image\" content=\"http:\/\/medicina.udd.cl\/centro-epidemiologia-politicas-salud\/files\/2012\/06\/DSC_0063-300x200.jpg\" \/>\n<meta name=\"twitter:label1\" content=\"Tiempo de lectura\" \/>\n\t<meta name=\"twitter:data1\" content=\"1 minuto\" \/>\n<script type=\"application\/ld+json\" class=\"yoast-schema-graph\">{\"@context\":\"https:\/\/schema.org\",\"@graph\":[{\"@type\":\"WebPage\",\"@id\":\"https:\/\/medicina.udd.cl\/centro-epidemiologia-politicas-salud\/descripcion\/\",\"url\":\"https:\/\/medicina.udd.cl\/centro-epidemiologia-politicas-salud\/descripcion\/\",\"name\":\"Descripci\u00f3n - Centro de Epidemiolog\u00eda y Pol\u00edticas de Salud\",\"isPartOf\":{\"@id\":\"https:\/\/medicina.udd.cl\/centro-epidemiologia-politicas-salud\/#website\"},\"primaryImageOfPage\":{\"@id\":\"https:\/\/medicina.udd.cl\/centro-epidemiologia-politicas-salud\/descripcion\/#primaryimage\"},\"image\":{\"@id\":\"https:\/\/medicina.udd.cl\/centro-epidemiologia-politicas-salud\/descripcion\/#primaryimage\"},\"thumbnailUrl\":\"http:\/\/medicina.udd.cl\/centro-epidemiologia-politicas-salud\/files\/2012\/06\/DSC_0063-300x200.jpg\",\"datePublished\":\"2012-06-26T20:21:33+00:00\",\"dateModified\":\"2012-06-26T20:31:42+00:00\",\"breadcrumb\":{\"@id\":\"https:\/\/medicina.udd.cl\/centro-epidemiologia-politicas-salud\/descripcion\/#breadcrumb\"},\"inLanguage\":\"es\",\"potentialAction\":[{\"@type\":\"ReadAction\",\"target\":[\"https:\/\/medicina.udd.cl\/centro-epidemiologia-politicas-salud\/descripcion\/\"]}]},{\"@type\":\"ImageObject\",\"inLanguage\":\"es\",\"@id\":\"https:\/\/medicina.udd.cl\/centro-epidemiologia-politicas-salud\/descripcion\/#primaryimage\",\"url\":\"http:\/\/medicina.udd.cl\/centro-epidemiologia-politicas-salud\/files\/2012\/06\/DSC_0063-300x200.jpg\",\"contentUrl\":\"http:\/\/medicina.udd.cl\/centro-epidemiologia-politicas-salud\/files\/2012\/06\/DSC_0063-300x200.jpg\"},{\"@type\":\"BreadcrumbList\",\"@id\":\"https:\/\/medicina.udd.cl\/centro-epidemiologia-politicas-salud\/descripcion\/#breadcrumb\",\"itemListElement\":[{\"@type\":\"ListItem\",\"position\":1,\"name\":\"Inicio\",\"item\":\"https:\/\/medicina.udd.cl\/centro-epidemiologia-politicas-salud\/\"},{\"@type\":\"ListItem\",\"position\":2,\"name\":\"Descripci\u00f3n\"}]},{\"@type\":\"WebSite\",\"@id\":\"https:\/\/medicina.udd.cl\/centro-epidemiologia-politicas-salud\/#website\",\"url\":\"https:\/\/medicina.udd.cl\/centro-epidemiologia-politicas-salud\/\",\"name\":\"Centro de Epidemiolog\u00eda y Pol\u00edticas de Salud\",\"description\":\"Otro blog m\u00e1s de Medicina\",\"inLanguage\":\"es\"}]}<\/script>\n<!-- \/ Yoast SEO plugin. -->","yoast_head_json":{"title":"Descripci\u00f3n - Centro de Epidemiolog\u00eda y Pol\u00edticas de Salud","robots":{"index":"index","follow":"follow","max-snippet":"max-snippet:-1","max-image-preview":"max-image-preview:large","max-video-preview":"max-video-preview:-1"},"canonical":"https:\/\/medicina.udd.cl\/centro-epidemiologia-politicas-salud\/descripcion\/","og_locale":"es_ES","og_type":"article","og_title":"Descripci\u00f3n - Centro de Epidemiolog\u00eda y Pol\u00edticas de Salud","og_description":"El Centro de Epidemiolog\u00eda y Pol\u00edticas de Salud (CEPS) de la Facultad de Medicina Cl\u00ednica Alemana Universidad del Desarrollo, implement\u00f3 -en el marco del llamado a licitaci\u00f3n realizado por la Ilustre Municipalidad de Quell\u00f3n- el Diplomado de Salud Familiar Comunitaria para Profesionales de Atenci\u00f3n Primaria de Salud Programa de Formaci\u00f3n \u2013 Acci\u00f3n el a\u00f1o 2011. [&hellip;]","og_url":"https:\/\/medicina.udd.cl\/centro-epidemiologia-politicas-salud\/descripcion\/","og_site_name":"Centro de Epidemiolog\u00eda y Pol\u00edticas de Salud","article_modified_time":"2012-06-26T20:31:42+00:00","og_image":[{"url":"http:\/\/medicina.udd.cl\/centro-epidemiologia-politicas-salud\/files\/2012\/06\/DSC_0063-300x200.jpg","type":"","width":"","height":""}],"twitter_misc":{"Tiempo de lectura":"1 minuto"},"schema":{"@context":"https:\/\/schema.org","@graph":[{"@type":"WebPage","@id":"https:\/\/medicina.udd.cl\/centro-epidemiologia-politicas-salud\/descripcion\/","url":"https:\/\/medicina.udd.cl\/centro-epidemiologia-politicas-salud\/descripcion\/","name":"Descripci\u00f3n - Centro de Epidemiolog\u00eda y Pol\u00edticas de Salud","isPartOf":{"@id":"https:\/\/medicina.udd.cl\/centro-epidemiologia-politicas-salud\/#website"},"primaryImageOfPage":{"@id":"https:\/\/medicina.udd.cl\/centro-epidemiologia-politicas-salud\/descripcion\/#primaryimage"},"image":{"@id":"https:\/\/medicina.udd.cl\/centro-epidemiologia-politicas-salud\/descripcion\/#primaryimage"},"thumbnailUrl":"http:\/\/medicina.udd.cl\/centro-epidemiologia-politicas-salud\/files\/2012\/06\/DSC_0063-300x200.jpg","datePublished":"2012-06-26T20:21:33+00:00","dateModified":"2012-06-26T20:31:42+00:00","breadcrumb":{"@id":"https:\/\/medicina.udd.cl\/centro-epidemiologia-politicas-salud\/descripcion\/#breadcrumb"},"inLanguage":"es","potentialAction":[{"@type":"ReadAction","target":["https:\/\/medicina.udd.cl\/centro-epidemiologia-politicas-salud\/descripcion\/"]}]},{"@type":"ImageObject","inLanguage":"es","@id":"https:\/\/medicina.udd.cl\/centro-epidemiologia-politicas-salud\/descripcion\/#primaryimage","url":"http:\/\/medicina.udd.cl\/centro-epidemiologia-politicas-salud\/files\/2012\/06\/DSC_0063-300x200.jpg","contentUrl":"http:\/\/medicina.udd.cl\/centro-epidemiologia-politicas-salud\/files\/2012\/06\/DSC_0063-300x200.jpg"},{"@type":"BreadcrumbList","@id":"https:\/\/medicina.udd.cl\/centro-epidemiologia-politicas-salud\/descripcion\/#breadcrumb","itemListElement":[{"@type":"ListItem","position":1,"name":"Inicio","item":"https:\/\/medicina.udd.cl\/centro-epidemiologia-politicas-salud\/"},{"@type":"ListItem","position":2,"name":"Descripci\u00f3n"}]},{"@type":"WebSite","@id":"https:\/\/medicina.udd.cl\/centro-epidemiologia-politicas-salud\/#website","url":"https:\/\/medicina.udd.cl\/centro-epidemiologia-politicas-salud\/","name":"Centro de Epidemiolog\u00eda y Pol\u00edticas de Salud","description":"Otro blog m\u00e1s de Medicina","inLanguage":"es"}]}},"_links":{"self":[{"href":"https:\/\/medicina.udd.cl\/centro-epidemiologia-politicas-salud\/wp-json\/wp\/v2\/pages\/298","targetHints":{"allow":["GET"]}}],"collection":[{"href":"https:\/\/medicina.udd.cl\/centro-epidemiologia-politicas-salud\/wp-json\/wp\/v2\/pages"}],"about":[{"href":"https:\/\/medicina.udd.cl\/centro-epidemiologia-politicas-salud\/wp-json\/wp\/v2\/types\/page"}],"author":[{"embeddable":true,"href":"https:\/\/medicina.udd.cl\/centro-epidemiologia-politicas-salud\/wp-json\/wp\/v2\/users\/1"}],"replies":[{"embeddable":true,"href":"https:\/\/medicina.udd.cl\/centro-epidemiologia-politicas-salud\/wp-json\/wp\/v2\/comments?post=298"}],"version-history":[{"count":2,"href":"https:\/\/medicina.udd.cl\/centro-epidemiologia-politicas-salud\/wp-json\/wp\/v2\/pages\/298\/revisions"}],"predecessor-version":[{"id":301,"href":"https:\/\/medicina.udd.cl\/centro-epidemiologia-politicas-salud\/wp-json\/wp\/v2\/pages\/298\/revisions\/301"}],"wp:attachment":[{"href":"https:\/\/medicina.udd.cl\/centro-epidemiologia-politicas-salud\/wp-json\/wp\/v2\/media?parent=298"}],"curies":[{"name":"wp","href":"https:\/\/api.w.org\/{rel}","templated":true}]}}