{"id":305,"date":"2012-06-26T16:34:22","date_gmt":"2012-06-26T20:34:22","guid":{"rendered":"http:\/\/medicina.udd.cl\/centro-epidemiologia-politicas-salud\/"},"modified":"2012-06-26T16:36:59","modified_gmt":"2012-06-26T20:36:59","slug":"proposito-del-programa","status":"publish","type":"page","link":"https:\/\/medicina.udd.cl\/centro-epidemiologia-politicas-salud\/proposito-del-programa\/","title":{"rendered":"Prop\u00f3sito del Programa"},"content":{"rendered":"<p style=\"text-align: justify;\"><a href=\"http:\/\/medicina.udd.cl\/centro-epidemiologia-politicas-salud\/files\/2012\/06\/DSC_0015.jpg\"><img loading=\"lazy\" decoding=\"async\" class=\"alignright size-medium wp-image-307\" title=\"comunidad\" src=\"http:\/\/medicina.udd.cl\/centro-epidemiologia-politicas-salud\/files\/2012\/06\/DSC_0015-300x200.jpg\" alt=\"\" width=\"300\" height=\"200\" \/><\/a>Fortalecer el enfoque de salud familiar comunitario en APS incorporando el enfoque de los determinantes sociales de la salud, herramientas de epidemiolog\u00eda y estudios de evidencia para desarrollar un an\u00e1lisis de las prioridades de salud de la poblaci\u00f3n a partir del contexto intercultural y geogr\u00e1fico, aplicando estos conocimientos en la gesti\u00f3n, priorizaci\u00f3n y definici\u00f3n de acciones.<\/p>\n<p style=\"text-align: justify;\">Se refuerzan las competencias relacionales de los equipos de atenci\u00f3n primaria, para su trabajo con los t\u00e9cnicos param\u00e9dicos de las PSR y con los equipo del Servicio de Salud Chilo\u00e9 que facilite la\u00a0 integraci\u00f3n de la red y se oriente a reducir las inequidades en el acceso, para responder efectivamente a los derechos y necesidades de salud de su poblaci\u00f3n usuaria.<\/p>\n","protected":false},"excerpt":{"rendered":"<p>Fortalecer el enfoque de salud familiar comunitario en APS incorporando el enfoque de los determinantes sociales de la salud, herramientas de epidemiolog\u00eda y estudios de evidencia para desarrollar un an\u00e1lisis de las prioridades de salud de la poblaci\u00f3n a partir del contexto intercultural y geogr\u00e1fico, aplicando estos conocimientos en la gesti\u00f3n, priorizaci\u00f3n y definici\u00f3n de [&hellip;]<\/p>\n","protected":false},"author":1,"featured_media":0,"parent":0,"menu_order":0,"comment_status":"open","ping_status":"open","template":"wide-default.php","meta":{"footnotes":""},"class_list":["post-305","page","type-page","status-publish","hentry"],"yoast_head":"<!-- This site is optimized with the Yoast SEO plugin v26.9 - https:\/\/yoast.com\/product\/yoast-seo-wordpress\/ -->\n<title>Prop\u00f3sito del Programa - Centro de Epidemiolog\u00eda y Pol\u00edticas de Salud<\/title>\n<meta name=\"robots\" content=\"index, follow, max-snippet:-1, max-image-preview:large, max-video-preview:-1\" \/>\n<link rel=\"canonical\" href=\"https:\/\/medicina.udd.cl\/centro-epidemiologia-politicas-salud\/proposito-del-programa\/\" \/>\n<meta property=\"og:locale\" content=\"es_ES\" \/>\n<meta property=\"og:type\" content=\"article\" \/>\n<meta property=\"og:title\" content=\"Prop\u00f3sito del Programa - Centro de Epidemiolog\u00eda y Pol\u00edticas de Salud\" \/>\n<meta property=\"og:description\" content=\"Fortalecer el enfoque de salud familiar comunitario en APS incorporando el enfoque de los determinantes sociales de la salud, herramientas de epidemiolog\u00eda y estudios de evidencia para desarrollar un an\u00e1lisis de las prioridades de salud de la poblaci\u00f3n a partir del contexto intercultural y geogr\u00e1fico, aplicando estos conocimientos en la gesti\u00f3n, priorizaci\u00f3n y definici\u00f3n de [&hellip;]\" \/>\n<meta property=\"og:url\" content=\"https:\/\/medicina.udd.cl\/centro-epidemiologia-politicas-salud\/proposito-del-programa\/\" \/>\n<meta property=\"og:site_name\" content=\"Centro de Epidemiolog\u00eda y Pol\u00edticas de Salud\" \/>\n<meta property=\"article:modified_time\" content=\"2012-06-26T20:36:59+00:00\" \/>\n<meta property=\"og:image\" content=\"http:\/\/medicina.udd.cl\/centro-epidemiologia-politicas-salud\/files\/2012\/06\/DSC_0015-300x200.jpg\" \/>\n<meta name=\"twitter:label1\" content=\"Tiempo de lectura\" \/>\n\t<meta name=\"twitter:data1\" content=\"1 minuto\" \/>\n<script type=\"application\/ld+json\" class=\"yoast-schema-graph\">{\"@context\":\"https:\/\/schema.org\",\"@graph\":[{\"@type\":\"WebPage\",\"@id\":\"https:\/\/medicina.udd.cl\/centro-epidemiologia-politicas-salud\/proposito-del-programa\/\",\"url\":\"https:\/\/medicina.udd.cl\/centro-epidemiologia-politicas-salud\/proposito-del-programa\/\",\"name\":\"Prop\u00f3sito del Programa - Centro de Epidemiolog\u00eda y Pol\u00edticas de Salud\",\"isPartOf\":{\"@id\":\"https:\/\/medicina.udd.cl\/centro-epidemiologia-politicas-salud\/#website\"},\"primaryImageOfPage\":{\"@id\":\"https:\/\/medicina.udd.cl\/centro-epidemiologia-politicas-salud\/proposito-del-programa\/#primaryimage\"},\"image\":{\"@id\":\"https:\/\/medicina.udd.cl\/centro-epidemiologia-politicas-salud\/proposito-del-programa\/#primaryimage\"},\"thumbnailUrl\":\"http:\/\/medicina.udd.cl\/centro-epidemiologia-politicas-salud\/files\/2012\/06\/DSC_0015-300x200.jpg\",\"datePublished\":\"2012-06-26T20:34:22+00:00\",\"dateModified\":\"2012-06-26T20:36:59+00:00\",\"breadcrumb\":{\"@id\":\"https:\/\/medicina.udd.cl\/centro-epidemiologia-politicas-salud\/proposito-del-programa\/#breadcrumb\"},\"inLanguage\":\"es\",\"potentialAction\":[{\"@type\":\"ReadAction\",\"target\":[\"https:\/\/medicina.udd.cl\/centro-epidemiologia-politicas-salud\/proposito-del-programa\/\"]}]},{\"@type\":\"ImageObject\",\"inLanguage\":\"es\",\"@id\":\"https:\/\/medicina.udd.cl\/centro-epidemiologia-politicas-salud\/proposito-del-programa\/#primaryimage\",\"url\":\"http:\/\/medicina.udd.cl\/centro-epidemiologia-politicas-salud\/files\/2012\/06\/DSC_0015-300x200.jpg\",\"contentUrl\":\"http:\/\/medicina.udd.cl\/centro-epidemiologia-politicas-salud\/files\/2012\/06\/DSC_0015-300x200.jpg\"},{\"@type\":\"BreadcrumbList\",\"@id\":\"https:\/\/medicina.udd.cl\/centro-epidemiologia-politicas-salud\/proposito-del-programa\/#breadcrumb\",\"itemListElement\":[{\"@type\":\"ListItem\",\"position\":1,\"name\":\"Inicio\",\"item\":\"https:\/\/medicina.udd.cl\/centro-epidemiologia-politicas-salud\/\"},{\"@type\":\"ListItem\",\"position\":2,\"name\":\"Prop\u00f3sito del Programa\"}]},{\"@type\":\"WebSite\",\"@id\":\"https:\/\/medicina.udd.cl\/centro-epidemiologia-politicas-salud\/#website\",\"url\":\"https:\/\/medicina.udd.cl\/centro-epidemiologia-politicas-salud\/\",\"name\":\"Centro de Epidemiolog\u00eda y Pol\u00edticas de Salud\",\"description\":\"Otro blog m\u00e1s de Medicina\",\"inLanguage\":\"es\"}]}<\/script>\n<!-- \/ Yoast SEO plugin. -->","yoast_head_json":{"title":"Prop\u00f3sito del Programa - Centro de Epidemiolog\u00eda y Pol\u00edticas de Salud","robots":{"index":"index","follow":"follow","max-snippet":"max-snippet:-1","max-image-preview":"max-image-preview:large","max-video-preview":"max-video-preview:-1"},"canonical":"https:\/\/medicina.udd.cl\/centro-epidemiologia-politicas-salud\/proposito-del-programa\/","og_locale":"es_ES","og_type":"article","og_title":"Prop\u00f3sito del Programa - Centro de Epidemiolog\u00eda y Pol\u00edticas de Salud","og_description":"Fortalecer el enfoque de salud familiar comunitario en APS incorporando el enfoque de los determinantes sociales de la salud, herramientas de epidemiolog\u00eda y estudios de evidencia para desarrollar un an\u00e1lisis de las prioridades de salud de la poblaci\u00f3n a partir del contexto intercultural y geogr\u00e1fico, aplicando estos conocimientos en la gesti\u00f3n, priorizaci\u00f3n y definici\u00f3n de [&hellip;]","og_url":"https:\/\/medicina.udd.cl\/centro-epidemiologia-politicas-salud\/proposito-del-programa\/","og_site_name":"Centro de Epidemiolog\u00eda y Pol\u00edticas de Salud","article_modified_time":"2012-06-26T20:36:59+00:00","og_image":[{"url":"http:\/\/medicina.udd.cl\/centro-epidemiologia-politicas-salud\/files\/2012\/06\/DSC_0015-300x200.jpg","type":"","width":"","height":""}],"twitter_misc":{"Tiempo de lectura":"1 minuto"},"schema":{"@context":"https:\/\/schema.org","@graph":[{"@type":"WebPage","@id":"https:\/\/medicina.udd.cl\/centro-epidemiologia-politicas-salud\/proposito-del-programa\/","url":"https:\/\/medicina.udd.cl\/centro-epidemiologia-politicas-salud\/proposito-del-programa\/","name":"Prop\u00f3sito del Programa - Centro de Epidemiolog\u00eda y Pol\u00edticas de Salud","isPartOf":{"@id":"https:\/\/medicina.udd.cl\/centro-epidemiologia-politicas-salud\/#website"},"primaryImageOfPage":{"@id":"https:\/\/medicina.udd.cl\/centro-epidemiologia-politicas-salud\/proposito-del-programa\/#primaryimage"},"image":{"@id":"https:\/\/medicina.udd.cl\/centro-epidemiologia-politicas-salud\/proposito-del-programa\/#primaryimage"},"thumbnailUrl":"http:\/\/medicina.udd.cl\/centro-epidemiologia-politicas-salud\/files\/2012\/06\/DSC_0015-300x200.jpg","datePublished":"2012-06-26T20:34:22+00:00","dateModified":"2012-06-26T20:36:59+00:00","breadcrumb":{"@id":"https:\/\/medicina.udd.cl\/centro-epidemiologia-politicas-salud\/proposito-del-programa\/#breadcrumb"},"inLanguage":"es","potentialAction":[{"@type":"ReadAction","target":["https:\/\/medicina.udd.cl\/centro-epidemiologia-politicas-salud\/proposito-del-programa\/"]}]},{"@type":"ImageObject","inLanguage":"es","@id":"https:\/\/medicina.udd.cl\/centro-epidemiologia-politicas-salud\/proposito-del-programa\/#primaryimage","url":"http:\/\/medicina.udd.cl\/centro-epidemiologia-politicas-salud\/files\/2012\/06\/DSC_0015-300x200.jpg","contentUrl":"http:\/\/medicina.udd.cl\/centro-epidemiologia-politicas-salud\/files\/2012\/06\/DSC_0015-300x200.jpg"},{"@type":"BreadcrumbList","@id":"https:\/\/medicina.udd.cl\/centro-epidemiologia-politicas-salud\/proposito-del-programa\/#breadcrumb","itemListElement":[{"@type":"ListItem","position":1,"name":"Inicio","item":"https:\/\/medicina.udd.cl\/centro-epidemiologia-politicas-salud\/"},{"@type":"ListItem","position":2,"name":"Prop\u00f3sito del Programa"}]},{"@type":"WebSite","@id":"https:\/\/medicina.udd.cl\/centro-epidemiologia-politicas-salud\/#website","url":"https:\/\/medicina.udd.cl\/centro-epidemiologia-politicas-salud\/","name":"Centro de Epidemiolog\u00eda y Pol\u00edticas de Salud","description":"Otro blog m\u00e1s de Medicina","inLanguage":"es"}]}},"_links":{"self":[{"href":"https:\/\/medicina.udd.cl\/centro-epidemiologia-politicas-salud\/wp-json\/wp\/v2\/pages\/305","targetHints":{"allow":["GET"]}}],"collection":[{"href":"https:\/\/medicina.udd.cl\/centro-epidemiologia-politicas-salud\/wp-json\/wp\/v2\/pages"}],"about":[{"href":"https:\/\/medicina.udd.cl\/centro-epidemiologia-politicas-salud\/wp-json\/wp\/v2\/types\/page"}],"author":[{"embeddable":true,"href":"https:\/\/medicina.udd.cl\/centro-epidemiologia-politicas-salud\/wp-json\/wp\/v2\/users\/1"}],"replies":[{"embeddable":true,"href":"https:\/\/medicina.udd.cl\/centro-epidemiologia-politicas-salud\/wp-json\/wp\/v2\/comments?post=305"}],"version-history":[{"count":2,"href":"https:\/\/medicina.udd.cl\/centro-epidemiologia-politicas-salud\/wp-json\/wp\/v2\/pages\/305\/revisions"}],"predecessor-version":[{"id":308,"href":"https:\/\/medicina.udd.cl\/centro-epidemiologia-politicas-salud\/wp-json\/wp\/v2\/pages\/305\/revisions\/308"}],"wp:attachment":[{"href":"https:\/\/medicina.udd.cl\/centro-epidemiologia-politicas-salud\/wp-json\/wp\/v2\/media?parent=305"}],"curies":[{"name":"wp","href":"https:\/\/api.w.org\/{rel}","templated":true}]}}