{"id":358,"date":"2012-06-26T17:45:49","date_gmt":"2012-06-26T21:45:49","guid":{"rendered":"http:\/\/medicina.udd.cl\/centro-epidemiologia-politicas-salud\/"},"modified":"2012-07-11T16:24:29","modified_gmt":"2012-07-11T20:24:29","slug":"equipo-docente-e-invitados-2","status":"publish","type":"page","link":"https:\/\/medicina.udd.cl\/centro-epidemiologia-politicas-salud\/equipo-docente-e-invitados-2\/","title":{"rendered":"Equipo docente e invitados"},"content":{"rendered":"<p><strong>Dra. Jeannette Vega Morales<\/strong><\/p>\n<p>M\u00e9dico cirujano, especialista en Medicina Familiar y Doctor en Salud P\u00fablica.<br \/>\nSubsecretaria de Salud entre enero 2008 y marzo 2010.<br \/>\nDirectora del Departamento de Pobreza, Equidad y Determinantes Sociales OMS.<br \/>\nSecretaria t\u00e9cnica de la Comisi\u00f3n Global de Determinantes Sociales de la Salud.<\/p>\n<p><strong> <\/strong><\/p>\n<p><strong>Mauricio Bravo Rojas<\/strong><\/p>\n<p>Cientista Pol\u00edtico, licenciado en Ciencia Pol\u00edtica y Pol\u00edticas P\u00fablicas y diplomado en Administraci\u00f3n y Gesti\u00f3n P\u00fablica.<br \/>\nDirector Programa de Gesti\u00f3n y Pol\u00edticas Educativas: \u00a0Implementaci\u00f3n de Programas de Mejoramiento de la Gesti\u00f3n Escolar Municipal.<br \/>\nDocente en Responsabilidad P\u00fablica, Emprendimiento y Liderazgo, Desarrollo Social, Pol\u00edticas Sociales y An\u00e1lisis de Pol\u00edticas P\u00fablicas.<\/p>\n<p><span style=\"font-weight: bold;\">Dra. Soledad Ubilla Foncea<\/span><\/p>\n<p>M\u00e9dico Cirujano, Mag\u00edster en Gesti\u00f3n y Pol\u00edticas P\u00fablicas, Universidad de Chile.<br \/>\nEspecialista en Atenci\u00f3n Primaria, Redes Asistenciales y Gesti\u00f3n de Pol\u00edticas P\u00fablicas.<br \/>\nDirectora de Atenci\u00f3n Primaria.<br \/>\nSecretaria General Corporaci\u00f3n Municipal de La Florida.<br \/>\nContraparte de SEGPRES de la Reforma de Salud.<br \/>\nJefe Divisi\u00f3n Minsal de Pol\u00edticas P\u00fablicas y Promoci\u00f3n de la Salud.<\/p>\n<p><span style=\"font-weight: bold;\">Dr. Antonio Infante<\/span><\/p>\n<p>M\u00e9dico cirujano, especialista en Salud P\u00fablica.<br \/>\nSe ha desempe\u00f1ado como director de centros de atenci\u00f3n primaria, jefe de Atenci\u00f3n Primaria.<br \/>\nDirector de Salud Municipal y Director de Servicio de Salud.<br \/>\nJefe de la Divisi\u00f3n de Modernizaci\u00f3n y Reforma del Estado de la Subiere.<br \/>\nIntegrante Comisi\u00f3n Ejecutiva de la Reforma de Salud.<br \/>\nMiembro del Consejo del AUGE. Director de JUNAEB.<br \/>\nSubsecretario de Salud.<\/p>\n<p><strong> <\/strong><\/p>\n<p><strong>Enf. Isabel de Ferrari <\/strong><\/p>\n<p>Enfermera con estudios en salud p\u00fablica y diplomada en gesti\u00f3n de pol\u00edticas p\u00fablicas \u201cgerencia de\u00a0 pol\u00edticas p\u00fablicas FLACSO\u201d.<br \/>\nFormaci\u00f3n en Salud P\u00fablica en OPS Curso virtual, en las Funciones Esenciales de Salud P\u00fablica, formaci\u00f3n en Escuela Andaluza de Salud P\u00fablica, (EASP),\u00a0Diploma Agencia Espa\u00f1ola de Madrid.<br \/>\nProtecci\u00f3n Social en Salud, Evaluaci\u00f3n y An\u00e1lisis comparado, Santa Cruz de la Sierra, \u00a0Bolivia (OPS\/AECI).<br \/>\nIntegrante del equipo que organiz\u00f3 con asesor\u00eda de la Escuela Andaluza de Salud P\u00fablica, el modelo de formador de formadores en salud p\u00fablica\u00a0 para los equipos de la autoridad sanitaria regional en el pa\u00eds.<\/p>\n<p><strong> <\/strong><\/p>\n<p><strong>Dr. Hern\u00e1n Bustamante Galdames<\/strong><\/p>\n<p>M\u00e9dico Cirujano, Mag\u00edster en Administraci\u00f3n, Universidad de Chile.<br \/>\nMaster in Business Administration, Tulane University, New Orleans, USA.<br \/>\nEspecialista en gesti\u00f3n cl\u00ednica.<br \/>\nEspecialista en dise\u00f1o y desarrollo de\u00a0 plataformas e-learning.<\/p>\n<p><strong>Dr. Gabriel Sanhueza<\/strong><\/p>\n<p>M\u00e9dico Cirujano Especialista en Salud P\u00fablica.<br \/>\nMag\u00edster \u00a9 en Salud P\u00fablica, menci\u00f3n Epidemiolog\u00eda.<br \/>\nMag\u00edster \u00a9 en Antropolog\u00eda y Desarrollo.<br \/>\nProfesor Agregado, Escuela de Salud P\u00fablica, Facultad de Medicina, Universidad de Chile.<br \/>\nProfesor Visitante Departamento de Salud P\u00fablica, Facultad de Medicina, Universidad Cat\u00f3lica del Norte.<\/p>\n","protected":false},"excerpt":{"rendered":"<p>Dra. Jeannette Vega Morales M\u00e9dico cirujano, especialista en Medicina Familiar y Doctor en Salud P\u00fablica. Subsecretaria de Salud entre enero 2008 y marzo 2010. Directora del Departamento de Pobreza, Equidad y Determinantes Sociales OMS. Secretaria t\u00e9cnica de la Comisi\u00f3n Global de Determinantes Sociales de la Salud. Mauricio Bravo Rojas Cientista Pol\u00edtico, licenciado en Ciencia Pol\u00edtica [&hellip;]<\/p>\n","protected":false},"author":1,"featured_media":0,"parent":0,"menu_order":0,"comment_status":"open","ping_status":"open","template":"wide-default.php","meta":{"footnotes":""},"class_list":["post-358","page","type-page","status-publish","hentry"],"yoast_head":"<!-- This site is optimized with the Yoast SEO plugin v26.9 - https:\/\/yoast.com\/product\/yoast-seo-wordpress\/ -->\n<title>Equipo docente e invitados - Centro de Epidemiolog\u00eda y Pol\u00edticas de Salud<\/title>\n<meta name=\"robots\" content=\"index, follow, max-snippet:-1, max-image-preview:large, max-video-preview:-1\" \/>\n<link rel=\"canonical\" href=\"https:\/\/medicina.udd.cl\/centro-epidemiologia-politicas-salud\/equipo-docente-e-invitados-2\/\" \/>\n<meta property=\"og:locale\" content=\"es_ES\" \/>\n<meta property=\"og:type\" content=\"article\" \/>\n<meta property=\"og:title\" content=\"Equipo docente e invitados - Centro de Epidemiolog\u00eda y Pol\u00edticas de Salud\" \/>\n<meta property=\"og:description\" content=\"Dra. Jeannette Vega Morales M\u00e9dico cirujano, especialista en Medicina Familiar y Doctor en Salud P\u00fablica. Subsecretaria de Salud entre enero 2008 y marzo 2010. Directora del Departamento de Pobreza, Equidad y Determinantes Sociales OMS. Secretaria t\u00e9cnica de la Comisi\u00f3n Global de Determinantes Sociales de la Salud. Mauricio Bravo Rojas Cientista Pol\u00edtico, licenciado en Ciencia Pol\u00edtica [&hellip;]\" \/>\n<meta property=\"og:url\" content=\"https:\/\/medicina.udd.cl\/centro-epidemiologia-politicas-salud\/equipo-docente-e-invitados-2\/\" \/>\n<meta property=\"og:site_name\" content=\"Centro de Epidemiolog\u00eda y Pol\u00edticas de Salud\" \/>\n<meta property=\"article:modified_time\" content=\"2012-07-11T20:24:29+00:00\" \/>\n<meta name=\"twitter:label1\" content=\"Tiempo de lectura\" \/>\n\t<meta name=\"twitter:data1\" content=\"2 minutos\" \/>\n<script type=\"application\/ld+json\" class=\"yoast-schema-graph\">{\"@context\":\"https:\/\/schema.org\",\"@graph\":[{\"@type\":\"WebPage\",\"@id\":\"https:\/\/medicina.udd.cl\/centro-epidemiologia-politicas-salud\/equipo-docente-e-invitados-2\/\",\"url\":\"https:\/\/medicina.udd.cl\/centro-epidemiologia-politicas-salud\/equipo-docente-e-invitados-2\/\",\"name\":\"Equipo docente e invitados - Centro de Epidemiolog\u00eda y Pol\u00edticas de Salud\",\"isPartOf\":{\"@id\":\"https:\/\/medicina.udd.cl\/centro-epidemiologia-politicas-salud\/#website\"},\"datePublished\":\"2012-06-26T21:45:49+00:00\",\"dateModified\":\"2012-07-11T20:24:29+00:00\",\"breadcrumb\":{\"@id\":\"https:\/\/medicina.udd.cl\/centro-epidemiologia-politicas-salud\/equipo-docente-e-invitados-2\/#breadcrumb\"},\"inLanguage\":\"es\",\"potentialAction\":[{\"@type\":\"ReadAction\",\"target\":[\"https:\/\/medicina.udd.cl\/centro-epidemiologia-politicas-salud\/equipo-docente-e-invitados-2\/\"]}]},{\"@type\":\"BreadcrumbList\",\"@id\":\"https:\/\/medicina.udd.cl\/centro-epidemiologia-politicas-salud\/equipo-docente-e-invitados-2\/#breadcrumb\",\"itemListElement\":[{\"@type\":\"ListItem\",\"position\":1,\"name\":\"Inicio\",\"item\":\"https:\/\/medicina.udd.cl\/centro-epidemiologia-politicas-salud\/\"},{\"@type\":\"ListItem\",\"position\":2,\"name\":\"Equipo docente e invitados\"}]},{\"@type\":\"WebSite\",\"@id\":\"https:\/\/medicina.udd.cl\/centro-epidemiologia-politicas-salud\/#website\",\"url\":\"https:\/\/medicina.udd.cl\/centro-epidemiologia-politicas-salud\/\",\"name\":\"Centro de Epidemiolog\u00eda y Pol\u00edticas de Salud\",\"description\":\"Otro blog m\u00e1s de Medicina\",\"inLanguage\":\"es\"}]}<\/script>\n<!-- \/ Yoast SEO plugin. -->","yoast_head_json":{"title":"Equipo docente e invitados - Centro de Epidemiolog\u00eda y Pol\u00edticas de Salud","robots":{"index":"index","follow":"follow","max-snippet":"max-snippet:-1","max-image-preview":"max-image-preview:large","max-video-preview":"max-video-preview:-1"},"canonical":"https:\/\/medicina.udd.cl\/centro-epidemiologia-politicas-salud\/equipo-docente-e-invitados-2\/","og_locale":"es_ES","og_type":"article","og_title":"Equipo docente e invitados - Centro de Epidemiolog\u00eda y Pol\u00edticas de Salud","og_description":"Dra. Jeannette Vega Morales M\u00e9dico cirujano, especialista en Medicina Familiar y Doctor en Salud P\u00fablica. Subsecretaria de Salud entre enero 2008 y marzo 2010. Directora del Departamento de Pobreza, Equidad y Determinantes Sociales OMS. Secretaria t\u00e9cnica de la Comisi\u00f3n Global de Determinantes Sociales de la Salud. Mauricio Bravo Rojas Cientista Pol\u00edtico, licenciado en Ciencia Pol\u00edtica [&hellip;]","og_url":"https:\/\/medicina.udd.cl\/centro-epidemiologia-politicas-salud\/equipo-docente-e-invitados-2\/","og_site_name":"Centro de Epidemiolog\u00eda y Pol\u00edticas de Salud","article_modified_time":"2012-07-11T20:24:29+00:00","twitter_misc":{"Tiempo de lectura":"2 minutos"},"schema":{"@context":"https:\/\/schema.org","@graph":[{"@type":"WebPage","@id":"https:\/\/medicina.udd.cl\/centro-epidemiologia-politicas-salud\/equipo-docente-e-invitados-2\/","url":"https:\/\/medicina.udd.cl\/centro-epidemiologia-politicas-salud\/equipo-docente-e-invitados-2\/","name":"Equipo docente e invitados - Centro de Epidemiolog\u00eda y Pol\u00edticas de Salud","isPartOf":{"@id":"https:\/\/medicina.udd.cl\/centro-epidemiologia-politicas-salud\/#website"},"datePublished":"2012-06-26T21:45:49+00:00","dateModified":"2012-07-11T20:24:29+00:00","breadcrumb":{"@id":"https:\/\/medicina.udd.cl\/centro-epidemiologia-politicas-salud\/equipo-docente-e-invitados-2\/#breadcrumb"},"inLanguage":"es","potentialAction":[{"@type":"ReadAction","target":["https:\/\/medicina.udd.cl\/centro-epidemiologia-politicas-salud\/equipo-docente-e-invitados-2\/"]}]},{"@type":"BreadcrumbList","@id":"https:\/\/medicina.udd.cl\/centro-epidemiologia-politicas-salud\/equipo-docente-e-invitados-2\/#breadcrumb","itemListElement":[{"@type":"ListItem","position":1,"name":"Inicio","item":"https:\/\/medicina.udd.cl\/centro-epidemiologia-politicas-salud\/"},{"@type":"ListItem","position":2,"name":"Equipo docente e invitados"}]},{"@type":"WebSite","@id":"https:\/\/medicina.udd.cl\/centro-epidemiologia-politicas-salud\/#website","url":"https:\/\/medicina.udd.cl\/centro-epidemiologia-politicas-salud\/","name":"Centro de Epidemiolog\u00eda y Pol\u00edticas de Salud","description":"Otro blog m\u00e1s de Medicina","inLanguage":"es"}]}},"_links":{"self":[{"href":"https:\/\/medicina.udd.cl\/centro-epidemiologia-politicas-salud\/wp-json\/wp\/v2\/pages\/358","targetHints":{"allow":["GET"]}}],"collection":[{"href":"https:\/\/medicina.udd.cl\/centro-epidemiologia-politicas-salud\/wp-json\/wp\/v2\/pages"}],"about":[{"href":"https:\/\/medicina.udd.cl\/centro-epidemiologia-politicas-salud\/wp-json\/wp\/v2\/types\/page"}],"author":[{"embeddable":true,"href":"https:\/\/medicina.udd.cl\/centro-epidemiologia-politicas-salud\/wp-json\/wp\/v2\/users\/1"}],"replies":[{"embeddable":true,"href":"https:\/\/medicina.udd.cl\/centro-epidemiologia-politicas-salud\/wp-json\/wp\/v2\/comments?post=358"}],"version-history":[{"count":3,"href":"https:\/\/medicina.udd.cl\/centro-epidemiologia-politicas-salud\/wp-json\/wp\/v2\/pages\/358\/revisions"}],"predecessor-version":[{"id":381,"href":"https:\/\/medicina.udd.cl\/centro-epidemiologia-politicas-salud\/wp-json\/wp\/v2\/pages\/358\/revisions\/381"}],"wp:attachment":[{"href":"https:\/\/medicina.udd.cl\/centro-epidemiologia-politicas-salud\/wp-json\/wp\/v2\/media?parent=358"}],"curies":[{"name":"wp","href":"https:\/\/api.w.org\/{rel}","templated":true}]}}