{"id":6,"date":"2010-04-06T12:07:13","date_gmt":"2010-04-06T16:07:13","guid":{"rendered":"http:\/\/medicina.udd.cl\/centro-epidemiologia-politicas-salud\/fondos-concursables\/"},"modified":"2010-07-06T14:16:43","modified_gmt":"2010-07-06T18:16:43","slug":"fondos-concursables","status":"publish","type":"page","link":"https:\/\/medicina.udd.cl\/centro-epidemiologia-politicas-salud\/fondos-concursables\/","title":{"rendered":"Observatorio Chileno de Equidad en Salud"},"content":{"rendered":"<p style=\"text-align: justify\">El origen de \u00e9sta surgi\u00f3 luego de que Chile se transformara en uno de los trece pa\u00edses que participan en la <a href=\"http:\/\/www.gega.org.za\/\" target=\"_blank\">Alianza Global para la Equidad en Salud<\/a>, cuyo objetivo fundamental es conseguir para el a\u00f1o 2015 cada pa\u00eds tenga un sistema de monitoreo de las inequidades en salud, que pueda informar, supervisar y evaluar las pol\u00edticas de salud y sus determinantes sociales.<\/p>\n<p style=\"text-align: justify\">A fin de cumplir dicho objetivo, el trabajo que se desarrolla es analizar la informaci\u00f3n disponible en cada pa\u00eds, en asociaci\u00f3n con instituciones, organizaciones y miembros de la sociedad, gubernamentales y ONGs que tengan vinculaci\u00f3n con el \u00e1rea.<\/p>\n<p style=\"text-align: justify\">Los pa\u00edses integrantes son: Bangladesh, Burkina Faso, Chile, China, Ecuador, India, Kenia, Per\u00fa, Sud\u00e1frica, Tailandia, Uganda, Zambia y Zimbawe<\/p>\n<p style=\"text-align: justify\">Para tener \u00e9xito y, de este modo, optimizar los niveles de equidad en salud, la Iniciativa Global se basa en cuatro pilares fundamentales:<\/p>\n<ol style=\"text-align: justify\">\n<li>Monitoreo de Inequidades<\/li>\n<li>Formaci\u00f3n de Opini\u00f3n P\u00fablica<\/li>\n<li>Participaci\u00f3n Comunitaria<\/li>\n<li>Capacitaci\u00f3n de Recursos Humanos<\/li>\n<\/ol>\n<p style=\"text-align: justify\">El foco principal de trabajo est\u00e1 en la reducci\u00f3n de brechas o desproporciones en el estado de salud de distintos grupos poblacionales, con \u00e9nfasis en las diferencias o disparidades en los determinantes de la salud.<\/p>\n<p style=\"text-align: justify\">El prop\u00f3sito de la ICES tambi\u00e9n est\u00e1 centrado en la b\u00fasqueda de disminuir las brechas de equidad relacionadas con el \u00e1mbito de la salud en la poblaci\u00f3n chilena. De igual forma, se mantiene la estructura de cuatro pilares en las l\u00edneas de acci\u00f3n: Monitoreo y Diseminaci\u00f3n, Formaci\u00f3n de Opini\u00f3n P\u00fablica, Participaci\u00f3n Comunitaria y Capacitaci\u00f3n de Recursos Humanos.<\/p>\n","protected":false},"excerpt":{"rendered":"<p>La Iniciativa Chilena de Equidad en Salud (ICES), se inserta en el Instituto de Epidemiolog\u00eda y Pol\u00edticas de Salud P\u00fablica de la Facultad de Medicina Cl\u00ednica Alemana Universidad del Desarrollo.<\/p>\n","protected":false},"author":1,"featured_media":0,"parent":0,"menu_order":30,"comment_status":"open","ping_status":"open","template":"","meta":{"footnotes":""},"class_list":["post-6","page","type-page","status-publish","hentry"],"yoast_head":"<!-- This site is optimized with the Yoast SEO plugin v26.9 - https:\/\/yoast.com\/product\/yoast-seo-wordpress\/ -->\n<title>Observatorio Chileno de Equidad en Salud - Centro de Epidemiolog\u00eda y Pol\u00edticas de Salud<\/title>\n<meta name=\"robots\" content=\"index, follow, max-snippet:-1, max-image-preview:large, max-video-preview:-1\" \/>\n<link rel=\"canonical\" href=\"https:\/\/medicina.udd.cl\/centro-epidemiologia-politicas-salud\/fondos-concursables\/\" \/>\n<meta property=\"og:locale\" content=\"es_ES\" \/>\n<meta property=\"og:type\" content=\"article\" \/>\n<meta property=\"og:title\" content=\"Observatorio Chileno de Equidad en Salud - Centro de Epidemiolog\u00eda y Pol\u00edticas de Salud\" \/>\n<meta property=\"og:description\" content=\"La Iniciativa Chilena de Equidad en Salud (ICES), se inserta en el Instituto de Epidemiolog\u00eda y Pol\u00edticas de Salud P\u00fablica de la Facultad de Medicina Cl\u00ednica Alemana Universidad del Desarrollo.\" \/>\n<meta property=\"og:url\" content=\"https:\/\/medicina.udd.cl\/centro-epidemiologia-politicas-salud\/fondos-concursables\/\" \/>\n<meta property=\"og:site_name\" content=\"Centro de Epidemiolog\u00eda y Pol\u00edticas de Salud\" \/>\n<meta property=\"article:modified_time\" content=\"2010-07-06T18:16:43+00:00\" \/>\n<meta name=\"twitter:label1\" content=\"Tiempo de lectura\" \/>\n\t<meta name=\"twitter:data1\" content=\"1 minuto\" \/>\n<script type=\"application\/ld+json\" class=\"yoast-schema-graph\">{\"@context\":\"https:\/\/schema.org\",\"@graph\":[{\"@type\":\"WebPage\",\"@id\":\"https:\/\/medicina.udd.cl\/centro-epidemiologia-politicas-salud\/fondos-concursables\/\",\"url\":\"https:\/\/medicina.udd.cl\/centro-epidemiologia-politicas-salud\/fondos-concursables\/\",\"name\":\"Observatorio Chileno de Equidad en Salud - Centro de Epidemiolog\u00eda y Pol\u00edticas de Salud\",\"isPartOf\":{\"@id\":\"https:\/\/medicina.udd.cl\/centro-epidemiologia-politicas-salud\/#website\"},\"datePublished\":\"2010-04-06T16:07:13+00:00\",\"dateModified\":\"2010-07-06T18:16:43+00:00\",\"breadcrumb\":{\"@id\":\"https:\/\/medicina.udd.cl\/centro-epidemiologia-politicas-salud\/fondos-concursables\/#breadcrumb\"},\"inLanguage\":\"es\",\"potentialAction\":[{\"@type\":\"ReadAction\",\"target\":[\"https:\/\/medicina.udd.cl\/centro-epidemiologia-politicas-salud\/fondos-concursables\/\"]}]},{\"@type\":\"BreadcrumbList\",\"@id\":\"https:\/\/medicina.udd.cl\/centro-epidemiologia-politicas-salud\/fondos-concursables\/#breadcrumb\",\"itemListElement\":[{\"@type\":\"ListItem\",\"position\":1,\"name\":\"Inicio\",\"item\":\"https:\/\/medicina.udd.cl\/centro-epidemiologia-politicas-salud\/\"},{\"@type\":\"ListItem\",\"position\":2,\"name\":\"Observatorio Chileno de Equidad en Salud\"}]},{\"@type\":\"WebSite\",\"@id\":\"https:\/\/medicina.udd.cl\/centro-epidemiologia-politicas-salud\/#website\",\"url\":\"https:\/\/medicina.udd.cl\/centro-epidemiologia-politicas-salud\/\",\"name\":\"Centro de Epidemiolog\u00eda y Pol\u00edticas de Salud\",\"description\":\"Otro blog m\u00e1s de Medicina\",\"inLanguage\":\"es\"}]}<\/script>\n<!-- \/ Yoast SEO plugin. -->","yoast_head_json":{"title":"Observatorio Chileno de Equidad en Salud - Centro de Epidemiolog\u00eda y Pol\u00edticas de Salud","robots":{"index":"index","follow":"follow","max-snippet":"max-snippet:-1","max-image-preview":"max-image-preview:large","max-video-preview":"max-video-preview:-1"},"canonical":"https:\/\/medicina.udd.cl\/centro-epidemiologia-politicas-salud\/fondos-concursables\/","og_locale":"es_ES","og_type":"article","og_title":"Observatorio Chileno de Equidad en Salud - Centro de Epidemiolog\u00eda y Pol\u00edticas de Salud","og_description":"La Iniciativa Chilena de Equidad en Salud (ICES), se inserta en el Instituto de Epidemiolog\u00eda y Pol\u00edticas de Salud P\u00fablica de la Facultad de Medicina Cl\u00ednica Alemana Universidad del Desarrollo.","og_url":"https:\/\/medicina.udd.cl\/centro-epidemiologia-politicas-salud\/fondos-concursables\/","og_site_name":"Centro de Epidemiolog\u00eda y Pol\u00edticas de Salud","article_modified_time":"2010-07-06T18:16:43+00:00","twitter_misc":{"Tiempo de lectura":"1 minuto"},"schema":{"@context":"https:\/\/schema.org","@graph":[{"@type":"WebPage","@id":"https:\/\/medicina.udd.cl\/centro-epidemiologia-politicas-salud\/fondos-concursables\/","url":"https:\/\/medicina.udd.cl\/centro-epidemiologia-politicas-salud\/fondos-concursables\/","name":"Observatorio Chileno de Equidad en Salud - Centro de Epidemiolog\u00eda y Pol\u00edticas de Salud","isPartOf":{"@id":"https:\/\/medicina.udd.cl\/centro-epidemiologia-politicas-salud\/#website"},"datePublished":"2010-04-06T16:07:13+00:00","dateModified":"2010-07-06T18:16:43+00:00","breadcrumb":{"@id":"https:\/\/medicina.udd.cl\/centro-epidemiologia-politicas-salud\/fondos-concursables\/#breadcrumb"},"inLanguage":"es","potentialAction":[{"@type":"ReadAction","target":["https:\/\/medicina.udd.cl\/centro-epidemiologia-politicas-salud\/fondos-concursables\/"]}]},{"@type":"BreadcrumbList","@id":"https:\/\/medicina.udd.cl\/centro-epidemiologia-politicas-salud\/fondos-concursables\/#breadcrumb","itemListElement":[{"@type":"ListItem","position":1,"name":"Inicio","item":"https:\/\/medicina.udd.cl\/centro-epidemiologia-politicas-salud\/"},{"@type":"ListItem","position":2,"name":"Observatorio Chileno de Equidad en Salud"}]},{"@type":"WebSite","@id":"https:\/\/medicina.udd.cl\/centro-epidemiologia-politicas-salud\/#website","url":"https:\/\/medicina.udd.cl\/centro-epidemiologia-politicas-salud\/","name":"Centro de Epidemiolog\u00eda y Pol\u00edticas de Salud","description":"Otro blog m\u00e1s de Medicina","inLanguage":"es"}]}},"_links":{"self":[{"href":"https:\/\/medicina.udd.cl\/centro-epidemiologia-politicas-salud\/wp-json\/wp\/v2\/pages\/6","targetHints":{"allow":["GET"]}}],"collection":[{"href":"https:\/\/medicina.udd.cl\/centro-epidemiologia-politicas-salud\/wp-json\/wp\/v2\/pages"}],"about":[{"href":"https:\/\/medicina.udd.cl\/centro-epidemiologia-politicas-salud\/wp-json\/wp\/v2\/types\/page"}],"author":[{"embeddable":true,"href":"https:\/\/medicina.udd.cl\/centro-epidemiologia-politicas-salud\/wp-json\/wp\/v2\/users\/1"}],"replies":[{"embeddable":true,"href":"https:\/\/medicina.udd.cl\/centro-epidemiologia-politicas-salud\/wp-json\/wp\/v2\/comments?post=6"}],"version-history":[{"count":1,"href":"https:\/\/medicina.udd.cl\/centro-epidemiologia-politicas-salud\/wp-json\/wp\/v2\/pages\/6\/revisions"}],"predecessor-version":[{"id":74,"href":"https:\/\/medicina.udd.cl\/centro-epidemiologia-politicas-salud\/wp-json\/wp\/v2\/pages\/6\/revisions\/74"}],"wp:attachment":[{"href":"https:\/\/medicina.udd.cl\/centro-epidemiologia-politicas-salud\/wp-json\/wp\/v2\/media?parent=6"}],"curies":[{"name":"wp","href":"https:\/\/api.w.org\/{rel}","templated":true}]}}