{"id":62,"date":"2010-07-06T12:44:47","date_gmt":"2010-07-06T16:44:47","guid":{"rendered":"http:\/\/medicina.udd.cl\/centro-epidemiologia-politicas-salud\/iris-delgado-2\/"},"modified":"2012-11-14T17:01:17","modified_gmt":"2012-11-14T20:01:17","slug":"iris-delgado-2","status":"publish","type":"page","link":"https:\/\/medicina.udd.cl\/centro-epidemiologia-politicas-salud\/iris-delgado-2\/","title":{"rendered":"Iris Delgado"},"content":{"rendered":"<p>Profesora de Matem\u00e1ticas y Diplomada en Estad\u00edstica Universidad de Santiago de Chile con Mag\u00edster en Bioestad\u00edstica Universidad de Chile.<\/p>\n<p>Trabaj\u00f3 12 a\u00f1os en el Ministerio de Planificaci\u00f3n. Fue Jefa de Departamento de Informaci\u00f3n Social, adquiriendo una importante experiencia en el dise\u00f1o, elaboraci\u00f3n, gesti\u00f3n y de informaci\u00f3n, para la aplicaci\u00f3n de pol\u00edticas sociales, con publicaciones nacionales e internacionales.<\/p>\n<p>Desde el a\u00f1o\u00a02005 se desempe\u00f1a como docente e investigadora de la Facultad de Medicina CAS-UDD.<\/p>\n<p><strong>Publicaciones 2006 &#8211; 2010<\/strong><\/p>\n<p style=\"text-align: justify;\">1.\u00a0Marcela Ferr\u00e9s G., Carmen Sandoval C., Iris Delgado B., Viviana Sotomayor P., Andrea Olea\u00a0 N. y Pablo A. Vial C. Hantavirosis: Caracterizaci\u00f3n cl\u00ednica-epidemiol\u00f3gica de pacientes pedi\u00e1tricos en Chile. Rev. chil. infectol.\u00a0 v.27 n.1\u00a0 Santiago feb. 2010.<br \/>\n2.\u00a0Gonzalo Alvarez, Pablo Cox, Mauricio Pairoa, Maritza Garc\u00eda, Iris Delgado, Pablo M Lavados, Incidence of subarachnoid haemorrhage in the Aconcagua Valley, Chile: a community-based, prospective surveillance Project. J Neurol Neurosurg Psychiatry 2010;81:778-782 doi:10.1136\/jnnp.2009.192971.<br \/>\n3.\u00a0Fernando Maluenda,\u00a0 Attila\u00a0 Csendes, Xabier\u00a0 De Aretxabala,\u00a0 Jaime Poniachik, Karen Salvo, Iris Delgado,\u00a0 Patricia Rodriguez. Alcoho Absorption Modification After a Laparoscopic . OBESSURG (2010) 20:744\u2013748.<br \/>\n4.\u00a0Edgar Sanhueza, Patricio Ib\u00e1\u00f1ez, Ra\u00fal Araya, Iris Delgado, Soledad Quezada, Liliana Jadue, Claudio Navarrete. Utilidad de la c\u00e1psula endosc\u00f3pica como m\u00e9todo diagn\u00f3stico en el estudio de patolog\u00eda de intestino delgado. Rev. m\u00e9d. Chile\u00a0 v.138\u00a0 n.3\u00a0 Santiago\u00a0 mar. 2010.<br \/>\n5.\u00a0A.T.Anguita- Compagnon, M.T. Dibarrart, J. Palma, L. Paredes, C. Mosso, R. Montalva, L. Salas, D. Araos, I. Delgado, and A. Majlis. Mobilization and Collection of Peripheral Blood Stem Cells: Guidelines fo Blood Volume to Process, Basedon CD34- Positive Blood Cell Countin Adults and Children. Transplantation Proceedings, 42,339\u2013344 (2010).<br \/>\n6.\u00a0Liliana Jadue, Iris Delgado, Mar\u00eda Elvira Simian, Florencia Prieto, Joyce Huberman, Departamento de Salud Bucal, Ministerio de salud. Programa de Salud Oral Integral para Ni\u00f1os (as) de 6 a\u00f1os como Problema de Salud con Garant\u00eda Expl\u00edcita en Chile: La Participaci\u00f3n de los Pediatras. Rev. chil. pediatr. v.80 n.6 Santiago dic. 2009<br \/>\n7.\u00a0Oscar Rom\u00e1n A, Mar\u00eda Jos\u00e9 Prieto C, Pedro Mancilla F, Pedro Astudillo O, Claudio Acu\u00f1a S, Iris Delgado B. Aumento del riesgo de consultas cardiovasculares por contaminaci\u00f3n atmosf\u00e9rica por part\u00edculas. Estudio en la ciudad de Santiago. Rev Chil Cardiol v.28 n.2 Santiago ago. 2009<br \/>\n8.\u00a0Vinko Tomicic, Mauricio Espinoza1, Max Andresen, Jorge Molina1, Mario Calvo, H\u00e9ctor Ugarte, Jorge Godoy, Sergio G\u00e1lvez, Juan Carlos Maurelia, Iris Delgado8, Andr\u00e9s Esteban. Caracter\u00edsticas de los pacientes que reciben ventilaci\u00f3n mec\u00e1nica en unidades de cuidados intensivos: primer estudio multic\u00e9ntrico chileno. Rev. m\u00e9d. Chile v.136 n.8 Santiago ago. 2008<br \/>\n9.\u00a0Gabriela M Repetto , Alonso R Puga and Iris Delgado. XV-2c and KM.19 haplotype analysis in Chilean patients with cystic fibrosis and unknown CFTR gene mutations. Biol Res 40: 223-229, 2007.<br \/>\n10.\u00a0Figueroa D, Calvo R, Vaisman A, Gallegos M, Carrasco MA, Mardones R, Delgado I. Bipolar radiofrequency in the human meniscus. Comparative study between patients younger and older than 40 years of age. Knee. 2007 Oct;14(5):357-60. Epub 2007 Aug 24.<br \/>\n11.\u00a0Figueroa D, Calvo R, Vaisman A, Carrasco MA, Moraga C, Delgado I. Knee chondral lesions: incidence and correlation between arthroscopic and magnetic resonance findings. Arthroscopy. 2007 Mar;23(3):312-5.<br \/>\n12.\u00a0Ferres M, Vial P, Marco C, Yanez L, Godoy P, Castillo C, Hjelle B, Delgado I, Lee SJ, Mertz GJ; Andes Virus Household Contacts Study Group. Prospective evaluation of household contacts of persons with hantavirus cardiopulmonary syndrome in chile. J Infect Dis. 2007 Jun 1;195(11):1563-71. Epub 2007 Apr 16.<br \/>\n13.\u00a0Pablo A. Vial, Francisca Valdivieso, Gregory Mertz, Constanza Castillo, Edith Belmar,\u00a0 Iris Delgado, Mauricio Tapia, and Marcela Ferr\u00e9s. Incubation Period Of Hantavirus Cardiopulmonary Syndrome. Emerging Infectious Diseases \u2022 Vol. 12, No. 8, August 2006.<\/p>\n","protected":false},"excerpt":{"rendered":"<p>Profesora de Matem\u00e1ticas y Diplomada en Estad\u00edstica Universidad de Santiago de Chile con Mag\u00edster en Bioestad\u00edstica Universidad de Chile. Trabaj\u00f3 12 a\u00f1os en el Ministerio de Planificaci\u00f3n. Fue Jefa de Departamento de Informaci\u00f3n Social, adquiriendo una importante experiencia en el dise\u00f1o, elaboraci\u00f3n, gesti\u00f3n y de informaci\u00f3n, para la aplicaci\u00f3n de pol\u00edticas sociales, con publicaciones nacionales [&hellip;]<\/p>\n","protected":false},"author":1,"featured_media":0,"parent":0,"menu_order":0,"comment_status":"open","ping_status":"open","template":"","meta":{"footnotes":""},"class_list":["post-62","page","type-page","status-publish","hentry"],"yoast_head":"<!-- This site is optimized with the Yoast SEO plugin v26.9 - https:\/\/yoast.com\/product\/yoast-seo-wordpress\/ -->\n<title>Iris Delgado - Centro de Epidemiolog\u00eda y Pol\u00edticas de Salud<\/title>\n<meta name=\"robots\" content=\"index, follow, max-snippet:-1, max-image-preview:large, max-video-preview:-1\" \/>\n<link rel=\"canonical\" href=\"https:\/\/medicina.udd.cl\/centro-epidemiologia-politicas-salud\/iris-delgado-2\/\" \/>\n<meta property=\"og:locale\" content=\"es_ES\" \/>\n<meta property=\"og:type\" content=\"article\" \/>\n<meta property=\"og:title\" content=\"Iris Delgado - Centro de Epidemiolog\u00eda y Pol\u00edticas de Salud\" \/>\n<meta property=\"og:description\" content=\"Profesora de Matem\u00e1ticas y Diplomada en Estad\u00edstica Universidad de Santiago de Chile con Mag\u00edster en Bioestad\u00edstica Universidad de Chile. Trabaj\u00f3 12 a\u00f1os en el Ministerio de Planificaci\u00f3n. Fue Jefa de Departamento de Informaci\u00f3n Social, adquiriendo una importante experiencia en el dise\u00f1o, elaboraci\u00f3n, gesti\u00f3n y de informaci\u00f3n, para la aplicaci\u00f3n de pol\u00edticas sociales, con publicaciones nacionales [&hellip;]\" \/>\n<meta property=\"og:url\" content=\"https:\/\/medicina.udd.cl\/centro-epidemiologia-politicas-salud\/iris-delgado-2\/\" \/>\n<meta property=\"og:site_name\" content=\"Centro de Epidemiolog\u00eda y Pol\u00edticas de Salud\" \/>\n<meta property=\"article:modified_time\" content=\"2012-11-14T20:01:17+00:00\" \/>\n<meta name=\"twitter:label1\" content=\"Tiempo de lectura\" \/>\n\t<meta name=\"twitter:data1\" content=\"3 minutos\" \/>\n<script type=\"application\/ld+json\" class=\"yoast-schema-graph\">{\"@context\":\"https:\/\/schema.org\",\"@graph\":[{\"@type\":\"WebPage\",\"@id\":\"https:\/\/medicina.udd.cl\/centro-epidemiologia-politicas-salud\/iris-delgado-2\/\",\"url\":\"https:\/\/medicina.udd.cl\/centro-epidemiologia-politicas-salud\/iris-delgado-2\/\",\"name\":\"Iris Delgado - Centro de Epidemiolog\u00eda y Pol\u00edticas de Salud\",\"isPartOf\":{\"@id\":\"https:\/\/medicina.udd.cl\/centro-epidemiologia-politicas-salud\/#website\"},\"datePublished\":\"2010-07-06T16:44:47+00:00\",\"dateModified\":\"2012-11-14T20:01:17+00:00\",\"breadcrumb\":{\"@id\":\"https:\/\/medicina.udd.cl\/centro-epidemiologia-politicas-salud\/iris-delgado-2\/#breadcrumb\"},\"inLanguage\":\"es\",\"potentialAction\":[{\"@type\":\"ReadAction\",\"target\":[\"https:\/\/medicina.udd.cl\/centro-epidemiologia-politicas-salud\/iris-delgado-2\/\"]}]},{\"@type\":\"BreadcrumbList\",\"@id\":\"https:\/\/medicina.udd.cl\/centro-epidemiologia-politicas-salud\/iris-delgado-2\/#breadcrumb\",\"itemListElement\":[{\"@type\":\"ListItem\",\"position\":1,\"name\":\"Inicio\",\"item\":\"https:\/\/medicina.udd.cl\/centro-epidemiologia-politicas-salud\/\"},{\"@type\":\"ListItem\",\"position\":2,\"name\":\"Iris Delgado\"}]},{\"@type\":\"WebSite\",\"@id\":\"https:\/\/medicina.udd.cl\/centro-epidemiologia-politicas-salud\/#website\",\"url\":\"https:\/\/medicina.udd.cl\/centro-epidemiologia-politicas-salud\/\",\"name\":\"Centro de Epidemiolog\u00eda y Pol\u00edticas de Salud\",\"description\":\"Otro blog m\u00e1s de Medicina\",\"inLanguage\":\"es\"}]}<\/script>\n<!-- \/ Yoast SEO plugin. -->","yoast_head_json":{"title":"Iris Delgado - Centro de Epidemiolog\u00eda y Pol\u00edticas de Salud","robots":{"index":"index","follow":"follow","max-snippet":"max-snippet:-1","max-image-preview":"max-image-preview:large","max-video-preview":"max-video-preview:-1"},"canonical":"https:\/\/medicina.udd.cl\/centro-epidemiologia-politicas-salud\/iris-delgado-2\/","og_locale":"es_ES","og_type":"article","og_title":"Iris Delgado - Centro de Epidemiolog\u00eda y Pol\u00edticas de Salud","og_description":"Profesora de Matem\u00e1ticas y Diplomada en Estad\u00edstica Universidad de Santiago de Chile con Mag\u00edster en Bioestad\u00edstica Universidad de Chile. Trabaj\u00f3 12 a\u00f1os en el Ministerio de Planificaci\u00f3n. Fue Jefa de Departamento de Informaci\u00f3n Social, adquiriendo una importante experiencia en el dise\u00f1o, elaboraci\u00f3n, gesti\u00f3n y de informaci\u00f3n, para la aplicaci\u00f3n de pol\u00edticas sociales, con publicaciones nacionales [&hellip;]","og_url":"https:\/\/medicina.udd.cl\/centro-epidemiologia-politicas-salud\/iris-delgado-2\/","og_site_name":"Centro de Epidemiolog\u00eda y Pol\u00edticas de Salud","article_modified_time":"2012-11-14T20:01:17+00:00","twitter_misc":{"Tiempo de lectura":"3 minutos"},"schema":{"@context":"https:\/\/schema.org","@graph":[{"@type":"WebPage","@id":"https:\/\/medicina.udd.cl\/centro-epidemiologia-politicas-salud\/iris-delgado-2\/","url":"https:\/\/medicina.udd.cl\/centro-epidemiologia-politicas-salud\/iris-delgado-2\/","name":"Iris Delgado - Centro de Epidemiolog\u00eda y Pol\u00edticas de Salud","isPartOf":{"@id":"https:\/\/medicina.udd.cl\/centro-epidemiologia-politicas-salud\/#website"},"datePublished":"2010-07-06T16:44:47+00:00","dateModified":"2012-11-14T20:01:17+00:00","breadcrumb":{"@id":"https:\/\/medicina.udd.cl\/centro-epidemiologia-politicas-salud\/iris-delgado-2\/#breadcrumb"},"inLanguage":"es","potentialAction":[{"@type":"ReadAction","target":["https:\/\/medicina.udd.cl\/centro-epidemiologia-politicas-salud\/iris-delgado-2\/"]}]},{"@type":"BreadcrumbList","@id":"https:\/\/medicina.udd.cl\/centro-epidemiologia-politicas-salud\/iris-delgado-2\/#breadcrumb","itemListElement":[{"@type":"ListItem","position":1,"name":"Inicio","item":"https:\/\/medicina.udd.cl\/centro-epidemiologia-politicas-salud\/"},{"@type":"ListItem","position":2,"name":"Iris Delgado"}]},{"@type":"WebSite","@id":"https:\/\/medicina.udd.cl\/centro-epidemiologia-politicas-salud\/#website","url":"https:\/\/medicina.udd.cl\/centro-epidemiologia-politicas-salud\/","name":"Centro de Epidemiolog\u00eda y Pol\u00edticas de Salud","description":"Otro blog m\u00e1s de Medicina","inLanguage":"es"}]}},"_links":{"self":[{"href":"https:\/\/medicina.udd.cl\/centro-epidemiologia-politicas-salud\/wp-json\/wp\/v2\/pages\/62","targetHints":{"allow":["GET"]}}],"collection":[{"href":"https:\/\/medicina.udd.cl\/centro-epidemiologia-politicas-salud\/wp-json\/wp\/v2\/pages"}],"about":[{"href":"https:\/\/medicina.udd.cl\/centro-epidemiologia-politicas-salud\/wp-json\/wp\/v2\/types\/page"}],"author":[{"embeddable":true,"href":"https:\/\/medicina.udd.cl\/centro-epidemiologia-politicas-salud\/wp-json\/wp\/v2\/users\/1"}],"replies":[{"embeddable":true,"href":"https:\/\/medicina.udd.cl\/centro-epidemiologia-politicas-salud\/wp-json\/wp\/v2\/comments?post=62"}],"version-history":[{"count":3,"href":"https:\/\/medicina.udd.cl\/centro-epidemiologia-politicas-salud\/wp-json\/wp\/v2\/pages\/62\/revisions"}],"predecessor-version":[{"id":434,"href":"https:\/\/medicina.udd.cl\/centro-epidemiologia-politicas-salud\/wp-json\/wp\/v2\/pages\/62\/revisions\/434"}],"wp:attachment":[{"href":"https:\/\/medicina.udd.cl\/centro-epidemiologia-politicas-salud\/wp-json\/wp\/v2\/media?parent=62"}],"curies":[{"name":"wp","href":"https:\/\/api.w.org\/{rel}","templated":true}]}}