{"id":7,"date":"2010-04-06T12:07:13","date_gmt":"2010-04-06T16:07:13","guid":{"rendered":"http:\/\/medicina.udd.cl\/centro-epidemiologia-politicas-salud\/sobre-el-centro\/"},"modified":"2021-04-14T16:48:23","modified_gmt":"2021-04-14T20:48:23","slug":"sobre-el-centro","status":"publish","type":"page","link":"https:\/\/medicina.udd.cl\/centro-epidemiologia-politicas-salud\/sobre-el-centro\/","title":{"rendered":"Sobre el Centro"},"content":{"rendered":"\n<p>Este centro se distingue por tener un equipo de trabajo interdisciplinario, dedicado al estudio de problemas de salud nacionales y mundiales, desarrollando docencia e investigaci\u00f3n de excelencia en el campo de la salud p\u00fablica y sus disciplinas asociadas. Participa de la comunidad universitaria y de la sociedad chilena, contribuyendo positivamente en las pol\u00edticas p\u00fablicas de salud, basados en los principios del respeto, tolerancia y equidad. Asimismo, contribuye a la discusi\u00f3n y evaluaci\u00f3n de pol\u00edticas de salud a nivel global.<\/p>\n\n\n\n<p>Nuestro prop\u00f3sito es contribuir positivamente en la discusi\u00f3n, dise\u00f1o y evaluaci\u00f3n de pol\u00edticas p\u00fablicas de salud, nacionales y mundiales, basados en los principios del respeto, tolerancia y equidad, con miras a lograr:\u00a0 <\/p>\n\n\n\n<ol class=\"wp-block-list\"><li>Una sociedad m\u00e1s saludable<\/li><li>Un sistema de salud m\u00e1s justo y eficiente <\/li><li>Con mejor capacidad de preparaci\u00f3n y respuesta a eventos y emergencia de salud p\u00fablica.<\/li><\/ol>\n\n\n\n<p>Nuestras <strong>\u00e1reas de investigaci\u00f3n<\/strong> son:<\/p>\n\n\n\n<ul class=\"wp-block-list\"><li>Situaci\u00f3n de la salud de Chile, sus tendencias y los factores que la determinan.<\/li><li>Funcionamiento del sistema de salud, con foco en la equidad<\/li><li>Evaluaci\u00f3n de pol\u00edticas de salud y contribuir al dise\u00f1o de nuevas pol\u00edticas y programas.<\/li><\/ul>\n\n\n\n<p>Estas \u00e1reas de investigaci\u00f3n se traducen en<strong> 6 l\u00edneas de investigaci\u00f3n<\/strong>:<\/p>\n\n\n\n<ol class=\"wp-block-list\"><li>Salud Poblacional<\/li><li>Sistemas de salud con foco en equidad<\/li><li>Enfermedades Transmisibles\/Salud en prisiones<\/li><li>Envejecimiento\/Discapacidad<\/li><li>Enfermedades cr\u00f3nicas\/Tabaco<\/li><li>Salud Ambiental<\/li><\/ol>\n\n\n\n<p><strong>Capacidades<\/strong>:<\/p>\n\n\n\n<ul class=\"wp-block-list\"><li>Investigaciones epidemiol\u00f3gicas en terreno<\/li><li>An\u00e1lisis de problemas de salud p\u00fablica<\/li><li>Evaluaciones econ\u00f3micas en salud<\/li><li>Evaluaci\u00f3n de Pol\u00edticas sanitarias<\/li><li>Investigaci\u00f3n cualitativa<\/li><li>Desarrollo de instrumentos y encuestas poblacionales de salud<\/li><li>An\u00e1lisis de equidad en acceso y cobertura de salud<\/li><li>Colaborar con organismos internacionales en salud (OMS\/OPS)<\/li><\/ul>\n","protected":false},"excerpt":{"rendered":"<p>Este centro se distingue por tener un equipo de trabajo interdisciplinario, dedicado al estudio de problemas de salud nacionales y mundiales, desarrollando docencia e investigaci\u00f3n de excelencia en el campo de la salud p\u00fablica y sus disciplinas asociadas. Participa de la comunidad universitaria y de la sociedad chilena, contribuyendo positivamente en las pol\u00edticas p\u00fablicas de [&hellip;]<\/p>\n","protected":false},"author":1,"featured_media":0,"parent":0,"menu_order":40,"comment_status":"open","ping_status":"open","template":"","meta":{"footnotes":""},"class_list":["post-7","page","type-page","status-publish","hentry"],"yoast_head":"<!-- This site is optimized with the Yoast SEO plugin v26.9 - https:\/\/yoast.com\/product\/yoast-seo-wordpress\/ -->\n<title>Sobre el Centro - Centro de Epidemiolog\u00eda y Pol\u00edticas de Salud<\/title>\n<meta name=\"robots\" content=\"index, follow, max-snippet:-1, max-image-preview:large, max-video-preview:-1\" \/>\n<link rel=\"canonical\" href=\"https:\/\/medicina.udd.cl\/centro-epidemiologia-politicas-salud\/sobre-el-centro\/\" \/>\n<meta property=\"og:locale\" content=\"es_ES\" \/>\n<meta property=\"og:type\" content=\"article\" \/>\n<meta property=\"og:title\" content=\"Sobre el Centro - Centro de Epidemiolog\u00eda y Pol\u00edticas de Salud\" \/>\n<meta property=\"og:description\" content=\"Este centro se distingue por tener un equipo de trabajo interdisciplinario, dedicado al estudio de problemas de salud nacionales y mundiales, desarrollando docencia e investigaci\u00f3n de excelencia en el campo de la salud p\u00fablica y sus disciplinas asociadas. Participa de la comunidad universitaria y de la sociedad chilena, contribuyendo positivamente en las pol\u00edticas p\u00fablicas de [&hellip;]\" \/>\n<meta property=\"og:url\" content=\"https:\/\/medicina.udd.cl\/centro-epidemiologia-politicas-salud\/sobre-el-centro\/\" \/>\n<meta property=\"og:site_name\" content=\"Centro de Epidemiolog\u00eda y Pol\u00edticas de Salud\" \/>\n<meta property=\"article:modified_time\" content=\"2021-04-14T20:48:23+00:00\" \/>\n<meta name=\"twitter:label1\" content=\"Tiempo de lectura\" \/>\n\t<meta name=\"twitter:data1\" content=\"1 minuto\" \/>\n<script type=\"application\/ld+json\" class=\"yoast-schema-graph\">{\"@context\":\"https:\/\/schema.org\",\"@graph\":[{\"@type\":\"WebPage\",\"@id\":\"https:\/\/medicina.udd.cl\/centro-epidemiologia-politicas-salud\/sobre-el-centro\/\",\"url\":\"https:\/\/medicina.udd.cl\/centro-epidemiologia-politicas-salud\/sobre-el-centro\/\",\"name\":\"Sobre el Centro - Centro de Epidemiolog\u00eda y Pol\u00edticas de Salud\",\"isPartOf\":{\"@id\":\"https:\/\/medicina.udd.cl\/centro-epidemiologia-politicas-salud\/#website\"},\"datePublished\":\"2010-04-06T16:07:13+00:00\",\"dateModified\":\"2021-04-14T20:48:23+00:00\",\"breadcrumb\":{\"@id\":\"https:\/\/medicina.udd.cl\/centro-epidemiologia-politicas-salud\/sobre-el-centro\/#breadcrumb\"},\"inLanguage\":\"es\",\"potentialAction\":[{\"@type\":\"ReadAction\",\"target\":[\"https:\/\/medicina.udd.cl\/centro-epidemiologia-politicas-salud\/sobre-el-centro\/\"]}]},{\"@type\":\"BreadcrumbList\",\"@id\":\"https:\/\/medicina.udd.cl\/centro-epidemiologia-politicas-salud\/sobre-el-centro\/#breadcrumb\",\"itemListElement\":[{\"@type\":\"ListItem\",\"position\":1,\"name\":\"Inicio\",\"item\":\"https:\/\/medicina.udd.cl\/centro-epidemiologia-politicas-salud\/\"},{\"@type\":\"ListItem\",\"position\":2,\"name\":\"Sobre el Centro\"}]},{\"@type\":\"WebSite\",\"@id\":\"https:\/\/medicina.udd.cl\/centro-epidemiologia-politicas-salud\/#website\",\"url\":\"https:\/\/medicina.udd.cl\/centro-epidemiologia-politicas-salud\/\",\"name\":\"Centro de Epidemiolog\u00eda y Pol\u00edticas de Salud\",\"description\":\"Otro blog m\u00e1s de Medicina\",\"inLanguage\":\"es\"}]}<\/script>\n<!-- \/ Yoast SEO plugin. -->","yoast_head_json":{"title":"Sobre el Centro - Centro de Epidemiolog\u00eda y Pol\u00edticas de Salud","robots":{"index":"index","follow":"follow","max-snippet":"max-snippet:-1","max-image-preview":"max-image-preview:large","max-video-preview":"max-video-preview:-1"},"canonical":"https:\/\/medicina.udd.cl\/centro-epidemiologia-politicas-salud\/sobre-el-centro\/","og_locale":"es_ES","og_type":"article","og_title":"Sobre el Centro - Centro de Epidemiolog\u00eda y Pol\u00edticas de Salud","og_description":"Este centro se distingue por tener un equipo de trabajo interdisciplinario, dedicado al estudio de problemas de salud nacionales y mundiales, desarrollando docencia e investigaci\u00f3n de excelencia en el campo de la salud p\u00fablica y sus disciplinas asociadas. Participa de la comunidad universitaria y de la sociedad chilena, contribuyendo positivamente en las pol\u00edticas p\u00fablicas de [&hellip;]","og_url":"https:\/\/medicina.udd.cl\/centro-epidemiologia-politicas-salud\/sobre-el-centro\/","og_site_name":"Centro de Epidemiolog\u00eda y Pol\u00edticas de Salud","article_modified_time":"2021-04-14T20:48:23+00:00","twitter_misc":{"Tiempo de lectura":"1 minuto"},"schema":{"@context":"https:\/\/schema.org","@graph":[{"@type":"WebPage","@id":"https:\/\/medicina.udd.cl\/centro-epidemiologia-politicas-salud\/sobre-el-centro\/","url":"https:\/\/medicina.udd.cl\/centro-epidemiologia-politicas-salud\/sobre-el-centro\/","name":"Sobre el Centro - Centro de Epidemiolog\u00eda y Pol\u00edticas de Salud","isPartOf":{"@id":"https:\/\/medicina.udd.cl\/centro-epidemiologia-politicas-salud\/#website"},"datePublished":"2010-04-06T16:07:13+00:00","dateModified":"2021-04-14T20:48:23+00:00","breadcrumb":{"@id":"https:\/\/medicina.udd.cl\/centro-epidemiologia-politicas-salud\/sobre-el-centro\/#breadcrumb"},"inLanguage":"es","potentialAction":[{"@type":"ReadAction","target":["https:\/\/medicina.udd.cl\/centro-epidemiologia-politicas-salud\/sobre-el-centro\/"]}]},{"@type":"BreadcrumbList","@id":"https:\/\/medicina.udd.cl\/centro-epidemiologia-politicas-salud\/sobre-el-centro\/#breadcrumb","itemListElement":[{"@type":"ListItem","position":1,"name":"Inicio","item":"https:\/\/medicina.udd.cl\/centro-epidemiologia-politicas-salud\/"},{"@type":"ListItem","position":2,"name":"Sobre el Centro"}]},{"@type":"WebSite","@id":"https:\/\/medicina.udd.cl\/centro-epidemiologia-politicas-salud\/#website","url":"https:\/\/medicina.udd.cl\/centro-epidemiologia-politicas-salud\/","name":"Centro de Epidemiolog\u00eda y Pol\u00edticas de Salud","description":"Otro blog m\u00e1s de Medicina","inLanguage":"es"}]}},"_links":{"self":[{"href":"https:\/\/medicina.udd.cl\/centro-epidemiologia-politicas-salud\/wp-json\/wp\/v2\/pages\/7","targetHints":{"allow":["GET"]}}],"collection":[{"href":"https:\/\/medicina.udd.cl\/centro-epidemiologia-politicas-salud\/wp-json\/wp\/v2\/pages"}],"about":[{"href":"https:\/\/medicina.udd.cl\/centro-epidemiologia-politicas-salud\/wp-json\/wp\/v2\/types\/page"}],"author":[{"embeddable":true,"href":"https:\/\/medicina.udd.cl\/centro-epidemiologia-politicas-salud\/wp-json\/wp\/v2\/users\/1"}],"replies":[{"embeddable":true,"href":"https:\/\/medicina.udd.cl\/centro-epidemiologia-politicas-salud\/wp-json\/wp\/v2\/comments?post=7"}],"version-history":[{"count":4,"href":"https:\/\/medicina.udd.cl\/centro-epidemiologia-politicas-salud\/wp-json\/wp\/v2\/pages\/7\/revisions"}],"predecessor-version":[{"id":2152,"href":"https:\/\/medicina.udd.cl\/centro-epidemiologia-politicas-salud\/wp-json\/wp\/v2\/pages\/7\/revisions\/2152"}],"wp:attachment":[{"href":"https:\/\/medicina.udd.cl\/centro-epidemiologia-politicas-salud\/wp-json\/wp\/v2\/media?parent=7"}],"curies":[{"name":"wp","href":"https:\/\/api.w.org\/{rel}","templated":true}]}}