{"id":153,"date":"2024-03-19T09:26:56","date_gmt":"2024-03-19T12:26:56","guid":{"rendered":"https:\/\/medicina.udd.cl\/centro-estudios-clinicos\/?page_id=153"},"modified":"2025-06-04T17:08:44","modified_gmt":"2025-06-04T21:08:44","slug":"covid","status":"publish","type":"page","link":"https:\/\/medicina.udd.cl\/centro-estudios-clinicos\/lineas-de-investigacion\/neurologia\/covid\/","title":{"rendered":"COVID"},"content":{"rendered":"\n<h2 class=\"wp-block-heading\">STRONGER<\/h2>\n\n\n\n<figure class=\"wp-block-image size-full\"><img loading=\"lazy\" decoding=\"async\" width=\"854\" height=\"485\" src=\"https:\/\/medicina.udd.cl\/centro-estudios-clinicos\/files\/2025\/05\/stronger_diapo.png\" alt=\"\" class=\"wp-image-684\" srcset=\"https:\/\/medicina.udd.cl\/centro-estudios-clinicos\/files\/2025\/05\/stronger_diapo.png 854w, https:\/\/medicina.udd.cl\/centro-estudios-clinicos\/files\/2025\/05\/stronger_diapo-300x170.png 300w, https:\/\/medicina.udd.cl\/centro-estudios-clinicos\/files\/2025\/05\/stronger_diapo-768x436.png 768w\" sizes=\"auto, (max-width: 854px) 100vw, 854px\" \/><\/figure>\n\n\n\n<p>M\u00e1s informaci\u00f3n en: <a href=\"https:\/\/strongerstudy.georgeinstitute.org\/chile\/\">https:\/\/strongerstudy.georgeinstitute.org\/chile\/<\/a>&nbsp; &nbsp; &nbsp; &nbsp;<br><strong>Contacto:<\/strong>&nbsp;<a href=\"mailto:stronger@udd.cl\">stronger@udd.cl<\/a><\/p>\n\n\n\n<h2 class=\"wp-block-heading\">NIDO COVID<\/h2>\n\n\n\n<figure class=\"wp-block-image size-full\"><img loading=\"lazy\" decoding=\"async\" width=\"879\" height=\"488\" src=\"https:\/\/medicina.udd.cl\/centro-estudios-clinicos\/files\/2025\/05\/nido_covid_diapo.png\" alt=\"\" class=\"wp-image-686\" srcset=\"https:\/\/medicina.udd.cl\/centro-estudios-clinicos\/files\/2025\/05\/nido_covid_diapo.png 879w, https:\/\/medicina.udd.cl\/centro-estudios-clinicos\/files\/2025\/05\/nido_covid_diapo-300x167.png 300w, https:\/\/medicina.udd.cl\/centro-estudios-clinicos\/files\/2025\/05\/nido_covid_diapo-768x426.png 768w\" sizes=\"auto, (max-width: 879px) 100vw, 879px\" \/><\/figure>\n\n\n\n<p><strong>VER ENLACES DE LAS PUBLICACIONES<\/strong><\/p>\n\n\n\n<ul class=\"wp-block-list\">\n<li><a href=\"https:\/\/www.jns-journal.com\/article\/S0022-510X(23)02008-7\/fulltext\"><strong>Increasedriskoflong-termpost-COVIDneurologicsymptomsinwomen. Journal Of The Neurological Sciences, 455, 122547.<\/strong><\/a><\/li>\n\n\n\n<li><a href=\"https:\/\/www.frontiersin.org\/journals\/medicine\/articles\/10.3389\/fmed.2024.1376030\/full\"><strong>Post-COVID-19condition:asex-basedanalysisofclinicalandlaboratory trends.<\/strong>Frontiers In Medicine, 11.<\/a><\/li>\n<\/ul>\n","protected":false},"excerpt":{"rendered":"<p>STRONGER M\u00e1s informaci\u00f3n en: https:\/\/strongerstudy.georgeinstitute.org\/chile\/&nbsp; &nbsp; &nbsp; &nbsp;Contacto:&nbsp;stronger@udd.cl NIDO COVID VER ENLACES DE LAS PUBLICACIONES<\/p>\n","protected":false},"author":9192254,"featured_media":0,"parent":63,"menu_order":0,"comment_status":"closed","ping_status":"closed","template":"","meta":{"footnotes":""},"class_list":["post-153","page","type-page","status-publish","hentry"],"yoast_head":"<!-- This site is optimized with the Yoast SEO plugin v26.9 - https:\/\/yoast.com\/product\/yoast-seo-wordpress\/ -->\n<title>COVID - Centro de Estudios Cl\u00ednicos<\/title>\n<meta name=\"robots\" content=\"index, follow, max-snippet:-1, max-image-preview:large, max-video-preview:-1\" \/>\n<link rel=\"canonical\" href=\"https:\/\/medicina.udd.cl\/centro-estudios-clinicos\/lineas-de-investigacion\/neurologia\/covid\/\" \/>\n<meta property=\"og:locale\" content=\"es_ES\" \/>\n<meta property=\"og:type\" content=\"article\" \/>\n<meta property=\"og:title\" content=\"COVID - Centro de Estudios Cl\u00ednicos\" \/>\n<meta property=\"og:description\" content=\"STRONGER M\u00e1s informaci\u00f3n en: https:\/\/strongerstudy.georgeinstitute.org\/chile\/&nbsp; &nbsp; &nbsp; &nbsp;Contacto:&nbsp;stronger@udd.cl NIDO COVID VER ENLACES DE LAS PUBLICACIONES\" \/>\n<meta property=\"og:url\" content=\"https:\/\/medicina.udd.cl\/centro-estudios-clinicos\/lineas-de-investigacion\/neurologia\/covid\/\" \/>\n<meta property=\"og:site_name\" content=\"Centro de Estudios Cl\u00ednicos\" \/>\n<meta property=\"article:modified_time\" content=\"2025-06-04T21:08:44+00:00\" \/>\n<meta property=\"og:image\" content=\"https:\/\/medicina.udd.cl\/centro-estudios-clinicos\/files\/2025\/05\/stronger_diapo.png\" \/>\n<meta name=\"twitter:card\" content=\"summary_large_image\" \/>\n<meta name=\"twitter:label1\" content=\"Tiempo de lectura\" \/>\n\t<meta name=\"twitter:data1\" content=\"1 minuto\" \/>\n<script type=\"application\/ld+json\" class=\"yoast-schema-graph\">{\"@context\":\"https:\/\/schema.org\",\"@graph\":[{\"@type\":\"WebPage\",\"@id\":\"https:\/\/medicina.udd.cl\/centro-estudios-clinicos\/lineas-de-investigacion\/neurologia\/covid\/\",\"url\":\"https:\/\/medicina.udd.cl\/centro-estudios-clinicos\/lineas-de-investigacion\/neurologia\/covid\/\",\"name\":\"COVID - Centro de Estudios Cl\u00ednicos\",\"isPartOf\":{\"@id\":\"https:\/\/medicina.udd.cl\/centro-estudios-clinicos\/#website\"},\"primaryImageOfPage\":{\"@id\":\"https:\/\/medicina.udd.cl\/centro-estudios-clinicos\/lineas-de-investigacion\/neurologia\/covid\/#primaryimage\"},\"image\":{\"@id\":\"https:\/\/medicina.udd.cl\/centro-estudios-clinicos\/lineas-de-investigacion\/neurologia\/covid\/#primaryimage\"},\"thumbnailUrl\":\"https:\/\/medicina.udd.cl\/centro-estudios-clinicos\/files\/2025\/05\/stronger_diapo.png\",\"datePublished\":\"2024-03-19T12:26:56+00:00\",\"dateModified\":\"2025-06-04T21:08:44+00:00\",\"breadcrumb\":{\"@id\":\"https:\/\/medicina.udd.cl\/centro-estudios-clinicos\/lineas-de-investigacion\/neurologia\/covid\/#breadcrumb\"},\"inLanguage\":\"es\",\"potentialAction\":[{\"@type\":\"ReadAction\",\"target\":[\"https:\/\/medicina.udd.cl\/centro-estudios-clinicos\/lineas-de-investigacion\/neurologia\/covid\/\"]}]},{\"@type\":\"ImageObject\",\"inLanguage\":\"es\",\"@id\":\"https:\/\/medicina.udd.cl\/centro-estudios-clinicos\/lineas-de-investigacion\/neurologia\/covid\/#primaryimage\",\"url\":\"https:\/\/medicina.udd.cl\/centro-estudios-clinicos\/files\/2025\/05\/stronger_diapo.png\",\"contentUrl\":\"https:\/\/medicina.udd.cl\/centro-estudios-clinicos\/files\/2025\/05\/stronger_diapo.png\",\"width\":854,\"height\":485},{\"@type\":\"BreadcrumbList\",\"@id\":\"https:\/\/medicina.udd.cl\/centro-estudios-clinicos\/lineas-de-investigacion\/neurologia\/covid\/#breadcrumb\",\"itemListElement\":[{\"@type\":\"ListItem\",\"position\":1,\"name\":\"Portada\",\"item\":\"https:\/\/medicina.udd.cl\/centro-estudios-clinicos\/\"},{\"@type\":\"ListItem\",\"position\":2,\"name\":\"L\u00edneas de Investigaci\u00f3n\",\"item\":\"https:\/\/medicina.udd.cl\/centro-estudios-clinicos\/lineas-de-investigacion\/\"},{\"@type\":\"ListItem\",\"position\":3,\"name\":\"Neurolog\u00eda\",\"item\":\"https:\/\/medicina.udd.cl\/centro-estudios-clinicos\/lineas-de-investigacion\/neurologia\/\"},{\"@type\":\"ListItem\",\"position\":4,\"name\":\"COVID\"}]},{\"@type\":\"WebSite\",\"@id\":\"https:\/\/medicina.udd.cl\/centro-estudios-clinicos\/#website\",\"url\":\"https:\/\/medicina.udd.cl\/centro-estudios-clinicos\/\",\"name\":\"Centro de Estudios Cl\u00ednicos\",\"description\":\"Facultad de Medicina Cl\u00ednica Alemana Universidad del Desarrollo\",\"inLanguage\":\"es\"}]}<\/script>\n<!-- \/ Yoast SEO plugin. -->","yoast_head_json":{"title":"COVID - Centro de Estudios Cl\u00ednicos","robots":{"index":"index","follow":"follow","max-snippet":"max-snippet:-1","max-image-preview":"max-image-preview:large","max-video-preview":"max-video-preview:-1"},"canonical":"https:\/\/medicina.udd.cl\/centro-estudios-clinicos\/lineas-de-investigacion\/neurologia\/covid\/","og_locale":"es_ES","og_type":"article","og_title":"COVID - Centro de Estudios Cl\u00ednicos","og_description":"STRONGER M\u00e1s informaci\u00f3n en: https:\/\/strongerstudy.georgeinstitute.org\/chile\/&nbsp; &nbsp; &nbsp; &nbsp;Contacto:&nbsp;stronger@udd.cl NIDO COVID VER ENLACES DE LAS PUBLICACIONES","og_url":"https:\/\/medicina.udd.cl\/centro-estudios-clinicos\/lineas-de-investigacion\/neurologia\/covid\/","og_site_name":"Centro de Estudios Cl\u00ednicos","article_modified_time":"2025-06-04T21:08:44+00:00","og_image":[{"url":"https:\/\/medicina.udd.cl\/centro-estudios-clinicos\/files\/2025\/05\/stronger_diapo.png","type":"","width":"","height":""}],"twitter_card":"summary_large_image","twitter_misc":{"Tiempo de lectura":"1 minuto"},"schema":{"@context":"https:\/\/schema.org","@graph":[{"@type":"WebPage","@id":"https:\/\/medicina.udd.cl\/centro-estudios-clinicos\/lineas-de-investigacion\/neurologia\/covid\/","url":"https:\/\/medicina.udd.cl\/centro-estudios-clinicos\/lineas-de-investigacion\/neurologia\/covid\/","name":"COVID - Centro de Estudios Cl\u00ednicos","isPartOf":{"@id":"https:\/\/medicina.udd.cl\/centro-estudios-clinicos\/#website"},"primaryImageOfPage":{"@id":"https:\/\/medicina.udd.cl\/centro-estudios-clinicos\/lineas-de-investigacion\/neurologia\/covid\/#primaryimage"},"image":{"@id":"https:\/\/medicina.udd.cl\/centro-estudios-clinicos\/lineas-de-investigacion\/neurologia\/covid\/#primaryimage"},"thumbnailUrl":"https:\/\/medicina.udd.cl\/centro-estudios-clinicos\/files\/2025\/05\/stronger_diapo.png","datePublished":"2024-03-19T12:26:56+00:00","dateModified":"2025-06-04T21:08:44+00:00","breadcrumb":{"@id":"https:\/\/medicina.udd.cl\/centro-estudios-clinicos\/lineas-de-investigacion\/neurologia\/covid\/#breadcrumb"},"inLanguage":"es","potentialAction":[{"@type":"ReadAction","target":["https:\/\/medicina.udd.cl\/centro-estudios-clinicos\/lineas-de-investigacion\/neurologia\/covid\/"]}]},{"@type":"ImageObject","inLanguage":"es","@id":"https:\/\/medicina.udd.cl\/centro-estudios-clinicos\/lineas-de-investigacion\/neurologia\/covid\/#primaryimage","url":"https:\/\/medicina.udd.cl\/centro-estudios-clinicos\/files\/2025\/05\/stronger_diapo.png","contentUrl":"https:\/\/medicina.udd.cl\/centro-estudios-clinicos\/files\/2025\/05\/stronger_diapo.png","width":854,"height":485},{"@type":"BreadcrumbList","@id":"https:\/\/medicina.udd.cl\/centro-estudios-clinicos\/lineas-de-investigacion\/neurologia\/covid\/#breadcrumb","itemListElement":[{"@type":"ListItem","position":1,"name":"Portada","item":"https:\/\/medicina.udd.cl\/centro-estudios-clinicos\/"},{"@type":"ListItem","position":2,"name":"L\u00edneas de Investigaci\u00f3n","item":"https:\/\/medicina.udd.cl\/centro-estudios-clinicos\/lineas-de-investigacion\/"},{"@type":"ListItem","position":3,"name":"Neurolog\u00eda","item":"https:\/\/medicina.udd.cl\/centro-estudios-clinicos\/lineas-de-investigacion\/neurologia\/"},{"@type":"ListItem","position":4,"name":"COVID"}]},{"@type":"WebSite","@id":"https:\/\/medicina.udd.cl\/centro-estudios-clinicos\/#website","url":"https:\/\/medicina.udd.cl\/centro-estudios-clinicos\/","name":"Centro de Estudios Cl\u00ednicos","description":"Facultad de Medicina Cl\u00ednica Alemana Universidad del Desarrollo","inLanguage":"es"}]}},"_links":{"self":[{"href":"https:\/\/medicina.udd.cl\/centro-estudios-clinicos\/wp-json\/wp\/v2\/pages\/153","targetHints":{"allow":["GET"]}}],"collection":[{"href":"https:\/\/medicina.udd.cl\/centro-estudios-clinicos\/wp-json\/wp\/v2\/pages"}],"about":[{"href":"https:\/\/medicina.udd.cl\/centro-estudios-clinicos\/wp-json\/wp\/v2\/types\/page"}],"author":[{"embeddable":true,"href":"https:\/\/medicina.udd.cl\/centro-estudios-clinicos\/wp-json\/wp\/v2\/users\/9192254"}],"replies":[{"embeddable":true,"href":"https:\/\/medicina.udd.cl\/centro-estudios-clinicos\/wp-json\/wp\/v2\/comments?post=153"}],"version-history":[{"count":4,"href":"https:\/\/medicina.udd.cl\/centro-estudios-clinicos\/wp-json\/wp\/v2\/pages\/153\/revisions"}],"predecessor-version":[{"id":757,"href":"https:\/\/medicina.udd.cl\/centro-estudios-clinicos\/wp-json\/wp\/v2\/pages\/153\/revisions\/757"}],"up":[{"embeddable":true,"href":"https:\/\/medicina.udd.cl\/centro-estudios-clinicos\/wp-json\/wp\/v2\/pages\/63"}],"wp:attachment":[{"href":"https:\/\/medicina.udd.cl\/centro-estudios-clinicos\/wp-json\/wp\/v2\/media?parent=153"}],"curies":[{"name":"wp","href":"https:\/\/api.w.org\/{rel}","templated":true}]}}