{"id":171,"date":"2024-03-19T09:32:49","date_gmt":"2024-03-19T12:32:49","guid":{"rendered":"https:\/\/medicina.udd.cl\/centro-estudios-clinicos\/?page_id=171"},"modified":"2025-06-04T17:18:14","modified_gmt":"2025-06-04T21:18:14","slug":"vacunas","status":"publish","type":"page","link":"https:\/\/medicina.udd.cl\/centro-estudios-clinicos\/lineas-de-investigacion\/vacunas\/","title":{"rendered":"Vacunas"},"content":{"rendered":"\n<h2 class=\"wp-block-heading\"><strong>CORONAVAC<\/strong><\/h2>\n\n\n\n<figure class=\"wp-block-image size-full\"><img loading=\"lazy\" decoding=\"async\" width=\"862\" height=\"491\" src=\"https:\/\/medicina.udd.cl\/centro-estudios-clinicos\/files\/2025\/06\/coronavac_cec.png\" alt=\"\" class=\"wp-image-717\" srcset=\"https:\/\/medicina.udd.cl\/centro-estudios-clinicos\/files\/2025\/06\/coronavac_cec.png 862w, https:\/\/medicina.udd.cl\/centro-estudios-clinicos\/files\/2025\/06\/coronavac_cec-300x171.png 300w, https:\/\/medicina.udd.cl\/centro-estudios-clinicos\/files\/2025\/06\/coronavac_cec-768x437.png 768w\" sizes=\"auto, (max-width: 862px) 100vw, 862px\" \/><\/figure>\n\n\n\n<p><strong>VER ENLACES<\/strong> <strong>DE LAS PUBLICACIONES<\/strong><\/p>\n\n\n\n<ul class=\"wp-block-list\">\n<li><strong><a href=\"https:\/\/academic.oup.com\/cid\/article\/75\/1\/e792\/6372423#google_vignette\">Safety and Immunogenicity of an Inactivated Severe Acute Respiratory Syndrome Coronavirus 2 Vaccine in a Subgroup of Healthy Adults in Chile. Clin Infect Dis. 2022 Aug 24;75(1):e792-e804<\/a><\/strong><\/li>\n\n\n\n<li><strong><a href=\"https:\/\/www.mdpi.com\/2076-393X\/10\/7\/1082\">SafetyandNon-InferiorityEvaluationofTwoImmunizationScheduleswith anInactivatedSARS-CoV-2Vaccine inAdults:ARandomizedClinicalTrial. Vaccines (Basel). 2022 Jul 6;10(7):1082.<\/a><\/strong><\/li>\n\n\n\n<li><a href=\"https:\/\/www.medrxiv.org\/content\/10.1101\/2021.03.31.21254494v1\"><strong>Interim report: Safety and immunogenicity of an inactivated vaccine against SARS-CoV-2 in healthy chilean adults in a phase 3 clinical trial.<\/strong> <strong>medRxiv [Preprint]. 2021 Apr 1:2021.03.31.21254494.<\/strong><\/a><\/li>\n\n\n\n<li><strong><a href=\"https:\/\/academic.oup.com\/cid\/article\/75\/1\/e792\/6372423\">Update in: Clin Infect Dis. 2022 Aug 24;75(1):e792-e804.<\/a><\/strong><\/li>\n<\/ul>\n\n\n\n<h2 class=\"wp-block-heading\"><strong>PEDCORONAVAC<\/strong><\/h2>\n\n\n\n<figure class=\"wp-block-image size-full\"><a href=\"https:\/\/journals.asm.org\/doi\/10.1128\/mbio.01311-22\"><img loading=\"lazy\" decoding=\"async\" width=\"868\" height=\"484\" src=\"https:\/\/medicina.udd.cl\/centro-estudios-clinicos\/files\/2025\/06\/pedcoronavac_cec.png\" alt=\"\" class=\"wp-image-719\" srcset=\"https:\/\/medicina.udd.cl\/centro-estudios-clinicos\/files\/2025\/06\/pedcoronavac_cec.png 868w, https:\/\/medicina.udd.cl\/centro-estudios-clinicos\/files\/2025\/06\/pedcoronavac_cec-300x167.png 300w, https:\/\/medicina.udd.cl\/centro-estudios-clinicos\/files\/2025\/06\/pedcoronavac_cec-768x428.png 768w\" sizes=\"auto, (max-width: 868px) 100vw, 868px\" \/><\/a><\/figure>\n\n\n\n<p><strong>VER ENLACE DE LA PUBLICACI\u00d3N<\/strong><\/p>\n\n\n\n<ul class=\"wp-block-list\">\n<li><strong><a href=\"https:\/\/journals.asm.org\/doi\/10.1128\/mbio.01311-22\">Inactivated Vaccine-Induced SARS-CoV-2 Variant-Specific Immunity in Children.mBio. 2022 Dec 20;13(6):e0131122.<\/a><\/strong><\/li>\n<\/ul>\n\n\n\n<h2 class=\"wp-block-heading\"><strong>TETRAFLUVAC<\/strong><\/h2>\n\n\n\n<figure class=\"wp-block-image size-full\"><img loading=\"lazy\" decoding=\"async\" width=\"867\" height=\"489\" src=\"https:\/\/medicina.udd.cl\/centro-estudios-clinicos\/files\/2025\/06\/tetrafluvac_cec.png\" alt=\"\" class=\"wp-image-721\" srcset=\"https:\/\/medicina.udd.cl\/centro-estudios-clinicos\/files\/2025\/06\/tetrafluvac_cec.png 867w, https:\/\/medicina.udd.cl\/centro-estudios-clinicos\/files\/2025\/06\/tetrafluvac_cec-300x169.png 300w, https:\/\/medicina.udd.cl\/centro-estudios-clinicos\/files\/2025\/06\/tetrafluvac_cec-768x433.png 768w\" sizes=\"auto, (max-width: 867px) 100vw, 867px\" \/><\/figure>\n\n\n\n<h2 class=\"wp-block-heading\"><strong>CORONAVAR<\/strong><\/h2>\n\n\n\n<figure class=\"wp-block-image size-full\"><a href=\"https:\/\/journals.asm.org\/doi\/10.1128\/mbio.01423-22\"><img loading=\"lazy\" decoding=\"async\" width=\"871\" height=\"494\" src=\"https:\/\/medicina.udd.cl\/centro-estudios-clinicos\/files\/2025\/06\/coronavar_cec.png\" alt=\"\" class=\"wp-image-723\" srcset=\"https:\/\/medicina.udd.cl\/centro-estudios-clinicos\/files\/2025\/06\/coronavar_cec.png 871w, https:\/\/medicina.udd.cl\/centro-estudios-clinicos\/files\/2025\/06\/coronavar_cec-300x170.png 300w, https:\/\/medicina.udd.cl\/centro-estudios-clinicos\/files\/2025\/06\/coronavar_cec-768x436.png 768w\" sizes=\"auto, (max-width: 871px) 100vw, 871px\" \/><\/a><\/figure>\n\n\n\n<p><strong>VER ENLACE DE LA PUBLICACI\u00d3N<\/strong><\/p>\n\n\n\n<ul class=\"wp-block-list\">\n<li><a href=\"https:\/\/journals.asm.org\/doi\/10.1128\/mbio.01423-22\"><strong>A Booster Dose of CoronaVac Increases Neutralizing Antibodies and T Cells that Recognize Delta and Omicron Variants of Concern.<\/strong> <strong>mBio. 2022 Aug 30;13(4):e0142322<\/strong><\/a><\/li>\n<\/ul>\n\n\n\n<h2 class=\"wp-block-heading\"><strong>STRIDE 13<\/strong><\/h2>\n\n\n\n<figure class=\"wp-block-image size-full\"><img loading=\"lazy\" decoding=\"async\" width=\"874\" height=\"487\" src=\"https:\/\/medicina.udd.cl\/centro-estudios-clinicos\/files\/2025\/06\/stride13_cec.png\" alt=\"\" class=\"wp-image-725\" srcset=\"https:\/\/medicina.udd.cl\/centro-estudios-clinicos\/files\/2025\/06\/stride13_cec.png 874w, https:\/\/medicina.udd.cl\/centro-estudios-clinicos\/files\/2025\/06\/stride13_cec-300x167.png 300w, https:\/\/medicina.udd.cl\/centro-estudios-clinicos\/files\/2025\/06\/stride13_cec-768x428.png 768w\" sizes=\"auto, (max-width: 874px) 100vw, 874px\" \/><\/figure>\n\n\n\n<p><strong>&nbsp;&nbsp;&nbsp;&nbsp;&nbsp;<\/strong><\/p>\n","protected":false},"excerpt":{"rendered":"<p>CORONAVAC VER ENLACES DE LAS PUBLICACIONES PEDCORONAVAC VER ENLACE DE LA PUBLICACI\u00d3N TETRAFLUVAC CORONAVAR VER ENLACE DE LA PUBLICACI\u00d3N STRIDE 13 &nbsp;&nbsp;&nbsp;&nbsp;&nbsp;<\/p>\n","protected":false},"author":9192254,"featured_media":0,"parent":534,"menu_order":0,"comment_status":"closed","ping_status":"closed","template":"","meta":{"footnotes":""},"class_list":["post-171","page","type-page","status-publish","hentry"],"yoast_head":"<!-- This site is optimized with the Yoast SEO plugin v26.9 - https:\/\/yoast.com\/product\/yoast-seo-wordpress\/ -->\n<title>Vacunas - Centro de Estudios Cl\u00ednicos<\/title>\n<meta name=\"robots\" content=\"index, follow, max-snippet:-1, max-image-preview:large, max-video-preview:-1\" \/>\n<link rel=\"canonical\" href=\"https:\/\/medicina.udd.cl\/centro-estudios-clinicos\/lineas-de-investigacion\/vacunas\/\" \/>\n<meta property=\"og:locale\" content=\"es_ES\" \/>\n<meta property=\"og:type\" content=\"article\" \/>\n<meta property=\"og:title\" content=\"Vacunas - Centro de Estudios Cl\u00ednicos\" \/>\n<meta property=\"og:description\" content=\"CORONAVAC VER ENLACES DE LAS PUBLICACIONES PEDCORONAVAC VER ENLACE DE LA PUBLICACI\u00d3N TETRAFLUVAC CORONAVAR VER ENLACE DE LA PUBLICACI\u00d3N STRIDE 13 &nbsp;&nbsp;&nbsp;&nbsp;&nbsp;\" \/>\n<meta property=\"og:url\" content=\"https:\/\/medicina.udd.cl\/centro-estudios-clinicos\/lineas-de-investigacion\/vacunas\/\" \/>\n<meta property=\"og:site_name\" content=\"Centro de Estudios Cl\u00ednicos\" \/>\n<meta property=\"article:modified_time\" content=\"2025-06-04T21:18:14+00:00\" \/>\n<meta property=\"og:image\" content=\"https:\/\/medicina.udd.cl\/centro-estudios-clinicos\/files\/2025\/06\/coronavac_cec.png\" \/>\n<meta name=\"twitter:card\" content=\"summary_large_image\" \/>\n<meta name=\"twitter:label1\" content=\"Tiempo de lectura\" \/>\n\t<meta name=\"twitter:data1\" content=\"2 minutos\" \/>\n<script type=\"application\/ld+json\" class=\"yoast-schema-graph\">{\"@context\":\"https:\/\/schema.org\",\"@graph\":[{\"@type\":\"WebPage\",\"@id\":\"https:\/\/medicina.udd.cl\/centro-estudios-clinicos\/lineas-de-investigacion\/vacunas\/\",\"url\":\"https:\/\/medicina.udd.cl\/centro-estudios-clinicos\/lineas-de-investigacion\/vacunas\/\",\"name\":\"Vacunas - Centro de Estudios Cl\u00ednicos\",\"isPartOf\":{\"@id\":\"https:\/\/medicina.udd.cl\/centro-estudios-clinicos\/#website\"},\"primaryImageOfPage\":{\"@id\":\"https:\/\/medicina.udd.cl\/centro-estudios-clinicos\/lineas-de-investigacion\/vacunas\/#primaryimage\"},\"image\":{\"@id\":\"https:\/\/medicina.udd.cl\/centro-estudios-clinicos\/lineas-de-investigacion\/vacunas\/#primaryimage\"},\"thumbnailUrl\":\"https:\/\/medicina.udd.cl\/centro-estudios-clinicos\/files\/2025\/06\/coronavac_cec.png\",\"datePublished\":\"2024-03-19T12:32:49+00:00\",\"dateModified\":\"2025-06-04T21:18:14+00:00\",\"breadcrumb\":{\"@id\":\"https:\/\/medicina.udd.cl\/centro-estudios-clinicos\/lineas-de-investigacion\/vacunas\/#breadcrumb\"},\"inLanguage\":\"es\",\"potentialAction\":[{\"@type\":\"ReadAction\",\"target\":[\"https:\/\/medicina.udd.cl\/centro-estudios-clinicos\/lineas-de-investigacion\/vacunas\/\"]}]},{\"@type\":\"ImageObject\",\"inLanguage\":\"es\",\"@id\":\"https:\/\/medicina.udd.cl\/centro-estudios-clinicos\/lineas-de-investigacion\/vacunas\/#primaryimage\",\"url\":\"https:\/\/medicina.udd.cl\/centro-estudios-clinicos\/files\/2025\/06\/coronavac_cec.png\",\"contentUrl\":\"https:\/\/medicina.udd.cl\/centro-estudios-clinicos\/files\/2025\/06\/coronavac_cec.png\",\"width\":862,\"height\":491},{\"@type\":\"BreadcrumbList\",\"@id\":\"https:\/\/medicina.udd.cl\/centro-estudios-clinicos\/lineas-de-investigacion\/vacunas\/#breadcrumb\",\"itemListElement\":[{\"@type\":\"ListItem\",\"position\":1,\"name\":\"Portada\",\"item\":\"https:\/\/medicina.udd.cl\/centro-estudios-clinicos\/\"},{\"@type\":\"ListItem\",\"position\":2,\"name\":\"L\u00edneas de Investigaci\u00f3n\",\"item\":\"https:\/\/medicina.udd.cl\/centro-estudios-clinicos\/lineas-de-investigacion\/\"},{\"@type\":\"ListItem\",\"position\":3,\"name\":\"Vacunas\"}]},{\"@type\":\"WebSite\",\"@id\":\"https:\/\/medicina.udd.cl\/centro-estudios-clinicos\/#website\",\"url\":\"https:\/\/medicina.udd.cl\/centro-estudios-clinicos\/\",\"name\":\"Centro de Estudios Cl\u00ednicos\",\"description\":\"Facultad de Medicina Cl\u00ednica Alemana Universidad del Desarrollo\",\"inLanguage\":\"es\"}]}<\/script>\n<!-- \/ Yoast SEO plugin. -->","yoast_head_json":{"title":"Vacunas - Centro de Estudios Cl\u00ednicos","robots":{"index":"index","follow":"follow","max-snippet":"max-snippet:-1","max-image-preview":"max-image-preview:large","max-video-preview":"max-video-preview:-1"},"canonical":"https:\/\/medicina.udd.cl\/centro-estudios-clinicos\/lineas-de-investigacion\/vacunas\/","og_locale":"es_ES","og_type":"article","og_title":"Vacunas - Centro de Estudios Cl\u00ednicos","og_description":"CORONAVAC VER ENLACES DE LAS PUBLICACIONES PEDCORONAVAC VER ENLACE DE LA PUBLICACI\u00d3N TETRAFLUVAC CORONAVAR VER ENLACE DE LA PUBLICACI\u00d3N STRIDE 13 &nbsp;&nbsp;&nbsp;&nbsp;&nbsp;","og_url":"https:\/\/medicina.udd.cl\/centro-estudios-clinicos\/lineas-de-investigacion\/vacunas\/","og_site_name":"Centro de Estudios Cl\u00ednicos","article_modified_time":"2025-06-04T21:18:14+00:00","og_image":[{"url":"https:\/\/medicina.udd.cl\/centro-estudios-clinicos\/files\/2025\/06\/coronavac_cec.png","type":"","width":"","height":""}],"twitter_card":"summary_large_image","twitter_misc":{"Tiempo de lectura":"2 minutos"},"schema":{"@context":"https:\/\/schema.org","@graph":[{"@type":"WebPage","@id":"https:\/\/medicina.udd.cl\/centro-estudios-clinicos\/lineas-de-investigacion\/vacunas\/","url":"https:\/\/medicina.udd.cl\/centro-estudios-clinicos\/lineas-de-investigacion\/vacunas\/","name":"Vacunas - Centro de Estudios Cl\u00ednicos","isPartOf":{"@id":"https:\/\/medicina.udd.cl\/centro-estudios-clinicos\/#website"},"primaryImageOfPage":{"@id":"https:\/\/medicina.udd.cl\/centro-estudios-clinicos\/lineas-de-investigacion\/vacunas\/#primaryimage"},"image":{"@id":"https:\/\/medicina.udd.cl\/centro-estudios-clinicos\/lineas-de-investigacion\/vacunas\/#primaryimage"},"thumbnailUrl":"https:\/\/medicina.udd.cl\/centro-estudios-clinicos\/files\/2025\/06\/coronavac_cec.png","datePublished":"2024-03-19T12:32:49+00:00","dateModified":"2025-06-04T21:18:14+00:00","breadcrumb":{"@id":"https:\/\/medicina.udd.cl\/centro-estudios-clinicos\/lineas-de-investigacion\/vacunas\/#breadcrumb"},"inLanguage":"es","potentialAction":[{"@type":"ReadAction","target":["https:\/\/medicina.udd.cl\/centro-estudios-clinicos\/lineas-de-investigacion\/vacunas\/"]}]},{"@type":"ImageObject","inLanguage":"es","@id":"https:\/\/medicina.udd.cl\/centro-estudios-clinicos\/lineas-de-investigacion\/vacunas\/#primaryimage","url":"https:\/\/medicina.udd.cl\/centro-estudios-clinicos\/files\/2025\/06\/coronavac_cec.png","contentUrl":"https:\/\/medicina.udd.cl\/centro-estudios-clinicos\/files\/2025\/06\/coronavac_cec.png","width":862,"height":491},{"@type":"BreadcrumbList","@id":"https:\/\/medicina.udd.cl\/centro-estudios-clinicos\/lineas-de-investigacion\/vacunas\/#breadcrumb","itemListElement":[{"@type":"ListItem","position":1,"name":"Portada","item":"https:\/\/medicina.udd.cl\/centro-estudios-clinicos\/"},{"@type":"ListItem","position":2,"name":"L\u00edneas de Investigaci\u00f3n","item":"https:\/\/medicina.udd.cl\/centro-estudios-clinicos\/lineas-de-investigacion\/"},{"@type":"ListItem","position":3,"name":"Vacunas"}]},{"@type":"WebSite","@id":"https:\/\/medicina.udd.cl\/centro-estudios-clinicos\/#website","url":"https:\/\/medicina.udd.cl\/centro-estudios-clinicos\/","name":"Centro de Estudios Cl\u00ednicos","description":"Facultad de Medicina Cl\u00ednica Alemana Universidad del Desarrollo","inLanguage":"es"}]}},"_links":{"self":[{"href":"https:\/\/medicina.udd.cl\/centro-estudios-clinicos\/wp-json\/wp\/v2\/pages\/171","targetHints":{"allow":["GET"]}}],"collection":[{"href":"https:\/\/medicina.udd.cl\/centro-estudios-clinicos\/wp-json\/wp\/v2\/pages"}],"about":[{"href":"https:\/\/medicina.udd.cl\/centro-estudios-clinicos\/wp-json\/wp\/v2\/types\/page"}],"author":[{"embeddable":true,"href":"https:\/\/medicina.udd.cl\/centro-estudios-clinicos\/wp-json\/wp\/v2\/users\/9192254"}],"replies":[{"embeddable":true,"href":"https:\/\/medicina.udd.cl\/centro-estudios-clinicos\/wp-json\/wp\/v2\/comments?post=171"}],"version-history":[{"count":7,"href":"https:\/\/medicina.udd.cl\/centro-estudios-clinicos\/wp-json\/wp\/v2\/pages\/171\/revisions"}],"predecessor-version":[{"id":761,"href":"https:\/\/medicina.udd.cl\/centro-estudios-clinicos\/wp-json\/wp\/v2\/pages\/171\/revisions\/761"}],"up":[{"embeddable":true,"href":"https:\/\/medicina.udd.cl\/centro-estudios-clinicos\/wp-json\/wp\/v2\/pages\/534"}],"wp:attachment":[{"href":"https:\/\/medicina.udd.cl\/centro-estudios-clinicos\/wp-json\/wp\/v2\/media?parent=171"}],"curies":[{"name":"wp","href":"https:\/\/api.w.org\/{rel}","templated":true}]}}